{"id":3834,"date":"2024-03-22T15:26:17","date_gmt":"2024-03-22T18:26:17","guid":{"rendered":"https:\/\/www.demusculos.com\/web\/?post_type=product&#038;p=3834"},"modified":"2026-04-30T00:10:46","modified_gmt":"2026-04-30T03:10:46","slug":"mutant-mass-5kg-creatina-300-grs-star-nutrition","status":"publish","type":"product","link":"https:\/\/www.demusculos.com\/web\/producto\/mutant-mass-5kg-creatina-300-grs-star-nutrition\/","title":{"rendered":"Mutant Mass 5 kg + Creatina 300 grs Star Nutrition"},"content":{"rendered":"<h2>Combo masa muscular: Ganador de peso Mutant Mass 5 kg y Creatina 300 grs de Star Nutrition.<\/h2>\n<p>Ganador de masa muscular a base de prote\u00edna de suero l\u00e1cteo (Whey Protein), amino\u00e1cidos y carbohidratos + creatina monohidrato 100% micronizada de 300 grs.<\/p>\n<figure id=\"attachment_246\" aria-describedby=\"caption-attachment-246\" style=\"width: 446px\" class=\"wp-caption alignnone\"><img decoding=\"async\" class=\"wp-image-246 size-full\" src=\"https:\/\/www.demusculos.com\/web\/wp-content\/uploads\/2024\/02\/logo-star-nutrition.png\" alt=\"Productos natuales Star Nutrition: Combo Masa Muscular\" width=\"446\" height=\"103\" srcset=\"https:\/\/www.demusculos.com\/web\/wp-content\/uploads\/2024\/02\/logo-star-nutrition.png 446w, https:\/\/www.demusculos.com\/web\/wp-content\/uploads\/2024\/02\/logo-star-nutrition-300x69.png 300w, https:\/\/www.demusculos.com\/web\/wp-content\/uploads\/2024\/02\/logo-star-nutrition-150x35.png 150w, https:\/\/www.demusculos.com\/web\/wp-content\/uploads\/2024\/02\/logo-star-nutrition-416x96.png 416w\" sizes=\"(max-width: 446px) 100vw, 446px\" \/><figcaption id=\"caption-attachment-246\" class=\"wp-caption-text\">Todos los productos de Star Nutrition. Laboratorio Nutriciencia.<\/figcaption><\/figure>\n<h2>\u00bfPara qui\u00e9n es ideal este combo?<\/h2>\n<p>Para hombres y mujeres que buscan mejorar su masa muscular.<br class=\"yoast-text-mark\" \/>lass=\u00bbyoast-text-mark\u00bb \/&gt;&gt;Para los que quieren mejorar el rendimiento y prevenir la fatiga muscular.<\/p>\n<h2>\u00bfC\u00f3mo se toman?<\/h2>\n<p>Tom\u00e1 una medida de creatina (cucharita de t\u00e9 colmada) antes del entrenamiento.<\/p>\n<p>Despu\u00e9s de entrenar, consum\u00ed una medida de Mutant Mass.<\/p>\n<h2>\u00bfCon que se preparan los productos?<\/h2>\n<p>Preparar la creatina en agua o jugo.<br \/>\nPreparar el Mutant Mass en agua o leche de tipo descremada.<\/p>\n<p><strong>Marca de ambos suplementos<\/strong>: Star Nutrition<br \/>\n<strong>Origen de ambos suplementos<\/strong>: Argentina<br \/>\n<strong>Nombre de los productos<\/strong>: Mutant Mass + Creatine Monohidrate<br \/>\n<strong>Tama\u00f1os de los suplementos<\/strong>: 5 kg + 300 grs<br \/>\n<strong>Sabores de los suplementos<\/strong>: Mutant Mass se presenta en varios sabores (Chocolate, Vainilla, Frutilla, Banana). La creatina no tiene sabor.<\/p>\n<h2>\u00bfGanar\u00e9 m\u00e1s masa muscular?<\/h2>\n<p>A mayor recuperaci\u00f3n habr\u00e1 m\u00e1s desarrollo muscular.<\/p>\n<p>Tienes que acompa\u00f1ar el combo con ejercicio y descanso.<\/p>\n<p>Descansar es una parte muy importante para lograr m\u00e1s r\u00e1pido tus objetivos.<\/p>\n<p>El descanso hace que nuestra fibra muscular se restaure m\u00e1s r\u00e1pidamente.<\/p>\n<h2>\u00bfQu\u00e9 tipo de dieta debo realizar?<\/h2>\n<p>Existen muchas dietas para aumentar el tama\u00f1o de tus m\u00fasculos.<\/p>\n<p>Nosotros te recomendamos que acompa\u00f1es el ganador Mutant Mass y la creatina con comidas ricas en prote\u00ednas<\/p>\n<ul>\n<li>Pollo<\/li>\n<li>Carnes Rojas<\/li>\n<li>Cerdo<\/li>\n<li>Huevos<\/li>\n<\/ul>\n<p>El aporte de prote\u00edna ayuda a mejorar el tama\u00f1o muscular.<\/p>\n<h2>\u00bfQu\u00e9 tipo de ejercicio debo realizar para ganar masa muscular?<\/h2>\n<p><strong>Tendr\u00e1s que pedir consejos en el gimnasio.<\/strong><\/p>\n<p>Solicita una rutina de desarrollo muscular.<\/p>\n<p>Realiza levantamiento de pesas. Toma descansos entre ejercicio y ejercicio para evita lesiones.<\/p>\n","protected":false},"excerpt":{"rendered":"<p>Ganancia muscular garantizada con Mutant Mass 5 kg y Creatina de Monohidrato Star Nutrition. Ideal para los que quieren recuperaci\u00f3n, rendimienot y mejora muscular.<\/p>\n","protected":false},"featured_media":15506,"comment_status":"closed","ping_status":"closed","template":"","meta":[],"product_brand":[],"product_cat":[71],"product_tag":[],"class_list":{"0":"post-3834","1":"product","2":"type-product","3":"status-publish","4":"has-post-thumbnail","6":"product_cat-combos-masa-muscular","8":"first","9":"instock","10":"sale","11":"shipping-taxable","12":"purchasable","13":"product-type-variable"},"yoast_head":"<!-- This site is optimized with the Yoast SEO plugin v27.5 - https:\/\/yoast.com\/product\/yoast-seo-wordpress\/ -->\n<title>Masa Muscular | Combos | Mutant Mass 5 kg + Creatina 300 grs<\/title>\n<meta name=\"description\" content=\"Combo ideal para aumentar masa muscular. El combo incluye ganador de masa muscular a base de prote\u00edna + creatina de monohidrato 300 grs Star Nutrition.\" \/>\n<meta name=\"robots\" content=\"index, follow, max-snippet:-1, max-image-preview:large, max-video-preview:-1\" \/>\n<link rel=\"canonical\" href=\"https:\/\/www.demusculos.com\/web\/producto\/mutant-mass-5kg-creatina-300-grs-star-nutrition\/\" \/>\n<meta property=\"og:locale\" content=\"es_ES\" \/>\n<meta property=\"og:type\" content=\"article\" \/>\n<meta property=\"og:title\" content=\"Masa Muscular | Combos | Mutant Mass 5 kg + Creatina 300 grs\" \/>\n<meta property=\"og:description\" content=\"Combo ideal para aumentar masa muscular. El combo incluye ganador de masa muscular a base de prote\u00edna + creatina de monohidrato 300 grs Star Nutrition.\" \/>\n<meta property=\"og:url\" content=\"https:\/\/www.demusculos.com\/web\/producto\/mutant-mass-5kg-creatina-300-grs-star-nutrition\/\" \/>\n<meta property=\"og:site_name\" content=\"DeMusculos\" \/>\n<meta property=\"article:publisher\" content=\"https:\/\/www.facebook.com\/demusculos\" \/>\n<meta property=\"article:modified_time\" content=\"2026-04-30T03:10:46+00:00\" \/>\n<meta property=\"og:image\" content=\"https:\/\/www.demusculos.com\/web\/wp-content\/uploads\/2024\/03\/mutant-mass-creatina-300-doypack.webp\" \/>\n\t<meta property=\"og:image:width\" content=\"1200\" \/>\n\t<meta property=\"og:image:height\" content=\"1200\" \/>\n\t<meta property=\"og:image:type\" content=\"image\/webp\" \/>\n<meta name=\"twitter:card\" content=\"summary_large_image\" \/>\n<meta name=\"twitter:site\" content=\"@demusculos\" \/>\n<meta name=\"twitter:label1\" content=\"Tiempo de lectura\" \/>\n\t<meta name=\"twitter:data1\" content=\"2 minutos\" \/>\n<script type=\"application\/ld+json\" class=\"yoast-schema-graph\">{\"@context\":\"https:\\\/\\\/schema.org\",\"@graph\":[{\"@type\":\"WebPage\",\"@id\":\"https:\\\/\\\/www.demusculos.com\\\/web\\\/producto\\\/mutant-mass-5kg-creatina-300-grs-star-nutrition\\\/\",\"url\":\"https:\\\/\\\/www.demusculos.com\\\/web\\\/producto\\\/mutant-mass-5kg-creatina-300-grs-star-nutrition\\\/\",\"name\":\"Masa Muscular | Combos | Mutant Mass 5 kg + Creatina 300 grs\",\"isPartOf\":{\"@id\":\"https:\\\/\\\/www.demusculos.com\\\/web\\\/#website\"},\"primaryImageOfPage\":{\"@id\":\"https:\\\/\\\/www.demusculos.com\\\/web\\\/producto\\\/mutant-mass-5kg-creatina-300-grs-star-nutrition\\\/#primaryimage\"},\"image\":{\"@id\":\"https:\\\/\\\/www.demusculos.com\\\/web\\\/producto\\\/mutant-mass-5kg-creatina-300-grs-star-nutrition\\\/#primaryimage\"},\"thumbnailUrl\":\"https:\\\/\\\/www.demusculos.com\\\/web\\\/wp-content\\\/uploads\\\/2024\\\/03\\\/mutant-mass-creatina-300-doypack.webp\",\"datePublished\":\"2024-03-22T18:26:17+00:00\",\"dateModified\":\"2026-04-30T03:10:46+00:00\",\"description\":\"Combo ideal para aumentar masa muscular. El combo incluye ganador de masa muscular a base de prote\u00edna + creatina de monohidrato 300 grs Star Nutrition.\",\"breadcrumb\":{\"@id\":\"https:\\\/\\\/www.demusculos.com\\\/web\\\/producto\\\/mutant-mass-5kg-creatina-300-grs-star-nutrition\\\/#breadcrumb\"},\"inLanguage\":\"es\",\"potentialAction\":[{\"@type\":\"ReadAction\",\"target\":[\"https:\\\/\\\/www.demusculos.com\\\/web\\\/producto\\\/mutant-mass-5kg-creatina-300-grs-star-nutrition\\\/\"]}]},{\"@type\":\"ImageObject\",\"inLanguage\":\"es\",\"@id\":\"https:\\\/\\\/www.demusculos.com\\\/web\\\/producto\\\/mutant-mass-5kg-creatina-300-grs-star-nutrition\\\/#primaryimage\",\"url\":\"https:\\\/\\\/www.demusculos.com\\\/web\\\/wp-content\\\/uploads\\\/2024\\\/03\\\/mutant-mass-creatina-300-doypack.webp\",\"contentUrl\":\"https:\\\/\\\/www.demusculos.com\\\/web\\\/wp-content\\\/uploads\\\/2024\\\/03\\\/mutant-mass-creatina-300-doypack.webp\",\"width\":1200,\"height\":1200,\"caption\":\"Creatina 300 grs de Star Nutrition + Mutant Mass 5 kg\"},{\"@type\":\"BreadcrumbList\",\"@id\":\"https:\\\/\\\/www.demusculos.com\\\/web\\\/producto\\\/mutant-mass-5kg-creatina-300-grs-star-nutrition\\\/#breadcrumb\",\"itemListElement\":[{\"@type\":\"ListItem\",\"position\":1,\"name\":\"Inicio\",\"item\":\"https:\\\/\\\/www.demusculos.com\\\/web\\\/\"},{\"@type\":\"ListItem\",\"position\":2,\"name\":\"Suplementos\",\"item\":\"https:\\\/\\\/www.demusculos.com\\\/web\\\/tienda\\\/\"},{\"@type\":\"ListItem\",\"position\":3,\"name\":\"Mutant Mass 5 kg + Creatina 300 grs Star Nutrition\"}]},{\"@type\":\"WebSite\",\"@id\":\"https:\\\/\\\/www.demusculos.com\\\/web\\\/#website\",\"url\":\"https:\\\/\\\/www.demusculos.com\\\/web\\\/\",\"name\":\"DeMusculos.com\",\"description\":\"Suplementos Naturales\",\"publisher\":{\"@id\":\"https:\\\/\\\/www.demusculos.com\\\/web\\\/#organization\"},\"alternateName\":\"Suplementos Naturales\",\"potentialAction\":[{\"@type\":\"SearchAction\",\"target\":{\"@type\":\"EntryPoint\",\"urlTemplate\":\"https:\\\/\\\/www.demusculos.com\\\/web\\\/?s={search_term_string}\"},\"query-input\":{\"@type\":\"PropertyValueSpecification\",\"valueRequired\":true,\"valueName\":\"search_term_string\"}}],\"inLanguage\":\"es\"},{\"@type\":\"Organization\",\"@id\":\"https:\\\/\\\/www.demusculos.com\\\/web\\\/#organization\",\"name\":\"DeMusculos.com\",\"alternateName\":\"DeMusculos\",\"url\":\"https:\\\/\\\/www.demusculos.com\\\/web\\\/\",\"logo\":{\"@type\":\"ImageObject\",\"inLanguage\":\"es\",\"@id\":\"https:\\\/\\\/www.demusculos.com\\\/web\\\/#\\\/schema\\\/logo\\\/image\\\/\",\"url\":\"https:\\\/\\\/www.demusculos.com\\\/web\\\/wp-content\\\/uploads\\\/2024\\\/02\\\/logo-demusculos-prestashop-usuario.png\",\"contentUrl\":\"https:\\\/\\\/www.demusculos.com\\\/web\\\/wp-content\\\/uploads\\\/2024\\\/02\\\/logo-demusculos-prestashop-usuario.png\",\"width\":150,\"height\":150,\"caption\":\"DeMusculos.com\"},\"image\":{\"@id\":\"https:\\\/\\\/www.demusculos.com\\\/web\\\/#\\\/schema\\\/logo\\\/image\\\/\"},\"sameAs\":[\"https:\\\/\\\/www.facebook.com\\\/demusculos\",\"https:\\\/\\\/x.com\\\/demusculos\",\"https:\\\/\\\/www.instagram.com\\\/demusculos\",\"https:\\\/\\\/www.tiktok.com\\\/@demusculos.com\"]}]}<\/script>\n<!-- \/ Yoast SEO plugin. -->","yoast_head_json":{"title":"Masa Muscular | Combos | Mutant Mass 5 kg + Creatina 300 grs","description":"Combo ideal para aumentar masa muscular. El combo incluye ganador de masa muscular a base de prote\u00edna + creatina de monohidrato 300 grs Star Nutrition.","robots":{"index":"index","follow":"follow","max-snippet":"max-snippet:-1","max-image-preview":"max-image-preview:large","max-video-preview":"max-video-preview:-1"},"canonical":"https:\/\/www.demusculos.com\/web\/producto\/mutant-mass-5kg-creatina-300-grs-star-nutrition\/","og_locale":"es_ES","og_type":"article","og_title":"Masa Muscular | Combos | Mutant Mass 5 kg + Creatina 300 grs","og_description":"Combo ideal para aumentar masa muscular. El combo incluye ganador de masa muscular a base de prote\u00edna + creatina de monohidrato 300 grs Star Nutrition.","og_url":"https:\/\/www.demusculos.com\/web\/producto\/mutant-mass-5kg-creatina-300-grs-star-nutrition\/","og_site_name":"DeMusculos","article_publisher":"https:\/\/www.facebook.com\/demusculos","article_modified_time":"2026-04-30T03:10:46+00:00","og_image":[{"width":1200,"height":1200,"url":"https:\/\/www.demusculos.com\/web\/wp-content\/uploads\/2024\/03\/mutant-mass-creatina-300-doypack.webp","type":"image\/webp"}],"twitter_card":"summary_large_image","twitter_site":"@demusculos","twitter_misc":{"Tiempo de lectura":"2 minutos"},"schema":{"@context":"https:\/\/schema.org","@graph":[{"@type":"WebPage","@id":"https:\/\/www.demusculos.com\/web\/producto\/mutant-mass-5kg-creatina-300-grs-star-nutrition\/","url":"https:\/\/www.demusculos.com\/web\/producto\/mutant-mass-5kg-creatina-300-grs-star-nutrition\/","name":"Masa Muscular | Combos | Mutant Mass 5 kg + Creatina 300 grs","isPartOf":{"@id":"https:\/\/www.demusculos.com\/web\/#website"},"primaryImageOfPage":{"@id":"https:\/\/www.demusculos.com\/web\/producto\/mutant-mass-5kg-creatina-300-grs-star-nutrition\/#primaryimage"},"image":{"@id":"https:\/\/www.demusculos.com\/web\/producto\/mutant-mass-5kg-creatina-300-grs-star-nutrition\/#primaryimage"},"thumbnailUrl":"https:\/\/www.demusculos.com\/web\/wp-content\/uploads\/2024\/03\/mutant-mass-creatina-300-doypack.webp","datePublished":"2024-03-22T18:26:17+00:00","dateModified":"2026-04-30T03:10:46+00:00","description":"Combo ideal para aumentar masa muscular. El combo incluye ganador de masa muscular a base de prote\u00edna + creatina de monohidrato 300 grs Star Nutrition.","breadcrumb":{"@id":"https:\/\/www.demusculos.com\/web\/producto\/mutant-mass-5kg-creatina-300-grs-star-nutrition\/#breadcrumb"},"inLanguage":"es","potentialAction":[{"@type":"ReadAction","target":["https:\/\/www.demusculos.com\/web\/producto\/mutant-mass-5kg-creatina-300-grs-star-nutrition\/"]}]},{"@type":"ImageObject","inLanguage":"es","@id":"https:\/\/www.demusculos.com\/web\/producto\/mutant-mass-5kg-creatina-300-grs-star-nutrition\/#primaryimage","url":"https:\/\/www.demusculos.com\/web\/wp-content\/uploads\/2024\/03\/mutant-mass-creatina-300-doypack.webp","contentUrl":"https:\/\/www.demusculos.com\/web\/wp-content\/uploads\/2024\/03\/mutant-mass-creatina-300-doypack.webp","width":1200,"height":1200,"caption":"Creatina 300 grs de Star Nutrition + Mutant Mass 5 kg"},{"@type":"BreadcrumbList","@id":"https:\/\/www.demusculos.com\/web\/producto\/mutant-mass-5kg-creatina-300-grs-star-nutrition\/#breadcrumb","itemListElement":[{"@type":"ListItem","position":1,"name":"Inicio","item":"https:\/\/www.demusculos.com\/web\/"},{"@type":"ListItem","position":2,"name":"Suplementos","item":"https:\/\/www.demusculos.com\/web\/tienda\/"},{"@type":"ListItem","position":3,"name":"Mutant Mass 5 kg + Creatina 300 grs Star Nutrition"}]},{"@type":"WebSite","@id":"https:\/\/www.demusculos.com\/web\/#website","url":"https:\/\/www.demusculos.com\/web\/","name":"DeMusculos.com","description":"Suplementos Naturales","publisher":{"@id":"https:\/\/www.demusculos.com\/web\/#organization"},"alternateName":"Suplementos Naturales","potentialAction":[{"@type":"SearchAction","target":{"@type":"EntryPoint","urlTemplate":"https:\/\/www.demusculos.com\/web\/?s={search_term_string}"},"query-input":{"@type":"PropertyValueSpecification","valueRequired":true,"valueName":"search_term_string"}}],"inLanguage":"es"},{"@type":"Organization","@id":"https:\/\/www.demusculos.com\/web\/#organization","name":"DeMusculos.com","alternateName":"DeMusculos","url":"https:\/\/www.demusculos.com\/web\/","logo":{"@type":"ImageObject","inLanguage":"es","@id":"https:\/\/www.demusculos.com\/web\/#\/schema\/logo\/image\/","url":"https:\/\/www.demusculos.com\/web\/wp-content\/uploads\/2024\/02\/logo-demusculos-prestashop-usuario.png","contentUrl":"https:\/\/www.demusculos.com\/web\/wp-content\/uploads\/2024\/02\/logo-demusculos-prestashop-usuario.png","width":150,"height":150,"caption":"DeMusculos.com"},"image":{"@id":"https:\/\/www.demusculos.com\/web\/#\/schema\/logo\/image\/"},"sameAs":["https:\/\/www.facebook.com\/demusculos","https:\/\/x.com\/demusculos","https:\/\/www.instagram.com\/demusculos","https:\/\/www.tiktok.com\/@demusculos.com"]}]}},"_links":{"self":[{"href":"https:\/\/www.demusculos.com\/web\/wp-json\/wp\/v2\/product\/3834","targetHints":{"allow":["GET"]}}],"collection":[{"href":"https:\/\/www.demusculos.com\/web\/wp-json\/wp\/v2\/product"}],"about":[{"href":"https:\/\/www.demusculos.com\/web\/wp-json\/wp\/v2\/types\/product"}],"replies":[{"embeddable":true,"href":"https:\/\/www.demusculos.com\/web\/wp-json\/wp\/v2\/comments?post=3834"}],"wp:featuredmedia":[{"embeddable":true,"href":"https:\/\/www.demusculos.com\/web\/wp-json\/wp\/v2\/media\/15506"}],"wp:attachment":[{"href":"https:\/\/www.demusculos.com\/web\/wp-json\/wp\/v2\/media?parent=3834"}],"wp:term":[{"taxonomy":"product_brand","embeddable":true,"href":"https:\/\/www.demusculos.com\/web\/wp-json\/wp\/v2\/product_brand?post=3834"},{"taxonomy":"product_cat","embeddable":true,"href":"https:\/\/www.demusculos.com\/web\/wp-json\/wp\/v2\/product_cat?post=3834"},{"taxonomy":"product_tag","embeddable":true,"href":"https:\/\/www.demusculos.com\/web\/wp-json\/wp\/v2\/product_tag?post=3834"}],"curies":[{"name":"wp","href":"https:\/\/api.w.org\/{rel}","templated":true}]}}