{"id":3892,"date":"2024-03-25T10:18:32","date_gmt":"2024-03-25T13:18:32","guid":{"rendered":"https:\/\/www.demusculos.com\/web\/?post_type=product&#038;p=3892"},"modified":"2026-03-30T10:57:46","modified_gmt":"2026-03-30T13:57:46","slug":"colageno-hidrolizado-210-grs-star-nutrition","status":"publish","type":"product","link":"https:\/\/www.demusculos.com\/web\/producto\/colageno-hidrolizado-210-grs-star-nutrition\/","title":{"rendered":"Col\u00e1geno Hidrolizado 210 grs Star Nutrition"},"content":{"rendered":"<h2>Collagen Star Nutrition 210 grs<\/h2>\n<p>Collagen Star Nutrition es una marca argentina joven que busca ofrecer productos competitivos y para eso incorpora en su proceso de fabricaci\u00f3n materia prima importada de los principales productores mundiales de suplementos. Cumple con altos est\u00e1ndares de calidad con el fin de igualar la excelencia de las marcas l\u00edderes del mercado internacional y brindar productos accesibles.<\/p>\n<p><img decoding=\"async\" class=\"size-full wp-image-246\" style=\"font-weight: 600;\" src=\"https:\/\/www.demusculos.com\/web\/wp-content\/uploads\/2024\/02\/logo-star-nutrition.png\" alt=\"Productos natuales Star Nutrition | Prote\u00ednas | Amino\u00e1cidos | Quemadores | \u00d3xidos N\u00edtricos | Ganadores de peso\" width=\"446\" height=\"103\" srcset=\"https:\/\/www.demusculos.com\/web\/wp-content\/uploads\/2024\/02\/logo-star-nutrition.png 446w, https:\/\/www.demusculos.com\/web\/wp-content\/uploads\/2024\/02\/logo-star-nutrition-300x69.png 300w, https:\/\/www.demusculos.com\/web\/wp-content\/uploads\/2024\/02\/logo-star-nutrition-150x35.png 150w, https:\/\/www.demusculos.com\/web\/wp-content\/uploads\/2024\/02\/logo-star-nutrition-416x96.png 416w\" sizes=\"(max-width: 446px) 100vw, 446px\" \/><\/p>\n<p>Todos los productos de Star Nutrition. Laboratorio Nutriciencia.<\/p>\n<h2>Vitalidad para tu pelo, piel y u\u00f1as<\/h2>\n<p>El col\u00e1geno es un componente esencial para mantener la salud del cabello, las u\u00f1as y las articulaciones, adem\u00e1s de la elasticidad de la piel que se va perdiendo con el paso del tiempo. La funci\u00f3n principal de este suplemento es aportar resistencia al estiramiento de los tejidos y colaborar con la salud de los cart\u00edlagos y huesos.<\/p>\n<p>Es un suplemento dietario de alta calidad que combina una cuidadosa selecci\u00f3n de ingredientes para brindarte m\u00faltiples beneficios para tu piel y bienestar. A base de col\u00e1geno hidrolizado, coenzima Q10, \u00e1cido hialur\u00f3nico, resveratrol y vitamina C.<\/p>\n<p>Adem\u00e1s, Collagen es libre de gluten y sin TACC, lo que lo hace adecuado para personas con intolerancias alimentarias.<\/p>\n<figure id=\"attachment_3921\" aria-describedby=\"caption-attachment-3921\" style=\"width: 1080px\" class=\"wp-caption alignnone\"><img fetchpriority=\"high\" decoding=\"async\" class=\"wp-image-3921 size-full\" title=\"Col\u00e1geno Hidrolizado de Star Nutrition x 210 grs\" src=\"https:\/\/www.demusculos.com\/web\/wp-content\/uploads\/2024\/03\/collagen-star-nutrition-coenzima-q10-resveratrol-vitamiunac-1.jpg\" alt=\"Col\u00e1geno de Star Nutrition\" width=\"1080\" height=\"1080\" srcset=\"https:\/\/www.demusculos.com\/web\/wp-content\/uploads\/2024\/03\/collagen-star-nutrition-coenzima-q10-resveratrol-vitamiunac-1.jpg 1080w, https:\/\/www.demusculos.com\/web\/wp-content\/uploads\/2024\/03\/collagen-star-nutrition-coenzima-q10-resveratrol-vitamiunac-1-300x300.jpg 300w, https:\/\/www.demusculos.com\/web\/wp-content\/uploads\/2024\/03\/collagen-star-nutrition-coenzima-q10-resveratrol-vitamiunac-1-150x150.jpg 150w, https:\/\/www.demusculos.com\/web\/wp-content\/uploads\/2024\/03\/collagen-star-nutrition-coenzima-q10-resveratrol-vitamiunac-1-800x800.jpg 800w, https:\/\/www.demusculos.com\/web\/wp-content\/uploads\/2024\/03\/collagen-star-nutrition-coenzima-q10-resveratrol-vitamiunac-1-1024x1024.jpg 1024w, https:\/\/www.demusculos.com\/web\/wp-content\/uploads\/2024\/03\/collagen-star-nutrition-coenzima-q10-resveratrol-vitamiunac-1-768x768.jpg 768w\" sizes=\"(max-width: 1080px) 100vw, 1080px\" \/><figcaption id=\"caption-attachment-3921\" class=\"wp-caption-text\">Col\u00e1geno de Star Nutrition<\/figcaption><\/figure>\n<p><strong>BENEFICIOS<\/strong><\/p>\n<p>Col\u00e1geno Hidrolizado es f\u00e1cilmente absorbido por tu organismo, favoreciendo la elasticidad y firmeza de tu piel, as\u00ed como la salud de tus articulaciones.<\/p>\n<p>Coenzima Q10 es un poderoso antioxidante que ayuda a combatir los efectos del envejecimiento, protegiendo tu piel de los radicales libres y promoviendo una apariencia juvenil.<\/p>\n<p>\u00c1cido Hialur\u00f3nico es conocido por su capacidad para retener la humedad en la piel, lo que la mantiene hidratada, suave y con una apariencia rejuvenecida.<\/p>\n<p>Resveratrol es otro antioxidante que apoya la salud de tu piel, combatiendo el estr\u00e9s oxidativo y brindando una protecci\u00f3n adicional contra los signos del envejecimiento.<\/p>\n<figure id=\"attachment_3922\" aria-describedby=\"caption-attachment-3922\" style=\"width: 1080px\" class=\"wp-caption alignnone\"><img decoding=\"async\" class=\"wp-image-3922 size-full\" title=\"F\u00f3rmula de Collagen x210 grs Star Nutrition\" src=\"https:\/\/www.demusculos.com\/web\/wp-content\/uploads\/2024\/03\/collagen-star-nutrition-coenzima-q10-resveratrol-vitamiunac-2.jpg\" alt=\"Col\u00e1geno de Star Nutrition - Informaci\u00f3n Nutricional\" width=\"1080\" height=\"1080\" srcset=\"https:\/\/www.demusculos.com\/web\/wp-content\/uploads\/2024\/03\/collagen-star-nutrition-coenzima-q10-resveratrol-vitamiunac-2.jpg 1080w, https:\/\/www.demusculos.com\/web\/wp-content\/uploads\/2024\/03\/collagen-star-nutrition-coenzima-q10-resveratrol-vitamiunac-2-300x300.jpg 300w, https:\/\/www.demusculos.com\/web\/wp-content\/uploads\/2024\/03\/collagen-star-nutrition-coenzima-q10-resveratrol-vitamiunac-2-150x150.jpg 150w, https:\/\/www.demusculos.com\/web\/wp-content\/uploads\/2024\/03\/collagen-star-nutrition-coenzima-q10-resveratrol-vitamiunac-2-800x800.jpg 800w, https:\/\/www.demusculos.com\/web\/wp-content\/uploads\/2024\/03\/collagen-star-nutrition-coenzima-q10-resveratrol-vitamiunac-2-1024x1024.jpg 1024w, https:\/\/www.demusculos.com\/web\/wp-content\/uploads\/2024\/03\/collagen-star-nutrition-coenzima-q10-resveratrol-vitamiunac-2-768x768.jpg 768w\" sizes=\"(max-width: 1080px) 100vw, 1080px\" \/><figcaption id=\"caption-attachment-3922\" class=\"wp-caption-text\">Col\u00e1geno de Star Nutrition &#8211; Informaci\u00f3n Nutricional<\/figcaption><\/figure>\n<p>Vitamina C fortalece el sistema inmunol\u00f3gico y estimula la producci\u00f3n de col\u00e1geno, mejorando la elasticidad de la piel y aportando una apariencia radiante.<\/p>\n<p><strong>Modo de uso<\/strong><br \/>\nDiluir 2 medidas en 300 ml de agua, con el est\u00f3mago vac\u00edo.<\/p>\n<p><strong>Presentaci\u00f3n<\/strong>: 210 gr.<br \/>\n<strong>Servicios por envase<\/strong>: 20<br \/>\n<strong>Sabor<\/strong>: Lim\u00f3n (\u00fanico sabor que se fabrica)<\/p>\n<figure id=\"attachment_3923\" aria-describedby=\"caption-attachment-3923\" style=\"width: 1080px\" class=\"wp-caption alignnone\"><img loading=\"lazy\" decoding=\"async\" class=\"wp-image-3923 size-full\" title=\"Beneficios del col\u00e1geno de Star Nutrition, potenciado con Resveratrol, Coenzima Q10, Vitamina C\" src=\"https:\/\/www.demusculos.com\/web\/wp-content\/uploads\/2024\/03\/collagen-star-nutrition-coenzima-q10-resveratrol-vitamiunac-3.jpg\" alt=\"Col\u00e1geno de Star Nutrition - Beneficios para u\u00f1as, piel, pelo, ojos, articulaciones y huesos. Masa Muscular\" width=\"1080\" height=\"1080\" srcset=\"https:\/\/www.demusculos.com\/web\/wp-content\/uploads\/2024\/03\/collagen-star-nutrition-coenzima-q10-resveratrol-vitamiunac-3.jpg 1080w, https:\/\/www.demusculos.com\/web\/wp-content\/uploads\/2024\/03\/collagen-star-nutrition-coenzima-q10-resveratrol-vitamiunac-3-300x300.jpg 300w, https:\/\/www.demusculos.com\/web\/wp-content\/uploads\/2024\/03\/collagen-star-nutrition-coenzima-q10-resveratrol-vitamiunac-3-150x150.jpg 150w, https:\/\/www.demusculos.com\/web\/wp-content\/uploads\/2024\/03\/collagen-star-nutrition-coenzima-q10-resveratrol-vitamiunac-3-800x800.jpg 800w, https:\/\/www.demusculos.com\/web\/wp-content\/uploads\/2024\/03\/collagen-star-nutrition-coenzima-q10-resveratrol-vitamiunac-3-1024x1024.jpg 1024w, https:\/\/www.demusculos.com\/web\/wp-content\/uploads\/2024\/03\/collagen-star-nutrition-coenzima-q10-resveratrol-vitamiunac-3-768x768.jpg 768w\" sizes=\"(max-width: 1080px) 100vw, 1080px\" \/><figcaption id=\"caption-attachment-3923\" class=\"wp-caption-text\">Col\u00e1geno de Star Nutrition &#8211; Beneficios para u\u00f1as, piel, pelo, ojos, articulaciones y huesos. Masa Muscular.<\/figcaption><\/figure>\n","protected":false},"excerpt":{"rendered":"<p>Col\u00e1geno potenciado con Vitamina C, Acido Hialur\u00f3nico, Coenzima Q10 y Resveratrol. Uno de los m\u00e1s completos del mercado.<\/p>\n","protected":false},"featured_media":3893,"comment_status":"closed","ping_status":"closed","template":"","meta":[],"product_brand":[220],"product_cat":[41],"product_tag":[26],"class_list":{"0":"post-3892","1":"product","2":"type-product","3":"status-publish","4":"has-post-thumbnail","6":"product_brand-star-nutrition","7":"product_cat-colageno","8":"product_tag-star-nutrition","10":"first","11":"instock","12":"sale","13":"shipping-taxable","14":"purchasable","15":"product-type-simple"},"yoast_head":"<!-- This site is optimized with the Yoast SEO plugin v27.3 - https:\/\/yoast.com\/product\/yoast-seo-wordpress\/ -->\n<title>Collagen Star Nutrition | Resveratrol | Q10 | \u00c1cido Hialur\u00f3nico<\/title>\n<meta name=\"description\" content=\"El col\u00e1geno m\u00e1s completo del momento es Collagen de Star Nutrition 20 servicios, con Coenzima Q10, Resveratrol y \u00c1cido Hialur\u00f3nico.\" \/>\n<meta name=\"robots\" content=\"index, follow, max-snippet:-1, max-image-preview:large, max-video-preview:-1\" \/>\n<link rel=\"canonical\" href=\"https:\/\/www.demusculos.com\/web\/producto\/colageno-hidrolizado-210-grs-star-nutrition\/\" \/>\n<meta property=\"og:locale\" content=\"es_ES\" \/>\n<meta property=\"og:type\" content=\"article\" \/>\n<meta property=\"og:title\" content=\"Collagen Star Nutrition | Resveratrol | Q10 | \u00c1cido Hialur\u00f3nico\" \/>\n<meta property=\"og:description\" content=\"El col\u00e1geno m\u00e1s completo del momento es Collagen de Star Nutrition 20 servicios, con Coenzima Q10, Resveratrol y \u00c1cido Hialur\u00f3nico.\" \/>\n<meta property=\"og:url\" content=\"https:\/\/www.demusculos.com\/web\/producto\/colageno-hidrolizado-210-grs-star-nutrition\/\" \/>\n<meta property=\"og:site_name\" content=\"DeMusculos\" \/>\n<meta property=\"article:publisher\" content=\"https:\/\/www.facebook.com\/demusculos\" \/>\n<meta property=\"article:modified_time\" content=\"2026-03-30T13:57:46+00:00\" \/>\n<meta property=\"og:image\" content=\"https:\/\/www.demusculos.com\/web\/wp-content\/uploads\/2024\/03\/colageno-hidrolizado-resveratrol-coenzima-q10-acido-hialuronico.jpg\" \/>\n\t<meta property=\"og:image:width\" content=\"1200\" \/>\n\t<meta property=\"og:image:height\" content=\"1200\" \/>\n\t<meta property=\"og:image:type\" content=\"image\/jpeg\" \/>\n<meta name=\"twitter:card\" content=\"summary_large_image\" \/>\n<meta name=\"twitter:site\" content=\"@demusculos\" \/>\n<meta name=\"twitter:label1\" content=\"Tiempo de lectura\" \/>\n\t<meta name=\"twitter:data1\" content=\"3 minutos\" \/>\n<script type=\"application\/ld+json\" class=\"yoast-schema-graph\">{\"@context\":\"https:\\\/\\\/schema.org\",\"@graph\":[{\"@type\":\"WebPage\",\"@id\":\"https:\\\/\\\/www.demusculos.com\\\/web\\\/producto\\\/colageno-hidrolizado-210-grs-star-nutrition\\\/\",\"url\":\"https:\\\/\\\/www.demusculos.com\\\/web\\\/producto\\\/colageno-hidrolizado-210-grs-star-nutrition\\\/\",\"name\":\"Collagen Star Nutrition | Resveratrol | Q10 | \u00c1cido Hialur\u00f3nico\",\"isPartOf\":{\"@id\":\"https:\\\/\\\/www.demusculos.com\\\/web\\\/#website\"},\"primaryImageOfPage\":{\"@id\":\"https:\\\/\\\/www.demusculos.com\\\/web\\\/producto\\\/colageno-hidrolizado-210-grs-star-nutrition\\\/#primaryimage\"},\"image\":{\"@id\":\"https:\\\/\\\/www.demusculos.com\\\/web\\\/producto\\\/colageno-hidrolizado-210-grs-star-nutrition\\\/#primaryimage\"},\"thumbnailUrl\":\"https:\\\/\\\/www.demusculos.com\\\/web\\\/wp-content\\\/uploads\\\/2024\\\/03\\\/colageno-hidrolizado-resveratrol-coenzima-q10-acido-hialuronico.jpg\",\"datePublished\":\"2024-03-25T13:18:32+00:00\",\"dateModified\":\"2026-03-30T13:57:46+00:00\",\"description\":\"El col\u00e1geno m\u00e1s completo del momento es Collagen de Star Nutrition 20 servicios, con Coenzima Q10, Resveratrol y \u00c1cido Hialur\u00f3nico.\",\"breadcrumb\":{\"@id\":\"https:\\\/\\\/www.demusculos.com\\\/web\\\/producto\\\/colageno-hidrolizado-210-grs-star-nutrition\\\/#breadcrumb\"},\"inLanguage\":\"es\",\"potentialAction\":[{\"@type\":\"ReadAction\",\"target\":[\"https:\\\/\\\/www.demusculos.com\\\/web\\\/producto\\\/colageno-hidrolizado-210-grs-star-nutrition\\\/\"]}]},{\"@type\":\"ImageObject\",\"inLanguage\":\"es\",\"@id\":\"https:\\\/\\\/www.demusculos.com\\\/web\\\/producto\\\/colageno-hidrolizado-210-grs-star-nutrition\\\/#primaryimage\",\"url\":\"https:\\\/\\\/www.demusculos.com\\\/web\\\/wp-content\\\/uploads\\\/2024\\\/03\\\/colageno-hidrolizado-resveratrol-coenzima-q10-acido-hialuronico.jpg\",\"contentUrl\":\"https:\\\/\\\/www.demusculos.com\\\/web\\\/wp-content\\\/uploads\\\/2024\\\/03\\\/colageno-hidrolizado-resveratrol-coenzima-q10-acido-hialuronico.jpg\",\"width\":1200,\"height\":1200,\"caption\":\"Te presentamos el Col\u00e1geno de Star Nutrition potenciado con Resveratrol y Acido Hialuronico\"},{\"@type\":\"BreadcrumbList\",\"@id\":\"https:\\\/\\\/www.demusculos.com\\\/web\\\/producto\\\/colageno-hidrolizado-210-grs-star-nutrition\\\/#breadcrumb\",\"itemListElement\":[{\"@type\":\"ListItem\",\"position\":1,\"name\":\"Inicio\",\"item\":\"https:\\\/\\\/www.demusculos.com\\\/web\\\/\"},{\"@type\":\"ListItem\",\"position\":2,\"name\":\"Suplementos\",\"item\":\"https:\\\/\\\/www.demusculos.com\\\/web\\\/tienda\\\/\"},{\"@type\":\"ListItem\",\"position\":3,\"name\":\"Col\u00e1geno Hidrolizado 210 grs Star Nutrition\"}]},{\"@type\":\"WebSite\",\"@id\":\"https:\\\/\\\/www.demusculos.com\\\/web\\\/#website\",\"url\":\"https:\\\/\\\/www.demusculos.com\\\/web\\\/\",\"name\":\"DeMusculos.com\",\"description\":\"Suplementos Naturales\",\"publisher\":{\"@id\":\"https:\\\/\\\/www.demusculos.com\\\/web\\\/#organization\"},\"alternateName\":\"Suplementos Naturales\",\"potentialAction\":[{\"@type\":\"SearchAction\",\"target\":{\"@type\":\"EntryPoint\",\"urlTemplate\":\"https:\\\/\\\/www.demusculos.com\\\/web\\\/?s={search_term_string}\"},\"query-input\":{\"@type\":\"PropertyValueSpecification\",\"valueRequired\":true,\"valueName\":\"search_term_string\"}}],\"inLanguage\":\"es\"},{\"@type\":\"Organization\",\"@id\":\"https:\\\/\\\/www.demusculos.com\\\/web\\\/#organization\",\"name\":\"DeMusculos.com\",\"alternateName\":\"DeMusculos\",\"url\":\"https:\\\/\\\/www.demusculos.com\\\/web\\\/\",\"logo\":{\"@type\":\"ImageObject\",\"inLanguage\":\"es\",\"@id\":\"https:\\\/\\\/www.demusculos.com\\\/web\\\/#\\\/schema\\\/logo\\\/image\\\/\",\"url\":\"https:\\\/\\\/www.demusculos.com\\\/web\\\/wp-content\\\/uploads\\\/2024\\\/02\\\/logo-demusculos-prestashop-usuario.png\",\"contentUrl\":\"https:\\\/\\\/www.demusculos.com\\\/web\\\/wp-content\\\/uploads\\\/2024\\\/02\\\/logo-demusculos-prestashop-usuario.png\",\"width\":150,\"height\":150,\"caption\":\"DeMusculos.com\"},\"image\":{\"@id\":\"https:\\\/\\\/www.demusculos.com\\\/web\\\/#\\\/schema\\\/logo\\\/image\\\/\"},\"sameAs\":[\"https:\\\/\\\/www.facebook.com\\\/demusculos\",\"https:\\\/\\\/x.com\\\/demusculos\",\"https:\\\/\\\/www.instagram.com\\\/demusculos\",\"https:\\\/\\\/www.tiktok.com\\\/@demusculos.com\"]}]}<\/script>\n<!-- \/ Yoast SEO plugin. -->","yoast_head_json":{"title":"Collagen Star Nutrition | Resveratrol | Q10 | \u00c1cido Hialur\u00f3nico","description":"El col\u00e1geno m\u00e1s completo del momento es Collagen de Star Nutrition 20 servicios, con Coenzima Q10, Resveratrol y \u00c1cido Hialur\u00f3nico.","robots":{"index":"index","follow":"follow","max-snippet":"max-snippet:-1","max-image-preview":"max-image-preview:large","max-video-preview":"max-video-preview:-1"},"canonical":"https:\/\/www.demusculos.com\/web\/producto\/colageno-hidrolizado-210-grs-star-nutrition\/","og_locale":"es_ES","og_type":"article","og_title":"Collagen Star Nutrition | Resveratrol | Q10 | \u00c1cido Hialur\u00f3nico","og_description":"El col\u00e1geno m\u00e1s completo del momento es Collagen de Star Nutrition 20 servicios, con Coenzima Q10, Resveratrol y \u00c1cido Hialur\u00f3nico.","og_url":"https:\/\/www.demusculos.com\/web\/producto\/colageno-hidrolizado-210-grs-star-nutrition\/","og_site_name":"DeMusculos","article_publisher":"https:\/\/www.facebook.com\/demusculos","article_modified_time":"2026-03-30T13:57:46+00:00","og_image":[{"width":1200,"height":1200,"url":"https:\/\/www.demusculos.com\/web\/wp-content\/uploads\/2024\/03\/colageno-hidrolizado-resveratrol-coenzima-q10-acido-hialuronico.jpg","type":"image\/jpeg"}],"twitter_card":"summary_large_image","twitter_site":"@demusculos","twitter_misc":{"Tiempo de lectura":"3 minutos"},"schema":{"@context":"https:\/\/schema.org","@graph":[{"@type":"WebPage","@id":"https:\/\/www.demusculos.com\/web\/producto\/colageno-hidrolizado-210-grs-star-nutrition\/","url":"https:\/\/www.demusculos.com\/web\/producto\/colageno-hidrolizado-210-grs-star-nutrition\/","name":"Collagen Star Nutrition | Resveratrol | Q10 | \u00c1cido Hialur\u00f3nico","isPartOf":{"@id":"https:\/\/www.demusculos.com\/web\/#website"},"primaryImageOfPage":{"@id":"https:\/\/www.demusculos.com\/web\/producto\/colageno-hidrolizado-210-grs-star-nutrition\/#primaryimage"},"image":{"@id":"https:\/\/www.demusculos.com\/web\/producto\/colageno-hidrolizado-210-grs-star-nutrition\/#primaryimage"},"thumbnailUrl":"https:\/\/www.demusculos.com\/web\/wp-content\/uploads\/2024\/03\/colageno-hidrolizado-resveratrol-coenzima-q10-acido-hialuronico.jpg","datePublished":"2024-03-25T13:18:32+00:00","dateModified":"2026-03-30T13:57:46+00:00","description":"El col\u00e1geno m\u00e1s completo del momento es Collagen de Star Nutrition 20 servicios, con Coenzima Q10, Resveratrol y \u00c1cido Hialur\u00f3nico.","breadcrumb":{"@id":"https:\/\/www.demusculos.com\/web\/producto\/colageno-hidrolizado-210-grs-star-nutrition\/#breadcrumb"},"inLanguage":"es","potentialAction":[{"@type":"ReadAction","target":["https:\/\/www.demusculos.com\/web\/producto\/colageno-hidrolizado-210-grs-star-nutrition\/"]}]},{"@type":"ImageObject","inLanguage":"es","@id":"https:\/\/www.demusculos.com\/web\/producto\/colageno-hidrolizado-210-grs-star-nutrition\/#primaryimage","url":"https:\/\/www.demusculos.com\/web\/wp-content\/uploads\/2024\/03\/colageno-hidrolizado-resveratrol-coenzima-q10-acido-hialuronico.jpg","contentUrl":"https:\/\/www.demusculos.com\/web\/wp-content\/uploads\/2024\/03\/colageno-hidrolizado-resveratrol-coenzima-q10-acido-hialuronico.jpg","width":1200,"height":1200,"caption":"Te presentamos el Col\u00e1geno de Star Nutrition potenciado con Resveratrol y Acido Hialuronico"},{"@type":"BreadcrumbList","@id":"https:\/\/www.demusculos.com\/web\/producto\/colageno-hidrolizado-210-grs-star-nutrition\/#breadcrumb","itemListElement":[{"@type":"ListItem","position":1,"name":"Inicio","item":"https:\/\/www.demusculos.com\/web\/"},{"@type":"ListItem","position":2,"name":"Suplementos","item":"https:\/\/www.demusculos.com\/web\/tienda\/"},{"@type":"ListItem","position":3,"name":"Col\u00e1geno Hidrolizado 210 grs Star Nutrition"}]},{"@type":"WebSite","@id":"https:\/\/www.demusculos.com\/web\/#website","url":"https:\/\/www.demusculos.com\/web\/","name":"DeMusculos.com","description":"Suplementos Naturales","publisher":{"@id":"https:\/\/www.demusculos.com\/web\/#organization"},"alternateName":"Suplementos Naturales","potentialAction":[{"@type":"SearchAction","target":{"@type":"EntryPoint","urlTemplate":"https:\/\/www.demusculos.com\/web\/?s={search_term_string}"},"query-input":{"@type":"PropertyValueSpecification","valueRequired":true,"valueName":"search_term_string"}}],"inLanguage":"es"},{"@type":"Organization","@id":"https:\/\/www.demusculos.com\/web\/#organization","name":"DeMusculos.com","alternateName":"DeMusculos","url":"https:\/\/www.demusculos.com\/web\/","logo":{"@type":"ImageObject","inLanguage":"es","@id":"https:\/\/www.demusculos.com\/web\/#\/schema\/logo\/image\/","url":"https:\/\/www.demusculos.com\/web\/wp-content\/uploads\/2024\/02\/logo-demusculos-prestashop-usuario.png","contentUrl":"https:\/\/www.demusculos.com\/web\/wp-content\/uploads\/2024\/02\/logo-demusculos-prestashop-usuario.png","width":150,"height":150,"caption":"DeMusculos.com"},"image":{"@id":"https:\/\/www.demusculos.com\/web\/#\/schema\/logo\/image\/"},"sameAs":["https:\/\/www.facebook.com\/demusculos","https:\/\/x.com\/demusculos","https:\/\/www.instagram.com\/demusculos","https:\/\/www.tiktok.com\/@demusculos.com"]}]}},"_links":{"self":[{"href":"https:\/\/www.demusculos.com\/web\/wp-json\/wp\/v2\/product\/3892","targetHints":{"allow":["GET"]}}],"collection":[{"href":"https:\/\/www.demusculos.com\/web\/wp-json\/wp\/v2\/product"}],"about":[{"href":"https:\/\/www.demusculos.com\/web\/wp-json\/wp\/v2\/types\/product"}],"replies":[{"embeddable":true,"href":"https:\/\/www.demusculos.com\/web\/wp-json\/wp\/v2\/comments?post=3892"}],"wp:featuredmedia":[{"embeddable":true,"href":"https:\/\/www.demusculos.com\/web\/wp-json\/wp\/v2\/media\/3893"}],"wp:attachment":[{"href":"https:\/\/www.demusculos.com\/web\/wp-json\/wp\/v2\/media?parent=3892"}],"wp:term":[{"taxonomy":"product_brand","embeddable":true,"href":"https:\/\/www.demusculos.com\/web\/wp-json\/wp\/v2\/product_brand?post=3892"},{"taxonomy":"product_cat","embeddable":true,"href":"https:\/\/www.demusculos.com\/web\/wp-json\/wp\/v2\/product_cat?post=3892"},{"taxonomy":"product_tag","embeddable":true,"href":"https:\/\/www.demusculos.com\/web\/wp-json\/wp\/v2\/product_tag?post=3892"}],"curies":[{"name":"wp","href":"https:\/\/api.w.org\/{rel}","templated":true}]}}