{"id":3896,"date":"2024-03-25T10:23:34","date_gmt":"2024-03-25T13:23:34","guid":{"rendered":"https:\/\/www.demusculos.com\/web\/?post_type=product&#038;p=3896"},"modified":"2026-04-01T13:53:31","modified_gmt":"2026-04-01T16:53:31","slug":"all-in-one-multi-vitamin-x60-de-star-nutrition","status":"publish","type":"product","link":"https:\/\/www.demusculos.com\/web\/producto\/all-in-one-multi-vitamin-x60-de-star-nutrition\/","title":{"rendered":"All In One Multi Vitamin x60 de Star Nutrition"},"content":{"rendered":"<h1>Multi Vitamin Star Nutrition x 60 comprimidos<\/h1>\n<p><strong>Multi Vitamin Star Nutrition<\/strong> es ideal para mejorar tu calidad de vida. Ideal para todos los deportes.<\/p>\n<figure id=\"attachment_246\" aria-describedby=\"caption-attachment-246\" style=\"width: 446px\" class=\"wp-caption alignnone\"><img decoding=\"async\" class=\"size-full wp-image-246\" src=\"https:\/\/www.demusculos.com\/web\/wp-content\/uploads\/2024\/02\/logo-star-nutrition.png\" alt=\"Productos natuales Star Nutrition | Prote\u00ednas | Amino\u00e1cidos | Quemadores | \u00d3xidos N\u00edtricos | Ganadores de peso\" width=\"446\" height=\"103\" srcset=\"https:\/\/www.demusculos.com\/web\/wp-content\/uploads\/2024\/02\/logo-star-nutrition.png 446w, https:\/\/www.demusculos.com\/web\/wp-content\/uploads\/2024\/02\/logo-star-nutrition-300x69.png 300w, https:\/\/www.demusculos.com\/web\/wp-content\/uploads\/2024\/02\/logo-star-nutrition-150x35.png 150w, https:\/\/www.demusculos.com\/web\/wp-content\/uploads\/2024\/02\/logo-star-nutrition-416x96.png 416w\" sizes=\"(max-width: 446px) 100vw, 446px\" \/><figcaption id=\"caption-attachment-246\" class=\"wp-caption-text\">Todos los productos de Star Nutrition. Laboratorio Nutriciencia.<\/figcaption><\/figure>\n<p>Star Nutrition es una marca argentina joven que busca ofrecer productos competitivos y para eso incorpora en su proceso de fabricaci\u00f3n materia prima importada de los principales productores mundiales de suplementos. Cumple con altos est\u00e1ndares de calidad con el fin de igualar la excelencia de las marcas l\u00edderes del mercado internacional y brindar productos accesibles.<\/p>\n<p>La cuota de vitaminas que tu cuerpo necesita<br \/>\nIncorporamos vitaminas regularmente a trav\u00e9s de productos ricos en antioxidantes: verduras, frutas, t\u00e9 verde y frutos secos entre otros. Sin embargo, hay ocasiones en las que pueden ser consumidas en forma de suplementos cuando no se logra incorporar la cantidad suficiente a trav\u00e9s de la alimentaci\u00f3n.<\/p>\n<figure id=\"attachment_3918\" aria-describedby=\"caption-attachment-3918\" style=\"width: 1080px\" class=\"wp-caption alignnone\"><img fetchpriority=\"high\" decoding=\"async\" class=\"wp-image-3918 size-full\" title=\"Vitaminas y Minerales de Star Nutrition\" src=\"https:\/\/www.demusculos.com\/web\/wp-content\/uploads\/2024\/03\/all-in-one-vitaminas-minerales-star-nutrition-1.jpg\" alt=\"Vitaminas y Minerales de Star Nutrition. 23 vitaminas y minerales por toma.\" width=\"1080\" height=\"1080\" srcset=\"https:\/\/www.demusculos.com\/web\/wp-content\/uploads\/2024\/03\/all-in-one-vitaminas-minerales-star-nutrition-1.jpg 1080w, https:\/\/www.demusculos.com\/web\/wp-content\/uploads\/2024\/03\/all-in-one-vitaminas-minerales-star-nutrition-1-300x300.jpg 300w, https:\/\/www.demusculos.com\/web\/wp-content\/uploads\/2024\/03\/all-in-one-vitaminas-minerales-star-nutrition-1-150x150.jpg 150w, https:\/\/www.demusculos.com\/web\/wp-content\/uploads\/2024\/03\/all-in-one-vitaminas-minerales-star-nutrition-1-800x800.jpg 800w, https:\/\/www.demusculos.com\/web\/wp-content\/uploads\/2024\/03\/all-in-one-vitaminas-minerales-star-nutrition-1-1024x1024.jpg 1024w, https:\/\/www.demusculos.com\/web\/wp-content\/uploads\/2024\/03\/all-in-one-vitaminas-minerales-star-nutrition-1-768x768.jpg 768w\" sizes=\"(max-width: 1080px) 100vw, 1080px\" \/><figcaption id=\"caption-attachment-3918\" class=\"wp-caption-text\">Vitaminas y minerales. Star Nutrition. Cada d\u00eda aportas 23 vitaminas a tu dieta.<\/figcaption><\/figure>\n<p><strong>Producto<\/strong>: MULTIVITAMIN I ALL IN ONE FORMULA<br \/>\n<strong>Marca<\/strong>: STAR NUTRITION I NATURALS LINE<br \/>\n<strong>Contenido Neto<\/strong>: 60 Tabletas.<br \/>\n<strong>Servicio<\/strong>: 1 Tableta.<br \/>\n<strong>Servicios por Envase<\/strong>: 60 Servicios.<\/p>\n<p><strong>Modo de Uso<\/strong>: Consumir diariamente 1 servicio (1 tableta) por la ma\u00f1ana con el desayuno y\/o por la tarde con la merienda. No exceder la ingesta diaria recomendada por el fabricante. No utilizar en caso de embarazo, lactancia ni en ni\u00f1os salvo exclusiva prescripci\u00f3n m\u00e9dica. Mantener en lugar fresco y seco fuera del alcance de los menores. Ante cualquier duda consulte en forma preventiva un profesional de la salud. Producto elaborado de acuerdo a las exigencias del C\u00f3digo Alimentario Argentino de Libre Circulaci\u00f3n y Comercializaci\u00f3n en todo el Territorio de la Rep\u00fablica Argentina.<br \/>\nOrigen: Industria Argentina \/ Materias Primas Importadas U.S.A.<\/p>\n<figure id=\"attachment_3920\" aria-describedby=\"caption-attachment-3920\" style=\"width: 1080px\" class=\"wp-caption alignnone\"><img decoding=\"async\" class=\"size-full wp-image-3920\" src=\"https:\/\/www.demusculos.com\/web\/wp-content\/uploads\/2024\/03\/all-in-one-vitaminas-minerales-star-nutrition-2.jpg\" alt=\"Informaci\u00f3n nutricional de las vitaminas y minerales de Star Nutrition\" width=\"1080\" height=\"1080\" srcset=\"https:\/\/www.demusculos.com\/web\/wp-content\/uploads\/2024\/03\/all-in-one-vitaminas-minerales-star-nutrition-2.jpg 1080w, https:\/\/www.demusculos.com\/web\/wp-content\/uploads\/2024\/03\/all-in-one-vitaminas-minerales-star-nutrition-2-300x300.jpg 300w, https:\/\/www.demusculos.com\/web\/wp-content\/uploads\/2024\/03\/all-in-one-vitaminas-minerales-star-nutrition-2-150x150.jpg 150w, https:\/\/www.demusculos.com\/web\/wp-content\/uploads\/2024\/03\/all-in-one-vitaminas-minerales-star-nutrition-2-800x800.jpg 800w, https:\/\/www.demusculos.com\/web\/wp-content\/uploads\/2024\/03\/all-in-one-vitaminas-minerales-star-nutrition-2-1024x1024.jpg 1024w, https:\/\/www.demusculos.com\/web\/wp-content\/uploads\/2024\/03\/all-in-one-vitaminas-minerales-star-nutrition-2-768x768.jpg 768w\" sizes=\"(max-width: 1080px) 100vw, 1080px\" \/><figcaption id=\"caption-attachment-3920\" class=\"wp-caption-text\">Informaci\u00f3n nutricional de las vitaminas y minerales de Star Nutrition<\/figcaption><\/figure>\n","protected":false},"excerpt":{"rendered":"<p>Vitaminas y minerales completos. Aumenta tu calidad de vida.<\/p>\n","protected":false},"featured_media":3897,"comment_status":"closed","ping_status":"closed","template":"","meta":[],"product_brand":[220],"product_cat":[37],"product_tag":[26],"class_list":{"0":"post-3896","1":"product","2":"type-product","3":"status-publish","4":"has-post-thumbnail","6":"product_brand-star-nutrition","7":"product_cat-vitaminas-y-minierales","8":"product_tag-star-nutrition","10":"first","11":"instock","12":"sale","13":"shipping-taxable","14":"purchasable","15":"product-type-simple"},"yoast_head":"<!-- This site is optimized with the Yoast SEO plugin v27.3 - https:\/\/yoast.com\/product\/yoast-seo-wordpress\/ -->\n<title>Multi Vitamin Star Nutrition | All In One | DeMusculos.com<\/title>\n<meta name=\"description\" content=\"Todas las vitaminas que tu cuerpo necesita para mejorar la calidad de vida est\u00e1n en All In One Multi Vitamin Star Nutrition x 60 comprimidos.\" \/>\n<meta name=\"robots\" content=\"index, follow, max-snippet:-1, max-image-preview:large, max-video-preview:-1\" \/>\n<link rel=\"canonical\" href=\"https:\/\/www.demusculos.com\/web\/producto\/all-in-one-multi-vitamin-x60-de-star-nutrition\/\" \/>\n<meta property=\"og:locale\" content=\"es_ES\" \/>\n<meta property=\"og:type\" content=\"article\" \/>\n<meta property=\"og:title\" content=\"Multi Vitamin Star Nutrition | All In One | DeMusculos.com\" \/>\n<meta property=\"og:description\" content=\"Todas las vitaminas que tu cuerpo necesita para mejorar la calidad de vida est\u00e1n en All In One Multi Vitamin Star Nutrition x 60 comprimidos.\" \/>\n<meta property=\"og:url\" content=\"https:\/\/www.demusculos.com\/web\/producto\/all-in-one-multi-vitamin-x60-de-star-nutrition\/\" \/>\n<meta property=\"og:site_name\" content=\"DeMusculos\" \/>\n<meta property=\"article:publisher\" content=\"https:\/\/www.facebook.com\/demusculos\" \/>\n<meta property=\"article:modified_time\" content=\"2026-04-01T16:53:31+00:00\" \/>\n<meta property=\"og:image\" content=\"https:\/\/www.demusculos.com\/web\/wp-content\/uploads\/2024\/03\/all-in-one-multi-vitamin-x60-star-nutrition-01.jpg\" \/>\n\t<meta property=\"og:image:width\" content=\"1200\" \/>\n\t<meta property=\"og:image:height\" content=\"1200\" \/>\n\t<meta property=\"og:image:type\" content=\"image\/jpeg\" \/>\n<meta name=\"twitter:card\" content=\"summary_large_image\" \/>\n<meta name=\"twitter:site\" content=\"@demusculos\" \/>\n<meta name=\"twitter:label1\" content=\"Tiempo de lectura\" \/>\n\t<meta name=\"twitter:data1\" content=\"3 minutos\" \/>\n<script type=\"application\/ld+json\" class=\"yoast-schema-graph\">{\"@context\":\"https:\\\/\\\/schema.org\",\"@graph\":[{\"@type\":\"WebPage\",\"@id\":\"https:\\\/\\\/www.demusculos.com\\\/web\\\/producto\\\/all-in-one-multi-vitamin-x60-de-star-nutrition\\\/\",\"url\":\"https:\\\/\\\/www.demusculos.com\\\/web\\\/producto\\\/all-in-one-multi-vitamin-x60-de-star-nutrition\\\/\",\"name\":\"Multi Vitamin Star Nutrition | All In One | DeMusculos.com\",\"isPartOf\":{\"@id\":\"https:\\\/\\\/www.demusculos.com\\\/web\\\/#website\"},\"primaryImageOfPage\":{\"@id\":\"https:\\\/\\\/www.demusculos.com\\\/web\\\/producto\\\/all-in-one-multi-vitamin-x60-de-star-nutrition\\\/#primaryimage\"},\"image\":{\"@id\":\"https:\\\/\\\/www.demusculos.com\\\/web\\\/producto\\\/all-in-one-multi-vitamin-x60-de-star-nutrition\\\/#primaryimage\"},\"thumbnailUrl\":\"https:\\\/\\\/www.demusculos.com\\\/web\\\/wp-content\\\/uploads\\\/2024\\\/03\\\/all-in-one-multi-vitamin-x60-star-nutrition-01.jpg\",\"datePublished\":\"2024-03-25T13:23:34+00:00\",\"dateModified\":\"2026-04-01T16:53:31+00:00\",\"description\":\"Todas las vitaminas que tu cuerpo necesita para mejorar la calidad de vida est\u00e1n en All In One Multi Vitamin Star Nutrition x 60 comprimidos.\",\"breadcrumb\":{\"@id\":\"https:\\\/\\\/www.demusculos.com\\\/web\\\/producto\\\/all-in-one-multi-vitamin-x60-de-star-nutrition\\\/#breadcrumb\"},\"inLanguage\":\"es\",\"potentialAction\":[{\"@type\":\"ReadAction\",\"target\":[\"https:\\\/\\\/www.demusculos.com\\\/web\\\/producto\\\/all-in-one-multi-vitamin-x60-de-star-nutrition\\\/\"]}]},{\"@type\":\"ImageObject\",\"inLanguage\":\"es\",\"@id\":\"https:\\\/\\\/www.demusculos.com\\\/web\\\/producto\\\/all-in-one-multi-vitamin-x60-de-star-nutrition\\\/#primaryimage\",\"url\":\"https:\\\/\\\/www.demusculos.com\\\/web\\\/wp-content\\\/uploads\\\/2024\\\/03\\\/all-in-one-multi-vitamin-x60-star-nutrition-01.jpg\",\"contentUrl\":\"https:\\\/\\\/www.demusculos.com\\\/web\\\/wp-content\\\/uploads\\\/2024\\\/03\\\/all-in-one-multi-vitamin-x60-star-nutrition-01.jpg\",\"width\":1200,\"height\":1200,\"caption\":\"Nuevo All In One Multi Vitamin de Star Nutrition x 60 comprimidos\"},{\"@type\":\"BreadcrumbList\",\"@id\":\"https:\\\/\\\/www.demusculos.com\\\/web\\\/producto\\\/all-in-one-multi-vitamin-x60-de-star-nutrition\\\/#breadcrumb\",\"itemListElement\":[{\"@type\":\"ListItem\",\"position\":1,\"name\":\"Inicio\",\"item\":\"https:\\\/\\\/www.demusculos.com\\\/web\\\/\"},{\"@type\":\"ListItem\",\"position\":2,\"name\":\"Suplementos\",\"item\":\"https:\\\/\\\/www.demusculos.com\\\/web\\\/tienda\\\/\"},{\"@type\":\"ListItem\",\"position\":3,\"name\":\"All In One Multi Vitamin x60 de Star Nutrition\"}]},{\"@type\":\"WebSite\",\"@id\":\"https:\\\/\\\/www.demusculos.com\\\/web\\\/#website\",\"url\":\"https:\\\/\\\/www.demusculos.com\\\/web\\\/\",\"name\":\"DeMusculos.com\",\"description\":\"Suplementos Naturales\",\"publisher\":{\"@id\":\"https:\\\/\\\/www.demusculos.com\\\/web\\\/#organization\"},\"alternateName\":\"Suplementos Naturales\",\"potentialAction\":[{\"@type\":\"SearchAction\",\"target\":{\"@type\":\"EntryPoint\",\"urlTemplate\":\"https:\\\/\\\/www.demusculos.com\\\/web\\\/?s={search_term_string}\"},\"query-input\":{\"@type\":\"PropertyValueSpecification\",\"valueRequired\":true,\"valueName\":\"search_term_string\"}}],\"inLanguage\":\"es\"},{\"@type\":\"Organization\",\"@id\":\"https:\\\/\\\/www.demusculos.com\\\/web\\\/#organization\",\"name\":\"DeMusculos.com\",\"alternateName\":\"DeMusculos\",\"url\":\"https:\\\/\\\/www.demusculos.com\\\/web\\\/\",\"logo\":{\"@type\":\"ImageObject\",\"inLanguage\":\"es\",\"@id\":\"https:\\\/\\\/www.demusculos.com\\\/web\\\/#\\\/schema\\\/logo\\\/image\\\/\",\"url\":\"https:\\\/\\\/www.demusculos.com\\\/web\\\/wp-content\\\/uploads\\\/2024\\\/02\\\/logo-demusculos-prestashop-usuario.png\",\"contentUrl\":\"https:\\\/\\\/www.demusculos.com\\\/web\\\/wp-content\\\/uploads\\\/2024\\\/02\\\/logo-demusculos-prestashop-usuario.png\",\"width\":150,\"height\":150,\"caption\":\"DeMusculos.com\"},\"image\":{\"@id\":\"https:\\\/\\\/www.demusculos.com\\\/web\\\/#\\\/schema\\\/logo\\\/image\\\/\"},\"sameAs\":[\"https:\\\/\\\/www.facebook.com\\\/demusculos\",\"https:\\\/\\\/x.com\\\/demusculos\",\"https:\\\/\\\/www.instagram.com\\\/demusculos\",\"https:\\\/\\\/www.tiktok.com\\\/@demusculos.com\"]}]}<\/script>\n<!-- \/ Yoast SEO plugin. -->","yoast_head_json":{"title":"Multi Vitamin Star Nutrition | All In One | DeMusculos.com","description":"Todas las vitaminas que tu cuerpo necesita para mejorar la calidad de vida est\u00e1n en All In One Multi Vitamin Star Nutrition x 60 comprimidos.","robots":{"index":"index","follow":"follow","max-snippet":"max-snippet:-1","max-image-preview":"max-image-preview:large","max-video-preview":"max-video-preview:-1"},"canonical":"https:\/\/www.demusculos.com\/web\/producto\/all-in-one-multi-vitamin-x60-de-star-nutrition\/","og_locale":"es_ES","og_type":"article","og_title":"Multi Vitamin Star Nutrition | All In One | DeMusculos.com","og_description":"Todas las vitaminas que tu cuerpo necesita para mejorar la calidad de vida est\u00e1n en All In One Multi Vitamin Star Nutrition x 60 comprimidos.","og_url":"https:\/\/www.demusculos.com\/web\/producto\/all-in-one-multi-vitamin-x60-de-star-nutrition\/","og_site_name":"DeMusculos","article_publisher":"https:\/\/www.facebook.com\/demusculos","article_modified_time":"2026-04-01T16:53:31+00:00","og_image":[{"width":1200,"height":1200,"url":"https:\/\/www.demusculos.com\/web\/wp-content\/uploads\/2024\/03\/all-in-one-multi-vitamin-x60-star-nutrition-01.jpg","type":"image\/jpeg"}],"twitter_card":"summary_large_image","twitter_site":"@demusculos","twitter_misc":{"Tiempo de lectura":"3 minutos"},"schema":{"@context":"https:\/\/schema.org","@graph":[{"@type":"WebPage","@id":"https:\/\/www.demusculos.com\/web\/producto\/all-in-one-multi-vitamin-x60-de-star-nutrition\/","url":"https:\/\/www.demusculos.com\/web\/producto\/all-in-one-multi-vitamin-x60-de-star-nutrition\/","name":"Multi Vitamin Star Nutrition | All In One | DeMusculos.com","isPartOf":{"@id":"https:\/\/www.demusculos.com\/web\/#website"},"primaryImageOfPage":{"@id":"https:\/\/www.demusculos.com\/web\/producto\/all-in-one-multi-vitamin-x60-de-star-nutrition\/#primaryimage"},"image":{"@id":"https:\/\/www.demusculos.com\/web\/producto\/all-in-one-multi-vitamin-x60-de-star-nutrition\/#primaryimage"},"thumbnailUrl":"https:\/\/www.demusculos.com\/web\/wp-content\/uploads\/2024\/03\/all-in-one-multi-vitamin-x60-star-nutrition-01.jpg","datePublished":"2024-03-25T13:23:34+00:00","dateModified":"2026-04-01T16:53:31+00:00","description":"Todas las vitaminas que tu cuerpo necesita para mejorar la calidad de vida est\u00e1n en All In One Multi Vitamin Star Nutrition x 60 comprimidos.","breadcrumb":{"@id":"https:\/\/www.demusculos.com\/web\/producto\/all-in-one-multi-vitamin-x60-de-star-nutrition\/#breadcrumb"},"inLanguage":"es","potentialAction":[{"@type":"ReadAction","target":["https:\/\/www.demusculos.com\/web\/producto\/all-in-one-multi-vitamin-x60-de-star-nutrition\/"]}]},{"@type":"ImageObject","inLanguage":"es","@id":"https:\/\/www.demusculos.com\/web\/producto\/all-in-one-multi-vitamin-x60-de-star-nutrition\/#primaryimage","url":"https:\/\/www.demusculos.com\/web\/wp-content\/uploads\/2024\/03\/all-in-one-multi-vitamin-x60-star-nutrition-01.jpg","contentUrl":"https:\/\/www.demusculos.com\/web\/wp-content\/uploads\/2024\/03\/all-in-one-multi-vitamin-x60-star-nutrition-01.jpg","width":1200,"height":1200,"caption":"Nuevo All In One Multi Vitamin de Star Nutrition x 60 comprimidos"},{"@type":"BreadcrumbList","@id":"https:\/\/www.demusculos.com\/web\/producto\/all-in-one-multi-vitamin-x60-de-star-nutrition\/#breadcrumb","itemListElement":[{"@type":"ListItem","position":1,"name":"Inicio","item":"https:\/\/www.demusculos.com\/web\/"},{"@type":"ListItem","position":2,"name":"Suplementos","item":"https:\/\/www.demusculos.com\/web\/tienda\/"},{"@type":"ListItem","position":3,"name":"All In One Multi Vitamin x60 de Star Nutrition"}]},{"@type":"WebSite","@id":"https:\/\/www.demusculos.com\/web\/#website","url":"https:\/\/www.demusculos.com\/web\/","name":"DeMusculos.com","description":"Suplementos Naturales","publisher":{"@id":"https:\/\/www.demusculos.com\/web\/#organization"},"alternateName":"Suplementos Naturales","potentialAction":[{"@type":"SearchAction","target":{"@type":"EntryPoint","urlTemplate":"https:\/\/www.demusculos.com\/web\/?s={search_term_string}"},"query-input":{"@type":"PropertyValueSpecification","valueRequired":true,"valueName":"search_term_string"}}],"inLanguage":"es"},{"@type":"Organization","@id":"https:\/\/www.demusculos.com\/web\/#organization","name":"DeMusculos.com","alternateName":"DeMusculos","url":"https:\/\/www.demusculos.com\/web\/","logo":{"@type":"ImageObject","inLanguage":"es","@id":"https:\/\/www.demusculos.com\/web\/#\/schema\/logo\/image\/","url":"https:\/\/www.demusculos.com\/web\/wp-content\/uploads\/2024\/02\/logo-demusculos-prestashop-usuario.png","contentUrl":"https:\/\/www.demusculos.com\/web\/wp-content\/uploads\/2024\/02\/logo-demusculos-prestashop-usuario.png","width":150,"height":150,"caption":"DeMusculos.com"},"image":{"@id":"https:\/\/www.demusculos.com\/web\/#\/schema\/logo\/image\/"},"sameAs":["https:\/\/www.facebook.com\/demusculos","https:\/\/x.com\/demusculos","https:\/\/www.instagram.com\/demusculos","https:\/\/www.tiktok.com\/@demusculos.com"]}]}},"_links":{"self":[{"href":"https:\/\/www.demusculos.com\/web\/wp-json\/wp\/v2\/product\/3896","targetHints":{"allow":["GET"]}}],"collection":[{"href":"https:\/\/www.demusculos.com\/web\/wp-json\/wp\/v2\/product"}],"about":[{"href":"https:\/\/www.demusculos.com\/web\/wp-json\/wp\/v2\/types\/product"}],"replies":[{"embeddable":true,"href":"https:\/\/www.demusculos.com\/web\/wp-json\/wp\/v2\/comments?post=3896"}],"wp:featuredmedia":[{"embeddable":true,"href":"https:\/\/www.demusculos.com\/web\/wp-json\/wp\/v2\/media\/3897"}],"wp:attachment":[{"href":"https:\/\/www.demusculos.com\/web\/wp-json\/wp\/v2\/media?parent=3896"}],"wp:term":[{"taxonomy":"product_brand","embeddable":true,"href":"https:\/\/www.demusculos.com\/web\/wp-json\/wp\/v2\/product_brand?post=3896"},{"taxonomy":"product_cat","embeddable":true,"href":"https:\/\/www.demusculos.com\/web\/wp-json\/wp\/v2\/product_cat?post=3896"},{"taxonomy":"product_tag","embeddable":true,"href":"https:\/\/www.demusculos.com\/web\/wp-json\/wp\/v2\/product_tag?post=3896"}],"curies":[{"name":"wp","href":"https:\/\/api.w.org\/{rel}","templated":true}]}}