{"id":4359,"date":"2024-04-10T17:22:07","date_gmt":"2024-04-10T20:22:07","guid":{"rendered":"https:\/\/www.demusculos.com\/web\/?post_type=product&#038;p=4359"},"modified":"2026-04-25T20:21:57","modified_gmt":"2026-04-25T23:21:57","slug":"ultra-mass-1-5-kg-pre-war-reload-combo-ena-sport","status":"publish","type":"product","link":"https:\/\/www.demusculos.com\/web\/producto\/ultra-mass-1-5-kg-pre-war-reload-combo-ena-sport\/","title":{"rendered":"Ultra Mass 1.5 kg + Pre War + Reload (Combo Ena Sport)"},"content":{"rendered":"<figure id=\"attachment_151\" aria-describedby=\"caption-attachment-151\" style=\"width: 446px\" class=\"wp-caption alignnone\"><img decoding=\"async\" class=\"size-full wp-image-151\" src=\"https:\/\/www.demusculos.com\/web\/wp-content\/uploads\/2024\/02\/logo-ena-sport.png\" alt=\"Suplementos naturales Ena Sport. Empresa de nutricion Argentina.\" width=\"446\" height=\"103\" srcset=\"https:\/\/www.demusculos.com\/web\/wp-content\/uploads\/2024\/02\/logo-ena-sport.png 446w, https:\/\/www.demusculos.com\/web\/wp-content\/uploads\/2024\/02\/logo-ena-sport-300x69.png 300w, https:\/\/www.demusculos.com\/web\/wp-content\/uploads\/2024\/02\/logo-ena-sport-150x35.png 150w, https:\/\/www.demusculos.com\/web\/wp-content\/uploads\/2024\/02\/logo-ena-sport-416x96.png 416w\" sizes=\"(max-width: 446px) 100vw, 446px\" \/><figcaption id=\"caption-attachment-151\" class=\"wp-caption-text\">Este producto es fabricado por ENA SPORT (Empresa de Nutrici\u00f3n Argentina). Es una de las empresas pioneras en el rubro.<\/figcaption><\/figure>\n<p><strong>Combo con 3 produtos Ena Sport.<\/strong><br \/>\nIdeal para aumento de masa muscular, mejora en rendimiento y energ\u00eda.<\/p>\n<p><strong>Ultra Mass x 1.5 kg<\/strong> es un ganador de peso a base de prote\u00edna de suero de leche o Whey Protein<br \/>\nEn su formula encuentras prote\u00edna, amino\u00e1cidos y carbohidratos.<\/p>\n<p><strong>Amino\u00e1cidos ramificados BCAA<\/strong> para maximizar la recuperaci\u00f3n muscular.<br \/>\nA mayor recuperaci\u00f3n, m\u00e1s ser\u00e1 el rendimiento y aumento muscular.<\/p>\n<p><strong>Pre War de Ena Sport<\/strong><br \/>\nEs un pre entrenamiento. Se toma antes de entrenar. Eleva la energ\u00eda y previene la fatiga.<br \/>\nNos permite entrenar sin fatigarnos y maximizar nuestros entrenamientos.<\/p>\n<h2>\u00bfC\u00f3mo tomar este combo?<\/h2>\n<p><strong><em>Antes de entrenar<\/em><\/strong>:<br \/>\nTomar Pre War<\/p>\n<p><em><strong>Durante el entrenamiento o las ma\u00f1anas podemos tomar<\/strong><\/em>:<br \/>\nReload BCAA<\/p>\n<p><em><strong>Luego del entrenamiento, para maximizar la recuperaci\u00f3n muscular<\/strong><\/em>:<br \/>\nUltra Mass 1.5 kg, preparar con agua o leche de tipo descremada.<\/p>\n","protected":false},"excerpt":{"rendered":"<p>Combo con 3 produtos Ena Sport. Ideal para aumento de masa muscular, mejora en rendimiento y energ\u00eda. Ultra Mass x 1.5 kg es un ganador de peso a base de prote\u00edna de suero de leche o Whey Protein En su formula encuentras prote\u00edna, amino\u00e1cidos y carbohidratos. Amino\u00e1cidos ramificados BCAA para maximizar la recuperaci\u00f3n muscular. A [&hellip;]<\/p>\n","protected":false},"featured_media":4360,"comment_status":"closed","ping_status":"closed","template":"","meta":[],"product_brand":[],"product_cat":[71],"product_tag":[73],"class_list":{"0":"post-4359","1":"product","2":"type-product","3":"status-publish","4":"has-post-thumbnail","6":"product_cat-combos-masa-muscular","7":"product_tag-combos","9":"first","10":"instock","11":"sale","12":"shipping-taxable","13":"purchasable","14":"product-type-simple"},"yoast_head":"<!-- This site is optimized with the Yoast SEO plugin v27.6 - https:\/\/yoast.com\/product\/yoast-seo-wordpress\/ -->\n<title>Ultra Mass 1.5 kg + Pre War + Reload (Combo Ena Sport) | DeMusculos<\/title>\n<meta name=\"robots\" content=\"index, follow, max-snippet:-1, max-image-preview:large, max-video-preview:-1\" \/>\n<link rel=\"canonical\" href=\"https:\/\/www.demusculos.com\/web\/producto\/ultra-mass-1-5-kg-pre-war-reload-combo-ena-sport\/\" \/>\n<meta property=\"og:locale\" content=\"es_ES\" \/>\n<meta property=\"og:type\" content=\"article\" \/>\n<meta property=\"og:title\" content=\"Ultra Mass 1.5 kg + Pre War + Reload (Combo Ena Sport) | DeMusculos\" \/>\n<meta property=\"og:description\" content=\"Combo con 3 produtos Ena Sport. Ideal para aumento de masa muscular, mejora en rendimiento y energ\u00eda. Ultra Mass x 1.5 kg es un ganador de peso a base de prote\u00edna de suero de leche o Whey Protein En su formula encuentras prote\u00edna, amino\u00e1cidos y carbohidratos. Amino\u00e1cidos ramificados BCAA para maximizar la recuperaci\u00f3n muscular. A [&hellip;]\" \/>\n<meta property=\"og:url\" content=\"https:\/\/www.demusculos.com\/web\/producto\/ultra-mass-1-5-kg-pre-war-reload-combo-ena-sport\/\" \/>\n<meta property=\"og:site_name\" content=\"DeMusculos\" \/>\n<meta property=\"article:publisher\" content=\"https:\/\/www.facebook.com\/demusculos\" \/>\n<meta property=\"article:modified_time\" content=\"2026-04-25T23:21:57+00:00\" \/>\n<meta property=\"og:image\" content=\"https:\/\/www.demusculos.com\/web\/wp-content\/uploads\/2024\/04\/ultra-mass-preload-pre-war2.jpg\" \/>\n\t<meta property=\"og:image:width\" content=\"1200\" \/>\n\t<meta property=\"og:image:height\" content=\"1200\" \/>\n\t<meta property=\"og:image:type\" content=\"image\/jpeg\" \/>\n<meta name=\"twitter:card\" content=\"summary_large_image\" \/>\n<meta name=\"twitter:site\" content=\"@demusculos\" \/>\n<meta name=\"twitter:label1\" content=\"Tiempo de lectura\" \/>\n\t<meta name=\"twitter:data1\" content=\"2 minutos\" \/>\n<script type=\"application\/ld+json\" class=\"yoast-schema-graph\">{\"@context\":\"https:\\\/\\\/schema.org\",\"@graph\":[{\"@type\":\"WebPage\",\"@id\":\"https:\\\/\\\/www.demusculos.com\\\/web\\\/producto\\\/ultra-mass-1-5-kg-pre-war-reload-combo-ena-sport\\\/\",\"url\":\"https:\\\/\\\/www.demusculos.com\\\/web\\\/producto\\\/ultra-mass-1-5-kg-pre-war-reload-combo-ena-sport\\\/\",\"name\":\"Ultra Mass 1.5 kg + Pre War + Reload (Combo Ena Sport) | DeMusculos\",\"isPartOf\":{\"@id\":\"https:\\\/\\\/www.demusculos.com\\\/web\\\/#website\"},\"primaryImageOfPage\":{\"@id\":\"https:\\\/\\\/www.demusculos.com\\\/web\\\/producto\\\/ultra-mass-1-5-kg-pre-war-reload-combo-ena-sport\\\/#primaryimage\"},\"image\":{\"@id\":\"https:\\\/\\\/www.demusculos.com\\\/web\\\/producto\\\/ultra-mass-1-5-kg-pre-war-reload-combo-ena-sport\\\/#primaryimage\"},\"thumbnailUrl\":\"https:\\\/\\\/www.demusculos.com\\\/web\\\/wp-content\\\/uploads\\\/2024\\\/04\\\/ultra-mass-preload-pre-war2.jpg\",\"datePublished\":\"2024-04-10T20:22:07+00:00\",\"dateModified\":\"2026-04-25T23:21:57+00:00\",\"breadcrumb\":{\"@id\":\"https:\\\/\\\/www.demusculos.com\\\/web\\\/producto\\\/ultra-mass-1-5-kg-pre-war-reload-combo-ena-sport\\\/#breadcrumb\"},\"inLanguage\":\"es\",\"potentialAction\":[{\"@type\":\"ReadAction\",\"target\":[\"https:\\\/\\\/www.demusculos.com\\\/web\\\/producto\\\/ultra-mass-1-5-kg-pre-war-reload-combo-ena-sport\\\/\"]}]},{\"@type\":\"ImageObject\",\"inLanguage\":\"es\",\"@id\":\"https:\\\/\\\/www.demusculos.com\\\/web\\\/producto\\\/ultra-mass-1-5-kg-pre-war-reload-combo-ena-sport\\\/#primaryimage\",\"url\":\"https:\\\/\\\/www.demusculos.com\\\/web\\\/wp-content\\\/uploads\\\/2024\\\/04\\\/ultra-mass-preload-pre-war2.jpg\",\"contentUrl\":\"https:\\\/\\\/www.demusculos.com\\\/web\\\/wp-content\\\/uploads\\\/2024\\\/04\\\/ultra-mass-preload-pre-war2.jpg\",\"width\":1200,\"height\":1200,\"caption\":\"Combo para aumento muscular, rendimiento y energ\u00eda.\"},{\"@type\":\"BreadcrumbList\",\"@id\":\"https:\\\/\\\/www.demusculos.com\\\/web\\\/producto\\\/ultra-mass-1-5-kg-pre-war-reload-combo-ena-sport\\\/#breadcrumb\",\"itemListElement\":[{\"@type\":\"ListItem\",\"position\":1,\"name\":\"Inicio\",\"item\":\"https:\\\/\\\/www.demusculos.com\\\/web\\\/\"},{\"@type\":\"ListItem\",\"position\":2,\"name\":\"Suplementos\",\"item\":\"https:\\\/\\\/www.demusculos.com\\\/web\\\/tienda\\\/\"},{\"@type\":\"ListItem\",\"position\":3,\"name\":\"Ultra Mass 1.5 kg + Pre War + Reload (Combo Ena Sport)\"}]},{\"@type\":\"WebSite\",\"@id\":\"https:\\\/\\\/www.demusculos.com\\\/web\\\/#website\",\"url\":\"https:\\\/\\\/www.demusculos.com\\\/web\\\/\",\"name\":\"DeMusculos.com\",\"description\":\"Suplementos Naturales\",\"publisher\":{\"@id\":\"https:\\\/\\\/www.demusculos.com\\\/web\\\/#organization\"},\"alternateName\":\"Suplementos Naturales\",\"potentialAction\":[{\"@type\":\"SearchAction\",\"target\":{\"@type\":\"EntryPoint\",\"urlTemplate\":\"https:\\\/\\\/www.demusculos.com\\\/web\\\/?s={search_term_string}\"},\"query-input\":{\"@type\":\"PropertyValueSpecification\",\"valueRequired\":true,\"valueName\":\"search_term_string\"}}],\"inLanguage\":\"es\"},{\"@type\":\"Organization\",\"@id\":\"https:\\\/\\\/www.demusculos.com\\\/web\\\/#organization\",\"name\":\"DeMusculos.com\",\"alternateName\":\"DeMusculos\",\"url\":\"https:\\\/\\\/www.demusculos.com\\\/web\\\/\",\"logo\":{\"@type\":\"ImageObject\",\"inLanguage\":\"es\",\"@id\":\"https:\\\/\\\/www.demusculos.com\\\/web\\\/#\\\/schema\\\/logo\\\/image\\\/\",\"url\":\"https:\\\/\\\/www.demusculos.com\\\/web\\\/wp-content\\\/uploads\\\/2024\\\/02\\\/logo-demusculos-prestashop-usuario.png\",\"contentUrl\":\"https:\\\/\\\/www.demusculos.com\\\/web\\\/wp-content\\\/uploads\\\/2024\\\/02\\\/logo-demusculos-prestashop-usuario.png\",\"width\":150,\"height\":150,\"caption\":\"DeMusculos.com\"},\"image\":{\"@id\":\"https:\\\/\\\/www.demusculos.com\\\/web\\\/#\\\/schema\\\/logo\\\/image\\\/\"},\"sameAs\":[\"https:\\\/\\\/www.facebook.com\\\/demusculos\",\"https:\\\/\\\/x.com\\\/demusculos\",\"https:\\\/\\\/www.instagram.com\\\/demusculos\",\"https:\\\/\\\/www.tiktok.com\\\/@demusculos.com\"]}]}<\/script>\n<!-- \/ Yoast SEO plugin. -->","yoast_head_json":{"title":"Ultra Mass 1.5 kg + Pre War + Reload (Combo Ena Sport) | DeMusculos","robots":{"index":"index","follow":"follow","max-snippet":"max-snippet:-1","max-image-preview":"max-image-preview:large","max-video-preview":"max-video-preview:-1"},"canonical":"https:\/\/www.demusculos.com\/web\/producto\/ultra-mass-1-5-kg-pre-war-reload-combo-ena-sport\/","og_locale":"es_ES","og_type":"article","og_title":"Ultra Mass 1.5 kg + Pre War + Reload (Combo Ena Sport) | DeMusculos","og_description":"Combo con 3 produtos Ena Sport. Ideal para aumento de masa muscular, mejora en rendimiento y energ\u00eda. Ultra Mass x 1.5 kg es un ganador de peso a base de prote\u00edna de suero de leche o Whey Protein En su formula encuentras prote\u00edna, amino\u00e1cidos y carbohidratos. Amino\u00e1cidos ramificados BCAA para maximizar la recuperaci\u00f3n muscular. A [&hellip;]","og_url":"https:\/\/www.demusculos.com\/web\/producto\/ultra-mass-1-5-kg-pre-war-reload-combo-ena-sport\/","og_site_name":"DeMusculos","article_publisher":"https:\/\/www.facebook.com\/demusculos","article_modified_time":"2026-04-25T23:21:57+00:00","og_image":[{"width":1200,"height":1200,"url":"https:\/\/www.demusculos.com\/web\/wp-content\/uploads\/2024\/04\/ultra-mass-preload-pre-war2.jpg","type":"image\/jpeg"}],"twitter_card":"summary_large_image","twitter_site":"@demusculos","twitter_misc":{"Tiempo de lectura":"2 minutos"},"schema":{"@context":"https:\/\/schema.org","@graph":[{"@type":"WebPage","@id":"https:\/\/www.demusculos.com\/web\/producto\/ultra-mass-1-5-kg-pre-war-reload-combo-ena-sport\/","url":"https:\/\/www.demusculos.com\/web\/producto\/ultra-mass-1-5-kg-pre-war-reload-combo-ena-sport\/","name":"Ultra Mass 1.5 kg + Pre War + Reload (Combo Ena Sport) | DeMusculos","isPartOf":{"@id":"https:\/\/www.demusculos.com\/web\/#website"},"primaryImageOfPage":{"@id":"https:\/\/www.demusculos.com\/web\/producto\/ultra-mass-1-5-kg-pre-war-reload-combo-ena-sport\/#primaryimage"},"image":{"@id":"https:\/\/www.demusculos.com\/web\/producto\/ultra-mass-1-5-kg-pre-war-reload-combo-ena-sport\/#primaryimage"},"thumbnailUrl":"https:\/\/www.demusculos.com\/web\/wp-content\/uploads\/2024\/04\/ultra-mass-preload-pre-war2.jpg","datePublished":"2024-04-10T20:22:07+00:00","dateModified":"2026-04-25T23:21:57+00:00","breadcrumb":{"@id":"https:\/\/www.demusculos.com\/web\/producto\/ultra-mass-1-5-kg-pre-war-reload-combo-ena-sport\/#breadcrumb"},"inLanguage":"es","potentialAction":[{"@type":"ReadAction","target":["https:\/\/www.demusculos.com\/web\/producto\/ultra-mass-1-5-kg-pre-war-reload-combo-ena-sport\/"]}]},{"@type":"ImageObject","inLanguage":"es","@id":"https:\/\/www.demusculos.com\/web\/producto\/ultra-mass-1-5-kg-pre-war-reload-combo-ena-sport\/#primaryimage","url":"https:\/\/www.demusculos.com\/web\/wp-content\/uploads\/2024\/04\/ultra-mass-preload-pre-war2.jpg","contentUrl":"https:\/\/www.demusculos.com\/web\/wp-content\/uploads\/2024\/04\/ultra-mass-preload-pre-war2.jpg","width":1200,"height":1200,"caption":"Combo para aumento muscular, rendimiento y energ\u00eda."},{"@type":"BreadcrumbList","@id":"https:\/\/www.demusculos.com\/web\/producto\/ultra-mass-1-5-kg-pre-war-reload-combo-ena-sport\/#breadcrumb","itemListElement":[{"@type":"ListItem","position":1,"name":"Inicio","item":"https:\/\/www.demusculos.com\/web\/"},{"@type":"ListItem","position":2,"name":"Suplementos","item":"https:\/\/www.demusculos.com\/web\/tienda\/"},{"@type":"ListItem","position":3,"name":"Ultra Mass 1.5 kg + Pre War + Reload (Combo Ena Sport)"}]},{"@type":"WebSite","@id":"https:\/\/www.demusculos.com\/web\/#website","url":"https:\/\/www.demusculos.com\/web\/","name":"DeMusculos.com","description":"Suplementos Naturales","publisher":{"@id":"https:\/\/www.demusculos.com\/web\/#organization"},"alternateName":"Suplementos Naturales","potentialAction":[{"@type":"SearchAction","target":{"@type":"EntryPoint","urlTemplate":"https:\/\/www.demusculos.com\/web\/?s={search_term_string}"},"query-input":{"@type":"PropertyValueSpecification","valueRequired":true,"valueName":"search_term_string"}}],"inLanguage":"es"},{"@type":"Organization","@id":"https:\/\/www.demusculos.com\/web\/#organization","name":"DeMusculos.com","alternateName":"DeMusculos","url":"https:\/\/www.demusculos.com\/web\/","logo":{"@type":"ImageObject","inLanguage":"es","@id":"https:\/\/www.demusculos.com\/web\/#\/schema\/logo\/image\/","url":"https:\/\/www.demusculos.com\/web\/wp-content\/uploads\/2024\/02\/logo-demusculos-prestashop-usuario.png","contentUrl":"https:\/\/www.demusculos.com\/web\/wp-content\/uploads\/2024\/02\/logo-demusculos-prestashop-usuario.png","width":150,"height":150,"caption":"DeMusculos.com"},"image":{"@id":"https:\/\/www.demusculos.com\/web\/#\/schema\/logo\/image\/"},"sameAs":["https:\/\/www.facebook.com\/demusculos","https:\/\/x.com\/demusculos","https:\/\/www.instagram.com\/demusculos","https:\/\/www.tiktok.com\/@demusculos.com"]}]}},"_links":{"self":[{"href":"https:\/\/www.demusculos.com\/web\/wp-json\/wp\/v2\/product\/4359","targetHints":{"allow":["GET"]}}],"collection":[{"href":"https:\/\/www.demusculos.com\/web\/wp-json\/wp\/v2\/product"}],"about":[{"href":"https:\/\/www.demusculos.com\/web\/wp-json\/wp\/v2\/types\/product"}],"replies":[{"embeddable":true,"href":"https:\/\/www.demusculos.com\/web\/wp-json\/wp\/v2\/comments?post=4359"}],"wp:featuredmedia":[{"embeddable":true,"href":"https:\/\/www.demusculos.com\/web\/wp-json\/wp\/v2\/media\/4360"}],"wp:attachment":[{"href":"https:\/\/www.demusculos.com\/web\/wp-json\/wp\/v2\/media?parent=4359"}],"wp:term":[{"taxonomy":"product_brand","embeddable":true,"href":"https:\/\/www.demusculos.com\/web\/wp-json\/wp\/v2\/product_brand?post=4359"},{"taxonomy":"product_cat","embeddable":true,"href":"https:\/\/www.demusculos.com\/web\/wp-json\/wp\/v2\/product_cat?post=4359"},{"taxonomy":"product_tag","embeddable":true,"href":"https:\/\/www.demusculos.com\/web\/wp-json\/wp\/v2\/product_tag?post=4359"}],"curies":[{"name":"wp","href":"https:\/\/api.w.org\/{rel}","templated":true}]}}