{"id":450,"date":"2024-02-23T03:13:51","date_gmt":"2024-02-23T06:13:51","guid":{"rendered":"https:\/\/www.demusculos.com\/web\/?post_type=product&#038;p=450"},"modified":"2026-03-04T13:15:25","modified_gmt":"2026-03-04T16:15:25","slug":"cla-x-90-capsula-de-star-nutrition-regulador-de-metabolismo-quemador-de-grasas","status":"publish","type":"product","link":"https:\/\/www.demusculos.com\/web\/producto\/cla-x-90-capsula-de-star-nutrition-regulador-de-metabolismo-quemador-de-grasas\/","title":{"rendered":"Cla x 90 c\u00e1psula de Star Nutrition"},"content":{"rendered":"<h2 class=\"\" data-sourcepos=\"1:1-1:95\">Cla Star Nutrition: Tu Aliado Definitivo para Quemar Grasa y Definir tu Cuerpo<\/h2>\n<p>Cla Star Nutrition es un excelente aliado contra la perdida de peso y regulaci\u00f3n del metabolismo<\/p>\n<h2 data-sourcepos=\"1:1-1:95\"><img decoding=\"async\" class=\"alignnone size-medium wp-image-246\" src=\"https:\/\/www.demusculos.com\/web\/wp-content\/uploads\/2024\/02\/logo-star-nutrition-300x69.png\" alt=\"\" width=\"300\" height=\"69\" srcset=\"https:\/\/www.demusculos.com\/web\/wp-content\/uploads\/2024\/02\/logo-star-nutrition-300x69.png 300w, https:\/\/www.demusculos.com\/web\/wp-content\/uploads\/2024\/02\/logo-star-nutrition-150x35.png 150w, https:\/\/www.demusculos.com\/web\/wp-content\/uploads\/2024\/02\/logo-star-nutrition-416x96.png 416w, https:\/\/www.demusculos.com\/web\/wp-content\/uploads\/2024\/02\/logo-star-nutrition.png 446w\" sizes=\"(max-width: 300px) 100vw, 300px\" \/><\/h2>\n<figure id=\"attachment_5785\" aria-describedby=\"caption-attachment-5785\" style=\"width: 1080px\" class=\"wp-caption alignnone\"><img fetchpriority=\"high\" decoding=\"async\" class=\"wp-image-5785 size-full\" title=\"CLA de Star Nutrition x90\" src=\"https:\/\/www.demusculos.com\/web\/wp-content\/uploads\/2024\/02\/1-1.jpg\" alt=\"Cla de Star Nutrition. Ideal para regular el metabolismo y perder grasa corporal.\" width=\"1080\" height=\"1080\" srcset=\"https:\/\/www.demusculos.com\/web\/wp-content\/uploads\/2024\/02\/1-1.jpg 1080w, https:\/\/www.demusculos.com\/web\/wp-content\/uploads\/2024\/02\/1-1-300x300.jpg 300w, https:\/\/www.demusculos.com\/web\/wp-content\/uploads\/2024\/02\/1-1-150x150.jpg 150w, https:\/\/www.demusculos.com\/web\/wp-content\/uploads\/2024\/02\/1-1-800x800.jpg 800w, https:\/\/www.demusculos.com\/web\/wp-content\/uploads\/2024\/02\/1-1-1024x1024.jpg 1024w, https:\/\/www.demusculos.com\/web\/wp-content\/uploads\/2024\/02\/1-1-768x768.jpg 768w\" sizes=\"(max-width: 1080px) 100vw, 1080px\" \/><figcaption id=\"caption-attachment-5785\" class=\"wp-caption-text\">Excelente producto para bajar de peso. Sin estimulantes.<\/figcaption><\/figure>\n<p data-sourcepos=\"3:1-3:6\"><strong>\u00bfDeseas eliminar la grasa obstinada y esculpir un cuerpo tonificado?<\/strong><\/p>\n<p data-sourcepos=\"5:1-5:62\">Presentamos CLA 90 C\u00e1psulas de Star Nutrition, tu arma secreta para alcanzar tus objetivos de p\u00e9rdida de peso y definici\u00f3n muscular. Este poderoso quemador de grasa natural te ayuda a:<\/p>\n<p data-sourcepos=\"7:1-7:34\"><strong>Quemar grasa de forma eficiente:<\/strong><\/p>\n<ul data-sourcepos=\"9:1-10:10\">\n<li data-sourcepos=\"9:1-9:116\">Activa tu metabolismo para eliminar la grasa acumulada,\u00a0incluso en zonas dif\u00edciles como abdomen,\u00a0muslos y gl\u00fateos.<\/li>\n<li data-sourcepos=\"10:1-10:10\">Favorece la p\u00e9rdida de peso de forma saludable y sostenible.<\/li>\n<\/ul>\n<figure id=\"attachment_297\" aria-describedby=\"caption-attachment-297\" style=\"width: 300px\" class=\"wp-caption alignnone\"><img decoding=\"async\" class=\"size-full wp-image-297\" src=\"https:\/\/www.demusculos.com\/web\/wp-content\/uploads\/2024\/02\/quemador-definicion-descenso-bajar.png\" alt=\"\" width=\"300\" height=\"300\" srcset=\"https:\/\/www.demusculos.com\/web\/wp-content\/uploads\/2024\/02\/quemador-definicion-descenso-bajar.png 300w, https:\/\/www.demusculos.com\/web\/wp-content\/uploads\/2024\/02\/quemador-definicion-descenso-bajar-150x150.png 150w\" sizes=\"(max-width: 300px) 100vw, 300px\" \/><figcaption id=\"caption-attachment-297\" class=\"wp-caption-text\">Al bajar la grasa corporal tambi\u00e9n tonificamos y nos definimos. Muchos lo conocen el proceso de definici\u00f3n como \u00abmarcar\u00bb. Menos grasas es igual a menos cintura y grasas blandas en papada, gl\u00fateos y panza.<\/figcaption><\/figure>\n<figure id=\"attachment_5786\" aria-describedby=\"caption-attachment-5786\" style=\"width: 1080px\" class=\"wp-caption alignnone\"><img loading=\"lazy\" decoding=\"async\" class=\"wp-image-5786 size-full\" title=\"CLA de Star Nutrition x90 - 4 Beneficios\" src=\"https:\/\/www.demusculos.com\/web\/wp-content\/uploads\/2024\/02\/2-1.jpg\" alt=\"Te mencionamos algunos beneficios del CLA x90 de Star Nutrition, poderoso regulador de metabolismo\" width=\"1080\" height=\"1080\" srcset=\"https:\/\/www.demusculos.com\/web\/wp-content\/uploads\/2024\/02\/2-1.jpg 1080w, https:\/\/www.demusculos.com\/web\/wp-content\/uploads\/2024\/02\/2-1-300x300.jpg 300w, https:\/\/www.demusculos.com\/web\/wp-content\/uploads\/2024\/02\/2-1-150x150.jpg 150w, https:\/\/www.demusculos.com\/web\/wp-content\/uploads\/2024\/02\/2-1-800x800.jpg 800w, https:\/\/www.demusculos.com\/web\/wp-content\/uploads\/2024\/02\/2-1-1024x1024.jpg 1024w, https:\/\/www.demusculos.com\/web\/wp-content\/uploads\/2024\/02\/2-1-768x768.jpg 768w\" sizes=\"(max-width: 1080px) 100vw, 1080px\" \/><figcaption id=\"caption-attachment-5786\" class=\"wp-caption-text\">4 Beneficios Claves de Cla de 90 c\u00e1psulas &#8211; Star Nutrition<\/figcaption><\/figure>\n<p data-sourcepos=\"12:1-12:31\"><strong>Mantener tu masa muscular:<\/strong><\/p>\n<ul data-sourcepos=\"14:1-16:0\">\n<li data-sourcepos=\"14:1-14:94\">Previene el catabolismo muscular,\u00a0protegiendo tu tejido muscular durante la p\u00e9rdida de peso.<\/li>\n<li data-sourcepos=\"15:1-16:0\">Te permite esculpir un cuerpo definido y tonificado.<\/li>\n<\/ul>\n<p data-sourcepos=\"17:1-17:28\"><strong>Beneficios adicionales:<\/strong><\/p>\n<ul data-sourcepos=\"19:1-22:0\">\n<li data-sourcepos=\"19:1-19:68\">Libre de estimulantes,\u00a0ideal para personas sensibles a la cafe\u00edna.<\/li>\n<li data-sourcepos=\"20:1-20:44\">R\u00e1pida absorci\u00f3n para una acci\u00f3n efectiva.<\/li>\n<li data-sourcepos=\"21:1-22:0\">90 c\u00e1psulas blandas de f\u00e1cil ingesta.<\/li>\n<\/ul>\n<figure id=\"attachment_5787\" aria-describedby=\"caption-attachment-5787\" style=\"width: 1080px\" class=\"wp-caption alignnone\"><img loading=\"lazy\" decoding=\"async\" class=\"wp-image-5787 size-full\" title=\"CLA de Star Nutrition x90 - Beneficios Principal\" src=\"https:\/\/www.demusculos.com\/web\/wp-content\/uploads\/2024\/02\/3-1.jpg\" alt=\"Beneficios principal del CLA de Star Nutrition\" width=\"1080\" height=\"1080\" srcset=\"https:\/\/www.demusculos.com\/web\/wp-content\/uploads\/2024\/02\/3-1.jpg 1080w, https:\/\/www.demusculos.com\/web\/wp-content\/uploads\/2024\/02\/3-1-300x300.jpg 300w, https:\/\/www.demusculos.com\/web\/wp-content\/uploads\/2024\/02\/3-1-150x150.jpg 150w, https:\/\/www.demusculos.com\/web\/wp-content\/uploads\/2024\/02\/3-1-800x800.jpg 800w, https:\/\/www.demusculos.com\/web\/wp-content\/uploads\/2024\/02\/3-1-1024x1024.jpg 1024w, https:\/\/www.demusculos.com\/web\/wp-content\/uploads\/2024\/02\/3-1-768x768.jpg 768w\" sizes=\"(max-width: 1080px) 100vw, 1080px\" \/><figcaption id=\"caption-attachment-5787\" class=\"wp-caption-text\">Este es el beneficio principal del reductor de grasas CLA de Star Nutrition<\/figcaption><\/figure>\n<p data-sourcepos=\"23:1-23:31\"><strong>\u00bfC\u00f3mo usar CLA 90 C\u00e1psulas?<\/strong><\/p>\n<p data-sourcepos=\"25:1-25:53\">Toma 1 c\u00e1psula blanda 3 veces al d\u00eda, preferentemente una hora antes de las comidas.<\/p>\n<p data-sourcepos=\"27:1-27:94\"><strong>\u00a1No esperes m\u00e1s!<\/strong> Inicia tu transformaci\u00f3n hoy mismo con CLA 90 C\u00e1psulas.<\/p>\n<p data-sourcepos=\"29:1-29:69\"><strong>Star Nutrition:<\/strong> Tu mejor aliado para un estilo de vida saludable.<\/p>\n<p data-sourcepos=\"31:1-31:13\"><strong>Recuerda:<\/strong><\/p>\n<ul data-sourcepos=\"33:1-36:0\">\n<li data-sourcepos=\"33:1-33:31\">Este producto no tiene sabor.<\/li>\n<li data-sourcepos=\"34:1-34:28\">Es libre de gluten y TACC.<\/li>\n<li data-sourcepos=\"35:1-36:0\">No se aceptan devoluciones de productos abiertos.<\/li>\n<\/ul>\n<p data-sourcepos=\"37:1-37:72\"><strong>\u00a1Compra ahora y descubre el poder de CLA para transformar tu cuerpo!<\/strong><\/p>\n","protected":false},"excerpt":{"rendered":"<p>Regulador de metabolismo y reductor de peso sin estimulantes.<\/p>\n","protected":false},"featured_media":15050,"comment_status":"closed","ping_status":"closed","template":"","meta":[],"product_brand":[220],"product_cat":[19],"product_tag":[26],"class_list":{"0":"post-450","1":"product","2":"type-product","3":"status-publish","4":"has-post-thumbnail","6":"product_brand-star-nutrition","7":"product_cat-quemadores","8":"product_tag-star-nutrition","10":"first","11":"instock","12":"sale","13":"shipping-taxable","14":"purchasable","15":"product-type-simple"},"yoast_head":"<!-- This site is optimized with the Yoast SEO plugin v27.4 - https:\/\/yoast.com\/product\/yoast-seo-wordpress\/ -->\n<title>Cla Star Nutrition | 90 c\u00e1ps | Reductor de Peso | DeMusculos.com<\/title>\n<meta name=\"description\" content=\"Cla Star Nutrition x90 c\u00e1psulas es un excelente reductor de peso y regulador de metabolismo. Ideal para ambos sexos. Para todos los deportes. Env\u00edos.\" \/>\n<meta name=\"robots\" content=\"index, follow, max-snippet:-1, max-image-preview:large, max-video-preview:-1\" \/>\n<link rel=\"canonical\" href=\"https:\/\/www.demusculos.com\/web\/producto\/cla-x-90-capsula-de-star-nutrition-regulador-de-metabolismo-quemador-de-grasas\/\" \/>\n<meta property=\"og:locale\" content=\"es_ES\" \/>\n<meta property=\"og:type\" content=\"article\" \/>\n<meta property=\"og:title\" content=\"Cla Star Nutrition | 90 c\u00e1ps | Reductor de Peso | DeMusculos.com\" \/>\n<meta property=\"og:description\" content=\"Cla Star Nutrition x90 c\u00e1psulas es un excelente reductor de peso y regulador de metabolismo. Ideal para ambos sexos. Para todos los deportes. Env\u00edos.\" \/>\n<meta property=\"og:url\" content=\"https:\/\/www.demusculos.com\/web\/producto\/cla-x-90-capsula-de-star-nutrition-regulador-de-metabolismo-quemador-de-grasas\/\" \/>\n<meta property=\"og:site_name\" content=\"DeMusculos\" \/>\n<meta property=\"article:publisher\" content=\"https:\/\/www.facebook.com\/demusculos\" \/>\n<meta property=\"article:modified_time\" content=\"2026-03-04T16:15:25+00:00\" \/>\n<meta property=\"og:image\" content=\"https:\/\/www.demusculos.com\/web\/wp-content\/uploads\/2024\/02\/cla-x-90-star-01.webp\" \/>\n\t<meta property=\"og:image:width\" content=\"1200\" \/>\n\t<meta property=\"og:image:height\" content=\"1200\" \/>\n\t<meta property=\"og:image:type\" content=\"image\/webp\" \/>\n<meta name=\"twitter:card\" content=\"summary_large_image\" \/>\n<meta name=\"twitter:site\" content=\"@demusculos\" \/>\n<meta name=\"twitter:label1\" content=\"Tiempo de lectura\" \/>\n\t<meta name=\"twitter:data1\" content=\"3 minutos\" \/>\n<script type=\"application\/ld+json\" class=\"yoast-schema-graph\">{\"@context\":\"https:\\\/\\\/schema.org\",\"@graph\":[{\"@type\":\"WebPage\",\"@id\":\"https:\\\/\\\/www.demusculos.com\\\/web\\\/producto\\\/cla-x-90-capsula-de-star-nutrition-regulador-de-metabolismo-quemador-de-grasas\\\/\",\"url\":\"https:\\\/\\\/www.demusculos.com\\\/web\\\/producto\\\/cla-x-90-capsula-de-star-nutrition-regulador-de-metabolismo-quemador-de-grasas\\\/\",\"name\":\"Cla Star Nutrition | 90 c\u00e1ps | Reductor de Peso | DeMusculos.com\",\"isPartOf\":{\"@id\":\"https:\\\/\\\/www.demusculos.com\\\/web\\\/#website\"},\"primaryImageOfPage\":{\"@id\":\"https:\\\/\\\/www.demusculos.com\\\/web\\\/producto\\\/cla-x-90-capsula-de-star-nutrition-regulador-de-metabolismo-quemador-de-grasas\\\/#primaryimage\"},\"image\":{\"@id\":\"https:\\\/\\\/www.demusculos.com\\\/web\\\/producto\\\/cla-x-90-capsula-de-star-nutrition-regulador-de-metabolismo-quemador-de-grasas\\\/#primaryimage\"},\"thumbnailUrl\":\"https:\\\/\\\/www.demusculos.com\\\/web\\\/wp-content\\\/uploads\\\/2024\\\/02\\\/cla-x-90-star-01.webp\",\"datePublished\":\"2024-02-23T06:13:51+00:00\",\"dateModified\":\"2026-03-04T16:15:25+00:00\",\"description\":\"Cla Star Nutrition x90 c\u00e1psulas es un excelente reductor de peso y regulador de metabolismo. Ideal para ambos sexos. Para todos los deportes. Env\u00edos.\",\"breadcrumb\":{\"@id\":\"https:\\\/\\\/www.demusculos.com\\\/web\\\/producto\\\/cla-x-90-capsula-de-star-nutrition-regulador-de-metabolismo-quemador-de-grasas\\\/#breadcrumb\"},\"inLanguage\":\"es\",\"potentialAction\":[{\"@type\":\"ReadAction\",\"target\":[\"https:\\\/\\\/www.demusculos.com\\\/web\\\/producto\\\/cla-x-90-capsula-de-star-nutrition-regulador-de-metabolismo-quemador-de-grasas\\\/\"]}]},{\"@type\":\"ImageObject\",\"inLanguage\":\"es\",\"@id\":\"https:\\\/\\\/www.demusculos.com\\\/web\\\/producto\\\/cla-x-90-capsula-de-star-nutrition-regulador-de-metabolismo-quemador-de-grasas\\\/#primaryimage\",\"url\":\"https:\\\/\\\/www.demusculos.com\\\/web\\\/wp-content\\\/uploads\\\/2024\\\/02\\\/cla-x-90-star-01.webp\",\"contentUrl\":\"https:\\\/\\\/www.demusculos.com\\\/web\\\/wp-content\\\/uploads\\\/2024\\\/02\\\/cla-x-90-star-01.webp\",\"width\":1200,\"height\":1200,\"caption\":\"CLA x90 de Star Nutrition 1000 mg\"},{\"@type\":\"BreadcrumbList\",\"@id\":\"https:\\\/\\\/www.demusculos.com\\\/web\\\/producto\\\/cla-x-90-capsula-de-star-nutrition-regulador-de-metabolismo-quemador-de-grasas\\\/#breadcrumb\",\"itemListElement\":[{\"@type\":\"ListItem\",\"position\":1,\"name\":\"Inicio\",\"item\":\"https:\\\/\\\/www.demusculos.com\\\/web\\\/\"},{\"@type\":\"ListItem\",\"position\":2,\"name\":\"Suplementos\",\"item\":\"https:\\\/\\\/www.demusculos.com\\\/web\\\/tienda\\\/\"},{\"@type\":\"ListItem\",\"position\":3,\"name\":\"Cla x 90 c\u00e1psula de Star Nutrition\"}]},{\"@type\":\"WebSite\",\"@id\":\"https:\\\/\\\/www.demusculos.com\\\/web\\\/#website\",\"url\":\"https:\\\/\\\/www.demusculos.com\\\/web\\\/\",\"name\":\"DeMusculos.com\",\"description\":\"Suplementos Naturales\",\"publisher\":{\"@id\":\"https:\\\/\\\/www.demusculos.com\\\/web\\\/#organization\"},\"alternateName\":\"Suplementos Naturales\",\"potentialAction\":[{\"@type\":\"SearchAction\",\"target\":{\"@type\":\"EntryPoint\",\"urlTemplate\":\"https:\\\/\\\/www.demusculos.com\\\/web\\\/?s={search_term_string}\"},\"query-input\":{\"@type\":\"PropertyValueSpecification\",\"valueRequired\":true,\"valueName\":\"search_term_string\"}}],\"inLanguage\":\"es\"},{\"@type\":\"Organization\",\"@id\":\"https:\\\/\\\/www.demusculos.com\\\/web\\\/#organization\",\"name\":\"DeMusculos.com\",\"alternateName\":\"DeMusculos\",\"url\":\"https:\\\/\\\/www.demusculos.com\\\/web\\\/\",\"logo\":{\"@type\":\"ImageObject\",\"inLanguage\":\"es\",\"@id\":\"https:\\\/\\\/www.demusculos.com\\\/web\\\/#\\\/schema\\\/logo\\\/image\\\/\",\"url\":\"https:\\\/\\\/www.demusculos.com\\\/web\\\/wp-content\\\/uploads\\\/2024\\\/02\\\/logo-demusculos-prestashop-usuario.png\",\"contentUrl\":\"https:\\\/\\\/www.demusculos.com\\\/web\\\/wp-content\\\/uploads\\\/2024\\\/02\\\/logo-demusculos-prestashop-usuario.png\",\"width\":150,\"height\":150,\"caption\":\"DeMusculos.com\"},\"image\":{\"@id\":\"https:\\\/\\\/www.demusculos.com\\\/web\\\/#\\\/schema\\\/logo\\\/image\\\/\"},\"sameAs\":[\"https:\\\/\\\/www.facebook.com\\\/demusculos\",\"https:\\\/\\\/x.com\\\/demusculos\",\"https:\\\/\\\/www.instagram.com\\\/demusculos\",\"https:\\\/\\\/www.tiktok.com\\\/@demusculos.com\"]}]}<\/script>\n<!-- \/ Yoast SEO plugin. -->","yoast_head_json":{"title":"Cla Star Nutrition | 90 c\u00e1ps | Reductor de Peso | DeMusculos.com","description":"Cla Star Nutrition x90 c\u00e1psulas es un excelente reductor de peso y regulador de metabolismo. Ideal para ambos sexos. Para todos los deportes. Env\u00edos.","robots":{"index":"index","follow":"follow","max-snippet":"max-snippet:-1","max-image-preview":"max-image-preview:large","max-video-preview":"max-video-preview:-1"},"canonical":"https:\/\/www.demusculos.com\/web\/producto\/cla-x-90-capsula-de-star-nutrition-regulador-de-metabolismo-quemador-de-grasas\/","og_locale":"es_ES","og_type":"article","og_title":"Cla Star Nutrition | 90 c\u00e1ps | Reductor de Peso | DeMusculos.com","og_description":"Cla Star Nutrition x90 c\u00e1psulas es un excelente reductor de peso y regulador de metabolismo. Ideal para ambos sexos. Para todos los deportes. Env\u00edos.","og_url":"https:\/\/www.demusculos.com\/web\/producto\/cla-x-90-capsula-de-star-nutrition-regulador-de-metabolismo-quemador-de-grasas\/","og_site_name":"DeMusculos","article_publisher":"https:\/\/www.facebook.com\/demusculos","article_modified_time":"2026-03-04T16:15:25+00:00","og_image":[{"width":1200,"height":1200,"url":"https:\/\/www.demusculos.com\/web\/wp-content\/uploads\/2024\/02\/cla-x-90-star-01.webp","type":"image\/webp"}],"twitter_card":"summary_large_image","twitter_site":"@demusculos","twitter_misc":{"Tiempo de lectura":"3 minutos"},"schema":{"@context":"https:\/\/schema.org","@graph":[{"@type":"WebPage","@id":"https:\/\/www.demusculos.com\/web\/producto\/cla-x-90-capsula-de-star-nutrition-regulador-de-metabolismo-quemador-de-grasas\/","url":"https:\/\/www.demusculos.com\/web\/producto\/cla-x-90-capsula-de-star-nutrition-regulador-de-metabolismo-quemador-de-grasas\/","name":"Cla Star Nutrition | 90 c\u00e1ps | Reductor de Peso | DeMusculos.com","isPartOf":{"@id":"https:\/\/www.demusculos.com\/web\/#website"},"primaryImageOfPage":{"@id":"https:\/\/www.demusculos.com\/web\/producto\/cla-x-90-capsula-de-star-nutrition-regulador-de-metabolismo-quemador-de-grasas\/#primaryimage"},"image":{"@id":"https:\/\/www.demusculos.com\/web\/producto\/cla-x-90-capsula-de-star-nutrition-regulador-de-metabolismo-quemador-de-grasas\/#primaryimage"},"thumbnailUrl":"https:\/\/www.demusculos.com\/web\/wp-content\/uploads\/2024\/02\/cla-x-90-star-01.webp","datePublished":"2024-02-23T06:13:51+00:00","dateModified":"2026-03-04T16:15:25+00:00","description":"Cla Star Nutrition x90 c\u00e1psulas es un excelente reductor de peso y regulador de metabolismo. Ideal para ambos sexos. Para todos los deportes. Env\u00edos.","breadcrumb":{"@id":"https:\/\/www.demusculos.com\/web\/producto\/cla-x-90-capsula-de-star-nutrition-regulador-de-metabolismo-quemador-de-grasas\/#breadcrumb"},"inLanguage":"es","potentialAction":[{"@type":"ReadAction","target":["https:\/\/www.demusculos.com\/web\/producto\/cla-x-90-capsula-de-star-nutrition-regulador-de-metabolismo-quemador-de-grasas\/"]}]},{"@type":"ImageObject","inLanguage":"es","@id":"https:\/\/www.demusculos.com\/web\/producto\/cla-x-90-capsula-de-star-nutrition-regulador-de-metabolismo-quemador-de-grasas\/#primaryimage","url":"https:\/\/www.demusculos.com\/web\/wp-content\/uploads\/2024\/02\/cla-x-90-star-01.webp","contentUrl":"https:\/\/www.demusculos.com\/web\/wp-content\/uploads\/2024\/02\/cla-x-90-star-01.webp","width":1200,"height":1200,"caption":"CLA x90 de Star Nutrition 1000 mg"},{"@type":"BreadcrumbList","@id":"https:\/\/www.demusculos.com\/web\/producto\/cla-x-90-capsula-de-star-nutrition-regulador-de-metabolismo-quemador-de-grasas\/#breadcrumb","itemListElement":[{"@type":"ListItem","position":1,"name":"Inicio","item":"https:\/\/www.demusculos.com\/web\/"},{"@type":"ListItem","position":2,"name":"Suplementos","item":"https:\/\/www.demusculos.com\/web\/tienda\/"},{"@type":"ListItem","position":3,"name":"Cla x 90 c\u00e1psula de Star Nutrition"}]},{"@type":"WebSite","@id":"https:\/\/www.demusculos.com\/web\/#website","url":"https:\/\/www.demusculos.com\/web\/","name":"DeMusculos.com","description":"Suplementos Naturales","publisher":{"@id":"https:\/\/www.demusculos.com\/web\/#organization"},"alternateName":"Suplementos Naturales","potentialAction":[{"@type":"SearchAction","target":{"@type":"EntryPoint","urlTemplate":"https:\/\/www.demusculos.com\/web\/?s={search_term_string}"},"query-input":{"@type":"PropertyValueSpecification","valueRequired":true,"valueName":"search_term_string"}}],"inLanguage":"es"},{"@type":"Organization","@id":"https:\/\/www.demusculos.com\/web\/#organization","name":"DeMusculos.com","alternateName":"DeMusculos","url":"https:\/\/www.demusculos.com\/web\/","logo":{"@type":"ImageObject","inLanguage":"es","@id":"https:\/\/www.demusculos.com\/web\/#\/schema\/logo\/image\/","url":"https:\/\/www.demusculos.com\/web\/wp-content\/uploads\/2024\/02\/logo-demusculos-prestashop-usuario.png","contentUrl":"https:\/\/www.demusculos.com\/web\/wp-content\/uploads\/2024\/02\/logo-demusculos-prestashop-usuario.png","width":150,"height":150,"caption":"DeMusculos.com"},"image":{"@id":"https:\/\/www.demusculos.com\/web\/#\/schema\/logo\/image\/"},"sameAs":["https:\/\/www.facebook.com\/demusculos","https:\/\/x.com\/demusculos","https:\/\/www.instagram.com\/demusculos","https:\/\/www.tiktok.com\/@demusculos.com"]}]}},"_links":{"self":[{"href":"https:\/\/www.demusculos.com\/web\/wp-json\/wp\/v2\/product\/450","targetHints":{"allow":["GET"]}}],"collection":[{"href":"https:\/\/www.demusculos.com\/web\/wp-json\/wp\/v2\/product"}],"about":[{"href":"https:\/\/www.demusculos.com\/web\/wp-json\/wp\/v2\/types\/product"}],"replies":[{"embeddable":true,"href":"https:\/\/www.demusculos.com\/web\/wp-json\/wp\/v2\/comments?post=450"}],"wp:featuredmedia":[{"embeddable":true,"href":"https:\/\/www.demusculos.com\/web\/wp-json\/wp\/v2\/media\/15050"}],"wp:attachment":[{"href":"https:\/\/www.demusculos.com\/web\/wp-json\/wp\/v2\/media?parent=450"}],"wp:term":[{"taxonomy":"product_brand","embeddable":true,"href":"https:\/\/www.demusculos.com\/web\/wp-json\/wp\/v2\/product_brand?post=450"},{"taxonomy":"product_cat","embeddable":true,"href":"https:\/\/www.demusculos.com\/web\/wp-json\/wp\/v2\/product_cat?post=450"},{"taxonomy":"product_tag","embeddable":true,"href":"https:\/\/www.demusculos.com\/web\/wp-json\/wp\/v2\/product_tag?post=450"}],"curies":[{"name":"wp","href":"https:\/\/api.w.org\/{rel}","templated":true}]}}