{"id":4547,"date":"2024-04-13T11:52:20","date_gmt":"2024-04-13T14:52:20","guid":{"rendered":"https:\/\/www.demusculos.com\/web\/?post_type=product&#038;p=4547"},"modified":"2026-02-01T20:02:33","modified_gmt":"2026-02-01T23:02:33","slug":"carnitina-dmsport","status":"publish","type":"product","link":"https:\/\/www.demusculos.com\/web\/producto\/carnitina-dmsport\/","title":{"rendered":"Carnitina Nutrition Research 1500 mg +Vitamina C 40 mg"},"content":{"rendered":"<p><span style=\"font-size: 2em;\">L-Carnitina Nutrition Research<\/span><\/p>\n<p><em>La L-Carnitina Nutrition Research es un excelente quemador de grasas sin estimulantes. No contiene cafe\u00edna. No te \u00abacelera\u00bb ni te quieta el sue\u00f1o. Se encarga de transformar la grasa en energ\u00eda<\/em><\/p>\n<figure id=\"attachment_142\" aria-describedby=\"caption-attachment-142\" style=\"width: 300px\" class=\"wp-caption alignnone\"><img decoding=\"async\" class=\"size-full wp-image-142\" src=\"https:\/\/www.demusculos.com\/web\/wp-content\/uploads\/2024\/02\/puntos-estrellas-10.png\" alt=\"Calificaci\u00f3n: 10 puntos\" width=\"300\" height=\"30\" srcset=\"https:\/\/www.demusculos.com\/web\/wp-content\/uploads\/2024\/02\/puntos-estrellas-10.png 300w, https:\/\/www.demusculos.com\/web\/wp-content\/uploads\/2024\/02\/puntos-estrellas-10-150x15.png 150w\" sizes=\"(max-width: 300px) 100vw, 300px\" \/><figcaption id=\"caption-attachment-142\" class=\"wp-caption-text\">Calidad de las materias primas comparada con otras marcas del mercado<\/figcaption><\/figure>\n<figure id=\"attachment_139\" aria-describedby=\"caption-attachment-139\" style=\"width: 300px\" class=\"wp-caption alignnone\"><img decoding=\"async\" class=\"size-full wp-image-139\" src=\"https:\/\/www.demusculos.com\/web\/wp-content\/uploads\/2024\/02\/puntos-estrellas-07.png\" alt=\"Calificaci\u00f3n: 7 puntos\" width=\"300\" height=\"30\" srcset=\"https:\/\/www.demusculos.com\/web\/wp-content\/uploads\/2024\/02\/puntos-estrellas-07.png 300w, https:\/\/www.demusculos.com\/web\/wp-content\/uploads\/2024\/02\/puntos-estrellas-07-150x15.png 150w\" sizes=\"(max-width: 300px) 100vw, 300px\" \/><figcaption id=\"caption-attachment-139\" class=\"wp-caption-text\">Valor del producto en el mercado.<\/figcaption><\/figure>\n<p><img fetchpriority=\"high\" decoding=\"async\" class=\"alignnone size-full wp-image-14892\" src=\"https:\/\/www.demusculos.com\/web\/wp-content\/uploads\/2024\/04\/nutrition-research-l-carnitina-a3.webp\" alt=\"Carnitina Nutrition Research\" width=\"1080\" height=\"1080\" srcset=\"https:\/\/www.demusculos.com\/web\/wp-content\/uploads\/2024\/04\/nutrition-research-l-carnitina-a3.webp 1080w, https:\/\/www.demusculos.com\/web\/wp-content\/uploads\/2024\/04\/nutrition-research-l-carnitina-a3-300x300.webp 300w, https:\/\/www.demusculos.com\/web\/wp-content\/uploads\/2024\/04\/nutrition-research-l-carnitina-a3-1024x1024.webp 1024w, https:\/\/www.demusculos.com\/web\/wp-content\/uploads\/2024\/04\/nutrition-research-l-carnitina-a3-150x150.webp 150w, https:\/\/www.demusculos.com\/web\/wp-content\/uploads\/2024\/04\/nutrition-research-l-carnitina-a3-768x768.webp 768w, https:\/\/www.demusculos.com\/web\/wp-content\/uploads\/2024\/04\/nutrition-research-l-carnitina-a3-990x990.webp 990w, https:\/\/www.demusculos.com\/web\/wp-content\/uploads\/2024\/04\/nutrition-research-l-carnitina-a3-441x441.webp 441w, https:\/\/www.demusculos.com\/web\/wp-content\/uploads\/2024\/04\/nutrition-research-l-carnitina-a3-100x100.webp 100w, https:\/\/www.demusculos.com\/web\/wp-content\/uploads\/2024\/04\/nutrition-research-l-carnitina-a3-800x800.webp 800w\" sizes=\"(max-width: 1080px) 100vw, 1080px\" \/><\/p>\n<h2>Quemador de grasas + Vitamina C<\/h2>\n<p>1. Transporte de \u00c1cidos Grasos: La L-carnitina es esencial en el transporte de \u00e1cidos grasos a las mitocondrias, los \u201cmotores\u201d de tus c\u00e9lulas, donde se queman para obtener energ\u00eda.<\/p>\n<p>2. Potencial Quemador de Grasa: Al facilitar que m\u00e1s \u00e1cidos grasos entren en tus c\u00e9lulas para ser quemados, la L-carnitina podr\u00eda aumentar tu capacidad para perder peso y reducir la grasa acumulada, especialmente si eres una persona con sobrepeso.<\/p>\n<div class=\"mceTemp\"><\/div>\n<figure id=\"attachment_185\" aria-describedby=\"caption-attachment-185\" style=\"width: 300px\" class=\"wp-caption alignnone\"><img loading=\"lazy\" decoding=\"async\" class=\"size-full wp-image-185\" src=\"https:\/\/www.demusculos.com\/web\/wp-content\/uploads\/2024\/02\/sin-tacc.png\" alt=\"Este suplemento deportivo es 100% natural y puede ser consumido por personas celiacas: Es libre de TACC.\" width=\"300\" height=\"300\" srcset=\"https:\/\/www.demusculos.com\/web\/wp-content\/uploads\/2024\/02\/sin-tacc.png 300w, https:\/\/www.demusculos.com\/web\/wp-content\/uploads\/2024\/02\/sin-tacc-150x150.png 150w\" sizes=\"(max-width: 300px) 100vw, 300px\" \/><figcaption id=\"caption-attachment-185\" class=\"wp-caption-text\">Este producto no contiene trigo, avena, centeno y cebada. Es libre de TACC y es apto para celiacos.<\/figcaption><\/figure>\n<p>3. Mejora del Rendimiento F\u00edsico: No solo es para perder peso, sino que tambi\u00e9n puede mejorar tu rendimiento durante el ejercicio intenso, lo que te permite entrenar m\u00e1s duro y por m\u00e1s tiempo.<\/p>\n<p>4. Beneficios Cognitivos: Adem\u00e1s, algunos estudios sugieren que puede beneficiar a las personas con enfermedades neurodegenerativas, mejorando las capacidades cognitivas como memoria y atenci\u00f3n.<\/p>\n<p>5. Variedad de Formas: Existen diferentes tipos de L-carnitina, como la Acetil-L-carnitina para el cerebro y la Propionil-L-carnitina para problemas circulatorios, as\u00ed que puedes elegir la que mejor se adapte a tus necesidades.<\/p>\n<p>Recuerda, la L-carnitina es como el combustible para tu motor metab\u00f3lico, ayud\u00e1ndote a quemar grasa y a cargar tus bater\u00edas para un rendimiento \u00f3ptimo. \u00bfListo para darle un giro a tu rutina de ejercicios y a tu camino hacia la p\u00e9rdida de peso? \u00a1La L-carnitina podr\u00eda ser justo lo que necesitas!<\/p>\n<p><img loading=\"lazy\" decoding=\"async\" class=\"alignnone size-full wp-image-14893\" src=\"https:\/\/www.demusculos.com\/web\/wp-content\/uploads\/2024\/04\/nutrition-research-l-carnitina-a4.webp\" alt=\"Carnitina Nutrition Research\" width=\"1080\" height=\"1080\" srcset=\"https:\/\/www.demusculos.com\/web\/wp-content\/uploads\/2024\/04\/nutrition-research-l-carnitina-a4.webp 1080w, https:\/\/www.demusculos.com\/web\/wp-content\/uploads\/2024\/04\/nutrition-research-l-carnitina-a4-300x300.webp 300w, https:\/\/www.demusculos.com\/web\/wp-content\/uploads\/2024\/04\/nutrition-research-l-carnitina-a4-1024x1024.webp 1024w, https:\/\/www.demusculos.com\/web\/wp-content\/uploads\/2024\/04\/nutrition-research-l-carnitina-a4-150x150.webp 150w, https:\/\/www.demusculos.com\/web\/wp-content\/uploads\/2024\/04\/nutrition-research-l-carnitina-a4-768x768.webp 768w, https:\/\/www.demusculos.com\/web\/wp-content\/uploads\/2024\/04\/nutrition-research-l-carnitina-a4-990x990.webp 990w, https:\/\/www.demusculos.com\/web\/wp-content\/uploads\/2024\/04\/nutrition-research-l-carnitina-a4-441x441.webp 441w, https:\/\/www.demusculos.com\/web\/wp-content\/uploads\/2024\/04\/nutrition-research-l-carnitina-a4-100x100.webp 100w, https:\/\/www.demusculos.com\/web\/wp-content\/uploads\/2024\/04\/nutrition-research-l-carnitina-a4-800x800.webp 800w\" sizes=\"(max-width: 1080px) 100vw, 1080px\" \/><\/p>\n<p>&nbsp;<\/p>\n<figure id=\"attachment_297\" aria-describedby=\"caption-attachment-297\" style=\"width: 300px\" class=\"wp-caption alignnone\"><img loading=\"lazy\" decoding=\"async\" class=\"size-full wp-image-297\" src=\"https:\/\/www.demusculos.com\/web\/wp-content\/uploads\/2024\/02\/quemador-definicion-descenso-bajar.png\" alt=\"Es ideal para el descenso de peso y tono muscular. Con un plan de alimentaci\u00f3n y entrenamiento los resultados se potencian.\" width=\"300\" height=\"300\" srcset=\"https:\/\/www.demusculos.com\/web\/wp-content\/uploads\/2024\/02\/quemador-definicion-descenso-bajar.png 300w, https:\/\/www.demusculos.com\/web\/wp-content\/uploads\/2024\/02\/quemador-definicion-descenso-bajar-150x150.png 150w\" sizes=\"(max-width: 300px) 100vw, 300px\" \/><figcaption id=\"caption-attachment-297\" class=\"wp-caption-text\">Al bajar la grasa corporal tambi\u00e9n tonificamos y nos definimos. Muchos lo conocen el proceso de definici\u00f3n como \u00abmarcar\u00bb. Menos grasas es igual a menos cintura y grasas blandas en papada, gl\u00fateos y panza.<\/figcaption><\/figure>\n<h2 data-sourcepos=\"3:1-3:51\">Consejos para quemar grasas y usar L-Carnitina Nutrition Research:<\/h2>\n<ul data-sourcepos=\"5:1-13:0\">\n<li data-sourcepos=\"6:1-6:218\"><strong>Comb\u00ednala con ejercicio:<\/strong> La L-carnitina funciona mejor cuando se combina con actividad f\u00edsica regular. El ejercicio ayuda a movilizar las grasas y la L-carnitina facilita su transporte y utilizaci\u00f3n como energ\u00eda.<\/li>\n<li data-sourcepos=\"7:1-7:153\"><strong>Elige ejercicios cardiovasculares:<\/strong> Los ejercicios aer\u00f3bicos, como correr, nadar o andar en bicicleta, son excelentes para quemar calor\u00edas y grasas.<\/li>\n<li data-sourcepos=\"8:1-8:202\"><strong>Incluye <span class=\"citation-0\">entrenamiento de fuerza:<\/span><\/strong><span class=\"citation-0 citation-end-0\"> El entrenamiento de fuerza ayuda a aumentar la masa muscular, lo que a su vez aumenta tu metabolismo<\/span> basal y te ayuda a quemar m\u00e1s calor\u00edas en reposo.<span class=\"button-container ng-star-inserted\">\u00a0 \u00a0<\/span><\/li>\n<\/ul>\n<ul data-sourcepos=\"5:1-13:0\">\n<li data-sourcepos=\"8:1-8:202\"><strong>Alimentaci\u00f3n saludable:<\/strong> Una dieta equilibrada y baja en calor\u00edas es esencial para perder peso. Prioriza alimentos ricos en fibra, prote\u00ednas y grasas saludables, y reduce el consumo de az\u00facares y grasas saturadas.<\/li>\n<li data-sourcepos=\"10:1-10:131\"><strong>Hidrataci\u00f3n:<\/strong> Bebe suficiente agua a lo largo del d\u00eda para mantener tu cuerpo hidratado y optimizar tus funciones metab\u00f3licas.<\/li>\n<li data-sourcepos=\"11:1-11:117\"><strong>Descanso adecuado:<\/strong> El sue\u00f1o es fundamental para la recuperaci\u00f3n muscular y el correcto funcionamiento hormonal.<\/li>\n<li data-sourcepos=\"12:1-13:0\"><strong>S\u00e9 paciente:<\/strong> La p\u00e9rdida de peso es un proceso gradual. No te desanimes si no ves resultados inmediatos.<\/li>\n<\/ul>\n<p>&nbsp;<\/p>\n<p><img loading=\"lazy\" decoding=\"async\" class=\"alignnone size-full wp-image-14894\" src=\"https:\/\/www.demusculos.com\/web\/wp-content\/uploads\/2024\/04\/nutrition-research-l-carnitina-a5.webp\" alt=\"Carnitina Nutrition Research\" width=\"1080\" height=\"1080\" srcset=\"https:\/\/www.demusculos.com\/web\/wp-content\/uploads\/2024\/04\/nutrition-research-l-carnitina-a5.webp 1080w, https:\/\/www.demusculos.com\/web\/wp-content\/uploads\/2024\/04\/nutrition-research-l-carnitina-a5-300x300.webp 300w, https:\/\/www.demusculos.com\/web\/wp-content\/uploads\/2024\/04\/nutrition-research-l-carnitina-a5-1024x1024.webp 1024w, https:\/\/www.demusculos.com\/web\/wp-content\/uploads\/2024\/04\/nutrition-research-l-carnitina-a5-150x150.webp 150w, https:\/\/www.demusculos.com\/web\/wp-content\/uploads\/2024\/04\/nutrition-research-l-carnitina-a5-768x768.webp 768w, https:\/\/www.demusculos.com\/web\/wp-content\/uploads\/2024\/04\/nutrition-research-l-carnitina-a5-990x990.webp 990w, https:\/\/www.demusculos.com\/web\/wp-content\/uploads\/2024\/04\/nutrition-research-l-carnitina-a5-441x441.webp 441w, https:\/\/www.demusculos.com\/web\/wp-content\/uploads\/2024\/04\/nutrition-research-l-carnitina-a5-100x100.webp 100w, https:\/\/www.demusculos.com\/web\/wp-content\/uploads\/2024\/04\/nutrition-research-l-carnitina-a5-800x800.webp 800w\" sizes=\"(max-width: 1080px) 100vw, 1080px\" \/><\/p>\n<p><img loading=\"lazy\" decoding=\"async\" class=\"alignnone size-full wp-image-14895\" src=\"https:\/\/www.demusculos.com\/web\/wp-content\/uploads\/2024\/04\/nutrition-research-l-carnitina-a6.webp\" alt=\"Carnitina Nutrition Research\" width=\"1080\" height=\"1080\" srcset=\"https:\/\/www.demusculos.com\/web\/wp-content\/uploads\/2024\/04\/nutrition-research-l-carnitina-a6.webp 1080w, https:\/\/www.demusculos.com\/web\/wp-content\/uploads\/2024\/04\/nutrition-research-l-carnitina-a6-300x300.webp 300w, https:\/\/www.demusculos.com\/web\/wp-content\/uploads\/2024\/04\/nutrition-research-l-carnitina-a6-1024x1024.webp 1024w, https:\/\/www.demusculos.com\/web\/wp-content\/uploads\/2024\/04\/nutrition-research-l-carnitina-a6-150x150.webp 150w, https:\/\/www.demusculos.com\/web\/wp-content\/uploads\/2024\/04\/nutrition-research-l-carnitina-a6-768x768.webp 768w, https:\/\/www.demusculos.com\/web\/wp-content\/uploads\/2024\/04\/nutrition-research-l-carnitina-a6-990x990.webp 990w, https:\/\/www.demusculos.com\/web\/wp-content\/uploads\/2024\/04\/nutrition-research-l-carnitina-a6-441x441.webp 441w, https:\/\/www.demusculos.com\/web\/wp-content\/uploads\/2024\/04\/nutrition-research-l-carnitina-a6-100x100.webp 100w, https:\/\/www.demusculos.com\/web\/wp-content\/uploads\/2024\/04\/nutrition-research-l-carnitina-a6-800x800.webp 800w\" sizes=\"(max-width: 1080px) 100vw, 1080px\" \/><\/p>\n","protected":false},"excerpt":{"rendered":"<p>Quemador de grasas 100% natural a base de L-Carnitina. Sin estimulantes.<\/p>\n","protected":false},"featured_media":14890,"comment_status":"closed","ping_status":"closed","template":"","meta":[],"product_brand":[256],"product_cat":[19],"product_tag":[257],"class_list":{"0":"post-4547","1":"product","2":"type-product","3":"status-publish","4":"has-post-thumbnail","6":"product_brand-nutrition-research","7":"product_cat-quemadores","8":"product_tag-nutrition-research","10":"first","11":"outofstock","12":"sale","13":"shipping-taxable","14":"purchasable","15":"product-type-variable"},"yoast_head":"<!-- This site is optimized with the Yoast SEO plugin v27.3 - https:\/\/yoast.com\/product\/yoast-seo-wordpress\/ -->\n<title>L-Carnitina Nutrition Research | Quemador de grasas | DeMusculos<\/title>\n<meta name=\"description\" content=\"La L-Carnitina Nutrition Research es ideal para quemar grasas. Sirve para el metabolismo del hombre y de la mujer. Enviamos a toda la Argentina.\" \/>\n<meta name=\"robots\" content=\"index, follow, max-snippet:-1, max-image-preview:large, max-video-preview:-1\" \/>\n<link rel=\"canonical\" href=\"https:\/\/www.demusculos.com\/web\/producto\/carnitina-dmsport\/\" \/>\n<meta property=\"og:locale\" content=\"es_ES\" \/>\n<meta property=\"og:type\" content=\"article\" \/>\n<meta property=\"og:title\" content=\"L-Carnitina Nutrition Research | Quemador de grasas | DeMusculos\" \/>\n<meta property=\"og:description\" content=\"La L-Carnitina Nutrition Research es ideal para quemar grasas. Sirve para el metabolismo del hombre y de la mujer. Enviamos a toda la Argentina.\" \/>\n<meta property=\"og:url\" content=\"https:\/\/www.demusculos.com\/web\/producto\/carnitina-dmsport\/\" \/>\n<meta property=\"og:site_name\" content=\"DeMusculos\" \/>\n<meta property=\"article:publisher\" content=\"https:\/\/www.facebook.com\/demusculos\" \/>\n<meta property=\"article:modified_time\" content=\"2026-02-01T23:02:33+00:00\" \/>\n<meta property=\"og:image\" content=\"https:\/\/www.demusculos.com\/web\/wp-content\/uploads\/2024\/04\/nutrition-research-l-carnitina-a1.webp\" \/>\n\t<meta property=\"og:image:width\" content=\"1080\" \/>\n\t<meta property=\"og:image:height\" content=\"1080\" \/>\n\t<meta property=\"og:image:type\" content=\"image\/webp\" \/>\n<meta name=\"twitter:card\" content=\"summary_large_image\" \/>\n<meta name=\"twitter:site\" content=\"@demusculos\" \/>\n<meta name=\"twitter:label1\" content=\"Tiempo de lectura\" \/>\n\t<meta name=\"twitter:data1\" content=\"5 minutos\" \/>\n<script type=\"application\/ld+json\" class=\"yoast-schema-graph\">{\"@context\":\"https:\\\/\\\/schema.org\",\"@graph\":[{\"@type\":\"WebPage\",\"@id\":\"https:\\\/\\\/www.demusculos.com\\\/web\\\/producto\\\/carnitina-dmsport\\\/\",\"url\":\"https:\\\/\\\/www.demusculos.com\\\/web\\\/producto\\\/carnitina-dmsport\\\/\",\"name\":\"L-Carnitina Nutrition Research | Quemador de grasas | DeMusculos\",\"isPartOf\":{\"@id\":\"https:\\\/\\\/www.demusculos.com\\\/web\\\/#website\"},\"primaryImageOfPage\":{\"@id\":\"https:\\\/\\\/www.demusculos.com\\\/web\\\/producto\\\/carnitina-dmsport\\\/#primaryimage\"},\"image\":{\"@id\":\"https:\\\/\\\/www.demusculos.com\\\/web\\\/producto\\\/carnitina-dmsport\\\/#primaryimage\"},\"thumbnailUrl\":\"https:\\\/\\\/www.demusculos.com\\\/web\\\/wp-content\\\/uploads\\\/2024\\\/04\\\/nutrition-research-l-carnitina-a1.webp\",\"datePublished\":\"2024-04-13T14:52:20+00:00\",\"dateModified\":\"2026-02-01T23:02:33+00:00\",\"description\":\"La L-Carnitina Nutrition Research es ideal para quemar grasas. Sirve para el metabolismo del hombre y de la mujer. Enviamos a toda la Argentina.\",\"breadcrumb\":{\"@id\":\"https:\\\/\\\/www.demusculos.com\\\/web\\\/producto\\\/carnitina-dmsport\\\/#breadcrumb\"},\"inLanguage\":\"es\",\"potentialAction\":[{\"@type\":\"ReadAction\",\"target\":[\"https:\\\/\\\/www.demusculos.com\\\/web\\\/producto\\\/carnitina-dmsport\\\/\"]}]},{\"@type\":\"ImageObject\",\"inLanguage\":\"es\",\"@id\":\"https:\\\/\\\/www.demusculos.com\\\/web\\\/producto\\\/carnitina-dmsport\\\/#primaryimage\",\"url\":\"https:\\\/\\\/www.demusculos.com\\\/web\\\/wp-content\\\/uploads\\\/2024\\\/04\\\/nutrition-research-l-carnitina-a1.webp\",\"contentUrl\":\"https:\\\/\\\/www.demusculos.com\\\/web\\\/wp-content\\\/uploads\\\/2024\\\/04\\\/nutrition-research-l-carnitina-a1.webp\",\"width\":1080,\"height\":1080,\"caption\":\"Carnitina Nutrition Research\"},{\"@type\":\"BreadcrumbList\",\"@id\":\"https:\\\/\\\/www.demusculos.com\\\/web\\\/producto\\\/carnitina-dmsport\\\/#breadcrumb\",\"itemListElement\":[{\"@type\":\"ListItem\",\"position\":1,\"name\":\"Inicio\",\"item\":\"https:\\\/\\\/www.demusculos.com\\\/web\\\/\"},{\"@type\":\"ListItem\",\"position\":2,\"name\":\"Suplementos\",\"item\":\"https:\\\/\\\/www.demusculos.com\\\/web\\\/tienda\\\/\"},{\"@type\":\"ListItem\",\"position\":3,\"name\":\"Carnitina Nutrition Research 1500 mg +Vitamina C 40 mg\"}]},{\"@type\":\"WebSite\",\"@id\":\"https:\\\/\\\/www.demusculos.com\\\/web\\\/#website\",\"url\":\"https:\\\/\\\/www.demusculos.com\\\/web\\\/\",\"name\":\"DeMusculos.com\",\"description\":\"Suplementos Naturales\",\"publisher\":{\"@id\":\"https:\\\/\\\/www.demusculos.com\\\/web\\\/#organization\"},\"alternateName\":\"Suplementos Naturales\",\"potentialAction\":[{\"@type\":\"SearchAction\",\"target\":{\"@type\":\"EntryPoint\",\"urlTemplate\":\"https:\\\/\\\/www.demusculos.com\\\/web\\\/?s={search_term_string}\"},\"query-input\":{\"@type\":\"PropertyValueSpecification\",\"valueRequired\":true,\"valueName\":\"search_term_string\"}}],\"inLanguage\":\"es\"},{\"@type\":\"Organization\",\"@id\":\"https:\\\/\\\/www.demusculos.com\\\/web\\\/#organization\",\"name\":\"DeMusculos.com\",\"alternateName\":\"DeMusculos\",\"url\":\"https:\\\/\\\/www.demusculos.com\\\/web\\\/\",\"logo\":{\"@type\":\"ImageObject\",\"inLanguage\":\"es\",\"@id\":\"https:\\\/\\\/www.demusculos.com\\\/web\\\/#\\\/schema\\\/logo\\\/image\\\/\",\"url\":\"https:\\\/\\\/www.demusculos.com\\\/web\\\/wp-content\\\/uploads\\\/2024\\\/02\\\/logo-demusculos-prestashop-usuario.png\",\"contentUrl\":\"https:\\\/\\\/www.demusculos.com\\\/web\\\/wp-content\\\/uploads\\\/2024\\\/02\\\/logo-demusculos-prestashop-usuario.png\",\"width\":150,\"height\":150,\"caption\":\"DeMusculos.com\"},\"image\":{\"@id\":\"https:\\\/\\\/www.demusculos.com\\\/web\\\/#\\\/schema\\\/logo\\\/image\\\/\"},\"sameAs\":[\"https:\\\/\\\/www.facebook.com\\\/demusculos\",\"https:\\\/\\\/x.com\\\/demusculos\",\"https:\\\/\\\/www.instagram.com\\\/demusculos\",\"https:\\\/\\\/www.tiktok.com\\\/@demusculos.com\"]}]}<\/script>\n<!-- \/ Yoast SEO plugin. -->","yoast_head_json":{"title":"L-Carnitina Nutrition Research | Quemador de grasas | DeMusculos","description":"La L-Carnitina Nutrition Research es ideal para quemar grasas. Sirve para el metabolismo del hombre y de la mujer. Enviamos a toda la Argentina.","robots":{"index":"index","follow":"follow","max-snippet":"max-snippet:-1","max-image-preview":"max-image-preview:large","max-video-preview":"max-video-preview:-1"},"canonical":"https:\/\/www.demusculos.com\/web\/producto\/carnitina-dmsport\/","og_locale":"es_ES","og_type":"article","og_title":"L-Carnitina Nutrition Research | Quemador de grasas | DeMusculos","og_description":"La L-Carnitina Nutrition Research es ideal para quemar grasas. Sirve para el metabolismo del hombre y de la mujer. Enviamos a toda la Argentina.","og_url":"https:\/\/www.demusculos.com\/web\/producto\/carnitina-dmsport\/","og_site_name":"DeMusculos","article_publisher":"https:\/\/www.facebook.com\/demusculos","article_modified_time":"2026-02-01T23:02:33+00:00","og_image":[{"width":1080,"height":1080,"url":"https:\/\/www.demusculos.com\/web\/wp-content\/uploads\/2024\/04\/nutrition-research-l-carnitina-a1.webp","type":"image\/webp"}],"twitter_card":"summary_large_image","twitter_site":"@demusculos","twitter_misc":{"Tiempo de lectura":"5 minutos"},"schema":{"@context":"https:\/\/schema.org","@graph":[{"@type":"WebPage","@id":"https:\/\/www.demusculos.com\/web\/producto\/carnitina-dmsport\/","url":"https:\/\/www.demusculos.com\/web\/producto\/carnitina-dmsport\/","name":"L-Carnitina Nutrition Research | Quemador de grasas | DeMusculos","isPartOf":{"@id":"https:\/\/www.demusculos.com\/web\/#website"},"primaryImageOfPage":{"@id":"https:\/\/www.demusculos.com\/web\/producto\/carnitina-dmsport\/#primaryimage"},"image":{"@id":"https:\/\/www.demusculos.com\/web\/producto\/carnitina-dmsport\/#primaryimage"},"thumbnailUrl":"https:\/\/www.demusculos.com\/web\/wp-content\/uploads\/2024\/04\/nutrition-research-l-carnitina-a1.webp","datePublished":"2024-04-13T14:52:20+00:00","dateModified":"2026-02-01T23:02:33+00:00","description":"La L-Carnitina Nutrition Research es ideal para quemar grasas. Sirve para el metabolismo del hombre y de la mujer. Enviamos a toda la Argentina.","breadcrumb":{"@id":"https:\/\/www.demusculos.com\/web\/producto\/carnitina-dmsport\/#breadcrumb"},"inLanguage":"es","potentialAction":[{"@type":"ReadAction","target":["https:\/\/www.demusculos.com\/web\/producto\/carnitina-dmsport\/"]}]},{"@type":"ImageObject","inLanguage":"es","@id":"https:\/\/www.demusculos.com\/web\/producto\/carnitina-dmsport\/#primaryimage","url":"https:\/\/www.demusculos.com\/web\/wp-content\/uploads\/2024\/04\/nutrition-research-l-carnitina-a1.webp","contentUrl":"https:\/\/www.demusculos.com\/web\/wp-content\/uploads\/2024\/04\/nutrition-research-l-carnitina-a1.webp","width":1080,"height":1080,"caption":"Carnitina Nutrition Research"},{"@type":"BreadcrumbList","@id":"https:\/\/www.demusculos.com\/web\/producto\/carnitina-dmsport\/#breadcrumb","itemListElement":[{"@type":"ListItem","position":1,"name":"Inicio","item":"https:\/\/www.demusculos.com\/web\/"},{"@type":"ListItem","position":2,"name":"Suplementos","item":"https:\/\/www.demusculos.com\/web\/tienda\/"},{"@type":"ListItem","position":3,"name":"Carnitina Nutrition Research 1500 mg +Vitamina C 40 mg"}]},{"@type":"WebSite","@id":"https:\/\/www.demusculos.com\/web\/#website","url":"https:\/\/www.demusculos.com\/web\/","name":"DeMusculos.com","description":"Suplementos Naturales","publisher":{"@id":"https:\/\/www.demusculos.com\/web\/#organization"},"alternateName":"Suplementos Naturales","potentialAction":[{"@type":"SearchAction","target":{"@type":"EntryPoint","urlTemplate":"https:\/\/www.demusculos.com\/web\/?s={search_term_string}"},"query-input":{"@type":"PropertyValueSpecification","valueRequired":true,"valueName":"search_term_string"}}],"inLanguage":"es"},{"@type":"Organization","@id":"https:\/\/www.demusculos.com\/web\/#organization","name":"DeMusculos.com","alternateName":"DeMusculos","url":"https:\/\/www.demusculos.com\/web\/","logo":{"@type":"ImageObject","inLanguage":"es","@id":"https:\/\/www.demusculos.com\/web\/#\/schema\/logo\/image\/","url":"https:\/\/www.demusculos.com\/web\/wp-content\/uploads\/2024\/02\/logo-demusculos-prestashop-usuario.png","contentUrl":"https:\/\/www.demusculos.com\/web\/wp-content\/uploads\/2024\/02\/logo-demusculos-prestashop-usuario.png","width":150,"height":150,"caption":"DeMusculos.com"},"image":{"@id":"https:\/\/www.demusculos.com\/web\/#\/schema\/logo\/image\/"},"sameAs":["https:\/\/www.facebook.com\/demusculos","https:\/\/x.com\/demusculos","https:\/\/www.instagram.com\/demusculos","https:\/\/www.tiktok.com\/@demusculos.com"]}]}},"_links":{"self":[{"href":"https:\/\/www.demusculos.com\/web\/wp-json\/wp\/v2\/product\/4547","targetHints":{"allow":["GET"]}}],"collection":[{"href":"https:\/\/www.demusculos.com\/web\/wp-json\/wp\/v2\/product"}],"about":[{"href":"https:\/\/www.demusculos.com\/web\/wp-json\/wp\/v2\/types\/product"}],"replies":[{"embeddable":true,"href":"https:\/\/www.demusculos.com\/web\/wp-json\/wp\/v2\/comments?post=4547"}],"wp:featuredmedia":[{"embeddable":true,"href":"https:\/\/www.demusculos.com\/web\/wp-json\/wp\/v2\/media\/14890"}],"wp:attachment":[{"href":"https:\/\/www.demusculos.com\/web\/wp-json\/wp\/v2\/media?parent=4547"}],"wp:term":[{"taxonomy":"product_brand","embeddable":true,"href":"https:\/\/www.demusculos.com\/web\/wp-json\/wp\/v2\/product_brand?post=4547"},{"taxonomy":"product_cat","embeddable":true,"href":"https:\/\/www.demusculos.com\/web\/wp-json\/wp\/v2\/product_cat?post=4547"},{"taxonomy":"product_tag","embeddable":true,"href":"https:\/\/www.demusculos.com\/web\/wp-json\/wp\/v2\/product_tag?post=4547"}],"curies":[{"name":"wp","href":"https:\/\/api.w.org\/{rel}","templated":true}]}}