{"id":4562,"date":"2024-04-13T12:17:22","date_gmt":"2024-04-13T15:17:22","guid":{"rendered":"https:\/\/www.demusculos.com\/web\/?post_type=product&#038;p=4562"},"modified":"2026-02-01T20:02:32","modified_gmt":"2026-02-01T23:02:32","slug":"artro-total-de-dmsport","status":"publish","type":"product","link":"https:\/\/www.demusculos.com\/web\/producto\/artro-total-de-dmsport\/","title":{"rendered":"Artro Total de Nutrition Research"},"content":{"rendered":"<h2>Artro Total<\/h2>\n<p>Artro Total te ayuda a mejorar el estado de tus articulaciones. Para cualquier tipo de deporte.<\/p>\n<p><img fetchpriority=\"high\" decoding=\"async\" class=\"alignnone size-full wp-image-14875\" src=\"https:\/\/www.demusculos.com\/web\/wp-content\/uploads\/2024\/04\/nutrition-research-artro-total-a3.webp\" alt=\"Artro Total de Nutrition Research\" width=\"1080\" height=\"1080\" srcset=\"https:\/\/www.demusculos.com\/web\/wp-content\/uploads\/2024\/04\/nutrition-research-artro-total-a3.webp 1080w, https:\/\/www.demusculos.com\/web\/wp-content\/uploads\/2024\/04\/nutrition-research-artro-total-a3-300x300.webp 300w, https:\/\/www.demusculos.com\/web\/wp-content\/uploads\/2024\/04\/nutrition-research-artro-total-a3-1024x1024.webp 1024w, https:\/\/www.demusculos.com\/web\/wp-content\/uploads\/2024\/04\/nutrition-research-artro-total-a3-150x150.webp 150w, https:\/\/www.demusculos.com\/web\/wp-content\/uploads\/2024\/04\/nutrition-research-artro-total-a3-768x768.webp 768w, https:\/\/www.demusculos.com\/web\/wp-content\/uploads\/2024\/04\/nutrition-research-artro-total-a3-990x990.webp 990w, https:\/\/www.demusculos.com\/web\/wp-content\/uploads\/2024\/04\/nutrition-research-artro-total-a3-441x441.webp 441w, https:\/\/www.demusculos.com\/web\/wp-content\/uploads\/2024\/04\/nutrition-research-artro-total-a3-100x100.webp 100w, https:\/\/www.demusculos.com\/web\/wp-content\/uploads\/2024\/04\/nutrition-research-artro-total-a3-800x800.webp 800w\" sizes=\"(max-width: 1080px) 100vw, 1080px\" \/><\/p>\n<p><strong>Contiene ZINC<\/strong><\/p>\n<p>El zinc juega un papel crucial en el sistema inmunol\u00f3gico. Ayuda a estimular la funci\u00f3n de m\u00e1s de 100 enzimas y es esencial para el crecimiento y la funci\u00f3n cognitiva. Adem\u00e1s, el zinc contribuye a la cicatrizaci\u00f3n de heridas y es importante para mantener el sentido del gusto y del olfato.<\/p>\n<p><strong>Col\u00e1geno hidrolizado<\/strong><\/p>\n<p>Un beneficio destacado del col\u00e1geno hidrolizado es su capacidad para mejorar la firmeza y la elasticidad de la piel, lo que puede ayudar a prevenir arrugas, estr\u00edas y celulitis. Adem\u00e1s, contribuye a fortalecer las u\u00f1as y el cabello, y puede ser beneficioso para las articulaciones y los huesos<\/p>\n<p><img decoding=\"async\" class=\"alignnone size-full wp-image-14876\" src=\"https:\/\/www.demusculos.com\/web\/wp-content\/uploads\/2024\/04\/nutrition-research-artro-total-a4.webp\" alt=\"Artro Total de Nutrition Research\" width=\"1080\" height=\"1080\" srcset=\"https:\/\/www.demusculos.com\/web\/wp-content\/uploads\/2024\/04\/nutrition-research-artro-total-a4.webp 1080w, https:\/\/www.demusculos.com\/web\/wp-content\/uploads\/2024\/04\/nutrition-research-artro-total-a4-300x300.webp 300w, https:\/\/www.demusculos.com\/web\/wp-content\/uploads\/2024\/04\/nutrition-research-artro-total-a4-1024x1024.webp 1024w, https:\/\/www.demusculos.com\/web\/wp-content\/uploads\/2024\/04\/nutrition-research-artro-total-a4-150x150.webp 150w, https:\/\/www.demusculos.com\/web\/wp-content\/uploads\/2024\/04\/nutrition-research-artro-total-a4-768x768.webp 768w, https:\/\/www.demusculos.com\/web\/wp-content\/uploads\/2024\/04\/nutrition-research-artro-total-a4-990x990.webp 990w, https:\/\/www.demusculos.com\/web\/wp-content\/uploads\/2024\/04\/nutrition-research-artro-total-a4-441x441.webp 441w, https:\/\/www.demusculos.com\/web\/wp-content\/uploads\/2024\/04\/nutrition-research-artro-total-a4-100x100.webp 100w, https:\/\/www.demusculos.com\/web\/wp-content\/uploads\/2024\/04\/nutrition-research-artro-total-a4-800x800.webp 800w\" sizes=\"(max-width: 1080px) 100vw, 1080px\" \/><\/p>\n<p><strong>Glucosamina<\/strong><\/p>\n<p>Un beneficio breve de la glucosamina es su capacidad para mejorar la movilidad articular y aliviar el dolor en personas con osteoartritis. Adem\u00e1s, se ha planteado que puede contribuir a retrasar el proceso de desgaste articular.<\/p>\n<p><strong>Acido Hialur\u00f3nico<\/strong><\/p>\n<p>Un beneficio breve del \u00e1cido hialur\u00f3nico es su capacidad para hidratar profundamente la piel. Puede retener hasta 1,000 veces su peso en agua, lo que contribuye a una piel m\u00e1s lisa, el\u00e1stica y con menos arrugas. Adem\u00e1s, es conocido por su efecto en mejorar la textura de la piel y estimular la regeneraci\u00f3n celular.<\/p>\n<p><strong>Manganeso<\/strong><\/p>\n<p>Un beneficio breve del manganeso es su papel en la mejora de la salud \u00f3sea cuando se combina con otros nutrientes como el calcio, el zinc y el cobre. Adem\u00e1s, el manganeso tiene propiedades antioxidantes que pueden reducir el riesgo de enfermedades y es necesario para el funcionamiento normal del cerebro y muchos sistemas enzim\u00e1ticos del cuerpo.<\/p>\n<p><strong>Calcio<\/strong><\/p>\n<ul>\n<li><strong>Salud \u00d3sea<\/strong>: Fortalece los huesos y es crucial para el desarrollo \u00f3seo desde la infancia hasta la edad adulta.<\/li>\n<li><strong>Prevenci\u00f3n de Osteoporosis<\/strong>: Ayuda a prevenir la osteoporosis, una condici\u00f3n que debilita los huesos y los hace m\u00e1s propensos a fracturas.<\/li>\n<li><strong>Funciones Vitales<\/strong>: Participa en la coagulaci\u00f3n de la sangre, la transmisi\u00f3n de se\u00f1ales nerviosas y la contracci\u00f3n muscular.<\/li>\n<li><strong>Salud Dental<\/strong>: Es importante para la formaci\u00f3n y mantenimiento de dientes sanos.<\/li>\n<\/ul>\n<p><img decoding=\"async\" class=\"alignnone size-full wp-image-14877\" src=\"https:\/\/www.demusculos.com\/web\/wp-content\/uploads\/2024\/04\/nutrition-research-artro-total-a5.webp\" alt=\"Artro Total de Nutrition Research\" width=\"1080\" height=\"1080\" srcset=\"https:\/\/www.demusculos.com\/web\/wp-content\/uploads\/2024\/04\/nutrition-research-artro-total-a5.webp 1080w, https:\/\/www.demusculos.com\/web\/wp-content\/uploads\/2024\/04\/nutrition-research-artro-total-a5-300x300.webp 300w, https:\/\/www.demusculos.com\/web\/wp-content\/uploads\/2024\/04\/nutrition-research-artro-total-a5-1024x1024.webp 1024w, https:\/\/www.demusculos.com\/web\/wp-content\/uploads\/2024\/04\/nutrition-research-artro-total-a5-150x150.webp 150w, https:\/\/www.demusculos.com\/web\/wp-content\/uploads\/2024\/04\/nutrition-research-artro-total-a5-768x768.webp 768w, https:\/\/www.demusculos.com\/web\/wp-content\/uploads\/2024\/04\/nutrition-research-artro-total-a5-990x990.webp 990w, https:\/\/www.demusculos.com\/web\/wp-content\/uploads\/2024\/04\/nutrition-research-artro-total-a5-441x441.webp 441w, https:\/\/www.demusculos.com\/web\/wp-content\/uploads\/2024\/04\/nutrition-research-artro-total-a5-100x100.webp 100w, https:\/\/www.demusculos.com\/web\/wp-content\/uploads\/2024\/04\/nutrition-research-artro-total-a5-800x800.webp 800w\" sizes=\"(max-width: 1080px) 100vw, 1080px\" \/><\/p>\n<p><img loading=\"lazy\" decoding=\"async\" class=\"alignnone size-full wp-image-14878\" src=\"https:\/\/www.demusculos.com\/web\/wp-content\/uploads\/2024\/04\/nutrition-research-artro-total-a6.webp\" alt=\"Artro Total de Nutrition Research\" width=\"1080\" height=\"1080\" srcset=\"https:\/\/www.demusculos.com\/web\/wp-content\/uploads\/2024\/04\/nutrition-research-artro-total-a6.webp 1080w, https:\/\/www.demusculos.com\/web\/wp-content\/uploads\/2024\/04\/nutrition-research-artro-total-a6-300x300.webp 300w, https:\/\/www.demusculos.com\/web\/wp-content\/uploads\/2024\/04\/nutrition-research-artro-total-a6-1024x1024.webp 1024w, https:\/\/www.demusculos.com\/web\/wp-content\/uploads\/2024\/04\/nutrition-research-artro-total-a6-150x150.webp 150w, https:\/\/www.demusculos.com\/web\/wp-content\/uploads\/2024\/04\/nutrition-research-artro-total-a6-768x768.webp 768w, https:\/\/www.demusculos.com\/web\/wp-content\/uploads\/2024\/04\/nutrition-research-artro-total-a6-990x990.webp 990w, https:\/\/www.demusculos.com\/web\/wp-content\/uploads\/2024\/04\/nutrition-research-artro-total-a6-441x441.webp 441w, https:\/\/www.demusculos.com\/web\/wp-content\/uploads\/2024\/04\/nutrition-research-artro-total-a6-100x100.webp 100w, https:\/\/www.demusculos.com\/web\/wp-content\/uploads\/2024\/04\/nutrition-research-artro-total-a6-800x800.webp 800w\" sizes=\"(max-width: 1080px) 100vw, 1080px\" \/><\/p>\n<p>&nbsp;<\/p>\n<p>&nbsp;<\/p>\n<p>&nbsp;<\/p>\n","protected":false},"excerpt":{"rendered":"<p>Artro Total Artro Total te ayuda a mejorar el estado de tus articulaciones. Para cualquier tipo de deporte. Contiene ZINC El zinc juega un papel crucial en el sistema inmunol\u00f3gico. Ayuda a estimular la funci\u00f3n de m\u00e1s de 100 enzimas y es esencial para el crecimiento y la funci\u00f3n cognitiva. Adem\u00e1s, el zinc contribuye a [&hellip;]<\/p>\n","protected":false},"featured_media":14874,"comment_status":"closed","ping_status":"closed","template":"","meta":[],"product_brand":[256],"product_cat":[41],"product_tag":[257],"class_list":{"0":"post-4562","1":"product","2":"type-product","3":"status-publish","4":"has-post-thumbnail","6":"product_brand-nutrition-research","7":"product_cat-colageno","8":"product_tag-nutrition-research","10":"first","11":"outofstock","12":"sale","13":"shipping-taxable","14":"purchasable","15":"product-type-simple"},"yoast_head":"<!-- This site is optimized with the Yoast SEO plugin v27.4 - https:\/\/yoast.com\/product\/yoast-seo-wordpress\/ -->\n<title>Artro Total | Cuidado de las Articulaciones | DeMusculos.com<\/title>\n<meta name=\"description\" content=\"Artro Total es un suplemento natural que nos ayuda a mejorar el estado de las articulaciones. Ideal para todo tipo de deportes. Env\u00edo a toda la Argentina.\" \/>\n<meta name=\"robots\" content=\"index, follow, max-snippet:-1, max-image-preview:large, max-video-preview:-1\" \/>\n<link rel=\"canonical\" href=\"https:\/\/www.demusculos.com\/web\/producto\/artro-total-de-dmsport\/\" \/>\n<meta property=\"og:locale\" content=\"es_ES\" \/>\n<meta property=\"og:type\" content=\"article\" \/>\n<meta property=\"og:title\" content=\"Artro Total | Cuidado de las Articulaciones | DeMusculos.com\" \/>\n<meta property=\"og:description\" content=\"Artro Total es un suplemento natural que nos ayuda a mejorar el estado de las articulaciones. Ideal para todo tipo de deportes. Env\u00edo a toda la Argentina.\" \/>\n<meta property=\"og:url\" content=\"https:\/\/www.demusculos.com\/web\/producto\/artro-total-de-dmsport\/\" \/>\n<meta property=\"og:site_name\" content=\"DeMusculos\" \/>\n<meta property=\"article:publisher\" content=\"https:\/\/www.facebook.com\/demusculos\" \/>\n<meta property=\"article:modified_time\" content=\"2026-02-01T23:02:32+00:00\" \/>\n<meta property=\"og:image\" content=\"https:\/\/www.demusculos.com\/web\/wp-content\/uploads\/2024\/04\/nutrition-research-artro-total-a1.webp\" \/>\n\t<meta property=\"og:image:width\" content=\"1080\" \/>\n\t<meta property=\"og:image:height\" content=\"1080\" \/>\n\t<meta property=\"og:image:type\" content=\"image\/webp\" \/>\n<meta name=\"twitter:card\" content=\"summary_large_image\" \/>\n<meta name=\"twitter:site\" content=\"@demusculos\" \/>\n<meta name=\"twitter:label1\" content=\"Tiempo de lectura\" \/>\n\t<meta name=\"twitter:data1\" content=\"3 minutos\" \/>\n<script type=\"application\/ld+json\" class=\"yoast-schema-graph\">{\"@context\":\"https:\\\/\\\/schema.org\",\"@graph\":[{\"@type\":\"WebPage\",\"@id\":\"https:\\\/\\\/www.demusculos.com\\\/web\\\/producto\\\/artro-total-de-dmsport\\\/\",\"url\":\"https:\\\/\\\/www.demusculos.com\\\/web\\\/producto\\\/artro-total-de-dmsport\\\/\",\"name\":\"Artro Total | Cuidado de las Articulaciones | DeMusculos.com\",\"isPartOf\":{\"@id\":\"https:\\\/\\\/www.demusculos.com\\\/web\\\/#website\"},\"primaryImageOfPage\":{\"@id\":\"https:\\\/\\\/www.demusculos.com\\\/web\\\/producto\\\/artro-total-de-dmsport\\\/#primaryimage\"},\"image\":{\"@id\":\"https:\\\/\\\/www.demusculos.com\\\/web\\\/producto\\\/artro-total-de-dmsport\\\/#primaryimage\"},\"thumbnailUrl\":\"https:\\\/\\\/www.demusculos.com\\\/web\\\/wp-content\\\/uploads\\\/2024\\\/04\\\/nutrition-research-artro-total-a1.webp\",\"datePublished\":\"2024-04-13T15:17:22+00:00\",\"dateModified\":\"2026-02-01T23:02:32+00:00\",\"description\":\"Artro Total es un suplemento natural que nos ayuda a mejorar el estado de las articulaciones. Ideal para todo tipo de deportes. Env\u00edo a toda la Argentina.\",\"breadcrumb\":{\"@id\":\"https:\\\/\\\/www.demusculos.com\\\/web\\\/producto\\\/artro-total-de-dmsport\\\/#breadcrumb\"},\"inLanguage\":\"es\",\"potentialAction\":[{\"@type\":\"ReadAction\",\"target\":[\"https:\\\/\\\/www.demusculos.com\\\/web\\\/producto\\\/artro-total-de-dmsport\\\/\"]}]},{\"@type\":\"ImageObject\",\"inLanguage\":\"es\",\"@id\":\"https:\\\/\\\/www.demusculos.com\\\/web\\\/producto\\\/artro-total-de-dmsport\\\/#primaryimage\",\"url\":\"https:\\\/\\\/www.demusculos.com\\\/web\\\/wp-content\\\/uploads\\\/2024\\\/04\\\/nutrition-research-artro-total-a1.webp\",\"contentUrl\":\"https:\\\/\\\/www.demusculos.com\\\/web\\\/wp-content\\\/uploads\\\/2024\\\/04\\\/nutrition-research-artro-total-a1.webp\",\"width\":1080,\"height\":1080,\"caption\":\"Artro Total de Nutrition Research\"},{\"@type\":\"BreadcrumbList\",\"@id\":\"https:\\\/\\\/www.demusculos.com\\\/web\\\/producto\\\/artro-total-de-dmsport\\\/#breadcrumb\",\"itemListElement\":[{\"@type\":\"ListItem\",\"position\":1,\"name\":\"Inicio\",\"item\":\"https:\\\/\\\/www.demusculos.com\\\/web\\\/\"},{\"@type\":\"ListItem\",\"position\":2,\"name\":\"Suplementos\",\"item\":\"https:\\\/\\\/www.demusculos.com\\\/web\\\/tienda\\\/\"},{\"@type\":\"ListItem\",\"position\":3,\"name\":\"Artro Total de Nutrition Research\"}]},{\"@type\":\"WebSite\",\"@id\":\"https:\\\/\\\/www.demusculos.com\\\/web\\\/#website\",\"url\":\"https:\\\/\\\/www.demusculos.com\\\/web\\\/\",\"name\":\"DeMusculos.com\",\"description\":\"Suplementos Naturales\",\"publisher\":{\"@id\":\"https:\\\/\\\/www.demusculos.com\\\/web\\\/#organization\"},\"alternateName\":\"Suplementos Naturales\",\"potentialAction\":[{\"@type\":\"SearchAction\",\"target\":{\"@type\":\"EntryPoint\",\"urlTemplate\":\"https:\\\/\\\/www.demusculos.com\\\/web\\\/?s={search_term_string}\"},\"query-input\":{\"@type\":\"PropertyValueSpecification\",\"valueRequired\":true,\"valueName\":\"search_term_string\"}}],\"inLanguage\":\"es\"},{\"@type\":\"Organization\",\"@id\":\"https:\\\/\\\/www.demusculos.com\\\/web\\\/#organization\",\"name\":\"DeMusculos.com\",\"alternateName\":\"DeMusculos\",\"url\":\"https:\\\/\\\/www.demusculos.com\\\/web\\\/\",\"logo\":{\"@type\":\"ImageObject\",\"inLanguage\":\"es\",\"@id\":\"https:\\\/\\\/www.demusculos.com\\\/web\\\/#\\\/schema\\\/logo\\\/image\\\/\",\"url\":\"https:\\\/\\\/www.demusculos.com\\\/web\\\/wp-content\\\/uploads\\\/2024\\\/02\\\/logo-demusculos-prestashop-usuario.png\",\"contentUrl\":\"https:\\\/\\\/www.demusculos.com\\\/web\\\/wp-content\\\/uploads\\\/2024\\\/02\\\/logo-demusculos-prestashop-usuario.png\",\"width\":150,\"height\":150,\"caption\":\"DeMusculos.com\"},\"image\":{\"@id\":\"https:\\\/\\\/www.demusculos.com\\\/web\\\/#\\\/schema\\\/logo\\\/image\\\/\"},\"sameAs\":[\"https:\\\/\\\/www.facebook.com\\\/demusculos\",\"https:\\\/\\\/x.com\\\/demusculos\",\"https:\\\/\\\/www.instagram.com\\\/demusculos\",\"https:\\\/\\\/www.tiktok.com\\\/@demusculos.com\"]}]}<\/script>\n<!-- \/ Yoast SEO plugin. -->","yoast_head_json":{"title":"Artro Total | Cuidado de las Articulaciones | DeMusculos.com","description":"Artro Total es un suplemento natural que nos ayuda a mejorar el estado de las articulaciones. Ideal para todo tipo de deportes. Env\u00edo a toda la Argentina.","robots":{"index":"index","follow":"follow","max-snippet":"max-snippet:-1","max-image-preview":"max-image-preview:large","max-video-preview":"max-video-preview:-1"},"canonical":"https:\/\/www.demusculos.com\/web\/producto\/artro-total-de-dmsport\/","og_locale":"es_ES","og_type":"article","og_title":"Artro Total | Cuidado de las Articulaciones | DeMusculos.com","og_description":"Artro Total es un suplemento natural que nos ayuda a mejorar el estado de las articulaciones. Ideal para todo tipo de deportes. Env\u00edo a toda la Argentina.","og_url":"https:\/\/www.demusculos.com\/web\/producto\/artro-total-de-dmsport\/","og_site_name":"DeMusculos","article_publisher":"https:\/\/www.facebook.com\/demusculos","article_modified_time":"2026-02-01T23:02:32+00:00","og_image":[{"width":1080,"height":1080,"url":"https:\/\/www.demusculos.com\/web\/wp-content\/uploads\/2024\/04\/nutrition-research-artro-total-a1.webp","type":"image\/webp"}],"twitter_card":"summary_large_image","twitter_site":"@demusculos","twitter_misc":{"Tiempo de lectura":"3 minutos"},"schema":{"@context":"https:\/\/schema.org","@graph":[{"@type":"WebPage","@id":"https:\/\/www.demusculos.com\/web\/producto\/artro-total-de-dmsport\/","url":"https:\/\/www.demusculos.com\/web\/producto\/artro-total-de-dmsport\/","name":"Artro Total | Cuidado de las Articulaciones | DeMusculos.com","isPartOf":{"@id":"https:\/\/www.demusculos.com\/web\/#website"},"primaryImageOfPage":{"@id":"https:\/\/www.demusculos.com\/web\/producto\/artro-total-de-dmsport\/#primaryimage"},"image":{"@id":"https:\/\/www.demusculos.com\/web\/producto\/artro-total-de-dmsport\/#primaryimage"},"thumbnailUrl":"https:\/\/www.demusculos.com\/web\/wp-content\/uploads\/2024\/04\/nutrition-research-artro-total-a1.webp","datePublished":"2024-04-13T15:17:22+00:00","dateModified":"2026-02-01T23:02:32+00:00","description":"Artro Total es un suplemento natural que nos ayuda a mejorar el estado de las articulaciones. Ideal para todo tipo de deportes. Env\u00edo a toda la Argentina.","breadcrumb":{"@id":"https:\/\/www.demusculos.com\/web\/producto\/artro-total-de-dmsport\/#breadcrumb"},"inLanguage":"es","potentialAction":[{"@type":"ReadAction","target":["https:\/\/www.demusculos.com\/web\/producto\/artro-total-de-dmsport\/"]}]},{"@type":"ImageObject","inLanguage":"es","@id":"https:\/\/www.demusculos.com\/web\/producto\/artro-total-de-dmsport\/#primaryimage","url":"https:\/\/www.demusculos.com\/web\/wp-content\/uploads\/2024\/04\/nutrition-research-artro-total-a1.webp","contentUrl":"https:\/\/www.demusculos.com\/web\/wp-content\/uploads\/2024\/04\/nutrition-research-artro-total-a1.webp","width":1080,"height":1080,"caption":"Artro Total de Nutrition Research"},{"@type":"BreadcrumbList","@id":"https:\/\/www.demusculos.com\/web\/producto\/artro-total-de-dmsport\/#breadcrumb","itemListElement":[{"@type":"ListItem","position":1,"name":"Inicio","item":"https:\/\/www.demusculos.com\/web\/"},{"@type":"ListItem","position":2,"name":"Suplementos","item":"https:\/\/www.demusculos.com\/web\/tienda\/"},{"@type":"ListItem","position":3,"name":"Artro Total de Nutrition Research"}]},{"@type":"WebSite","@id":"https:\/\/www.demusculos.com\/web\/#website","url":"https:\/\/www.demusculos.com\/web\/","name":"DeMusculos.com","description":"Suplementos Naturales","publisher":{"@id":"https:\/\/www.demusculos.com\/web\/#organization"},"alternateName":"Suplementos Naturales","potentialAction":[{"@type":"SearchAction","target":{"@type":"EntryPoint","urlTemplate":"https:\/\/www.demusculos.com\/web\/?s={search_term_string}"},"query-input":{"@type":"PropertyValueSpecification","valueRequired":true,"valueName":"search_term_string"}}],"inLanguage":"es"},{"@type":"Organization","@id":"https:\/\/www.demusculos.com\/web\/#organization","name":"DeMusculos.com","alternateName":"DeMusculos","url":"https:\/\/www.demusculos.com\/web\/","logo":{"@type":"ImageObject","inLanguage":"es","@id":"https:\/\/www.demusculos.com\/web\/#\/schema\/logo\/image\/","url":"https:\/\/www.demusculos.com\/web\/wp-content\/uploads\/2024\/02\/logo-demusculos-prestashop-usuario.png","contentUrl":"https:\/\/www.demusculos.com\/web\/wp-content\/uploads\/2024\/02\/logo-demusculos-prestashop-usuario.png","width":150,"height":150,"caption":"DeMusculos.com"},"image":{"@id":"https:\/\/www.demusculos.com\/web\/#\/schema\/logo\/image\/"},"sameAs":["https:\/\/www.facebook.com\/demusculos","https:\/\/x.com\/demusculos","https:\/\/www.instagram.com\/demusculos","https:\/\/www.tiktok.com\/@demusculos.com"]}]}},"_links":{"self":[{"href":"https:\/\/www.demusculos.com\/web\/wp-json\/wp\/v2\/product\/4562","targetHints":{"allow":["GET"]}}],"collection":[{"href":"https:\/\/www.demusculos.com\/web\/wp-json\/wp\/v2\/product"}],"about":[{"href":"https:\/\/www.demusculos.com\/web\/wp-json\/wp\/v2\/types\/product"}],"replies":[{"embeddable":true,"href":"https:\/\/www.demusculos.com\/web\/wp-json\/wp\/v2\/comments?post=4562"}],"wp:featuredmedia":[{"embeddable":true,"href":"https:\/\/www.demusculos.com\/web\/wp-json\/wp\/v2\/media\/14874"}],"wp:attachment":[{"href":"https:\/\/www.demusculos.com\/web\/wp-json\/wp\/v2\/media?parent=4562"}],"wp:term":[{"taxonomy":"product_brand","embeddable":true,"href":"https:\/\/www.demusculos.com\/web\/wp-json\/wp\/v2\/product_brand?post=4562"},{"taxonomy":"product_cat","embeddable":true,"href":"https:\/\/www.demusculos.com\/web\/wp-json\/wp\/v2\/product_cat?post=4562"},{"taxonomy":"product_tag","embeddable":true,"href":"https:\/\/www.demusculos.com\/web\/wp-json\/wp\/v2\/product_tag?post=4562"}],"curies":[{"name":"wp","href":"https:\/\/api.w.org\/{rel}","templated":true}]}}