{"id":478,"date":"2024-02-23T11:40:34","date_gmt":"2024-02-23T14:40:34","guid":{"rendered":"https:\/\/www.demusculos.com\/web\/?post_type=product&#038;p=478"},"modified":"2026-03-04T13:54:37","modified_gmt":"2026-03-04T16:54:37","slug":"tnt-dynamite-240-grs-de-star-nutrition-pre-entrenamiento","status":"publish","type":"product","link":"https:\/\/www.demusculos.com\/web\/producto\/tnt-dynamite-240-grs-de-star-nutrition-pre-entrenamiento\/","title":{"rendered":"TNT Dynamite 240 grs de Star Nutrition Pre Entrenamiento"},"content":{"rendered":"<h2 class=\"\" data-sourcepos=\"1:1-1:46\">TNT Dynamite Star Nutrition: Desata tu potencial explosivo<\/h2>\n<p><strong>Te presentamos TNT Dynamite Star Nutrition \u00bfEst\u00e1s listo para llevar tu entrenamiento al siguiente nivel?<\/strong><\/p>\n<h2 data-sourcepos=\"1:1-1:48\"><img decoding=\"async\" class=\"alignnone size-medium wp-image-246\" src=\"https:\/\/www.demusculos.com\/web\/wp-content\/uploads\/2024\/02\/logo-star-nutrition-300x69.png\" alt=\"\" width=\"300\" height=\"69\" srcset=\"https:\/\/www.demusculos.com\/web\/wp-content\/uploads\/2024\/02\/logo-star-nutrition-300x69.png 300w, https:\/\/www.demusculos.com\/web\/wp-content\/uploads\/2024\/02\/logo-star-nutrition-150x35.png 150w, https:\/\/www.demusculos.com\/web\/wp-content\/uploads\/2024\/02\/logo-star-nutrition-416x96.png 416w, https:\/\/www.demusculos.com\/web\/wp-content\/uploads\/2024\/02\/logo-star-nutrition.png 446w\" sizes=\"(max-width: 300px) 100vw, 300px\" \/><\/h2>\n<p data-sourcepos=\"3:1-3:106\">TNT Dynamite de Star Nutrition es el pre-entrenamiento que te dar\u00e1 la energ\u00eda, la fuerza y la resistencia que necesitas para superar tus l\u00edmites.<\/p>\n<figure id=\"attachment_157\" aria-describedby=\"caption-attachment-157\" style=\"width: 300px\" class=\"wp-caption alignnone\"><img fetchpriority=\"high\" decoding=\"async\" class=\"size-full wp-image-157\" src=\"https:\/\/www.demusculos.com\/web\/wp-content\/uploads\/2024\/02\/vaso-de-agua.png\" alt=\"\" width=\"300\" height=\"300\" srcset=\"https:\/\/www.demusculos.com\/web\/wp-content\/uploads\/2024\/02\/vaso-de-agua.png 300w, https:\/\/www.demusculos.com\/web\/wp-content\/uploads\/2024\/02\/vaso-de-agua-150x150.png 150w\" sizes=\"(max-width: 300px) 100vw, 300px\" \/><figcaption id=\"caption-attachment-157\" class=\"wp-caption-text\">Este producto se prepara con agua. Se encuentra saborizado. Es igual que preparar cualquier otro jugo.<\/figcaption><\/figure>\n<p data-sourcepos=\"5:1-5:49\"><strong>F\u00f3rmula explosiva para resultados incre\u00edbles:<\/strong><\/p>\n<ul data-sourcepos=\"7:1-7:158\">\n<li data-sourcepos=\"7:1-7:158\"><strong>M\u00e1xima energ\u00eda:<\/strong>\u00a0TNT Dynamite te brinda una explosi\u00f3n de energ\u00eda gracias a su contenido de cafe\u00edna y taurina,\u00a0permiti\u00e9ndote entrenar con mayor intensidad y durante m\u00e1s tiempo.<\/li>\n<li data-sourcepos=\"8:1-8:118\"><strong>Rendimiento sin l\u00edmites:<\/strong>\u00a0La combinaci\u00f3n de beta alanina y citrulina malato reduce la fatiga muscular,\u00a0permiti\u00e9ndote realizar m\u00e1s repeticiones y series con mayor potencia.<\/li>\n<li data-sourcepos=\"9:1-9:173\"><strong>Concentraci\u00f3n total:<\/strong>\u00a0La L-Tirosina y la cafe\u00edna te ayudan a mantener una concentraci\u00f3n l\u00e1ser durante todo tu entrenamiento,\u00a0para que puedas enfocarte en tus objetivos.<\/li>\n<li data-sourcepos=\"10:1-11:0\"><strong>Recuperaci\u00f3n acelerada:<\/strong>\u00a0Los BCAAs y las vitaminas B6 y B12 te ayudan a recuperarte m\u00e1s r\u00e1pido del entrenamiento,\u00a0para que puedas volver al gimnasio al d\u00eda siguiente con m\u00e1s energ\u00eda.<\/li>\n<\/ul>\n<figure id=\"attachment_150\" aria-describedby=\"caption-attachment-150\" style=\"width: 300px\" class=\"wp-caption alignnone\"><img decoding=\"async\" class=\"size-full wp-image-150\" src=\"https:\/\/www.demusculos.com\/web\/wp-content\/uploads\/2024\/02\/energia.png\" alt=\"\" width=\"300\" height=\"300\" srcset=\"https:\/\/www.demusculos.com\/web\/wp-content\/uploads\/2024\/02\/energia.png 300w, https:\/\/www.demusculos.com\/web\/wp-content\/uploads\/2024\/02\/energia-150x150.png 150w\" sizes=\"(max-width: 300px) 100vw, 300px\" \/><figcaption id=\"caption-attachment-150\" class=\"wp-caption-text\">Una de las caracter\u00edsticas fundamentales de este producto es el aumento de la energ\u00eda.<\/figcaption><\/figure>\n<p data-sourcepos=\"12:1-12:31\"><strong>TNT Dynamite es ideal para:<\/strong><\/p>\n<ul data-sourcepos=\"14:1-15:44\">\n<li data-sourcepos=\"14:1-14:68\"><strong>Hombres y mujeres<\/strong>\u00a0que buscan mejorar su rendimiento deportivo.<\/li>\n<li data-sourcepos=\"15:1-15:44\"><strong>Atletas<\/strong>\u00a0que quieren entrenar con mayor intensidad y durante m\u00e1s tiempo.<\/li>\n<li data-sourcepos=\"16:1-17:0\"><strong>Personas<\/strong>\u00a0que buscan superar sus l\u00edmites y alcanzar sus objetivos de fitness.<\/li>\n<\/ul>\n<p><img loading=\"lazy\" decoding=\"async\" class=\"alignnone size-full wp-image-5281\" src=\"https:\/\/www.demusculos.com\/web\/wp-content\/uploads\/2024\/02\/tnt-dynamite-star-nutrition1.jpg\" alt=\"\" width=\"1080\" height=\"1080\" srcset=\"https:\/\/www.demusculos.com\/web\/wp-content\/uploads\/2024\/02\/tnt-dynamite-star-nutrition1.jpg 1080w, https:\/\/www.demusculos.com\/web\/wp-content\/uploads\/2024\/02\/tnt-dynamite-star-nutrition1-300x300.jpg 300w, https:\/\/www.demusculos.com\/web\/wp-content\/uploads\/2024\/02\/tnt-dynamite-star-nutrition1-150x150.jpg 150w, https:\/\/www.demusculos.com\/web\/wp-content\/uploads\/2024\/02\/tnt-dynamite-star-nutrition1-800x800.jpg 800w, https:\/\/www.demusculos.com\/web\/wp-content\/uploads\/2024\/02\/tnt-dynamite-star-nutrition1-1024x1024.jpg 1024w, https:\/\/www.demusculos.com\/web\/wp-content\/uploads\/2024\/02\/tnt-dynamite-star-nutrition1-768x768.jpg 768w\" sizes=\"(max-width: 1080px) 100vw, 1080px\" \/><\/p>\n<p data-sourcepos=\"18:1-18:28\"><strong>\u00bfC\u00f3mo usar TNT Dynamite?<\/strong><\/p>\n<p data-sourcepos=\"20:1-20:142\">Diluir 1 medida colmada (8g) en 500ml de agua fr\u00eda y consumir 15 a 30 minutos antes del entrenamiento. No consumir m\u00e1s de 2 porciones diarias.<\/p>\n<p data-sourcepos=\"22:1-22:137\"><strong>\u00a1No te conformes con menos!<\/strong> TNT Dynamite es el pre-entrenamiento que te ayudar\u00e1 a alcanzar tus metas de fitness m\u00e1s r\u00e1pido que nunca.<\/p>\n<p data-sourcepos=\"24:1-24:65\"><strong>\u00a1Pide TNT Dynamite hoy mismo y desata tu potencial explosivo!<\/strong><\/p>\n<p data-sourcepos=\"26:1-26:27\"><strong>Beneficios adicionales:<\/strong><\/p>\n<ul data-sourcepos=\"28:1-32:0\">\n<li data-sourcepos=\"28:1-28:16\"><strong>Sin az\u00facar<\/strong><\/li>\n<li data-sourcepos=\"29:1-29:18\"><strong>Sin calor\u00edas<\/strong><\/li>\n<li data-sourcepos=\"30:1-30:21\"><strong>Delicioso sabor<\/strong><\/li>\n<li data-sourcepos=\"31:1-32:0\"><strong>F\u00e1cil de preparar<\/strong><\/li>\n<\/ul>\n<p data-sourcepos=\"33:1-33:69\"><strong>Star Nutrition:<\/strong> Tu aliado para alcanzar tus objetivos de fitness.<\/p>\n<p data-sourcepos=\"35:1-35:72\"><strong>Imagen ilustrativa, el packaging puede variar seg\u00fan \u00e9l el fabricante<\/strong><\/p>\n<p data-sourcepos=\"37:1-37:98\"><strong>\u00a1Compra TNT Dynamite ahora y prep\u00e1rate para una experiencia de entrenamiento totalmente nueva!<\/strong><\/p>\n<figure id=\"attachment_5282\" aria-describedby=\"caption-attachment-5282\" style=\"width: 1080px\" class=\"wp-caption alignnone\"><img loading=\"lazy\" decoding=\"async\" class=\"size-full wp-image-5282\" src=\"https:\/\/www.demusculos.com\/web\/wp-content\/uploads\/2024\/02\/tnt-dynamite-star-nutrition2.jpg\" alt=\"\" width=\"1080\" height=\"1080\" srcset=\"https:\/\/www.demusculos.com\/web\/wp-content\/uploads\/2024\/02\/tnt-dynamite-star-nutrition2.jpg 1080w, https:\/\/www.demusculos.com\/web\/wp-content\/uploads\/2024\/02\/tnt-dynamite-star-nutrition2-300x300.jpg 300w, https:\/\/www.demusculos.com\/web\/wp-content\/uploads\/2024\/02\/tnt-dynamite-star-nutrition2-150x150.jpg 150w, https:\/\/www.demusculos.com\/web\/wp-content\/uploads\/2024\/02\/tnt-dynamite-star-nutrition2-800x800.jpg 800w, https:\/\/www.demusculos.com\/web\/wp-content\/uploads\/2024\/02\/tnt-dynamite-star-nutrition2-1024x1024.jpg 1024w, https:\/\/www.demusculos.com\/web\/wp-content\/uploads\/2024\/02\/tnt-dynamite-star-nutrition2-768x768.jpg 768w\" sizes=\"(max-width: 1080px) 100vw, 1080px\" \/><figcaption id=\"caption-attachment-5282\" class=\"wp-caption-text\">Beneficios de TNT Dynamite<\/figcaption><\/figure>\n<h2 data-sourcepos=\"37:1-37:98\"><strong>Resumen de las claves de TNT Dynamite<\/strong><\/h2>\n<p data-sourcepos=\"3:1-3:135\"><strong>Pre-entrenamiento:<\/strong> TNT Dynamite, Star Nutrition, energ\u00eda, rendimiento, fuerza, resistencia, entrenamiento intenso, superar l\u00edmites.<\/p>\n<p data-sourcepos=\"5:1-5:99\"><strong>Ingredientes:<\/strong> Cafe\u00edna, taurina, beta alanina, citrulina malato, L-Tirosina, BCAAs, vitaminas B6 y B12.<\/p>\n<p data-sourcepos=\"7:1-7:132\"><strong>Beneficios:<\/strong> Aumento de energ\u00eda, reducci\u00f3n de la fatiga muscular, mejor rendimiento, mayor concentraci\u00f3n, recuperaci\u00f3n acelerada.<\/p>\n<p data-sourcepos=\"9:1-9:2\"><strong>P\u00fablico objetivo:<\/strong> Hombres, mujeres, atletas, personas que buscan mejorar su rendimiento deportivo, personas que buscan superar sus l\u00edmites.<\/p>\n<p data-sourcepos=\"11:1-11:20\"><strong>Modo de uso:<\/strong> Diluir 1 medida en 500ml de agua fr\u00eda, consumir 15-30 minutos antes del entrenamiento, no consumir m\u00e1s de 2 porciones diarias.<\/p>\n<p data-sourcepos=\"13:1-13:88\"><strong>Otras caracter\u00edsticas:<\/strong> Sin az\u00facar, sin calor\u00edas, delicioso sabor, f\u00e1cil de preparar.<\/p>\n<p data-sourcepos=\"13:1-13:88\"><img loading=\"lazy\" decoding=\"async\" class=\"alignnone size-full wp-image-5283\" src=\"https:\/\/www.demusculos.com\/web\/wp-content\/uploads\/2024\/02\/tnt-dynamite-star-nutrition3.jpg\" alt=\"\" width=\"1080\" height=\"1080\" srcset=\"https:\/\/www.demusculos.com\/web\/wp-content\/uploads\/2024\/02\/tnt-dynamite-star-nutrition3.jpg 1080w, https:\/\/www.demusculos.com\/web\/wp-content\/uploads\/2024\/02\/tnt-dynamite-star-nutrition3-300x300.jpg 300w, https:\/\/www.demusculos.com\/web\/wp-content\/uploads\/2024\/02\/tnt-dynamite-star-nutrition3-150x150.jpg 150w, https:\/\/www.demusculos.com\/web\/wp-content\/uploads\/2024\/02\/tnt-dynamite-star-nutrition3-800x800.jpg 800w, https:\/\/www.demusculos.com\/web\/wp-content\/uploads\/2024\/02\/tnt-dynamite-star-nutrition3-1024x1024.jpg 1024w, https:\/\/www.demusculos.com\/web\/wp-content\/uploads\/2024\/02\/tnt-dynamite-star-nutrition3-768x768.jpg 768w\" sizes=\"(max-width: 1080px) 100vw, 1080px\" \/><\/p>\n<p data-sourcepos=\"15:1-15:26\"><strong>Marca:<\/strong> Star Nutrition.<\/p>\n<p data-sourcepos=\"17:1-17:43\"><strong>Eslogan:<\/strong> Desata tu potencial explosivo.<\/p>\n<p data-sourcepos=\"19:1-19:118\"><strong>Llamado a la acci\u00f3n:<\/strong> Compra TNT Dynamite ahora y prep\u00e1rate para una experiencia de entrenamiento totalmente nueva.<\/p>\n<p data-sourcepos=\"21:1-21:131\"><strong>Palabras clave adicionales:<\/strong> Fitness, entrenamiento, gimnasio, deporte, rendimiento, energ\u00eda, motivaci\u00f3n, resultados, objetivos.<\/p>\n<p data-sourcepos=\"21:1-21:131\"><img loading=\"lazy\" decoding=\"async\" class=\"alignnone size-full wp-image-5284\" src=\"https:\/\/www.demusculos.com\/web\/wp-content\/uploads\/2024\/02\/tnt-dynamite-star-nutrition4.jpg\" alt=\"\" width=\"1080\" height=\"1080\" srcset=\"https:\/\/www.demusculos.com\/web\/wp-content\/uploads\/2024\/02\/tnt-dynamite-star-nutrition4.jpg 1080w, https:\/\/www.demusculos.com\/web\/wp-content\/uploads\/2024\/02\/tnt-dynamite-star-nutrition4-300x300.jpg 300w, https:\/\/www.demusculos.com\/web\/wp-content\/uploads\/2024\/02\/tnt-dynamite-star-nutrition4-150x150.jpg 150w, https:\/\/www.demusculos.com\/web\/wp-content\/uploads\/2024\/02\/tnt-dynamite-star-nutrition4-800x800.jpg 800w, https:\/\/www.demusculos.com\/web\/wp-content\/uploads\/2024\/02\/tnt-dynamite-star-nutrition4-1024x1024.jpg 1024w, https:\/\/www.demusculos.com\/web\/wp-content\/uploads\/2024\/02\/tnt-dynamite-star-nutrition4-768x768.jpg 768w\" sizes=\"(max-width: 1080px) 100vw, 1080px\" \/><\/p>\n","protected":false},"excerpt":{"rendered":"<p>Entrena mejor con TNT Dynamite de Star Nutrition<\/p>\n","protected":false},"featured_media":479,"comment_status":"closed","ping_status":"closed","template":"","meta":[],"product_brand":[220],"product_cat":[59,39],"product_tag":[26],"class_list":{"0":"post-478","1":"product","2":"type-product","3":"status-publish","4":"has-post-thumbnail","6":"product_brand-star-nutrition","7":"product_cat-energia","8":"product_cat-pre-entrenamiento","9":"product_tag-star-nutrition","11":"first","12":"instock","13":"sale","14":"shipping-taxable","15":"purchasable","16":"product-type-simple"},"yoast_head":"<!-- This site is optimized with the Yoast SEO plugin v27.5 - https:\/\/yoast.com\/product\/yoast-seo-wordpress\/ -->\n<title>TNT Dynamite Star Nutrition | 240 grs | 30 tomas | 30 d\u00edas<\/title>\n<meta name=\"description\" content=\"TNT Dynamite Star Nutrition. Nuevo pre entrenamiento, aumenta la energ\u00eda, construye masa muscular y previene la fatiga del m\u00fasculo. Entrena mejor.\" \/>\n<meta name=\"robots\" content=\"index, follow, max-snippet:-1, max-image-preview:large, max-video-preview:-1\" \/>\n<link rel=\"canonical\" href=\"https:\/\/www.demusculos.com\/web\/producto\/tnt-dynamite-240-grs-de-star-nutrition-pre-entrenamiento\/\" \/>\n<meta property=\"og:locale\" content=\"es_ES\" \/>\n<meta property=\"og:type\" content=\"article\" \/>\n<meta property=\"og:title\" content=\"TNT Dynamite Star Nutrition | 240 grs | 30 tomas | 30 d\u00edas\" \/>\n<meta property=\"og:description\" content=\"TNT Dynamite Star Nutrition. Nuevo pre entrenamiento, aumenta la energ\u00eda, construye masa muscular y previene la fatiga del m\u00fasculo. Entrena mejor.\" \/>\n<meta property=\"og:url\" content=\"https:\/\/www.demusculos.com\/web\/producto\/tnt-dynamite-240-grs-de-star-nutrition-pre-entrenamiento\/\" \/>\n<meta property=\"og:site_name\" content=\"DeMusculos\" \/>\n<meta property=\"article:publisher\" content=\"https:\/\/www.facebook.com\/demusculos\" \/>\n<meta property=\"article:modified_time\" content=\"2026-03-04T16:54:37+00:00\" \/>\n<meta property=\"og:image\" content=\"https:\/\/www.demusculos.com\/web\/wp-content\/uploads\/2024\/02\/tnt-dynamite-00.jpg\" \/>\n\t<meta property=\"og:image:width\" content=\"1000\" \/>\n\t<meta property=\"og:image:height\" content=\"1000\" \/>\n\t<meta property=\"og:image:type\" content=\"image\/jpeg\" \/>\n<meta name=\"twitter:card\" content=\"summary_large_image\" \/>\n<meta name=\"twitter:site\" content=\"@demusculos\" \/>\n<meta name=\"twitter:label1\" content=\"Tiempo de lectura\" \/>\n\t<meta name=\"twitter:data1\" content=\"4 minutos\" \/>\n<script type=\"application\/ld+json\" class=\"yoast-schema-graph\">{\"@context\":\"https:\\\/\\\/schema.org\",\"@graph\":[{\"@type\":\"WebPage\",\"@id\":\"https:\\\/\\\/www.demusculos.com\\\/web\\\/producto\\\/tnt-dynamite-240-grs-de-star-nutrition-pre-entrenamiento\\\/\",\"url\":\"https:\\\/\\\/www.demusculos.com\\\/web\\\/producto\\\/tnt-dynamite-240-grs-de-star-nutrition-pre-entrenamiento\\\/\",\"name\":\"TNT Dynamite Star Nutrition | 240 grs | 30 tomas | 30 d\u00edas\",\"isPartOf\":{\"@id\":\"https:\\\/\\\/www.demusculos.com\\\/web\\\/#website\"},\"primaryImageOfPage\":{\"@id\":\"https:\\\/\\\/www.demusculos.com\\\/web\\\/producto\\\/tnt-dynamite-240-grs-de-star-nutrition-pre-entrenamiento\\\/#primaryimage\"},\"image\":{\"@id\":\"https:\\\/\\\/www.demusculos.com\\\/web\\\/producto\\\/tnt-dynamite-240-grs-de-star-nutrition-pre-entrenamiento\\\/#primaryimage\"},\"thumbnailUrl\":\"https:\\\/\\\/www.demusculos.com\\\/web\\\/wp-content\\\/uploads\\\/2024\\\/02\\\/tnt-dynamite-00.jpg\",\"datePublished\":\"2024-02-23T14:40:34+00:00\",\"dateModified\":\"2026-03-04T16:54:37+00:00\",\"description\":\"TNT Dynamite Star Nutrition. Nuevo pre entrenamiento, aumenta la energ\u00eda, construye masa muscular y previene la fatiga del m\u00fasculo. Entrena mejor.\",\"breadcrumb\":{\"@id\":\"https:\\\/\\\/www.demusculos.com\\\/web\\\/producto\\\/tnt-dynamite-240-grs-de-star-nutrition-pre-entrenamiento\\\/#breadcrumb\"},\"inLanguage\":\"es\",\"potentialAction\":[{\"@type\":\"ReadAction\",\"target\":[\"https:\\\/\\\/www.demusculos.com\\\/web\\\/producto\\\/tnt-dynamite-240-grs-de-star-nutrition-pre-entrenamiento\\\/\"]}]},{\"@type\":\"ImageObject\",\"inLanguage\":\"es\",\"@id\":\"https:\\\/\\\/www.demusculos.com\\\/web\\\/producto\\\/tnt-dynamite-240-grs-de-star-nutrition-pre-entrenamiento\\\/#primaryimage\",\"url\":\"https:\\\/\\\/www.demusculos.com\\\/web\\\/wp-content\\\/uploads\\\/2024\\\/02\\\/tnt-dynamite-00.jpg\",\"contentUrl\":\"https:\\\/\\\/www.demusculos.com\\\/web\\\/wp-content\\\/uploads\\\/2024\\\/02\\\/tnt-dynamite-00.jpg\",\"width\":1000,\"height\":1000},{\"@type\":\"BreadcrumbList\",\"@id\":\"https:\\\/\\\/www.demusculos.com\\\/web\\\/producto\\\/tnt-dynamite-240-grs-de-star-nutrition-pre-entrenamiento\\\/#breadcrumb\",\"itemListElement\":[{\"@type\":\"ListItem\",\"position\":1,\"name\":\"Inicio\",\"item\":\"https:\\\/\\\/www.demusculos.com\\\/web\\\/\"},{\"@type\":\"ListItem\",\"position\":2,\"name\":\"Suplementos\",\"item\":\"https:\\\/\\\/www.demusculos.com\\\/web\\\/tienda\\\/\"},{\"@type\":\"ListItem\",\"position\":3,\"name\":\"TNT Dynamite 240 grs de Star Nutrition Pre Entrenamiento\"}]},{\"@type\":\"WebSite\",\"@id\":\"https:\\\/\\\/www.demusculos.com\\\/web\\\/#website\",\"url\":\"https:\\\/\\\/www.demusculos.com\\\/web\\\/\",\"name\":\"DeMusculos.com\",\"description\":\"Suplementos Naturales\",\"publisher\":{\"@id\":\"https:\\\/\\\/www.demusculos.com\\\/web\\\/#organization\"},\"alternateName\":\"Suplementos Naturales\",\"potentialAction\":[{\"@type\":\"SearchAction\",\"target\":{\"@type\":\"EntryPoint\",\"urlTemplate\":\"https:\\\/\\\/www.demusculos.com\\\/web\\\/?s={search_term_string}\"},\"query-input\":{\"@type\":\"PropertyValueSpecification\",\"valueRequired\":true,\"valueName\":\"search_term_string\"}}],\"inLanguage\":\"es\"},{\"@type\":\"Organization\",\"@id\":\"https:\\\/\\\/www.demusculos.com\\\/web\\\/#organization\",\"name\":\"DeMusculos.com\",\"alternateName\":\"DeMusculos\",\"url\":\"https:\\\/\\\/www.demusculos.com\\\/web\\\/\",\"logo\":{\"@type\":\"ImageObject\",\"inLanguage\":\"es\",\"@id\":\"https:\\\/\\\/www.demusculos.com\\\/web\\\/#\\\/schema\\\/logo\\\/image\\\/\",\"url\":\"https:\\\/\\\/www.demusculos.com\\\/web\\\/wp-content\\\/uploads\\\/2024\\\/02\\\/logo-demusculos-prestashop-usuario.png\",\"contentUrl\":\"https:\\\/\\\/www.demusculos.com\\\/web\\\/wp-content\\\/uploads\\\/2024\\\/02\\\/logo-demusculos-prestashop-usuario.png\",\"width\":150,\"height\":150,\"caption\":\"DeMusculos.com\"},\"image\":{\"@id\":\"https:\\\/\\\/www.demusculos.com\\\/web\\\/#\\\/schema\\\/logo\\\/image\\\/\"},\"sameAs\":[\"https:\\\/\\\/www.facebook.com\\\/demusculos\",\"https:\\\/\\\/x.com\\\/demusculos\",\"https:\\\/\\\/www.instagram.com\\\/demusculos\",\"https:\\\/\\\/www.tiktok.com\\\/@demusculos.com\"]}]}<\/script>\n<!-- \/ Yoast SEO plugin. -->","yoast_head_json":{"title":"TNT Dynamite Star Nutrition | 240 grs | 30 tomas | 30 d\u00edas","description":"TNT Dynamite Star Nutrition. Nuevo pre entrenamiento, aumenta la energ\u00eda, construye masa muscular y previene la fatiga del m\u00fasculo. Entrena mejor.","robots":{"index":"index","follow":"follow","max-snippet":"max-snippet:-1","max-image-preview":"max-image-preview:large","max-video-preview":"max-video-preview:-1"},"canonical":"https:\/\/www.demusculos.com\/web\/producto\/tnt-dynamite-240-grs-de-star-nutrition-pre-entrenamiento\/","og_locale":"es_ES","og_type":"article","og_title":"TNT Dynamite Star Nutrition | 240 grs | 30 tomas | 30 d\u00edas","og_description":"TNT Dynamite Star Nutrition. Nuevo pre entrenamiento, aumenta la energ\u00eda, construye masa muscular y previene la fatiga del m\u00fasculo. Entrena mejor.","og_url":"https:\/\/www.demusculos.com\/web\/producto\/tnt-dynamite-240-grs-de-star-nutrition-pre-entrenamiento\/","og_site_name":"DeMusculos","article_publisher":"https:\/\/www.facebook.com\/demusculos","article_modified_time":"2026-03-04T16:54:37+00:00","og_image":[{"width":1000,"height":1000,"url":"https:\/\/www.demusculos.com\/web\/wp-content\/uploads\/2024\/02\/tnt-dynamite-00.jpg","type":"image\/jpeg"}],"twitter_card":"summary_large_image","twitter_site":"@demusculos","twitter_misc":{"Tiempo de lectura":"4 minutos"},"schema":{"@context":"https:\/\/schema.org","@graph":[{"@type":"WebPage","@id":"https:\/\/www.demusculos.com\/web\/producto\/tnt-dynamite-240-grs-de-star-nutrition-pre-entrenamiento\/","url":"https:\/\/www.demusculos.com\/web\/producto\/tnt-dynamite-240-grs-de-star-nutrition-pre-entrenamiento\/","name":"TNT Dynamite Star Nutrition | 240 grs | 30 tomas | 30 d\u00edas","isPartOf":{"@id":"https:\/\/www.demusculos.com\/web\/#website"},"primaryImageOfPage":{"@id":"https:\/\/www.demusculos.com\/web\/producto\/tnt-dynamite-240-grs-de-star-nutrition-pre-entrenamiento\/#primaryimage"},"image":{"@id":"https:\/\/www.demusculos.com\/web\/producto\/tnt-dynamite-240-grs-de-star-nutrition-pre-entrenamiento\/#primaryimage"},"thumbnailUrl":"https:\/\/www.demusculos.com\/web\/wp-content\/uploads\/2024\/02\/tnt-dynamite-00.jpg","datePublished":"2024-02-23T14:40:34+00:00","dateModified":"2026-03-04T16:54:37+00:00","description":"TNT Dynamite Star Nutrition. Nuevo pre entrenamiento, aumenta la energ\u00eda, construye masa muscular y previene la fatiga del m\u00fasculo. Entrena mejor.","breadcrumb":{"@id":"https:\/\/www.demusculos.com\/web\/producto\/tnt-dynamite-240-grs-de-star-nutrition-pre-entrenamiento\/#breadcrumb"},"inLanguage":"es","potentialAction":[{"@type":"ReadAction","target":["https:\/\/www.demusculos.com\/web\/producto\/tnt-dynamite-240-grs-de-star-nutrition-pre-entrenamiento\/"]}]},{"@type":"ImageObject","inLanguage":"es","@id":"https:\/\/www.demusculos.com\/web\/producto\/tnt-dynamite-240-grs-de-star-nutrition-pre-entrenamiento\/#primaryimage","url":"https:\/\/www.demusculos.com\/web\/wp-content\/uploads\/2024\/02\/tnt-dynamite-00.jpg","contentUrl":"https:\/\/www.demusculos.com\/web\/wp-content\/uploads\/2024\/02\/tnt-dynamite-00.jpg","width":1000,"height":1000},{"@type":"BreadcrumbList","@id":"https:\/\/www.demusculos.com\/web\/producto\/tnt-dynamite-240-grs-de-star-nutrition-pre-entrenamiento\/#breadcrumb","itemListElement":[{"@type":"ListItem","position":1,"name":"Inicio","item":"https:\/\/www.demusculos.com\/web\/"},{"@type":"ListItem","position":2,"name":"Suplementos","item":"https:\/\/www.demusculos.com\/web\/tienda\/"},{"@type":"ListItem","position":3,"name":"TNT Dynamite 240 grs de Star Nutrition Pre Entrenamiento"}]},{"@type":"WebSite","@id":"https:\/\/www.demusculos.com\/web\/#website","url":"https:\/\/www.demusculos.com\/web\/","name":"DeMusculos.com","description":"Suplementos Naturales","publisher":{"@id":"https:\/\/www.demusculos.com\/web\/#organization"},"alternateName":"Suplementos Naturales","potentialAction":[{"@type":"SearchAction","target":{"@type":"EntryPoint","urlTemplate":"https:\/\/www.demusculos.com\/web\/?s={search_term_string}"},"query-input":{"@type":"PropertyValueSpecification","valueRequired":true,"valueName":"search_term_string"}}],"inLanguage":"es"},{"@type":"Organization","@id":"https:\/\/www.demusculos.com\/web\/#organization","name":"DeMusculos.com","alternateName":"DeMusculos","url":"https:\/\/www.demusculos.com\/web\/","logo":{"@type":"ImageObject","inLanguage":"es","@id":"https:\/\/www.demusculos.com\/web\/#\/schema\/logo\/image\/","url":"https:\/\/www.demusculos.com\/web\/wp-content\/uploads\/2024\/02\/logo-demusculos-prestashop-usuario.png","contentUrl":"https:\/\/www.demusculos.com\/web\/wp-content\/uploads\/2024\/02\/logo-demusculos-prestashop-usuario.png","width":150,"height":150,"caption":"DeMusculos.com"},"image":{"@id":"https:\/\/www.demusculos.com\/web\/#\/schema\/logo\/image\/"},"sameAs":["https:\/\/www.facebook.com\/demusculos","https:\/\/x.com\/demusculos","https:\/\/www.instagram.com\/demusculos","https:\/\/www.tiktok.com\/@demusculos.com"]}]}},"_links":{"self":[{"href":"https:\/\/www.demusculos.com\/web\/wp-json\/wp\/v2\/product\/478","targetHints":{"allow":["GET"]}}],"collection":[{"href":"https:\/\/www.demusculos.com\/web\/wp-json\/wp\/v2\/product"}],"about":[{"href":"https:\/\/www.demusculos.com\/web\/wp-json\/wp\/v2\/types\/product"}],"replies":[{"embeddable":true,"href":"https:\/\/www.demusculos.com\/web\/wp-json\/wp\/v2\/comments?post=478"}],"wp:featuredmedia":[{"embeddable":true,"href":"https:\/\/www.demusculos.com\/web\/wp-json\/wp\/v2\/media\/479"}],"wp:attachment":[{"href":"https:\/\/www.demusculos.com\/web\/wp-json\/wp\/v2\/media?parent=478"}],"wp:term":[{"taxonomy":"product_brand","embeddable":true,"href":"https:\/\/www.demusculos.com\/web\/wp-json\/wp\/v2\/product_brand?post=478"},{"taxonomy":"product_cat","embeddable":true,"href":"https:\/\/www.demusculos.com\/web\/wp-json\/wp\/v2\/product_cat?post=478"},{"taxonomy":"product_tag","embeddable":true,"href":"https:\/\/www.demusculos.com\/web\/wp-json\/wp\/v2\/product_tag?post=478"}],"curies":[{"name":"wp","href":"https:\/\/api.w.org\/{rel}","templated":true}]}}