{"id":4799,"date":"2024-04-29T21:06:11","date_gmt":"2024-04-30T00:06:11","guid":{"rendered":"https:\/\/www.demusculos.com\/web\/?post_type=product&#038;p=4799"},"modified":"2026-02-01T20:02:32","modified_gmt":"2026-02-01T23:02:32","slug":"crea-thor-de-dmsport","status":"publish","type":"product","link":"https:\/\/www.demusculos.com\/web\/producto\/crea-thor-de-dmsport\/","title":{"rendered":"Crea Thor de Nutrition Research"},"content":{"rendered":"\r\n<h2 class=\"wp-block-heading\">Crea Thor: Creatina potenciada<\/h2>\r\n\r\n\r\n\r\n<p><strong>Crea Thor contiene Creatina + Beta Alanina + Vitamina C + Glutamina (4 ingredientes)<\/strong><\/p>\r\n\r\n\r\n\r\n<p>Excelente recuperador muscular. Lleva el entrenamiento a otro nivel.<\/p>\r\n\r\n\r\n\r\n<figure class=\"wp-block-image size-large\"><img fetchpriority=\"high\" decoding=\"async\" width=\"1024\" height=\"1024\" class=\"wp-image-12226\" src=\"https:\/\/www.demusculos.com\/web\/wp-content\/uploads\/2024\/04\/crea-thor-nutrition-research-03-1024x1024.webp\" alt=\"Creatina con Beta Alanina\" srcset=\"https:\/\/www.demusculos.com\/web\/wp-content\/uploads\/2024\/04\/crea-thor-nutrition-research-03-1024x1024.webp 1024w, https:\/\/www.demusculos.com\/web\/wp-content\/uploads\/2024\/04\/crea-thor-nutrition-research-03-300x300.webp 300w, https:\/\/www.demusculos.com\/web\/wp-content\/uploads\/2024\/04\/crea-thor-nutrition-research-03-150x150.webp 150w, https:\/\/www.demusculos.com\/web\/wp-content\/uploads\/2024\/04\/crea-thor-nutrition-research-03-768x768.webp 768w, https:\/\/www.demusculos.com\/web\/wp-content\/uploads\/2024\/04\/crea-thor-nutrition-research-03-990x990.webp 990w, https:\/\/www.demusculos.com\/web\/wp-content\/uploads\/2024\/04\/crea-thor-nutrition-research-03-441x441.webp 441w, https:\/\/www.demusculos.com\/web\/wp-content\/uploads\/2024\/04\/crea-thor-nutrition-research-03-100x100.webp 100w, https:\/\/www.demusculos.com\/web\/wp-content\/uploads\/2024\/04\/crea-thor-nutrition-research-03-800x800.webp 800w, https:\/\/www.demusculos.com\/web\/wp-content\/uploads\/2024\/04\/crea-thor-nutrition-research-03.webp 1080w\" sizes=\"(max-width: 1024px) 100vw, 1024px\" \/><\/figure>\r\n\r\n\r\n\r\n<p><strong>Incluye la siguiente formula:<\/strong><\/p>\r\n\r\n\r\n\r\n<p>5 grs de creatina por toma (Aumento de masa muscular)<\/p>\r\n\r\n\r\n\r\n<p>Beta Alanina 2 grs (Previene la fatigarse durante el entrenamiento)<\/p>\r\n\r\n\r\n\r\n<p>Vitamina C 20 grs (Refuerza el sistema inmune)<\/p>\r\n\r\n\r\n\r\n<p>Glutamina 1.5 grs (Recuperador)<\/p>\r\n\r\n\r\n\r\n<p>Son mucho m\u00e1s econ\u00f3micas pues son fraccionadas por farmac\u00e9utica.<\/p>\r\n\r\n\r\n\r\n<p>100% cerradas. Muy pocas unidades. No puede faltar este producto en tu tienda o gimnasio. Excelente calidad.<\/p>\r\n\r\n\r\n\r\n<figure class=\"wp-block-image size-large\"><img decoding=\"async\" width=\"1024\" height=\"1024\" class=\"wp-image-12227\" src=\"https:\/\/www.demusculos.com\/web\/wp-content\/uploads\/2024\/04\/crea-thor-nutrition-research-04-1024x1024.webp\" alt=\"Beneficios de la creatina\" srcset=\"https:\/\/www.demusculos.com\/web\/wp-content\/uploads\/2024\/04\/crea-thor-nutrition-research-04-1024x1024.webp 1024w, https:\/\/www.demusculos.com\/web\/wp-content\/uploads\/2024\/04\/crea-thor-nutrition-research-04-300x300.webp 300w, https:\/\/www.demusculos.com\/web\/wp-content\/uploads\/2024\/04\/crea-thor-nutrition-research-04-150x150.webp 150w, https:\/\/www.demusculos.com\/web\/wp-content\/uploads\/2024\/04\/crea-thor-nutrition-research-04-768x768.webp 768w, https:\/\/www.demusculos.com\/web\/wp-content\/uploads\/2024\/04\/crea-thor-nutrition-research-04-990x990.webp 990w, https:\/\/www.demusculos.com\/web\/wp-content\/uploads\/2024\/04\/crea-thor-nutrition-research-04-441x441.webp 441w, https:\/\/www.demusculos.com\/web\/wp-content\/uploads\/2024\/04\/crea-thor-nutrition-research-04-100x100.webp 100w, https:\/\/www.demusculos.com\/web\/wp-content\/uploads\/2024\/04\/crea-thor-nutrition-research-04-800x800.webp 800w, https:\/\/www.demusculos.com\/web\/wp-content\/uploads\/2024\/04\/crea-thor-nutrition-research-04.webp 1080w\" sizes=\"(max-width: 1024px) 100vw, 1024px\" \/><\/figure>\r\n\r\n\r\n\r\n<h2 class=\"wp-block-heading\">Contiene Glutamina<\/h2>\r\n\r\n\r\n\r\n<p>Consumir <strong>1.5 gramos de glutamina por d\u00eda<\/strong> puede ofrecer varios beneficios, aunque la dosis est\u00e1 por debajo de las cantidades recomendadas para un impacto m\u00e1s notable en el rendimiento deportivo o la recuperaci\u00f3n. A continuaci\u00f3n, te enumero los posibles beneficios de esta dosis:<\/p>\r\n\r\n\r\n\r\n<p>1. <strong>Mejora de la funci\u00f3n inmunol\u00f3gica<\/strong><\/p>\r\n\r\n\r\n\r\n<p>La glutamina es un importante combustible para las c\u00e9lulas del sistema inmunol\u00f3gico. Durante entrenamientos intensos o largos, el cuerpo puede experimentar una disminuci\u00f3n en los niveles de glutamina, lo que debilita la respuesta inmune. Con 1.5 gramos de glutamina al d\u00eda, se podr\u00eda ayudar a mantener un sistema inmunol\u00f3gico m\u00e1s fuerte y reducir el riesgo de infecciones.<\/p>\r\n\r\n\r\n\r\n<p>2. <strong>Recuperaci\u00f3n muscular<\/strong><\/p>\r\n\r\n\r\n\r\n<p>Aunque una dosis de 1.5 gramos es menor que la t\u00edpica de 5 a 10 gramos, a\u00fan puede contribuir a la reparaci\u00f3n de los m\u00fasculos despu\u00e9s de entrenamientos exigentes. La glutamina puede ayudar a reducir el da\u00f1o muscular y el tiempo necesario para la recuperaci\u00f3n.<\/p>\r\n\r\n\r\n\r\n<figure class=\"wp-block-image size-large\"><img decoding=\"async\" width=\"1024\" height=\"1024\" class=\"wp-image-12228\" src=\"https:\/\/www.demusculos.com\/web\/wp-content\/uploads\/2024\/04\/crea-thor-nutrition-research-05-1024x1024.webp\" alt=\"M\u00e1s beneficios! Importancia de la creatina en el deporte\" srcset=\"https:\/\/www.demusculos.com\/web\/wp-content\/uploads\/2024\/04\/crea-thor-nutrition-research-05-1024x1024.webp 1024w, https:\/\/www.demusculos.com\/web\/wp-content\/uploads\/2024\/04\/crea-thor-nutrition-research-05-300x300.webp 300w, https:\/\/www.demusculos.com\/web\/wp-content\/uploads\/2024\/04\/crea-thor-nutrition-research-05-150x150.webp 150w, https:\/\/www.demusculos.com\/web\/wp-content\/uploads\/2024\/04\/crea-thor-nutrition-research-05-768x768.webp 768w, https:\/\/www.demusculos.com\/web\/wp-content\/uploads\/2024\/04\/crea-thor-nutrition-research-05-990x990.webp 990w, https:\/\/www.demusculos.com\/web\/wp-content\/uploads\/2024\/04\/crea-thor-nutrition-research-05-441x441.webp 441w, https:\/\/www.demusculos.com\/web\/wp-content\/uploads\/2024\/04\/crea-thor-nutrition-research-05-100x100.webp 100w, https:\/\/www.demusculos.com\/web\/wp-content\/uploads\/2024\/04\/crea-thor-nutrition-research-05-800x800.webp 800w, https:\/\/www.demusculos.com\/web\/wp-content\/uploads\/2024\/04\/crea-thor-nutrition-research-05.webp 1080w\" sizes=\"(max-width: 1024px) 100vw, 1024px\" \/><\/figure>\r\n\r\n\r\n\r\n<p>3. <strong>Apoyo a la salud intestinal<\/strong><\/p>\r\n\r\n\r\n\r\n<p>La glutamina es esencial para la integridad de las c\u00e9lulas del intestino. A pesar de la dosis baja, consumir 1.5 gramos de glutamina puede favorecer la salud intestinal, lo que puede mejorar la absorci\u00f3n de nutrientes y mantener un equilibrio adecuado de la microbiota intestinal. Un intestino saludable tambi\u00e9n es crucial para una buena funci\u00f3n inmune y digestiva.<\/p>\r\n\r\n\r\n\r\n<p>4. <strong>Reducci\u00f3n de la fatiga<\/strong><\/p>\r\n\r\n\r\n\r\n<p>La glutamina puede ayudar a reducir la fatiga en deportes de resistencia al participar en la regulaci\u00f3n del equilibrio \u00e1cido-base en el cuerpo. Aunque 1.5 gramos no tendr\u00eda un efecto tan pronunciado como dosis mayores, puede ayudar a mejorar la energ\u00eda general en ejercicios prolongados.<\/p>\r\n\r\n\r\n\r\n<p>5. <strong>Equilibrio de la glucosa<\/strong><\/p>\r\n\r\n\r\n\r\n<p>La glutamina tambi\u00e9n puede tener un papel en la regulaci\u00f3n de los niveles de az\u00facar en sangre al influir en la producci\u00f3n de glucosa en el h\u00edgado. Este efecto puede ayudar a mantener los niveles de energ\u00eda y reducir los picos de insulina.<\/p>\r\n\r\n\r\n\r\n<figure class=\"wp-block-image size-large\"><img loading=\"lazy\" decoding=\"async\" width=\"1024\" height=\"1024\" class=\"wp-image-12229\" src=\"https:\/\/www.demusculos.com\/web\/wp-content\/uploads\/2024\/04\/crea-thor-nutrition-research-06-1024x1024.webp\" alt=\"Crea Thor es una creatina potenciada\" srcset=\"https:\/\/www.demusculos.com\/web\/wp-content\/uploads\/2024\/04\/crea-thor-nutrition-research-06-1024x1024.webp 1024w, https:\/\/www.demusculos.com\/web\/wp-content\/uploads\/2024\/04\/crea-thor-nutrition-research-06-300x300.webp 300w, https:\/\/www.demusculos.com\/web\/wp-content\/uploads\/2024\/04\/crea-thor-nutrition-research-06-150x150.webp 150w, https:\/\/www.demusculos.com\/web\/wp-content\/uploads\/2024\/04\/crea-thor-nutrition-research-06-768x768.webp 768w, https:\/\/www.demusculos.com\/web\/wp-content\/uploads\/2024\/04\/crea-thor-nutrition-research-06-990x990.webp 990w, https:\/\/www.demusculos.com\/web\/wp-content\/uploads\/2024\/04\/crea-thor-nutrition-research-06-441x441.webp 441w, https:\/\/www.demusculos.com\/web\/wp-content\/uploads\/2024\/04\/crea-thor-nutrition-research-06-100x100.webp 100w, https:\/\/www.demusculos.com\/web\/wp-content\/uploads\/2024\/04\/crea-thor-nutrition-research-06-800x800.webp 800w, https:\/\/www.demusculos.com\/web\/wp-content\/uploads\/2024\/04\/crea-thor-nutrition-research-06.webp 1080w\" sizes=\"(max-width: 1024px) 100vw, 1024px\" \/><\/figure>\r\n\r\n\r\n\r\n<figure class=\"wp-block-image size-large\"><img loading=\"lazy\" decoding=\"async\" width=\"1024\" height=\"1024\" class=\"wp-image-12230\" src=\"https:\/\/www.demusculos.com\/web\/wp-content\/uploads\/2024\/04\/crea-thor-nutrition-research-07-1024x1024.webp\" alt=\"\" srcset=\"https:\/\/www.demusculos.com\/web\/wp-content\/uploads\/2024\/04\/crea-thor-nutrition-research-07-1024x1024.webp 1024w, https:\/\/www.demusculos.com\/web\/wp-content\/uploads\/2024\/04\/crea-thor-nutrition-research-07-300x300.webp 300w, https:\/\/www.demusculos.com\/web\/wp-content\/uploads\/2024\/04\/crea-thor-nutrition-research-07-150x150.webp 150w, https:\/\/www.demusculos.com\/web\/wp-content\/uploads\/2024\/04\/crea-thor-nutrition-research-07-768x768.webp 768w, https:\/\/www.demusculos.com\/web\/wp-content\/uploads\/2024\/04\/crea-thor-nutrition-research-07-990x990.webp 990w, https:\/\/www.demusculos.com\/web\/wp-content\/uploads\/2024\/04\/crea-thor-nutrition-research-07-441x441.webp 441w, https:\/\/www.demusculos.com\/web\/wp-content\/uploads\/2024\/04\/crea-thor-nutrition-research-07-100x100.webp 100w, https:\/\/www.demusculos.com\/web\/wp-content\/uploads\/2024\/04\/crea-thor-nutrition-research-07-800x800.webp 800w, https:\/\/www.demusculos.com\/web\/wp-content\/uploads\/2024\/04\/crea-thor-nutrition-research-07.webp 1080w\" sizes=\"(max-width: 1024px) 100vw, 1024px\" \/><\/figure>\r\n\r\n\r\n\r\n<p>&nbsp;<\/p>\r\n\r\n\r\n\r\n<p>&nbsp;<\/p>\r\n","protected":false},"excerpt":{"rendered":"<p>Previene la fatiga, mejora el rendimiento, aumenta la masa muscular. Potenciada con Beta Alanina.<\/p>\n","protected":false},"featured_media":12224,"comment_status":"closed","ping_status":"closed","template":"","meta":[],"product_brand":[256],"product_cat":[50],"product_tag":[257],"class_list":{"0":"post-4799","1":"product","2":"type-product","3":"status-publish","4":"has-post-thumbnail","6":"product_brand-nutrition-research","7":"product_cat-creatina","8":"product_tag-nutrition-research","10":"first","11":"outofstock","12":"sale","13":"shipping-taxable","14":"purchasable","15":"product-type-simple"},"yoast_head":"<!-- This site is optimized with the Yoast SEO plugin v27.4 - https:\/\/yoast.com\/product\/yoast-seo-wordpress\/ -->\n<title>Crea Thor | Creatina | Beta Alanina | Vitamina C | DeMusculos.com<\/title>\n<meta name=\"description\" content=\"Crea Thor es una creatina 100% potenciada con Beta Alanina y Vitamina C que te ayuda a tener menos fatiga y m\u00e1s rendimiento. Env\u00edos a toda la Argentina.\" \/>\n<meta name=\"robots\" content=\"index, follow, max-snippet:-1, max-image-preview:large, max-video-preview:-1\" \/>\n<link rel=\"canonical\" href=\"https:\/\/www.demusculos.com\/web\/producto\/crea-thor-de-dmsport\/\" \/>\n<meta property=\"og:locale\" content=\"es_ES\" \/>\n<meta property=\"og:type\" content=\"article\" \/>\n<meta property=\"og:title\" content=\"Crea Thor | Creatina | Beta Alanina | Vitamina C | DeMusculos.com\" \/>\n<meta property=\"og:description\" content=\"Crea Thor es una creatina 100% potenciada con Beta Alanina y Vitamina C que te ayuda a tener menos fatiga y m\u00e1s rendimiento. Env\u00edos a toda la Argentina.\" \/>\n<meta property=\"og:url\" content=\"https:\/\/www.demusculos.com\/web\/producto\/crea-thor-de-dmsport\/\" \/>\n<meta property=\"og:site_name\" content=\"DeMusculos\" \/>\n<meta property=\"article:publisher\" content=\"https:\/\/www.facebook.com\/demusculos\" \/>\n<meta property=\"article:modified_time\" content=\"2026-02-01T23:02:32+00:00\" \/>\n<meta property=\"og:image\" content=\"https:\/\/www.demusculos.com\/web\/wp-content\/uploads\/2024\/04\/crea-thor-nutrition-research-01.webp\" \/>\n\t<meta property=\"og:image:width\" content=\"1080\" \/>\n\t<meta property=\"og:image:height\" content=\"1080\" \/>\n\t<meta property=\"og:image:type\" content=\"image\/webp\" \/>\n<meta name=\"twitter:card\" content=\"summary_large_image\" \/>\n<meta name=\"twitter:site\" content=\"@demusculos\" \/>\n<meta name=\"twitter:label1\" content=\"Tiempo de lectura\" \/>\n\t<meta name=\"twitter:data1\" content=\"4 minutos\" \/>\n<script type=\"application\/ld+json\" class=\"yoast-schema-graph\">{\"@context\":\"https:\\\/\\\/schema.org\",\"@graph\":[{\"@type\":\"WebPage\",\"@id\":\"https:\\\/\\\/www.demusculos.com\\\/web\\\/producto\\\/crea-thor-de-dmsport\\\/\",\"url\":\"https:\\\/\\\/www.demusculos.com\\\/web\\\/producto\\\/crea-thor-de-dmsport\\\/\",\"name\":\"Crea Thor | Creatina | Beta Alanina | Vitamina C | DeMusculos.com\",\"isPartOf\":{\"@id\":\"https:\\\/\\\/www.demusculos.com\\\/web\\\/#website\"},\"primaryImageOfPage\":{\"@id\":\"https:\\\/\\\/www.demusculos.com\\\/web\\\/producto\\\/crea-thor-de-dmsport\\\/#primaryimage\"},\"image\":{\"@id\":\"https:\\\/\\\/www.demusculos.com\\\/web\\\/producto\\\/crea-thor-de-dmsport\\\/#primaryimage\"},\"thumbnailUrl\":\"https:\\\/\\\/www.demusculos.com\\\/web\\\/wp-content\\\/uploads\\\/2024\\\/04\\\/crea-thor-nutrition-research-01.webp\",\"datePublished\":\"2024-04-30T00:06:11+00:00\",\"dateModified\":\"2026-02-01T23:02:32+00:00\",\"description\":\"Crea Thor es una creatina 100% potenciada con Beta Alanina y Vitamina C que te ayuda a tener menos fatiga y m\u00e1s rendimiento. Env\u00edos a toda la Argentina.\",\"breadcrumb\":{\"@id\":\"https:\\\/\\\/www.demusculos.com\\\/web\\\/producto\\\/crea-thor-de-dmsport\\\/#breadcrumb\"},\"inLanguage\":\"es\",\"potentialAction\":[{\"@type\":\"ReadAction\",\"target\":[\"https:\\\/\\\/www.demusculos.com\\\/web\\\/producto\\\/crea-thor-de-dmsport\\\/\"]}]},{\"@type\":\"ImageObject\",\"inLanguage\":\"es\",\"@id\":\"https:\\\/\\\/www.demusculos.com\\\/web\\\/producto\\\/crea-thor-de-dmsport\\\/#primaryimage\",\"url\":\"https:\\\/\\\/www.demusculos.com\\\/web\\\/wp-content\\\/uploads\\\/2024\\\/04\\\/crea-thor-nutrition-research-01.webp\",\"contentUrl\":\"https:\\\/\\\/www.demusculos.com\\\/web\\\/wp-content\\\/uploads\\\/2024\\\/04\\\/crea-thor-nutrition-research-01.webp\",\"width\":1080,\"height\":1080,\"caption\":\"Creatina Fracionada: 300 grs\"},{\"@type\":\"BreadcrumbList\",\"@id\":\"https:\\\/\\\/www.demusculos.com\\\/web\\\/producto\\\/crea-thor-de-dmsport\\\/#breadcrumb\",\"itemListElement\":[{\"@type\":\"ListItem\",\"position\":1,\"name\":\"Inicio\",\"item\":\"https:\\\/\\\/www.demusculos.com\\\/web\\\/\"},{\"@type\":\"ListItem\",\"position\":2,\"name\":\"Suplementos\",\"item\":\"https:\\\/\\\/www.demusculos.com\\\/web\\\/tienda\\\/\"},{\"@type\":\"ListItem\",\"position\":3,\"name\":\"Crea Thor de Nutrition Research\"}]},{\"@type\":\"WebSite\",\"@id\":\"https:\\\/\\\/www.demusculos.com\\\/web\\\/#website\",\"url\":\"https:\\\/\\\/www.demusculos.com\\\/web\\\/\",\"name\":\"DeMusculos.com\",\"description\":\"Suplementos Naturales\",\"publisher\":{\"@id\":\"https:\\\/\\\/www.demusculos.com\\\/web\\\/#organization\"},\"alternateName\":\"Suplementos Naturales\",\"potentialAction\":[{\"@type\":\"SearchAction\",\"target\":{\"@type\":\"EntryPoint\",\"urlTemplate\":\"https:\\\/\\\/www.demusculos.com\\\/web\\\/?s={search_term_string}\"},\"query-input\":{\"@type\":\"PropertyValueSpecification\",\"valueRequired\":true,\"valueName\":\"search_term_string\"}}],\"inLanguage\":\"es\"},{\"@type\":\"Organization\",\"@id\":\"https:\\\/\\\/www.demusculos.com\\\/web\\\/#organization\",\"name\":\"DeMusculos.com\",\"alternateName\":\"DeMusculos\",\"url\":\"https:\\\/\\\/www.demusculos.com\\\/web\\\/\",\"logo\":{\"@type\":\"ImageObject\",\"inLanguage\":\"es\",\"@id\":\"https:\\\/\\\/www.demusculos.com\\\/web\\\/#\\\/schema\\\/logo\\\/image\\\/\",\"url\":\"https:\\\/\\\/www.demusculos.com\\\/web\\\/wp-content\\\/uploads\\\/2024\\\/02\\\/logo-demusculos-prestashop-usuario.png\",\"contentUrl\":\"https:\\\/\\\/www.demusculos.com\\\/web\\\/wp-content\\\/uploads\\\/2024\\\/02\\\/logo-demusculos-prestashop-usuario.png\",\"width\":150,\"height\":150,\"caption\":\"DeMusculos.com\"},\"image\":{\"@id\":\"https:\\\/\\\/www.demusculos.com\\\/web\\\/#\\\/schema\\\/logo\\\/image\\\/\"},\"sameAs\":[\"https:\\\/\\\/www.facebook.com\\\/demusculos\",\"https:\\\/\\\/x.com\\\/demusculos\",\"https:\\\/\\\/www.instagram.com\\\/demusculos\",\"https:\\\/\\\/www.tiktok.com\\\/@demusculos.com\"]}]}<\/script>\n<!-- \/ Yoast SEO plugin. -->","yoast_head_json":{"title":"Crea Thor | Creatina | Beta Alanina | Vitamina C | DeMusculos.com","description":"Crea Thor es una creatina 100% potenciada con Beta Alanina y Vitamina C que te ayuda a tener menos fatiga y m\u00e1s rendimiento. Env\u00edos a toda la Argentina.","robots":{"index":"index","follow":"follow","max-snippet":"max-snippet:-1","max-image-preview":"max-image-preview:large","max-video-preview":"max-video-preview:-1"},"canonical":"https:\/\/www.demusculos.com\/web\/producto\/crea-thor-de-dmsport\/","og_locale":"es_ES","og_type":"article","og_title":"Crea Thor | Creatina | Beta Alanina | Vitamina C | DeMusculos.com","og_description":"Crea Thor es una creatina 100% potenciada con Beta Alanina y Vitamina C que te ayuda a tener menos fatiga y m\u00e1s rendimiento. Env\u00edos a toda la Argentina.","og_url":"https:\/\/www.demusculos.com\/web\/producto\/crea-thor-de-dmsport\/","og_site_name":"DeMusculos","article_publisher":"https:\/\/www.facebook.com\/demusculos","article_modified_time":"2026-02-01T23:02:32+00:00","og_image":[{"width":1080,"height":1080,"url":"https:\/\/www.demusculos.com\/web\/wp-content\/uploads\/2024\/04\/crea-thor-nutrition-research-01.webp","type":"image\/webp"}],"twitter_card":"summary_large_image","twitter_site":"@demusculos","twitter_misc":{"Tiempo de lectura":"4 minutos"},"schema":{"@context":"https:\/\/schema.org","@graph":[{"@type":"WebPage","@id":"https:\/\/www.demusculos.com\/web\/producto\/crea-thor-de-dmsport\/","url":"https:\/\/www.demusculos.com\/web\/producto\/crea-thor-de-dmsport\/","name":"Crea Thor | Creatina | Beta Alanina | Vitamina C | DeMusculos.com","isPartOf":{"@id":"https:\/\/www.demusculos.com\/web\/#website"},"primaryImageOfPage":{"@id":"https:\/\/www.demusculos.com\/web\/producto\/crea-thor-de-dmsport\/#primaryimage"},"image":{"@id":"https:\/\/www.demusculos.com\/web\/producto\/crea-thor-de-dmsport\/#primaryimage"},"thumbnailUrl":"https:\/\/www.demusculos.com\/web\/wp-content\/uploads\/2024\/04\/crea-thor-nutrition-research-01.webp","datePublished":"2024-04-30T00:06:11+00:00","dateModified":"2026-02-01T23:02:32+00:00","description":"Crea Thor es una creatina 100% potenciada con Beta Alanina y Vitamina C que te ayuda a tener menos fatiga y m\u00e1s rendimiento. Env\u00edos a toda la Argentina.","breadcrumb":{"@id":"https:\/\/www.demusculos.com\/web\/producto\/crea-thor-de-dmsport\/#breadcrumb"},"inLanguage":"es","potentialAction":[{"@type":"ReadAction","target":["https:\/\/www.demusculos.com\/web\/producto\/crea-thor-de-dmsport\/"]}]},{"@type":"ImageObject","inLanguage":"es","@id":"https:\/\/www.demusculos.com\/web\/producto\/crea-thor-de-dmsport\/#primaryimage","url":"https:\/\/www.demusculos.com\/web\/wp-content\/uploads\/2024\/04\/crea-thor-nutrition-research-01.webp","contentUrl":"https:\/\/www.demusculos.com\/web\/wp-content\/uploads\/2024\/04\/crea-thor-nutrition-research-01.webp","width":1080,"height":1080,"caption":"Creatina Fracionada: 300 grs"},{"@type":"BreadcrumbList","@id":"https:\/\/www.demusculos.com\/web\/producto\/crea-thor-de-dmsport\/#breadcrumb","itemListElement":[{"@type":"ListItem","position":1,"name":"Inicio","item":"https:\/\/www.demusculos.com\/web\/"},{"@type":"ListItem","position":2,"name":"Suplementos","item":"https:\/\/www.demusculos.com\/web\/tienda\/"},{"@type":"ListItem","position":3,"name":"Crea Thor de Nutrition Research"}]},{"@type":"WebSite","@id":"https:\/\/www.demusculos.com\/web\/#website","url":"https:\/\/www.demusculos.com\/web\/","name":"DeMusculos.com","description":"Suplementos Naturales","publisher":{"@id":"https:\/\/www.demusculos.com\/web\/#organization"},"alternateName":"Suplementos Naturales","potentialAction":[{"@type":"SearchAction","target":{"@type":"EntryPoint","urlTemplate":"https:\/\/www.demusculos.com\/web\/?s={search_term_string}"},"query-input":{"@type":"PropertyValueSpecification","valueRequired":true,"valueName":"search_term_string"}}],"inLanguage":"es"},{"@type":"Organization","@id":"https:\/\/www.demusculos.com\/web\/#organization","name":"DeMusculos.com","alternateName":"DeMusculos","url":"https:\/\/www.demusculos.com\/web\/","logo":{"@type":"ImageObject","inLanguage":"es","@id":"https:\/\/www.demusculos.com\/web\/#\/schema\/logo\/image\/","url":"https:\/\/www.demusculos.com\/web\/wp-content\/uploads\/2024\/02\/logo-demusculos-prestashop-usuario.png","contentUrl":"https:\/\/www.demusculos.com\/web\/wp-content\/uploads\/2024\/02\/logo-demusculos-prestashop-usuario.png","width":150,"height":150,"caption":"DeMusculos.com"},"image":{"@id":"https:\/\/www.demusculos.com\/web\/#\/schema\/logo\/image\/"},"sameAs":["https:\/\/www.facebook.com\/demusculos","https:\/\/x.com\/demusculos","https:\/\/www.instagram.com\/demusculos","https:\/\/www.tiktok.com\/@demusculos.com"]}]}},"_links":{"self":[{"href":"https:\/\/www.demusculos.com\/web\/wp-json\/wp\/v2\/product\/4799","targetHints":{"allow":["GET"]}}],"collection":[{"href":"https:\/\/www.demusculos.com\/web\/wp-json\/wp\/v2\/product"}],"about":[{"href":"https:\/\/www.demusculos.com\/web\/wp-json\/wp\/v2\/types\/product"}],"replies":[{"embeddable":true,"href":"https:\/\/www.demusculos.com\/web\/wp-json\/wp\/v2\/comments?post=4799"}],"wp:featuredmedia":[{"embeddable":true,"href":"https:\/\/www.demusculos.com\/web\/wp-json\/wp\/v2\/media\/12224"}],"wp:attachment":[{"href":"https:\/\/www.demusculos.com\/web\/wp-json\/wp\/v2\/media?parent=4799"}],"wp:term":[{"taxonomy":"product_brand","embeddable":true,"href":"https:\/\/www.demusculos.com\/web\/wp-json\/wp\/v2\/product_brand?post=4799"},{"taxonomy":"product_cat","embeddable":true,"href":"https:\/\/www.demusculos.com\/web\/wp-json\/wp\/v2\/product_cat?post=4799"},{"taxonomy":"product_tag","embeddable":true,"href":"https:\/\/www.demusculos.com\/web\/wp-json\/wp\/v2\/product_tag?post=4799"}],"curies":[{"name":"wp","href":"https:\/\/api.w.org\/{rel}","templated":true}]}}