{"id":4895,"date":"2024-05-06T16:36:51","date_gmt":"2024-05-06T19:36:51","guid":{"rendered":"https:\/\/www.demusculos.com\/web\/?post_type=product&#038;p=4895"},"modified":"2026-02-22T18:19:56","modified_gmt":"2026-02-22T21:19:56","slug":"animal-whey-2-lbs-de-unviersal-nutrition","status":"publish","type":"product","link":"https:\/\/www.demusculos.com\/web\/producto\/animal-whey-2-lbs-de-unviersal-nutrition\/","title":{"rendered":"Animal Whey 2 Lbs de Unviersal Nutrition"},"content":{"rendered":"<h2>Animal Whey 2 lbs<\/h2>\n<p><strong>Animal Whey<\/strong> de Universal te ayuda a mejorar el rendimiento, mejorar la recuperaci\u00f3n y masa muscular<\/p>\n<figure id=\"attachment_1382\" aria-describedby=\"caption-attachment-1382\" style=\"width: 446px\" class=\"wp-caption alignnone\"><img decoding=\"async\" class=\"size-full wp-image-1382\" src=\"https:\/\/www.demusculos.com\/web\/wp-content\/uploads\/2024\/03\/logo-universal-nutrition.png\" alt=\"Suplemento naturales y deportivos de marca Universal Nutrition. Fabricados en Estados Unidos\" width=\"446\" height=\"103\" srcset=\"https:\/\/www.demusculos.com\/web\/wp-content\/uploads\/2024\/03\/logo-universal-nutrition.png 446w, https:\/\/www.demusculos.com\/web\/wp-content\/uploads\/2024\/03\/logo-universal-nutrition-300x69.png 300w, https:\/\/www.demusculos.com\/web\/wp-content\/uploads\/2024\/03\/logo-universal-nutrition-150x35.png 150w, https:\/\/www.demusculos.com\/web\/wp-content\/uploads\/2024\/03\/logo-universal-nutrition-416x96.png 416w\" sizes=\"(max-width: 446px) 100vw, 446px\" \/><figcaption id=\"caption-attachment-1382\" class=\"wp-caption-text\">Suplemento naturales y deportivos de marca Universal Nutrition. Fabricados en Estados Unidos<\/figcaption><\/figure>\n<p>Animal Whey es un alimento para los m\u00fasculos.<br \/>\nContiene 25 gr. de prote\u00edna por servicio para ayudar al desarrollo muscular. Combina aislado de prote\u00edna de suero l\u00e1cteo y ultra concentrado de prote\u00edna de suero l\u00e1cteo.<br \/>\nFomenta la recuperaci\u00f3n y el desarrollo de la masa muscular. Adem\u00e1s, aumenta el rendimiento.<br \/>\nIndicado para cualquier persona que realice actividad f\u00edsica sin importar la frecuencia, intensidad o tipo de ejercicio.<\/p>\n<p>Modo de Uso:<br \/>\nMezclar 1 Scoop (cuchara) con 150 ml. de leche descremada o la bebida de tu preferencia.<br \/>\nTomar 2 porciones diarias, luego del entrenamiento.<br \/>\nLos d\u00edas de descanso podes tomar una porci\u00f3n diaria entre comidas.<br \/>\nPara mejores resultados, se recomienda utilizar una licuadora o un Shaker.<\/p>\n<p>Presentaci\u00f3n:<br \/>\n&#8211; Contenido: 2 lb. &#8211; 908 gr., en polvo.<br \/>\n&#8211; Porci\u00f3n: 1 Scoop (Vanilla: 33 gr. \/ Chocolate: 33.7 gr)<br \/>\n&#8211; Servicios (porciones) por envase: 27 servicios.<\/p>\n","protected":false},"excerpt":{"rendered":"<p>Prote\u00edna 100% importada. Suero de leche. Ideal para recuperaci\u00f3n, rendimiento y aumento de masa mucular.<\/p>\n","protected":false},"featured_media":4896,"comment_status":"closed","ping_status":"closed","template":"","meta":[],"product_brand":[241],"product_cat":[16],"product_tag":[102],"class_list":{"0":"post-4895","1":"product","2":"type-product","3":"status-publish","4":"has-post-thumbnail","6":"product_brand-universal-nutrition","7":"product_cat-proteinas","8":"product_tag-universal-nutrition","10":"first","11":"instock","12":"sale","13":"shipping-taxable","14":"purchasable","15":"product-type-variable"},"yoast_head":"<!-- This site is optimized with the Yoast SEO plugin v27.4 - https:\/\/yoast.com\/product\/yoast-seo-wordpress\/ -->\n<title>Animal Whey | Prote\u00edna Importada 2 lbs | Universal Nutrition<\/title>\n<meta name=\"description\" content=\"Animal Whey de 2 lbs de Universal Nutrition es una prote\u00edna de suero de leche de excelente sabor, disoluci\u00f3n y resultados garantizados. Importada.\" \/>\n<meta name=\"robots\" content=\"index, follow, max-snippet:-1, max-image-preview:large, max-video-preview:-1\" \/>\n<link rel=\"canonical\" href=\"https:\/\/www.demusculos.com\/web\/producto\/animal-whey-2-lbs-de-unviersal-nutrition\/\" \/>\n<meta property=\"og:locale\" content=\"es_ES\" \/>\n<meta property=\"og:type\" content=\"article\" \/>\n<meta property=\"og:title\" content=\"Animal Whey | Prote\u00edna Importada 2 lbs | Universal Nutrition\" \/>\n<meta property=\"og:description\" content=\"Animal Whey de 2 lbs de Universal Nutrition es una prote\u00edna de suero de leche de excelente sabor, disoluci\u00f3n y resultados garantizados. Importada.\" \/>\n<meta property=\"og:url\" content=\"https:\/\/www.demusculos.com\/web\/producto\/animal-whey-2-lbs-de-unviersal-nutrition\/\" \/>\n<meta property=\"og:site_name\" content=\"DeMusculos\" \/>\n<meta property=\"article:publisher\" content=\"https:\/\/www.facebook.com\/demusculos\" \/>\n<meta property=\"article:modified_time\" content=\"2026-02-22T21:19:56+00:00\" \/>\n<meta property=\"og:image\" content=\"https:\/\/www.demusculos.com\/web\/wp-content\/uploads\/2024\/05\/universal-proteina-animal-whey-2-lbs.jpg\" \/>\n\t<meta property=\"og:image:width\" content=\"1200\" \/>\n\t<meta property=\"og:image:height\" content=\"1200\" \/>\n\t<meta property=\"og:image:type\" content=\"image\/jpeg\" \/>\n<meta name=\"twitter:card\" content=\"summary_large_image\" \/>\n<meta name=\"twitter:site\" content=\"@demusculos\" \/>\n<meta name=\"twitter:label1\" content=\"Tiempo de lectura\" \/>\n\t<meta name=\"twitter:data1\" content=\"2 minutos\" \/>\n<script type=\"application\/ld+json\" class=\"yoast-schema-graph\">{\"@context\":\"https:\\\/\\\/schema.org\",\"@graph\":[{\"@type\":\"WebPage\",\"@id\":\"https:\\\/\\\/www.demusculos.com\\\/web\\\/producto\\\/animal-whey-2-lbs-de-unviersal-nutrition\\\/\",\"url\":\"https:\\\/\\\/www.demusculos.com\\\/web\\\/producto\\\/animal-whey-2-lbs-de-unviersal-nutrition\\\/\",\"name\":\"Animal Whey | Prote\u00edna Importada 2 lbs | Universal Nutrition\",\"isPartOf\":{\"@id\":\"https:\\\/\\\/www.demusculos.com\\\/web\\\/#website\"},\"primaryImageOfPage\":{\"@id\":\"https:\\\/\\\/www.demusculos.com\\\/web\\\/producto\\\/animal-whey-2-lbs-de-unviersal-nutrition\\\/#primaryimage\"},\"image\":{\"@id\":\"https:\\\/\\\/www.demusculos.com\\\/web\\\/producto\\\/animal-whey-2-lbs-de-unviersal-nutrition\\\/#primaryimage\"},\"thumbnailUrl\":\"https:\\\/\\\/www.demusculos.com\\\/web\\\/wp-content\\\/uploads\\\/2024\\\/05\\\/universal-proteina-animal-whey-2-lbs.jpg\",\"datePublished\":\"2024-05-06T19:36:51+00:00\",\"dateModified\":\"2026-02-22T21:19:56+00:00\",\"description\":\"Animal Whey de 2 lbs de Universal Nutrition es una prote\u00edna de suero de leche de excelente sabor, disoluci\u00f3n y resultados garantizados. Importada.\",\"breadcrumb\":{\"@id\":\"https:\\\/\\\/www.demusculos.com\\\/web\\\/producto\\\/animal-whey-2-lbs-de-unviersal-nutrition\\\/#breadcrumb\"},\"inLanguage\":\"es\",\"potentialAction\":[{\"@type\":\"ReadAction\",\"target\":[\"https:\\\/\\\/www.demusculos.com\\\/web\\\/producto\\\/animal-whey-2-lbs-de-unviersal-nutrition\\\/\"]}]},{\"@type\":\"ImageObject\",\"inLanguage\":\"es\",\"@id\":\"https:\\\/\\\/www.demusculos.com\\\/web\\\/producto\\\/animal-whey-2-lbs-de-unviersal-nutrition\\\/#primaryimage\",\"url\":\"https:\\\/\\\/www.demusculos.com\\\/web\\\/wp-content\\\/uploads\\\/2024\\\/05\\\/universal-proteina-animal-whey-2-lbs.jpg\",\"contentUrl\":\"https:\\\/\\\/www.demusculos.com\\\/web\\\/wp-content\\\/uploads\\\/2024\\\/05\\\/universal-proteina-animal-whey-2-lbs.jpg\",\"width\":1200,\"height\":1200},{\"@type\":\"BreadcrumbList\",\"@id\":\"https:\\\/\\\/www.demusculos.com\\\/web\\\/producto\\\/animal-whey-2-lbs-de-unviersal-nutrition\\\/#breadcrumb\",\"itemListElement\":[{\"@type\":\"ListItem\",\"position\":1,\"name\":\"Inicio\",\"item\":\"https:\\\/\\\/www.demusculos.com\\\/web\\\/\"},{\"@type\":\"ListItem\",\"position\":2,\"name\":\"Suplementos\",\"item\":\"https:\\\/\\\/www.demusculos.com\\\/web\\\/tienda\\\/\"},{\"@type\":\"ListItem\",\"position\":3,\"name\":\"Animal Whey 2 Lbs de Unviersal Nutrition\"}]},{\"@type\":\"WebSite\",\"@id\":\"https:\\\/\\\/www.demusculos.com\\\/web\\\/#website\",\"url\":\"https:\\\/\\\/www.demusculos.com\\\/web\\\/\",\"name\":\"DeMusculos.com\",\"description\":\"Suplementos Naturales\",\"publisher\":{\"@id\":\"https:\\\/\\\/www.demusculos.com\\\/web\\\/#organization\"},\"alternateName\":\"Suplementos Naturales\",\"potentialAction\":[{\"@type\":\"SearchAction\",\"target\":{\"@type\":\"EntryPoint\",\"urlTemplate\":\"https:\\\/\\\/www.demusculos.com\\\/web\\\/?s={search_term_string}\"},\"query-input\":{\"@type\":\"PropertyValueSpecification\",\"valueRequired\":true,\"valueName\":\"search_term_string\"}}],\"inLanguage\":\"es\"},{\"@type\":\"Organization\",\"@id\":\"https:\\\/\\\/www.demusculos.com\\\/web\\\/#organization\",\"name\":\"DeMusculos.com\",\"alternateName\":\"DeMusculos\",\"url\":\"https:\\\/\\\/www.demusculos.com\\\/web\\\/\",\"logo\":{\"@type\":\"ImageObject\",\"inLanguage\":\"es\",\"@id\":\"https:\\\/\\\/www.demusculos.com\\\/web\\\/#\\\/schema\\\/logo\\\/image\\\/\",\"url\":\"https:\\\/\\\/www.demusculos.com\\\/web\\\/wp-content\\\/uploads\\\/2024\\\/02\\\/logo-demusculos-prestashop-usuario.png\",\"contentUrl\":\"https:\\\/\\\/www.demusculos.com\\\/web\\\/wp-content\\\/uploads\\\/2024\\\/02\\\/logo-demusculos-prestashop-usuario.png\",\"width\":150,\"height\":150,\"caption\":\"DeMusculos.com\"},\"image\":{\"@id\":\"https:\\\/\\\/www.demusculos.com\\\/web\\\/#\\\/schema\\\/logo\\\/image\\\/\"},\"sameAs\":[\"https:\\\/\\\/www.facebook.com\\\/demusculos\",\"https:\\\/\\\/x.com\\\/demusculos\",\"https:\\\/\\\/www.instagram.com\\\/demusculos\",\"https:\\\/\\\/www.tiktok.com\\\/@demusculos.com\"]}]}<\/script>\n<!-- \/ Yoast SEO plugin. -->","yoast_head_json":{"title":"Animal Whey | Prote\u00edna Importada 2 lbs | Universal Nutrition","description":"Animal Whey de 2 lbs de Universal Nutrition es una prote\u00edna de suero de leche de excelente sabor, disoluci\u00f3n y resultados garantizados. Importada.","robots":{"index":"index","follow":"follow","max-snippet":"max-snippet:-1","max-image-preview":"max-image-preview:large","max-video-preview":"max-video-preview:-1"},"canonical":"https:\/\/www.demusculos.com\/web\/producto\/animal-whey-2-lbs-de-unviersal-nutrition\/","og_locale":"es_ES","og_type":"article","og_title":"Animal Whey | Prote\u00edna Importada 2 lbs | Universal Nutrition","og_description":"Animal Whey de 2 lbs de Universal Nutrition es una prote\u00edna de suero de leche de excelente sabor, disoluci\u00f3n y resultados garantizados. Importada.","og_url":"https:\/\/www.demusculos.com\/web\/producto\/animal-whey-2-lbs-de-unviersal-nutrition\/","og_site_name":"DeMusculos","article_publisher":"https:\/\/www.facebook.com\/demusculos","article_modified_time":"2026-02-22T21:19:56+00:00","og_image":[{"width":1200,"height":1200,"url":"https:\/\/www.demusculos.com\/web\/wp-content\/uploads\/2024\/05\/universal-proteina-animal-whey-2-lbs.jpg","type":"image\/jpeg"}],"twitter_card":"summary_large_image","twitter_site":"@demusculos","twitter_misc":{"Tiempo de lectura":"2 minutos"},"schema":{"@context":"https:\/\/schema.org","@graph":[{"@type":"WebPage","@id":"https:\/\/www.demusculos.com\/web\/producto\/animal-whey-2-lbs-de-unviersal-nutrition\/","url":"https:\/\/www.demusculos.com\/web\/producto\/animal-whey-2-lbs-de-unviersal-nutrition\/","name":"Animal Whey | Prote\u00edna Importada 2 lbs | Universal Nutrition","isPartOf":{"@id":"https:\/\/www.demusculos.com\/web\/#website"},"primaryImageOfPage":{"@id":"https:\/\/www.demusculos.com\/web\/producto\/animal-whey-2-lbs-de-unviersal-nutrition\/#primaryimage"},"image":{"@id":"https:\/\/www.demusculos.com\/web\/producto\/animal-whey-2-lbs-de-unviersal-nutrition\/#primaryimage"},"thumbnailUrl":"https:\/\/www.demusculos.com\/web\/wp-content\/uploads\/2024\/05\/universal-proteina-animal-whey-2-lbs.jpg","datePublished":"2024-05-06T19:36:51+00:00","dateModified":"2026-02-22T21:19:56+00:00","description":"Animal Whey de 2 lbs de Universal Nutrition es una prote\u00edna de suero de leche de excelente sabor, disoluci\u00f3n y resultados garantizados. Importada.","breadcrumb":{"@id":"https:\/\/www.demusculos.com\/web\/producto\/animal-whey-2-lbs-de-unviersal-nutrition\/#breadcrumb"},"inLanguage":"es","potentialAction":[{"@type":"ReadAction","target":["https:\/\/www.demusculos.com\/web\/producto\/animal-whey-2-lbs-de-unviersal-nutrition\/"]}]},{"@type":"ImageObject","inLanguage":"es","@id":"https:\/\/www.demusculos.com\/web\/producto\/animal-whey-2-lbs-de-unviersal-nutrition\/#primaryimage","url":"https:\/\/www.demusculos.com\/web\/wp-content\/uploads\/2024\/05\/universal-proteina-animal-whey-2-lbs.jpg","contentUrl":"https:\/\/www.demusculos.com\/web\/wp-content\/uploads\/2024\/05\/universal-proteina-animal-whey-2-lbs.jpg","width":1200,"height":1200},{"@type":"BreadcrumbList","@id":"https:\/\/www.demusculos.com\/web\/producto\/animal-whey-2-lbs-de-unviersal-nutrition\/#breadcrumb","itemListElement":[{"@type":"ListItem","position":1,"name":"Inicio","item":"https:\/\/www.demusculos.com\/web\/"},{"@type":"ListItem","position":2,"name":"Suplementos","item":"https:\/\/www.demusculos.com\/web\/tienda\/"},{"@type":"ListItem","position":3,"name":"Animal Whey 2 Lbs de Unviersal Nutrition"}]},{"@type":"WebSite","@id":"https:\/\/www.demusculos.com\/web\/#website","url":"https:\/\/www.demusculos.com\/web\/","name":"DeMusculos.com","description":"Suplementos Naturales","publisher":{"@id":"https:\/\/www.demusculos.com\/web\/#organization"},"alternateName":"Suplementos Naturales","potentialAction":[{"@type":"SearchAction","target":{"@type":"EntryPoint","urlTemplate":"https:\/\/www.demusculos.com\/web\/?s={search_term_string}"},"query-input":{"@type":"PropertyValueSpecification","valueRequired":true,"valueName":"search_term_string"}}],"inLanguage":"es"},{"@type":"Organization","@id":"https:\/\/www.demusculos.com\/web\/#organization","name":"DeMusculos.com","alternateName":"DeMusculos","url":"https:\/\/www.demusculos.com\/web\/","logo":{"@type":"ImageObject","inLanguage":"es","@id":"https:\/\/www.demusculos.com\/web\/#\/schema\/logo\/image\/","url":"https:\/\/www.demusculos.com\/web\/wp-content\/uploads\/2024\/02\/logo-demusculos-prestashop-usuario.png","contentUrl":"https:\/\/www.demusculos.com\/web\/wp-content\/uploads\/2024\/02\/logo-demusculos-prestashop-usuario.png","width":150,"height":150,"caption":"DeMusculos.com"},"image":{"@id":"https:\/\/www.demusculos.com\/web\/#\/schema\/logo\/image\/"},"sameAs":["https:\/\/www.facebook.com\/demusculos","https:\/\/x.com\/demusculos","https:\/\/www.instagram.com\/demusculos","https:\/\/www.tiktok.com\/@demusculos.com"]}]}},"_links":{"self":[{"href":"https:\/\/www.demusculos.com\/web\/wp-json\/wp\/v2\/product\/4895","targetHints":{"allow":["GET"]}}],"collection":[{"href":"https:\/\/www.demusculos.com\/web\/wp-json\/wp\/v2\/product"}],"about":[{"href":"https:\/\/www.demusculos.com\/web\/wp-json\/wp\/v2\/types\/product"}],"replies":[{"embeddable":true,"href":"https:\/\/www.demusculos.com\/web\/wp-json\/wp\/v2\/comments?post=4895"}],"wp:featuredmedia":[{"embeddable":true,"href":"https:\/\/www.demusculos.com\/web\/wp-json\/wp\/v2\/media\/4896"}],"wp:attachment":[{"href":"https:\/\/www.demusculos.com\/web\/wp-json\/wp\/v2\/media?parent=4895"}],"wp:term":[{"taxonomy":"product_brand","embeddable":true,"href":"https:\/\/www.demusculos.com\/web\/wp-json\/wp\/v2\/product_brand?post=4895"},{"taxonomy":"product_cat","embeddable":true,"href":"https:\/\/www.demusculos.com\/web\/wp-json\/wp\/v2\/product_cat?post=4895"},{"taxonomy":"product_tag","embeddable":true,"href":"https:\/\/www.demusculos.com\/web\/wp-json\/wp\/v2\/product_tag?post=4895"}],"curies":[{"name":"wp","href":"https:\/\/api.w.org\/{rel}","templated":true}]}}