{"id":5179,"date":"2024-05-17T09:49:03","date_gmt":"2024-05-17T12:49:03","guid":{"rendered":"https:\/\/www.demusculos.com\/web\/?post_type=product&#038;p=5179"},"modified":"2026-03-04T14:43:39","modified_gmt":"2026-03-04T17:43:39","slug":"pump-v8-mtor-bcaa-de-star-nutrition","status":"publish","type":"product","link":"https:\/\/www.demusculos.com\/web\/producto\/pump-v8-mtor-bcaa-de-star-nutrition\/","title":{"rendered":"Pump V8 + Mtor Bcaa de Star Nutrition"},"content":{"rendered":"<figure id=\"attachment_246\" aria-describedby=\"caption-attachment-246\" style=\"width: 446px\" class=\"wp-caption alignnone\"><img decoding=\"async\" class=\"size-full wp-image-246\" src=\"https:\/\/www.demusculos.com\/web\/wp-content\/uploads\/2024\/02\/logo-star-nutrition.png\" alt=\"Productos natuales Star Nutrition | Prote\u00ednas | Amino\u00e1cidos | Quemadores | \u00d3xidos N\u00edtricos | Ganadores de peso\" width=\"446\" height=\"103\" srcset=\"https:\/\/www.demusculos.com\/web\/wp-content\/uploads\/2024\/02\/logo-star-nutrition.png 446w, https:\/\/www.demusculos.com\/web\/wp-content\/uploads\/2024\/02\/logo-star-nutrition-300x69.png 300w, https:\/\/www.demusculos.com\/web\/wp-content\/uploads\/2024\/02\/logo-star-nutrition-150x35.png 150w, https:\/\/www.demusculos.com\/web\/wp-content\/uploads\/2024\/02\/logo-star-nutrition-416x96.png 416w\" sizes=\"(max-width: 446px) 100vw, 446px\" \/><figcaption id=\"caption-attachment-246\" class=\"wp-caption-text\">Todos los productos de Star Nutrition. Laboratorio Nutriciencia.<\/figcaption><\/figure>\n<h3><strong>Combo Ultimate Performance: Energ\u00eda y Recuperaci\u00f3n en un Solo Pack<\/strong><\/h3>\n<p><strong>Pump V8 Pre Entrenamiento<\/strong> + <strong>Mtor BCAA 270 grs<\/strong> = El combo definitivo para maximizar tu rendimiento y proteger tus m\u00fasculos.<\/p>\n<p><strong>\u00bfQu\u00e9 incluye este combo?<\/strong><br \/>\n<strong>1. Pump V8 Pre Entrenamiento:<\/strong><\/p>\n<ul>\n<li><strong>Energ\u00eda explosiva:<\/strong> Con extracto de guaran\u00e1, taurina y cafe\u00edna anhidra.<\/li>\n<li><strong>M\u00e1s fuerza y resistencia:<\/strong> Beta-alanina y citrulina malato potencian tu rendimiento f\u00edsico.<\/li>\n<li><strong>Enfoque mental extremo:<\/strong> L-tirosina y otros ingredientes clave para mantenerte concentrado en cada repetici\u00f3n.<\/li>\n<\/ul>\n<p><strong>2. Mtor BCAA 270 grs:<\/strong><\/p>\n<ul>\n<li><strong>Recuperaci\u00f3n avanzada:<\/strong> Con una f\u00f3rmula de leucina, isoleucina y valina en relaci\u00f3n \u00f3ptima 2:1:1, que ayuda a reparar los m\u00fasculos despu\u00e9s del entrenamiento.<\/li>\n<li><strong>Efecto anab\u00f3lico:<\/strong> La glutamina acelera la recuperaci\u00f3n y disminuye la fatiga muscular.<\/li>\n<li><strong>Ideal para proteger la masa muscular:<\/strong> Previene el catabolismo durante entrenamientos intensos o per\u00edodos de dieta.<\/li>\n<\/ul>\n<p><strong>\u00bfPor qu\u00e9 elegir este combo?<\/strong><\/p>\n<ul>\n<li><strong>Energ\u00eda antes, recuperaci\u00f3n despu\u00e9s:<\/strong> Pump V8 te prepara para un rendimiento m\u00e1ximo, mientras que Mtor BCAA cuida y reconstruye tus m\u00fasculos despu\u00e9s de la acci\u00f3n.<\/li>\n<li><strong>Resultados visibles:<\/strong> Entrena m\u00e1s fuerte, recup\u00e9rate m\u00e1s r\u00e1pido y protege tu masa muscular con este pack imbatible.<\/li>\n<li><strong>Para todos los niveles:<\/strong> Desde principiantes hasta atletas avanzados, este combo se adapta a tus necesidades.<\/li>\n<\/ul>\n<p><strong>Ll\u00e9vate el combo y siente el cambio en tu rendimiento desde el primer d\u00eda.<\/strong><\/p>\n<p><strong>\u00a1Hazlo tuyo hoy mismo y no te detengas hasta alcanzar tus metas fitness!<\/strong><\/p>\n","protected":false},"excerpt":{"rendered":"<p>Es un combo ideal para aumentar la energ\u00eda y maximizar la recuperaci\u00f3n.<\/p>\n","protected":false},"featured_media":5180,"comment_status":"closed","ping_status":"closed","template":"","meta":[],"product_brand":[220],"product_cat":[198],"product_tag":[26],"class_list":{"0":"post-5179","1":"product","2":"type-product","3":"status-publish","4":"has-post-thumbnail","6":"product_brand-star-nutrition","7":"product_cat-combos-para-aumentar-energia","8":"product_tag-star-nutrition","10":"first","11":"instock","12":"sale","13":"shipping-taxable","14":"purchasable","15":"product-type-simple"},"yoast_head":"<!-- This site is optimized with the Yoast SEO plugin v27.4 - https:\/\/yoast.com\/product\/yoast-seo-wordpress\/ -->\n<title>Pump V8 + Mtor Bcaa de Star Nutrition | DeMusculos<\/title>\n<meta name=\"robots\" content=\"index, follow, max-snippet:-1, max-image-preview:large, max-video-preview:-1\" \/>\n<link rel=\"canonical\" href=\"https:\/\/www.demusculos.com\/web\/producto\/pump-v8-mtor-bcaa-de-star-nutrition\/\" \/>\n<meta property=\"og:locale\" content=\"es_ES\" \/>\n<meta property=\"og:type\" content=\"article\" \/>\n<meta property=\"og:title\" content=\"Pump V8 + Mtor Bcaa de Star Nutrition | DeMusculos\" \/>\n<meta property=\"og:description\" content=\"Es un combo ideal para aumentar la energ\u00eda y maximizar la recuperaci\u00f3n.\" \/>\n<meta property=\"og:url\" content=\"https:\/\/www.demusculos.com\/web\/producto\/pump-v8-mtor-bcaa-de-star-nutrition\/\" \/>\n<meta property=\"og:site_name\" content=\"DeMusculos\" \/>\n<meta property=\"article:publisher\" content=\"https:\/\/www.facebook.com\/demusculos\" \/>\n<meta property=\"article:modified_time\" content=\"2026-03-04T17:43:39+00:00\" \/>\n<meta property=\"og:image\" content=\"https:\/\/www.demusculos.com\/web\/wp-content\/uploads\/2024\/05\/pumpv8-mtor270grs.jpg\" \/>\n\t<meta property=\"og:image:width\" content=\"2000\" \/>\n\t<meta property=\"og:image:height\" content=\"2000\" \/>\n\t<meta property=\"og:image:type\" content=\"image\/jpeg\" \/>\n<meta name=\"twitter:card\" content=\"summary_large_image\" \/>\n<meta name=\"twitter:site\" content=\"@demusculos\" \/>\n<meta name=\"twitter:label1\" content=\"Tiempo de lectura\" \/>\n\t<meta name=\"twitter:data1\" content=\"2 minutos\" \/>\n<script type=\"application\/ld+json\" class=\"yoast-schema-graph\">{\"@context\":\"https:\\\/\\\/schema.org\",\"@graph\":[{\"@type\":\"WebPage\",\"@id\":\"https:\\\/\\\/www.demusculos.com\\\/web\\\/producto\\\/pump-v8-mtor-bcaa-de-star-nutrition\\\/\",\"url\":\"https:\\\/\\\/www.demusculos.com\\\/web\\\/producto\\\/pump-v8-mtor-bcaa-de-star-nutrition\\\/\",\"name\":\"Pump V8 + Mtor Bcaa de Star Nutrition | DeMusculos\",\"isPartOf\":{\"@id\":\"https:\\\/\\\/www.demusculos.com\\\/web\\\/#website\"},\"primaryImageOfPage\":{\"@id\":\"https:\\\/\\\/www.demusculos.com\\\/web\\\/producto\\\/pump-v8-mtor-bcaa-de-star-nutrition\\\/#primaryimage\"},\"image\":{\"@id\":\"https:\\\/\\\/www.demusculos.com\\\/web\\\/producto\\\/pump-v8-mtor-bcaa-de-star-nutrition\\\/#primaryimage\"},\"thumbnailUrl\":\"https:\\\/\\\/www.demusculos.com\\\/web\\\/wp-content\\\/uploads\\\/2024\\\/05\\\/pumpv8-mtor270grs.jpg\",\"datePublished\":\"2024-05-17T12:49:03+00:00\",\"dateModified\":\"2026-03-04T17:43:39+00:00\",\"breadcrumb\":{\"@id\":\"https:\\\/\\\/www.demusculos.com\\\/web\\\/producto\\\/pump-v8-mtor-bcaa-de-star-nutrition\\\/#breadcrumb\"},\"inLanguage\":\"es\",\"potentialAction\":[{\"@type\":\"ReadAction\",\"target\":[\"https:\\\/\\\/www.demusculos.com\\\/web\\\/producto\\\/pump-v8-mtor-bcaa-de-star-nutrition\\\/\"]}]},{\"@type\":\"ImageObject\",\"inLanguage\":\"es\",\"@id\":\"https:\\\/\\\/www.demusculos.com\\\/web\\\/producto\\\/pump-v8-mtor-bcaa-de-star-nutrition\\\/#primaryimage\",\"url\":\"https:\\\/\\\/www.demusculos.com\\\/web\\\/wp-content\\\/uploads\\\/2024\\\/05\\\/pumpv8-mtor270grs.jpg\",\"contentUrl\":\"https:\\\/\\\/www.demusculos.com\\\/web\\\/wp-content\\\/uploads\\\/2024\\\/05\\\/pumpv8-mtor270grs.jpg\",\"width\":2000,\"height\":2000},{\"@type\":\"BreadcrumbList\",\"@id\":\"https:\\\/\\\/www.demusculos.com\\\/web\\\/producto\\\/pump-v8-mtor-bcaa-de-star-nutrition\\\/#breadcrumb\",\"itemListElement\":[{\"@type\":\"ListItem\",\"position\":1,\"name\":\"Inicio\",\"item\":\"https:\\\/\\\/www.demusculos.com\\\/web\\\/\"},{\"@type\":\"ListItem\",\"position\":2,\"name\":\"Suplementos\",\"item\":\"https:\\\/\\\/www.demusculos.com\\\/web\\\/tienda\\\/\"},{\"@type\":\"ListItem\",\"position\":3,\"name\":\"Pump V8 + Mtor Bcaa de Star Nutrition\"}]},{\"@type\":\"WebSite\",\"@id\":\"https:\\\/\\\/www.demusculos.com\\\/web\\\/#website\",\"url\":\"https:\\\/\\\/www.demusculos.com\\\/web\\\/\",\"name\":\"DeMusculos.com\",\"description\":\"Suplementos Naturales\",\"publisher\":{\"@id\":\"https:\\\/\\\/www.demusculos.com\\\/web\\\/#organization\"},\"alternateName\":\"Suplementos Naturales\",\"potentialAction\":[{\"@type\":\"SearchAction\",\"target\":{\"@type\":\"EntryPoint\",\"urlTemplate\":\"https:\\\/\\\/www.demusculos.com\\\/web\\\/?s={search_term_string}\"},\"query-input\":{\"@type\":\"PropertyValueSpecification\",\"valueRequired\":true,\"valueName\":\"search_term_string\"}}],\"inLanguage\":\"es\"},{\"@type\":\"Organization\",\"@id\":\"https:\\\/\\\/www.demusculos.com\\\/web\\\/#organization\",\"name\":\"DeMusculos.com\",\"alternateName\":\"DeMusculos\",\"url\":\"https:\\\/\\\/www.demusculos.com\\\/web\\\/\",\"logo\":{\"@type\":\"ImageObject\",\"inLanguage\":\"es\",\"@id\":\"https:\\\/\\\/www.demusculos.com\\\/web\\\/#\\\/schema\\\/logo\\\/image\\\/\",\"url\":\"https:\\\/\\\/www.demusculos.com\\\/web\\\/wp-content\\\/uploads\\\/2024\\\/02\\\/logo-demusculos-prestashop-usuario.png\",\"contentUrl\":\"https:\\\/\\\/www.demusculos.com\\\/web\\\/wp-content\\\/uploads\\\/2024\\\/02\\\/logo-demusculos-prestashop-usuario.png\",\"width\":150,\"height\":150,\"caption\":\"DeMusculos.com\"},\"image\":{\"@id\":\"https:\\\/\\\/www.demusculos.com\\\/web\\\/#\\\/schema\\\/logo\\\/image\\\/\"},\"sameAs\":[\"https:\\\/\\\/www.facebook.com\\\/demusculos\",\"https:\\\/\\\/x.com\\\/demusculos\",\"https:\\\/\\\/www.instagram.com\\\/demusculos\",\"https:\\\/\\\/www.tiktok.com\\\/@demusculos.com\"]}]}<\/script>\n<!-- \/ Yoast SEO plugin. -->","yoast_head_json":{"title":"Pump V8 + Mtor Bcaa de Star Nutrition | DeMusculos","robots":{"index":"index","follow":"follow","max-snippet":"max-snippet:-1","max-image-preview":"max-image-preview:large","max-video-preview":"max-video-preview:-1"},"canonical":"https:\/\/www.demusculos.com\/web\/producto\/pump-v8-mtor-bcaa-de-star-nutrition\/","og_locale":"es_ES","og_type":"article","og_title":"Pump V8 + Mtor Bcaa de Star Nutrition | DeMusculos","og_description":"Es un combo ideal para aumentar la energ\u00eda y maximizar la recuperaci\u00f3n.","og_url":"https:\/\/www.demusculos.com\/web\/producto\/pump-v8-mtor-bcaa-de-star-nutrition\/","og_site_name":"DeMusculos","article_publisher":"https:\/\/www.facebook.com\/demusculos","article_modified_time":"2026-03-04T17:43:39+00:00","og_image":[{"width":2000,"height":2000,"url":"https:\/\/www.demusculos.com\/web\/wp-content\/uploads\/2024\/05\/pumpv8-mtor270grs.jpg","type":"image\/jpeg"}],"twitter_card":"summary_large_image","twitter_site":"@demusculos","twitter_misc":{"Tiempo de lectura":"2 minutos"},"schema":{"@context":"https:\/\/schema.org","@graph":[{"@type":"WebPage","@id":"https:\/\/www.demusculos.com\/web\/producto\/pump-v8-mtor-bcaa-de-star-nutrition\/","url":"https:\/\/www.demusculos.com\/web\/producto\/pump-v8-mtor-bcaa-de-star-nutrition\/","name":"Pump V8 + Mtor Bcaa de Star Nutrition | DeMusculos","isPartOf":{"@id":"https:\/\/www.demusculos.com\/web\/#website"},"primaryImageOfPage":{"@id":"https:\/\/www.demusculos.com\/web\/producto\/pump-v8-mtor-bcaa-de-star-nutrition\/#primaryimage"},"image":{"@id":"https:\/\/www.demusculos.com\/web\/producto\/pump-v8-mtor-bcaa-de-star-nutrition\/#primaryimage"},"thumbnailUrl":"https:\/\/www.demusculos.com\/web\/wp-content\/uploads\/2024\/05\/pumpv8-mtor270grs.jpg","datePublished":"2024-05-17T12:49:03+00:00","dateModified":"2026-03-04T17:43:39+00:00","breadcrumb":{"@id":"https:\/\/www.demusculos.com\/web\/producto\/pump-v8-mtor-bcaa-de-star-nutrition\/#breadcrumb"},"inLanguage":"es","potentialAction":[{"@type":"ReadAction","target":["https:\/\/www.demusculos.com\/web\/producto\/pump-v8-mtor-bcaa-de-star-nutrition\/"]}]},{"@type":"ImageObject","inLanguage":"es","@id":"https:\/\/www.demusculos.com\/web\/producto\/pump-v8-mtor-bcaa-de-star-nutrition\/#primaryimage","url":"https:\/\/www.demusculos.com\/web\/wp-content\/uploads\/2024\/05\/pumpv8-mtor270grs.jpg","contentUrl":"https:\/\/www.demusculos.com\/web\/wp-content\/uploads\/2024\/05\/pumpv8-mtor270grs.jpg","width":2000,"height":2000},{"@type":"BreadcrumbList","@id":"https:\/\/www.demusculos.com\/web\/producto\/pump-v8-mtor-bcaa-de-star-nutrition\/#breadcrumb","itemListElement":[{"@type":"ListItem","position":1,"name":"Inicio","item":"https:\/\/www.demusculos.com\/web\/"},{"@type":"ListItem","position":2,"name":"Suplementos","item":"https:\/\/www.demusculos.com\/web\/tienda\/"},{"@type":"ListItem","position":3,"name":"Pump V8 + Mtor Bcaa de Star Nutrition"}]},{"@type":"WebSite","@id":"https:\/\/www.demusculos.com\/web\/#website","url":"https:\/\/www.demusculos.com\/web\/","name":"DeMusculos.com","description":"Suplementos Naturales","publisher":{"@id":"https:\/\/www.demusculos.com\/web\/#organization"},"alternateName":"Suplementos Naturales","potentialAction":[{"@type":"SearchAction","target":{"@type":"EntryPoint","urlTemplate":"https:\/\/www.demusculos.com\/web\/?s={search_term_string}"},"query-input":{"@type":"PropertyValueSpecification","valueRequired":true,"valueName":"search_term_string"}}],"inLanguage":"es"},{"@type":"Organization","@id":"https:\/\/www.demusculos.com\/web\/#organization","name":"DeMusculos.com","alternateName":"DeMusculos","url":"https:\/\/www.demusculos.com\/web\/","logo":{"@type":"ImageObject","inLanguage":"es","@id":"https:\/\/www.demusculos.com\/web\/#\/schema\/logo\/image\/","url":"https:\/\/www.demusculos.com\/web\/wp-content\/uploads\/2024\/02\/logo-demusculos-prestashop-usuario.png","contentUrl":"https:\/\/www.demusculos.com\/web\/wp-content\/uploads\/2024\/02\/logo-demusculos-prestashop-usuario.png","width":150,"height":150,"caption":"DeMusculos.com"},"image":{"@id":"https:\/\/www.demusculos.com\/web\/#\/schema\/logo\/image\/"},"sameAs":["https:\/\/www.facebook.com\/demusculos","https:\/\/x.com\/demusculos","https:\/\/www.instagram.com\/demusculos","https:\/\/www.tiktok.com\/@demusculos.com"]}]}},"_links":{"self":[{"href":"https:\/\/www.demusculos.com\/web\/wp-json\/wp\/v2\/product\/5179","targetHints":{"allow":["GET"]}}],"collection":[{"href":"https:\/\/www.demusculos.com\/web\/wp-json\/wp\/v2\/product"}],"about":[{"href":"https:\/\/www.demusculos.com\/web\/wp-json\/wp\/v2\/types\/product"}],"replies":[{"embeddable":true,"href":"https:\/\/www.demusculos.com\/web\/wp-json\/wp\/v2\/comments?post=5179"}],"wp:featuredmedia":[{"embeddable":true,"href":"https:\/\/www.demusculos.com\/web\/wp-json\/wp\/v2\/media\/5180"}],"wp:attachment":[{"href":"https:\/\/www.demusculos.com\/web\/wp-json\/wp\/v2\/media?parent=5179"}],"wp:term":[{"taxonomy":"product_brand","embeddable":true,"href":"https:\/\/www.demusculos.com\/web\/wp-json\/wp\/v2\/product_brand?post=5179"},{"taxonomy":"product_cat","embeddable":true,"href":"https:\/\/www.demusculos.com\/web\/wp-json\/wp\/v2\/product_cat?post=5179"},{"taxonomy":"product_tag","embeddable":true,"href":"https:\/\/www.demusculos.com\/web\/wp-json\/wp\/v2\/product_tag?post=5179"}],"curies":[{"name":"wp","href":"https:\/\/api.w.org\/{rel}","templated":true}]}}