{"id":5184,"date":"2024-05-17T10:01:02","date_gmt":"2024-05-17T13:01:02","guid":{"rendered":"https:\/\/www.demusculos.com\/web\/?post_type=product&#038;p=5184"},"modified":"2026-03-05T07:50:01","modified_gmt":"2026-03-05T10:50:01","slug":"platinum-whey-2-lbs-bcaa-2000-creatina-star","status":"publish","type":"product","link":"https:\/\/www.demusculos.com\/web\/producto\/platinum-whey-2-lbs-bcaa-2000-creatina-star\/","title":{"rendered":"Platinum Whey 2 Lbs + Bcaa 2000 + Creatina de Star Nutrition"},"content":{"rendered":"<figure id=\"attachment_246\" aria-describedby=\"caption-attachment-246\" style=\"width: 446px\" class=\"wp-caption alignnone\"><img decoding=\"async\" class=\"size-full wp-image-246\" src=\"https:\/\/www.demusculos.com\/web\/wp-content\/uploads\/2024\/02\/logo-star-nutrition.png\" alt=\"Productos natuales Star Nutrition | Prote\u00ednas | Amino\u00e1cidos | Quemadores | \u00d3xidos N\u00edtricos | Ganadores de peso\" width=\"446\" height=\"103\" srcset=\"https:\/\/www.demusculos.com\/web\/wp-content\/uploads\/2024\/02\/logo-star-nutrition.png 446w, https:\/\/www.demusculos.com\/web\/wp-content\/uploads\/2024\/02\/logo-star-nutrition-300x69.png 300w, https:\/\/www.demusculos.com\/web\/wp-content\/uploads\/2024\/02\/logo-star-nutrition-150x35.png 150w, https:\/\/www.demusculos.com\/web\/wp-content\/uploads\/2024\/02\/logo-star-nutrition-416x96.png 416w\" sizes=\"(max-width: 446px) 100vw, 446px\" \/><figcaption id=\"caption-attachment-246\" class=\"wp-caption-text\">Todos los productos de Star Nutrition. Laboratorio Nutriciencia.<\/figcaption><\/figure>\n<p><strong>Este combo incluye:<\/strong><\/p>\n<ul>\n<li>Creatina 300 grs de Star Nutrition (Pote o Sachet de 300 grs | 60 toma)<\/li>\n<li>Prote\u00edna Platinum Whey de Star Nutrition x 2 lbs (907 grs)<\/li>\n<li>Amino\u00e1cidos BCAA 2000 de Star Nutrition x 120 c\u00e1psulas<\/li>\n<\/ul>\n<h2>\u00bfQue hace cada producto?<\/h2>\n<p><strong>Creatina:<\/strong><\/p>\n<ul>\n<li>Es ideal para prevenir fatiga muscular<\/li>\n<li>Mejora el rendimiento<\/li>\n<li>Maximiza la recuperaci\u00f3n<\/li>\n<\/ul>\n<p><strong>Prote\u00edna:<\/strong><\/p>\n<ul>\n<li>Toda prote\u00edna da saciedad, esto la hace un suplemento natural ideal para dietas.<\/li>\n<li>Es un excelente recuperador. Se puede tomar luego de entrenar. A mayor recuperaci\u00f3n m\u00e1s ser\u00e1 la masa muscular.<\/li>\n<\/ul>\n<p><strong>Amino\u00e1cidos BCAA:<\/strong><\/p>\n<ul>\n<li>Son un suplemento natural ideal para maximizar la recuperaci\u00f3n de la fibra muscular.<\/li>\n<\/ul>\n<p>Cada producto incluye la forma de consumo en espa\u00f1ol.<\/p>\n<p><strong>\u00bfC\u00f3mo recomendamos tomarlo?<\/strong><\/p>\n<p>La prote\u00edna: Luego del entrenamiento o de cualquier actividad f\u00edsica intensa.<br \/>\nLa creatina: Puede ser tomada antes del entrenamiento, para evitar la fatiga muscular durante el entrenamiento.<br \/>\nLos BCAA: 2 ma\u00f1ana \/ 2 tarde \/ 2 noche (esto mantiene los amino\u00e1cidos elevados en sangre durante todo el d\u00eda)<br \/>\nExisten otras formas de tomar el combo. Solo mencionamos una.<\/p>\n<p><strong>\u00bfPara quien es este combo?<\/strong><\/p>\n<p>Personas que quieren mejorar su recuperaci\u00f3n y masa muscular.<br \/>\nPersonas que quieren mejorar su rendimiento antes, durante y luego de entrenar.<\/p>\n","protected":false},"excerpt":{"rendered":"<p>Excelente combo. Los suplementos naturales m\u00e1s consumidos: Creatina + Prote\u00edna + BCAA. Ideal para recuperaci\u00f3n, rendimiento y aumento de masa muscular.<\/p>\n","protected":false},"featured_media":15511,"comment_status":"closed","ping_status":"closed","template":"","meta":[],"product_brand":[220],"product_cat":[71],"product_tag":[26],"class_list":{"0":"post-5184","1":"product","2":"type-product","3":"status-publish","4":"has-post-thumbnail","6":"product_brand-star-nutrition","7":"product_cat-combos-masa-muscular","8":"product_tag-star-nutrition","10":"first","11":"instock","12":"sale","13":"shipping-taxable","14":"purchasable","15":"product-type-simple"},"yoast_head":"<!-- This site is optimized with the Yoast SEO plugin v27.4 - https:\/\/yoast.com\/product\/yoast-seo-wordpress\/ -->\n<title>Platinum Whey 2 Lbs + Bcaa 2000 + Creatina de Star Nutrition | DeMusculos<\/title>\n<meta name=\"robots\" content=\"index, follow, max-snippet:-1, max-image-preview:large, max-video-preview:-1\" \/>\n<link rel=\"canonical\" href=\"https:\/\/www.demusculos.com\/web\/producto\/platinum-whey-2-lbs-bcaa-2000-creatina-star\/\" \/>\n<meta property=\"og:locale\" content=\"es_ES\" \/>\n<meta property=\"og:type\" content=\"article\" \/>\n<meta property=\"og:title\" content=\"Platinum Whey 2 Lbs + Bcaa 2000 + Creatina de Star Nutrition | DeMusculos\" \/>\n<meta property=\"og:description\" content=\"Excelente combo. Los suplementos naturales m\u00e1s consumidos: Creatina + Prote\u00edna + BCAA. Ideal para recuperaci\u00f3n, rendimiento y aumento de masa muscular.\" \/>\n<meta property=\"og:url\" content=\"https:\/\/www.demusculos.com\/web\/producto\/platinum-whey-2-lbs-bcaa-2000-creatina-star\/\" \/>\n<meta property=\"og:site_name\" content=\"DeMusculos\" \/>\n<meta property=\"article:publisher\" content=\"https:\/\/www.facebook.com\/demusculos\" \/>\n<meta property=\"article:modified_time\" content=\"2026-03-05T10:50:01+00:00\" \/>\n<meta property=\"og:image\" content=\"https:\/\/www.demusculos.com\/web\/wp-content\/uploads\/2024\/05\/platinum-whey-2-lbs-bcaa-2000-creatina-star-nutrition.webp\" \/>\n\t<meta property=\"og:image:width\" content=\"1200\" \/>\n\t<meta property=\"og:image:height\" content=\"1200\" \/>\n\t<meta property=\"og:image:type\" content=\"image\/webp\" \/>\n<meta name=\"twitter:card\" content=\"summary_large_image\" \/>\n<meta name=\"twitter:site\" content=\"@demusculos\" \/>\n<meta name=\"twitter:label1\" content=\"Tiempo de lectura\" \/>\n\t<meta name=\"twitter:data1\" content=\"2 minutos\" \/>\n<script type=\"application\/ld+json\" class=\"yoast-schema-graph\">{\"@context\":\"https:\\\/\\\/schema.org\",\"@graph\":[{\"@type\":\"WebPage\",\"@id\":\"https:\\\/\\\/www.demusculos.com\\\/web\\\/producto\\\/platinum-whey-2-lbs-bcaa-2000-creatina-star\\\/\",\"url\":\"https:\\\/\\\/www.demusculos.com\\\/web\\\/producto\\\/platinum-whey-2-lbs-bcaa-2000-creatina-star\\\/\",\"name\":\"Platinum Whey 2 Lbs + Bcaa 2000 + Creatina de Star Nutrition | DeMusculos\",\"isPartOf\":{\"@id\":\"https:\\\/\\\/www.demusculos.com\\\/web\\\/#website\"},\"primaryImageOfPage\":{\"@id\":\"https:\\\/\\\/www.demusculos.com\\\/web\\\/producto\\\/platinum-whey-2-lbs-bcaa-2000-creatina-star\\\/#primaryimage\"},\"image\":{\"@id\":\"https:\\\/\\\/www.demusculos.com\\\/web\\\/producto\\\/platinum-whey-2-lbs-bcaa-2000-creatina-star\\\/#primaryimage\"},\"thumbnailUrl\":\"https:\\\/\\\/www.demusculos.com\\\/web\\\/wp-content\\\/uploads\\\/2024\\\/05\\\/platinum-whey-2-lbs-bcaa-2000-creatina-star-nutrition.webp\",\"datePublished\":\"2024-05-17T13:01:02+00:00\",\"dateModified\":\"2026-03-05T10:50:01+00:00\",\"breadcrumb\":{\"@id\":\"https:\\\/\\\/www.demusculos.com\\\/web\\\/producto\\\/platinum-whey-2-lbs-bcaa-2000-creatina-star\\\/#breadcrumb\"},\"inLanguage\":\"es\",\"potentialAction\":[{\"@type\":\"ReadAction\",\"target\":[\"https:\\\/\\\/www.demusculos.com\\\/web\\\/producto\\\/platinum-whey-2-lbs-bcaa-2000-creatina-star\\\/\"]}]},{\"@type\":\"ImageObject\",\"inLanguage\":\"es\",\"@id\":\"https:\\\/\\\/www.demusculos.com\\\/web\\\/producto\\\/platinum-whey-2-lbs-bcaa-2000-creatina-star\\\/#primaryimage\",\"url\":\"https:\\\/\\\/www.demusculos.com\\\/web\\\/wp-content\\\/uploads\\\/2024\\\/05\\\/platinum-whey-2-lbs-bcaa-2000-creatina-star-nutrition.webp\",\"contentUrl\":\"https:\\\/\\\/www.demusculos.com\\\/web\\\/wp-content\\\/uploads\\\/2024\\\/05\\\/platinum-whey-2-lbs-bcaa-2000-creatina-star-nutrition.webp\",\"width\":1200,\"height\":1200,\"caption\":\"Bcaa + Creatina + Prote\u00edna Star Nutrition\"},{\"@type\":\"BreadcrumbList\",\"@id\":\"https:\\\/\\\/www.demusculos.com\\\/web\\\/producto\\\/platinum-whey-2-lbs-bcaa-2000-creatina-star\\\/#breadcrumb\",\"itemListElement\":[{\"@type\":\"ListItem\",\"position\":1,\"name\":\"Inicio\",\"item\":\"https:\\\/\\\/www.demusculos.com\\\/web\\\/\"},{\"@type\":\"ListItem\",\"position\":2,\"name\":\"Suplementos\",\"item\":\"https:\\\/\\\/www.demusculos.com\\\/web\\\/tienda\\\/\"},{\"@type\":\"ListItem\",\"position\":3,\"name\":\"Platinum Whey 2 Lbs + Bcaa 2000 + Creatina de Star Nutrition\"}]},{\"@type\":\"WebSite\",\"@id\":\"https:\\\/\\\/www.demusculos.com\\\/web\\\/#website\",\"url\":\"https:\\\/\\\/www.demusculos.com\\\/web\\\/\",\"name\":\"DeMusculos.com\",\"description\":\"Suplementos Naturales\",\"publisher\":{\"@id\":\"https:\\\/\\\/www.demusculos.com\\\/web\\\/#organization\"},\"alternateName\":\"Suplementos Naturales\",\"potentialAction\":[{\"@type\":\"SearchAction\",\"target\":{\"@type\":\"EntryPoint\",\"urlTemplate\":\"https:\\\/\\\/www.demusculos.com\\\/web\\\/?s={search_term_string}\"},\"query-input\":{\"@type\":\"PropertyValueSpecification\",\"valueRequired\":true,\"valueName\":\"search_term_string\"}}],\"inLanguage\":\"es\"},{\"@type\":\"Organization\",\"@id\":\"https:\\\/\\\/www.demusculos.com\\\/web\\\/#organization\",\"name\":\"DeMusculos.com\",\"alternateName\":\"DeMusculos\",\"url\":\"https:\\\/\\\/www.demusculos.com\\\/web\\\/\",\"logo\":{\"@type\":\"ImageObject\",\"inLanguage\":\"es\",\"@id\":\"https:\\\/\\\/www.demusculos.com\\\/web\\\/#\\\/schema\\\/logo\\\/image\\\/\",\"url\":\"https:\\\/\\\/www.demusculos.com\\\/web\\\/wp-content\\\/uploads\\\/2024\\\/02\\\/logo-demusculos-prestashop-usuario.png\",\"contentUrl\":\"https:\\\/\\\/www.demusculos.com\\\/web\\\/wp-content\\\/uploads\\\/2024\\\/02\\\/logo-demusculos-prestashop-usuario.png\",\"width\":150,\"height\":150,\"caption\":\"DeMusculos.com\"},\"image\":{\"@id\":\"https:\\\/\\\/www.demusculos.com\\\/web\\\/#\\\/schema\\\/logo\\\/image\\\/\"},\"sameAs\":[\"https:\\\/\\\/www.facebook.com\\\/demusculos\",\"https:\\\/\\\/x.com\\\/demusculos\",\"https:\\\/\\\/www.instagram.com\\\/demusculos\",\"https:\\\/\\\/www.tiktok.com\\\/@demusculos.com\"]}]}<\/script>\n<!-- \/ Yoast SEO plugin. -->","yoast_head_json":{"title":"Platinum Whey 2 Lbs + Bcaa 2000 + Creatina de Star Nutrition | DeMusculos","robots":{"index":"index","follow":"follow","max-snippet":"max-snippet:-1","max-image-preview":"max-image-preview:large","max-video-preview":"max-video-preview:-1"},"canonical":"https:\/\/www.demusculos.com\/web\/producto\/platinum-whey-2-lbs-bcaa-2000-creatina-star\/","og_locale":"es_ES","og_type":"article","og_title":"Platinum Whey 2 Lbs + Bcaa 2000 + Creatina de Star Nutrition | DeMusculos","og_description":"Excelente combo. Los suplementos naturales m\u00e1s consumidos: Creatina + Prote\u00edna + BCAA. Ideal para recuperaci\u00f3n, rendimiento y aumento de masa muscular.","og_url":"https:\/\/www.demusculos.com\/web\/producto\/platinum-whey-2-lbs-bcaa-2000-creatina-star\/","og_site_name":"DeMusculos","article_publisher":"https:\/\/www.facebook.com\/demusculos","article_modified_time":"2026-03-05T10:50:01+00:00","og_image":[{"width":1200,"height":1200,"url":"https:\/\/www.demusculos.com\/web\/wp-content\/uploads\/2024\/05\/platinum-whey-2-lbs-bcaa-2000-creatina-star-nutrition.webp","type":"image\/webp"}],"twitter_card":"summary_large_image","twitter_site":"@demusculos","twitter_misc":{"Tiempo de lectura":"2 minutos"},"schema":{"@context":"https:\/\/schema.org","@graph":[{"@type":"WebPage","@id":"https:\/\/www.demusculos.com\/web\/producto\/platinum-whey-2-lbs-bcaa-2000-creatina-star\/","url":"https:\/\/www.demusculos.com\/web\/producto\/platinum-whey-2-lbs-bcaa-2000-creatina-star\/","name":"Platinum Whey 2 Lbs + Bcaa 2000 + Creatina de Star Nutrition | DeMusculos","isPartOf":{"@id":"https:\/\/www.demusculos.com\/web\/#website"},"primaryImageOfPage":{"@id":"https:\/\/www.demusculos.com\/web\/producto\/platinum-whey-2-lbs-bcaa-2000-creatina-star\/#primaryimage"},"image":{"@id":"https:\/\/www.demusculos.com\/web\/producto\/platinum-whey-2-lbs-bcaa-2000-creatina-star\/#primaryimage"},"thumbnailUrl":"https:\/\/www.demusculos.com\/web\/wp-content\/uploads\/2024\/05\/platinum-whey-2-lbs-bcaa-2000-creatina-star-nutrition.webp","datePublished":"2024-05-17T13:01:02+00:00","dateModified":"2026-03-05T10:50:01+00:00","breadcrumb":{"@id":"https:\/\/www.demusculos.com\/web\/producto\/platinum-whey-2-lbs-bcaa-2000-creatina-star\/#breadcrumb"},"inLanguage":"es","potentialAction":[{"@type":"ReadAction","target":["https:\/\/www.demusculos.com\/web\/producto\/platinum-whey-2-lbs-bcaa-2000-creatina-star\/"]}]},{"@type":"ImageObject","inLanguage":"es","@id":"https:\/\/www.demusculos.com\/web\/producto\/platinum-whey-2-lbs-bcaa-2000-creatina-star\/#primaryimage","url":"https:\/\/www.demusculos.com\/web\/wp-content\/uploads\/2024\/05\/platinum-whey-2-lbs-bcaa-2000-creatina-star-nutrition.webp","contentUrl":"https:\/\/www.demusculos.com\/web\/wp-content\/uploads\/2024\/05\/platinum-whey-2-lbs-bcaa-2000-creatina-star-nutrition.webp","width":1200,"height":1200,"caption":"Bcaa + Creatina + Prote\u00edna Star Nutrition"},{"@type":"BreadcrumbList","@id":"https:\/\/www.demusculos.com\/web\/producto\/platinum-whey-2-lbs-bcaa-2000-creatina-star\/#breadcrumb","itemListElement":[{"@type":"ListItem","position":1,"name":"Inicio","item":"https:\/\/www.demusculos.com\/web\/"},{"@type":"ListItem","position":2,"name":"Suplementos","item":"https:\/\/www.demusculos.com\/web\/tienda\/"},{"@type":"ListItem","position":3,"name":"Platinum Whey 2 Lbs + Bcaa 2000 + Creatina de Star Nutrition"}]},{"@type":"WebSite","@id":"https:\/\/www.demusculos.com\/web\/#website","url":"https:\/\/www.demusculos.com\/web\/","name":"DeMusculos.com","description":"Suplementos Naturales","publisher":{"@id":"https:\/\/www.demusculos.com\/web\/#organization"},"alternateName":"Suplementos Naturales","potentialAction":[{"@type":"SearchAction","target":{"@type":"EntryPoint","urlTemplate":"https:\/\/www.demusculos.com\/web\/?s={search_term_string}"},"query-input":{"@type":"PropertyValueSpecification","valueRequired":true,"valueName":"search_term_string"}}],"inLanguage":"es"},{"@type":"Organization","@id":"https:\/\/www.demusculos.com\/web\/#organization","name":"DeMusculos.com","alternateName":"DeMusculos","url":"https:\/\/www.demusculos.com\/web\/","logo":{"@type":"ImageObject","inLanguage":"es","@id":"https:\/\/www.demusculos.com\/web\/#\/schema\/logo\/image\/","url":"https:\/\/www.demusculos.com\/web\/wp-content\/uploads\/2024\/02\/logo-demusculos-prestashop-usuario.png","contentUrl":"https:\/\/www.demusculos.com\/web\/wp-content\/uploads\/2024\/02\/logo-demusculos-prestashop-usuario.png","width":150,"height":150,"caption":"DeMusculos.com"},"image":{"@id":"https:\/\/www.demusculos.com\/web\/#\/schema\/logo\/image\/"},"sameAs":["https:\/\/www.facebook.com\/demusculos","https:\/\/x.com\/demusculos","https:\/\/www.instagram.com\/demusculos","https:\/\/www.tiktok.com\/@demusculos.com"]}]}},"_links":{"self":[{"href":"https:\/\/www.demusculos.com\/web\/wp-json\/wp\/v2\/product\/5184","targetHints":{"allow":["GET"]}}],"collection":[{"href":"https:\/\/www.demusculos.com\/web\/wp-json\/wp\/v2\/product"}],"about":[{"href":"https:\/\/www.demusculos.com\/web\/wp-json\/wp\/v2\/types\/product"}],"replies":[{"embeddable":true,"href":"https:\/\/www.demusculos.com\/web\/wp-json\/wp\/v2\/comments?post=5184"}],"wp:featuredmedia":[{"embeddable":true,"href":"https:\/\/www.demusculos.com\/web\/wp-json\/wp\/v2\/media\/15511"}],"wp:attachment":[{"href":"https:\/\/www.demusculos.com\/web\/wp-json\/wp\/v2\/media?parent=5184"}],"wp:term":[{"taxonomy":"product_brand","embeddable":true,"href":"https:\/\/www.demusculos.com\/web\/wp-json\/wp\/v2\/product_brand?post=5184"},{"taxonomy":"product_cat","embeddable":true,"href":"https:\/\/www.demusculos.com\/web\/wp-json\/wp\/v2\/product_cat?post=5184"},{"taxonomy":"product_tag","embeddable":true,"href":"https:\/\/www.demusculos.com\/web\/wp-json\/wp\/v2\/product_tag?post=5184"}],"curies":[{"name":"wp","href":"https:\/\/api.w.org\/{rel}","templated":true}]}}