{"id":5197,"date":"2024-05-17T10:41:18","date_gmt":"2024-05-17T13:41:18","guid":{"rendered":"https:\/\/www.demusculos.com\/web\/?post_type=product&#038;p=5197"},"modified":"2026-03-18T15:57:53","modified_gmt":"2026-03-18T18:57:53","slug":"arginina-150-grs-zma-de-star-nutrition","status":"publish","type":"product","link":"https:\/\/www.demusculos.com\/web\/producto\/arginina-150-grs-zma-de-star-nutrition\/","title":{"rendered":"Arginina 150 grs + ZMA de Star Nutrition"},"content":{"rendered":"<figure id=\"attachment_246\" aria-describedby=\"caption-attachment-246\" style=\"width: 446px\" class=\"wp-caption alignnone\"><img decoding=\"async\" class=\"size-full wp-image-246\" src=\"https:\/\/www.demusculos.com\/web\/wp-content\/uploads\/2024\/02\/logo-star-nutrition.png\" alt=\"Productos natuales Star Nutrition | Prote\u00ednas | Amino\u00e1cidos | Quemadores | \u00d3xidos N\u00edtricos | Ganadores de peso\" width=\"446\" height=\"103\" srcset=\"https:\/\/www.demusculos.com\/web\/wp-content\/uploads\/2024\/02\/logo-star-nutrition.png 446w, https:\/\/www.demusculos.com\/web\/wp-content\/uploads\/2024\/02\/logo-star-nutrition-300x69.png 300w, https:\/\/www.demusculos.com\/web\/wp-content\/uploads\/2024\/02\/logo-star-nutrition-150x35.png 150w, https:\/\/www.demusculos.com\/web\/wp-content\/uploads\/2024\/02\/logo-star-nutrition-416x96.png 416w\" sizes=\"(max-width: 446px) 100vw, 446px\" \/><figcaption id=\"caption-attachment-246\" class=\"wp-caption-text\">Todos los productos de Star Nutrition. Laboratorio Nutriciencia.<\/figcaption><\/figure>\n<p>ZMA ayuda a aumentar los niveles de testosterona, mejora la masa muscular. Consigue una masa muscular m\u00e1s magra, libre de grasas.<br \/>\nLa ARGININA es un poderoso vasodilatador. Transporta nutrientes, prote\u00ednas, amino\u00e1cidos, etc, hacia la fibra muscular. Maximiza la recuperaci\u00f3n y aumenta considerablemente la energ\u00eda.<\/p>\n<h2><strong>Beneficios del ZMA en el deporte<\/strong><\/h2>\n<p>El\u00a0<strong>ZMA<\/strong>\u00a0es un suplemento diet\u00e9tico que combina\u00a0<strong>zinc<\/strong>,\u00a0<strong>magnesio<\/strong>\u00a0y\u00a0<strong>vitamina B6<\/strong>\u00a0en una proporci\u00f3n espec\u00edfica. Aqu\u00ed est\u00e1n algunos de sus beneficios para los deportistas:<\/p>\n<ol>\n<li><strong>Mantiene los niveles de testosterona y hormona del crecimiento (IGF-1)<\/strong>: El ZMA ha demostrado aumentar estos niveles, lo que puede tener un impacto positivo en la\u00a0<strong>fuerza muscular<\/strong>\u00a0y el\u00a0<strong>rendimiento<\/strong>.<\/li>\n<li><strong>Aumenta la fuerza<\/strong>: Al mejorar los niveles hormonales, el ZMA puede contribuir al desarrollo de\u00a0<strong>masa muscular<\/strong>\u00a0y\u00a0<strong>fuerza<\/strong>\u00a0de manera natural.<\/li>\n<li><strong>Facilita la absorci\u00f3n de otros nutrientes<\/strong>: El zinc y el magnesio son esenciales para muchas funciones corporales, y el ZMA puede ayudar a asegurar una ingesta adecuada de estos nutrientes importantes.<\/li>\n<li><strong>Contribuye al funcionamiento normal del sistema muscular<\/strong>: El ZMA tambi\u00e9n ha demostrado ser eficaz en la mejora del\u00a0<strong>estado de \u00e1nimo<\/strong>\u00a0y reducir la\u00a0<strong>fatiga<\/strong>\u00a0en algunas personas.<\/li>\n<\/ol>\n<p>En resumen, si buscas mejorar tu salud y rendimiento, considera incluir el ZMA en tu dieta y rutina de suplementos.<\/p>\n<h2><strong>Beneficios de tomar Arginina<\/strong><\/h2>\n<p>La\u00a0<strong>L-arginina<\/strong>\u00a0es un amino\u00e1cido esencial que puede tener varios beneficios para los deportistas. Aqu\u00ed est\u00e1n algunos de ellos:<\/p>\n<ol>\n<li><strong>Reducci\u00f3n del nivel de grasa corporal<\/strong>: La L-arginina puede ayudar a reducir la grasa corporal.<\/li>\n<li><strong>Facilita la recuperaci\u00f3n despu\u00e9s del ejercicio<\/strong>: Ayuda a eliminar el amon\u00edaco de los m\u00fasculos, generado durante el ejercicio anaer\u00f3bico, convirti\u00e9ndolo en urea y elimin\u00e1ndolo a trav\u00e9s de la orina.<\/li>\n<li><strong>Mejora el rendimiento atl\u00e9tico<\/strong>: Al aumentar el flujo sangu\u00edneo a los m\u00fasculos, la L-arginina puede mejorar el suministro de nutrientes y ox\u00edgeno, reduciendo la fatiga muscular.<\/li>\n<li><strong>Protecci\u00f3n del sistema inmunol\u00f3gico<\/strong>: Contribuye a fortalecer el sistema inmunol\u00f3gico.<\/li>\n<li><strong>Cicatrizaci\u00f3n de heridas<\/strong>: Puede ayudar en la cicatrizaci\u00f3n de heridas.<\/li>\n<li><strong>Dilataci\u00f3n de los vasos sangu\u00edneos y mejora de la circulaci\u00f3n<\/strong>: La L-arginina se transforma en \u00f3xido n\u00edtrico, lo que beneficia la circulaci\u00f3n sangu\u00ednea.<\/li>\n<li><strong>Estimulaci\u00f3n de la secreci\u00f3n de la hormona de crecimiento<\/strong>: Esto, a su vez, facilita el desarrollo muscular<\/li>\n<\/ol>\n","protected":false},"excerpt":{"rendered":"<p>Combo ideal para crecimiento muscular. Arginina, ideal para vasodilataci\u00f3n, transporte de nutrientes hacia la fibra muscular. ZMA, grandes beneficios para el deportista.<\/p>\n","protected":false},"featured_media":5198,"comment_status":"closed","ping_status":"closed","template":"","meta":[],"product_brand":[220],"product_cat":[42],"product_tag":[26,104],"class_list":{"0":"post-5197","1":"product","2":"type-product","3":"status-publish","4":"has-post-thumbnail","6":"product_brand-star-nutrition","7":"product_cat-hormonales-y-testo","8":"product_tag-star-nutrition","9":"product_tag-testosterona","11":"first","12":"instock","13":"sale","14":"shipping-taxable","15":"purchasable","16":"product-type-simple"},"yoast_head":"<!-- This site is optimized with the Yoast SEO plugin v27.3 - https:\/\/yoast.com\/product\/yoast-seo-wordpress\/ -->\n<title>Arginina 150 grs + ZMA de Star Nutrition | DeMusculos<\/title>\n<meta name=\"robots\" content=\"index, follow, max-snippet:-1, max-image-preview:large, max-video-preview:-1\" \/>\n<link rel=\"canonical\" href=\"https:\/\/www.demusculos.com\/web\/producto\/arginina-150-grs-zma-de-star-nutrition\/\" \/>\n<meta property=\"og:locale\" content=\"es_ES\" \/>\n<meta property=\"og:type\" content=\"article\" \/>\n<meta property=\"og:title\" content=\"Arginina 150 grs + ZMA de Star Nutrition | DeMusculos\" \/>\n<meta property=\"og:description\" content=\"Combo ideal para crecimiento muscular. Arginina, ideal para vasodilataci\u00f3n, transporte de nutrientes hacia la fibra muscular. ZMA, grandes beneficios para el deportista.\" \/>\n<meta property=\"og:url\" content=\"https:\/\/www.demusculos.com\/web\/producto\/arginina-150-grs-zma-de-star-nutrition\/\" \/>\n<meta property=\"og:site_name\" content=\"DeMusculos\" \/>\n<meta property=\"article:publisher\" content=\"https:\/\/www.facebook.com\/demusculos\" \/>\n<meta property=\"article:modified_time\" content=\"2026-03-18T18:57:53+00:00\" \/>\n<meta property=\"og:image\" content=\"https:\/\/www.demusculos.com\/web\/wp-content\/uploads\/2024\/05\/arginina150grs-zma-star.jpg\" \/>\n\t<meta property=\"og:image:width\" content=\"1200\" \/>\n\t<meta property=\"og:image:height\" content=\"1200\" \/>\n\t<meta property=\"og:image:type\" content=\"image\/jpeg\" \/>\n<meta name=\"twitter:card\" content=\"summary_large_image\" \/>\n<meta name=\"twitter:site\" content=\"@demusculos\" \/>\n<meta name=\"twitter:label1\" content=\"Tiempo de lectura\" \/>\n\t<meta name=\"twitter:data1\" content=\"3 minutos\" \/>\n<script type=\"application\/ld+json\" class=\"yoast-schema-graph\">{\"@context\":\"https:\\\/\\\/schema.org\",\"@graph\":[{\"@type\":\"WebPage\",\"@id\":\"https:\\\/\\\/www.demusculos.com\\\/web\\\/producto\\\/arginina-150-grs-zma-de-star-nutrition\\\/\",\"url\":\"https:\\\/\\\/www.demusculos.com\\\/web\\\/producto\\\/arginina-150-grs-zma-de-star-nutrition\\\/\",\"name\":\"Arginina 150 grs + ZMA de Star Nutrition | DeMusculos\",\"isPartOf\":{\"@id\":\"https:\\\/\\\/www.demusculos.com\\\/web\\\/#website\"},\"primaryImageOfPage\":{\"@id\":\"https:\\\/\\\/www.demusculos.com\\\/web\\\/producto\\\/arginina-150-grs-zma-de-star-nutrition\\\/#primaryimage\"},\"image\":{\"@id\":\"https:\\\/\\\/www.demusculos.com\\\/web\\\/producto\\\/arginina-150-grs-zma-de-star-nutrition\\\/#primaryimage\"},\"thumbnailUrl\":\"https:\\\/\\\/www.demusculos.com\\\/web\\\/wp-content\\\/uploads\\\/2024\\\/05\\\/arginina150grs-zma-star.jpg\",\"datePublished\":\"2024-05-17T13:41:18+00:00\",\"dateModified\":\"2026-03-18T18:57:53+00:00\",\"breadcrumb\":{\"@id\":\"https:\\\/\\\/www.demusculos.com\\\/web\\\/producto\\\/arginina-150-grs-zma-de-star-nutrition\\\/#breadcrumb\"},\"inLanguage\":\"es\",\"potentialAction\":[{\"@type\":\"ReadAction\",\"target\":[\"https:\\\/\\\/www.demusculos.com\\\/web\\\/producto\\\/arginina-150-grs-zma-de-star-nutrition\\\/\"]}]},{\"@type\":\"ImageObject\",\"inLanguage\":\"es\",\"@id\":\"https:\\\/\\\/www.demusculos.com\\\/web\\\/producto\\\/arginina-150-grs-zma-de-star-nutrition\\\/#primaryimage\",\"url\":\"https:\\\/\\\/www.demusculos.com\\\/web\\\/wp-content\\\/uploads\\\/2024\\\/05\\\/arginina150grs-zma-star.jpg\",\"contentUrl\":\"https:\\\/\\\/www.demusculos.com\\\/web\\\/wp-content\\\/uploads\\\/2024\\\/05\\\/arginina150grs-zma-star.jpg\",\"width\":1200,\"height\":1200},{\"@type\":\"BreadcrumbList\",\"@id\":\"https:\\\/\\\/www.demusculos.com\\\/web\\\/producto\\\/arginina-150-grs-zma-de-star-nutrition\\\/#breadcrumb\",\"itemListElement\":[{\"@type\":\"ListItem\",\"position\":1,\"name\":\"Inicio\",\"item\":\"https:\\\/\\\/www.demusculos.com\\\/web\\\/\"},{\"@type\":\"ListItem\",\"position\":2,\"name\":\"Suplementos\",\"item\":\"https:\\\/\\\/www.demusculos.com\\\/web\\\/tienda\\\/\"},{\"@type\":\"ListItem\",\"position\":3,\"name\":\"Arginina 150 grs + ZMA de Star Nutrition\"}]},{\"@type\":\"WebSite\",\"@id\":\"https:\\\/\\\/www.demusculos.com\\\/web\\\/#website\",\"url\":\"https:\\\/\\\/www.demusculos.com\\\/web\\\/\",\"name\":\"DeMusculos.com\",\"description\":\"Suplementos Naturales\",\"publisher\":{\"@id\":\"https:\\\/\\\/www.demusculos.com\\\/web\\\/#organization\"},\"alternateName\":\"Suplementos Naturales\",\"potentialAction\":[{\"@type\":\"SearchAction\",\"target\":{\"@type\":\"EntryPoint\",\"urlTemplate\":\"https:\\\/\\\/www.demusculos.com\\\/web\\\/?s={search_term_string}\"},\"query-input\":{\"@type\":\"PropertyValueSpecification\",\"valueRequired\":true,\"valueName\":\"search_term_string\"}}],\"inLanguage\":\"es\"},{\"@type\":\"Organization\",\"@id\":\"https:\\\/\\\/www.demusculos.com\\\/web\\\/#organization\",\"name\":\"DeMusculos.com\",\"alternateName\":\"DeMusculos\",\"url\":\"https:\\\/\\\/www.demusculos.com\\\/web\\\/\",\"logo\":{\"@type\":\"ImageObject\",\"inLanguage\":\"es\",\"@id\":\"https:\\\/\\\/www.demusculos.com\\\/web\\\/#\\\/schema\\\/logo\\\/image\\\/\",\"url\":\"https:\\\/\\\/www.demusculos.com\\\/web\\\/wp-content\\\/uploads\\\/2024\\\/02\\\/logo-demusculos-prestashop-usuario.png\",\"contentUrl\":\"https:\\\/\\\/www.demusculos.com\\\/web\\\/wp-content\\\/uploads\\\/2024\\\/02\\\/logo-demusculos-prestashop-usuario.png\",\"width\":150,\"height\":150,\"caption\":\"DeMusculos.com\"},\"image\":{\"@id\":\"https:\\\/\\\/www.demusculos.com\\\/web\\\/#\\\/schema\\\/logo\\\/image\\\/\"},\"sameAs\":[\"https:\\\/\\\/www.facebook.com\\\/demusculos\",\"https:\\\/\\\/x.com\\\/demusculos\",\"https:\\\/\\\/www.instagram.com\\\/demusculos\",\"https:\\\/\\\/www.tiktok.com\\\/@demusculos.com\"]}]}<\/script>\n<!-- \/ Yoast SEO plugin. -->","yoast_head_json":{"title":"Arginina 150 grs + ZMA de Star Nutrition | DeMusculos","robots":{"index":"index","follow":"follow","max-snippet":"max-snippet:-1","max-image-preview":"max-image-preview:large","max-video-preview":"max-video-preview:-1"},"canonical":"https:\/\/www.demusculos.com\/web\/producto\/arginina-150-grs-zma-de-star-nutrition\/","og_locale":"es_ES","og_type":"article","og_title":"Arginina 150 grs + ZMA de Star Nutrition | DeMusculos","og_description":"Combo ideal para crecimiento muscular. Arginina, ideal para vasodilataci\u00f3n, transporte de nutrientes hacia la fibra muscular. ZMA, grandes beneficios para el deportista.","og_url":"https:\/\/www.demusculos.com\/web\/producto\/arginina-150-grs-zma-de-star-nutrition\/","og_site_name":"DeMusculos","article_publisher":"https:\/\/www.facebook.com\/demusculos","article_modified_time":"2026-03-18T18:57:53+00:00","og_image":[{"width":1200,"height":1200,"url":"https:\/\/www.demusculos.com\/web\/wp-content\/uploads\/2024\/05\/arginina150grs-zma-star.jpg","type":"image\/jpeg"}],"twitter_card":"summary_large_image","twitter_site":"@demusculos","twitter_misc":{"Tiempo de lectura":"3 minutos"},"schema":{"@context":"https:\/\/schema.org","@graph":[{"@type":"WebPage","@id":"https:\/\/www.demusculos.com\/web\/producto\/arginina-150-grs-zma-de-star-nutrition\/","url":"https:\/\/www.demusculos.com\/web\/producto\/arginina-150-grs-zma-de-star-nutrition\/","name":"Arginina 150 grs + ZMA de Star Nutrition | DeMusculos","isPartOf":{"@id":"https:\/\/www.demusculos.com\/web\/#website"},"primaryImageOfPage":{"@id":"https:\/\/www.demusculos.com\/web\/producto\/arginina-150-grs-zma-de-star-nutrition\/#primaryimage"},"image":{"@id":"https:\/\/www.demusculos.com\/web\/producto\/arginina-150-grs-zma-de-star-nutrition\/#primaryimage"},"thumbnailUrl":"https:\/\/www.demusculos.com\/web\/wp-content\/uploads\/2024\/05\/arginina150grs-zma-star.jpg","datePublished":"2024-05-17T13:41:18+00:00","dateModified":"2026-03-18T18:57:53+00:00","breadcrumb":{"@id":"https:\/\/www.demusculos.com\/web\/producto\/arginina-150-grs-zma-de-star-nutrition\/#breadcrumb"},"inLanguage":"es","potentialAction":[{"@type":"ReadAction","target":["https:\/\/www.demusculos.com\/web\/producto\/arginina-150-grs-zma-de-star-nutrition\/"]}]},{"@type":"ImageObject","inLanguage":"es","@id":"https:\/\/www.demusculos.com\/web\/producto\/arginina-150-grs-zma-de-star-nutrition\/#primaryimage","url":"https:\/\/www.demusculos.com\/web\/wp-content\/uploads\/2024\/05\/arginina150grs-zma-star.jpg","contentUrl":"https:\/\/www.demusculos.com\/web\/wp-content\/uploads\/2024\/05\/arginina150grs-zma-star.jpg","width":1200,"height":1200},{"@type":"BreadcrumbList","@id":"https:\/\/www.demusculos.com\/web\/producto\/arginina-150-grs-zma-de-star-nutrition\/#breadcrumb","itemListElement":[{"@type":"ListItem","position":1,"name":"Inicio","item":"https:\/\/www.demusculos.com\/web\/"},{"@type":"ListItem","position":2,"name":"Suplementos","item":"https:\/\/www.demusculos.com\/web\/tienda\/"},{"@type":"ListItem","position":3,"name":"Arginina 150 grs + ZMA de Star Nutrition"}]},{"@type":"WebSite","@id":"https:\/\/www.demusculos.com\/web\/#website","url":"https:\/\/www.demusculos.com\/web\/","name":"DeMusculos.com","description":"Suplementos Naturales","publisher":{"@id":"https:\/\/www.demusculos.com\/web\/#organization"},"alternateName":"Suplementos Naturales","potentialAction":[{"@type":"SearchAction","target":{"@type":"EntryPoint","urlTemplate":"https:\/\/www.demusculos.com\/web\/?s={search_term_string}"},"query-input":{"@type":"PropertyValueSpecification","valueRequired":true,"valueName":"search_term_string"}}],"inLanguage":"es"},{"@type":"Organization","@id":"https:\/\/www.demusculos.com\/web\/#organization","name":"DeMusculos.com","alternateName":"DeMusculos","url":"https:\/\/www.demusculos.com\/web\/","logo":{"@type":"ImageObject","inLanguage":"es","@id":"https:\/\/www.demusculos.com\/web\/#\/schema\/logo\/image\/","url":"https:\/\/www.demusculos.com\/web\/wp-content\/uploads\/2024\/02\/logo-demusculos-prestashop-usuario.png","contentUrl":"https:\/\/www.demusculos.com\/web\/wp-content\/uploads\/2024\/02\/logo-demusculos-prestashop-usuario.png","width":150,"height":150,"caption":"DeMusculos.com"},"image":{"@id":"https:\/\/www.demusculos.com\/web\/#\/schema\/logo\/image\/"},"sameAs":["https:\/\/www.facebook.com\/demusculos","https:\/\/x.com\/demusculos","https:\/\/www.instagram.com\/demusculos","https:\/\/www.tiktok.com\/@demusculos.com"]}]}},"_links":{"self":[{"href":"https:\/\/www.demusculos.com\/web\/wp-json\/wp\/v2\/product\/5197","targetHints":{"allow":["GET"]}}],"collection":[{"href":"https:\/\/www.demusculos.com\/web\/wp-json\/wp\/v2\/product"}],"about":[{"href":"https:\/\/www.demusculos.com\/web\/wp-json\/wp\/v2\/types\/product"}],"replies":[{"embeddable":true,"href":"https:\/\/www.demusculos.com\/web\/wp-json\/wp\/v2\/comments?post=5197"}],"wp:featuredmedia":[{"embeddable":true,"href":"https:\/\/www.demusculos.com\/web\/wp-json\/wp\/v2\/media\/5198"}],"wp:attachment":[{"href":"https:\/\/www.demusculos.com\/web\/wp-json\/wp\/v2\/media?parent=5197"}],"wp:term":[{"taxonomy":"product_brand","embeddable":true,"href":"https:\/\/www.demusculos.com\/web\/wp-json\/wp\/v2\/product_brand?post=5197"},{"taxonomy":"product_cat","embeddable":true,"href":"https:\/\/www.demusculos.com\/web\/wp-json\/wp\/v2\/product_cat?post=5197"},{"taxonomy":"product_tag","embeddable":true,"href":"https:\/\/www.demusculos.com\/web\/wp-json\/wp\/v2\/product_tag?post=5197"}],"curies":[{"name":"wp","href":"https:\/\/api.w.org\/{rel}","templated":true}]}}