{"id":525,"date":"2024-02-23T15:44:17","date_gmt":"2024-02-23T18:44:17","guid":{"rendered":"https:\/\/www.demusculos.com\/web\/?post_type=product&#038;p=525"},"modified":"2026-04-24T00:26:37","modified_gmt":"2026-04-24T03:26:37","slug":"proteina-fraccionada-whey-protein-1-kg-materia-prima-arla","status":"publish","type":"product","link":"https:\/\/www.demusculos.com\/web\/producto\/proteina-fraccionada-whey-protein-1-kg-materia-prima-arla\/","title":{"rendered":"Prote\u00edna Fraccionada Whey Protein 1 kg &#8211; Materia prima Arla"},"content":{"rendered":"<h2 data-sourcepos=\"1:1-1:71\">Prote\u00edna Arla Fraccionada en potes de 1 kg<\/h2>\n<p data-sourcepos=\"1:1-1:71\"><strong>Prote\u00edna Arla lleva tu entrenamiento al siguiente nivel con Nutrition Research Whey Protein<\/strong><\/p>\n<p data-sourcepos=\"3:1-3:82\"><strong>Quieres optimizar tu rendimiento y alcanzar tus objetivos fitness m\u00e1s r\u00e1pido?<\/strong><\/p>\n<p><img fetchpriority=\"high\" decoding=\"async\" class=\"alignnone wp-image-12287 size-full\" src=\"https:\/\/www.demusculos.com\/web\/wp-content\/uploads\/2024\/02\/nutrition-research-whey-pro-banner-06.webp\" alt=\"Whey Pro 1 kg de Nutrition Research\" width=\"1080\" height=\"1080\" srcset=\"https:\/\/www.demusculos.com\/web\/wp-content\/uploads\/2024\/02\/nutrition-research-whey-pro-banner-06.webp 1080w, https:\/\/www.demusculos.com\/web\/wp-content\/uploads\/2024\/02\/nutrition-research-whey-pro-banner-06-300x300.webp 300w, https:\/\/www.demusculos.com\/web\/wp-content\/uploads\/2024\/02\/nutrition-research-whey-pro-banner-06-1024x1024.webp 1024w, https:\/\/www.demusculos.com\/web\/wp-content\/uploads\/2024\/02\/nutrition-research-whey-pro-banner-06-150x150.webp 150w, https:\/\/www.demusculos.com\/web\/wp-content\/uploads\/2024\/02\/nutrition-research-whey-pro-banner-06-768x768.webp 768w, https:\/\/www.demusculos.com\/web\/wp-content\/uploads\/2024\/02\/nutrition-research-whey-pro-banner-06-990x990.webp 990w, https:\/\/www.demusculos.com\/web\/wp-content\/uploads\/2024\/02\/nutrition-research-whey-pro-banner-06-441x441.webp 441w, https:\/\/www.demusculos.com\/web\/wp-content\/uploads\/2024\/02\/nutrition-research-whey-pro-banner-06-100x100.webp 100w, https:\/\/www.demusculos.com\/web\/wp-content\/uploads\/2024\/02\/nutrition-research-whey-pro-banner-06-800x800.webp 800w\" sizes=\"(max-width: 1080px) 100vw, 1080px\" \/><\/p>\n<h2>Algunos beneficios<\/h2>\n<p data-sourcepos=\"5:1-5:62\"><strong>Nutrition Research Whey Protein<\/strong> es la prote\u00edna ideal para ayudarte a:<\/p>\n<ul data-sourcepos=\"7:1-7:71\">\n<li data-sourcepos=\"7:1-7:71\"><strong>Recuperarte m\u00e1s r\u00e1pido:<\/strong>\u00a0Repara y reconstruye tus m\u00fasculos despu\u00e9s del entrenamiento para que puedas volver a entrenar con m\u00e1s fuerza.<\/li>\n<li data-sourcepos=\"8:1-8:89\"><strong>Aumentar tu masa muscular:<\/strong>\u00a0Desarrolla m\u00fasculo magro de forma eficiente y sostenible.<\/li>\n<li data-sourcepos=\"9:1-9:80\"><strong>Mejorar tu tono muscular:<\/strong>\u00a0Define tu cuerpo y esculpe la figura que deseas.<\/li>\n<li data-sourcepos=\"10:1-10:43\"><strong>Potenciar tu rendimiento:<\/strong>\u00a0Entrena con m\u00e1s intensidad y por m\u00e1s tiempo.<\/li>\n<li data-sourcepos=\"11:1-12:0\"><strong>Lograr tus objetivos:<\/strong> Ya sea que busques perder peso o aumentar masa muscular, Nutrition Research Whey Protein te ayudar\u00e1 a alcanzar tus metas.<\/li>\n<\/ul>\n<figure id=\"attachment_385\" aria-describedby=\"caption-attachment-385\" style=\"width: 300px\" class=\"wp-caption alignnone\"><img decoding=\"async\" class=\"size-full wp-image-385\" src=\"https:\/\/www.demusculos.com\/web\/wp-content\/uploads\/2024\/02\/icon-recuperador-muscular.png\" alt=\"\" width=\"300\" height=\"300\" srcset=\"https:\/\/www.demusculos.com\/web\/wp-content\/uploads\/2024\/02\/icon-recuperador-muscular.png 300w, https:\/\/www.demusculos.com\/web\/wp-content\/uploads\/2024\/02\/icon-recuperador-muscular-150x150.png 150w\" sizes=\"(max-width: 300px) 100vw, 300px\" \/><figcaption id=\"caption-attachment-385\" class=\"wp-caption-text\">Este producto es ideal para maximizar la recuperaci\u00f3n muscular. Recuerda que a mayor recuperaci\u00f3n m\u00e1s aumento de masa muscular. No solo obtienes masa muscular, con el correr del tiempo tendr\u00e1s menos cansancio y fatiga muscular, tambi\u00e9n notaras un incremento de energ\u00eda y una mejora en el entrenamiento.<\/figcaption><\/figure>\n<p><img decoding=\"async\" class=\"alignnone wp-image-12288 size-full\" src=\"https:\/\/www.demusculos.com\/web\/wp-content\/uploads\/2024\/02\/nutrition-research-whey-pro-banner-07.webp\" alt=\"Whey Pro 1 kg de Nutrition Research\" width=\"1080\" height=\"1080\" srcset=\"https:\/\/www.demusculos.com\/web\/wp-content\/uploads\/2024\/02\/nutrition-research-whey-pro-banner-07.webp 1080w, https:\/\/www.demusculos.com\/web\/wp-content\/uploads\/2024\/02\/nutrition-research-whey-pro-banner-07-300x300.webp 300w, https:\/\/www.demusculos.com\/web\/wp-content\/uploads\/2024\/02\/nutrition-research-whey-pro-banner-07-1024x1024.webp 1024w, https:\/\/www.demusculos.com\/web\/wp-content\/uploads\/2024\/02\/nutrition-research-whey-pro-banner-07-150x150.webp 150w, https:\/\/www.demusculos.com\/web\/wp-content\/uploads\/2024\/02\/nutrition-research-whey-pro-banner-07-768x768.webp 768w, https:\/\/www.demusculos.com\/web\/wp-content\/uploads\/2024\/02\/nutrition-research-whey-pro-banner-07-990x990.webp 990w, https:\/\/www.demusculos.com\/web\/wp-content\/uploads\/2024\/02\/nutrition-research-whey-pro-banner-07-441x441.webp 441w, https:\/\/www.demusculos.com\/web\/wp-content\/uploads\/2024\/02\/nutrition-research-whey-pro-banner-07-100x100.webp 100w, https:\/\/www.demusculos.com\/web\/wp-content\/uploads\/2024\/02\/nutrition-research-whey-pro-banner-07-800x800.webp 800w\" sizes=\"(max-width: 1080px) 100vw, 1080px\" \/><\/p>\n<p>&nbsp;<\/p>\n<h2 data-sourcepos=\"13:1-13:41\">\u00bfPor qu\u00e9 elegir Nutrition Research Whey Protein?<\/h2>\n<ul data-sourcepos=\"15:1-17:82\">\n<li data-sourcepos=\"15:1-15:110\"><strong>Calidad superior:<\/strong>\u00a0Elaborada con suero de leche Arla Foods,\u00a0una de las mejores materias primas del mundo.<\/li>\n<li data-sourcepos=\"16:1-16:112\"><strong>M\u00e1xima pureza:<\/strong>\u00a0100% fraccionada en laboratorio farmac\u00e9utico para garantizar la m\u00e1xima calidad y absorci\u00f3n.<\/li>\n<li data-sourcepos=\"17:1-17:82\"><strong>Enriquecida con enzimas digestivas:<\/strong>\u00a0Favorece la digesti\u00f3n y absorci\u00f3n de los nutrientes.<\/li>\n<li data-sourcepos=\"18:1-18:117\"><strong>Deliciosos sabores:<\/strong>\u00a0Disfruta de una variedad de sabores irresistibles para que tomar tu prote\u00edna sea un placer.<\/li>\n<li data-sourcepos=\"19:1-20:0\"><strong>Vers\u00e1til:<\/strong>\u00a0Ideal para batidos,\u00a0smoothies,\u00a0recetas y mucho m\u00e1s.<\/li>\n<\/ul>\n<figure id=\"attachment_125\" aria-describedby=\"caption-attachment-125\" style=\"width: 300px\" class=\"wp-caption alignnone\"><img loading=\"lazy\" decoding=\"async\" class=\"size-full wp-image-125\" src=\"https:\/\/www.demusculos.com\/web\/wp-content\/uploads\/2024\/02\/agua-leche-descremada.png\" alt=\"\" width=\"300\" height=\"300\" srcset=\"https:\/\/www.demusculos.com\/web\/wp-content\/uploads\/2024\/02\/agua-leche-descremada.png 300w, https:\/\/www.demusculos.com\/web\/wp-content\/uploads\/2024\/02\/agua-leche-descremada-150x150.png 150w\" sizes=\"(max-width: 300px) 100vw, 300px\" \/><figcaption id=\"caption-attachment-125\" class=\"wp-caption-text\">Este producto se puede preparar con agua o leche descremada. Recomendamos tomarlo con l\u00edquidos fr\u00edos.<\/figcaption><\/figure>\n<p><img loading=\"lazy\" decoding=\"async\" class=\"alignnone wp-image-12289 size-full\" src=\"https:\/\/www.demusculos.com\/web\/wp-content\/uploads\/2024\/02\/nutrition-research-whey-pro-banner-08.webp\" alt=\"Whey Pro 1 kg de Nutrition Research\" width=\"1080\" height=\"1080\" srcset=\"https:\/\/www.demusculos.com\/web\/wp-content\/uploads\/2024\/02\/nutrition-research-whey-pro-banner-08.webp 1080w, https:\/\/www.demusculos.com\/web\/wp-content\/uploads\/2024\/02\/nutrition-research-whey-pro-banner-08-300x300.webp 300w, https:\/\/www.demusculos.com\/web\/wp-content\/uploads\/2024\/02\/nutrition-research-whey-pro-banner-08-1024x1024.webp 1024w, https:\/\/www.demusculos.com\/web\/wp-content\/uploads\/2024\/02\/nutrition-research-whey-pro-banner-08-150x150.webp 150w, https:\/\/www.demusculos.com\/web\/wp-content\/uploads\/2024\/02\/nutrition-research-whey-pro-banner-08-768x768.webp 768w, https:\/\/www.demusculos.com\/web\/wp-content\/uploads\/2024\/02\/nutrition-research-whey-pro-banner-08-990x990.webp 990w, https:\/\/www.demusculos.com\/web\/wp-content\/uploads\/2024\/02\/nutrition-research-whey-pro-banner-08-441x441.webp 441w, https:\/\/www.demusculos.com\/web\/wp-content\/uploads\/2024\/02\/nutrition-research-whey-pro-banner-08-100x100.webp 100w, https:\/\/www.demusculos.com\/web\/wp-content\/uploads\/2024\/02\/nutrition-research-whey-pro-banner-08-800x800.webp 800w\" sizes=\"(max-width: 1080px) 100vw, 1080px\" \/><\/p>\n<p>&nbsp;<\/p>\n<p data-sourcepos=\"21:1-21:39\"><strong>\u00bfCu\u00e1ndo tomar Nutrition Research Whey Protein?<\/strong><\/p>\n<ul data-sourcepos=\"23:1-26:0\">\n<li data-sourcepos=\"23:1-23:107\"><strong>Despu\u00e9s del entrenamiento:<\/strong>\u00a0Para aprovechar la ventana anab\u00f3lica y optimizar la recuperaci\u00f3n muscular.<\/li>\n<li data-sourcepos=\"24:1-24:89\"><strong>Como snack entre comidas:<\/strong>\u00a0Para mantenerte saciado y evitar el catabolismo muscular.<\/li>\n<li data-sourcepos=\"25:1-26:0\"><strong>En cualquier momento del d\u00eda:<\/strong>\u00a0Como complemento de tu dieta para aumentar tu ingesta de prote\u00ednas.<\/li>\n<\/ul>\n<figure id=\"attachment_127\" aria-describedby=\"caption-attachment-127\" style=\"width: 300px\" class=\"wp-caption alignnone\"><img loading=\"lazy\" decoding=\"async\" class=\"size-full wp-image-127\" src=\"https:\/\/www.demusculos.com\/web\/wp-content\/uploads\/2024\/02\/1o2-scoop-x-dia.png\" alt=\"\" width=\"300\" height=\"300\" srcset=\"https:\/\/www.demusculos.com\/web\/wp-content\/uploads\/2024\/02\/1o2-scoop-x-dia.png 300w, https:\/\/www.demusculos.com\/web\/wp-content\/uploads\/2024\/02\/1o2-scoop-x-dia-150x150.png 150w\" sizes=\"(max-width: 300px) 100vw, 300px\" \/><figcaption id=\"caption-attachment-127\" class=\"wp-caption-text\">Se puede tomar una o dos veces por d\u00eda, por ejemplo, una toma por la ma\u00f1ana y una toma por la tarde. La toma m\u00e1s importante para tomar la prote\u00edna es luego del entrenamiento. Esto te permite una mayor recuperaci\u00f3n muscular.<\/figcaption><\/figure>\n<p>Informaci\u00f3n nutricional<\/p>\n<p><img loading=\"lazy\" decoding=\"async\" class=\"alignnone wp-image-12292 size-full\" src=\"https:\/\/www.demusculos.com\/web\/wp-content\/uploads\/2024\/02\/nutrition-research-whey-pro-banner-09.webp\" alt=\"Whey Pro 1 kg de Nutrition Research\" width=\"1080\" height=\"1080\" srcset=\"https:\/\/www.demusculos.com\/web\/wp-content\/uploads\/2024\/02\/nutrition-research-whey-pro-banner-09.webp 1080w, https:\/\/www.demusculos.com\/web\/wp-content\/uploads\/2024\/02\/nutrition-research-whey-pro-banner-09-300x300.webp 300w, https:\/\/www.demusculos.com\/web\/wp-content\/uploads\/2024\/02\/nutrition-research-whey-pro-banner-09-1024x1024.webp 1024w, https:\/\/www.demusculos.com\/web\/wp-content\/uploads\/2024\/02\/nutrition-research-whey-pro-banner-09-150x150.webp 150w, https:\/\/www.demusculos.com\/web\/wp-content\/uploads\/2024\/02\/nutrition-research-whey-pro-banner-09-768x768.webp 768w, https:\/\/www.demusculos.com\/web\/wp-content\/uploads\/2024\/02\/nutrition-research-whey-pro-banner-09-990x990.webp 990w, https:\/\/www.demusculos.com\/web\/wp-content\/uploads\/2024\/02\/nutrition-research-whey-pro-banner-09-441x441.webp 441w, https:\/\/www.demusculos.com\/web\/wp-content\/uploads\/2024\/02\/nutrition-research-whey-pro-banner-09-100x100.webp 100w, https:\/\/www.demusculos.com\/web\/wp-content\/uploads\/2024\/02\/nutrition-research-whey-pro-banner-09-800x800.webp 800w\" sizes=\"(max-width: 1080px) 100vw, 1080px\" \/><\/p>\n<p data-sourcepos=\"27:1-27:95\"><strong>\u00a1No esperes m\u00e1s y empieza a disfrutar de los incre\u00edbles beneficios de Nutrition Research Whey Protein!<\/strong><\/p>\n<p data-sourcepos=\"29:1-29:56\"><strong>Visita nuestra web y compra ahora mismo tu prote\u00edna.<\/strong><\/p>\n<p data-sourcepos=\"31:1-31:64\"><strong>Oferta especial:<\/strong> Env\u00edo gratuito en pedidos superiores a $50.<\/p>\n<p data-sourcepos=\"33:1-33:95\"><strong>\u00a1No te pierdas esta oportunidad de mejorar tu rendimiento y alcanzar tus objetivos fitness!<\/strong><\/p>\n<p data-sourcepos=\"35:1-35:77\"><strong>Nutrition Research Whey Protein, tu mejor aliado para un entrenamiento m\u00e1s efectivo.<\/strong><\/p>\n<p data-sourcepos=\"37:1-37:170\"><strong>#entrenamiento #fitness #prote\u00edna #wheyprotein #rendimiento #recuperaci\u00f3n #masa #m\u00fasculo #definici\u00f3n #objetivo #calidad #pureza #digesti\u00f3n #sabor #vers\u00e1til #oferta #env\u00edo #gratis<\/strong><\/p>\n","protected":false},"excerpt":{"rendered":"<p>Prote\u00edna fraccionada de marca ARLA. La mejor materia prima del pa\u00eds. Excelente sabor. Se toman las bolsas de 20 kg de materia prima ARLA, se le agrega saborizante y espesantes, endulzastes y colorantes. No tiene m\u00e1s agregados.<\/p>\n","protected":false},"featured_media":12300,"comment_status":"closed","ping_status":"closed","template":"","meta":[],"product_brand":[256],"product_cat":[16],"product_tag":[257,129],"class_list":{"0":"post-525","1":"product","2":"type-product","3":"status-publish","4":"has-post-thumbnail","6":"product_brand-nutrition-research","7":"product_cat-proteinas","8":"product_tag-nutrition-research","9":"product_tag-whey-protein","11":"first","12":"instock","13":"sale","14":"shipping-taxable","15":"purchasable","16":"product-type-variable"},"yoast_head":"<!-- This site is optimized with the Yoast SEO plugin v27.5 - https:\/\/yoast.com\/product\/yoast-seo-wordpress\/ -->\n<title>Prote\u00edna Arla | Whey Protein | Masa Muscular | DeMusculos.com<\/title>\n<meta name=\"description\" content=\"Materia prima de excelente calidad. Prote\u00edna Arla. Prote\u00ednas Whey fraccionadas para recuperaci\u00f3n, rendimiento y aumento de masa muscular. Hombres y mujeres.\" \/>\n<meta name=\"robots\" content=\"index, follow, max-snippet:-1, max-image-preview:large, max-video-preview:-1\" \/>\n<link rel=\"canonical\" href=\"https:\/\/www.demusculos.com\/web\/producto\/proteina-fraccionada-whey-protein-1-kg-materia-prima-arla\/\" \/>\n<meta property=\"og:locale\" content=\"es_ES\" \/>\n<meta property=\"og:type\" content=\"article\" \/>\n<meta property=\"og:title\" content=\"Prote\u00edna Arla | Whey Protein | Masa Muscular | DeMusculos.com\" \/>\n<meta property=\"og:description\" content=\"Materia prima de excelente calidad. Prote\u00edna Arla. Prote\u00ednas Whey fraccionadas para recuperaci\u00f3n, rendimiento y aumento de masa muscular. Hombres y mujeres.\" \/>\n<meta property=\"og:url\" content=\"https:\/\/www.demusculos.com\/web\/producto\/proteina-fraccionada-whey-protein-1-kg-materia-prima-arla\/\" \/>\n<meta property=\"og:site_name\" content=\"DeMusculos\" \/>\n<meta property=\"article:publisher\" content=\"https:\/\/www.facebook.com\/demusculos\" \/>\n<meta property=\"article:modified_time\" content=\"2026-04-24T03:26:37+00:00\" \/>\n<meta property=\"og:image\" content=\"https:\/\/www.demusculos.com\/web\/wp-content\/uploads\/2024\/02\/nutrition-research-whey-pro-vainilla-01.webp\" \/>\n\t<meta property=\"og:image:width\" content=\"1080\" \/>\n\t<meta property=\"og:image:height\" content=\"1080\" \/>\n\t<meta property=\"og:image:type\" content=\"image\/webp\" \/>\n<meta name=\"twitter:card\" content=\"summary_large_image\" \/>\n<meta name=\"twitter:site\" content=\"@demusculos\" \/>\n<meta name=\"twitter:label1\" content=\"Tiempo de lectura\" \/>\n\t<meta name=\"twitter:data1\" content=\"4 minutos\" \/>\n<script type=\"application\/ld+json\" class=\"yoast-schema-graph\">{\"@context\":\"https:\\\/\\\/schema.org\",\"@graph\":[{\"@type\":\"WebPage\",\"@id\":\"https:\\\/\\\/www.demusculos.com\\\/web\\\/producto\\\/proteina-fraccionada-whey-protein-1-kg-materia-prima-arla\\\/\",\"url\":\"https:\\\/\\\/www.demusculos.com\\\/web\\\/producto\\\/proteina-fraccionada-whey-protein-1-kg-materia-prima-arla\\\/\",\"name\":\"Prote\u00edna Arla | Whey Protein | Masa Muscular | DeMusculos.com\",\"isPartOf\":{\"@id\":\"https:\\\/\\\/www.demusculos.com\\\/web\\\/#website\"},\"primaryImageOfPage\":{\"@id\":\"https:\\\/\\\/www.demusculos.com\\\/web\\\/producto\\\/proteina-fraccionada-whey-protein-1-kg-materia-prima-arla\\\/#primaryimage\"},\"image\":{\"@id\":\"https:\\\/\\\/www.demusculos.com\\\/web\\\/producto\\\/proteina-fraccionada-whey-protein-1-kg-materia-prima-arla\\\/#primaryimage\"},\"thumbnailUrl\":\"https:\\\/\\\/www.demusculos.com\\\/web\\\/wp-content\\\/uploads\\\/2024\\\/02\\\/nutrition-research-whey-pro-vainilla-01.webp\",\"datePublished\":\"2024-02-23T18:44:17+00:00\",\"dateModified\":\"2026-04-24T03:26:37+00:00\",\"description\":\"Materia prima de excelente calidad. Prote\u00edna Arla. Prote\u00ednas Whey fraccionadas para recuperaci\u00f3n, rendimiento y aumento de masa muscular. Hombres y mujeres.\",\"breadcrumb\":{\"@id\":\"https:\\\/\\\/www.demusculos.com\\\/web\\\/producto\\\/proteina-fraccionada-whey-protein-1-kg-materia-prima-arla\\\/#breadcrumb\"},\"inLanguage\":\"es\",\"potentialAction\":[{\"@type\":\"ReadAction\",\"target\":[\"https:\\\/\\\/www.demusculos.com\\\/web\\\/producto\\\/proteina-fraccionada-whey-protein-1-kg-materia-prima-arla\\\/\"]}]},{\"@type\":\"ImageObject\",\"inLanguage\":\"es\",\"@id\":\"https:\\\/\\\/www.demusculos.com\\\/web\\\/producto\\\/proteina-fraccionada-whey-protein-1-kg-materia-prima-arla\\\/#primaryimage\",\"url\":\"https:\\\/\\\/www.demusculos.com\\\/web\\\/wp-content\\\/uploads\\\/2024\\\/02\\\/nutrition-research-whey-pro-vainilla-01.webp\",\"contentUrl\":\"https:\\\/\\\/www.demusculos.com\\\/web\\\/wp-content\\\/uploads\\\/2024\\\/02\\\/nutrition-research-whey-pro-vainilla-01.webp\",\"width\":1080,\"height\":1080,\"caption\":\"Whey Pro 1 kg de Nutrition Research\"},{\"@type\":\"BreadcrumbList\",\"@id\":\"https:\\\/\\\/www.demusculos.com\\\/web\\\/producto\\\/proteina-fraccionada-whey-protein-1-kg-materia-prima-arla\\\/#breadcrumb\",\"itemListElement\":[{\"@type\":\"ListItem\",\"position\":1,\"name\":\"Inicio\",\"item\":\"https:\\\/\\\/www.demusculos.com\\\/web\\\/\"},{\"@type\":\"ListItem\",\"position\":2,\"name\":\"Suplementos\",\"item\":\"https:\\\/\\\/www.demusculos.com\\\/web\\\/tienda\\\/\"},{\"@type\":\"ListItem\",\"position\":3,\"name\":\"Prote\u00edna Fraccionada Whey Protein 1 kg &#8211; Materia prima Arla\"}]},{\"@type\":\"WebSite\",\"@id\":\"https:\\\/\\\/www.demusculos.com\\\/web\\\/#website\",\"url\":\"https:\\\/\\\/www.demusculos.com\\\/web\\\/\",\"name\":\"DeMusculos.com\",\"description\":\"Suplementos Naturales\",\"publisher\":{\"@id\":\"https:\\\/\\\/www.demusculos.com\\\/web\\\/#organization\"},\"alternateName\":\"Suplementos Naturales\",\"potentialAction\":[{\"@type\":\"SearchAction\",\"target\":{\"@type\":\"EntryPoint\",\"urlTemplate\":\"https:\\\/\\\/www.demusculos.com\\\/web\\\/?s={search_term_string}\"},\"query-input\":{\"@type\":\"PropertyValueSpecification\",\"valueRequired\":true,\"valueName\":\"search_term_string\"}}],\"inLanguage\":\"es\"},{\"@type\":\"Organization\",\"@id\":\"https:\\\/\\\/www.demusculos.com\\\/web\\\/#organization\",\"name\":\"DeMusculos.com\",\"alternateName\":\"DeMusculos\",\"url\":\"https:\\\/\\\/www.demusculos.com\\\/web\\\/\",\"logo\":{\"@type\":\"ImageObject\",\"inLanguage\":\"es\",\"@id\":\"https:\\\/\\\/www.demusculos.com\\\/web\\\/#\\\/schema\\\/logo\\\/image\\\/\",\"url\":\"https:\\\/\\\/www.demusculos.com\\\/web\\\/wp-content\\\/uploads\\\/2024\\\/02\\\/logo-demusculos-prestashop-usuario.png\",\"contentUrl\":\"https:\\\/\\\/www.demusculos.com\\\/web\\\/wp-content\\\/uploads\\\/2024\\\/02\\\/logo-demusculos-prestashop-usuario.png\",\"width\":150,\"height\":150,\"caption\":\"DeMusculos.com\"},\"image\":{\"@id\":\"https:\\\/\\\/www.demusculos.com\\\/web\\\/#\\\/schema\\\/logo\\\/image\\\/\"},\"sameAs\":[\"https:\\\/\\\/www.facebook.com\\\/demusculos\",\"https:\\\/\\\/x.com\\\/demusculos\",\"https:\\\/\\\/www.instagram.com\\\/demusculos\",\"https:\\\/\\\/www.tiktok.com\\\/@demusculos.com\"]}]}<\/script>\n<!-- \/ Yoast SEO plugin. -->","yoast_head_json":{"title":"Prote\u00edna Arla | Whey Protein | Masa Muscular | DeMusculos.com","description":"Materia prima de excelente calidad. Prote\u00edna Arla. Prote\u00ednas Whey fraccionadas para recuperaci\u00f3n, rendimiento y aumento de masa muscular. Hombres y mujeres.","robots":{"index":"index","follow":"follow","max-snippet":"max-snippet:-1","max-image-preview":"max-image-preview:large","max-video-preview":"max-video-preview:-1"},"canonical":"https:\/\/www.demusculos.com\/web\/producto\/proteina-fraccionada-whey-protein-1-kg-materia-prima-arla\/","og_locale":"es_ES","og_type":"article","og_title":"Prote\u00edna Arla | Whey Protein | Masa Muscular | DeMusculos.com","og_description":"Materia prima de excelente calidad. Prote\u00edna Arla. Prote\u00ednas Whey fraccionadas para recuperaci\u00f3n, rendimiento y aumento de masa muscular. Hombres y mujeres.","og_url":"https:\/\/www.demusculos.com\/web\/producto\/proteina-fraccionada-whey-protein-1-kg-materia-prima-arla\/","og_site_name":"DeMusculos","article_publisher":"https:\/\/www.facebook.com\/demusculos","article_modified_time":"2026-04-24T03:26:37+00:00","og_image":[{"width":1080,"height":1080,"url":"https:\/\/www.demusculos.com\/web\/wp-content\/uploads\/2024\/02\/nutrition-research-whey-pro-vainilla-01.webp","type":"image\/webp"}],"twitter_card":"summary_large_image","twitter_site":"@demusculos","twitter_misc":{"Tiempo de lectura":"4 minutos"},"schema":{"@context":"https:\/\/schema.org","@graph":[{"@type":"WebPage","@id":"https:\/\/www.demusculos.com\/web\/producto\/proteina-fraccionada-whey-protein-1-kg-materia-prima-arla\/","url":"https:\/\/www.demusculos.com\/web\/producto\/proteina-fraccionada-whey-protein-1-kg-materia-prima-arla\/","name":"Prote\u00edna Arla | Whey Protein | Masa Muscular | DeMusculos.com","isPartOf":{"@id":"https:\/\/www.demusculos.com\/web\/#website"},"primaryImageOfPage":{"@id":"https:\/\/www.demusculos.com\/web\/producto\/proteina-fraccionada-whey-protein-1-kg-materia-prima-arla\/#primaryimage"},"image":{"@id":"https:\/\/www.demusculos.com\/web\/producto\/proteina-fraccionada-whey-protein-1-kg-materia-prima-arla\/#primaryimage"},"thumbnailUrl":"https:\/\/www.demusculos.com\/web\/wp-content\/uploads\/2024\/02\/nutrition-research-whey-pro-vainilla-01.webp","datePublished":"2024-02-23T18:44:17+00:00","dateModified":"2026-04-24T03:26:37+00:00","description":"Materia prima de excelente calidad. Prote\u00edna Arla. Prote\u00ednas Whey fraccionadas para recuperaci\u00f3n, rendimiento y aumento de masa muscular. Hombres y mujeres.","breadcrumb":{"@id":"https:\/\/www.demusculos.com\/web\/producto\/proteina-fraccionada-whey-protein-1-kg-materia-prima-arla\/#breadcrumb"},"inLanguage":"es","potentialAction":[{"@type":"ReadAction","target":["https:\/\/www.demusculos.com\/web\/producto\/proteina-fraccionada-whey-protein-1-kg-materia-prima-arla\/"]}]},{"@type":"ImageObject","inLanguage":"es","@id":"https:\/\/www.demusculos.com\/web\/producto\/proteina-fraccionada-whey-protein-1-kg-materia-prima-arla\/#primaryimage","url":"https:\/\/www.demusculos.com\/web\/wp-content\/uploads\/2024\/02\/nutrition-research-whey-pro-vainilla-01.webp","contentUrl":"https:\/\/www.demusculos.com\/web\/wp-content\/uploads\/2024\/02\/nutrition-research-whey-pro-vainilla-01.webp","width":1080,"height":1080,"caption":"Whey Pro 1 kg de Nutrition Research"},{"@type":"BreadcrumbList","@id":"https:\/\/www.demusculos.com\/web\/producto\/proteina-fraccionada-whey-protein-1-kg-materia-prima-arla\/#breadcrumb","itemListElement":[{"@type":"ListItem","position":1,"name":"Inicio","item":"https:\/\/www.demusculos.com\/web\/"},{"@type":"ListItem","position":2,"name":"Suplementos","item":"https:\/\/www.demusculos.com\/web\/tienda\/"},{"@type":"ListItem","position":3,"name":"Prote\u00edna Fraccionada Whey Protein 1 kg &#8211; Materia prima Arla"}]},{"@type":"WebSite","@id":"https:\/\/www.demusculos.com\/web\/#website","url":"https:\/\/www.demusculos.com\/web\/","name":"DeMusculos.com","description":"Suplementos Naturales","publisher":{"@id":"https:\/\/www.demusculos.com\/web\/#organization"},"alternateName":"Suplementos Naturales","potentialAction":[{"@type":"SearchAction","target":{"@type":"EntryPoint","urlTemplate":"https:\/\/www.demusculos.com\/web\/?s={search_term_string}"},"query-input":{"@type":"PropertyValueSpecification","valueRequired":true,"valueName":"search_term_string"}}],"inLanguage":"es"},{"@type":"Organization","@id":"https:\/\/www.demusculos.com\/web\/#organization","name":"DeMusculos.com","alternateName":"DeMusculos","url":"https:\/\/www.demusculos.com\/web\/","logo":{"@type":"ImageObject","inLanguage":"es","@id":"https:\/\/www.demusculos.com\/web\/#\/schema\/logo\/image\/","url":"https:\/\/www.demusculos.com\/web\/wp-content\/uploads\/2024\/02\/logo-demusculos-prestashop-usuario.png","contentUrl":"https:\/\/www.demusculos.com\/web\/wp-content\/uploads\/2024\/02\/logo-demusculos-prestashop-usuario.png","width":150,"height":150,"caption":"DeMusculos.com"},"image":{"@id":"https:\/\/www.demusculos.com\/web\/#\/schema\/logo\/image\/"},"sameAs":["https:\/\/www.facebook.com\/demusculos","https:\/\/x.com\/demusculos","https:\/\/www.instagram.com\/demusculos","https:\/\/www.tiktok.com\/@demusculos.com"]}]}},"_links":{"self":[{"href":"https:\/\/www.demusculos.com\/web\/wp-json\/wp\/v2\/product\/525","targetHints":{"allow":["GET"]}}],"collection":[{"href":"https:\/\/www.demusculos.com\/web\/wp-json\/wp\/v2\/product"}],"about":[{"href":"https:\/\/www.demusculos.com\/web\/wp-json\/wp\/v2\/types\/product"}],"replies":[{"embeddable":true,"href":"https:\/\/www.demusculos.com\/web\/wp-json\/wp\/v2\/comments?post=525"}],"wp:featuredmedia":[{"embeddable":true,"href":"https:\/\/www.demusculos.com\/web\/wp-json\/wp\/v2\/media\/12300"}],"wp:attachment":[{"href":"https:\/\/www.demusculos.com\/web\/wp-json\/wp\/v2\/media?parent=525"}],"wp:term":[{"taxonomy":"product_brand","embeddable":true,"href":"https:\/\/www.demusculos.com\/web\/wp-json\/wp\/v2\/product_brand?post=525"},{"taxonomy":"product_cat","embeddable":true,"href":"https:\/\/www.demusculos.com\/web\/wp-json\/wp\/v2\/product_cat?post=525"},{"taxonomy":"product_tag","embeddable":true,"href":"https:\/\/www.demusculos.com\/web\/wp-json\/wp\/v2\/product_tag?post=525"}],"curies":[{"name":"wp","href":"https:\/\/api.w.org\/{rel}","templated":true}]}}