{"id":5415,"date":"2024-06-06T09:40:24","date_gmt":"2024-06-06T12:40:24","guid":{"rendered":"https:\/\/www.demusculos.com\/web\/?post_type=product&#038;p=5415"},"modified":"2026-04-07T07:27:29","modified_gmt":"2026-04-07T10:27:29","slug":"vitrix-de-nutrex","status":"publish","type":"product","link":"https:\/\/www.demusculos.com\/web\/producto\/vitrix-de-nutrex\/","title":{"rendered":"Vitrix de Nutrex"},"content":{"rendered":"<h2>Vitrix<\/h2>\n<p>Con Vitrix puedes llevar tu entrenamiento a otro nivel. Formula simil ZMA. Aprobada.<\/p>\n<p>Aumento de testosterona.<br \/>\nMasa muscular magra, libre de grasas.<br \/>\nImportado de USA.<br \/>\nIncluimos indicaciones en espa\u00f1ol.<\/p>\n<figure id=\"attachment_2198\" aria-describedby=\"caption-attachment-2198\" style=\"width: 446px\" class=\"wp-caption alignnone\"><img decoding=\"async\" class=\"size-full wp-image-2198\" src=\"https:\/\/www.demusculos.com\/web\/wp-content\/uploads\/2024\/03\/logo-nutrex.png\" alt=\"Suplementos Naturales Nutrex\" width=\"446\" height=\"103\" srcset=\"https:\/\/www.demusculos.com\/web\/wp-content\/uploads\/2024\/03\/logo-nutrex.png 446w, https:\/\/www.demusculos.com\/web\/wp-content\/uploads\/2024\/03\/logo-nutrex-300x69.png 300w, https:\/\/www.demusculos.com\/web\/wp-content\/uploads\/2024\/03\/logo-nutrex-150x35.png 150w, https:\/\/www.demusculos.com\/web\/wp-content\/uploads\/2024\/03\/logo-nutrex-416x96.png 416w\" sizes=\"(max-width: 446px) 100vw, 446px\" \/><figcaption id=\"caption-attachment-2198\" class=\"wp-caption-text\">Suplementos Naturales Nutrex<\/figcaption><\/figure>\n<figure id=\"attachment_124\" aria-describedby=\"caption-attachment-124\" style=\"width: 300px\" class=\"wp-caption alignnone\"><img fetchpriority=\"high\" decoding=\"async\" class=\"size-full wp-image-124\" src=\"https:\/\/www.demusculos.com\/web\/wp-content\/uploads\/2024\/02\/masa-muscular.png\" alt=\"Este suplemento natural es ideal para aumentar la masa muscular, incrementar la recuperaci\u00f3n muscular en hombres y mujeres.\" width=\"300\" height=\"300\" srcset=\"https:\/\/www.demusculos.com\/web\/wp-content\/uploads\/2024\/02\/masa-muscular.png 300w, https:\/\/www.demusculos.com\/web\/wp-content\/uploads\/2024\/02\/masa-muscular-150x150.png 150w\" sizes=\"(max-width: 300px) 100vw, 300px\" \/><figcaption id=\"caption-attachment-124\" class=\"wp-caption-text\">Es ideal para recuperaci\u00f3n muscular. A mayor recuperaci\u00f3n m\u00e1s aumento de masa muscular y rendimiento. Tambi\u00e9n lograremos m\u00e1s tono muscular. Las prote\u00ednas nos dan saciedad y son ideales para las dietas.<\/figcaption><\/figure>\n<p>&nbsp;<\/p>\n<p>La\u00a0<strong>testosterona<\/strong>\u00a0desempe\u00f1a un papel crucial en el desarrollo sexual, la producci\u00f3n de esperma, la densidad \u00f3sea y muscular, as\u00ed como en la salud mental y emocional.\u00a0Es importante mantener niveles adecuados de testosterona para prevenir problemas como la disfunci\u00f3n er\u00e9ctil, la disminuci\u00f3n de la libido y la osteoporosis. Adem\u00e1s de su relevancia en el \u00e1mbito sexual, la testosterona tambi\u00e9n contribuye a otras funciones vitales en el organismo masculino:<\/p>\n<ol>\n<li><strong>Desarrollo de \u00f3rganos sexuales masculinos durante la pubertad<\/strong>: La testosterona estimula el desarrollo de los \u00f3rganos sexuales masculinos.<\/li>\n<li><strong>Caracter\u00edsticas masculinas<\/strong>: Contribuye al desarrollo de caracter\u00edsticas masculinas como la voz grave, la barba y el formato corporal propio de los hombres.<\/li>\n<li><strong>Espesura de la piel y secreci\u00f3n de gl\u00e1ndulas<\/strong>: Estimula el aumento de la espesura de la piel y la secreci\u00f3n de las gl\u00e1ndulas, lo que puede causar acn\u00e9.<\/li>\n<li><strong>Desarrollo muscular<\/strong>: La testosterona favorece el desarrollo muscular, resultando en una mayor masa muscular en los hombres en comparaci\u00f3n con las mujeres.<\/li>\n<li><strong>Fortalecimiento de huesos<\/strong>: Regula el desarrollo de los huesos, aumentando su masa y fuerza.<\/li>\n<li><strong>Metabolismo y energ\u00eda<\/strong>: Controla el metabolismo del cuerpo, la actividad celular y el gasto de energ\u00eda.<\/li>\n<li><strong>Producci\u00f3n de espermatozoides<\/strong>: Estimula la producci\u00f3n de espermatozoides en los hombres, especialmente durante la pubertad.<\/li>\n<\/ol>\n<figure id=\"attachment_148\" aria-describedby=\"caption-attachment-148\" style=\"width: 300px\" class=\"wp-caption alignnone\"><img decoding=\"async\" class=\"size-full wp-image-148\" src=\"https:\/\/www.demusculos.com\/web\/wp-content\/uploads\/2024\/02\/testosterona.png\" alt=\"Este producto puede aumentar los niveles de testosterona en el hombre. Tambi\u00e9n aumenta la energ\u00eda y masa muscular magra.\" width=\"300\" height=\"300\" srcset=\"https:\/\/www.demusculos.com\/web\/wp-content\/uploads\/2024\/02\/testosterona.png 300w, https:\/\/www.demusculos.com\/web\/wp-content\/uploads\/2024\/02\/testosterona-150x150.png 150w\" sizes=\"(max-width: 300px) 100vw, 300px\" \/><figcaption id=\"caption-attachment-148\" class=\"wp-caption-text\">Este producto, en hombres, potencia la producci\u00f3n de testosterona.<\/figcaption><\/figure>\n","protected":false},"excerpt":{"rendered":"<p>Mejora la resistencia, fuerza y masa muscular. Eleva los niveles de testosterona en forma 100% natural. Vitrix de Nutrex.<\/p>\n","protected":false},"featured_media":5416,"comment_status":"closed","ping_status":"closed","template":"","meta":[],"product_brand":[245],"product_cat":[42],"product_tag":[142,104],"class_list":{"0":"post-5415","1":"product","2":"type-product","3":"status-publish","4":"has-post-thumbnail","6":"product_brand-nutrex","7":"product_cat-hormonales-y-testo","8":"product_tag-nutrex","9":"product_tag-testosterona","11":"first","12":"instock","13":"sale","14":"shipping-taxable","15":"purchasable","16":"product-type-simple"},"yoast_head":"<!-- This site is optimized with the Yoast SEO plugin v27.4 - https:\/\/yoast.com\/product\/yoast-seo-wordpress\/ -->\n<title>Vitrix | Testosterona y Masa Muscular | DeMusculos.com<\/title>\n<meta name=\"description\" content=\"Vitrix de Nutrex es un suplemento 100% natural que mejora los niveles de testosterona en hombres. Aumenta la fuerza y ayuda a maximizar resultados.\" \/>\n<meta name=\"robots\" content=\"index, follow, max-snippet:-1, max-image-preview:large, max-video-preview:-1\" \/>\n<link rel=\"canonical\" href=\"https:\/\/www.demusculos.com\/web\/producto\/vitrix-de-nutrex\/\" \/>\n<meta property=\"og:locale\" content=\"es_ES\" \/>\n<meta property=\"og:type\" content=\"article\" \/>\n<meta property=\"og:title\" content=\"Vitrix | Testosterona y Masa Muscular | DeMusculos.com\" \/>\n<meta property=\"og:description\" content=\"Vitrix de Nutrex es un suplemento 100% natural que mejora los niveles de testosterona en hombres. Aumenta la fuerza y ayuda a maximizar resultados.\" \/>\n<meta property=\"og:url\" content=\"https:\/\/www.demusculos.com\/web\/producto\/vitrix-de-nutrex\/\" \/>\n<meta property=\"og:site_name\" content=\"DeMusculos\" \/>\n<meta property=\"article:publisher\" content=\"https:\/\/www.facebook.com\/demusculos\" \/>\n<meta property=\"article:modified_time\" content=\"2026-04-07T10:27:29+00:00\" \/>\n<meta property=\"og:image\" content=\"https:\/\/www.demusculos.com\/web\/wp-content\/uploads\/2024\/06\/vitrix-nutrex.jpg\" \/>\n\t<meta property=\"og:image:width\" content=\"800\" \/>\n\t<meta property=\"og:image:height\" content=\"800\" \/>\n\t<meta property=\"og:image:type\" content=\"image\/jpeg\" \/>\n<meta name=\"twitter:card\" content=\"summary_large_image\" \/>\n<meta name=\"twitter:site\" content=\"@demusculos\" \/>\n<meta name=\"twitter:label1\" content=\"Tiempo de lectura\" \/>\n\t<meta name=\"twitter:data1\" content=\"3 minutos\" \/>\n<script type=\"application\/ld+json\" class=\"yoast-schema-graph\">{\"@context\":\"https:\\\/\\\/schema.org\",\"@graph\":[{\"@type\":\"WebPage\",\"@id\":\"https:\\\/\\\/www.demusculos.com\\\/web\\\/producto\\\/vitrix-de-nutrex\\\/\",\"url\":\"https:\\\/\\\/www.demusculos.com\\\/web\\\/producto\\\/vitrix-de-nutrex\\\/\",\"name\":\"Vitrix | Testosterona y Masa Muscular | DeMusculos.com\",\"isPartOf\":{\"@id\":\"https:\\\/\\\/www.demusculos.com\\\/web\\\/#website\"},\"primaryImageOfPage\":{\"@id\":\"https:\\\/\\\/www.demusculos.com\\\/web\\\/producto\\\/vitrix-de-nutrex\\\/#primaryimage\"},\"image\":{\"@id\":\"https:\\\/\\\/www.demusculos.com\\\/web\\\/producto\\\/vitrix-de-nutrex\\\/#primaryimage\"},\"thumbnailUrl\":\"https:\\\/\\\/www.demusculos.com\\\/web\\\/wp-content\\\/uploads\\\/2024\\\/06\\\/vitrix-nutrex.jpg\",\"datePublished\":\"2024-06-06T12:40:24+00:00\",\"dateModified\":\"2026-04-07T10:27:29+00:00\",\"description\":\"Vitrix de Nutrex es un suplemento 100% natural que mejora los niveles de testosterona en hombres. Aumenta la fuerza y ayuda a maximizar resultados.\",\"breadcrumb\":{\"@id\":\"https:\\\/\\\/www.demusculos.com\\\/web\\\/producto\\\/vitrix-de-nutrex\\\/#breadcrumb\"},\"inLanguage\":\"es\",\"potentialAction\":[{\"@type\":\"ReadAction\",\"target\":[\"https:\\\/\\\/www.demusculos.com\\\/web\\\/producto\\\/vitrix-de-nutrex\\\/\"]}]},{\"@type\":\"ImageObject\",\"inLanguage\":\"es\",\"@id\":\"https:\\\/\\\/www.demusculos.com\\\/web\\\/producto\\\/vitrix-de-nutrex\\\/#primaryimage\",\"url\":\"https:\\\/\\\/www.demusculos.com\\\/web\\\/wp-content\\\/uploads\\\/2024\\\/06\\\/vitrix-nutrex.jpg\",\"contentUrl\":\"https:\\\/\\\/www.demusculos.com\\\/web\\\/wp-content\\\/uploads\\\/2024\\\/06\\\/vitrix-nutrex.jpg\",\"width\":800,\"height\":800},{\"@type\":\"BreadcrumbList\",\"@id\":\"https:\\\/\\\/www.demusculos.com\\\/web\\\/producto\\\/vitrix-de-nutrex\\\/#breadcrumb\",\"itemListElement\":[{\"@type\":\"ListItem\",\"position\":1,\"name\":\"Inicio\",\"item\":\"https:\\\/\\\/www.demusculos.com\\\/web\\\/\"},{\"@type\":\"ListItem\",\"position\":2,\"name\":\"Suplementos\",\"item\":\"https:\\\/\\\/www.demusculos.com\\\/web\\\/tienda\\\/\"},{\"@type\":\"ListItem\",\"position\":3,\"name\":\"Vitrix de Nutrex\"}]},{\"@type\":\"WebSite\",\"@id\":\"https:\\\/\\\/www.demusculos.com\\\/web\\\/#website\",\"url\":\"https:\\\/\\\/www.demusculos.com\\\/web\\\/\",\"name\":\"DeMusculos.com\",\"description\":\"Suplementos Naturales\",\"publisher\":{\"@id\":\"https:\\\/\\\/www.demusculos.com\\\/web\\\/#organization\"},\"alternateName\":\"Suplementos Naturales\",\"potentialAction\":[{\"@type\":\"SearchAction\",\"target\":{\"@type\":\"EntryPoint\",\"urlTemplate\":\"https:\\\/\\\/www.demusculos.com\\\/web\\\/?s={search_term_string}\"},\"query-input\":{\"@type\":\"PropertyValueSpecification\",\"valueRequired\":true,\"valueName\":\"search_term_string\"}}],\"inLanguage\":\"es\"},{\"@type\":\"Organization\",\"@id\":\"https:\\\/\\\/www.demusculos.com\\\/web\\\/#organization\",\"name\":\"DeMusculos.com\",\"alternateName\":\"DeMusculos\",\"url\":\"https:\\\/\\\/www.demusculos.com\\\/web\\\/\",\"logo\":{\"@type\":\"ImageObject\",\"inLanguage\":\"es\",\"@id\":\"https:\\\/\\\/www.demusculos.com\\\/web\\\/#\\\/schema\\\/logo\\\/image\\\/\",\"url\":\"https:\\\/\\\/www.demusculos.com\\\/web\\\/wp-content\\\/uploads\\\/2024\\\/02\\\/logo-demusculos-prestashop-usuario.png\",\"contentUrl\":\"https:\\\/\\\/www.demusculos.com\\\/web\\\/wp-content\\\/uploads\\\/2024\\\/02\\\/logo-demusculos-prestashop-usuario.png\",\"width\":150,\"height\":150,\"caption\":\"DeMusculos.com\"},\"image\":{\"@id\":\"https:\\\/\\\/www.demusculos.com\\\/web\\\/#\\\/schema\\\/logo\\\/image\\\/\"},\"sameAs\":[\"https:\\\/\\\/www.facebook.com\\\/demusculos\",\"https:\\\/\\\/x.com\\\/demusculos\",\"https:\\\/\\\/www.instagram.com\\\/demusculos\",\"https:\\\/\\\/www.tiktok.com\\\/@demusculos.com\"]}]}<\/script>\n<!-- \/ Yoast SEO plugin. -->","yoast_head_json":{"title":"Vitrix | Testosterona y Masa Muscular | DeMusculos.com","description":"Vitrix de Nutrex es un suplemento 100% natural que mejora los niveles de testosterona en hombres. Aumenta la fuerza y ayuda a maximizar resultados.","robots":{"index":"index","follow":"follow","max-snippet":"max-snippet:-1","max-image-preview":"max-image-preview:large","max-video-preview":"max-video-preview:-1"},"canonical":"https:\/\/www.demusculos.com\/web\/producto\/vitrix-de-nutrex\/","og_locale":"es_ES","og_type":"article","og_title":"Vitrix | Testosterona y Masa Muscular | DeMusculos.com","og_description":"Vitrix de Nutrex es un suplemento 100% natural que mejora los niveles de testosterona en hombres. Aumenta la fuerza y ayuda a maximizar resultados.","og_url":"https:\/\/www.demusculos.com\/web\/producto\/vitrix-de-nutrex\/","og_site_name":"DeMusculos","article_publisher":"https:\/\/www.facebook.com\/demusculos","article_modified_time":"2026-04-07T10:27:29+00:00","og_image":[{"width":800,"height":800,"url":"https:\/\/www.demusculos.com\/web\/wp-content\/uploads\/2024\/06\/vitrix-nutrex.jpg","type":"image\/jpeg"}],"twitter_card":"summary_large_image","twitter_site":"@demusculos","twitter_misc":{"Tiempo de lectura":"3 minutos"},"schema":{"@context":"https:\/\/schema.org","@graph":[{"@type":"WebPage","@id":"https:\/\/www.demusculos.com\/web\/producto\/vitrix-de-nutrex\/","url":"https:\/\/www.demusculos.com\/web\/producto\/vitrix-de-nutrex\/","name":"Vitrix | Testosterona y Masa Muscular | DeMusculos.com","isPartOf":{"@id":"https:\/\/www.demusculos.com\/web\/#website"},"primaryImageOfPage":{"@id":"https:\/\/www.demusculos.com\/web\/producto\/vitrix-de-nutrex\/#primaryimage"},"image":{"@id":"https:\/\/www.demusculos.com\/web\/producto\/vitrix-de-nutrex\/#primaryimage"},"thumbnailUrl":"https:\/\/www.demusculos.com\/web\/wp-content\/uploads\/2024\/06\/vitrix-nutrex.jpg","datePublished":"2024-06-06T12:40:24+00:00","dateModified":"2026-04-07T10:27:29+00:00","description":"Vitrix de Nutrex es un suplemento 100% natural que mejora los niveles de testosterona en hombres. Aumenta la fuerza y ayuda a maximizar resultados.","breadcrumb":{"@id":"https:\/\/www.demusculos.com\/web\/producto\/vitrix-de-nutrex\/#breadcrumb"},"inLanguage":"es","potentialAction":[{"@type":"ReadAction","target":["https:\/\/www.demusculos.com\/web\/producto\/vitrix-de-nutrex\/"]}]},{"@type":"ImageObject","inLanguage":"es","@id":"https:\/\/www.demusculos.com\/web\/producto\/vitrix-de-nutrex\/#primaryimage","url":"https:\/\/www.demusculos.com\/web\/wp-content\/uploads\/2024\/06\/vitrix-nutrex.jpg","contentUrl":"https:\/\/www.demusculos.com\/web\/wp-content\/uploads\/2024\/06\/vitrix-nutrex.jpg","width":800,"height":800},{"@type":"BreadcrumbList","@id":"https:\/\/www.demusculos.com\/web\/producto\/vitrix-de-nutrex\/#breadcrumb","itemListElement":[{"@type":"ListItem","position":1,"name":"Inicio","item":"https:\/\/www.demusculos.com\/web\/"},{"@type":"ListItem","position":2,"name":"Suplementos","item":"https:\/\/www.demusculos.com\/web\/tienda\/"},{"@type":"ListItem","position":3,"name":"Vitrix de Nutrex"}]},{"@type":"WebSite","@id":"https:\/\/www.demusculos.com\/web\/#website","url":"https:\/\/www.demusculos.com\/web\/","name":"DeMusculos.com","description":"Suplementos Naturales","publisher":{"@id":"https:\/\/www.demusculos.com\/web\/#organization"},"alternateName":"Suplementos Naturales","potentialAction":[{"@type":"SearchAction","target":{"@type":"EntryPoint","urlTemplate":"https:\/\/www.demusculos.com\/web\/?s={search_term_string}"},"query-input":{"@type":"PropertyValueSpecification","valueRequired":true,"valueName":"search_term_string"}}],"inLanguage":"es"},{"@type":"Organization","@id":"https:\/\/www.demusculos.com\/web\/#organization","name":"DeMusculos.com","alternateName":"DeMusculos","url":"https:\/\/www.demusculos.com\/web\/","logo":{"@type":"ImageObject","inLanguage":"es","@id":"https:\/\/www.demusculos.com\/web\/#\/schema\/logo\/image\/","url":"https:\/\/www.demusculos.com\/web\/wp-content\/uploads\/2024\/02\/logo-demusculos-prestashop-usuario.png","contentUrl":"https:\/\/www.demusculos.com\/web\/wp-content\/uploads\/2024\/02\/logo-demusculos-prestashop-usuario.png","width":150,"height":150,"caption":"DeMusculos.com"},"image":{"@id":"https:\/\/www.demusculos.com\/web\/#\/schema\/logo\/image\/"},"sameAs":["https:\/\/www.facebook.com\/demusculos","https:\/\/x.com\/demusculos","https:\/\/www.instagram.com\/demusculos","https:\/\/www.tiktok.com\/@demusculos.com"]}]}},"_links":{"self":[{"href":"https:\/\/www.demusculos.com\/web\/wp-json\/wp\/v2\/product\/5415","targetHints":{"allow":["GET"]}}],"collection":[{"href":"https:\/\/www.demusculos.com\/web\/wp-json\/wp\/v2\/product"}],"about":[{"href":"https:\/\/www.demusculos.com\/web\/wp-json\/wp\/v2\/types\/product"}],"replies":[{"embeddable":true,"href":"https:\/\/www.demusculos.com\/web\/wp-json\/wp\/v2\/comments?post=5415"}],"wp:featuredmedia":[{"embeddable":true,"href":"https:\/\/www.demusculos.com\/web\/wp-json\/wp\/v2\/media\/5416"}],"wp:attachment":[{"href":"https:\/\/www.demusculos.com\/web\/wp-json\/wp\/v2\/media?parent=5415"}],"wp:term":[{"taxonomy":"product_brand","embeddable":true,"href":"https:\/\/www.demusculos.com\/web\/wp-json\/wp\/v2\/product_brand?post=5415"},{"taxonomy":"product_cat","embeddable":true,"href":"https:\/\/www.demusculos.com\/web\/wp-json\/wp\/v2\/product_cat?post=5415"},{"taxonomy":"product_tag","embeddable":true,"href":"https:\/\/www.demusculos.com\/web\/wp-json\/wp\/v2\/product_tag?post=5415"}],"curies":[{"name":"wp","href":"https:\/\/api.w.org\/{rel}","templated":true}]}}