{"id":5420,"date":"2024-06-06T09:49:42","date_gmt":"2024-06-06T12:49:42","guid":{"rendered":"https:\/\/www.demusculos.com\/web\/?post_type=product&#038;p=5420"},"modified":"2026-04-08T19:02:23","modified_gmt":"2026-04-08T22:02:23","slug":"oxido-nitrico-ornitina-arginina-citrulina","status":"publish","type":"product","link":"https:\/\/www.demusculos.com\/web\/producto\/oxido-nitrico-ornitina-arginina-citrulina\/","title":{"rendered":"\u00d3xido N\u00edtrico 210 grs One Fit con Ornitina Arginina y Citrulina"},"content":{"rendered":"<h3 data-start=\"42\" data-end=\"86\">\u00d3xido n\u00edtrico one fit \u2013 210 grs en polvo<\/h3>\n<p data-start=\"88\" data-end=\"394\">El <strong data-start=\"91\" data-end=\"116\">\u00d3xido N\u00edtrico One Fit<\/strong> es un suplemento en polvo formulado con <strong data-start=\"157\" data-end=\"191\">arginina, citrulina y ornitina<\/strong>, pensado para mejorar el rendimiento f\u00edsico de forma natural. Su acci\u00f3n principal es favorecer la <strong data-start=\"290\" data-end=\"308\">vasodilataci\u00f3n<\/strong>, lo que permite un mejor flujo sangu\u00edneo hacia los m\u00fasculos durante el entrenamiento.<\/p>\n<p data-start=\"396\" data-end=\"677\">Esto se traduce en <strong data-start=\"415\" data-end=\"444\">mejor congesti\u00f3n muscular<\/strong>, mayor entrega de ox\u00edgeno y nutrientes, y una sensaci\u00f3n de energ\u00eda m\u00e1s estable durante la actividad f\u00edsica. Es ideal para entrenamientos de fuerza, hipertrofia o sesiones intensas donde busc\u00e1s rendir m\u00e1s sin recurrir a estimulantes.<\/p>\n<p data-start=\"679\" data-end=\"947\" data-is-last-node=\"\" data-is-only-node=\"\">Al presentarse en polvo, es f\u00e1cil de dosificar y se puede combinar sin problemas con otros suplementos como creatina o prote\u00edna. Es una opci\u00f3n ideal para hombres y mujeres que quieren entrenar con m\u00e1s intensidad, mejor bombeo muscular y una recuperaci\u00f3n m\u00e1s eficiente.<\/p>\n","protected":false},"excerpt":{"rendered":"<p>Excelente vasodilatador natural a base de Ornitina, Citrulina y L-Arginina. Ideal para todo tipo de deportes, hombres y mujeres.<\/p>\n","protected":false},"featured_media":17975,"comment_status":"closed","ping_status":"closed","template":"","meta":[],"product_brand":[238],"product_cat":[53],"product_tag":[61],"class_list":{"0":"post-5420","1":"product","2":"type-product","3":"status-publish","4":"has-post-thumbnail","6":"product_brand-one-fit","7":"product_cat-oxido-nitrico","8":"product_tag-one-fit","10":"first","11":"instock","12":"sale","13":"shipping-taxable","14":"purchasable","15":"product-type-simple"},"yoast_head":"<!-- This site is optimized with the Yoast SEO plugin v27.4 - https:\/\/yoast.com\/product\/yoast-seo-wordpress\/ -->\n<title>\u00d3xido N\u00edtrico | One Fit | 210 grs de Ornitina, Arginina y Citrulina<\/title>\n<meta name=\"description\" content=\"\u00d3xido N\u00edtrico de One Fit x 210 grs, la f\u00f3rmula incluye Ornitina, Arginina y Citrulina. Para cualquier tipo de deportes. Para hombres y mujeres.\" \/>\n<meta name=\"robots\" content=\"index, follow, max-snippet:-1, max-image-preview:large, max-video-preview:-1\" \/>\n<link rel=\"canonical\" href=\"https:\/\/www.demusculos.com\/web\/producto\/oxido-nitrico-ornitina-arginina-citrulina\/\" \/>\n<meta property=\"og:locale\" content=\"es_ES\" \/>\n<meta property=\"og:type\" content=\"article\" \/>\n<meta property=\"og:title\" content=\"\u00d3xido N\u00edtrico | One Fit | 210 grs de Ornitina, Arginina y Citrulina\" \/>\n<meta property=\"og:description\" content=\"\u00d3xido N\u00edtrico de One Fit x 210 grs, la f\u00f3rmula incluye Ornitina, Arginina y Citrulina. Para cualquier tipo de deportes. Para hombres y mujeres.\" \/>\n<meta property=\"og:url\" content=\"https:\/\/www.demusculos.com\/web\/producto\/oxido-nitrico-ornitina-arginina-citrulina\/\" \/>\n<meta property=\"og:site_name\" content=\"DeMusculos\" \/>\n<meta property=\"article:publisher\" content=\"https:\/\/www.facebook.com\/demusculos\" \/>\n<meta property=\"article:modified_time\" content=\"2026-04-08T22:02:23+00:00\" \/>\n<meta property=\"og:image\" content=\"https:\/\/www.demusculos.com\/web\/wp-content\/uploads\/2024\/06\/oxido-nitrico-one-fit-01.webp\" \/>\n\t<meta property=\"og:image:width\" content=\"1200\" \/>\n\t<meta property=\"og:image:height\" content=\"1200\" \/>\n\t<meta property=\"og:image:type\" content=\"image\/webp\" \/>\n<meta name=\"twitter:card\" content=\"summary_large_image\" \/>\n<meta name=\"twitter:site\" content=\"@demusculos\" \/>\n<meta name=\"twitter:label1\" content=\"Tiempo de lectura\" \/>\n\t<meta name=\"twitter:data1\" content=\"1 minuto\" \/>\n<script type=\"application\/ld+json\" class=\"yoast-schema-graph\">{\"@context\":\"https:\\\/\\\/schema.org\",\"@graph\":[{\"@type\":\"WebPage\",\"@id\":\"https:\\\/\\\/www.demusculos.com\\\/web\\\/producto\\\/oxido-nitrico-ornitina-arginina-citrulina\\\/\",\"url\":\"https:\\\/\\\/www.demusculos.com\\\/web\\\/producto\\\/oxido-nitrico-ornitina-arginina-citrulina\\\/\",\"name\":\"\u00d3xido N\u00edtrico | One Fit | 210 grs de Ornitina, Arginina y Citrulina\",\"isPartOf\":{\"@id\":\"https:\\\/\\\/www.demusculos.com\\\/web\\\/#website\"},\"primaryImageOfPage\":{\"@id\":\"https:\\\/\\\/www.demusculos.com\\\/web\\\/producto\\\/oxido-nitrico-ornitina-arginina-citrulina\\\/#primaryimage\"},\"image\":{\"@id\":\"https:\\\/\\\/www.demusculos.com\\\/web\\\/producto\\\/oxido-nitrico-ornitina-arginina-citrulina\\\/#primaryimage\"},\"thumbnailUrl\":\"https:\\\/\\\/www.demusculos.com\\\/web\\\/wp-content\\\/uploads\\\/2024\\\/06\\\/oxido-nitrico-one-fit-01.webp\",\"datePublished\":\"2024-06-06T12:49:42+00:00\",\"dateModified\":\"2026-04-08T22:02:23+00:00\",\"description\":\"\u00d3xido N\u00edtrico de One Fit x 210 grs, la f\u00f3rmula incluye Ornitina, Arginina y Citrulina. Para cualquier tipo de deportes. Para hombres y mujeres.\",\"breadcrumb\":{\"@id\":\"https:\\\/\\\/www.demusculos.com\\\/web\\\/producto\\\/oxido-nitrico-ornitina-arginina-citrulina\\\/#breadcrumb\"},\"inLanguage\":\"es\",\"potentialAction\":[{\"@type\":\"ReadAction\",\"target\":[\"https:\\\/\\\/www.demusculos.com\\\/web\\\/producto\\\/oxido-nitrico-ornitina-arginina-citrulina\\\/\"]}]},{\"@type\":\"ImageObject\",\"inLanguage\":\"es\",\"@id\":\"https:\\\/\\\/www.demusculos.com\\\/web\\\/producto\\\/oxido-nitrico-ornitina-arginina-citrulina\\\/#primaryimage\",\"url\":\"https:\\\/\\\/www.demusculos.com\\\/web\\\/wp-content\\\/uploads\\\/2024\\\/06\\\/oxido-nitrico-one-fit-01.webp\",\"contentUrl\":\"https:\\\/\\\/www.demusculos.com\\\/web\\\/wp-content\\\/uploads\\\/2024\\\/06\\\/oxido-nitrico-one-fit-01.webp\",\"width\":1200,\"height\":1200,\"caption\":\"\u00d3xido N\u00edtrico de One Fit con Citrulina, Arginina y Ornitina\"},{\"@type\":\"BreadcrumbList\",\"@id\":\"https:\\\/\\\/www.demusculos.com\\\/web\\\/producto\\\/oxido-nitrico-ornitina-arginina-citrulina\\\/#breadcrumb\",\"itemListElement\":[{\"@type\":\"ListItem\",\"position\":1,\"name\":\"Inicio\",\"item\":\"https:\\\/\\\/www.demusculos.com\\\/web\\\/\"},{\"@type\":\"ListItem\",\"position\":2,\"name\":\"Suplementos\",\"item\":\"https:\\\/\\\/www.demusculos.com\\\/web\\\/tienda\\\/\"},{\"@type\":\"ListItem\",\"position\":3,\"name\":\"\u00d3xido N\u00edtrico 210 grs One Fit con Ornitina Arginina y Citrulina\"}]},{\"@type\":\"WebSite\",\"@id\":\"https:\\\/\\\/www.demusculos.com\\\/web\\\/#website\",\"url\":\"https:\\\/\\\/www.demusculos.com\\\/web\\\/\",\"name\":\"DeMusculos.com\",\"description\":\"Suplementos Naturales\",\"publisher\":{\"@id\":\"https:\\\/\\\/www.demusculos.com\\\/web\\\/#organization\"},\"alternateName\":\"Suplementos Naturales\",\"potentialAction\":[{\"@type\":\"SearchAction\",\"target\":{\"@type\":\"EntryPoint\",\"urlTemplate\":\"https:\\\/\\\/www.demusculos.com\\\/web\\\/?s={search_term_string}\"},\"query-input\":{\"@type\":\"PropertyValueSpecification\",\"valueRequired\":true,\"valueName\":\"search_term_string\"}}],\"inLanguage\":\"es\"},{\"@type\":\"Organization\",\"@id\":\"https:\\\/\\\/www.demusculos.com\\\/web\\\/#organization\",\"name\":\"DeMusculos.com\",\"alternateName\":\"DeMusculos\",\"url\":\"https:\\\/\\\/www.demusculos.com\\\/web\\\/\",\"logo\":{\"@type\":\"ImageObject\",\"inLanguage\":\"es\",\"@id\":\"https:\\\/\\\/www.demusculos.com\\\/web\\\/#\\\/schema\\\/logo\\\/image\\\/\",\"url\":\"https:\\\/\\\/www.demusculos.com\\\/web\\\/wp-content\\\/uploads\\\/2024\\\/02\\\/logo-demusculos-prestashop-usuario.png\",\"contentUrl\":\"https:\\\/\\\/www.demusculos.com\\\/web\\\/wp-content\\\/uploads\\\/2024\\\/02\\\/logo-demusculos-prestashop-usuario.png\",\"width\":150,\"height\":150,\"caption\":\"DeMusculos.com\"},\"image\":{\"@id\":\"https:\\\/\\\/www.demusculos.com\\\/web\\\/#\\\/schema\\\/logo\\\/image\\\/\"},\"sameAs\":[\"https:\\\/\\\/www.facebook.com\\\/demusculos\",\"https:\\\/\\\/x.com\\\/demusculos\",\"https:\\\/\\\/www.instagram.com\\\/demusculos\",\"https:\\\/\\\/www.tiktok.com\\\/@demusculos.com\"]}]}<\/script>\n<!-- \/ Yoast SEO plugin. -->","yoast_head_json":{"title":"\u00d3xido N\u00edtrico | One Fit | 210 grs de Ornitina, Arginina y Citrulina","description":"\u00d3xido N\u00edtrico de One Fit x 210 grs, la f\u00f3rmula incluye Ornitina, Arginina y Citrulina. Para cualquier tipo de deportes. Para hombres y mujeres.","robots":{"index":"index","follow":"follow","max-snippet":"max-snippet:-1","max-image-preview":"max-image-preview:large","max-video-preview":"max-video-preview:-1"},"canonical":"https:\/\/www.demusculos.com\/web\/producto\/oxido-nitrico-ornitina-arginina-citrulina\/","og_locale":"es_ES","og_type":"article","og_title":"\u00d3xido N\u00edtrico | One Fit | 210 grs de Ornitina, Arginina y Citrulina","og_description":"\u00d3xido N\u00edtrico de One Fit x 210 grs, la f\u00f3rmula incluye Ornitina, Arginina y Citrulina. Para cualquier tipo de deportes. Para hombres y mujeres.","og_url":"https:\/\/www.demusculos.com\/web\/producto\/oxido-nitrico-ornitina-arginina-citrulina\/","og_site_name":"DeMusculos","article_publisher":"https:\/\/www.facebook.com\/demusculos","article_modified_time":"2026-04-08T22:02:23+00:00","og_image":[{"width":1200,"height":1200,"url":"https:\/\/www.demusculos.com\/web\/wp-content\/uploads\/2024\/06\/oxido-nitrico-one-fit-01.webp","type":"image\/webp"}],"twitter_card":"summary_large_image","twitter_site":"@demusculos","twitter_misc":{"Tiempo de lectura":"1 minuto"},"schema":{"@context":"https:\/\/schema.org","@graph":[{"@type":"WebPage","@id":"https:\/\/www.demusculos.com\/web\/producto\/oxido-nitrico-ornitina-arginina-citrulina\/","url":"https:\/\/www.demusculos.com\/web\/producto\/oxido-nitrico-ornitina-arginina-citrulina\/","name":"\u00d3xido N\u00edtrico | One Fit | 210 grs de Ornitina, Arginina y Citrulina","isPartOf":{"@id":"https:\/\/www.demusculos.com\/web\/#website"},"primaryImageOfPage":{"@id":"https:\/\/www.demusculos.com\/web\/producto\/oxido-nitrico-ornitina-arginina-citrulina\/#primaryimage"},"image":{"@id":"https:\/\/www.demusculos.com\/web\/producto\/oxido-nitrico-ornitina-arginina-citrulina\/#primaryimage"},"thumbnailUrl":"https:\/\/www.demusculos.com\/web\/wp-content\/uploads\/2024\/06\/oxido-nitrico-one-fit-01.webp","datePublished":"2024-06-06T12:49:42+00:00","dateModified":"2026-04-08T22:02:23+00:00","description":"\u00d3xido N\u00edtrico de One Fit x 210 grs, la f\u00f3rmula incluye Ornitina, Arginina y Citrulina. Para cualquier tipo de deportes. Para hombres y mujeres.","breadcrumb":{"@id":"https:\/\/www.demusculos.com\/web\/producto\/oxido-nitrico-ornitina-arginina-citrulina\/#breadcrumb"},"inLanguage":"es","potentialAction":[{"@type":"ReadAction","target":["https:\/\/www.demusculos.com\/web\/producto\/oxido-nitrico-ornitina-arginina-citrulina\/"]}]},{"@type":"ImageObject","inLanguage":"es","@id":"https:\/\/www.demusculos.com\/web\/producto\/oxido-nitrico-ornitina-arginina-citrulina\/#primaryimage","url":"https:\/\/www.demusculos.com\/web\/wp-content\/uploads\/2024\/06\/oxido-nitrico-one-fit-01.webp","contentUrl":"https:\/\/www.demusculos.com\/web\/wp-content\/uploads\/2024\/06\/oxido-nitrico-one-fit-01.webp","width":1200,"height":1200,"caption":"\u00d3xido N\u00edtrico de One Fit con Citrulina, Arginina y Ornitina"},{"@type":"BreadcrumbList","@id":"https:\/\/www.demusculos.com\/web\/producto\/oxido-nitrico-ornitina-arginina-citrulina\/#breadcrumb","itemListElement":[{"@type":"ListItem","position":1,"name":"Inicio","item":"https:\/\/www.demusculos.com\/web\/"},{"@type":"ListItem","position":2,"name":"Suplementos","item":"https:\/\/www.demusculos.com\/web\/tienda\/"},{"@type":"ListItem","position":3,"name":"\u00d3xido N\u00edtrico 210 grs One Fit con Ornitina Arginina y Citrulina"}]},{"@type":"WebSite","@id":"https:\/\/www.demusculos.com\/web\/#website","url":"https:\/\/www.demusculos.com\/web\/","name":"DeMusculos.com","description":"Suplementos Naturales","publisher":{"@id":"https:\/\/www.demusculos.com\/web\/#organization"},"alternateName":"Suplementos Naturales","potentialAction":[{"@type":"SearchAction","target":{"@type":"EntryPoint","urlTemplate":"https:\/\/www.demusculos.com\/web\/?s={search_term_string}"},"query-input":{"@type":"PropertyValueSpecification","valueRequired":true,"valueName":"search_term_string"}}],"inLanguage":"es"},{"@type":"Organization","@id":"https:\/\/www.demusculos.com\/web\/#organization","name":"DeMusculos.com","alternateName":"DeMusculos","url":"https:\/\/www.demusculos.com\/web\/","logo":{"@type":"ImageObject","inLanguage":"es","@id":"https:\/\/www.demusculos.com\/web\/#\/schema\/logo\/image\/","url":"https:\/\/www.demusculos.com\/web\/wp-content\/uploads\/2024\/02\/logo-demusculos-prestashop-usuario.png","contentUrl":"https:\/\/www.demusculos.com\/web\/wp-content\/uploads\/2024\/02\/logo-demusculos-prestashop-usuario.png","width":150,"height":150,"caption":"DeMusculos.com"},"image":{"@id":"https:\/\/www.demusculos.com\/web\/#\/schema\/logo\/image\/"},"sameAs":["https:\/\/www.facebook.com\/demusculos","https:\/\/x.com\/demusculos","https:\/\/www.instagram.com\/demusculos","https:\/\/www.tiktok.com\/@demusculos.com"]}]}},"_links":{"self":[{"href":"https:\/\/www.demusculos.com\/web\/wp-json\/wp\/v2\/product\/5420","targetHints":{"allow":["GET"]}}],"collection":[{"href":"https:\/\/www.demusculos.com\/web\/wp-json\/wp\/v2\/product"}],"about":[{"href":"https:\/\/www.demusculos.com\/web\/wp-json\/wp\/v2\/types\/product"}],"replies":[{"embeddable":true,"href":"https:\/\/www.demusculos.com\/web\/wp-json\/wp\/v2\/comments?post=5420"}],"wp:featuredmedia":[{"embeddable":true,"href":"https:\/\/www.demusculos.com\/web\/wp-json\/wp\/v2\/media\/17975"}],"wp:attachment":[{"href":"https:\/\/www.demusculos.com\/web\/wp-json\/wp\/v2\/media?parent=5420"}],"wp:term":[{"taxonomy":"product_brand","embeddable":true,"href":"https:\/\/www.demusculos.com\/web\/wp-json\/wp\/v2\/product_brand?post=5420"},{"taxonomy":"product_cat","embeddable":true,"href":"https:\/\/www.demusculos.com\/web\/wp-json\/wp\/v2\/product_cat?post=5420"},{"taxonomy":"product_tag","embeddable":true,"href":"https:\/\/www.demusculos.com\/web\/wp-json\/wp\/v2\/product_tag?post=5420"}],"curies":[{"name":"wp","href":"https:\/\/api.w.org\/{rel}","templated":true}]}}