{"id":5473,"date":"2024-06-11T13:43:49","date_gmt":"2024-06-11T16:43:49","guid":{"rendered":"https:\/\/www.demusculos.com\/web\/?post_type=product&#038;p=5473"},"modified":"2026-02-01T20:01:35","modified_gmt":"2026-02-01T23:01:35","slug":"c4-de-cellucor-x60-tomas","status":"publish","type":"product","link":"https:\/\/www.demusculos.com\/web\/producto\/c4-de-cellucor-x60-tomas\/","title":{"rendered":"C4 de Cellucor x50 tomas"},"content":{"rendered":"<h2><strong>Cellucor C4<\/strong><\/h2>\n<p><em>Cellucor C4 x50 tomas es ideal para todo tipo de deportes y ambos sexos. Aumenta la energ\u00eda y previene la fatiaga muscular.<\/em><\/p>\n<p><img fetchpriority=\"high\" decoding=\"async\" class=\"alignnone size-full wp-image-12402\" src=\"https:\/\/www.demusculos.com\/web\/wp-content\/uploads\/2025\/05\/icono-energia.webp\" alt=\"Aumento de energ\u00eda\" width=\"300\" height=\"300\" srcset=\"https:\/\/www.demusculos.com\/web\/wp-content\/uploads\/2025\/05\/icono-energia.webp 300w, https:\/\/www.demusculos.com\/web\/wp-content\/uploads\/2025\/05\/icono-energia-150x150.webp 150w, https:\/\/www.demusculos.com\/web\/wp-content\/uploads\/2025\/05\/icono-energia-100x100.webp 100w\" sizes=\"(max-width: 300px) 100vw, 300px\" \/><\/p>\n<p>C4 Original es ideal para quienes desean mejorar el rendimiento, ya que proporciona energizantes muy efectivos que permiten incrementar la intensidad del ejercicio.<br \/>\nAporta m\u00faltiples beneficios y se caracteriza por brindar:<br \/>\n&#8211; Energ\u00eda.<br \/>\n&#8211; Fuerza.<br \/>\n&#8211; Resistencia.<br \/>\n&#8211; Regeneraci\u00f3n muscular.<\/p>\n<figure id=\"attachment_142\" aria-describedby=\"caption-attachment-142\" style=\"width: 300px\" class=\"wp-caption alignnone\"><img decoding=\"async\" class=\"size-full wp-image-142\" src=\"https:\/\/www.demusculos.com\/web\/wp-content\/uploads\/2024\/02\/puntos-estrellas-10.png\" alt=\"Calificaci\u00f3n: 10 puntos\" width=\"300\" height=\"30\" srcset=\"https:\/\/www.demusculos.com\/web\/wp-content\/uploads\/2024\/02\/puntos-estrellas-10.png 300w, https:\/\/www.demusculos.com\/web\/wp-content\/uploads\/2024\/02\/puntos-estrellas-10-150x15.png 150w\" sizes=\"(max-width: 300px) 100vw, 300px\" \/><figcaption id=\"caption-attachment-142\" class=\"wp-caption-text\">10 puntos. Calidad del producto.<\/figcaption><\/figure>\n<figure id=\"attachment_141\" aria-describedby=\"caption-attachment-141\" style=\"width: 300px\" class=\"wp-caption alignnone\"><img decoding=\"async\" class=\"size-full wp-image-141\" src=\"https:\/\/www.demusculos.com\/web\/wp-content\/uploads\/2024\/02\/puntos-estrellas-09.png\" alt=\"\" width=\"300\" height=\"30\" srcset=\"https:\/\/www.demusculos.com\/web\/wp-content\/uploads\/2024\/02\/puntos-estrellas-09.png 300w, https:\/\/www.demusculos.com\/web\/wp-content\/uploads\/2024\/02\/puntos-estrellas-09-150x15.png 150w\" sizes=\"(max-width: 300px) 100vw, 300px\" \/><figcaption id=\"caption-attachment-141\" class=\"wp-caption-text\">9 puntos. Trayectoria del producto en el mercado.<\/figcaption><\/figure>\n<p><strong>Modo de Uso:<\/strong><br \/>\nMezclar 1 Scoop en 450 ml. de agua fr\u00eda.<br \/>\nConsumir 1 porci\u00f3n entre 20 a 30 minutos antes del entrenamiento.<\/p>\n<figure id=\"attachment_12410\" aria-describedby=\"caption-attachment-12410\" style=\"width: 300px\" class=\"wp-caption alignnone\"><img loading=\"lazy\" decoding=\"async\" class=\"size-full wp-image-12410\" src=\"https:\/\/www.demusculos.com\/web\/wp-content\/uploads\/2025\/05\/icono-un-scoop-medida.webp\" alt=\"Una medida por d\u00eda\" width=\"300\" height=\"300\" srcset=\"https:\/\/www.demusculos.com\/web\/wp-content\/uploads\/2025\/05\/icono-un-scoop-medida.webp 300w, https:\/\/www.demusculos.com\/web\/wp-content\/uploads\/2025\/05\/icono-un-scoop-medida-150x150.webp 150w, https:\/\/www.demusculos.com\/web\/wp-content\/uploads\/2025\/05\/icono-un-scoop-medida-100x100.webp 100w\" sizes=\"(max-width: 300px) 100vw, 300px\" \/><figcaption id=\"caption-attachment-12410\" class=\"wp-caption-text\">Podemos tomar 1 medida por d\u00eda (Es lo ideal). Pero otras personas, con requerimientos m\u00e1s elevados, pueden tomar hasta 2 medidas por d\u00eda.<\/figcaption><\/figure>\n<p><strong>Presentaci\u00f3n:<\/strong><br \/>\n&#8211; Contenido: 475gr., en polvo.<br \/>\n&#8211; Porci\u00f3n: 1 Scoop (6.5 gr.)<br \/>\n&#8211; Servicios (porciones) por envase: 50 servicios.<\/p>\n<p>Los pre-entrenamientos son suplementos dise\u00f1ados para aumentar la energ\u00eda, la resistencia y la concentraci\u00f3n durante el ejercicio.\u00a0Tomarlos aproximadamente\u00a0<strong>30-45 minutos antes<\/strong>\u00a0del entrenamiento puede mejorar tu fuerza, rendimiento y permitirte entrenar m\u00e1s duro y por m\u00e1s tiempo.\u00a0Adem\u00e1s, pueden ayudar a prevenir lesiones y mejorar la recuperaci\u00f3n entre sesiones de entrenamiento.\u00a0Es importante elegir el adecuado y adaptarlo a tus necesidades para disfrutar de entrenamientos m\u00e1s efectivos<\/p>\n<p>\u00bfcomo aumentar la energ\u00eda antes del entrenamiento?<\/p>\n<p>Para aumentar tus niveles de energ\u00eda antes del entrenamiento, puedes seguir estos consejos:<\/p>\n<ol>\n<li><strong>Come adecuadamente<\/strong>: Consume una comida balanceada con carbohidratos complejos y prote\u00ednas magras dos o tres horas antes del entrenamiento para proporcionar una fuente de energ\u00eda sostenible.<\/li>\n<li><strong>Hidrataci\u00f3n<\/strong>: Bebe suficiente agua antes de entrenar para asegurar una hidrataci\u00f3n adecuada.<\/li>\n<li><strong>Merienda r\u00e1pida<\/strong>: Considera una merienda ligera y r\u00e1pida antes del ejercicio si necesitas un impulso energ\u00e9tico adicional.<\/li>\n<li><strong>Cafe\u00edna<\/strong>: Un consumo moderado de cafe\u00edna puede aumentar la alerta y la energ\u00eda.\u00a0Los estudios sugieren una dosis de 3 mg por kg de peso corporal, aproximadamente 30-75 minutos antes del ejercicio.<\/li>\n<\/ol>\n<figure id=\"attachment_12396\" aria-describedby=\"caption-attachment-12396\" style=\"width: 300px\" class=\"wp-caption alignnone\"><img loading=\"lazy\" decoding=\"async\" class=\"size-full wp-image-12396\" src=\"https:\/\/www.demusculos.com\/web\/wp-content\/uploads\/2025\/05\/icono-ambos-sexos-hombre-mujer.webp\" alt=\"Para ambos sexos\" width=\"300\" height=\"300\" srcset=\"https:\/\/www.demusculos.com\/web\/wp-content\/uploads\/2025\/05\/icono-ambos-sexos-hombre-mujer.webp 300w, https:\/\/www.demusculos.com\/web\/wp-content\/uploads\/2025\/05\/icono-ambos-sexos-hombre-mujer-150x150.webp 150w, https:\/\/www.demusculos.com\/web\/wp-content\/uploads\/2025\/05\/icono-ambos-sexos-hombre-mujer-100x100.webp 100w\" sizes=\"(max-width: 300px) 100vw, 300px\" \/><figcaption id=\"caption-attachment-12396\" class=\"wp-caption-text\">Puede ser consumido por hombres y mujeres mayores de 18 a\u00f1os.<\/figcaption><\/figure>\n<h2>Cellucor C4 y Beta Alanina<\/h2>\n<p>La\u00a0<strong>beta-alanina<\/strong>\u00a0es un amino\u00e1cido que tiene varios beneficios para el entrenamiento:<\/p>\n<ul>\n<li><strong>Reduce la fatiga muscular<\/strong>: Ayuda a aumentar los niveles de carnosina en los m\u00fasculos, lo que puede reducir la fatiga durante ejercicios de alta intensidad.<\/li>\n<li><strong>Mejora el rendimiento f\u00edsico<\/strong>: Puede prolongar la capacidad muscular y mejorar el rendimiento en ejercicios de alta intensidad.<\/li>\n<li><strong>Acelera la recuperaci\u00f3n<\/strong>: Su consumo despu\u00e9s del entrenamiento puede ayudar a acelerar la recuperaci\u00f3n muscular.<\/li>\n<\/ul>\n<p>Se sugiere tomar entre\u00a0<strong>3.2 y 6.4 g al d\u00eda<\/strong>\u00a0durante\u00a0<strong>4-12 semanas<\/strong>\u00a0para observar mejoras en el rendimiento deportivo. Es importante considerar que la suplementaci\u00f3n debe ajustarse a las necesidades individuales y es recomendable consultar con un profesional de la salud o un nutricionista deportivo antes de comenzar a tomar cualquier suplemento.<\/p>\n<figure id=\"attachment_12921\" aria-describedby=\"caption-attachment-12921\" style=\"width: 300px\" class=\"wp-caption alignnone\"><img loading=\"lazy\" decoding=\"async\" class=\"size-full wp-image-12921\" src=\"https:\/\/www.demusculos.com\/web\/wp-content\/uploads\/2024\/02\/icono-todos-los-deportes.webp\" alt=\"Este suplemento natural es ideal para todo tipo de deportes.\" width=\"300\" height=\"300\" srcset=\"https:\/\/www.demusculos.com\/web\/wp-content\/uploads\/2024\/02\/icono-todos-los-deportes.webp 300w, https:\/\/www.demusculos.com\/web\/wp-content\/uploads\/2024\/02\/icono-todos-los-deportes-150x150.webp 150w, https:\/\/www.demusculos.com\/web\/wp-content\/uploads\/2024\/02\/icono-todos-los-deportes-100x100.webp 100w\" sizes=\"(max-width: 300px) 100vw, 300px\" \/><figcaption id=\"caption-attachment-12921\" class=\"wp-caption-text\">Se lo puede utilizar en cualquier tipo de deporte. Ideal para suministrar prote\u00edca de alta calidad.<\/figcaption><\/figure>\n","protected":false},"excerpt":{"rendered":"<p>Pre entrenamiento. Previene la fatiga y aumenta el rendimiento. 100% importado.<\/p>\n","protected":false},"featured_media":13533,"comment_status":"closed","ping_status":"closed","template":"","meta":[],"product_brand":[],"product_cat":[39],"product_tag":[205,86,76,96],"class_list":{"0":"post-5473","1":"product","2":"type-product","3":"status-publish","4":"has-post-thumbnail","6":"product_cat-pre-entrenamiento","7":"product_tag-cellucor","8":"product_tag-energia","9":"product_tag-fatiga","10":"product_tag-pre-work","12":"first","13":"instock","14":"sale","15":"shipping-taxable","16":"purchasable","17":"product-type-simple"},"yoast_head":"<!-- This site is optimized with the Yoast SEO plugin v27.4 - https:\/\/yoast.com\/product\/yoast-seo-wordpress\/ -->\n<title>Cellucor C4 | Energ\u00eda | Pre Work | DeMusculos.com<\/title>\n<meta name=\"description\" content=\"Cellucor C4 x60 tomas es uno de los mejores productos para aumentar la energ\u00eda, masa muscular y congestionar el m\u00fasculo. Foco metal. Hombres y mujeres.\" \/>\n<meta name=\"robots\" content=\"index, follow, max-snippet:-1, max-image-preview:large, max-video-preview:-1\" \/>\n<link rel=\"canonical\" href=\"https:\/\/www.demusculos.com\/web\/producto\/c4-de-cellucor-x60-tomas\/\" \/>\n<meta property=\"og:locale\" content=\"es_ES\" \/>\n<meta property=\"og:type\" content=\"article\" \/>\n<meta property=\"og:title\" content=\"Cellucor C4 | Energ\u00eda | Pre Work | DeMusculos.com\" \/>\n<meta property=\"og:description\" content=\"Cellucor C4 x60 tomas es uno de los mejores productos para aumentar la energ\u00eda, masa muscular y congestionar el m\u00fasculo. Foco metal. Hombres y mujeres.\" \/>\n<meta property=\"og:url\" content=\"https:\/\/www.demusculos.com\/web\/producto\/c4-de-cellucor-x60-tomas\/\" \/>\n<meta property=\"og:site_name\" content=\"DeMusculos\" \/>\n<meta property=\"article:publisher\" content=\"https:\/\/www.facebook.com\/demusculos\" \/>\n<meta property=\"article:modified_time\" content=\"2026-02-01T23:01:35+00:00\" \/>\n<meta property=\"og:image\" content=\"https:\/\/www.demusculos.com\/web\/wp-content\/uploads\/2024\/06\/C4-CELLUCOR-original-50-servicios-1.webp\" \/>\n\t<meta property=\"og:image:width\" content=\"1200\" \/>\n\t<meta property=\"og:image:height\" content=\"1200\" \/>\n\t<meta property=\"og:image:type\" content=\"image\/webp\" \/>\n<meta name=\"twitter:card\" content=\"summary_large_image\" \/>\n<meta name=\"twitter:site\" content=\"@demusculos\" \/>\n<meta name=\"twitter:label1\" content=\"Tiempo de lectura\" \/>\n\t<meta name=\"twitter:data1\" content=\"4 minutos\" \/>\n<script type=\"application\/ld+json\" class=\"yoast-schema-graph\">{\"@context\":\"https:\\\/\\\/schema.org\",\"@graph\":[{\"@type\":\"WebPage\",\"@id\":\"https:\\\/\\\/www.demusculos.com\\\/web\\\/producto\\\/c4-de-cellucor-x60-tomas\\\/\",\"url\":\"https:\\\/\\\/www.demusculos.com\\\/web\\\/producto\\\/c4-de-cellucor-x60-tomas\\\/\",\"name\":\"Cellucor C4 | Energ\u00eda | Pre Work | DeMusculos.com\",\"isPartOf\":{\"@id\":\"https:\\\/\\\/www.demusculos.com\\\/web\\\/#website\"},\"primaryImageOfPage\":{\"@id\":\"https:\\\/\\\/www.demusculos.com\\\/web\\\/producto\\\/c4-de-cellucor-x60-tomas\\\/#primaryimage\"},\"image\":{\"@id\":\"https:\\\/\\\/www.demusculos.com\\\/web\\\/producto\\\/c4-de-cellucor-x60-tomas\\\/#primaryimage\"},\"thumbnailUrl\":\"https:\\\/\\\/www.demusculos.com\\\/web\\\/wp-content\\\/uploads\\\/2024\\\/06\\\/C4-CELLUCOR-original-50-servicios-1.webp\",\"datePublished\":\"2024-06-11T16:43:49+00:00\",\"dateModified\":\"2026-02-01T23:01:35+00:00\",\"description\":\"Cellucor C4 x60 tomas es uno de los mejores productos para aumentar la energ\u00eda, masa muscular y congestionar el m\u00fasculo. Foco metal. Hombres y mujeres.\",\"breadcrumb\":{\"@id\":\"https:\\\/\\\/www.demusculos.com\\\/web\\\/producto\\\/c4-de-cellucor-x60-tomas\\\/#breadcrumb\"},\"inLanguage\":\"es\",\"potentialAction\":[{\"@type\":\"ReadAction\",\"target\":[\"https:\\\/\\\/www.demusculos.com\\\/web\\\/producto\\\/c4-de-cellucor-x60-tomas\\\/\"]}]},{\"@type\":\"ImageObject\",\"inLanguage\":\"es\",\"@id\":\"https:\\\/\\\/www.demusculos.com\\\/web\\\/producto\\\/c4-de-cellucor-x60-tomas\\\/#primaryimage\",\"url\":\"https:\\\/\\\/www.demusculos.com\\\/web\\\/wp-content\\\/uploads\\\/2024\\\/06\\\/C4-CELLUCOR-original-50-servicios-1.webp\",\"contentUrl\":\"https:\\\/\\\/www.demusculos.com\\\/web\\\/wp-content\\\/uploads\\\/2024\\\/06\\\/C4-CELLUCOR-original-50-servicios-1.webp\",\"width\":1200,\"height\":1200,\"caption\":\"C4 de Cellucor x50 tomas versi\u00f3n Original\"},{\"@type\":\"BreadcrumbList\",\"@id\":\"https:\\\/\\\/www.demusculos.com\\\/web\\\/producto\\\/c4-de-cellucor-x60-tomas\\\/#breadcrumb\",\"itemListElement\":[{\"@type\":\"ListItem\",\"position\":1,\"name\":\"Inicio\",\"item\":\"https:\\\/\\\/www.demusculos.com\\\/web\\\/\"},{\"@type\":\"ListItem\",\"position\":2,\"name\":\"Suplementos\",\"item\":\"https:\\\/\\\/www.demusculos.com\\\/web\\\/tienda\\\/\"},{\"@type\":\"ListItem\",\"position\":3,\"name\":\"C4 de Cellucor x50 tomas\"}]},{\"@type\":\"WebSite\",\"@id\":\"https:\\\/\\\/www.demusculos.com\\\/web\\\/#website\",\"url\":\"https:\\\/\\\/www.demusculos.com\\\/web\\\/\",\"name\":\"DeMusculos.com\",\"description\":\"Suplementos Naturales\",\"publisher\":{\"@id\":\"https:\\\/\\\/www.demusculos.com\\\/web\\\/#organization\"},\"alternateName\":\"Suplementos Naturales\",\"potentialAction\":[{\"@type\":\"SearchAction\",\"target\":{\"@type\":\"EntryPoint\",\"urlTemplate\":\"https:\\\/\\\/www.demusculos.com\\\/web\\\/?s={search_term_string}\"},\"query-input\":{\"@type\":\"PropertyValueSpecification\",\"valueRequired\":true,\"valueName\":\"search_term_string\"}}],\"inLanguage\":\"es\"},{\"@type\":\"Organization\",\"@id\":\"https:\\\/\\\/www.demusculos.com\\\/web\\\/#organization\",\"name\":\"DeMusculos.com\",\"alternateName\":\"DeMusculos\",\"url\":\"https:\\\/\\\/www.demusculos.com\\\/web\\\/\",\"logo\":{\"@type\":\"ImageObject\",\"inLanguage\":\"es\",\"@id\":\"https:\\\/\\\/www.demusculos.com\\\/web\\\/#\\\/schema\\\/logo\\\/image\\\/\",\"url\":\"https:\\\/\\\/www.demusculos.com\\\/web\\\/wp-content\\\/uploads\\\/2024\\\/02\\\/logo-demusculos-prestashop-usuario.png\",\"contentUrl\":\"https:\\\/\\\/www.demusculos.com\\\/web\\\/wp-content\\\/uploads\\\/2024\\\/02\\\/logo-demusculos-prestashop-usuario.png\",\"width\":150,\"height\":150,\"caption\":\"DeMusculos.com\"},\"image\":{\"@id\":\"https:\\\/\\\/www.demusculos.com\\\/web\\\/#\\\/schema\\\/logo\\\/image\\\/\"},\"sameAs\":[\"https:\\\/\\\/www.facebook.com\\\/demusculos\",\"https:\\\/\\\/x.com\\\/demusculos\",\"https:\\\/\\\/www.instagram.com\\\/demusculos\",\"https:\\\/\\\/www.tiktok.com\\\/@demusculos.com\"]}]}<\/script>\n<!-- \/ Yoast SEO plugin. -->","yoast_head_json":{"title":"Cellucor C4 | Energ\u00eda | Pre Work | DeMusculos.com","description":"Cellucor C4 x60 tomas es uno de los mejores productos para aumentar la energ\u00eda, masa muscular y congestionar el m\u00fasculo. Foco metal. Hombres y mujeres.","robots":{"index":"index","follow":"follow","max-snippet":"max-snippet:-1","max-image-preview":"max-image-preview:large","max-video-preview":"max-video-preview:-1"},"canonical":"https:\/\/www.demusculos.com\/web\/producto\/c4-de-cellucor-x60-tomas\/","og_locale":"es_ES","og_type":"article","og_title":"Cellucor C4 | Energ\u00eda | Pre Work | DeMusculos.com","og_description":"Cellucor C4 x60 tomas es uno de los mejores productos para aumentar la energ\u00eda, masa muscular y congestionar el m\u00fasculo. Foco metal. Hombres y mujeres.","og_url":"https:\/\/www.demusculos.com\/web\/producto\/c4-de-cellucor-x60-tomas\/","og_site_name":"DeMusculos","article_publisher":"https:\/\/www.facebook.com\/demusculos","article_modified_time":"2026-02-01T23:01:35+00:00","og_image":[{"width":1200,"height":1200,"url":"https:\/\/www.demusculos.com\/web\/wp-content\/uploads\/2024\/06\/C4-CELLUCOR-original-50-servicios-1.webp","type":"image\/webp"}],"twitter_card":"summary_large_image","twitter_site":"@demusculos","twitter_misc":{"Tiempo de lectura":"4 minutos"},"schema":{"@context":"https:\/\/schema.org","@graph":[{"@type":"WebPage","@id":"https:\/\/www.demusculos.com\/web\/producto\/c4-de-cellucor-x60-tomas\/","url":"https:\/\/www.demusculos.com\/web\/producto\/c4-de-cellucor-x60-tomas\/","name":"Cellucor C4 | Energ\u00eda | Pre Work | DeMusculos.com","isPartOf":{"@id":"https:\/\/www.demusculos.com\/web\/#website"},"primaryImageOfPage":{"@id":"https:\/\/www.demusculos.com\/web\/producto\/c4-de-cellucor-x60-tomas\/#primaryimage"},"image":{"@id":"https:\/\/www.demusculos.com\/web\/producto\/c4-de-cellucor-x60-tomas\/#primaryimage"},"thumbnailUrl":"https:\/\/www.demusculos.com\/web\/wp-content\/uploads\/2024\/06\/C4-CELLUCOR-original-50-servicios-1.webp","datePublished":"2024-06-11T16:43:49+00:00","dateModified":"2026-02-01T23:01:35+00:00","description":"Cellucor C4 x60 tomas es uno de los mejores productos para aumentar la energ\u00eda, masa muscular y congestionar el m\u00fasculo. Foco metal. Hombres y mujeres.","breadcrumb":{"@id":"https:\/\/www.demusculos.com\/web\/producto\/c4-de-cellucor-x60-tomas\/#breadcrumb"},"inLanguage":"es","potentialAction":[{"@type":"ReadAction","target":["https:\/\/www.demusculos.com\/web\/producto\/c4-de-cellucor-x60-tomas\/"]}]},{"@type":"ImageObject","inLanguage":"es","@id":"https:\/\/www.demusculos.com\/web\/producto\/c4-de-cellucor-x60-tomas\/#primaryimage","url":"https:\/\/www.demusculos.com\/web\/wp-content\/uploads\/2024\/06\/C4-CELLUCOR-original-50-servicios-1.webp","contentUrl":"https:\/\/www.demusculos.com\/web\/wp-content\/uploads\/2024\/06\/C4-CELLUCOR-original-50-servicios-1.webp","width":1200,"height":1200,"caption":"C4 de Cellucor x50 tomas versi\u00f3n Original"},{"@type":"BreadcrumbList","@id":"https:\/\/www.demusculos.com\/web\/producto\/c4-de-cellucor-x60-tomas\/#breadcrumb","itemListElement":[{"@type":"ListItem","position":1,"name":"Inicio","item":"https:\/\/www.demusculos.com\/web\/"},{"@type":"ListItem","position":2,"name":"Suplementos","item":"https:\/\/www.demusculos.com\/web\/tienda\/"},{"@type":"ListItem","position":3,"name":"C4 de Cellucor x50 tomas"}]},{"@type":"WebSite","@id":"https:\/\/www.demusculos.com\/web\/#website","url":"https:\/\/www.demusculos.com\/web\/","name":"DeMusculos.com","description":"Suplementos Naturales","publisher":{"@id":"https:\/\/www.demusculos.com\/web\/#organization"},"alternateName":"Suplementos Naturales","potentialAction":[{"@type":"SearchAction","target":{"@type":"EntryPoint","urlTemplate":"https:\/\/www.demusculos.com\/web\/?s={search_term_string}"},"query-input":{"@type":"PropertyValueSpecification","valueRequired":true,"valueName":"search_term_string"}}],"inLanguage":"es"},{"@type":"Organization","@id":"https:\/\/www.demusculos.com\/web\/#organization","name":"DeMusculos.com","alternateName":"DeMusculos","url":"https:\/\/www.demusculos.com\/web\/","logo":{"@type":"ImageObject","inLanguage":"es","@id":"https:\/\/www.demusculos.com\/web\/#\/schema\/logo\/image\/","url":"https:\/\/www.demusculos.com\/web\/wp-content\/uploads\/2024\/02\/logo-demusculos-prestashop-usuario.png","contentUrl":"https:\/\/www.demusculos.com\/web\/wp-content\/uploads\/2024\/02\/logo-demusculos-prestashop-usuario.png","width":150,"height":150,"caption":"DeMusculos.com"},"image":{"@id":"https:\/\/www.demusculos.com\/web\/#\/schema\/logo\/image\/"},"sameAs":["https:\/\/www.facebook.com\/demusculos","https:\/\/x.com\/demusculos","https:\/\/www.instagram.com\/demusculos","https:\/\/www.tiktok.com\/@demusculos.com"]}]}},"_links":{"self":[{"href":"https:\/\/www.demusculos.com\/web\/wp-json\/wp\/v2\/product\/5473","targetHints":{"allow":["GET"]}}],"collection":[{"href":"https:\/\/www.demusculos.com\/web\/wp-json\/wp\/v2\/product"}],"about":[{"href":"https:\/\/www.demusculos.com\/web\/wp-json\/wp\/v2\/types\/product"}],"replies":[{"embeddable":true,"href":"https:\/\/www.demusculos.com\/web\/wp-json\/wp\/v2\/comments?post=5473"}],"wp:featuredmedia":[{"embeddable":true,"href":"https:\/\/www.demusculos.com\/web\/wp-json\/wp\/v2\/media\/13533"}],"wp:attachment":[{"href":"https:\/\/www.demusculos.com\/web\/wp-json\/wp\/v2\/media?parent=5473"}],"wp:term":[{"taxonomy":"product_brand","embeddable":true,"href":"https:\/\/www.demusculos.com\/web\/wp-json\/wp\/v2\/product_brand?post=5473"},{"taxonomy":"product_cat","embeddable":true,"href":"https:\/\/www.demusculos.com\/web\/wp-json\/wp\/v2\/product_cat?post=5473"},{"taxonomy":"product_tag","embeddable":true,"href":"https:\/\/www.demusculos.com\/web\/wp-json\/wp\/v2\/product_tag?post=5473"}],"curies":[{"name":"wp","href":"https:\/\/api.w.org\/{rel}","templated":true}]}}