{"id":572,"date":"2024-02-23T20:45:10","date_gmt":"2024-02-23T23:45:10","guid":{"rendered":"https:\/\/www.demusculos.com\/web\/?post_type=product&#038;p=572"},"modified":"2026-03-21T12:39:03","modified_gmt":"2026-03-21T15:39:03","slug":"multi-vitaminico-de-mervick-120-comprimidos-vitaminas-y-minerales","status":"publish","type":"product","link":"https:\/\/www.demusculos.com\/web\/producto\/multi-vitaminico-de-mervick-120-comprimidos-vitaminas-y-minerales\/","title":{"rendered":"Multivitam\u00ednico de Mervick 120 comprimidos Vitaminas y Minerales"},"content":{"rendered":"<h1><strong>Multivitam\u00ednico Mervick: Tu Compa\u00f1ero de Salud y Bienestar<\/strong><\/h1>\n<h2>Un Suplemento para Todos<\/h2>\n<p>El Multivitam\u00ednico Mervick es la opci\u00f3n perfecta para todas aquellas personas que deseen asegurar su aporte nutricional. Ya seas un deportista, una persona activa, o simplemente alguien que busca mayor vitalidad y rendimiento, este producto es para ti. Incluso si no realizas una dieta completa y balanceada, el Multivitam\u00ednico Mervick te ayudar\u00e1 a cubrir tus necesidades nutricionales.<\/p>\n<p><img fetchpriority=\"high\" decoding=\"async\" class=\"alignnone size-full wp-image-9237\" src=\"https:\/\/www.demusculos.com\/web\/wp-content\/uploads\/2024\/02\/multi-vitaminico-mervick-lab-120-comprimidos-1.jpg\" alt=\"Multi Vitam\u00ednico y Minerales de Mervick Lab x 120\" width=\"1080\" height=\"1080\" srcset=\"https:\/\/www.demusculos.com\/web\/wp-content\/uploads\/2024\/02\/multi-vitaminico-mervick-lab-120-comprimidos-1.jpg 1080w, https:\/\/www.demusculos.com\/web\/wp-content\/uploads\/2024\/02\/multi-vitaminico-mervick-lab-120-comprimidos-1-300x300.jpg 300w, https:\/\/www.demusculos.com\/web\/wp-content\/uploads\/2024\/02\/multi-vitaminico-mervick-lab-120-comprimidos-1-150x150.jpg 150w, https:\/\/www.demusculos.com\/web\/wp-content\/uploads\/2024\/02\/multi-vitaminico-mervick-lab-120-comprimidos-1-800x800.jpg 800w, https:\/\/www.demusculos.com\/web\/wp-content\/uploads\/2024\/02\/multi-vitaminico-mervick-lab-120-comprimidos-1-1024x1024.jpg 1024w, https:\/\/www.demusculos.com\/web\/wp-content\/uploads\/2024\/02\/multi-vitaminico-mervick-lab-120-comprimidos-1-768x768.jpg 768w\" sizes=\"(max-width: 1080px) 100vw, 1080px\" \/><\/p>\n<h2>Caracter\u00edsticas Destacadas del multivitaminico de Mervick<\/h2>\n<p>Este suplemento dietario cubre el 100% de las recomendaciones de vitaminas y ofrece un importante aporte de minerales. Adem\u00e1s, aporta una dosis extra de las vitaminas antioxidantes. Desarrollado con materias primas de excelente calidad, este producto asegura la estabilidad de sus componentes.<\/p>\n<p><img decoding=\"async\" class=\"alignnone size-full wp-image-431\" src=\"https:\/\/www.demusculos.com\/web\/wp-content\/uploads\/2024\/02\/logo-mervick.png\" alt=\"\" width=\"300\" height=\"60\" srcset=\"https:\/\/www.demusculos.com\/web\/wp-content\/uploads\/2024\/02\/logo-mervick.png 300w, https:\/\/www.demusculos.com\/web\/wp-content\/uploads\/2024\/02\/logo-mervick-150x30.png 150w\" sizes=\"(max-width: 300px) 100vw, 300px\" \/><\/p>\n<h2>Las vitaminas y minerales con m\u00e1s Vitalidad y Mejor Rendimiento<\/h2>\n<p>El Multivitam\u00ednico Mervick es ideal para las personas que comienzan a realizar actividad f\u00edsica. Cubre el 100% de las recomendaciones vitam\u00ednicas generales, ayudando a prevenir el cansancio y la fatiga tanto f\u00edsica como mental.<\/p>\n<h2>\u00bfQui\u00e9nes Deben Suplementarse con estas vitaminas?<\/h2>\n<p>Los deportistas y las personas con exigencias f\u00edsicas y mentales elevadas se beneficiar\u00e1n enormemente con este producto. Sin embargo, cualquier persona con una alimentaci\u00f3n inadecuada o insuficiente tambi\u00e9n se beneficiar\u00e1 con el consumo de este multivitam\u00ednico. Los adolescentes, adultos, mujeres y hombres, tendr\u00e1n \u00f3ptimos resultados sobre su salud y bienestar asegurando diariamente sus necesidades de vitaminas y minerales.<\/p>\n<p><img decoding=\"async\" class=\"alignnone size-full wp-image-9238\" src=\"https:\/\/www.demusculos.com\/web\/wp-content\/uploads\/2024\/02\/multi-vitaminico-mervick-lab-120-comprimidos-2.jpg\" alt=\"Multi Vitam\u00ednico y Minerales de Mervick Lab x 120\" width=\"1080\" height=\"1080\" srcset=\"https:\/\/www.demusculos.com\/web\/wp-content\/uploads\/2024\/02\/multi-vitaminico-mervick-lab-120-comprimidos-2.jpg 1080w, https:\/\/www.demusculos.com\/web\/wp-content\/uploads\/2024\/02\/multi-vitaminico-mervick-lab-120-comprimidos-2-300x300.jpg 300w, https:\/\/www.demusculos.com\/web\/wp-content\/uploads\/2024\/02\/multi-vitaminico-mervick-lab-120-comprimidos-2-150x150.jpg 150w, https:\/\/www.demusculos.com\/web\/wp-content\/uploads\/2024\/02\/multi-vitaminico-mervick-lab-120-comprimidos-2-800x800.jpg 800w, https:\/\/www.demusculos.com\/web\/wp-content\/uploads\/2024\/02\/multi-vitaminico-mervick-lab-120-comprimidos-2-1024x1024.jpg 1024w, https:\/\/www.demusculos.com\/web\/wp-content\/uploads\/2024\/02\/multi-vitaminico-mervick-lab-120-comprimidos-2-768x768.jpg 768w\" sizes=\"(max-width: 1080px) 100vw, 1080px\" \/><\/p>\n<h2>Vitaminas Antioxidantes<\/h2>\n<p>El Multivitam\u00ednico Mervick aporta una dosis extra de vitaminas antioxidantes, previniendo el estr\u00e9s oxidativo causado por el deporte. Este producto cubre el 200% de la recomendaci\u00f3n de las vitaminas E y C, previniendo el da\u00f1o muscular asociado a la elevada producci\u00f3n de radicales libres.<\/p>\n<h2>\u00bfEl vitam\u00ednico y mineral de Mervick Engorda?<\/h2>\n<p>El Multivitam\u00ednico Mervick no aporta calor\u00edas, ni incrementa el apetito, por lo tanto, su consumo no genera un aumento de peso corporal. En todos los planes de control de peso, este producto ser\u00e1 de gran utilidad para ofrecer todos los nutrientes que la dieta restringida en calor\u00edas no llega a cubrir, evitando cualquier estado de debilidad o malestar que pueda ocasionar el descenso de peso.<\/p>\n<p>En resumen, el Multivitam\u00ednico Mervick es m\u00e1s que un suplemento, es tu aliado para un estilo de vida saludable. \u00a1Haz la elecci\u00f3n correcta hoy!<\/p>\n<h3><strong>Beneficios de las Vitaminas y Minerales en el Deporte<\/strong><\/h3>\n<h2>La Importancia de las Vitaminas y Minerales<\/h2>\n<p>Las vitaminas y minerales son esenciales para el funcionamiento \u00f3ptimo de nuestro cuerpo. Aunque no aportan energ\u00eda como tal, ayudan a regular el metabolismo y permiten que nuestro organismo funcione de manera correcta. Son un factor determinante en marcar los resultados deportivos, tanto para bien como para mal.<\/p>\n<p><img loading=\"lazy\" decoding=\"async\" class=\"alignnone size-full wp-image-9239\" src=\"https:\/\/www.demusculos.com\/web\/wp-content\/uploads\/2024\/02\/multi-vitaminico-mervick-lab-120-comprimidos-3.jpg\" alt=\"Multi Vitam\u00ednico y Minerales de Mervick Lab x 120\" width=\"1080\" height=\"1080\" srcset=\"https:\/\/www.demusculos.com\/web\/wp-content\/uploads\/2024\/02\/multi-vitaminico-mervick-lab-120-comprimidos-3.jpg 1080w, https:\/\/www.demusculos.com\/web\/wp-content\/uploads\/2024\/02\/multi-vitaminico-mervick-lab-120-comprimidos-3-300x300.jpg 300w, https:\/\/www.demusculos.com\/web\/wp-content\/uploads\/2024\/02\/multi-vitaminico-mervick-lab-120-comprimidos-3-150x150.jpg 150w, https:\/\/www.demusculos.com\/web\/wp-content\/uploads\/2024\/02\/multi-vitaminico-mervick-lab-120-comprimidos-3-800x800.jpg 800w, https:\/\/www.demusculos.com\/web\/wp-content\/uploads\/2024\/02\/multi-vitaminico-mervick-lab-120-comprimidos-3-1024x1024.jpg 1024w, https:\/\/www.demusculos.com\/web\/wp-content\/uploads\/2024\/02\/multi-vitaminico-mervick-lab-120-comprimidos-3-768x768.jpg 768w\" sizes=\"(max-width: 1080px) 100vw, 1080px\" \/><\/p>\n<h2>Vitaminas Esenciales para el Deportista<\/h2>\n<h3>La famosa Vitamina C<\/h3>\n<p>La vitamina C ayuda a la recuperaci\u00f3n muscular y a la producci\u00f3n de col\u00e1geno. Es excepcional en la absorci\u00f3n del hierro en el organismo.<\/p>\n<h3>El calcio y la Vitamina D<\/h3>\n<p>La vitamina D ayuda a la absorci\u00f3n de calcio y a la salud \u00f3sea. Aumenta la densidad muscular, mejora el estado de \u00e1nimo y es antiinflamatoria.<\/p>\n<h3>La recuperaci\u00f3n y la Vitamina E<\/h3>\n<p>La vitamina E ayuda a la recuperaci\u00f3n muscular y a la protecci\u00f3n celular. Reduce la fatiga muscular y los dolores musculares post entrenamientos.<\/p>\n<h3>La energ\u00eda y la Vitamina B<\/h3>\n<p>La vitamina B es fundamental en la producci\u00f3n de energ\u00eda y en la recuperaci\u00f3n muscular. Interviene en la digesti\u00f3n de prote\u00ednas, carbohidratos y grasas.<\/p>\n<h2>Minerales en el Deporte<\/h2>\n<h3>La importancia del Magnesio<\/h3>\n<p>El magnesio es fundamental en los procesos fisiol\u00f3gicos. Previene da\u00f1os tanto en las articulaciones como en los m\u00fasculos y ayuda al balance de electrolitos y del metabolismo cal\u00f3rico.<\/p>\n<h2>Conclusi\u00f3n<\/h2>\n<p>Como hemos visto, las vitaminas y los minerales resultan de una importancia vital para los deportistas, pues su d\u00e9ficit puede provocar efectos adversos sobre el rendimiento. Por lo tanto, asegurar un aporte adecuado de estos nutrientes es esencial para cualquier persona que practique deporte.<\/p>\n<p>Puedes visitar nuestro Blog para obtener m\u00e1s informaci\u00f3n: <a href=\"https:\/\/www.demusculos.com\/contenidos\/\">www.demusculos.com\/contenidos<\/a><\/p>\n<p><img loading=\"lazy\" decoding=\"async\" class=\"alignnone size-full wp-image-9240\" src=\"https:\/\/www.demusculos.com\/web\/wp-content\/uploads\/2024\/02\/multi-vitaminico-mervick-lab-120-comprimidos-4.jpg\" alt=\"Multi Vitam\u00ednico y Minerales de Mervick Lab x 120\" width=\"1080\" height=\"1080\" srcset=\"https:\/\/www.demusculos.com\/web\/wp-content\/uploads\/2024\/02\/multi-vitaminico-mervick-lab-120-comprimidos-4.jpg 1080w, https:\/\/www.demusculos.com\/web\/wp-content\/uploads\/2024\/02\/multi-vitaminico-mervick-lab-120-comprimidos-4-300x300.jpg 300w, https:\/\/www.demusculos.com\/web\/wp-content\/uploads\/2024\/02\/multi-vitaminico-mervick-lab-120-comprimidos-4-150x150.jpg 150w, https:\/\/www.demusculos.com\/web\/wp-content\/uploads\/2024\/02\/multi-vitaminico-mervick-lab-120-comprimidos-4-800x800.jpg 800w, https:\/\/www.demusculos.com\/web\/wp-content\/uploads\/2024\/02\/multi-vitaminico-mervick-lab-120-comprimidos-4-1024x1024.jpg 1024w, https:\/\/www.demusculos.com\/web\/wp-content\/uploads\/2024\/02\/multi-vitaminico-mervick-lab-120-comprimidos-4-768x768.jpg 768w\" sizes=\"(max-width: 1080px) 100vw, 1080px\" \/><\/p>\n<p><img loading=\"lazy\" decoding=\"async\" class=\"alignnone size-full wp-image-9241\" src=\"https:\/\/www.demusculos.com\/web\/wp-content\/uploads\/2024\/02\/multi-vitaminico-mervick-lab-120-comprimidos-5.jpg\" alt=\"Multi Vitam\u00ednico y Minerales de Mervick Lab x 120\" width=\"1080\" height=\"1080\" srcset=\"https:\/\/www.demusculos.com\/web\/wp-content\/uploads\/2024\/02\/multi-vitaminico-mervick-lab-120-comprimidos-5.jpg 1080w, https:\/\/www.demusculos.com\/web\/wp-content\/uploads\/2024\/02\/multi-vitaminico-mervick-lab-120-comprimidos-5-300x300.jpg 300w, https:\/\/www.demusculos.com\/web\/wp-content\/uploads\/2024\/02\/multi-vitaminico-mervick-lab-120-comprimidos-5-150x150.jpg 150w, https:\/\/www.demusculos.com\/web\/wp-content\/uploads\/2024\/02\/multi-vitaminico-mervick-lab-120-comprimidos-5-800x800.jpg 800w, https:\/\/www.demusculos.com\/web\/wp-content\/uploads\/2024\/02\/multi-vitaminico-mervick-lab-120-comprimidos-5-1024x1024.jpg 1024w, https:\/\/www.demusculos.com\/web\/wp-content\/uploads\/2024\/02\/multi-vitaminico-mervick-lab-120-comprimidos-5-768x768.jpg 768w\" sizes=\"(max-width: 1080px) 100vw, 1080px\" \/><\/p>\n","protected":false},"excerpt":{"rendered":"<p>Multivitam\u00ednico Mervick: Tu Compa\u00f1ero de Salud y Bienestar Un Suplemento para Todos El Multivitam\u00ednico Mervick es la opci\u00f3n perfecta para todas aquellas personas que deseen asegurar su aporte nutricional. Ya seas un deportista, una persona activa, o simplemente alguien que busca mayor vitalidad y rendimiento, este producto es para ti. Incluso si no realizas una [&hellip;]<\/p>\n","protected":false},"featured_media":573,"comment_status":"closed","ping_status":"closed","template":"","meta":[],"product_brand":[224],"product_cat":[37],"product_tag":[58],"class_list":{"0":"post-572","1":"product","2":"type-product","3":"status-publish","4":"has-post-thumbnail","6":"product_brand-mervick-lab","7":"product_cat-vitaminas-y-minierales","8":"product_tag-mervick","10":"first","11":"outofstock","12":"sale","13":"shipping-taxable","14":"purchasable","15":"product-type-simple"},"yoast_head":"<!-- This site is optimized with the Yoast SEO plugin v27.3 - https:\/\/yoast.com\/product\/yoast-seo-wordpress\/ -->\n<title>Multivitam\u00ednico y minerales | Mervick | x120 | DeMusculos<\/title>\n<meta name=\"description\" content=\"Vitaminas y minerales de marca Mervick. Plan para 30 d\u00edas. Env\u00edo a toda la Argentina. Aumenta tu calidad de vida. Ideal para ambos sexos. Multivitam\u00ednico.\" \/>\n<meta name=\"robots\" content=\"index, follow, max-snippet:-1, max-image-preview:large, max-video-preview:-1\" \/>\n<link rel=\"canonical\" href=\"https:\/\/www.demusculos.com\/web\/producto\/multi-vitaminico-de-mervick-120-comprimidos-vitaminas-y-minerales\/\" \/>\n<meta property=\"og:locale\" content=\"es_ES\" \/>\n<meta property=\"og:type\" content=\"article\" \/>\n<meta property=\"og:title\" content=\"Multivitam\u00ednico y minerales | Mervick | x120 | DeMusculos\" \/>\n<meta property=\"og:description\" content=\"Vitaminas y minerales de marca Mervick. Plan para 30 d\u00edas. Env\u00edo a toda la Argentina. Aumenta tu calidad de vida. Ideal para ambos sexos. Multivitam\u00ednico.\" \/>\n<meta property=\"og:url\" content=\"https:\/\/www.demusculos.com\/web\/producto\/multi-vitaminico-de-mervick-120-comprimidos-vitaminas-y-minerales\/\" \/>\n<meta property=\"og:site_name\" content=\"DeMusculos\" \/>\n<meta property=\"article:publisher\" content=\"https:\/\/www.facebook.com\/demusculos\" \/>\n<meta property=\"article:modified_time\" content=\"2026-03-21T15:39:03+00:00\" \/>\n<meta property=\"og:image\" content=\"https:\/\/www.demusculos.com\/web\/wp-content\/uploads\/2024\/02\/multi-vitaminico-vitaminas-minerales-mervick-120-01.jpg\" \/>\n\t<meta property=\"og:image:width\" content=\"1200\" \/>\n\t<meta property=\"og:image:height\" content=\"1200\" \/>\n\t<meta property=\"og:image:type\" content=\"image\/jpeg\" \/>\n<meta name=\"twitter:card\" content=\"summary_large_image\" \/>\n<meta name=\"twitter:site\" content=\"@demusculos\" \/>\n<meta name=\"twitter:label1\" content=\"Tiempo de lectura\" \/>\n\t<meta name=\"twitter:data1\" content=\"5 minutos\" \/>\n<script type=\"application\/ld+json\" class=\"yoast-schema-graph\">{\"@context\":\"https:\\\/\\\/schema.org\",\"@graph\":[{\"@type\":\"WebPage\",\"@id\":\"https:\\\/\\\/www.demusculos.com\\\/web\\\/producto\\\/multi-vitaminico-de-mervick-120-comprimidos-vitaminas-y-minerales\\\/\",\"url\":\"https:\\\/\\\/www.demusculos.com\\\/web\\\/producto\\\/multi-vitaminico-de-mervick-120-comprimidos-vitaminas-y-minerales\\\/\",\"name\":\"Multivitam\u00ednico y minerales | Mervick | x120 | DeMusculos\",\"isPartOf\":{\"@id\":\"https:\\\/\\\/www.demusculos.com\\\/web\\\/#website\"},\"primaryImageOfPage\":{\"@id\":\"https:\\\/\\\/www.demusculos.com\\\/web\\\/producto\\\/multi-vitaminico-de-mervick-120-comprimidos-vitaminas-y-minerales\\\/#primaryimage\"},\"image\":{\"@id\":\"https:\\\/\\\/www.demusculos.com\\\/web\\\/producto\\\/multi-vitaminico-de-mervick-120-comprimidos-vitaminas-y-minerales\\\/#primaryimage\"},\"thumbnailUrl\":\"https:\\\/\\\/www.demusculos.com\\\/web\\\/wp-content\\\/uploads\\\/2024\\\/02\\\/multi-vitaminico-vitaminas-minerales-mervick-120-01.jpg\",\"datePublished\":\"2024-02-23T23:45:10+00:00\",\"dateModified\":\"2026-03-21T15:39:03+00:00\",\"description\":\"Vitaminas y minerales de marca Mervick. Plan para 30 d\u00edas. Env\u00edo a toda la Argentina. Aumenta tu calidad de vida. Ideal para ambos sexos. Multivitam\u00ednico.\",\"breadcrumb\":{\"@id\":\"https:\\\/\\\/www.demusculos.com\\\/web\\\/producto\\\/multi-vitaminico-de-mervick-120-comprimidos-vitaminas-y-minerales\\\/#breadcrumb\"},\"inLanguage\":\"es\",\"potentialAction\":[{\"@type\":\"ReadAction\",\"target\":[\"https:\\\/\\\/www.demusculos.com\\\/web\\\/producto\\\/multi-vitaminico-de-mervick-120-comprimidos-vitaminas-y-minerales\\\/\"]}]},{\"@type\":\"ImageObject\",\"inLanguage\":\"es\",\"@id\":\"https:\\\/\\\/www.demusculos.com\\\/web\\\/producto\\\/multi-vitaminico-de-mervick-120-comprimidos-vitaminas-y-minerales\\\/#primaryimage\",\"url\":\"https:\\\/\\\/www.demusculos.com\\\/web\\\/wp-content\\\/uploads\\\/2024\\\/02\\\/multi-vitaminico-vitaminas-minerales-mervick-120-01.jpg\",\"contentUrl\":\"https:\\\/\\\/www.demusculos.com\\\/web\\\/wp-content\\\/uploads\\\/2024\\\/02\\\/multi-vitaminico-vitaminas-minerales-mervick-120-01.jpg\",\"width\":1200,\"height\":1200},{\"@type\":\"BreadcrumbList\",\"@id\":\"https:\\\/\\\/www.demusculos.com\\\/web\\\/producto\\\/multi-vitaminico-de-mervick-120-comprimidos-vitaminas-y-minerales\\\/#breadcrumb\",\"itemListElement\":[{\"@type\":\"ListItem\",\"position\":1,\"name\":\"Inicio\",\"item\":\"https:\\\/\\\/www.demusculos.com\\\/web\\\/\"},{\"@type\":\"ListItem\",\"position\":2,\"name\":\"Suplementos\",\"item\":\"https:\\\/\\\/www.demusculos.com\\\/web\\\/tienda\\\/\"},{\"@type\":\"ListItem\",\"position\":3,\"name\":\"Multivitam\u00ednico de Mervick 120 comprimidos Vitaminas y Minerales\"}]},{\"@type\":\"WebSite\",\"@id\":\"https:\\\/\\\/www.demusculos.com\\\/web\\\/#website\",\"url\":\"https:\\\/\\\/www.demusculos.com\\\/web\\\/\",\"name\":\"DeMusculos.com\",\"description\":\"Suplementos Naturales\",\"publisher\":{\"@id\":\"https:\\\/\\\/www.demusculos.com\\\/web\\\/#organization\"},\"alternateName\":\"Suplementos Naturales\",\"potentialAction\":[{\"@type\":\"SearchAction\",\"target\":{\"@type\":\"EntryPoint\",\"urlTemplate\":\"https:\\\/\\\/www.demusculos.com\\\/web\\\/?s={search_term_string}\"},\"query-input\":{\"@type\":\"PropertyValueSpecification\",\"valueRequired\":true,\"valueName\":\"search_term_string\"}}],\"inLanguage\":\"es\"},{\"@type\":\"Organization\",\"@id\":\"https:\\\/\\\/www.demusculos.com\\\/web\\\/#organization\",\"name\":\"DeMusculos.com\",\"alternateName\":\"DeMusculos\",\"url\":\"https:\\\/\\\/www.demusculos.com\\\/web\\\/\",\"logo\":{\"@type\":\"ImageObject\",\"inLanguage\":\"es\",\"@id\":\"https:\\\/\\\/www.demusculos.com\\\/web\\\/#\\\/schema\\\/logo\\\/image\\\/\",\"url\":\"https:\\\/\\\/www.demusculos.com\\\/web\\\/wp-content\\\/uploads\\\/2024\\\/02\\\/logo-demusculos-prestashop-usuario.png\",\"contentUrl\":\"https:\\\/\\\/www.demusculos.com\\\/web\\\/wp-content\\\/uploads\\\/2024\\\/02\\\/logo-demusculos-prestashop-usuario.png\",\"width\":150,\"height\":150,\"caption\":\"DeMusculos.com\"},\"image\":{\"@id\":\"https:\\\/\\\/www.demusculos.com\\\/web\\\/#\\\/schema\\\/logo\\\/image\\\/\"},\"sameAs\":[\"https:\\\/\\\/www.facebook.com\\\/demusculos\",\"https:\\\/\\\/x.com\\\/demusculos\",\"https:\\\/\\\/www.instagram.com\\\/demusculos\",\"https:\\\/\\\/www.tiktok.com\\\/@demusculos.com\"]}]}<\/script>\n<!-- \/ Yoast SEO plugin. -->","yoast_head_json":{"title":"Multivitam\u00ednico y minerales | Mervick | x120 | DeMusculos","description":"Vitaminas y minerales de marca Mervick. Plan para 30 d\u00edas. Env\u00edo a toda la Argentina. Aumenta tu calidad de vida. Ideal para ambos sexos. Multivitam\u00ednico.","robots":{"index":"index","follow":"follow","max-snippet":"max-snippet:-1","max-image-preview":"max-image-preview:large","max-video-preview":"max-video-preview:-1"},"canonical":"https:\/\/www.demusculos.com\/web\/producto\/multi-vitaminico-de-mervick-120-comprimidos-vitaminas-y-minerales\/","og_locale":"es_ES","og_type":"article","og_title":"Multivitam\u00ednico y minerales | Mervick | x120 | DeMusculos","og_description":"Vitaminas y minerales de marca Mervick. Plan para 30 d\u00edas. Env\u00edo a toda la Argentina. Aumenta tu calidad de vida. Ideal para ambos sexos. Multivitam\u00ednico.","og_url":"https:\/\/www.demusculos.com\/web\/producto\/multi-vitaminico-de-mervick-120-comprimidos-vitaminas-y-minerales\/","og_site_name":"DeMusculos","article_publisher":"https:\/\/www.facebook.com\/demusculos","article_modified_time":"2026-03-21T15:39:03+00:00","og_image":[{"width":1200,"height":1200,"url":"https:\/\/www.demusculos.com\/web\/wp-content\/uploads\/2024\/02\/multi-vitaminico-vitaminas-minerales-mervick-120-01.jpg","type":"image\/jpeg"}],"twitter_card":"summary_large_image","twitter_site":"@demusculos","twitter_misc":{"Tiempo de lectura":"5 minutos"},"schema":{"@context":"https:\/\/schema.org","@graph":[{"@type":"WebPage","@id":"https:\/\/www.demusculos.com\/web\/producto\/multi-vitaminico-de-mervick-120-comprimidos-vitaminas-y-minerales\/","url":"https:\/\/www.demusculos.com\/web\/producto\/multi-vitaminico-de-mervick-120-comprimidos-vitaminas-y-minerales\/","name":"Multivitam\u00ednico y minerales | Mervick | x120 | DeMusculos","isPartOf":{"@id":"https:\/\/www.demusculos.com\/web\/#website"},"primaryImageOfPage":{"@id":"https:\/\/www.demusculos.com\/web\/producto\/multi-vitaminico-de-mervick-120-comprimidos-vitaminas-y-minerales\/#primaryimage"},"image":{"@id":"https:\/\/www.demusculos.com\/web\/producto\/multi-vitaminico-de-mervick-120-comprimidos-vitaminas-y-minerales\/#primaryimage"},"thumbnailUrl":"https:\/\/www.demusculos.com\/web\/wp-content\/uploads\/2024\/02\/multi-vitaminico-vitaminas-minerales-mervick-120-01.jpg","datePublished":"2024-02-23T23:45:10+00:00","dateModified":"2026-03-21T15:39:03+00:00","description":"Vitaminas y minerales de marca Mervick. Plan para 30 d\u00edas. Env\u00edo a toda la Argentina. Aumenta tu calidad de vida. Ideal para ambos sexos. Multivitam\u00ednico.","breadcrumb":{"@id":"https:\/\/www.demusculos.com\/web\/producto\/multi-vitaminico-de-mervick-120-comprimidos-vitaminas-y-minerales\/#breadcrumb"},"inLanguage":"es","potentialAction":[{"@type":"ReadAction","target":["https:\/\/www.demusculos.com\/web\/producto\/multi-vitaminico-de-mervick-120-comprimidos-vitaminas-y-minerales\/"]}]},{"@type":"ImageObject","inLanguage":"es","@id":"https:\/\/www.demusculos.com\/web\/producto\/multi-vitaminico-de-mervick-120-comprimidos-vitaminas-y-minerales\/#primaryimage","url":"https:\/\/www.demusculos.com\/web\/wp-content\/uploads\/2024\/02\/multi-vitaminico-vitaminas-minerales-mervick-120-01.jpg","contentUrl":"https:\/\/www.demusculos.com\/web\/wp-content\/uploads\/2024\/02\/multi-vitaminico-vitaminas-minerales-mervick-120-01.jpg","width":1200,"height":1200},{"@type":"BreadcrumbList","@id":"https:\/\/www.demusculos.com\/web\/producto\/multi-vitaminico-de-mervick-120-comprimidos-vitaminas-y-minerales\/#breadcrumb","itemListElement":[{"@type":"ListItem","position":1,"name":"Inicio","item":"https:\/\/www.demusculos.com\/web\/"},{"@type":"ListItem","position":2,"name":"Suplementos","item":"https:\/\/www.demusculos.com\/web\/tienda\/"},{"@type":"ListItem","position":3,"name":"Multivitam\u00ednico de Mervick 120 comprimidos Vitaminas y Minerales"}]},{"@type":"WebSite","@id":"https:\/\/www.demusculos.com\/web\/#website","url":"https:\/\/www.demusculos.com\/web\/","name":"DeMusculos.com","description":"Suplementos Naturales","publisher":{"@id":"https:\/\/www.demusculos.com\/web\/#organization"},"alternateName":"Suplementos Naturales","potentialAction":[{"@type":"SearchAction","target":{"@type":"EntryPoint","urlTemplate":"https:\/\/www.demusculos.com\/web\/?s={search_term_string}"},"query-input":{"@type":"PropertyValueSpecification","valueRequired":true,"valueName":"search_term_string"}}],"inLanguage":"es"},{"@type":"Organization","@id":"https:\/\/www.demusculos.com\/web\/#organization","name":"DeMusculos.com","alternateName":"DeMusculos","url":"https:\/\/www.demusculos.com\/web\/","logo":{"@type":"ImageObject","inLanguage":"es","@id":"https:\/\/www.demusculos.com\/web\/#\/schema\/logo\/image\/","url":"https:\/\/www.demusculos.com\/web\/wp-content\/uploads\/2024\/02\/logo-demusculos-prestashop-usuario.png","contentUrl":"https:\/\/www.demusculos.com\/web\/wp-content\/uploads\/2024\/02\/logo-demusculos-prestashop-usuario.png","width":150,"height":150,"caption":"DeMusculos.com"},"image":{"@id":"https:\/\/www.demusculos.com\/web\/#\/schema\/logo\/image\/"},"sameAs":["https:\/\/www.facebook.com\/demusculos","https:\/\/x.com\/demusculos","https:\/\/www.instagram.com\/demusculos","https:\/\/www.tiktok.com\/@demusculos.com"]}]}},"_links":{"self":[{"href":"https:\/\/www.demusculos.com\/web\/wp-json\/wp\/v2\/product\/572","targetHints":{"allow":["GET"]}}],"collection":[{"href":"https:\/\/www.demusculos.com\/web\/wp-json\/wp\/v2\/product"}],"about":[{"href":"https:\/\/www.demusculos.com\/web\/wp-json\/wp\/v2\/types\/product"}],"replies":[{"embeddable":true,"href":"https:\/\/www.demusculos.com\/web\/wp-json\/wp\/v2\/comments?post=572"}],"wp:featuredmedia":[{"embeddable":true,"href":"https:\/\/www.demusculos.com\/web\/wp-json\/wp\/v2\/media\/573"}],"wp:attachment":[{"href":"https:\/\/www.demusculos.com\/web\/wp-json\/wp\/v2\/media?parent=572"}],"wp:term":[{"taxonomy":"product_brand","embeddable":true,"href":"https:\/\/www.demusculos.com\/web\/wp-json\/wp\/v2\/product_brand?post=572"},{"taxonomy":"product_cat","embeddable":true,"href":"https:\/\/www.demusculos.com\/web\/wp-json\/wp\/v2\/product_cat?post=572"},{"taxonomy":"product_tag","embeddable":true,"href":"https:\/\/www.demusculos.com\/web\/wp-json\/wp\/v2\/product_tag?post=572"}],"curies":[{"name":"wp","href":"https:\/\/api.w.org\/{rel}","templated":true}]}}