{"id":576,"date":"2024-02-23T20:52:09","date_gmt":"2024-02-23T23:52:09","guid":{"rendered":"https:\/\/www.demusculos.com\/web\/?post_type=product&#038;p=576"},"modified":"2026-03-04T13:09:03","modified_gmt":"2026-03-04T16:09:03","slug":"bcaa-211-de-ena-sport-90-capsulas-aminoacidos-ramificados","status":"publish","type":"product","link":"https:\/\/www.demusculos.com\/web\/producto\/bcaa-211-de-ena-sport-90-capsulas-aminoacidos-ramificados\/","title":{"rendered":"Bcaa 2:1:1 de Ena Sport 90 c\u00e1psulas Amino\u00e1cidos Ramificados"},"content":{"rendered":"<h1><strong>El poder BCAA 2:1:1 de ENA Sport<\/strong>: Tu aliado para una recuperaci\u00f3n muscular \u00f3ptima<\/h1>\n<p><strong>\u00a1Descubre la nueva f\u00f3rmula mejorada de BCAA 2:1:1!<\/strong>\u00a0Este producto est\u00e1 dise\u00f1ado especialmente para aquellos que realizan actividad f\u00edsica intensa y buscan mejorar su recuperaci\u00f3n muscular.<\/p>\n<figure id=\"attachment_151\" aria-describedby=\"caption-attachment-151\" style=\"width: 446px\" class=\"wp-caption alignnone\"><img decoding=\"async\" class=\"wp-image-151 size-full\" src=\"https:\/\/www.demusculos.com\/web\/wp-content\/uploads\/2024\/02\/logo-ena-sport.png\" alt=\"Suplementos Ena Sport\" width=\"446\" height=\"103\" srcset=\"https:\/\/www.demusculos.com\/web\/wp-content\/uploads\/2024\/02\/logo-ena-sport.png 446w, https:\/\/www.demusculos.com\/web\/wp-content\/uploads\/2024\/02\/logo-ena-sport-300x69.png 300w, https:\/\/www.demusculos.com\/web\/wp-content\/uploads\/2024\/02\/logo-ena-sport-150x35.png 150w, https:\/\/www.demusculos.com\/web\/wp-content\/uploads\/2024\/02\/logo-ena-sport-416x96.png 416w\" sizes=\"(max-width: 446px) 100vw, 446px\" \/><figcaption id=\"caption-attachment-151\" class=\"wp-caption-text\">Este producto es fabricado por ENA SPORT (Empresa de Nutrici\u00f3n Argentina). Es una de las empresas pioneras en el rubro.<\/figcaption><\/figure>\n<h2>Beneficios clave<\/h2>\n<ul>\n<li><strong>Recuperaci\u00f3n muscular<\/strong>: Nuestra f\u00f3rmula mejorada ayuda a acelerar la recuperaci\u00f3n muscular despu\u00e9s de un entrenamiento intenso.<\/li>\n<li><strong>Construcci\u00f3n muscular<\/strong>: Los amino\u00e1cidos ramificados presentes en BCAA colaboran con la construcci\u00f3n, reparaci\u00f3n y mantenimiento de los m\u00fasculos.<\/li>\n<li><strong>Desarrollo muscular<\/strong>: Los amino\u00e1cidos en forma de \u201cL\u201d mejoran el desarrollo muscular y disminuyen la degradaci\u00f3n de prote\u00ednas durante los ejercicios.<\/li>\n<\/ul>\n<h2>Presentaci\u00f3n<\/h2>\n<p>El producto se presenta en un envase con 90 c\u00e1psulas, cada una de 706 miligramos.<\/p>\n<figure id=\"attachment_379\" aria-describedby=\"caption-attachment-379\" style=\"width: 300px\" class=\"wp-caption alignnone\"><img fetchpriority=\"high\" decoding=\"async\" class=\"size-full wp-image-379\" src=\"https:\/\/www.demusculos.com\/web\/wp-content\/uploads\/2024\/02\/icon-capsulas-facil-digestion.png\" alt=\"C\u00e1psulas | Comprimidos de f\u00e1cil toma\" width=\"300\" height=\"300\" srcset=\"https:\/\/www.demusculos.com\/web\/wp-content\/uploads\/2024\/02\/icon-capsulas-facil-digestion.png 300w, https:\/\/www.demusculos.com\/web\/wp-content\/uploads\/2024\/02\/icon-capsulas-facil-digestion-150x150.png 150w\" sizes=\"(max-width: 300px) 100vw, 300px\" \/><figcaption id=\"caption-attachment-379\" class=\"wp-caption-text\">Estas c\u00e1psulas, comprimidos y\/\/o tabletas son de f\u00e1cil toma, son verdaderamente peque\u00f1as. Tambi\u00e9n se digieren muy r\u00e1pidamente y se asimilan totalmente.<\/figcaption><\/figure>\n<h2>Modo de uso<\/h2>\n<p>Para obtener los mejores resultados, consume 3 c\u00e1psulas diarias, 30 minutos despu\u00e9s de tu entrenamiento.<\/p>\n<p><strong>\u00a1No esperes m\u00e1s!<\/strong>\u00a0Mejora tu rendimiento y acelera tu recuperaci\u00f3n con BCAA 2:1:1 de ENA Sport. \u00a1Haz tu pedido hoy mismo!<\/p>\n<p>te proporcionar\u00e9 informaci\u00f3n m\u00e1s detallada sobre los beneficios de la Leucina, Isoleucina y Valina, que son los componentes del producto BCAA 2:1:1 de ENA Sport.<\/p>\n<h2><strong>Bcaa: Leucina<\/strong><\/h2>\n<ul>\n<li><strong>Crecimiento y recuperaci\u00f3n muscular<\/strong>: La leucina promueve el crecimiento muscular y mejora la recuperaci\u00f3n al aumentar la s\u00edntesis de prote\u00ednas musculares<\/li>\n<li><strong>Mejora de la resistencia<\/strong>: La leucina puede mejorar la resistencia conservando las reservas de gluc\u00f3geno y mejorando la utilizaci\u00f3n de la energ\u00eda muscular<\/li>\n<li><strong>Aumento de la fuerza<\/strong>: La leucina puede aumentar la fuerza muscular y la producci\u00f3n de potencia<\/li>\n<li><strong>P\u00e9rdida de grasa y metabolismo<\/strong>: La leucina ha sido relacionada con mejoras en la composici\u00f3n corporal y la p\u00e9rdida de grasa<\/li>\n<\/ul>\n<h2><strong>El poder de la Isoleucina<\/strong><\/h2>\n<ul>\n<li><strong>Regeneraci\u00f3n muscular<\/strong>: La isoleucina es fundamental para la nutrici\u00f3n y contribuye a la regeneraci\u00f3n de los tejidos<\/li>\n<li><strong>Producci\u00f3n de energ\u00eda<\/strong>: Este amino\u00e1cido activa la creaci\u00f3n de tejidos nuevos y estimula la segregaci\u00f3n de insulina, lo que resulta en la producci\u00f3n de energ\u00eda para los m\u00fasculos<\/li>\n<li><strong>Cicatrizaci\u00f3n de la piel y tejido conectivo<\/strong>: La isoleucina tiene propiedades que aceleran la cicatrizaci\u00f3n de heridas y curaci\u00f3n de lesiones deportivas<\/li>\n<\/ul>\n<h2><strong>Importancia de la Valina<\/strong><\/h2>\n<ul>\n<li><strong>Producci\u00f3n de energ\u00eda<\/strong>: La valina tambi\u00e9n contribuye a la producci\u00f3n de energ\u00eda para el organismo<\/li>\n<li><strong>Mejora el metabolismo muscular<\/strong>: Este amino\u00e1cido mejora el metabolismo muscular<\/li>\n<li><strong>Formaci\u00f3n de nuevos tejidos org\u00e1nicos<\/strong>: La valina participa en la formaci\u00f3n de nuevos tejidos org\u00e1nicos<\/li>\n<li><strong>Cicatrizaci\u00f3n de piel y tejido conectivo<\/strong>: Al igual que la isoleucina, la valina tiene propiedades que favorecen la cicatrizaci\u00f3n de la piel y el tejido conectivo<\/li>\n<\/ul>\n<p>Estos tres amino\u00e1cidos, Leucina, Isoleucina y Valina, son los componentes principales del producto BCAA 2:1:1 de ENA Sport. Este producto est\u00e1 dise\u00f1ado para personas que realizan actividad f\u00edsica intensa, ya que colabora con la construcci\u00f3n, reparaci\u00f3n y mantenimiento de los m\u00fasculos. Al contener estos tres amino\u00e1cidos esenciales, el BCAA 2:1:1 de ENA Sport ayuda a mejorar la recuperaci\u00f3n muscular, promover el crecimiento muscular, aumentar la resistencia y la fuerza, y mejorar el metabolismo muscular. Por lo tanto, este producto es un excelente aliado para los deportistas que buscan optimizar su rendimiento y acelerar su recuperaci\u00f3n despu\u00e9s del entrenamiento.<\/p>\n<p>Puedes ver recomendaciones y notas de productos en nuestro blog: <a href=\"https:\/\/www.demusculos.com\/blog\/\">www.demusculos.com\/blog<\/a><\/p>\n","protected":false},"excerpt":{"rendered":"<p>Amino\u00e1cidos ramificados o BCAA. Contienen Leucina, Isoleucina y Valina. Ideal para recuperaci\u00f3n, rendimiento y aumento de masa muscular. Para ambos sexos. Para todos los deportes.<\/p>\n","protected":false},"featured_media":577,"comment_status":"closed","ping_status":"closed","template":"","meta":[],"product_brand":[223],"product_cat":[25],"product_tag":[38],"class_list":{"0":"post-576","1":"product","2":"type-product","3":"status-publish","4":"has-post-thumbnail","6":"product_brand-ena-sport","7":"product_cat-bcaa","8":"product_tag-ena-sport","10":"first","11":"instock","12":"sale","13":"shipping-taxable","14":"purchasable","15":"product-type-simple"},"yoast_head":"<!-- This site is optimized with the Yoast SEO plugin v27.6 - https:\/\/yoast.com\/product\/yoast-seo-wordpress\/ -->\n<title>Bcaa 2:1:1 de Ena Sport 90 c\u00e1psulas Amino\u00e1cidos Ramificados | DeMusculos<\/title>\n<meta name=\"description\" content=\"Amino\u00e1cidos Ramificados o BCAA de Ena Sport. Excelente para Recuperaci\u00f3n, Rendimiento y Aumento de masa muscular. Aumento de energ\u00eda. Env\u00edo a todo el pa\u00eds.\" \/>\n<meta name=\"robots\" content=\"index, follow, max-snippet:-1, max-image-preview:large, max-video-preview:-1\" \/>\n<link rel=\"canonical\" href=\"https:\/\/www.demusculos.com\/web\/producto\/bcaa-211-de-ena-sport-90-capsulas-aminoacidos-ramificados\/\" \/>\n<meta property=\"og:locale\" content=\"es_ES\" \/>\n<meta property=\"og:type\" content=\"article\" \/>\n<meta property=\"og:title\" content=\"Bcaa 2:1:1 de Ena Sport 90 c\u00e1psulas Amino\u00e1cidos Ramificados | DeMusculos\" \/>\n<meta property=\"og:description\" content=\"Amino\u00e1cidos Ramificados o BCAA de Ena Sport. Excelente para Recuperaci\u00f3n, Rendimiento y Aumento de masa muscular. Aumento de energ\u00eda. Env\u00edo a todo el pa\u00eds.\" \/>\n<meta property=\"og:url\" content=\"https:\/\/www.demusculos.com\/web\/producto\/bcaa-211-de-ena-sport-90-capsulas-aminoacidos-ramificados\/\" \/>\n<meta property=\"og:site_name\" content=\"DeMusculos\" \/>\n<meta property=\"article:publisher\" content=\"https:\/\/www.facebook.com\/demusculos\" \/>\n<meta property=\"article:modified_time\" content=\"2026-03-04T16:09:03+00:00\" \/>\n<meta property=\"og:image\" content=\"https:\/\/www.demusculos.com\/web\/wp-content\/uploads\/2024\/02\/bcaa-2-1-11.jpg\" \/>\n\t<meta property=\"og:image:width\" content=\"1200\" \/>\n\t<meta property=\"og:image:height\" content=\"1200\" \/>\n\t<meta property=\"og:image:type\" content=\"image\/jpeg\" \/>\n<meta name=\"twitter:card\" content=\"summary_large_image\" \/>\n<meta name=\"twitter:site\" content=\"@demusculos\" \/>\n<meta name=\"twitter:label1\" content=\"Tiempo de lectura\" \/>\n\t<meta name=\"twitter:data1\" content=\"4 minutos\" \/>\n<script type=\"application\/ld+json\" class=\"yoast-schema-graph\">{\"@context\":\"https:\\\/\\\/schema.org\",\"@graph\":[{\"@type\":\"WebPage\",\"@id\":\"https:\\\/\\\/www.demusculos.com\\\/web\\\/producto\\\/bcaa-211-de-ena-sport-90-capsulas-aminoacidos-ramificados\\\/\",\"url\":\"https:\\\/\\\/www.demusculos.com\\\/web\\\/producto\\\/bcaa-211-de-ena-sport-90-capsulas-aminoacidos-ramificados\\\/\",\"name\":\"Bcaa 2:1:1 de Ena Sport 90 c\u00e1psulas Amino\u00e1cidos Ramificados | DeMusculos\",\"isPartOf\":{\"@id\":\"https:\\\/\\\/www.demusculos.com\\\/web\\\/#website\"},\"primaryImageOfPage\":{\"@id\":\"https:\\\/\\\/www.demusculos.com\\\/web\\\/producto\\\/bcaa-211-de-ena-sport-90-capsulas-aminoacidos-ramificados\\\/#primaryimage\"},\"image\":{\"@id\":\"https:\\\/\\\/www.demusculos.com\\\/web\\\/producto\\\/bcaa-211-de-ena-sport-90-capsulas-aminoacidos-ramificados\\\/#primaryimage\"},\"thumbnailUrl\":\"https:\\\/\\\/www.demusculos.com\\\/web\\\/wp-content\\\/uploads\\\/2024\\\/02\\\/bcaa-2-1-11.jpg\",\"datePublished\":\"2024-02-23T23:52:09+00:00\",\"dateModified\":\"2026-03-04T16:09:03+00:00\",\"description\":\"Amino\u00e1cidos Ramificados o BCAA de Ena Sport. Excelente para Recuperaci\u00f3n, Rendimiento y Aumento de masa muscular. Aumento de energ\u00eda. Env\u00edo a todo el pa\u00eds.\",\"breadcrumb\":{\"@id\":\"https:\\\/\\\/www.demusculos.com\\\/web\\\/producto\\\/bcaa-211-de-ena-sport-90-capsulas-aminoacidos-ramificados\\\/#breadcrumb\"},\"inLanguage\":\"es\",\"potentialAction\":[{\"@type\":\"ReadAction\",\"target\":[\"https:\\\/\\\/www.demusculos.com\\\/web\\\/producto\\\/bcaa-211-de-ena-sport-90-capsulas-aminoacidos-ramificados\\\/\"]}]},{\"@type\":\"ImageObject\",\"inLanguage\":\"es\",\"@id\":\"https:\\\/\\\/www.demusculos.com\\\/web\\\/producto\\\/bcaa-211-de-ena-sport-90-capsulas-aminoacidos-ramificados\\\/#primaryimage\",\"url\":\"https:\\\/\\\/www.demusculos.com\\\/web\\\/wp-content\\\/uploads\\\/2024\\\/02\\\/bcaa-2-1-11.jpg\",\"contentUrl\":\"https:\\\/\\\/www.demusculos.com\\\/web\\\/wp-content\\\/uploads\\\/2024\\\/02\\\/bcaa-2-1-11.jpg\",\"width\":1200,\"height\":1200,\"caption\":\"Bcaa 2:1:1 de Ena Sport | Amino\u00e1cidos Ramificados: Leucina, Isoleucina y Valina\"},{\"@type\":\"BreadcrumbList\",\"@id\":\"https:\\\/\\\/www.demusculos.com\\\/web\\\/producto\\\/bcaa-211-de-ena-sport-90-capsulas-aminoacidos-ramificados\\\/#breadcrumb\",\"itemListElement\":[{\"@type\":\"ListItem\",\"position\":1,\"name\":\"Inicio\",\"item\":\"https:\\\/\\\/www.demusculos.com\\\/web\\\/\"},{\"@type\":\"ListItem\",\"position\":2,\"name\":\"Suplementos\",\"item\":\"https:\\\/\\\/www.demusculos.com\\\/web\\\/tienda\\\/\"},{\"@type\":\"ListItem\",\"position\":3,\"name\":\"Bcaa 2:1:1 de Ena Sport 90 c\u00e1psulas Amino\u00e1cidos Ramificados\"}]},{\"@type\":\"WebSite\",\"@id\":\"https:\\\/\\\/www.demusculos.com\\\/web\\\/#website\",\"url\":\"https:\\\/\\\/www.demusculos.com\\\/web\\\/\",\"name\":\"DeMusculos.com\",\"description\":\"Suplementos Naturales\",\"publisher\":{\"@id\":\"https:\\\/\\\/www.demusculos.com\\\/web\\\/#organization\"},\"alternateName\":\"Suplementos Naturales\",\"potentialAction\":[{\"@type\":\"SearchAction\",\"target\":{\"@type\":\"EntryPoint\",\"urlTemplate\":\"https:\\\/\\\/www.demusculos.com\\\/web\\\/?s={search_term_string}\"},\"query-input\":{\"@type\":\"PropertyValueSpecification\",\"valueRequired\":true,\"valueName\":\"search_term_string\"}}],\"inLanguage\":\"es\"},{\"@type\":\"Organization\",\"@id\":\"https:\\\/\\\/www.demusculos.com\\\/web\\\/#organization\",\"name\":\"DeMusculos.com\",\"alternateName\":\"DeMusculos\",\"url\":\"https:\\\/\\\/www.demusculos.com\\\/web\\\/\",\"logo\":{\"@type\":\"ImageObject\",\"inLanguage\":\"es\",\"@id\":\"https:\\\/\\\/www.demusculos.com\\\/web\\\/#\\\/schema\\\/logo\\\/image\\\/\",\"url\":\"https:\\\/\\\/www.demusculos.com\\\/web\\\/wp-content\\\/uploads\\\/2024\\\/02\\\/logo-demusculos-prestashop-usuario.png\",\"contentUrl\":\"https:\\\/\\\/www.demusculos.com\\\/web\\\/wp-content\\\/uploads\\\/2024\\\/02\\\/logo-demusculos-prestashop-usuario.png\",\"width\":150,\"height\":150,\"caption\":\"DeMusculos.com\"},\"image\":{\"@id\":\"https:\\\/\\\/www.demusculos.com\\\/web\\\/#\\\/schema\\\/logo\\\/image\\\/\"},\"sameAs\":[\"https:\\\/\\\/www.facebook.com\\\/demusculos\",\"https:\\\/\\\/x.com\\\/demusculos\",\"https:\\\/\\\/www.instagram.com\\\/demusculos\",\"https:\\\/\\\/www.tiktok.com\\\/@demusculos.com\"]}]}<\/script>\n<!-- \/ Yoast SEO plugin. -->","yoast_head_json":{"title":"Bcaa 2:1:1 de Ena Sport 90 c\u00e1psulas Amino\u00e1cidos Ramificados | DeMusculos","description":"Amino\u00e1cidos Ramificados o BCAA de Ena Sport. Excelente para Recuperaci\u00f3n, Rendimiento y Aumento de masa muscular. Aumento de energ\u00eda. Env\u00edo a todo el pa\u00eds.","robots":{"index":"index","follow":"follow","max-snippet":"max-snippet:-1","max-image-preview":"max-image-preview:large","max-video-preview":"max-video-preview:-1"},"canonical":"https:\/\/www.demusculos.com\/web\/producto\/bcaa-211-de-ena-sport-90-capsulas-aminoacidos-ramificados\/","og_locale":"es_ES","og_type":"article","og_title":"Bcaa 2:1:1 de Ena Sport 90 c\u00e1psulas Amino\u00e1cidos Ramificados | DeMusculos","og_description":"Amino\u00e1cidos Ramificados o BCAA de Ena Sport. Excelente para Recuperaci\u00f3n, Rendimiento y Aumento de masa muscular. Aumento de energ\u00eda. Env\u00edo a todo el pa\u00eds.","og_url":"https:\/\/www.demusculos.com\/web\/producto\/bcaa-211-de-ena-sport-90-capsulas-aminoacidos-ramificados\/","og_site_name":"DeMusculos","article_publisher":"https:\/\/www.facebook.com\/demusculos","article_modified_time":"2026-03-04T16:09:03+00:00","og_image":[{"width":1200,"height":1200,"url":"https:\/\/www.demusculos.com\/web\/wp-content\/uploads\/2024\/02\/bcaa-2-1-11.jpg","type":"image\/jpeg"}],"twitter_card":"summary_large_image","twitter_site":"@demusculos","twitter_misc":{"Tiempo de lectura":"4 minutos"},"schema":{"@context":"https:\/\/schema.org","@graph":[{"@type":"WebPage","@id":"https:\/\/www.demusculos.com\/web\/producto\/bcaa-211-de-ena-sport-90-capsulas-aminoacidos-ramificados\/","url":"https:\/\/www.demusculos.com\/web\/producto\/bcaa-211-de-ena-sport-90-capsulas-aminoacidos-ramificados\/","name":"Bcaa 2:1:1 de Ena Sport 90 c\u00e1psulas Amino\u00e1cidos Ramificados | DeMusculos","isPartOf":{"@id":"https:\/\/www.demusculos.com\/web\/#website"},"primaryImageOfPage":{"@id":"https:\/\/www.demusculos.com\/web\/producto\/bcaa-211-de-ena-sport-90-capsulas-aminoacidos-ramificados\/#primaryimage"},"image":{"@id":"https:\/\/www.demusculos.com\/web\/producto\/bcaa-211-de-ena-sport-90-capsulas-aminoacidos-ramificados\/#primaryimage"},"thumbnailUrl":"https:\/\/www.demusculos.com\/web\/wp-content\/uploads\/2024\/02\/bcaa-2-1-11.jpg","datePublished":"2024-02-23T23:52:09+00:00","dateModified":"2026-03-04T16:09:03+00:00","description":"Amino\u00e1cidos Ramificados o BCAA de Ena Sport. Excelente para Recuperaci\u00f3n, Rendimiento y Aumento de masa muscular. Aumento de energ\u00eda. Env\u00edo a todo el pa\u00eds.","breadcrumb":{"@id":"https:\/\/www.demusculos.com\/web\/producto\/bcaa-211-de-ena-sport-90-capsulas-aminoacidos-ramificados\/#breadcrumb"},"inLanguage":"es","potentialAction":[{"@type":"ReadAction","target":["https:\/\/www.demusculos.com\/web\/producto\/bcaa-211-de-ena-sport-90-capsulas-aminoacidos-ramificados\/"]}]},{"@type":"ImageObject","inLanguage":"es","@id":"https:\/\/www.demusculos.com\/web\/producto\/bcaa-211-de-ena-sport-90-capsulas-aminoacidos-ramificados\/#primaryimage","url":"https:\/\/www.demusculos.com\/web\/wp-content\/uploads\/2024\/02\/bcaa-2-1-11.jpg","contentUrl":"https:\/\/www.demusculos.com\/web\/wp-content\/uploads\/2024\/02\/bcaa-2-1-11.jpg","width":1200,"height":1200,"caption":"Bcaa 2:1:1 de Ena Sport | Amino\u00e1cidos Ramificados: Leucina, Isoleucina y Valina"},{"@type":"BreadcrumbList","@id":"https:\/\/www.demusculos.com\/web\/producto\/bcaa-211-de-ena-sport-90-capsulas-aminoacidos-ramificados\/#breadcrumb","itemListElement":[{"@type":"ListItem","position":1,"name":"Inicio","item":"https:\/\/www.demusculos.com\/web\/"},{"@type":"ListItem","position":2,"name":"Suplementos","item":"https:\/\/www.demusculos.com\/web\/tienda\/"},{"@type":"ListItem","position":3,"name":"Bcaa 2:1:1 de Ena Sport 90 c\u00e1psulas Amino\u00e1cidos Ramificados"}]},{"@type":"WebSite","@id":"https:\/\/www.demusculos.com\/web\/#website","url":"https:\/\/www.demusculos.com\/web\/","name":"DeMusculos.com","description":"Suplementos Naturales","publisher":{"@id":"https:\/\/www.demusculos.com\/web\/#organization"},"alternateName":"Suplementos Naturales","potentialAction":[{"@type":"SearchAction","target":{"@type":"EntryPoint","urlTemplate":"https:\/\/www.demusculos.com\/web\/?s={search_term_string}"},"query-input":{"@type":"PropertyValueSpecification","valueRequired":true,"valueName":"search_term_string"}}],"inLanguage":"es"},{"@type":"Organization","@id":"https:\/\/www.demusculos.com\/web\/#organization","name":"DeMusculos.com","alternateName":"DeMusculos","url":"https:\/\/www.demusculos.com\/web\/","logo":{"@type":"ImageObject","inLanguage":"es","@id":"https:\/\/www.demusculos.com\/web\/#\/schema\/logo\/image\/","url":"https:\/\/www.demusculos.com\/web\/wp-content\/uploads\/2024\/02\/logo-demusculos-prestashop-usuario.png","contentUrl":"https:\/\/www.demusculos.com\/web\/wp-content\/uploads\/2024\/02\/logo-demusculos-prestashop-usuario.png","width":150,"height":150,"caption":"DeMusculos.com"},"image":{"@id":"https:\/\/www.demusculos.com\/web\/#\/schema\/logo\/image\/"},"sameAs":["https:\/\/www.facebook.com\/demusculos","https:\/\/x.com\/demusculos","https:\/\/www.instagram.com\/demusculos","https:\/\/www.tiktok.com\/@demusculos.com"]}]}},"_links":{"self":[{"href":"https:\/\/www.demusculos.com\/web\/wp-json\/wp\/v2\/product\/576","targetHints":{"allow":["GET"]}}],"collection":[{"href":"https:\/\/www.demusculos.com\/web\/wp-json\/wp\/v2\/product"}],"about":[{"href":"https:\/\/www.demusculos.com\/web\/wp-json\/wp\/v2\/types\/product"}],"replies":[{"embeddable":true,"href":"https:\/\/www.demusculos.com\/web\/wp-json\/wp\/v2\/comments?post=576"}],"wp:featuredmedia":[{"embeddable":true,"href":"https:\/\/www.demusculos.com\/web\/wp-json\/wp\/v2\/media\/577"}],"wp:attachment":[{"href":"https:\/\/www.demusculos.com\/web\/wp-json\/wp\/v2\/media?parent=576"}],"wp:term":[{"taxonomy":"product_brand","embeddable":true,"href":"https:\/\/www.demusculos.com\/web\/wp-json\/wp\/v2\/product_brand?post=576"},{"taxonomy":"product_cat","embeddable":true,"href":"https:\/\/www.demusculos.com\/web\/wp-json\/wp\/v2\/product_cat?post=576"},{"taxonomy":"product_tag","embeddable":true,"href":"https:\/\/www.demusculos.com\/web\/wp-json\/wp\/v2\/product_tag?post=576"}],"curies":[{"name":"wp","href":"https:\/\/api.w.org\/{rel}","templated":true}]}}