{"id":6036,"date":"2024-08-09T19:05:39","date_gmt":"2024-08-09T22:05:39","guid":{"rendered":"https:\/\/www.demusculos.com\/web\/?post_type=product&#038;p=6036"},"modified":"2026-04-24T23:29:53","modified_gmt":"2026-04-25T02:29:53","slug":"whey-3-de-star-nutrition-x-2-lbs-creatina-300-mervick","status":"publish","type":"product","link":"https:\/\/www.demusculos.com\/web\/producto\/whey-3-de-star-nutrition-x-2-lbs-creatina-300-mervick\/","title":{"rendered":"Whey Protein Mervick x 2 lbs + Creatina 300 grs de Mervick 100% Pura"},"content":{"rendered":"<p><span style=\"font-size: 28px;\"><b>Whey Protein Mervick 2 lbs + Creatina 300 grs Mervick<\/b><\/span><\/p>\n<p><strong>Este combo incluye creatina 300 grs de Marca Mervick.<\/strong><\/p>\n<p>La creatina es ideal para prevenir la fatiga muscular y aumentar el rendimiento.<br \/>\n\u00a1Desde hace m\u00e1s de 30 a\u00f1os prote\u00ednas y creatinas se llevan de la mano!<br \/>\nAumenta la recuperaci\u00f3n y rendimiento general de cualquier deportista.<\/p>\n<figure id=\"attachment_2246\" aria-describedby=\"caption-attachment-2246\" style=\"width: 300px\" class=\"wp-caption alignnone\"><img fetchpriority=\"high\" decoding=\"async\" class=\"size-full wp-image-2246\" src=\"https:\/\/www.demusculos.com\/web\/wp-content\/uploads\/2024\/03\/icon-combo.png\" alt=\"Productos en combo. Potencia tu rendimiento, masa muscular y vitalidad con nuestros Combos Stack.\" width=\"300\" height=\"300\" srcset=\"https:\/\/www.demusculos.com\/web\/wp-content\/uploads\/2024\/03\/icon-combo.png 300w, https:\/\/www.demusculos.com\/web\/wp-content\/uploads\/2024\/03\/icon-combo-150x150.png 150w\" sizes=\"(max-width: 300px) 100vw, 300px\" \/><figcaption id=\"caption-attachment-2246\" class=\"wp-caption-text\">Ahorra dinero con nuestros Combos Stack. Productos que te ayudan a mejorar la calidad de vida.<\/figcaption><\/figure>\n<h2><strong>Descripci\u00f3n de la prote\u00edna<\/strong><\/h2>\n<h3><strong>1. Prote\u00edna Whey Protein Mervick<\/strong><\/h3>\n<ul>\n<li>Es una prote\u00edna ideal para recuperaci\u00f3n, rendimiento y aumento de masa muscular.<\/li>\n<\/ul>\n<h3><strong>2. Beneficios Clave:<\/strong><\/h3>\n<ul>\n<li><strong>Aporte Nutricional Esencial<\/strong>: Las prote\u00ednas son los bloques de construcci\u00f3n fundamentales para el crecimiento muscular, la reparaci\u00f3n y la recuperaci\u00f3n.<\/li>\n<li><strong>R\u00e1pida Absorci\u00f3n<\/strong>: El suero de leche es conocido por su r\u00e1pida digesti\u00f3n y absorci\u00f3n, lo que lo convierte en una excelente opci\u00f3n despu\u00e9s del ejercicio.<\/li>\n<li><strong>Alternativa Pr\u00e1ctica<\/strong>: Para aquellos momentos en los que no puedes hacer una comida completa inmediatamente despu\u00e9s del entrenamiento, los batidos de prote\u00ednas son una alternativa conveniente y efectiva.<\/li>\n<\/ul>\n<h3><strong>3. \u00bfC\u00f3mo Tomar Whey Protein ?<\/strong><\/h3>\n<ul>\n<li><strong>1 porci\u00f3n diaria<\/strong>: Disfruta de una porci\u00f3n de <b>prote\u00edna<\/b>\u00a0al d\u00eda, idealmente\u00a0<strong>1 hora antes de tu entrenamiento<\/strong>. Esto te proporcionar\u00e1 un impulso de prote\u00ednas para maximizar tus resultados.<\/li>\n<li><strong>Preparaci\u00f3n Sencilla<\/strong>: Mezcla con\u00a0<strong>agua o leche descremada<\/strong>\u00a0para obtener un batido delicioso y nutritivo.<\/li>\n<\/ul>\n<h3><strong>4. Presentaci\u00f3n y Tama\u00f1o<\/strong><\/h3>\n<ul>\n<li>Cada envase de\u00a0<strong>Whey 3 Star Nutrition<\/strong>\u00a0contiene\u00a0<strong>1 kg<\/strong>\u00a0de prote\u00edna de alta calidad. \u00a1Suficiente para mantener tus m\u00fasculos alimentados y listos para la acci\u00f3n!<\/li>\n<\/ul>\n<p>En resumen, la prote\u00edna de Mervick es tu compa\u00f1era confiable para alcanzar tus metas de fitness. \u00a1Aprovecha sus beneficios y dale a tu cuerpo la prote\u00edna que necesita para brillar en cada entrenamiento! &#xfe0f;<\/p>\n","protected":false},"excerpt":{"rendered":"<p>Creatina 300 grs de Mervick, ideal para energ\u00eda y rendimiento. Prote\u00edna de Mervick ideal para recuperaci\u00f3n, aumento de masa muscular, tono muscular.<\/p>\n","protected":false},"featured_media":9962,"comment_status":"open","ping_status":"closed","template":"","meta":[],"product_brand":[224],"product_cat":[71,208],"product_tag":[77,58,79,78,26,129],"class_list":{"0":"post-6036","1":"product","2":"type-product","3":"status-publish","4":"has-post-thumbnail","6":"product_brand-mervick-lab","7":"product_cat-combos-masa-muscular","8":"product_cat-combos-proteina-y-creatina","9":"product_tag-masa-muscular","10":"product_tag-mervick","11":"product_tag-recuperacion","12":"product_tag-rendimiento","13":"product_tag-star-nutrition","14":"product_tag-whey-protein","16":"first","17":"instock","18":"sale","19":"shipping-taxable","20":"purchasable","21":"product-type-variable"},"yoast_head":"<!-- This site is optimized with the Yoast SEO plugin v27.5 - https:\/\/yoast.com\/product\/yoast-seo-wordpress\/ -->\n<title>Whey Protein Mervick | Creatina 300 Mervick | Combos<\/title>\n<meta name=\"description\" content=\"Combo: Whey Protein Mervick + Creatina 300 grs de Mervick. Ideal para recuperaci\u00f3n, rendimiento, aumento de energ\u00eda, menos fatiga muscular.\" \/>\n<meta name=\"robots\" content=\"index, follow, max-snippet:-1, max-image-preview:large, max-video-preview:-1\" \/>\n<link rel=\"canonical\" href=\"https:\/\/www.demusculos.com\/web\/producto\/whey-3-de-star-nutrition-x-2-lbs-creatina-300-mervick\/\" \/>\n<meta property=\"og:locale\" content=\"es_ES\" \/>\n<meta property=\"og:type\" content=\"article\" \/>\n<meta property=\"og:title\" content=\"Whey Protein Mervick | Creatina 300 Mervick | Combos\" \/>\n<meta property=\"og:description\" content=\"Combo: Whey Protein Mervick + Creatina 300 grs de Mervick. Ideal para recuperaci\u00f3n, rendimiento, aumento de energ\u00eda, menos fatiga muscular.\" \/>\n<meta property=\"og:url\" content=\"https:\/\/www.demusculos.com\/web\/producto\/whey-3-de-star-nutrition-x-2-lbs-creatina-300-mervick\/\" \/>\n<meta property=\"og:site_name\" content=\"DeMusculos\" \/>\n<meta property=\"article:publisher\" content=\"https:\/\/www.facebook.com\/demusculos\" \/>\n<meta property=\"article:modified_time\" content=\"2026-04-25T02:29:53+00:00\" \/>\n<meta property=\"og:image\" content=\"https:\/\/www.demusculos.com\/web\/wp-content\/uploads\/2024\/08\/whey-2-lbs-mervick-creatina-300-mervick.jpg\" \/>\n\t<meta property=\"og:image:width\" content=\"1200\" \/>\n\t<meta property=\"og:image:height\" content=\"1200\" \/>\n\t<meta property=\"og:image:type\" content=\"image\/jpeg\" \/>\n<meta name=\"twitter:card\" content=\"summary_large_image\" \/>\n<meta name=\"twitter:site\" content=\"@demusculos\" \/>\n<meta name=\"twitter:label1\" content=\"Tiempo de lectura\" \/>\n\t<meta name=\"twitter:data1\" content=\"2 minutos\" \/>\n<script type=\"application\/ld+json\" class=\"yoast-schema-graph\">{\"@context\":\"https:\\\/\\\/schema.org\",\"@graph\":[{\"@type\":\"WebPage\",\"@id\":\"https:\\\/\\\/www.demusculos.com\\\/web\\\/producto\\\/whey-3-de-star-nutrition-x-2-lbs-creatina-300-mervick\\\/\",\"url\":\"https:\\\/\\\/www.demusculos.com\\\/web\\\/producto\\\/whey-3-de-star-nutrition-x-2-lbs-creatina-300-mervick\\\/\",\"name\":\"Whey Protein Mervick | Creatina 300 Mervick | Combos\",\"isPartOf\":{\"@id\":\"https:\\\/\\\/www.demusculos.com\\\/web\\\/#website\"},\"primaryImageOfPage\":{\"@id\":\"https:\\\/\\\/www.demusculos.com\\\/web\\\/producto\\\/whey-3-de-star-nutrition-x-2-lbs-creatina-300-mervick\\\/#primaryimage\"},\"image\":{\"@id\":\"https:\\\/\\\/www.demusculos.com\\\/web\\\/producto\\\/whey-3-de-star-nutrition-x-2-lbs-creatina-300-mervick\\\/#primaryimage\"},\"thumbnailUrl\":\"https:\\\/\\\/www.demusculos.com\\\/web\\\/wp-content\\\/uploads\\\/2024\\\/08\\\/whey-2-lbs-mervick-creatina-300-mervick.jpg\",\"datePublished\":\"2024-08-09T22:05:39+00:00\",\"dateModified\":\"2026-04-25T02:29:53+00:00\",\"description\":\"Combo: Whey Protein Mervick + Creatina 300 grs de Mervick. Ideal para recuperaci\u00f3n, rendimiento, aumento de energ\u00eda, menos fatiga muscular.\",\"breadcrumb\":{\"@id\":\"https:\\\/\\\/www.demusculos.com\\\/web\\\/producto\\\/whey-3-de-star-nutrition-x-2-lbs-creatina-300-mervick\\\/#breadcrumb\"},\"inLanguage\":\"es\",\"potentialAction\":[{\"@type\":\"ReadAction\",\"target\":[\"https:\\\/\\\/www.demusculos.com\\\/web\\\/producto\\\/whey-3-de-star-nutrition-x-2-lbs-creatina-300-mervick\\\/\"]}]},{\"@type\":\"ImageObject\",\"inLanguage\":\"es\",\"@id\":\"https:\\\/\\\/www.demusculos.com\\\/web\\\/producto\\\/whey-3-de-star-nutrition-x-2-lbs-creatina-300-mervick\\\/#primaryimage\",\"url\":\"https:\\\/\\\/www.demusculos.com\\\/web\\\/wp-content\\\/uploads\\\/2024\\\/08\\\/whey-2-lbs-mervick-creatina-300-mervick.jpg\",\"contentUrl\":\"https:\\\/\\\/www.demusculos.com\\\/web\\\/wp-content\\\/uploads\\\/2024\\\/08\\\/whey-2-lbs-mervick-creatina-300-mervick.jpg\",\"width\":1200,\"height\":1200,\"caption\":\"Combo: Whey Mervick + Creatina 300\"},{\"@type\":\"BreadcrumbList\",\"@id\":\"https:\\\/\\\/www.demusculos.com\\\/web\\\/producto\\\/whey-3-de-star-nutrition-x-2-lbs-creatina-300-mervick\\\/#breadcrumb\",\"itemListElement\":[{\"@type\":\"ListItem\",\"position\":1,\"name\":\"Inicio\",\"item\":\"https:\\\/\\\/www.demusculos.com\\\/web\\\/\"},{\"@type\":\"ListItem\",\"position\":2,\"name\":\"Suplementos\",\"item\":\"https:\\\/\\\/www.demusculos.com\\\/web\\\/tienda\\\/\"},{\"@type\":\"ListItem\",\"position\":3,\"name\":\"Whey Protein Mervick x 2 lbs + Creatina 300 grs de Mervick 100% Pura\"}]},{\"@type\":\"WebSite\",\"@id\":\"https:\\\/\\\/www.demusculos.com\\\/web\\\/#website\",\"url\":\"https:\\\/\\\/www.demusculos.com\\\/web\\\/\",\"name\":\"DeMusculos.com\",\"description\":\"Suplementos Naturales\",\"publisher\":{\"@id\":\"https:\\\/\\\/www.demusculos.com\\\/web\\\/#organization\"},\"alternateName\":\"Suplementos Naturales\",\"potentialAction\":[{\"@type\":\"SearchAction\",\"target\":{\"@type\":\"EntryPoint\",\"urlTemplate\":\"https:\\\/\\\/www.demusculos.com\\\/web\\\/?s={search_term_string}\"},\"query-input\":{\"@type\":\"PropertyValueSpecification\",\"valueRequired\":true,\"valueName\":\"search_term_string\"}}],\"inLanguage\":\"es\"},{\"@type\":\"Organization\",\"@id\":\"https:\\\/\\\/www.demusculos.com\\\/web\\\/#organization\",\"name\":\"DeMusculos.com\",\"alternateName\":\"DeMusculos\",\"url\":\"https:\\\/\\\/www.demusculos.com\\\/web\\\/\",\"logo\":{\"@type\":\"ImageObject\",\"inLanguage\":\"es\",\"@id\":\"https:\\\/\\\/www.demusculos.com\\\/web\\\/#\\\/schema\\\/logo\\\/image\\\/\",\"url\":\"https:\\\/\\\/www.demusculos.com\\\/web\\\/wp-content\\\/uploads\\\/2024\\\/02\\\/logo-demusculos-prestashop-usuario.png\",\"contentUrl\":\"https:\\\/\\\/www.demusculos.com\\\/web\\\/wp-content\\\/uploads\\\/2024\\\/02\\\/logo-demusculos-prestashop-usuario.png\",\"width\":150,\"height\":150,\"caption\":\"DeMusculos.com\"},\"image\":{\"@id\":\"https:\\\/\\\/www.demusculos.com\\\/web\\\/#\\\/schema\\\/logo\\\/image\\\/\"},\"sameAs\":[\"https:\\\/\\\/www.facebook.com\\\/demusculos\",\"https:\\\/\\\/x.com\\\/demusculos\",\"https:\\\/\\\/www.instagram.com\\\/demusculos\",\"https:\\\/\\\/www.tiktok.com\\\/@demusculos.com\"]}]}<\/script>\n<!-- \/ Yoast SEO plugin. -->","yoast_head_json":{"title":"Whey Protein Mervick | Creatina 300 Mervick | Combos","description":"Combo: Whey Protein Mervick + Creatina 300 grs de Mervick. Ideal para recuperaci\u00f3n, rendimiento, aumento de energ\u00eda, menos fatiga muscular.","robots":{"index":"index","follow":"follow","max-snippet":"max-snippet:-1","max-image-preview":"max-image-preview:large","max-video-preview":"max-video-preview:-1"},"canonical":"https:\/\/www.demusculos.com\/web\/producto\/whey-3-de-star-nutrition-x-2-lbs-creatina-300-mervick\/","og_locale":"es_ES","og_type":"article","og_title":"Whey Protein Mervick | Creatina 300 Mervick | Combos","og_description":"Combo: Whey Protein Mervick + Creatina 300 grs de Mervick. Ideal para recuperaci\u00f3n, rendimiento, aumento de energ\u00eda, menos fatiga muscular.","og_url":"https:\/\/www.demusculos.com\/web\/producto\/whey-3-de-star-nutrition-x-2-lbs-creatina-300-mervick\/","og_site_name":"DeMusculos","article_publisher":"https:\/\/www.facebook.com\/demusculos","article_modified_time":"2026-04-25T02:29:53+00:00","og_image":[{"width":1200,"height":1200,"url":"https:\/\/www.demusculos.com\/web\/wp-content\/uploads\/2024\/08\/whey-2-lbs-mervick-creatina-300-mervick.jpg","type":"image\/jpeg"}],"twitter_card":"summary_large_image","twitter_site":"@demusculos","twitter_misc":{"Tiempo de lectura":"2 minutos"},"schema":{"@context":"https:\/\/schema.org","@graph":[{"@type":"WebPage","@id":"https:\/\/www.demusculos.com\/web\/producto\/whey-3-de-star-nutrition-x-2-lbs-creatina-300-mervick\/","url":"https:\/\/www.demusculos.com\/web\/producto\/whey-3-de-star-nutrition-x-2-lbs-creatina-300-mervick\/","name":"Whey Protein Mervick | Creatina 300 Mervick | Combos","isPartOf":{"@id":"https:\/\/www.demusculos.com\/web\/#website"},"primaryImageOfPage":{"@id":"https:\/\/www.demusculos.com\/web\/producto\/whey-3-de-star-nutrition-x-2-lbs-creatina-300-mervick\/#primaryimage"},"image":{"@id":"https:\/\/www.demusculos.com\/web\/producto\/whey-3-de-star-nutrition-x-2-lbs-creatina-300-mervick\/#primaryimage"},"thumbnailUrl":"https:\/\/www.demusculos.com\/web\/wp-content\/uploads\/2024\/08\/whey-2-lbs-mervick-creatina-300-mervick.jpg","datePublished":"2024-08-09T22:05:39+00:00","dateModified":"2026-04-25T02:29:53+00:00","description":"Combo: Whey Protein Mervick + Creatina 300 grs de Mervick. Ideal para recuperaci\u00f3n, rendimiento, aumento de energ\u00eda, menos fatiga muscular.","breadcrumb":{"@id":"https:\/\/www.demusculos.com\/web\/producto\/whey-3-de-star-nutrition-x-2-lbs-creatina-300-mervick\/#breadcrumb"},"inLanguage":"es","potentialAction":[{"@type":"ReadAction","target":["https:\/\/www.demusculos.com\/web\/producto\/whey-3-de-star-nutrition-x-2-lbs-creatina-300-mervick\/"]}]},{"@type":"ImageObject","inLanguage":"es","@id":"https:\/\/www.demusculos.com\/web\/producto\/whey-3-de-star-nutrition-x-2-lbs-creatina-300-mervick\/#primaryimage","url":"https:\/\/www.demusculos.com\/web\/wp-content\/uploads\/2024\/08\/whey-2-lbs-mervick-creatina-300-mervick.jpg","contentUrl":"https:\/\/www.demusculos.com\/web\/wp-content\/uploads\/2024\/08\/whey-2-lbs-mervick-creatina-300-mervick.jpg","width":1200,"height":1200,"caption":"Combo: Whey Mervick + Creatina 300"},{"@type":"BreadcrumbList","@id":"https:\/\/www.demusculos.com\/web\/producto\/whey-3-de-star-nutrition-x-2-lbs-creatina-300-mervick\/#breadcrumb","itemListElement":[{"@type":"ListItem","position":1,"name":"Inicio","item":"https:\/\/www.demusculos.com\/web\/"},{"@type":"ListItem","position":2,"name":"Suplementos","item":"https:\/\/www.demusculos.com\/web\/tienda\/"},{"@type":"ListItem","position":3,"name":"Whey Protein Mervick x 2 lbs + Creatina 300 grs de Mervick 100% Pura"}]},{"@type":"WebSite","@id":"https:\/\/www.demusculos.com\/web\/#website","url":"https:\/\/www.demusculos.com\/web\/","name":"DeMusculos.com","description":"Suplementos Naturales","publisher":{"@id":"https:\/\/www.demusculos.com\/web\/#organization"},"alternateName":"Suplementos Naturales","potentialAction":[{"@type":"SearchAction","target":{"@type":"EntryPoint","urlTemplate":"https:\/\/www.demusculos.com\/web\/?s={search_term_string}"},"query-input":{"@type":"PropertyValueSpecification","valueRequired":true,"valueName":"search_term_string"}}],"inLanguage":"es"},{"@type":"Organization","@id":"https:\/\/www.demusculos.com\/web\/#organization","name":"DeMusculos.com","alternateName":"DeMusculos","url":"https:\/\/www.demusculos.com\/web\/","logo":{"@type":"ImageObject","inLanguage":"es","@id":"https:\/\/www.demusculos.com\/web\/#\/schema\/logo\/image\/","url":"https:\/\/www.demusculos.com\/web\/wp-content\/uploads\/2024\/02\/logo-demusculos-prestashop-usuario.png","contentUrl":"https:\/\/www.demusculos.com\/web\/wp-content\/uploads\/2024\/02\/logo-demusculos-prestashop-usuario.png","width":150,"height":150,"caption":"DeMusculos.com"},"image":{"@id":"https:\/\/www.demusculos.com\/web\/#\/schema\/logo\/image\/"},"sameAs":["https:\/\/www.facebook.com\/demusculos","https:\/\/x.com\/demusculos","https:\/\/www.instagram.com\/demusculos","https:\/\/www.tiktok.com\/@demusculos.com"]}]}},"_links":{"self":[{"href":"https:\/\/www.demusculos.com\/web\/wp-json\/wp\/v2\/product\/6036","targetHints":{"allow":["GET"]}}],"collection":[{"href":"https:\/\/www.demusculos.com\/web\/wp-json\/wp\/v2\/product"}],"about":[{"href":"https:\/\/www.demusculos.com\/web\/wp-json\/wp\/v2\/types\/product"}],"replies":[{"embeddable":true,"href":"https:\/\/www.demusculos.com\/web\/wp-json\/wp\/v2\/comments?post=6036"}],"wp:featuredmedia":[{"embeddable":true,"href":"https:\/\/www.demusculos.com\/web\/wp-json\/wp\/v2\/media\/9962"}],"wp:attachment":[{"href":"https:\/\/www.demusculos.com\/web\/wp-json\/wp\/v2\/media?parent=6036"}],"wp:term":[{"taxonomy":"product_brand","embeddable":true,"href":"https:\/\/www.demusculos.com\/web\/wp-json\/wp\/v2\/product_brand?post=6036"},{"taxonomy":"product_cat","embeddable":true,"href":"https:\/\/www.demusculos.com\/web\/wp-json\/wp\/v2\/product_cat?post=6036"},{"taxonomy":"product_tag","embeddable":true,"href":"https:\/\/www.demusculos.com\/web\/wp-json\/wp\/v2\/product_tag?post=6036"}],"curies":[{"name":"wp","href":"https:\/\/api.w.org\/{rel}","templated":true}]}}