{"id":6112,"date":"2024-08-13T19:10:40","date_gmt":"2024-08-13T22:10:40","guid":{"rendered":"https:\/\/www.demusculos.com\/web\/?post_type=product&#038;p=6112"},"modified":"2026-02-01T20:02:54","modified_gmt":"2026-02-01T23:02:54","slug":"nitro-whey-star-creatina-300-mervick","status":"publish","type":"product","link":"https:\/\/www.demusculos.com\/web\/producto\/nitro-whey-star-creatina-300-mervick\/","title":{"rendered":"Nitro Whey 2 Lbs Star Nutrition + Creatina 300 grs Mervick"},"content":{"rendered":"<h2>Nitro Whey de Star Nutrition + Creatina 300 Mervick<\/h2>\n<p>Nitro Whey es una prote\u00edna de suero de leche potenciada con \u00f3xido n\u00edtrico. Permite una mayor recuperaci\u00f3n. A mayor recuperaci\u00f3n m\u00e1s masa muscular en menos tiempo.<br \/>\nCombo ideal para aumento de masa muscular y mejorar el rendimiento. Tambi\u00e9n aumenta la energ\u00eda y previene la fatiga.<\/p>\n<figure id=\"attachment_246\" aria-describedby=\"caption-attachment-246\" style=\"width: 446px\" class=\"wp-caption alignnone\"><img decoding=\"async\" class=\"size-full wp-image-246\" src=\"https:\/\/www.demusculos.com\/web\/wp-content\/uploads\/2024\/02\/logo-star-nutrition.png\" alt=\"Productos natuales Star Nutrition | Prote\u00ednas | Amino\u00e1cidos | Quemadores | \u00d3xidos N\u00edtricos | Ganadores de peso\" width=\"446\" height=\"103\" srcset=\"https:\/\/www.demusculos.com\/web\/wp-content\/uploads\/2024\/02\/logo-star-nutrition.png 446w, https:\/\/www.demusculos.com\/web\/wp-content\/uploads\/2024\/02\/logo-star-nutrition-300x69.png 300w, https:\/\/www.demusculos.com\/web\/wp-content\/uploads\/2024\/02\/logo-star-nutrition-150x35.png 150w, https:\/\/www.demusculos.com\/web\/wp-content\/uploads\/2024\/02\/logo-star-nutrition-416x96.png 416w\" sizes=\"(max-width: 446px) 100vw, 446px\" \/><figcaption id=\"caption-attachment-246\" class=\"wp-caption-text\">Todos los productos de Star Nutrition. Laboratorio Nutriciencia.<\/figcaption><\/figure>\n<p><strong>Nitro Whey de Star Nutrition<\/strong>: \u00a1La prote\u00edna completa que necesitas para tus objetivos de fitness!<\/p>\n<h2><strong>Descripci\u00f3n de la prote\u00edna<\/strong><\/h2>\n<ul>\n<li><strong>Nitro Whey<\/strong>\u00a0es un suplemento dietario a base de prote\u00ednas y amino\u00e1cidos.<\/li>\n<li>Presentaci\u00f3n:\u00a0<strong>908 g (2 lb)<\/strong>, lo que equivale a\u00a0<strong>30 porciones<\/strong>.<\/li>\n<li>Cada porci\u00f3n contiene\u00a0<strong>25 g de prote\u00edna<\/strong>.<\/li>\n<li>Disponible en los sabores:\u00a0<strong>Chocolate Suizo<\/strong>,\u00a0<strong>Vainilla Ice Cream<\/strong>\u00a0y\u00a0<strong>Strawberry Cream<\/strong>.<\/li>\n<\/ul>\n<h2><strong>Beneficios Claves del combo: Prote\u00edna + Creatina<\/strong><\/h2>\n<ol>\n<li><strong>Ultra Premium Protein Matrix<\/strong>: Enriquecida con\u00a0<strong>Creatina<\/strong>,\u00a0<strong>BCAA<\/strong>,\u00a0<strong>Beta Alanina<\/strong>\u00a0y el\u00a0<strong>EXCLUSIVO PREBI\u00d3TICO Ganeden30 BC<\/strong>, que mejora la absorci\u00f3n de prote\u00ednas.<\/li>\n<li>Ideal para:\n<ul>\n<li><strong>Nutrici\u00f3n General<\/strong><\/li>\n<li><strong>Recuperaci\u00f3n<\/strong><\/li>\n<li><strong>Masa Muscular<\/strong><\/li>\n<li><strong>Control de Peso<\/strong><\/li>\n<\/ul>\n<\/li>\n<li><strong>Superior a Otras F\u00f3rmulas<\/strong>: Contiene enzimas digestivas para una mejor asimilaci\u00f3n.<\/li>\n<li><strong>La Creatina retrasa la Fatiga Muscular y mejora la energ\u00eda<\/strong><\/li>\n<li>La Creatina es ideal para cualquier tipo de deportes y es el combo (prote\u00ednas + creatinas) m\u00e1s utilizado en todo el mundo.<\/li>\n<\/ol>\n<figure id=\"attachment_1228\" aria-describedby=\"caption-attachment-1228\" style=\"width: 1200px\" class=\"wp-caption alignnone\"><img fetchpriority=\"high\" decoding=\"async\" class=\"size-full wp-image-1228\" src=\"https:\/\/www.demusculos.com\/web\/wp-content\/uploads\/2024\/02\/creatina-300-grs-mervick-03.jpg\" alt=\"Creatina 300 grs de Mervick\" width=\"1200\" height=\"1200\" srcset=\"https:\/\/www.demusculos.com\/web\/wp-content\/uploads\/2024\/02\/creatina-300-grs-mervick-03.jpg 1200w, https:\/\/www.demusculos.com\/web\/wp-content\/uploads\/2024\/02\/creatina-300-grs-mervick-03-300x300.jpg 300w, https:\/\/www.demusculos.com\/web\/wp-content\/uploads\/2024\/02\/creatina-300-grs-mervick-03-150x150.jpg 150w, https:\/\/www.demusculos.com\/web\/wp-content\/uploads\/2024\/02\/creatina-300-grs-mervick-03-800x800.jpg 800w, https:\/\/www.demusculos.com\/web\/wp-content\/uploads\/2024\/02\/creatina-300-grs-mervick-03-1024x1024.jpg 1024w, https:\/\/www.demusculos.com\/web\/wp-content\/uploads\/2024\/02\/creatina-300-grs-mervick-03-768x768.jpg 768w\" sizes=\"(max-width: 1200px) 100vw, 1200px\" \/><figcaption id=\"caption-attachment-1228\" class=\"wp-caption-text\">Creatina 300 grs de Mervick<\/figcaption><\/figure>\n<h2><strong>Composici\u00f3n de Nitro Whey<\/strong><\/h2>\n<ul>\n<li><strong>Prote\u00edna de Suero Ultraconcentrada<\/strong>: Cada servicio de 36 g contiene 29 g de pura prote\u00edna de suero ultra concentrada.<\/li>\n<li><strong>Creatina Monohidrato<\/strong>: 3 g por porci\u00f3n.<\/li>\n<li><strong>Beta Alanina<\/strong>: 1 g por porci\u00f3n.<\/li>\n<li><strong>Amino\u00e1cidos de Cadena Ramificada (BCAA)<\/strong>: 4 g (en forma libre y como fuente de la prote\u00edna).<\/li>\n<li><strong>Glutamina<\/strong>: Incre\u00edbles 8,92 g (en forma libre y como fuente de la prote\u00edna).<\/li>\n<\/ul>\n<h2><strong>Modo de Uso<\/strong><\/h2>\n<p>Prote\u00edna: Diluir <strong>1 medida (30 g)<\/strong>\u00a0en un\u00a0<strong>Shaker Star Nutrition<\/strong>\u00a0con\u00a0<strong>200\/300 cm\u00b3 de agua o leche descremada<\/strong>, o seg\u00fan las indicaciones de tu m\u00e9dico.<br \/>\nCreatina: Podemos tomar una medida de creatina antes de entrenar, para prevenir la fatiga muscular.<br \/>\nLa prote\u00edna la podemos tomar luego de entrenar, para recuperaci\u00f3n muscular.<br \/>\n<em>Tomando creatina antes de entrenar y prote\u00edna luego de entrenar cubrimos el antes y despu\u00e9s de entrenar, los momentos m\u00e1s importantes de los deportistas.<\/em><\/p>\n<h2><strong>Puntajes DeMusculos.com<\/strong><\/h2>\n<ul>\n<li><strong>Reconocimiento de la Marca Star Nutrition en el Mercado<\/strong>: !10\/10<\/li>\n<li><strong>Cantidad de Tomas por Pote<\/strong>: !7\/10<\/li>\n<li><strong>Efectividad de la Prote\u00edna con Dieta y Ejercicio<\/strong>: !9\/10<\/li>\n<\/ul>\n<p>\u00a1Con\u00a0<strong>Nitro Whey<\/strong>, alcanza tus metas de entrenamiento y nutrici\u00f3n! \ufe0f\u200d<\/p>\n<div class=\"video-container\"><iframe title=\"Nitro Whey 2 Lbs de Star Nutrition - Prote\u00edna potenciada con \u00f3xido n\u00edtrico\" width=\"563\" height=\"1000\" src=\"https:\/\/www.youtube.com\/embed\/nDORP-uz10U?feature=oembed\" frameborder=\"0\" allow=\"accelerometer; autoplay; clipboard-write; encrypted-media; gyroscope; picture-in-picture; web-share\" referrerpolicy=\"strict-origin-when-cross-origin\" allowfullscreen><\/iframe><\/div>\n","protected":false},"excerpt":{"rendered":"<p>Combo para masa muscular, energ\u00eda, recuperaci\u00f3n y prevenci\u00f3n de fatiga muscular. Creatina 300 grs Mervick + prote\u00edna potenciada con \u00f3xido n\u00edtrico, mejora la asimilaci\u00f3n y el transporte de nutrientes hacia la fibra muscular.<\/p>\n","protected":false},"featured_media":6116,"comment_status":"closed","ping_status":"closed","template":"","meta":[],"product_brand":[254],"product_cat":[71,208],"product_tag":[77,79,78,26,129],"class_list":{"0":"post-6112","1":"product","2":"type-product","3":"status-publish","4":"has-post-thumbnail","6":"product_brand-combos-multimarca","7":"product_cat-combos-masa-muscular","8":"product_cat-combos-proteina-y-creatina","9":"product_tag-masa-muscular","10":"product_tag-recuperacion","11":"product_tag-rendimiento","12":"product_tag-star-nutrition","13":"product_tag-whey-protein","15":"first","16":"instock","17":"sale","18":"shipping-taxable","19":"purchasable","20":"product-type-variable"},"yoast_head":"<!-- This site is optimized with the Yoast SEO plugin v27.3 - https:\/\/yoast.com\/product\/yoast-seo-wordpress\/ -->\n<title>Nitro Whey | Creatian 300 grs Mervick | Combos | Masa Muscular<\/title>\n<meta name=\"description\" content=\"Nitro Whey de Star Nutrition y Creatina 300 grs de Mervick. Combo ideal para prevenir fatiga muscular, mejorar el rendimiento y tener m\u00e1s energ\u00eda.\" \/>\n<meta name=\"robots\" content=\"index, follow, max-snippet:-1, max-image-preview:large, max-video-preview:-1\" \/>\n<link rel=\"canonical\" href=\"https:\/\/www.demusculos.com\/web\/producto\/nitro-whey-star-creatina-300-mervick\/\" \/>\n<meta property=\"og:locale\" content=\"es_ES\" \/>\n<meta property=\"og:type\" content=\"article\" \/>\n<meta property=\"og:title\" content=\"Nitro Whey | Creatian 300 grs Mervick | Combos | Masa Muscular\" \/>\n<meta property=\"og:description\" content=\"Nitro Whey de Star Nutrition y Creatina 300 grs de Mervick. Combo ideal para prevenir fatiga muscular, mejorar el rendimiento y tener m\u00e1s energ\u00eda.\" \/>\n<meta property=\"og:url\" content=\"https:\/\/www.demusculos.com\/web\/producto\/nitro-whey-star-creatina-300-mervick\/\" \/>\n<meta property=\"og:site_name\" content=\"DeMusculos\" \/>\n<meta property=\"article:publisher\" content=\"https:\/\/www.facebook.com\/demusculos\" \/>\n<meta property=\"article:modified_time\" content=\"2026-02-01T23:02:54+00:00\" \/>\n<meta property=\"og:image\" content=\"https:\/\/www.demusculos.com\/web\/wp-content\/uploads\/2024\/08\/nitro-whey-star-nutrition-creatina-300-mervick.jpg\" \/>\n\t<meta property=\"og:image:width\" content=\"1200\" \/>\n\t<meta property=\"og:image:height\" content=\"1200\" \/>\n\t<meta property=\"og:image:type\" content=\"image\/jpeg\" \/>\n<meta name=\"twitter:card\" content=\"summary_large_image\" \/>\n<meta name=\"twitter:site\" content=\"@demusculos\" \/>\n<meta name=\"twitter:label1\" content=\"Tiempo de lectura\" \/>\n\t<meta name=\"twitter:data1\" content=\"3 minutos\" \/>\n<script type=\"application\/ld+json\" class=\"yoast-schema-graph\">{\"@context\":\"https:\\\/\\\/schema.org\",\"@graph\":[{\"@type\":\"WebPage\",\"@id\":\"https:\\\/\\\/www.demusculos.com\\\/web\\\/producto\\\/nitro-whey-star-creatina-300-mervick\\\/\",\"url\":\"https:\\\/\\\/www.demusculos.com\\\/web\\\/producto\\\/nitro-whey-star-creatina-300-mervick\\\/\",\"name\":\"Nitro Whey | Creatian 300 grs Mervick | Combos | Masa Muscular\",\"isPartOf\":{\"@id\":\"https:\\\/\\\/www.demusculos.com\\\/web\\\/#website\"},\"primaryImageOfPage\":{\"@id\":\"https:\\\/\\\/www.demusculos.com\\\/web\\\/producto\\\/nitro-whey-star-creatina-300-mervick\\\/#primaryimage\"},\"image\":{\"@id\":\"https:\\\/\\\/www.demusculos.com\\\/web\\\/producto\\\/nitro-whey-star-creatina-300-mervick\\\/#primaryimage\"},\"thumbnailUrl\":\"https:\\\/\\\/www.demusculos.com\\\/web\\\/wp-content\\\/uploads\\\/2024\\\/08\\\/nitro-whey-star-nutrition-creatina-300-mervick.jpg\",\"datePublished\":\"2024-08-13T22:10:40+00:00\",\"dateModified\":\"2026-02-01T23:02:54+00:00\",\"description\":\"Nitro Whey de Star Nutrition y Creatina 300 grs de Mervick. Combo ideal para prevenir fatiga muscular, mejorar el rendimiento y tener m\u00e1s energ\u00eda.\",\"breadcrumb\":{\"@id\":\"https:\\\/\\\/www.demusculos.com\\\/web\\\/producto\\\/nitro-whey-star-creatina-300-mervick\\\/#breadcrumb\"},\"inLanguage\":\"es\",\"potentialAction\":[{\"@type\":\"ReadAction\",\"target\":[\"https:\\\/\\\/www.demusculos.com\\\/web\\\/producto\\\/nitro-whey-star-creatina-300-mervick\\\/\"]}]},{\"@type\":\"ImageObject\",\"inLanguage\":\"es\",\"@id\":\"https:\\\/\\\/www.demusculos.com\\\/web\\\/producto\\\/nitro-whey-star-creatina-300-mervick\\\/#primaryimage\",\"url\":\"https:\\\/\\\/www.demusculos.com\\\/web\\\/wp-content\\\/uploads\\\/2024\\\/08\\\/nitro-whey-star-nutrition-creatina-300-mervick.jpg\",\"contentUrl\":\"https:\\\/\\\/www.demusculos.com\\\/web\\\/wp-content\\\/uploads\\\/2024\\\/08\\\/nitro-whey-star-nutrition-creatina-300-mervick.jpg\",\"width\":1200,\"height\":1200,\"caption\":\"Prote\u00edna + Creatina\"},{\"@type\":\"BreadcrumbList\",\"@id\":\"https:\\\/\\\/www.demusculos.com\\\/web\\\/producto\\\/nitro-whey-star-creatina-300-mervick\\\/#breadcrumb\",\"itemListElement\":[{\"@type\":\"ListItem\",\"position\":1,\"name\":\"Inicio\",\"item\":\"https:\\\/\\\/www.demusculos.com\\\/web\\\/\"},{\"@type\":\"ListItem\",\"position\":2,\"name\":\"Suplementos\",\"item\":\"https:\\\/\\\/www.demusculos.com\\\/web\\\/tienda\\\/\"},{\"@type\":\"ListItem\",\"position\":3,\"name\":\"Nitro Whey 2 Lbs Star Nutrition + Creatina 300 grs Mervick\"}]},{\"@type\":\"WebSite\",\"@id\":\"https:\\\/\\\/www.demusculos.com\\\/web\\\/#website\",\"url\":\"https:\\\/\\\/www.demusculos.com\\\/web\\\/\",\"name\":\"DeMusculos.com\",\"description\":\"Suplementos Naturales\",\"publisher\":{\"@id\":\"https:\\\/\\\/www.demusculos.com\\\/web\\\/#organization\"},\"alternateName\":\"Suplementos Naturales\",\"potentialAction\":[{\"@type\":\"SearchAction\",\"target\":{\"@type\":\"EntryPoint\",\"urlTemplate\":\"https:\\\/\\\/www.demusculos.com\\\/web\\\/?s={search_term_string}\"},\"query-input\":{\"@type\":\"PropertyValueSpecification\",\"valueRequired\":true,\"valueName\":\"search_term_string\"}}],\"inLanguage\":\"es\"},{\"@type\":\"Organization\",\"@id\":\"https:\\\/\\\/www.demusculos.com\\\/web\\\/#organization\",\"name\":\"DeMusculos.com\",\"alternateName\":\"DeMusculos\",\"url\":\"https:\\\/\\\/www.demusculos.com\\\/web\\\/\",\"logo\":{\"@type\":\"ImageObject\",\"inLanguage\":\"es\",\"@id\":\"https:\\\/\\\/www.demusculos.com\\\/web\\\/#\\\/schema\\\/logo\\\/image\\\/\",\"url\":\"https:\\\/\\\/www.demusculos.com\\\/web\\\/wp-content\\\/uploads\\\/2024\\\/02\\\/logo-demusculos-prestashop-usuario.png\",\"contentUrl\":\"https:\\\/\\\/www.demusculos.com\\\/web\\\/wp-content\\\/uploads\\\/2024\\\/02\\\/logo-demusculos-prestashop-usuario.png\",\"width\":150,\"height\":150,\"caption\":\"DeMusculos.com\"},\"image\":{\"@id\":\"https:\\\/\\\/www.demusculos.com\\\/web\\\/#\\\/schema\\\/logo\\\/image\\\/\"},\"sameAs\":[\"https:\\\/\\\/www.facebook.com\\\/demusculos\",\"https:\\\/\\\/x.com\\\/demusculos\",\"https:\\\/\\\/www.instagram.com\\\/demusculos\",\"https:\\\/\\\/www.tiktok.com\\\/@demusculos.com\"]}]}<\/script>\n<!-- \/ Yoast SEO plugin. -->","yoast_head_json":{"title":"Nitro Whey | Creatian 300 grs Mervick | Combos | Masa Muscular","description":"Nitro Whey de Star Nutrition y Creatina 300 grs de Mervick. Combo ideal para prevenir fatiga muscular, mejorar el rendimiento y tener m\u00e1s energ\u00eda.","robots":{"index":"index","follow":"follow","max-snippet":"max-snippet:-1","max-image-preview":"max-image-preview:large","max-video-preview":"max-video-preview:-1"},"canonical":"https:\/\/www.demusculos.com\/web\/producto\/nitro-whey-star-creatina-300-mervick\/","og_locale":"es_ES","og_type":"article","og_title":"Nitro Whey | Creatian 300 grs Mervick | Combos | Masa Muscular","og_description":"Nitro Whey de Star Nutrition y Creatina 300 grs de Mervick. Combo ideal para prevenir fatiga muscular, mejorar el rendimiento y tener m\u00e1s energ\u00eda.","og_url":"https:\/\/www.demusculos.com\/web\/producto\/nitro-whey-star-creatina-300-mervick\/","og_site_name":"DeMusculos","article_publisher":"https:\/\/www.facebook.com\/demusculos","article_modified_time":"2026-02-01T23:02:54+00:00","og_image":[{"width":1200,"height":1200,"url":"https:\/\/www.demusculos.com\/web\/wp-content\/uploads\/2024\/08\/nitro-whey-star-nutrition-creatina-300-mervick.jpg","type":"image\/jpeg"}],"twitter_card":"summary_large_image","twitter_site":"@demusculos","twitter_misc":{"Tiempo de lectura":"3 minutos"},"schema":{"@context":"https:\/\/schema.org","@graph":[{"@type":"WebPage","@id":"https:\/\/www.demusculos.com\/web\/producto\/nitro-whey-star-creatina-300-mervick\/","url":"https:\/\/www.demusculos.com\/web\/producto\/nitro-whey-star-creatina-300-mervick\/","name":"Nitro Whey | Creatian 300 grs Mervick | Combos | Masa Muscular","isPartOf":{"@id":"https:\/\/www.demusculos.com\/web\/#website"},"primaryImageOfPage":{"@id":"https:\/\/www.demusculos.com\/web\/producto\/nitro-whey-star-creatina-300-mervick\/#primaryimage"},"image":{"@id":"https:\/\/www.demusculos.com\/web\/producto\/nitro-whey-star-creatina-300-mervick\/#primaryimage"},"thumbnailUrl":"https:\/\/www.demusculos.com\/web\/wp-content\/uploads\/2024\/08\/nitro-whey-star-nutrition-creatina-300-mervick.jpg","datePublished":"2024-08-13T22:10:40+00:00","dateModified":"2026-02-01T23:02:54+00:00","description":"Nitro Whey de Star Nutrition y Creatina 300 grs de Mervick. Combo ideal para prevenir fatiga muscular, mejorar el rendimiento y tener m\u00e1s energ\u00eda.","breadcrumb":{"@id":"https:\/\/www.demusculos.com\/web\/producto\/nitro-whey-star-creatina-300-mervick\/#breadcrumb"},"inLanguage":"es","potentialAction":[{"@type":"ReadAction","target":["https:\/\/www.demusculos.com\/web\/producto\/nitro-whey-star-creatina-300-mervick\/"]}]},{"@type":"ImageObject","inLanguage":"es","@id":"https:\/\/www.demusculos.com\/web\/producto\/nitro-whey-star-creatina-300-mervick\/#primaryimage","url":"https:\/\/www.demusculos.com\/web\/wp-content\/uploads\/2024\/08\/nitro-whey-star-nutrition-creatina-300-mervick.jpg","contentUrl":"https:\/\/www.demusculos.com\/web\/wp-content\/uploads\/2024\/08\/nitro-whey-star-nutrition-creatina-300-mervick.jpg","width":1200,"height":1200,"caption":"Prote\u00edna + Creatina"},{"@type":"BreadcrumbList","@id":"https:\/\/www.demusculos.com\/web\/producto\/nitro-whey-star-creatina-300-mervick\/#breadcrumb","itemListElement":[{"@type":"ListItem","position":1,"name":"Inicio","item":"https:\/\/www.demusculos.com\/web\/"},{"@type":"ListItem","position":2,"name":"Suplementos","item":"https:\/\/www.demusculos.com\/web\/tienda\/"},{"@type":"ListItem","position":3,"name":"Nitro Whey 2 Lbs Star Nutrition + Creatina 300 grs Mervick"}]},{"@type":"WebSite","@id":"https:\/\/www.demusculos.com\/web\/#website","url":"https:\/\/www.demusculos.com\/web\/","name":"DeMusculos.com","description":"Suplementos Naturales","publisher":{"@id":"https:\/\/www.demusculos.com\/web\/#organization"},"alternateName":"Suplementos Naturales","potentialAction":[{"@type":"SearchAction","target":{"@type":"EntryPoint","urlTemplate":"https:\/\/www.demusculos.com\/web\/?s={search_term_string}"},"query-input":{"@type":"PropertyValueSpecification","valueRequired":true,"valueName":"search_term_string"}}],"inLanguage":"es"},{"@type":"Organization","@id":"https:\/\/www.demusculos.com\/web\/#organization","name":"DeMusculos.com","alternateName":"DeMusculos","url":"https:\/\/www.demusculos.com\/web\/","logo":{"@type":"ImageObject","inLanguage":"es","@id":"https:\/\/www.demusculos.com\/web\/#\/schema\/logo\/image\/","url":"https:\/\/www.demusculos.com\/web\/wp-content\/uploads\/2024\/02\/logo-demusculos-prestashop-usuario.png","contentUrl":"https:\/\/www.demusculos.com\/web\/wp-content\/uploads\/2024\/02\/logo-demusculos-prestashop-usuario.png","width":150,"height":150,"caption":"DeMusculos.com"},"image":{"@id":"https:\/\/www.demusculos.com\/web\/#\/schema\/logo\/image\/"},"sameAs":["https:\/\/www.facebook.com\/demusculos","https:\/\/x.com\/demusculos","https:\/\/www.instagram.com\/demusculos","https:\/\/www.tiktok.com\/@demusculos.com"]}]}},"_links":{"self":[{"href":"https:\/\/www.demusculos.com\/web\/wp-json\/wp\/v2\/product\/6112","targetHints":{"allow":["GET"]}}],"collection":[{"href":"https:\/\/www.demusculos.com\/web\/wp-json\/wp\/v2\/product"}],"about":[{"href":"https:\/\/www.demusculos.com\/web\/wp-json\/wp\/v2\/types\/product"}],"replies":[{"embeddable":true,"href":"https:\/\/www.demusculos.com\/web\/wp-json\/wp\/v2\/comments?post=6112"}],"wp:featuredmedia":[{"embeddable":true,"href":"https:\/\/www.demusculos.com\/web\/wp-json\/wp\/v2\/media\/6116"}],"wp:attachment":[{"href":"https:\/\/www.demusculos.com\/web\/wp-json\/wp\/v2\/media?parent=6112"}],"wp:term":[{"taxonomy":"product_brand","embeddable":true,"href":"https:\/\/www.demusculos.com\/web\/wp-json\/wp\/v2\/product_brand?post=6112"},{"taxonomy":"product_cat","embeddable":true,"href":"https:\/\/www.demusculos.com\/web\/wp-json\/wp\/v2\/product_cat?post=6112"},{"taxonomy":"product_tag","embeddable":true,"href":"https:\/\/www.demusculos.com\/web\/wp-json\/wp\/v2\/product_tag?post=6112"}],"curies":[{"name":"wp","href":"https:\/\/api.w.org\/{rel}","templated":true}]}}