{"id":6143,"date":"2024-08-16T11:22:42","date_gmt":"2024-08-16T14:22:42","guid":{"rendered":"https:\/\/www.demusculos.com\/web\/?post_type=product&#038;p=6143"},"modified":"2026-03-14T10:36:25","modified_gmt":"2026-03-14T13:36:25","slug":"advanced-whey-xtrenght-beta-alanina","status":"publish","type":"product","link":"https:\/\/www.demusculos.com\/web\/producto\/advanced-whey-xtrenght-beta-alanina\/","title":{"rendered":"Advanced Whey 2 Lbs de Xtrenght Nutrition + Beta Alanina"},"content":{"rendered":"<h2>Combo: Prote\u00edna + Beta Alanina: Energ\u00eda, menos fatiga y m\u00e1s masa muscular.<\/h2>\n<p>Este combo es ideal para aumentar masa muscular, tonificar, aumentar la resistencia y la <strong>energ\u00eda<\/strong>. Tambi\u00e9n lograras menos <strong>fatiga muscular<\/strong>.<\/p>\n<figure id=\"attachment_128\" aria-describedby=\"caption-attachment-128\" style=\"width: 300px\" class=\"wp-caption alignnone\"><img decoding=\"async\" class=\"size-full wp-image-128\" src=\"https:\/\/www.demusculos.com\/web\/wp-content\/uploads\/2024\/02\/logo-xtrenght-nutrition.png\" alt=\"\" width=\"300\" height=\"60\" srcset=\"https:\/\/www.demusculos.com\/web\/wp-content\/uploads\/2024\/02\/logo-xtrenght-nutrition.png 300w, https:\/\/www.demusculos.com\/web\/wp-content\/uploads\/2024\/02\/logo-xtrenght-nutrition-150x30.png 150w\" sizes=\"(max-width: 300px) 100vw, 300px\" \/><figcaption id=\"caption-attachment-128\" class=\"wp-caption-text\">Fabricado por Xtrenght Nutrition. Una de las empresas de nutrici\u00f3n con m\u00e1s trayectoria de toda la Argentina.<\/figcaption><\/figure>\n<figure id=\"attachment_6149\" aria-describedby=\"caption-attachment-6149\" style=\"width: 1200px\" class=\"wp-caption alignnone\"><img fetchpriority=\"high\" decoding=\"async\" class=\"size-full wp-image-6149\" src=\"https:\/\/www.demusculos.com\/web\/wp-content\/uploads\/2024\/08\/advanced-whey-beta-alanina-informacion.jpg\" alt=\"Beneficios del combo: Advanced Whey de Xtrenght Nutrition + Beta Alanina\" width=\"1200\" height=\"1200\" srcset=\"https:\/\/www.demusculos.com\/web\/wp-content\/uploads\/2024\/08\/advanced-whey-beta-alanina-informacion.jpg 1200w, https:\/\/www.demusculos.com\/web\/wp-content\/uploads\/2024\/08\/advanced-whey-beta-alanina-informacion-300x300.jpg 300w, https:\/\/www.demusculos.com\/web\/wp-content\/uploads\/2024\/08\/advanced-whey-beta-alanina-informacion-150x150.jpg 150w, https:\/\/www.demusculos.com\/web\/wp-content\/uploads\/2024\/08\/advanced-whey-beta-alanina-informacion-800x800.jpg 800w, https:\/\/www.demusculos.com\/web\/wp-content\/uploads\/2024\/08\/advanced-whey-beta-alanina-informacion-1024x1024.jpg 1024w, https:\/\/www.demusculos.com\/web\/wp-content\/uploads\/2024\/08\/advanced-whey-beta-alanina-informacion-768x768.jpg 768w\" sizes=\"(max-width: 1200px) 100vw, 1200px\" \/><figcaption id=\"caption-attachment-6149\" class=\"wp-caption-text\">Advanced Whey + Beta Alanina<\/figcaption><\/figure>\n<p><strong>ADVANCED WHEY PROTEIN<\/strong>: Tu aliado para un rendimiento superior y una recuperaci\u00f3n efectiva.<br \/>\nAdvanced Whey incluye 3 tipos de prote\u00edna: Isolate, Hidrolizada y Concentrada.<\/p>\n<figure id=\"attachment_6090\" aria-describedby=\"caption-attachment-6090\" style=\"width: 1080px\" class=\"wp-caption alignnone\"><img decoding=\"async\" class=\"wp-image-6090 size-full\" title=\"Advanced Whey de 2 Lbs - Xtrenght Nutrition\" src=\"https:\/\/www.demusculos.com\/web\/wp-content\/uploads\/2024\/02\/advanced-whey-2-lbs-xtrenght-protein-1.jpg\" alt=\"Advanced Whey de 2 lbs (907 grs) de Xtrenght Nutrition. Prote\u00edna de Suero de Leche. 3 tipos de prote\u00edna en una.\" width=\"1080\" height=\"1080\" srcset=\"https:\/\/www.demusculos.com\/web\/wp-content\/uploads\/2024\/02\/advanced-whey-2-lbs-xtrenght-protein-1.jpg 1080w, https:\/\/www.demusculos.com\/web\/wp-content\/uploads\/2024\/02\/advanced-whey-2-lbs-xtrenght-protein-1-300x300.jpg 300w, https:\/\/www.demusculos.com\/web\/wp-content\/uploads\/2024\/02\/advanced-whey-2-lbs-xtrenght-protein-1-150x150.jpg 150w, https:\/\/www.demusculos.com\/web\/wp-content\/uploads\/2024\/02\/advanced-whey-2-lbs-xtrenght-protein-1-800x800.jpg 800w, https:\/\/www.demusculos.com\/web\/wp-content\/uploads\/2024\/02\/advanced-whey-2-lbs-xtrenght-protein-1-1024x1024.jpg 1024w, https:\/\/www.demusculos.com\/web\/wp-content\/uploads\/2024\/02\/advanced-whey-2-lbs-xtrenght-protein-1-768x768.jpg 768w\" sizes=\"(max-width: 1080px) 100vw, 1080px\" \/><figcaption id=\"caption-attachment-6090\" class=\"wp-caption-text\">Advanced Whey de Xtrenght Nutrition<\/figcaption><\/figure>\n<h2>\u00bfQu\u00e9 es\u00a0<strong>ADVANCED WHEY PROTEIN<\/strong>?<\/h2>\n<p><strong>WHEY PROTEIN<\/strong>\u00a0es un blend de prote\u00ednas de suero de leche de m\u00e1xima calidad y pureza. Su f\u00f3rmula \u00fanica combina tres tipos de prote\u00ednas:<\/p>\n<ol>\n<li><strong>Whey Protein Isolate (WPI)<\/strong>: La prote\u00edna de suero de leche m\u00e1s pura a nivel mundial. Contiene un impresionante 92% de prote\u00ednas, con una asimilaci\u00f3n perfecta y cantidades m\u00ednimas de grasas y lactosa.<\/li>\n<li><strong>Whey Protein Hydrolysate (WPH)<\/strong>: Esta prote\u00edna se caracteriza por su r\u00e1pida asimilaci\u00f3n. Sus prote\u00ednas est\u00e1n descompuestas en fragmentos m\u00e1s peque\u00f1os, lo que permite una entrada veloz al organismo y acelera la recuperaci\u00f3n muscular.<\/li>\n<li><strong>Whey Protein Concentrate (WPC)<\/strong>: Equilibrada y vers\u00e1til, esta prote\u00edna ofrece un \u00f3ptimo aporte de prote\u00ednas. Adem\u00e1s, es rica en amino\u00e1cidos de cadena ramificada (BCAA) y baja en grasas y lactosa.<\/li>\n<\/ol>\n<p>La combinaci\u00f3n de estas tres prote\u00ednas resulta en un producto de\u00a0<strong>enorme calidad<\/strong>, con una asimilaci\u00f3n superior que garantiza una r\u00e1pida recuperaci\u00f3n y un crecimiento muscular efectivo.<\/p>\n<figure id=\"attachment_6091\" aria-describedby=\"caption-attachment-6091\" style=\"width: 1080px\" class=\"wp-caption alignnone\"><img loading=\"lazy\" decoding=\"async\" class=\"wp-image-6091 size-full\" title=\"Prote\u00edna Isolate + Prote\u00edna Idrolizada + Prote\u00edna Concentrada\" src=\"https:\/\/www.demusculos.com\/web\/wp-content\/uploads\/2024\/02\/advanced-whey-2-lbs-xtrenght-protein-2.jpg\" alt=\"Sabores y tipos de prote\u00ednas que se incluyen en la formula de Advanced Whey de Xtrenght Nutrition\" width=\"1080\" height=\"1080\" srcset=\"https:\/\/www.demusculos.com\/web\/wp-content\/uploads\/2024\/02\/advanced-whey-2-lbs-xtrenght-protein-2.jpg 1080w, https:\/\/www.demusculos.com\/web\/wp-content\/uploads\/2024\/02\/advanced-whey-2-lbs-xtrenght-protein-2-300x300.jpg 300w, https:\/\/www.demusculos.com\/web\/wp-content\/uploads\/2024\/02\/advanced-whey-2-lbs-xtrenght-protein-2-150x150.jpg 150w, https:\/\/www.demusculos.com\/web\/wp-content\/uploads\/2024\/02\/advanced-whey-2-lbs-xtrenght-protein-2-800x800.jpg 800w, https:\/\/www.demusculos.com\/web\/wp-content\/uploads\/2024\/02\/advanced-whey-2-lbs-xtrenght-protein-2-1024x1024.jpg 1024w, https:\/\/www.demusculos.com\/web\/wp-content\/uploads\/2024\/02\/advanced-whey-2-lbs-xtrenght-protein-2-768x768.jpg 768w\" sizes=\"(max-width: 1080px) 100vw, 1080px\" \/><figcaption id=\"caption-attachment-6091\" class=\"wp-caption-text\">Advanced Whey 2 Lbs de Xtrenght Nutrition<\/figcaption><\/figure>\n<h2>Beneficios de\u00a0<strong>ADVANCED WHEY PROTEIN<\/strong>:<\/h2>\n<ul>\n<li><strong>Crecimiento y Regeneraci\u00f3n Muscular<\/strong>: Favorece el desarrollo y la reparaci\u00f3n de tus m\u00fasculos, ayud\u00e1ndote a alcanzar tus objetivos de fitness.<\/li>\n<li><strong>Incremento de Fuerza y Resistencia<\/strong>: Potencia tus entrenamientos y mejora tu rendimiento f\u00edsico.<\/li>\n<li><strong>Ideal para Dietas Bajas en Carbohidratos<\/strong>: Si buscas mantener un aporte proteico sin excesos de carbohidratos, <strong>WHEY PROTEIN<\/strong>\u00a0es la elecci\u00f3n adecuada.<\/li>\n<\/ul>\n<h2>Caracter\u00edsticas Clave:<\/h2>\n<ul>\n<li><strong>Asimilaci\u00f3n Multifase<\/strong>: Su f\u00f3rmula permite una absorci\u00f3n ultrarr\u00e1pida, r\u00e1pida e intermedia, brindando beneficios a lo largo del d\u00eda.<\/li>\n<li><strong>Mayor Prote\u00edna por Scoop<\/strong>: Contiene m\u00e1s prote\u00edna por porci\u00f3n que el whey concentrado convencional.<\/li>\n<li><strong>Baja en Lactosa y Grasa<\/strong>: Perfecta para aquellos con sensibilidad a la lactosa.<\/li>\n<li><strong>Libre de Gluten y Aspartamo<\/strong>: Una opci\u00f3n segura para personas con restricciones alimentarias.<\/li>\n<li><strong>Instant\u00e1nea y de Excelente Disoluci\u00f3n<\/strong>: Disfruta de un batido suave y sin grumos.<\/li>\n<li><strong>Digesti\u00f3n Amigable<\/strong>: No causa trastornos digestivos.<\/li>\n<\/ul>\n<figure id=\"attachment_6092\" aria-describedby=\"caption-attachment-6092\" style=\"width: 1080px\" class=\"wp-caption alignnone\"><img loading=\"lazy\" decoding=\"async\" class=\"wp-image-6092 size-full\" title=\"Advanced Whey contiene Leucina\" src=\"https:\/\/www.demusculos.com\/web\/wp-content\/uploads\/2024\/02\/advanced-whey-2-lbs-xtrenght-protein-3.jpg\" alt=\"La importancia de la Leucina en Advanced Whey Protein de 2 lbs de Xtrenght Nutrition\" width=\"1080\" height=\"1080\" srcset=\"https:\/\/www.demusculos.com\/web\/wp-content\/uploads\/2024\/02\/advanced-whey-2-lbs-xtrenght-protein-3.jpg 1080w, https:\/\/www.demusculos.com\/web\/wp-content\/uploads\/2024\/02\/advanced-whey-2-lbs-xtrenght-protein-3-300x300.jpg 300w, https:\/\/www.demusculos.com\/web\/wp-content\/uploads\/2024\/02\/advanced-whey-2-lbs-xtrenght-protein-3-150x150.jpg 150w, https:\/\/www.demusculos.com\/web\/wp-content\/uploads\/2024\/02\/advanced-whey-2-lbs-xtrenght-protein-3-800x800.jpg 800w, https:\/\/www.demusculos.com\/web\/wp-content\/uploads\/2024\/02\/advanced-whey-2-lbs-xtrenght-protein-3-1024x1024.jpg 1024w, https:\/\/www.demusculos.com\/web\/wp-content\/uploads\/2024\/02\/advanced-whey-2-lbs-xtrenght-protein-3-768x768.jpg 768w\" sizes=\"(max-width: 1080px) 100vw, 1080px\" \/><figcaption id=\"caption-attachment-6092\" class=\"wp-caption-text\">Advanced Whey incluye Leucina<\/figcaption><\/figure>\n<h2>\u00bfEs indicado para ti?<\/h2>\n<p>\u00a1Claro que s\u00ed!\u00a0<strong>ADVANCED PROTEIN<\/strong> est\u00e1 formulado para quienes buscan calidad y resultados. Ya sea que desees ganar masa muscular, mejorar tu resistencia o reducir peso, este suplemento es tu aliado. Incorpora\u00a0<strong>WHEY PROTEIN<\/strong>\u00a0en tus colaciones o como parte de tu plan nutricional. \u00a1No te preocupes por las calor\u00edas, ya que son baj\u00edsimas!<\/p>\n<p><strong>Uso Sugerido<\/strong>: Una medida por porci\u00f3n. Eleva tu entrenamiento al siguiente nivel con <strong>WHEY PROTEIN de Xtrenght Nutrition<\/strong><\/p>\n<figure id=\"attachment_6093\" aria-describedby=\"caption-attachment-6093\" style=\"width: 1080px\" class=\"wp-caption alignnone\"><img loading=\"lazy\" decoding=\"async\" class=\"wp-image-6093 size-full\" title=\"Advanced Whey contiene amino\u00e1cidos ramificados BCAA\" src=\"https:\/\/www.demusculos.com\/web\/wp-content\/uploads\/2024\/02\/advanced-whey-2-lbs-xtrenght-protein-4.jpg\" alt=\"Advanced Whey incluye Amino\u00e1cidos de tipo BCAA\" width=\"1080\" height=\"1080\" srcset=\"https:\/\/www.demusculos.com\/web\/wp-content\/uploads\/2024\/02\/advanced-whey-2-lbs-xtrenght-protein-4.jpg 1080w, https:\/\/www.demusculos.com\/web\/wp-content\/uploads\/2024\/02\/advanced-whey-2-lbs-xtrenght-protein-4-300x300.jpg 300w, https:\/\/www.demusculos.com\/web\/wp-content\/uploads\/2024\/02\/advanced-whey-2-lbs-xtrenght-protein-4-150x150.jpg 150w, https:\/\/www.demusculos.com\/web\/wp-content\/uploads\/2024\/02\/advanced-whey-2-lbs-xtrenght-protein-4-800x800.jpg 800w, https:\/\/www.demusculos.com\/web\/wp-content\/uploads\/2024\/02\/advanced-whey-2-lbs-xtrenght-protein-4-1024x1024.jpg 1024w, https:\/\/www.demusculos.com\/web\/wp-content\/uploads\/2024\/02\/advanced-whey-2-lbs-xtrenght-protein-4-768x768.jpg 768w\" sizes=\"(max-width: 1080px) 100vw, 1080px\" \/><figcaption id=\"caption-attachment-6093\" class=\"wp-caption-text\">Advanced Whey y la importancia de los amino\u00e1cidos BCAA<\/figcaption><\/figure>\n","protected":false},"excerpt":{"rendered":"<p>Combo: Beta Alanina + Advanced Whey de Xtrenght Nutrition incluye tres tipos de prote\u00edna: Prote\u00edna Isolate + Prote\u00edna Hidrolizada + Prote\u00edna Concentrada<\/p>\n","protected":false},"featured_media":6148,"comment_status":"closed","ping_status":"closed","template":"","meta":[],"product_brand":[233],"product_cat":[198,71],"product_tag":[129,36],"class_list":{"0":"post-6143","1":"product","2":"type-product","3":"status-publish","4":"has-post-thumbnail","6":"product_brand-xtrenght-nutrition","7":"product_cat-combos-para-aumentar-energia","8":"product_cat-combos-masa-muscular","9":"product_tag-whey-protein","10":"product_tag-xtrenght","12":"first","13":"instock","14":"sale","15":"shipping-taxable","16":"purchasable","17":"product-type-variable"},"yoast_head":"<!-- This site is optimized with the Yoast SEO plugin v27.3 - https:\/\/yoast.com\/product\/yoast-seo-wordpress\/ -->\n<title>Advanced Whey y Beta Alanina | Combo | Energy | Masa | Xtrenght<\/title>\n<meta name=\"description\" content=\"Advanced Whey y Beta Alanina. Combo ideal para aumentar la energ\u00eda, prevenir la fatiga y mejorar la masa muscular. Xtrenght Nutrition. Para ambos sexos.\" \/>\n<meta name=\"robots\" content=\"index, follow, max-snippet:-1, max-image-preview:large, max-video-preview:-1\" \/>\n<link rel=\"canonical\" href=\"https:\/\/www.demusculos.com\/web\/producto\/advanced-whey-xtrenght-beta-alanina\/\" \/>\n<meta property=\"og:locale\" content=\"es_ES\" \/>\n<meta property=\"og:type\" content=\"article\" \/>\n<meta property=\"og:title\" content=\"Advanced Whey y Beta Alanina | Combo | Energy | Masa | Xtrenght\" \/>\n<meta property=\"og:description\" content=\"Advanced Whey y Beta Alanina. Combo ideal para aumentar la energ\u00eda, prevenir la fatiga y mejorar la masa muscular. Xtrenght Nutrition. Para ambos sexos.\" \/>\n<meta property=\"og:url\" content=\"https:\/\/www.demusculos.com\/web\/producto\/advanced-whey-xtrenght-beta-alanina\/\" \/>\n<meta property=\"og:site_name\" content=\"DeMusculos\" \/>\n<meta property=\"article:publisher\" content=\"https:\/\/www.facebook.com\/demusculos\" \/>\n<meta property=\"article:modified_time\" content=\"2026-03-14T13:36:25+00:00\" \/>\n<meta property=\"og:image\" content=\"https:\/\/www.demusculos.com\/web\/wp-content\/uploads\/2024\/08\/advanced-whey-beta-alanina.jpg\" \/>\n\t<meta property=\"og:image:width\" content=\"1200\" \/>\n\t<meta property=\"og:image:height\" content=\"1200\" \/>\n\t<meta property=\"og:image:type\" content=\"image\/jpeg\" \/>\n<meta name=\"twitter:card\" content=\"summary_large_image\" \/>\n<meta name=\"twitter:site\" content=\"@demusculos\" \/>\n<meta name=\"twitter:label1\" content=\"Tiempo de lectura\" \/>\n\t<meta name=\"twitter:data1\" content=\"4 minutos\" \/>\n<script type=\"application\/ld+json\" class=\"yoast-schema-graph\">{\"@context\":\"https:\\\/\\\/schema.org\",\"@graph\":[{\"@type\":\"WebPage\",\"@id\":\"https:\\\/\\\/www.demusculos.com\\\/web\\\/producto\\\/advanced-whey-xtrenght-beta-alanina\\\/\",\"url\":\"https:\\\/\\\/www.demusculos.com\\\/web\\\/producto\\\/advanced-whey-xtrenght-beta-alanina\\\/\",\"name\":\"Advanced Whey y Beta Alanina | Combo | Energy | Masa | Xtrenght\",\"isPartOf\":{\"@id\":\"https:\\\/\\\/www.demusculos.com\\\/web\\\/#website\"},\"primaryImageOfPage\":{\"@id\":\"https:\\\/\\\/www.demusculos.com\\\/web\\\/producto\\\/advanced-whey-xtrenght-beta-alanina\\\/#primaryimage\"},\"image\":{\"@id\":\"https:\\\/\\\/www.demusculos.com\\\/web\\\/producto\\\/advanced-whey-xtrenght-beta-alanina\\\/#primaryimage\"},\"thumbnailUrl\":\"https:\\\/\\\/www.demusculos.com\\\/web\\\/wp-content\\\/uploads\\\/2024\\\/08\\\/advanced-whey-beta-alanina.jpg\",\"datePublished\":\"2024-08-16T14:22:42+00:00\",\"dateModified\":\"2026-03-14T13:36:25+00:00\",\"description\":\"Advanced Whey y Beta Alanina. Combo ideal para aumentar la energ\u00eda, prevenir la fatiga y mejorar la masa muscular. Xtrenght Nutrition. Para ambos sexos.\",\"breadcrumb\":{\"@id\":\"https:\\\/\\\/www.demusculos.com\\\/web\\\/producto\\\/advanced-whey-xtrenght-beta-alanina\\\/#breadcrumb\"},\"inLanguage\":\"es\",\"potentialAction\":[{\"@type\":\"ReadAction\",\"target\":[\"https:\\\/\\\/www.demusculos.com\\\/web\\\/producto\\\/advanced-whey-xtrenght-beta-alanina\\\/\"]}]},{\"@type\":\"ImageObject\",\"inLanguage\":\"es\",\"@id\":\"https:\\\/\\\/www.demusculos.com\\\/web\\\/producto\\\/advanced-whey-xtrenght-beta-alanina\\\/#primaryimage\",\"url\":\"https:\\\/\\\/www.demusculos.com\\\/web\\\/wp-content\\\/uploads\\\/2024\\\/08\\\/advanced-whey-beta-alanina.jpg\",\"contentUrl\":\"https:\\\/\\\/www.demusculos.com\\\/web\\\/wp-content\\\/uploads\\\/2024\\\/08\\\/advanced-whey-beta-alanina.jpg\",\"width\":1200,\"height\":1200,\"caption\":\"Combo Xtrenght Nutrition: Beta Alanina + Advanced Whey\"},{\"@type\":\"BreadcrumbList\",\"@id\":\"https:\\\/\\\/www.demusculos.com\\\/web\\\/producto\\\/advanced-whey-xtrenght-beta-alanina\\\/#breadcrumb\",\"itemListElement\":[{\"@type\":\"ListItem\",\"position\":1,\"name\":\"Inicio\",\"item\":\"https:\\\/\\\/www.demusculos.com\\\/web\\\/\"},{\"@type\":\"ListItem\",\"position\":2,\"name\":\"Suplementos\",\"item\":\"https:\\\/\\\/www.demusculos.com\\\/web\\\/tienda\\\/\"},{\"@type\":\"ListItem\",\"position\":3,\"name\":\"Advanced Whey 2 Lbs de Xtrenght Nutrition + Beta Alanina\"}]},{\"@type\":\"WebSite\",\"@id\":\"https:\\\/\\\/www.demusculos.com\\\/web\\\/#website\",\"url\":\"https:\\\/\\\/www.demusculos.com\\\/web\\\/\",\"name\":\"DeMusculos.com\",\"description\":\"Suplementos Naturales\",\"publisher\":{\"@id\":\"https:\\\/\\\/www.demusculos.com\\\/web\\\/#organization\"},\"alternateName\":\"Suplementos Naturales\",\"potentialAction\":[{\"@type\":\"SearchAction\",\"target\":{\"@type\":\"EntryPoint\",\"urlTemplate\":\"https:\\\/\\\/www.demusculos.com\\\/web\\\/?s={search_term_string}\"},\"query-input\":{\"@type\":\"PropertyValueSpecification\",\"valueRequired\":true,\"valueName\":\"search_term_string\"}}],\"inLanguage\":\"es\"},{\"@type\":\"Organization\",\"@id\":\"https:\\\/\\\/www.demusculos.com\\\/web\\\/#organization\",\"name\":\"DeMusculos.com\",\"alternateName\":\"DeMusculos\",\"url\":\"https:\\\/\\\/www.demusculos.com\\\/web\\\/\",\"logo\":{\"@type\":\"ImageObject\",\"inLanguage\":\"es\",\"@id\":\"https:\\\/\\\/www.demusculos.com\\\/web\\\/#\\\/schema\\\/logo\\\/image\\\/\",\"url\":\"https:\\\/\\\/www.demusculos.com\\\/web\\\/wp-content\\\/uploads\\\/2024\\\/02\\\/logo-demusculos-prestashop-usuario.png\",\"contentUrl\":\"https:\\\/\\\/www.demusculos.com\\\/web\\\/wp-content\\\/uploads\\\/2024\\\/02\\\/logo-demusculos-prestashop-usuario.png\",\"width\":150,\"height\":150,\"caption\":\"DeMusculos.com\"},\"image\":{\"@id\":\"https:\\\/\\\/www.demusculos.com\\\/web\\\/#\\\/schema\\\/logo\\\/image\\\/\"},\"sameAs\":[\"https:\\\/\\\/www.facebook.com\\\/demusculos\",\"https:\\\/\\\/x.com\\\/demusculos\",\"https:\\\/\\\/www.instagram.com\\\/demusculos\",\"https:\\\/\\\/www.tiktok.com\\\/@demusculos.com\"]}]}<\/script>\n<!-- \/ Yoast SEO plugin. -->","yoast_head_json":{"title":"Advanced Whey y Beta Alanina | Combo | Energy | Masa | Xtrenght","description":"Advanced Whey y Beta Alanina. Combo ideal para aumentar la energ\u00eda, prevenir la fatiga y mejorar la masa muscular. Xtrenght Nutrition. Para ambos sexos.","robots":{"index":"index","follow":"follow","max-snippet":"max-snippet:-1","max-image-preview":"max-image-preview:large","max-video-preview":"max-video-preview:-1"},"canonical":"https:\/\/www.demusculos.com\/web\/producto\/advanced-whey-xtrenght-beta-alanina\/","og_locale":"es_ES","og_type":"article","og_title":"Advanced Whey y Beta Alanina | Combo | Energy | Masa | Xtrenght","og_description":"Advanced Whey y Beta Alanina. Combo ideal para aumentar la energ\u00eda, prevenir la fatiga y mejorar la masa muscular. Xtrenght Nutrition. Para ambos sexos.","og_url":"https:\/\/www.demusculos.com\/web\/producto\/advanced-whey-xtrenght-beta-alanina\/","og_site_name":"DeMusculos","article_publisher":"https:\/\/www.facebook.com\/demusculos","article_modified_time":"2026-03-14T13:36:25+00:00","og_image":[{"width":1200,"height":1200,"url":"https:\/\/www.demusculos.com\/web\/wp-content\/uploads\/2024\/08\/advanced-whey-beta-alanina.jpg","type":"image\/jpeg"}],"twitter_card":"summary_large_image","twitter_site":"@demusculos","twitter_misc":{"Tiempo de lectura":"4 minutos"},"schema":{"@context":"https:\/\/schema.org","@graph":[{"@type":"WebPage","@id":"https:\/\/www.demusculos.com\/web\/producto\/advanced-whey-xtrenght-beta-alanina\/","url":"https:\/\/www.demusculos.com\/web\/producto\/advanced-whey-xtrenght-beta-alanina\/","name":"Advanced Whey y Beta Alanina | Combo | Energy | Masa | Xtrenght","isPartOf":{"@id":"https:\/\/www.demusculos.com\/web\/#website"},"primaryImageOfPage":{"@id":"https:\/\/www.demusculos.com\/web\/producto\/advanced-whey-xtrenght-beta-alanina\/#primaryimage"},"image":{"@id":"https:\/\/www.demusculos.com\/web\/producto\/advanced-whey-xtrenght-beta-alanina\/#primaryimage"},"thumbnailUrl":"https:\/\/www.demusculos.com\/web\/wp-content\/uploads\/2024\/08\/advanced-whey-beta-alanina.jpg","datePublished":"2024-08-16T14:22:42+00:00","dateModified":"2026-03-14T13:36:25+00:00","description":"Advanced Whey y Beta Alanina. Combo ideal para aumentar la energ\u00eda, prevenir la fatiga y mejorar la masa muscular. Xtrenght Nutrition. Para ambos sexos.","breadcrumb":{"@id":"https:\/\/www.demusculos.com\/web\/producto\/advanced-whey-xtrenght-beta-alanina\/#breadcrumb"},"inLanguage":"es","potentialAction":[{"@type":"ReadAction","target":["https:\/\/www.demusculos.com\/web\/producto\/advanced-whey-xtrenght-beta-alanina\/"]}]},{"@type":"ImageObject","inLanguage":"es","@id":"https:\/\/www.demusculos.com\/web\/producto\/advanced-whey-xtrenght-beta-alanina\/#primaryimage","url":"https:\/\/www.demusculos.com\/web\/wp-content\/uploads\/2024\/08\/advanced-whey-beta-alanina.jpg","contentUrl":"https:\/\/www.demusculos.com\/web\/wp-content\/uploads\/2024\/08\/advanced-whey-beta-alanina.jpg","width":1200,"height":1200,"caption":"Combo Xtrenght Nutrition: Beta Alanina + Advanced Whey"},{"@type":"BreadcrumbList","@id":"https:\/\/www.demusculos.com\/web\/producto\/advanced-whey-xtrenght-beta-alanina\/#breadcrumb","itemListElement":[{"@type":"ListItem","position":1,"name":"Inicio","item":"https:\/\/www.demusculos.com\/web\/"},{"@type":"ListItem","position":2,"name":"Suplementos","item":"https:\/\/www.demusculos.com\/web\/tienda\/"},{"@type":"ListItem","position":3,"name":"Advanced Whey 2 Lbs de Xtrenght Nutrition + Beta Alanina"}]},{"@type":"WebSite","@id":"https:\/\/www.demusculos.com\/web\/#website","url":"https:\/\/www.demusculos.com\/web\/","name":"DeMusculos.com","description":"Suplementos Naturales","publisher":{"@id":"https:\/\/www.demusculos.com\/web\/#organization"},"alternateName":"Suplementos Naturales","potentialAction":[{"@type":"SearchAction","target":{"@type":"EntryPoint","urlTemplate":"https:\/\/www.demusculos.com\/web\/?s={search_term_string}"},"query-input":{"@type":"PropertyValueSpecification","valueRequired":true,"valueName":"search_term_string"}}],"inLanguage":"es"},{"@type":"Organization","@id":"https:\/\/www.demusculos.com\/web\/#organization","name":"DeMusculos.com","alternateName":"DeMusculos","url":"https:\/\/www.demusculos.com\/web\/","logo":{"@type":"ImageObject","inLanguage":"es","@id":"https:\/\/www.demusculos.com\/web\/#\/schema\/logo\/image\/","url":"https:\/\/www.demusculos.com\/web\/wp-content\/uploads\/2024\/02\/logo-demusculos-prestashop-usuario.png","contentUrl":"https:\/\/www.demusculos.com\/web\/wp-content\/uploads\/2024\/02\/logo-demusculos-prestashop-usuario.png","width":150,"height":150,"caption":"DeMusculos.com"},"image":{"@id":"https:\/\/www.demusculos.com\/web\/#\/schema\/logo\/image\/"},"sameAs":["https:\/\/www.facebook.com\/demusculos","https:\/\/x.com\/demusculos","https:\/\/www.instagram.com\/demusculos","https:\/\/www.tiktok.com\/@demusculos.com"]}]}},"_links":{"self":[{"href":"https:\/\/www.demusculos.com\/web\/wp-json\/wp\/v2\/product\/6143","targetHints":{"allow":["GET"]}}],"collection":[{"href":"https:\/\/www.demusculos.com\/web\/wp-json\/wp\/v2\/product"}],"about":[{"href":"https:\/\/www.demusculos.com\/web\/wp-json\/wp\/v2\/types\/product"}],"replies":[{"embeddable":true,"href":"https:\/\/www.demusculos.com\/web\/wp-json\/wp\/v2\/comments?post=6143"}],"wp:featuredmedia":[{"embeddable":true,"href":"https:\/\/www.demusculos.com\/web\/wp-json\/wp\/v2\/media\/6148"}],"wp:attachment":[{"href":"https:\/\/www.demusculos.com\/web\/wp-json\/wp\/v2\/media?parent=6143"}],"wp:term":[{"taxonomy":"product_brand","embeddable":true,"href":"https:\/\/www.demusculos.com\/web\/wp-json\/wp\/v2\/product_brand?post=6143"},{"taxonomy":"product_cat","embeddable":true,"href":"https:\/\/www.demusculos.com\/web\/wp-json\/wp\/v2\/product_cat?post=6143"},{"taxonomy":"product_tag","embeddable":true,"href":"https:\/\/www.demusculos.com\/web\/wp-json\/wp\/v2\/product_tag?post=6143"}],"curies":[{"name":"wp","href":"https:\/\/api.w.org\/{rel}","templated":true}]}}