{"id":6246,"date":"2024-08-22T21:49:47","date_gmt":"2024-08-23T00:49:47","guid":{"rendered":"https:\/\/www.demusculos.com\/web\/?post_type=product&#038;p=6246"},"modified":"2026-03-04T13:54:07","modified_gmt":"2026-03-04T16:54:07","slug":"testo-bolic-x120-de-genetic-sport-aumenta-la-testosterona","status":"publish","type":"product","link":"https:\/\/www.demusculos.com\/web\/producto\/testo-bolic-x120-de-genetic-sport-aumenta-la-testosterona\/","title":{"rendered":"Testo Bolic x120 de Genetic Sport aumenta la Testosterona"},"content":{"rendered":"<h2>Testo Bolic<\/h2>\n<p>Testo Bolic lleva tu entrenamiento y tus niveles de TESTO a otro nivel.<\/p>\n<figure id=\"attachment_255\" aria-describedby=\"caption-attachment-255\" style=\"width: 446px\" class=\"wp-caption alignnone\"><img decoding=\"async\" class=\"wp-image-255 size-full\" title=\"Genetic Sport Nutrition\" src=\"https:\/\/www.demusculos.com\/web\/wp-content\/uploads\/2024\/02\/logo-genetic-sport-nutrition.png\" alt=\"Genetic Sport Nutrition: Suplementos Naturales\" width=\"446\" height=\"103\" srcset=\"https:\/\/www.demusculos.com\/web\/wp-content\/uploads\/2024\/02\/logo-genetic-sport-nutrition.png 446w, https:\/\/www.demusculos.com\/web\/wp-content\/uploads\/2024\/02\/logo-genetic-sport-nutrition-300x69.png 300w, https:\/\/www.demusculos.com\/web\/wp-content\/uploads\/2024\/02\/logo-genetic-sport-nutrition-150x35.png 150w, https:\/\/www.demusculos.com\/web\/wp-content\/uploads\/2024\/02\/logo-genetic-sport-nutrition-416x96.png 416w\" sizes=\"(max-width: 446px) 100vw, 446px\" \/><figcaption id=\"caption-attachment-255\" class=\"wp-caption-text\">Suplementaci\u00f3n natural deportiva: Genetic Sport Nutrition<\/figcaption><\/figure>\n<p>TESTOBOLIC GENETIC &#8211; Pote de 120 tabletas &#8211; 30 Servicios<\/p>\n<figure id=\"attachment_6249\" aria-describedby=\"caption-attachment-6249\" style=\"width: 1200px\" class=\"wp-caption alignnone\"><img fetchpriority=\"high\" decoding=\"async\" class=\"wp-image-6249 size-full\" title=\"Testo Bolic de 120 comprimidos\" src=\"https:\/\/www.demusculos.com\/web\/wp-content\/uploads\/2024\/08\/testo-bolic-informacion-banner2.jpg\" alt=\"Testo Bolic de Genetic Sport x 120 comprimidos. Ideal para aumentar los niveles de Testosterona.\" width=\"1200\" height=\"1200\" srcset=\"https:\/\/www.demusculos.com\/web\/wp-content\/uploads\/2024\/08\/testo-bolic-informacion-banner2.jpg 1200w, https:\/\/www.demusculos.com\/web\/wp-content\/uploads\/2024\/08\/testo-bolic-informacion-banner2-300x300.jpg 300w, https:\/\/www.demusculos.com\/web\/wp-content\/uploads\/2024\/08\/testo-bolic-informacion-banner2-150x150.jpg 150w, https:\/\/www.demusculos.com\/web\/wp-content\/uploads\/2024\/08\/testo-bolic-informacion-banner2-800x800.jpg 800w, https:\/\/www.demusculos.com\/web\/wp-content\/uploads\/2024\/08\/testo-bolic-informacion-banner2-1024x1024.jpg 1024w, https:\/\/www.demusculos.com\/web\/wp-content\/uploads\/2024\/08\/testo-bolic-informacion-banner2-768x768.jpg 768w\" sizes=\"(max-width: 1200px) 100vw, 1200px\" \/><figcaption id=\"caption-attachment-6249\" class=\"wp-caption-text\">Testo Bolic aumenta tus niveles de testosterona en forma natural<\/figcaption><\/figure>\n<p>Formulado a partir de la combinaci\u00f3n de amino\u00e1cidos, vitaminas, minerales y extractos naturales reconstituyentes y vigorizantes que elevan los niveles de testosterona en forma natural, colaborando con el bienestar general y mejorando significativamente la performance en quienen mantienen una actividad f\u00edsica sostenida, incrementando el desarrollo de la masa muscular magra en entrenamientos con sobrecarga.<br \/>\nEl Ginkgo Biloba, \u00e1rbol milenario de probada efectividad medicinal cuyos componentes m\u00e1s beneficiosos, los flavonoides tienen poderosas cualidades antioxidantes y los terpenoides, que ayudan a mejorar la circulaci\u00f3n dilatando los vasos sangu\u00edneos y reduciendo la viscosidad de las plaquetas y el Ginseng que potencia el rendimiento f\u00edsico y mental y aumenta la potencia sexual.<br \/>\nEs un suplemento ideal para quienes mantienen una actividad f\u00edsica sostenida y deseen llevar al m\u00e1ximo sus niveles de rendimiento sexual.<\/p>\n<p><strong>MODO DE USO<\/strong><br \/>\nConsumir 4 tabletas repartidas en dos tomas diarias.<\/p>\n<figure id=\"attachment_6251\" aria-describedby=\"caption-attachment-6251\" style=\"width: 1200px\" class=\"wp-caption alignnone\"><img decoding=\"async\" class=\"wp-image-6251 size-full\" title=\"Los ingredientes de Testo Bolic de Genetic Sport\" src=\"https:\/\/www.demusculos.com\/web\/wp-content\/uploads\/2024\/08\/testo-bolic-informacion-banner4.jpg\" alt=\"Testo Bolic aumenta tus niveles de testo. Rendimiento. Fabricado por Genetic Sport.\" width=\"1200\" height=\"1200\" srcset=\"https:\/\/www.demusculos.com\/web\/wp-content\/uploads\/2024\/08\/testo-bolic-informacion-banner4.jpg 1200w, https:\/\/www.demusculos.com\/web\/wp-content\/uploads\/2024\/08\/testo-bolic-informacion-banner4-300x300.jpg 300w, https:\/\/www.demusculos.com\/web\/wp-content\/uploads\/2024\/08\/testo-bolic-informacion-banner4-150x150.jpg 150w, https:\/\/www.demusculos.com\/web\/wp-content\/uploads\/2024\/08\/testo-bolic-informacion-banner4-800x800.jpg 800w, https:\/\/www.demusculos.com\/web\/wp-content\/uploads\/2024\/08\/testo-bolic-informacion-banner4-1024x1024.jpg 1024w, https:\/\/www.demusculos.com\/web\/wp-content\/uploads\/2024\/08\/testo-bolic-informacion-banner4-768x768.jpg 768w\" sizes=\"(max-width: 1200px) 100vw, 1200px\" \/><figcaption id=\"caption-attachment-6251\" class=\"wp-caption-text\">Los ingredientes de Testo Bolic de Genetic Sport<\/figcaption><\/figure>\n<p class=\"first-token\" data-sourcepos=\"1:1-1:122\">Aqu\u00ed tienes una lista con los principales beneficios para los hombres de mantener niveles \u00f3ptimos de testosterona:<\/p>\n<h2 data-sourcepos=\"3:1-3:23\"><strong>Testosterona en niveles \u00f3ptimos&#8230;Beneficios f\u00edsicos:<\/strong><\/h2>\n<ul data-sourcepos=\"5:1-5:14\">\n<li data-sourcepos=\"5:1-5:14\"><strong>Aumento de la masa muscular:<\/strong> La testosterona es esencial para el desarrollo y mantenimiento de la masa muscular.<\/li>\n<li data-sourcepos=\"6:1-6:52\"><strong>Mayor fuerza:<\/strong> Promueve un aumento en la fuerza y potencia muscular.<\/li>\n<li data-sourcepos=\"7:1-7:79\"><strong>Mejora de la densidad \u00f3sea:<\/strong> Ayuda a prevenir la osteoporosis y fracturas.<\/li>\n<li data-sourcepos=\"8:1-8:24\"><strong>Aumento de la libido y funci\u00f3n sexual:<\/strong> Mejora la calidad y frecuencia de las erecciones, as\u00ed como el deseo sexual.<\/li>\n<li data-sourcepos=\"9:1-9:47\"><strong>Mayor producci\u00f3n de esperma:<\/strong> Contribuye a una mejor fertilidad.<\/li>\n<li data-sourcepos=\"10:1-10:120\"><strong>Distribuci\u00f3n saludable de la grasa corporal:<\/strong> Ayuda a reducir la grasa abdominal y aumentar la masa muscular magra.<\/li>\n<li data-sourcepos=\"11:1-12:0\"><strong>Aumento de la producci\u00f3n de gl\u00f3bulos rojos:<\/strong> Mejora la oxigenaci\u00f3n de los tejidos.<\/li>\n<\/ul>\n<figure id=\"attachment_6252\" aria-describedby=\"caption-attachment-6252\" style=\"width: 1200px\" class=\"wp-caption alignnone\"><img loading=\"lazy\" decoding=\"async\" class=\"wp-image-6252 size-full\" title=\"Algunos de los ingredientes de Testo Bolic: Ginseng y Arginina\" src=\"https:\/\/www.demusculos.com\/web\/wp-content\/uploads\/2024\/08\/testo-bolic-informacion-banner5.jpg\" alt=\"Beneficios de tomar Testo Bolic de Genetic Sport x 120 comprimidos. Plan para un mes.\" width=\"1200\" height=\"1200\" srcset=\"https:\/\/www.demusculos.com\/web\/wp-content\/uploads\/2024\/08\/testo-bolic-informacion-banner5.jpg 1200w, https:\/\/www.demusculos.com\/web\/wp-content\/uploads\/2024\/08\/testo-bolic-informacion-banner5-300x300.jpg 300w, https:\/\/www.demusculos.com\/web\/wp-content\/uploads\/2024\/08\/testo-bolic-informacion-banner5-150x150.jpg 150w, https:\/\/www.demusculos.com\/web\/wp-content\/uploads\/2024\/08\/testo-bolic-informacion-banner5-800x800.jpg 800w, https:\/\/www.demusculos.com\/web\/wp-content\/uploads\/2024\/08\/testo-bolic-informacion-banner5-1024x1024.jpg 1024w, https:\/\/www.demusculos.com\/web\/wp-content\/uploads\/2024\/08\/testo-bolic-informacion-banner5-768x768.jpg 768w\" sizes=\"(max-width: 1200px) 100vw, 1200px\" \/><figcaption id=\"caption-attachment-6252\" class=\"wp-caption-text\">120 comprimidos. Plan para un mes. Aumenta tus niveles te testo.<\/figcaption><\/figure>\n<h2 data-sourcepos=\"13:1-13:24\"><strong>Beneficios mentales:<\/strong><\/h2>\n<ul data-sourcepos=\"15:1-18:81\">\n<li data-sourcepos=\"15:1-15:85\"><strong>Mejora del estado de \u00e1nimo:<\/strong> Puede ayudar a combatir la depresi\u00f3n y la ansiedad.<\/li>\n<li data-sourcepos=\"16:1-16:77\"><strong>Mayor concentraci\u00f3n y claridad mental:<\/strong> Mejora las funciones cognitivas.<\/li>\n<li data-sourcepos=\"17:1-17:107\"><strong>Aumento de la autoestima y confianza:<\/strong> Contribuye a una mejor imagen corporal y satisfacci\u00f3n personal.<\/li>\n<li data-sourcepos=\"18:1-18:81\"><strong>Mayor motivaci\u00f3n y energ\u00eda:<\/strong> Reduce la fatiga y aumenta el nivel de energ\u00eda.<\/li>\n<\/ul>\n<div class=\"mceTemp\"><\/div>\n<figure id=\"attachment_6253\" aria-describedby=\"caption-attachment-6253\" style=\"width: 1200px\" class=\"wp-caption alignnone\"><img loading=\"lazy\" decoding=\"async\" class=\"wp-image-6253 size-full\" title=\"Importancia del \u00c1cido Asp\u00e1rtico en Testo Bolic\" src=\"https:\/\/www.demusculos.com\/web\/wp-content\/uploads\/2024\/08\/testo-bolic-informacion-banner6.jpg\" alt=\"El poder del Acido Aspartico en Testo Bolic\" width=\"1200\" height=\"1200\" srcset=\"https:\/\/www.demusculos.com\/web\/wp-content\/uploads\/2024\/08\/testo-bolic-informacion-banner6.jpg 1200w, https:\/\/www.demusculos.com\/web\/wp-content\/uploads\/2024\/08\/testo-bolic-informacion-banner6-300x300.jpg 300w, https:\/\/www.demusculos.com\/web\/wp-content\/uploads\/2024\/08\/testo-bolic-informacion-banner6-150x150.jpg 150w, https:\/\/www.demusculos.com\/web\/wp-content\/uploads\/2024\/08\/testo-bolic-informacion-banner6-800x800.jpg 800w, https:\/\/www.demusculos.com\/web\/wp-content\/uploads\/2024\/08\/testo-bolic-informacion-banner6-1024x1024.jpg 1024w, https:\/\/www.demusculos.com\/web\/wp-content\/uploads\/2024\/08\/testo-bolic-informacion-banner6-768x768.jpg 768w\" sizes=\"(max-width: 1200px) 100vw, 1200px\" \/><figcaption id=\"caption-attachment-6253\" class=\"wp-caption-text\">Testo Bolic de Genetic x 120 contiene \u00c1cido Asp\u00e1rtico<\/figcaption><\/figure>\n<p data-sourcepos=\"20:1-20:21\"><strong>Otros beneficios de tener los niveles de testosterona optimos:<\/strong><\/p>\n<ul data-sourcepos=\"22:1-25:0\">\n<li data-sourcepos=\"22:1-22:99\"><strong>Reducci\u00f3n del riesgo de enfermedades cardiovasculares:<\/strong> Ayuda a mantener la salud del coraz\u00f3n.<\/li>\n<li data-sourcepos=\"23:1-23:71\"><strong>Mejora del sue\u00f1o:<\/strong> Contribuye a un sue\u00f1o m\u00e1s profundo y reparador.<\/li>\n<li data-sourcepos=\"24:1-25:0\"><strong>Retrasa el envejecimiento:<\/strong> Ayuda a mantener una apariencia juvenil y vitalidad.<\/li>\n<\/ul>\n<div class=\"mceTemp\"><\/div>\n","protected":false},"excerpt":{"rendered":"<p>Producto natural ideal para aumentar la testosterona, mejorar el libido, masa muscular magra libre de grasas. Uso deportivo y personal.<\/p>\n","protected":false},"featured_media":6247,"comment_status":"closed","ping_status":"closed","template":"","meta":[],"product_brand":[236],"product_cat":[42],"product_tag":[43,104],"class_list":{"0":"post-6246","1":"product","2":"type-product","3":"status-publish","4":"has-post-thumbnail","6":"product_brand-genetic-sport","7":"product_cat-hormonales-y-testo","8":"product_tag-genetic-sport","9":"product_tag-testosterona","11":"first","12":"instock","13":"sale","14":"shipping-taxable","15":"purchasable","16":"product-type-simple"},"yoast_head":"<!-- This site is optimized with the Yoast SEO plugin v27.5 - https:\/\/yoast.com\/product\/yoast-seo-wordpress\/ -->\n<title>Testo Bolic | Genetic Sport | 120 comprimidos | Testosterona<\/title>\n<meta name=\"description\" content=\"Testo Bolic x 120 comprimidos es fabricado por Genetic Sport. Ideal para aumentar el rendimiento, vasodilataci\u00f3n, testosterona y energ\u00eda.\" \/>\n<meta name=\"robots\" content=\"index, follow, max-snippet:-1, max-image-preview:large, max-video-preview:-1\" \/>\n<link rel=\"canonical\" href=\"https:\/\/www.demusculos.com\/web\/producto\/testo-bolic-x120-de-genetic-sport-aumenta-la-testosterona\/\" \/>\n<meta property=\"og:locale\" content=\"es_ES\" \/>\n<meta property=\"og:type\" content=\"article\" \/>\n<meta property=\"og:title\" content=\"Testo Bolic | Genetic Sport | 120 comprimidos | Testosterona\" \/>\n<meta property=\"og:description\" content=\"Testo Bolic x 120 comprimidos es fabricado por Genetic Sport. Ideal para aumentar el rendimiento, vasodilataci\u00f3n, testosterona y energ\u00eda.\" \/>\n<meta property=\"og:url\" content=\"https:\/\/www.demusculos.com\/web\/producto\/testo-bolic-x120-de-genetic-sport-aumenta-la-testosterona\/\" \/>\n<meta property=\"og:site_name\" content=\"DeMusculos\" \/>\n<meta property=\"article:publisher\" content=\"https:\/\/www.facebook.com\/demusculos\" \/>\n<meta property=\"article:modified_time\" content=\"2026-03-04T16:54:07+00:00\" \/>\n<meta property=\"og:image\" content=\"https:\/\/www.demusculos.com\/web\/wp-content\/uploads\/2024\/08\/testo-bolic-informacion-pro-hormonal-x1.jpg\" \/>\n\t<meta property=\"og:image:width\" content=\"1200\" \/>\n\t<meta property=\"og:image:height\" content=\"1200\" \/>\n\t<meta property=\"og:image:type\" content=\"image\/jpeg\" \/>\n<meta name=\"twitter:card\" content=\"summary_large_image\" \/>\n<meta name=\"twitter:site\" content=\"@demusculos\" \/>\n<meta name=\"twitter:label1\" content=\"Tiempo de lectura\" \/>\n\t<meta name=\"twitter:data1\" content=\"4 minutos\" \/>\n<script type=\"application\/ld+json\" class=\"yoast-schema-graph\">{\"@context\":\"https:\\\/\\\/schema.org\",\"@graph\":[{\"@type\":\"WebPage\",\"@id\":\"https:\\\/\\\/www.demusculos.com\\\/web\\\/producto\\\/testo-bolic-x120-de-genetic-sport-aumenta-la-testosterona\\\/\",\"url\":\"https:\\\/\\\/www.demusculos.com\\\/web\\\/producto\\\/testo-bolic-x120-de-genetic-sport-aumenta-la-testosterona\\\/\",\"name\":\"Testo Bolic | Genetic Sport | 120 comprimidos | Testosterona\",\"isPartOf\":{\"@id\":\"https:\\\/\\\/www.demusculos.com\\\/web\\\/#website\"},\"primaryImageOfPage\":{\"@id\":\"https:\\\/\\\/www.demusculos.com\\\/web\\\/producto\\\/testo-bolic-x120-de-genetic-sport-aumenta-la-testosterona\\\/#primaryimage\"},\"image\":{\"@id\":\"https:\\\/\\\/www.demusculos.com\\\/web\\\/producto\\\/testo-bolic-x120-de-genetic-sport-aumenta-la-testosterona\\\/#primaryimage\"},\"thumbnailUrl\":\"https:\\\/\\\/www.demusculos.com\\\/web\\\/wp-content\\\/uploads\\\/2024\\\/08\\\/testo-bolic-informacion-pro-hormonal-x1.jpg\",\"datePublished\":\"2024-08-23T00:49:47+00:00\",\"dateModified\":\"2026-03-04T16:54:07+00:00\",\"description\":\"Testo Bolic x 120 comprimidos es fabricado por Genetic Sport. Ideal para aumentar el rendimiento, vasodilataci\u00f3n, testosterona y energ\u00eda.\",\"breadcrumb\":{\"@id\":\"https:\\\/\\\/www.demusculos.com\\\/web\\\/producto\\\/testo-bolic-x120-de-genetic-sport-aumenta-la-testosterona\\\/#breadcrumb\"},\"inLanguage\":\"es\",\"potentialAction\":[{\"@type\":\"ReadAction\",\"target\":[\"https:\\\/\\\/www.demusculos.com\\\/web\\\/producto\\\/testo-bolic-x120-de-genetic-sport-aumenta-la-testosterona\\\/\"]}]},{\"@type\":\"ImageObject\",\"inLanguage\":\"es\",\"@id\":\"https:\\\/\\\/www.demusculos.com\\\/web\\\/producto\\\/testo-bolic-x120-de-genetic-sport-aumenta-la-testosterona\\\/#primaryimage\",\"url\":\"https:\\\/\\\/www.demusculos.com\\\/web\\\/wp-content\\\/uploads\\\/2024\\\/08\\\/testo-bolic-informacion-pro-hormonal-x1.jpg\",\"contentUrl\":\"https:\\\/\\\/www.demusculos.com\\\/web\\\/wp-content\\\/uploads\\\/2024\\\/08\\\/testo-bolic-informacion-pro-hormonal-x1.jpg\",\"width\":1200,\"height\":1200,\"caption\":\"Ideal para aumentar de forma natual los niveles de testosterona\"},{\"@type\":\"BreadcrumbList\",\"@id\":\"https:\\\/\\\/www.demusculos.com\\\/web\\\/producto\\\/testo-bolic-x120-de-genetic-sport-aumenta-la-testosterona\\\/#breadcrumb\",\"itemListElement\":[{\"@type\":\"ListItem\",\"position\":1,\"name\":\"Inicio\",\"item\":\"https:\\\/\\\/www.demusculos.com\\\/web\\\/\"},{\"@type\":\"ListItem\",\"position\":2,\"name\":\"Suplementos\",\"item\":\"https:\\\/\\\/www.demusculos.com\\\/web\\\/tienda\\\/\"},{\"@type\":\"ListItem\",\"position\":3,\"name\":\"Testo Bolic x120 de Genetic Sport aumenta la Testosterona\"}]},{\"@type\":\"WebSite\",\"@id\":\"https:\\\/\\\/www.demusculos.com\\\/web\\\/#website\",\"url\":\"https:\\\/\\\/www.demusculos.com\\\/web\\\/\",\"name\":\"DeMusculos.com\",\"description\":\"Suplementos Naturales\",\"publisher\":{\"@id\":\"https:\\\/\\\/www.demusculos.com\\\/web\\\/#organization\"},\"alternateName\":\"Suplementos Naturales\",\"potentialAction\":[{\"@type\":\"SearchAction\",\"target\":{\"@type\":\"EntryPoint\",\"urlTemplate\":\"https:\\\/\\\/www.demusculos.com\\\/web\\\/?s={search_term_string}\"},\"query-input\":{\"@type\":\"PropertyValueSpecification\",\"valueRequired\":true,\"valueName\":\"search_term_string\"}}],\"inLanguage\":\"es\"},{\"@type\":\"Organization\",\"@id\":\"https:\\\/\\\/www.demusculos.com\\\/web\\\/#organization\",\"name\":\"DeMusculos.com\",\"alternateName\":\"DeMusculos\",\"url\":\"https:\\\/\\\/www.demusculos.com\\\/web\\\/\",\"logo\":{\"@type\":\"ImageObject\",\"inLanguage\":\"es\",\"@id\":\"https:\\\/\\\/www.demusculos.com\\\/web\\\/#\\\/schema\\\/logo\\\/image\\\/\",\"url\":\"https:\\\/\\\/www.demusculos.com\\\/web\\\/wp-content\\\/uploads\\\/2024\\\/02\\\/logo-demusculos-prestashop-usuario.png\",\"contentUrl\":\"https:\\\/\\\/www.demusculos.com\\\/web\\\/wp-content\\\/uploads\\\/2024\\\/02\\\/logo-demusculos-prestashop-usuario.png\",\"width\":150,\"height\":150,\"caption\":\"DeMusculos.com\"},\"image\":{\"@id\":\"https:\\\/\\\/www.demusculos.com\\\/web\\\/#\\\/schema\\\/logo\\\/image\\\/\"},\"sameAs\":[\"https:\\\/\\\/www.facebook.com\\\/demusculos\",\"https:\\\/\\\/x.com\\\/demusculos\",\"https:\\\/\\\/www.instagram.com\\\/demusculos\",\"https:\\\/\\\/www.tiktok.com\\\/@demusculos.com\"]}]}<\/script>\n<!-- \/ Yoast SEO plugin. -->","yoast_head_json":{"title":"Testo Bolic | Genetic Sport | 120 comprimidos | Testosterona","description":"Testo Bolic x 120 comprimidos es fabricado por Genetic Sport. Ideal para aumentar el rendimiento, vasodilataci\u00f3n, testosterona y energ\u00eda.","robots":{"index":"index","follow":"follow","max-snippet":"max-snippet:-1","max-image-preview":"max-image-preview:large","max-video-preview":"max-video-preview:-1"},"canonical":"https:\/\/www.demusculos.com\/web\/producto\/testo-bolic-x120-de-genetic-sport-aumenta-la-testosterona\/","og_locale":"es_ES","og_type":"article","og_title":"Testo Bolic | Genetic Sport | 120 comprimidos | Testosterona","og_description":"Testo Bolic x 120 comprimidos es fabricado por Genetic Sport. Ideal para aumentar el rendimiento, vasodilataci\u00f3n, testosterona y energ\u00eda.","og_url":"https:\/\/www.demusculos.com\/web\/producto\/testo-bolic-x120-de-genetic-sport-aumenta-la-testosterona\/","og_site_name":"DeMusculos","article_publisher":"https:\/\/www.facebook.com\/demusculos","article_modified_time":"2026-03-04T16:54:07+00:00","og_image":[{"width":1200,"height":1200,"url":"https:\/\/www.demusculos.com\/web\/wp-content\/uploads\/2024\/08\/testo-bolic-informacion-pro-hormonal-x1.jpg","type":"image\/jpeg"}],"twitter_card":"summary_large_image","twitter_site":"@demusculos","twitter_misc":{"Tiempo de lectura":"4 minutos"},"schema":{"@context":"https:\/\/schema.org","@graph":[{"@type":"WebPage","@id":"https:\/\/www.demusculos.com\/web\/producto\/testo-bolic-x120-de-genetic-sport-aumenta-la-testosterona\/","url":"https:\/\/www.demusculos.com\/web\/producto\/testo-bolic-x120-de-genetic-sport-aumenta-la-testosterona\/","name":"Testo Bolic | Genetic Sport | 120 comprimidos | Testosterona","isPartOf":{"@id":"https:\/\/www.demusculos.com\/web\/#website"},"primaryImageOfPage":{"@id":"https:\/\/www.demusculos.com\/web\/producto\/testo-bolic-x120-de-genetic-sport-aumenta-la-testosterona\/#primaryimage"},"image":{"@id":"https:\/\/www.demusculos.com\/web\/producto\/testo-bolic-x120-de-genetic-sport-aumenta-la-testosterona\/#primaryimage"},"thumbnailUrl":"https:\/\/www.demusculos.com\/web\/wp-content\/uploads\/2024\/08\/testo-bolic-informacion-pro-hormonal-x1.jpg","datePublished":"2024-08-23T00:49:47+00:00","dateModified":"2026-03-04T16:54:07+00:00","description":"Testo Bolic x 120 comprimidos es fabricado por Genetic Sport. Ideal para aumentar el rendimiento, vasodilataci\u00f3n, testosterona y energ\u00eda.","breadcrumb":{"@id":"https:\/\/www.demusculos.com\/web\/producto\/testo-bolic-x120-de-genetic-sport-aumenta-la-testosterona\/#breadcrumb"},"inLanguage":"es","potentialAction":[{"@type":"ReadAction","target":["https:\/\/www.demusculos.com\/web\/producto\/testo-bolic-x120-de-genetic-sport-aumenta-la-testosterona\/"]}]},{"@type":"ImageObject","inLanguage":"es","@id":"https:\/\/www.demusculos.com\/web\/producto\/testo-bolic-x120-de-genetic-sport-aumenta-la-testosterona\/#primaryimage","url":"https:\/\/www.demusculos.com\/web\/wp-content\/uploads\/2024\/08\/testo-bolic-informacion-pro-hormonal-x1.jpg","contentUrl":"https:\/\/www.demusculos.com\/web\/wp-content\/uploads\/2024\/08\/testo-bolic-informacion-pro-hormonal-x1.jpg","width":1200,"height":1200,"caption":"Ideal para aumentar de forma natual los niveles de testosterona"},{"@type":"BreadcrumbList","@id":"https:\/\/www.demusculos.com\/web\/producto\/testo-bolic-x120-de-genetic-sport-aumenta-la-testosterona\/#breadcrumb","itemListElement":[{"@type":"ListItem","position":1,"name":"Inicio","item":"https:\/\/www.demusculos.com\/web\/"},{"@type":"ListItem","position":2,"name":"Suplementos","item":"https:\/\/www.demusculos.com\/web\/tienda\/"},{"@type":"ListItem","position":3,"name":"Testo Bolic x120 de Genetic Sport aumenta la Testosterona"}]},{"@type":"WebSite","@id":"https:\/\/www.demusculos.com\/web\/#website","url":"https:\/\/www.demusculos.com\/web\/","name":"DeMusculos.com","description":"Suplementos Naturales","publisher":{"@id":"https:\/\/www.demusculos.com\/web\/#organization"},"alternateName":"Suplementos Naturales","potentialAction":[{"@type":"SearchAction","target":{"@type":"EntryPoint","urlTemplate":"https:\/\/www.demusculos.com\/web\/?s={search_term_string}"},"query-input":{"@type":"PropertyValueSpecification","valueRequired":true,"valueName":"search_term_string"}}],"inLanguage":"es"},{"@type":"Organization","@id":"https:\/\/www.demusculos.com\/web\/#organization","name":"DeMusculos.com","alternateName":"DeMusculos","url":"https:\/\/www.demusculos.com\/web\/","logo":{"@type":"ImageObject","inLanguage":"es","@id":"https:\/\/www.demusculos.com\/web\/#\/schema\/logo\/image\/","url":"https:\/\/www.demusculos.com\/web\/wp-content\/uploads\/2024\/02\/logo-demusculos-prestashop-usuario.png","contentUrl":"https:\/\/www.demusculos.com\/web\/wp-content\/uploads\/2024\/02\/logo-demusculos-prestashop-usuario.png","width":150,"height":150,"caption":"DeMusculos.com"},"image":{"@id":"https:\/\/www.demusculos.com\/web\/#\/schema\/logo\/image\/"},"sameAs":["https:\/\/www.facebook.com\/demusculos","https:\/\/x.com\/demusculos","https:\/\/www.instagram.com\/demusculos","https:\/\/www.tiktok.com\/@demusculos.com"]}]}},"_links":{"self":[{"href":"https:\/\/www.demusculos.com\/web\/wp-json\/wp\/v2\/product\/6246","targetHints":{"allow":["GET"]}}],"collection":[{"href":"https:\/\/www.demusculos.com\/web\/wp-json\/wp\/v2\/product"}],"about":[{"href":"https:\/\/www.demusculos.com\/web\/wp-json\/wp\/v2\/types\/product"}],"replies":[{"embeddable":true,"href":"https:\/\/www.demusculos.com\/web\/wp-json\/wp\/v2\/comments?post=6246"}],"wp:featuredmedia":[{"embeddable":true,"href":"https:\/\/www.demusculos.com\/web\/wp-json\/wp\/v2\/media\/6247"}],"wp:attachment":[{"href":"https:\/\/www.demusculos.com\/web\/wp-json\/wp\/v2\/media?parent=6246"}],"wp:term":[{"taxonomy":"product_brand","embeddable":true,"href":"https:\/\/www.demusculos.com\/web\/wp-json\/wp\/v2\/product_brand?post=6246"},{"taxonomy":"product_cat","embeddable":true,"href":"https:\/\/www.demusculos.com\/web\/wp-json\/wp\/v2\/product_cat?post=6246"},{"taxonomy":"product_tag","embeddable":true,"href":"https:\/\/www.demusculos.com\/web\/wp-json\/wp\/v2\/product_tag?post=6246"}],"curies":[{"name":"wp","href":"https:\/\/api.w.org\/{rel}","templated":true}]}}