{"id":7569,"date":"2024-10-24T08:19:29","date_gmt":"2024-10-24T11:19:29","guid":{"rendered":"https:\/\/www.demusculos.com\/web\/?post_type=product&#038;p=7569"},"modified":"2026-03-12T14:13:22","modified_gmt":"2026-03-12T17:13:22","slug":"best-collagen","status":"publish","type":"product","link":"https:\/\/www.demusculos.com\/web\/producto\/best-collagen\/","title":{"rendered":"Best Collagen Importado de Nutra Key x 100 tabletas"},"content":{"rendered":"<h2>Best Collagen<\/h2>\n<p>Best Collagen fortalece el pelo y mejora las articulaciones, u\u00f1as. Tambi\u00e9n tiene muchos beneficios para la piel y la vista.<\/p>\n<p>El col\u00e1geno es una prote\u00edna esencial en el cuerpo humano, y sus beneficios abarcan varios aspectos de la salud. Aqu\u00ed te menciono algunos de los m\u00e1s destacados:<\/p>\n<p><strong>Salud de la piel<\/strong>:<\/p>\n<p>Best Collagen es fundamental para mantener la elasticidad y firmeza de la piel.<\/p>\n<p>El producto puede reducir arrugas, mejorar la hidrataci\u00f3n y promover un aspecto m\u00e1s juvenil.<\/p>\n<p><strong>Salud articular<\/strong>:<\/p>\n<p>Este producto ayuda a mantener el cart\u00edlago que protege las articulaciones.<\/p>\n<p>Muchas personas reducen su dolor articular gracias a tomar col\u00e1geno. Tambi\u00e9n suele mejorar la movilidad en personas con artritis o lesiones articulares.<\/p>\n<p><strong>Fortalecimiento \u00f3seo<\/strong>:<\/p>\n<p>Es un componente clave de los huesos. Hay que recordar que con la edad, se produce una p\u00e9rdida de masa \u00f3sea y el col\u00e1geno ayuda a mejorar la densidad \u00f3sea.<\/p>\n<p>El fortalecer la masa \u00f3sea puede prevenir fracturas o el desarrollo de enfermedades como la osteoporosis.<\/p>\n<p><img fetchpriority=\"high\" decoding=\"async\" class=\"alignnone size-full wp-image-7574\" src=\"https:\/\/www.demusculos.com\/web\/wp-content\/uploads\/2024\/10\/best-collagen-nutri-smart-05.jpg\" alt=\"Col\u00e1geno Importado\" width=\"800\" height=\"800\" srcset=\"https:\/\/www.demusculos.com\/web\/wp-content\/uploads\/2024\/10\/best-collagen-nutri-smart-05.jpg 800w, https:\/\/www.demusculos.com\/web\/wp-content\/uploads\/2024\/10\/best-collagen-nutri-smart-05-300x300.jpg 300w, https:\/\/www.demusculos.com\/web\/wp-content\/uploads\/2024\/10\/best-collagen-nutri-smart-05-150x150.jpg 150w, https:\/\/www.demusculos.com\/web\/wp-content\/uploads\/2024\/10\/best-collagen-nutri-smart-05-768x768.jpg 768w, https:\/\/www.demusculos.com\/web\/wp-content\/uploads\/2024\/10\/best-collagen-nutri-smart-05-416x416.jpg 416w\" sizes=\"(max-width: 800px) 100vw, 800px\" \/>Capsulas o Tabletas = Igual producto, mismos beneficios<\/p>\n<p><strong>Salud capilar y de las u\u00f1as<\/strong>: Uno de los grandes beneficios de este suplemento natural es promover el fortalecimiento del cabello y las u\u00f1as, previniendo la fragilidad y el quiebre.<\/p>\n<p><strong>Masa muscular<\/strong>: Ayuda a mantener la masa muscular, ya que es una prote\u00edna importante para la estructura del tejido muscular. Suplementar con col\u00e1geno puede ser beneficioso, especialmente en personas mayores o en recuperaci\u00f3n de lesiones.<\/p>\n<p><strong>Digesti\u00f3n y salud intestinal<\/strong>: Puede favorecer la reparaci\u00f3n de la mucosa intestinal, lo que podr\u00eda beneficiar a personas con trastornos digestivos como el s\u00edndrome de intestino permeable.<\/p>\n<p><strong>Cicatrizaci\u00f3n<\/strong>:\u00a0 Hay que recordar que el col\u00e1geno, es una prote\u00edna estructural clave en la piel, tambi\u00e9n puede ayudar a mejorar el proceso de cicatrizaci\u00f3n de heridas.<\/p>\n<p>En personas con condiciones que afectan la salud \u00f3sea, como la osteog\u00e9nesis imperfecta, el col\u00e1geno podr\u00eda ofrecer beneficios en la regeneraci\u00f3n y resistencia de los huesos, aunque siempre es importante consultar con un especialista antes de iniciar su suplementaci\u00f3n.<\/p>\n<p><img decoding=\"async\" class=\"alignnone size-full wp-image-7573\" src=\"https:\/\/www.demusculos.com\/web\/wp-content\/uploads\/2024\/10\/best-collagen-nutri-smart-04.jpg\" alt=\"Col\u00e1geno\" width=\"800\" height=\"800\" srcset=\"https:\/\/www.demusculos.com\/web\/wp-content\/uploads\/2024\/10\/best-collagen-nutri-smart-04.jpg 800w, https:\/\/www.demusculos.com\/web\/wp-content\/uploads\/2024\/10\/best-collagen-nutri-smart-04-300x300.jpg 300w, https:\/\/www.demusculos.com\/web\/wp-content\/uploads\/2024\/10\/best-collagen-nutri-smart-04-150x150.jpg 150w, https:\/\/www.demusculos.com\/web\/wp-content\/uploads\/2024\/10\/best-collagen-nutri-smart-04-768x768.jpg 768w, https:\/\/www.demusculos.com\/web\/wp-content\/uploads\/2024\/10\/best-collagen-nutri-smart-04-416x416.jpg 416w\" sizes=\"(max-width: 800px) 100vw, 800px\" \/><\/p>\n<p>&nbsp;<\/p>\n","protected":false},"excerpt":{"rendered":"<p>C\u00f3lageno en tabletas. Novedad en Argentina. Pr\u00e1ctico, sano, natural. Importado de USA.<\/p>\n","protected":false},"featured_media":7570,"comment_status":"closed","ping_status":"closed","template":"","meta":[],"product_brand":[],"product_cat":[41],"product_tag":[130],"class_list":{"0":"post-7569","1":"product","2":"type-product","3":"status-publish","4":"has-post-thumbnail","6":"product_cat-colageno","7":"product_tag-nutra-key","9":"first","10":"outofstock","11":"sale","12":"shipping-taxable","13":"purchasable","14":"product-type-simple"},"yoast_head":"<!-- This site is optimized with the Yoast SEO plugin v27.4 - https:\/\/yoast.com\/product\/yoast-seo-wordpress\/ -->\n<title>Best Collagen Importado de Nutra Key x 100 tabletas | DeMusculos<\/title>\n<meta name=\"description\" content=\"Best Collagen es un excelente col\u00e1geno importado, fabricado en USA por Nutri Smart. Ideal para piel, u\u00f1as, pelo, articulaciones. Ambos Sexos. Env\u00edo.\" \/>\n<meta name=\"robots\" content=\"index, follow, max-snippet:-1, max-image-preview:large, max-video-preview:-1\" \/>\n<link rel=\"canonical\" href=\"https:\/\/www.demusculos.com\/web\/producto\/best-collagen\/\" \/>\n<meta property=\"og:locale\" content=\"es_ES\" \/>\n<meta property=\"og:type\" content=\"article\" \/>\n<meta property=\"og:title\" content=\"Best Collagen Importado de Nutra Key x 100 tabletas | DeMusculos\" \/>\n<meta property=\"og:description\" content=\"Best Collagen es un excelente col\u00e1geno importado, fabricado en USA por Nutri Smart. Ideal para piel, u\u00f1as, pelo, articulaciones. Ambos Sexos. Env\u00edo.\" \/>\n<meta property=\"og:url\" content=\"https:\/\/www.demusculos.com\/web\/producto\/best-collagen\/\" \/>\n<meta property=\"og:site_name\" content=\"DeMusculos\" \/>\n<meta property=\"article:publisher\" content=\"https:\/\/www.facebook.com\/demusculos\" \/>\n<meta property=\"article:modified_time\" content=\"2026-03-12T17:13:22+00:00\" \/>\n<meta property=\"og:image\" content=\"https:\/\/www.demusculos.com\/web\/wp-content\/uploads\/2024\/10\/best-collagen-nutri-smart-01.jpg\" \/>\n\t<meta property=\"og:image:width\" content=\"800\" \/>\n\t<meta property=\"og:image:height\" content=\"800\" \/>\n\t<meta property=\"og:image:type\" content=\"image\/jpeg\" \/>\n<meta name=\"twitter:card\" content=\"summary_large_image\" \/>\n<meta name=\"twitter:site\" content=\"@demusculos\" \/>\n<meta name=\"twitter:label1\" content=\"Tiempo de lectura\" \/>\n\t<meta name=\"twitter:data1\" content=\"3 minutos\" \/>\n<script type=\"application\/ld+json\" class=\"yoast-schema-graph\">{\"@context\":\"https:\\\/\\\/schema.org\",\"@graph\":[{\"@type\":\"WebPage\",\"@id\":\"https:\\\/\\\/www.demusculos.com\\\/web\\\/producto\\\/best-collagen\\\/\",\"url\":\"https:\\\/\\\/www.demusculos.com\\\/web\\\/producto\\\/best-collagen\\\/\",\"name\":\"Best Collagen Importado de Nutra Key x 100 tabletas | DeMusculos\",\"isPartOf\":{\"@id\":\"https:\\\/\\\/www.demusculos.com\\\/web\\\/#website\"},\"primaryImageOfPage\":{\"@id\":\"https:\\\/\\\/www.demusculos.com\\\/web\\\/producto\\\/best-collagen\\\/#primaryimage\"},\"image\":{\"@id\":\"https:\\\/\\\/www.demusculos.com\\\/web\\\/producto\\\/best-collagen\\\/#primaryimage\"},\"thumbnailUrl\":\"https:\\\/\\\/www.demusculos.com\\\/web\\\/wp-content\\\/uploads\\\/2024\\\/10\\\/best-collagen-nutri-smart-01.jpg\",\"datePublished\":\"2024-10-24T11:19:29+00:00\",\"dateModified\":\"2026-03-12T17:13:22+00:00\",\"description\":\"Best Collagen es un excelente col\u00e1geno importado, fabricado en USA por Nutri Smart. Ideal para piel, u\u00f1as, pelo, articulaciones. Ambos Sexos. Env\u00edo.\",\"breadcrumb\":{\"@id\":\"https:\\\/\\\/www.demusculos.com\\\/web\\\/producto\\\/best-collagen\\\/#breadcrumb\"},\"inLanguage\":\"es\",\"potentialAction\":[{\"@type\":\"ReadAction\",\"target\":[\"https:\\\/\\\/www.demusculos.com\\\/web\\\/producto\\\/best-collagen\\\/\"]}]},{\"@type\":\"ImageObject\",\"inLanguage\":\"es\",\"@id\":\"https:\\\/\\\/www.demusculos.com\\\/web\\\/producto\\\/best-collagen\\\/#primaryimage\",\"url\":\"https:\\\/\\\/www.demusculos.com\\\/web\\\/wp-content\\\/uploads\\\/2024\\\/10\\\/best-collagen-nutri-smart-01.jpg\",\"contentUrl\":\"https:\\\/\\\/www.demusculos.com\\\/web\\\/wp-content\\\/uploads\\\/2024\\\/10\\\/best-collagen-nutri-smart-01.jpg\",\"width\":800,\"height\":800,\"caption\":\"Best Collagen de Nutri Smart\"},{\"@type\":\"BreadcrumbList\",\"@id\":\"https:\\\/\\\/www.demusculos.com\\\/web\\\/producto\\\/best-collagen\\\/#breadcrumb\",\"itemListElement\":[{\"@type\":\"ListItem\",\"position\":1,\"name\":\"Inicio\",\"item\":\"https:\\\/\\\/www.demusculos.com\\\/web\\\/\"},{\"@type\":\"ListItem\",\"position\":2,\"name\":\"Suplementos\",\"item\":\"https:\\\/\\\/www.demusculos.com\\\/web\\\/tienda\\\/\"},{\"@type\":\"ListItem\",\"position\":3,\"name\":\"Best Collagen Importado de Nutra Key x 100 tabletas\"}]},{\"@type\":\"WebSite\",\"@id\":\"https:\\\/\\\/www.demusculos.com\\\/web\\\/#website\",\"url\":\"https:\\\/\\\/www.demusculos.com\\\/web\\\/\",\"name\":\"DeMusculos.com\",\"description\":\"Suplementos Naturales\",\"publisher\":{\"@id\":\"https:\\\/\\\/www.demusculos.com\\\/web\\\/#organization\"},\"alternateName\":\"Suplementos Naturales\",\"potentialAction\":[{\"@type\":\"SearchAction\",\"target\":{\"@type\":\"EntryPoint\",\"urlTemplate\":\"https:\\\/\\\/www.demusculos.com\\\/web\\\/?s={search_term_string}\"},\"query-input\":{\"@type\":\"PropertyValueSpecification\",\"valueRequired\":true,\"valueName\":\"search_term_string\"}}],\"inLanguage\":\"es\"},{\"@type\":\"Organization\",\"@id\":\"https:\\\/\\\/www.demusculos.com\\\/web\\\/#organization\",\"name\":\"DeMusculos.com\",\"alternateName\":\"DeMusculos\",\"url\":\"https:\\\/\\\/www.demusculos.com\\\/web\\\/\",\"logo\":{\"@type\":\"ImageObject\",\"inLanguage\":\"es\",\"@id\":\"https:\\\/\\\/www.demusculos.com\\\/web\\\/#\\\/schema\\\/logo\\\/image\\\/\",\"url\":\"https:\\\/\\\/www.demusculos.com\\\/web\\\/wp-content\\\/uploads\\\/2024\\\/02\\\/logo-demusculos-prestashop-usuario.png\",\"contentUrl\":\"https:\\\/\\\/www.demusculos.com\\\/web\\\/wp-content\\\/uploads\\\/2024\\\/02\\\/logo-demusculos-prestashop-usuario.png\",\"width\":150,\"height\":150,\"caption\":\"DeMusculos.com\"},\"image\":{\"@id\":\"https:\\\/\\\/www.demusculos.com\\\/web\\\/#\\\/schema\\\/logo\\\/image\\\/\"},\"sameAs\":[\"https:\\\/\\\/www.facebook.com\\\/demusculos\",\"https:\\\/\\\/x.com\\\/demusculos\",\"https:\\\/\\\/www.instagram.com\\\/demusculos\",\"https:\\\/\\\/www.tiktok.com\\\/@demusculos.com\"]}]}<\/script>\n<!-- \/ Yoast SEO plugin. -->","yoast_head_json":{"title":"Best Collagen Importado de Nutra Key x 100 tabletas | DeMusculos","description":"Best Collagen es un excelente col\u00e1geno importado, fabricado en USA por Nutri Smart. Ideal para piel, u\u00f1as, pelo, articulaciones. Ambos Sexos. Env\u00edo.","robots":{"index":"index","follow":"follow","max-snippet":"max-snippet:-1","max-image-preview":"max-image-preview:large","max-video-preview":"max-video-preview:-1"},"canonical":"https:\/\/www.demusculos.com\/web\/producto\/best-collagen\/","og_locale":"es_ES","og_type":"article","og_title":"Best Collagen Importado de Nutra Key x 100 tabletas | DeMusculos","og_description":"Best Collagen es un excelente col\u00e1geno importado, fabricado en USA por Nutri Smart. Ideal para piel, u\u00f1as, pelo, articulaciones. Ambos Sexos. Env\u00edo.","og_url":"https:\/\/www.demusculos.com\/web\/producto\/best-collagen\/","og_site_name":"DeMusculos","article_publisher":"https:\/\/www.facebook.com\/demusculos","article_modified_time":"2026-03-12T17:13:22+00:00","og_image":[{"width":800,"height":800,"url":"https:\/\/www.demusculos.com\/web\/wp-content\/uploads\/2024\/10\/best-collagen-nutri-smart-01.jpg","type":"image\/jpeg"}],"twitter_card":"summary_large_image","twitter_site":"@demusculos","twitter_misc":{"Tiempo de lectura":"3 minutos"},"schema":{"@context":"https:\/\/schema.org","@graph":[{"@type":"WebPage","@id":"https:\/\/www.demusculos.com\/web\/producto\/best-collagen\/","url":"https:\/\/www.demusculos.com\/web\/producto\/best-collagen\/","name":"Best Collagen Importado de Nutra Key x 100 tabletas | DeMusculos","isPartOf":{"@id":"https:\/\/www.demusculos.com\/web\/#website"},"primaryImageOfPage":{"@id":"https:\/\/www.demusculos.com\/web\/producto\/best-collagen\/#primaryimage"},"image":{"@id":"https:\/\/www.demusculos.com\/web\/producto\/best-collagen\/#primaryimage"},"thumbnailUrl":"https:\/\/www.demusculos.com\/web\/wp-content\/uploads\/2024\/10\/best-collagen-nutri-smart-01.jpg","datePublished":"2024-10-24T11:19:29+00:00","dateModified":"2026-03-12T17:13:22+00:00","description":"Best Collagen es un excelente col\u00e1geno importado, fabricado en USA por Nutri Smart. Ideal para piel, u\u00f1as, pelo, articulaciones. Ambos Sexos. Env\u00edo.","breadcrumb":{"@id":"https:\/\/www.demusculos.com\/web\/producto\/best-collagen\/#breadcrumb"},"inLanguage":"es","potentialAction":[{"@type":"ReadAction","target":["https:\/\/www.demusculos.com\/web\/producto\/best-collagen\/"]}]},{"@type":"ImageObject","inLanguage":"es","@id":"https:\/\/www.demusculos.com\/web\/producto\/best-collagen\/#primaryimage","url":"https:\/\/www.demusculos.com\/web\/wp-content\/uploads\/2024\/10\/best-collagen-nutri-smart-01.jpg","contentUrl":"https:\/\/www.demusculos.com\/web\/wp-content\/uploads\/2024\/10\/best-collagen-nutri-smart-01.jpg","width":800,"height":800,"caption":"Best Collagen de Nutri Smart"},{"@type":"BreadcrumbList","@id":"https:\/\/www.demusculos.com\/web\/producto\/best-collagen\/#breadcrumb","itemListElement":[{"@type":"ListItem","position":1,"name":"Inicio","item":"https:\/\/www.demusculos.com\/web\/"},{"@type":"ListItem","position":2,"name":"Suplementos","item":"https:\/\/www.demusculos.com\/web\/tienda\/"},{"@type":"ListItem","position":3,"name":"Best Collagen Importado de Nutra Key x 100 tabletas"}]},{"@type":"WebSite","@id":"https:\/\/www.demusculos.com\/web\/#website","url":"https:\/\/www.demusculos.com\/web\/","name":"DeMusculos.com","description":"Suplementos Naturales","publisher":{"@id":"https:\/\/www.demusculos.com\/web\/#organization"},"alternateName":"Suplementos Naturales","potentialAction":[{"@type":"SearchAction","target":{"@type":"EntryPoint","urlTemplate":"https:\/\/www.demusculos.com\/web\/?s={search_term_string}"},"query-input":{"@type":"PropertyValueSpecification","valueRequired":true,"valueName":"search_term_string"}}],"inLanguage":"es"},{"@type":"Organization","@id":"https:\/\/www.demusculos.com\/web\/#organization","name":"DeMusculos.com","alternateName":"DeMusculos","url":"https:\/\/www.demusculos.com\/web\/","logo":{"@type":"ImageObject","inLanguage":"es","@id":"https:\/\/www.demusculos.com\/web\/#\/schema\/logo\/image\/","url":"https:\/\/www.demusculos.com\/web\/wp-content\/uploads\/2024\/02\/logo-demusculos-prestashop-usuario.png","contentUrl":"https:\/\/www.demusculos.com\/web\/wp-content\/uploads\/2024\/02\/logo-demusculos-prestashop-usuario.png","width":150,"height":150,"caption":"DeMusculos.com"},"image":{"@id":"https:\/\/www.demusculos.com\/web\/#\/schema\/logo\/image\/"},"sameAs":["https:\/\/www.facebook.com\/demusculos","https:\/\/x.com\/demusculos","https:\/\/www.instagram.com\/demusculos","https:\/\/www.tiktok.com\/@demusculos.com"]}]}},"_links":{"self":[{"href":"https:\/\/www.demusculos.com\/web\/wp-json\/wp\/v2\/product\/7569","targetHints":{"allow":["GET"]}}],"collection":[{"href":"https:\/\/www.demusculos.com\/web\/wp-json\/wp\/v2\/product"}],"about":[{"href":"https:\/\/www.demusculos.com\/web\/wp-json\/wp\/v2\/types\/product"}],"replies":[{"embeddable":true,"href":"https:\/\/www.demusculos.com\/web\/wp-json\/wp\/v2\/comments?post=7569"}],"wp:featuredmedia":[{"embeddable":true,"href":"https:\/\/www.demusculos.com\/web\/wp-json\/wp\/v2\/media\/7570"}],"wp:attachment":[{"href":"https:\/\/www.demusculos.com\/web\/wp-json\/wp\/v2\/media?parent=7569"}],"wp:term":[{"taxonomy":"product_brand","embeddable":true,"href":"https:\/\/www.demusculos.com\/web\/wp-json\/wp\/v2\/product_brand?post=7569"},{"taxonomy":"product_cat","embeddable":true,"href":"https:\/\/www.demusculos.com\/web\/wp-json\/wp\/v2\/product_cat?post=7569"},{"taxonomy":"product_tag","embeddable":true,"href":"https:\/\/www.demusculos.com\/web\/wp-json\/wp\/v2\/product_tag?post=7569"}],"curies":[{"name":"wp","href":"https:\/\/api.w.org\/{rel}","templated":true}]}}