{"id":776,"date":"2024-02-24T13:08:29","date_gmt":"2024-02-24T16:08:29","guid":{"rendered":"https:\/\/www.demusculos.com\/web\/?post_type=product&#038;p=776"},"modified":"2026-03-04T13:58:54","modified_gmt":"2026-03-04T16:58:54","slug":"zma-x60-de-genetic-sport-nutrition","status":"publish","type":"product","link":"https:\/\/www.demusculos.com\/web\/producto\/zma-x60-de-genetic-sport-nutrition\/","title":{"rendered":"ZMA x60 de Genetic Sport Nutrition"},"content":{"rendered":"<h1>ZMA x60 de Genetic Sport Nutrition: El Suplemento Deportivo Natural Que Necesitas<\/h1>\n<p>El\u00a0<strong>ZMA x60 de Genetic Sport Nutrition<\/strong>\u00a0es m\u00e1s que un simple suplemento. Es una herramienta poderosa para aquellos que buscan mejorar su rendimiento f\u00edsico y su bienestar general.<\/p>\n<figure id=\"attachment_386\" aria-describedby=\"caption-attachment-386\" style=\"width: 300px\" class=\"wp-caption alignnone\"><img fetchpriority=\"high\" decoding=\"async\" class=\"size-full wp-image-386\" src=\"https:\/\/www.demusculos.com\/web\/wp-content\/uploads\/2024\/02\/icon-combinar-con-whey-proteina.png\" alt=\"El producto se puede combinar con otros suplemetnos naturales para aumentar los beneficios, por ejemplo, se lo puede combinar con vitaminicos, amino\u00e1cidos, prote\u00ednas + creatinas, etc.\" width=\"300\" height=\"300\" srcset=\"https:\/\/www.demusculos.com\/web\/wp-content\/uploads\/2024\/02\/icon-combinar-con-whey-proteina.png 300w, https:\/\/www.demusculos.com\/web\/wp-content\/uploads\/2024\/02\/icon-combinar-con-whey-proteina-150x150.png 150w\" sizes=\"(max-width: 300px) 100vw, 300px\" \/><figcaption id=\"caption-attachment-386\" class=\"wp-caption-text\">Este producto se puede combinar con prote\u00edna de suero de leche, prote\u00ednas de huevo o cualquier otra fuente de prote\u00edna, pueden ser tambi\u00e9n prote\u00ednas de soja. Los resultados se potenciar\u00e1n al combinar el producto con prote\u00ednas.<\/figcaption><\/figure>\n<figure id=\"attachment_8421\" aria-describedby=\"caption-attachment-8421\" style=\"width: 1080px\" class=\"wp-caption alignnone\"><img decoding=\"async\" class=\"size-full wp-image-8421\" src=\"https:\/\/www.demusculos.com\/web\/wp-content\/uploads\/2024\/02\/zma-de-genetic-sport-1.jpg\" alt=\"ZMA x60 de Genetic: Presentaci\u00f3n\" width=\"1080\" height=\"1080\" srcset=\"https:\/\/www.demusculos.com\/web\/wp-content\/uploads\/2024\/02\/zma-de-genetic-sport-1.jpg 1080w, https:\/\/www.demusculos.com\/web\/wp-content\/uploads\/2024\/02\/zma-de-genetic-sport-1-300x300.jpg 300w, https:\/\/www.demusculos.com\/web\/wp-content\/uploads\/2024\/02\/zma-de-genetic-sport-1-150x150.jpg 150w, https:\/\/www.demusculos.com\/web\/wp-content\/uploads\/2024\/02\/zma-de-genetic-sport-1-800x800.jpg 800w, https:\/\/www.demusculos.com\/web\/wp-content\/uploads\/2024\/02\/zma-de-genetic-sport-1-1024x1024.jpg 1024w, https:\/\/www.demusculos.com\/web\/wp-content\/uploads\/2024\/02\/zma-de-genetic-sport-1-768x768.jpg 768w\" sizes=\"(max-width: 1080px) 100vw, 1080px\" \/><figcaption id=\"caption-attachment-8421\" class=\"wp-caption-text\">ZMA x60 de Genetic<\/figcaption><\/figure>\n<h2>Beneficios de ZMA x60 de Genetic Sport Nutrition<\/h2>\n<p>El ZMA es un suplemento natural deportivo de la reconocida marca\u00a0<strong>GENETIC SPORT<\/strong>. Este producto viene en un formato de\u00a0<strong>60 comprimidos<\/strong>, lo que facilita su consumo y dosificaci\u00f3n.<\/p>\n<p>A partir de ahora, nos referiremos a este producto simplemente como\u00a0<strong>ZMA<\/strong>.<\/p>\n<figure id=\"attachment_379\" aria-describedby=\"caption-attachment-379\" style=\"width: 300px\" class=\"wp-caption alignnone\"><img decoding=\"async\" class=\"size-full wp-image-379\" src=\"https:\/\/www.demusculos.com\/web\/wp-content\/uploads\/2024\/02\/icon-capsulas-facil-digestion.png\" alt=\"C\u00e1psulas | Comprimidos de f\u00e1cil toma\" width=\"300\" height=\"300\" srcset=\"https:\/\/www.demusculos.com\/web\/wp-content\/uploads\/2024\/02\/icon-capsulas-facil-digestion.png 300w, https:\/\/www.demusculos.com\/web\/wp-content\/uploads\/2024\/02\/icon-capsulas-facil-digestion-150x150.png 150w\" sizes=\"(max-width: 300px) 100vw, 300px\" \/><figcaption id=\"caption-attachment-379\" class=\"wp-caption-text\">Estas c\u00e1psulas, comprimidos y\/\/o tabletas son de f\u00e1cil toma, son verdaderamente peque\u00f1as. Tambi\u00e9n se digieren muy r\u00e1pidamente y se asimilan totalmente.<\/figcaption><\/figure>\n<p><img loading=\"lazy\" decoding=\"async\" class=\"alignnone size-full wp-image-8422\" src=\"https:\/\/www.demusculos.com\/web\/wp-content\/uploads\/2024\/02\/zma-de-genetic-sport-2.jpg\" alt=\"ZMA x60 de Genetic: Datos m\u00e1s destacados\" width=\"1080\" height=\"1080\" srcset=\"https:\/\/www.demusculos.com\/web\/wp-content\/uploads\/2024\/02\/zma-de-genetic-sport-2.jpg 1080w, https:\/\/www.demusculos.com\/web\/wp-content\/uploads\/2024\/02\/zma-de-genetic-sport-2-300x300.jpg 300w, https:\/\/www.demusculos.com\/web\/wp-content\/uploads\/2024\/02\/zma-de-genetic-sport-2-150x150.jpg 150w, https:\/\/www.demusculos.com\/web\/wp-content\/uploads\/2024\/02\/zma-de-genetic-sport-2-800x800.jpg 800w, https:\/\/www.demusculos.com\/web\/wp-content\/uploads\/2024\/02\/zma-de-genetic-sport-2-1024x1024.jpg 1024w, https:\/\/www.demusculos.com\/web\/wp-content\/uploads\/2024\/02\/zma-de-genetic-sport-2-768x768.jpg 768w\" sizes=\"(max-width: 1080px) 100vw, 1080px\" \/><\/p>\n<h3>ZMA: Un Suplemento Deportivo Natural<\/h3>\n<p>El ZMA es un suplemento que contiene\u00a0<strong>Zinc<\/strong>,\u00a0<strong>Magnesio<\/strong>\u00a0y\u00a0<strong>Vitamina B6<\/strong>. Estos tres componentes son esenciales para el cuerpo humano y ofrecen una serie de beneficios.<\/p>\n<h4>Beneficios del Zinc<\/h4>\n<p>El Zinc es un mineral esencial que juega un papel crucial en la funci\u00f3n inmunol\u00f3gica, la s\u00edntesis de prote\u00ednas, la reparaci\u00f3n del ADN, la divisi\u00f3n celular y el crecimiento celular. Su consumo regular puede ayudar a mejorar la resistencia y la fuerza muscular.<\/p>\n<h4>Beneficios del Magnesio<\/h4>\n<p>El Magnesio es vital para muchas funciones corporales, incluyendo la contracci\u00f3n y relajaci\u00f3n muscular, la funci\u00f3n nerviosa, el ritmo card\u00edaco y la salud \u00f3sea. Tambi\u00e9n puede ayudar a mejorar la calidad del sue\u00f1o, lo cual es esencial para la recuperaci\u00f3n y el rendimiento deportivo.<\/p>\n<figure id=\"attachment_148\" aria-describedby=\"caption-attachment-148\" style=\"width: 300px\" class=\"wp-caption alignnone\"><img loading=\"lazy\" decoding=\"async\" class=\"size-full wp-image-148\" src=\"https:\/\/www.demusculos.com\/web\/wp-content\/uploads\/2024\/02\/testosterona.png\" alt=\"Este producto puede aumentar los niveles de testosterona en el hombre. Tambi\u00e9n aumenta la energ\u00eda y masa muscular magra.\" width=\"300\" height=\"300\" srcset=\"https:\/\/www.demusculos.com\/web\/wp-content\/uploads\/2024\/02\/testosterona.png 300w, https:\/\/www.demusculos.com\/web\/wp-content\/uploads\/2024\/02\/testosterona-150x150.png 150w\" sizes=\"(max-width: 300px) 100vw, 300px\" \/><figcaption id=\"caption-attachment-148\" class=\"wp-caption-text\">Este producto, en hombres, potencia la producci\u00f3n de testosterona.<\/figcaption><\/figure>\n<h4>Beneficios de la Vitamina B6<\/h4>\n<p>La Vitamina B6 es una vitamina soluble en agua que est\u00e1 involucrada en m\u00e1s de 100 diferentes reacciones enzim\u00e1ticas en el cuerpo, la mayor\u00eda de las cuales est\u00e1n relacionadas con el metabolismo de las prote\u00ednas. Tambi\u00e9n ayuda en la producci\u00f3n de gl\u00f3bulos rojos, lo cual es beneficioso para el transporte de ox\u00edgeno durante el ejercicio.<\/p>\n<p><img loading=\"lazy\" decoding=\"async\" class=\"alignnone size-full wp-image-8423\" src=\"https:\/\/www.demusculos.com\/web\/wp-content\/uploads\/2024\/02\/zma-de-genetic-sport-3.jpg\" alt=\"ZMA x60 de Genetic contiene Zinc\" width=\"1080\" height=\"1080\" srcset=\"https:\/\/www.demusculos.com\/web\/wp-content\/uploads\/2024\/02\/zma-de-genetic-sport-3.jpg 1080w, https:\/\/www.demusculos.com\/web\/wp-content\/uploads\/2024\/02\/zma-de-genetic-sport-3-300x300.jpg 300w, https:\/\/www.demusculos.com\/web\/wp-content\/uploads\/2024\/02\/zma-de-genetic-sport-3-150x150.jpg 150w, https:\/\/www.demusculos.com\/web\/wp-content\/uploads\/2024\/02\/zma-de-genetic-sport-3-800x800.jpg 800w, https:\/\/www.demusculos.com\/web\/wp-content\/uploads\/2024\/02\/zma-de-genetic-sport-3-1024x1024.jpg 1024w, https:\/\/www.demusculos.com\/web\/wp-content\/uploads\/2024\/02\/zma-de-genetic-sport-3-768x768.jpg 768w\" sizes=\"(max-width: 1080px) 100vw, 1080px\" \/><\/p>\n<h3>Maximiza Tus Ventas con ZMA<\/h3>\n<p>Como vendedor, tu objetivo es maximizar las ventas y crear la necesidad de compra en el posible cliente. El ZMA es un producto que se vende por s\u00ed solo debido a sus numerosos beneficios para la salud y el rendimiento deportivo.<\/p>\n<p>No necesitas realizar ofertas ni hablar de descuentos. El valor del ZMA est\u00e1 en su calidad y en los beneficios que ofrece a los usuarios. Enfoca todo tu esfuerzo en vender el producto y en educar a los clientes sobre los beneficios del ZMA.<\/p>\n<p>Recuerda, el cliente debe obtener informaci\u00f3n. Proporciona detalles sobre el producto y sus beneficios, y deja que el producto hable por s\u00ed mismo. Con el ZMA, est\u00e1s vendiendo m\u00e1s que un suplemento, est\u00e1s vendiendo un estilo de vida saludable y activo.<\/p>\n<p><img loading=\"lazy\" decoding=\"async\" class=\"alignnone size-full wp-image-8424\" src=\"https:\/\/www.demusculos.com\/web\/wp-content\/uploads\/2024\/02\/zma-de-genetic-sport-4.jpg\" alt=\"ZMA x60 de Genetic contiene Magnesio\" width=\"1080\" height=\"1080\" srcset=\"https:\/\/www.demusculos.com\/web\/wp-content\/uploads\/2024\/02\/zma-de-genetic-sport-4.jpg 1080w, https:\/\/www.demusculos.com\/web\/wp-content\/uploads\/2024\/02\/zma-de-genetic-sport-4-300x300.jpg 300w, https:\/\/www.demusculos.com\/web\/wp-content\/uploads\/2024\/02\/zma-de-genetic-sport-4-150x150.jpg 150w, https:\/\/www.demusculos.com\/web\/wp-content\/uploads\/2024\/02\/zma-de-genetic-sport-4-800x800.jpg 800w, https:\/\/www.demusculos.com\/web\/wp-content\/uploads\/2024\/02\/zma-de-genetic-sport-4-1024x1024.jpg 1024w, https:\/\/www.demusculos.com\/web\/wp-content\/uploads\/2024\/02\/zma-de-genetic-sport-4-768x768.jpg 768w\" sizes=\"(max-width: 1080px) 100vw, 1080px\" \/><\/p>\n<p><img loading=\"lazy\" decoding=\"async\" class=\"alignnone size-full wp-image-8425\" src=\"https:\/\/www.demusculos.com\/web\/wp-content\/uploads\/2024\/02\/zma-de-genetic-sport-5.jpg\" alt=\"Vitamina B6. ZMA x60 de Genetic\" width=\"1080\" height=\"1080\" srcset=\"https:\/\/www.demusculos.com\/web\/wp-content\/uploads\/2024\/02\/zma-de-genetic-sport-5.jpg 1080w, https:\/\/www.demusculos.com\/web\/wp-content\/uploads\/2024\/02\/zma-de-genetic-sport-5-300x300.jpg 300w, https:\/\/www.demusculos.com\/web\/wp-content\/uploads\/2024\/02\/zma-de-genetic-sport-5-150x150.jpg 150w, https:\/\/www.demusculos.com\/web\/wp-content\/uploads\/2024\/02\/zma-de-genetic-sport-5-800x800.jpg 800w, https:\/\/www.demusculos.com\/web\/wp-content\/uploads\/2024\/02\/zma-de-genetic-sport-5-1024x1024.jpg 1024w, https:\/\/www.demusculos.com\/web\/wp-content\/uploads\/2024\/02\/zma-de-genetic-sport-5-768x768.jpg 768w\" sizes=\"(max-width: 1080px) 100vw, 1080px\" \/><\/p>\n<p><img loading=\"lazy\" decoding=\"async\" class=\"alignnone size-full wp-image-8426\" src=\"https:\/\/www.demusculos.com\/web\/wp-content\/uploads\/2024\/02\/zma-de-genetic-sport-6.jpg\" alt=\"Informaci\u00f3n nutricional. ZMA x60 de Genetic.\" width=\"1080\" height=\"1080\" srcset=\"https:\/\/www.demusculos.com\/web\/wp-content\/uploads\/2024\/02\/zma-de-genetic-sport-6.jpg 1080w, https:\/\/www.demusculos.com\/web\/wp-content\/uploads\/2024\/02\/zma-de-genetic-sport-6-300x300.jpg 300w, https:\/\/www.demusculos.com\/web\/wp-content\/uploads\/2024\/02\/zma-de-genetic-sport-6-150x150.jpg 150w, https:\/\/www.demusculos.com\/web\/wp-content\/uploads\/2024\/02\/zma-de-genetic-sport-6-800x800.jpg 800w, https:\/\/www.demusculos.com\/web\/wp-content\/uploads\/2024\/02\/zma-de-genetic-sport-6-1024x1024.jpg 1024w, https:\/\/www.demusculos.com\/web\/wp-content\/uploads\/2024\/02\/zma-de-genetic-sport-6-768x768.jpg 768w\" sizes=\"(max-width: 1080px) 100vw, 1080px\" \/><\/p>\n","protected":false},"excerpt":{"rendered":"<p>La formula de ZMA de Genetic Sport contiene Magnesio, Vitamina B6 y Zinc.<\/p>\n","protected":false},"featured_media":777,"comment_status":"closed","ping_status":"closed","template":"","meta":[],"product_brand":[236],"product_cat":[42,37],"product_tag":[43,104],"class_list":{"0":"post-776","1":"product","2":"type-product","3":"status-publish","4":"has-post-thumbnail","6":"product_brand-genetic-sport","7":"product_cat-hormonales-y-testo","8":"product_cat-vitaminas-y-minierales","9":"product_tag-genetic-sport","10":"product_tag-testosterona","12":"first","13":"instock","14":"sale","15":"shipping-taxable","16":"purchasable","17":"product-type-simple"},"yoast_head":"<!-- This site is optimized with the Yoast SEO plugin v27.4 - https:\/\/yoast.com\/product\/yoast-seo-wordpress\/ -->\n<title>ZMA x60 de Genetic Sport Nutrition | Zinc | Magnesio | DeMusculos<\/title>\n<meta name=\"description\" content=\"Si quieres ir a otro nivel en cuanto a entrenamiento, sue\u00f1o, relajaci\u00f3n, masa muscular no dejes de consumir el ZMA x60 de Genetic Sport Nutrition\" \/>\n<meta name=\"robots\" content=\"index, follow, max-snippet:-1, max-image-preview:large, max-video-preview:-1\" \/>\n<link rel=\"canonical\" href=\"https:\/\/www.demusculos.com\/web\/producto\/zma-x60-de-genetic-sport-nutrition\/\" \/>\n<meta property=\"og:locale\" content=\"es_ES\" \/>\n<meta property=\"og:type\" content=\"article\" \/>\n<meta property=\"og:title\" content=\"ZMA x60 de Genetic Sport Nutrition | Zinc | Magnesio | DeMusculos\" \/>\n<meta property=\"og:description\" content=\"Si quieres ir a otro nivel en cuanto a entrenamiento, sue\u00f1o, relajaci\u00f3n, masa muscular no dejes de consumir el ZMA x60 de Genetic Sport Nutrition\" \/>\n<meta property=\"og:url\" content=\"https:\/\/www.demusculos.com\/web\/producto\/zma-x60-de-genetic-sport-nutrition\/\" \/>\n<meta property=\"og:site_name\" content=\"DeMusculos\" \/>\n<meta property=\"article:publisher\" content=\"https:\/\/www.facebook.com\/demusculos\" \/>\n<meta property=\"article:modified_time\" content=\"2026-03-04T16:58:54+00:00\" \/>\n<meta property=\"og:image\" content=\"https:\/\/www.demusculos.com\/web\/wp-content\/uploads\/2024\/02\/zma-genetic-x1.jpg\" \/>\n\t<meta property=\"og:image:width\" content=\"1200\" \/>\n\t<meta property=\"og:image:height\" content=\"1200\" \/>\n\t<meta property=\"og:image:type\" content=\"image\/jpeg\" \/>\n<meta name=\"twitter:card\" content=\"summary_large_image\" \/>\n<meta name=\"twitter:site\" content=\"@demusculos\" \/>\n<meta name=\"twitter:label1\" content=\"Tiempo de lectura\" \/>\n\t<meta name=\"twitter:data1\" content=\"5 minutos\" \/>\n<script type=\"application\/ld+json\" class=\"yoast-schema-graph\">{\"@context\":\"https:\\\/\\\/schema.org\",\"@graph\":[{\"@type\":\"WebPage\",\"@id\":\"https:\\\/\\\/www.demusculos.com\\\/web\\\/producto\\\/zma-x60-de-genetic-sport-nutrition\\\/\",\"url\":\"https:\\\/\\\/www.demusculos.com\\\/web\\\/producto\\\/zma-x60-de-genetic-sport-nutrition\\\/\",\"name\":\"ZMA x60 de Genetic Sport Nutrition | Zinc | Magnesio | DeMusculos\",\"isPartOf\":{\"@id\":\"https:\\\/\\\/www.demusculos.com\\\/web\\\/#website\"},\"primaryImageOfPage\":{\"@id\":\"https:\\\/\\\/www.demusculos.com\\\/web\\\/producto\\\/zma-x60-de-genetic-sport-nutrition\\\/#primaryimage\"},\"image\":{\"@id\":\"https:\\\/\\\/www.demusculos.com\\\/web\\\/producto\\\/zma-x60-de-genetic-sport-nutrition\\\/#primaryimage\"},\"thumbnailUrl\":\"https:\\\/\\\/www.demusculos.com\\\/web\\\/wp-content\\\/uploads\\\/2024\\\/02\\\/zma-genetic-x1.jpg\",\"datePublished\":\"2024-02-24T16:08:29+00:00\",\"dateModified\":\"2026-03-04T16:58:54+00:00\",\"description\":\"Si quieres ir a otro nivel en cuanto a entrenamiento, sue\u00f1o, relajaci\u00f3n, masa muscular no dejes de consumir el ZMA x60 de Genetic Sport Nutrition\",\"breadcrumb\":{\"@id\":\"https:\\\/\\\/www.demusculos.com\\\/web\\\/producto\\\/zma-x60-de-genetic-sport-nutrition\\\/#breadcrumb\"},\"inLanguage\":\"es\",\"potentialAction\":[{\"@type\":\"ReadAction\",\"target\":[\"https:\\\/\\\/www.demusculos.com\\\/web\\\/producto\\\/zma-x60-de-genetic-sport-nutrition\\\/\"]}]},{\"@type\":\"ImageObject\",\"inLanguage\":\"es\",\"@id\":\"https:\\\/\\\/www.demusculos.com\\\/web\\\/producto\\\/zma-x60-de-genetic-sport-nutrition\\\/#primaryimage\",\"url\":\"https:\\\/\\\/www.demusculos.com\\\/web\\\/wp-content\\\/uploads\\\/2024\\\/02\\\/zma-genetic-x1.jpg\",\"contentUrl\":\"https:\\\/\\\/www.demusculos.com\\\/web\\\/wp-content\\\/uploads\\\/2024\\\/02\\\/zma-genetic-x1.jpg\",\"width\":1200,\"height\":1200},{\"@type\":\"BreadcrumbList\",\"@id\":\"https:\\\/\\\/www.demusculos.com\\\/web\\\/producto\\\/zma-x60-de-genetic-sport-nutrition\\\/#breadcrumb\",\"itemListElement\":[{\"@type\":\"ListItem\",\"position\":1,\"name\":\"Inicio\",\"item\":\"https:\\\/\\\/www.demusculos.com\\\/web\\\/\"},{\"@type\":\"ListItem\",\"position\":2,\"name\":\"Suplementos\",\"item\":\"https:\\\/\\\/www.demusculos.com\\\/web\\\/tienda\\\/\"},{\"@type\":\"ListItem\",\"position\":3,\"name\":\"ZMA x60 de Genetic Sport Nutrition\"}]},{\"@type\":\"WebSite\",\"@id\":\"https:\\\/\\\/www.demusculos.com\\\/web\\\/#website\",\"url\":\"https:\\\/\\\/www.demusculos.com\\\/web\\\/\",\"name\":\"DeMusculos.com\",\"description\":\"Suplementos Naturales\",\"publisher\":{\"@id\":\"https:\\\/\\\/www.demusculos.com\\\/web\\\/#organization\"},\"alternateName\":\"Suplementos Naturales\",\"potentialAction\":[{\"@type\":\"SearchAction\",\"target\":{\"@type\":\"EntryPoint\",\"urlTemplate\":\"https:\\\/\\\/www.demusculos.com\\\/web\\\/?s={search_term_string}\"},\"query-input\":{\"@type\":\"PropertyValueSpecification\",\"valueRequired\":true,\"valueName\":\"search_term_string\"}}],\"inLanguage\":\"es\"},{\"@type\":\"Organization\",\"@id\":\"https:\\\/\\\/www.demusculos.com\\\/web\\\/#organization\",\"name\":\"DeMusculos.com\",\"alternateName\":\"DeMusculos\",\"url\":\"https:\\\/\\\/www.demusculos.com\\\/web\\\/\",\"logo\":{\"@type\":\"ImageObject\",\"inLanguage\":\"es\",\"@id\":\"https:\\\/\\\/www.demusculos.com\\\/web\\\/#\\\/schema\\\/logo\\\/image\\\/\",\"url\":\"https:\\\/\\\/www.demusculos.com\\\/web\\\/wp-content\\\/uploads\\\/2024\\\/02\\\/logo-demusculos-prestashop-usuario.png\",\"contentUrl\":\"https:\\\/\\\/www.demusculos.com\\\/web\\\/wp-content\\\/uploads\\\/2024\\\/02\\\/logo-demusculos-prestashop-usuario.png\",\"width\":150,\"height\":150,\"caption\":\"DeMusculos.com\"},\"image\":{\"@id\":\"https:\\\/\\\/www.demusculos.com\\\/web\\\/#\\\/schema\\\/logo\\\/image\\\/\"},\"sameAs\":[\"https:\\\/\\\/www.facebook.com\\\/demusculos\",\"https:\\\/\\\/x.com\\\/demusculos\",\"https:\\\/\\\/www.instagram.com\\\/demusculos\",\"https:\\\/\\\/www.tiktok.com\\\/@demusculos.com\"]}]}<\/script>\n<!-- \/ Yoast SEO plugin. -->","yoast_head_json":{"title":"ZMA x60 de Genetic Sport Nutrition | Zinc | Magnesio | DeMusculos","description":"Si quieres ir a otro nivel en cuanto a entrenamiento, sue\u00f1o, relajaci\u00f3n, masa muscular no dejes de consumir el ZMA x60 de Genetic Sport Nutrition","robots":{"index":"index","follow":"follow","max-snippet":"max-snippet:-1","max-image-preview":"max-image-preview:large","max-video-preview":"max-video-preview:-1"},"canonical":"https:\/\/www.demusculos.com\/web\/producto\/zma-x60-de-genetic-sport-nutrition\/","og_locale":"es_ES","og_type":"article","og_title":"ZMA x60 de Genetic Sport Nutrition | Zinc | Magnesio | DeMusculos","og_description":"Si quieres ir a otro nivel en cuanto a entrenamiento, sue\u00f1o, relajaci\u00f3n, masa muscular no dejes de consumir el ZMA x60 de Genetic Sport Nutrition","og_url":"https:\/\/www.demusculos.com\/web\/producto\/zma-x60-de-genetic-sport-nutrition\/","og_site_name":"DeMusculos","article_publisher":"https:\/\/www.facebook.com\/demusculos","article_modified_time":"2026-03-04T16:58:54+00:00","og_image":[{"width":1200,"height":1200,"url":"https:\/\/www.demusculos.com\/web\/wp-content\/uploads\/2024\/02\/zma-genetic-x1.jpg","type":"image\/jpeg"}],"twitter_card":"summary_large_image","twitter_site":"@demusculos","twitter_misc":{"Tiempo de lectura":"5 minutos"},"schema":{"@context":"https:\/\/schema.org","@graph":[{"@type":"WebPage","@id":"https:\/\/www.demusculos.com\/web\/producto\/zma-x60-de-genetic-sport-nutrition\/","url":"https:\/\/www.demusculos.com\/web\/producto\/zma-x60-de-genetic-sport-nutrition\/","name":"ZMA x60 de Genetic Sport Nutrition | Zinc | Magnesio | DeMusculos","isPartOf":{"@id":"https:\/\/www.demusculos.com\/web\/#website"},"primaryImageOfPage":{"@id":"https:\/\/www.demusculos.com\/web\/producto\/zma-x60-de-genetic-sport-nutrition\/#primaryimage"},"image":{"@id":"https:\/\/www.demusculos.com\/web\/producto\/zma-x60-de-genetic-sport-nutrition\/#primaryimage"},"thumbnailUrl":"https:\/\/www.demusculos.com\/web\/wp-content\/uploads\/2024\/02\/zma-genetic-x1.jpg","datePublished":"2024-02-24T16:08:29+00:00","dateModified":"2026-03-04T16:58:54+00:00","description":"Si quieres ir a otro nivel en cuanto a entrenamiento, sue\u00f1o, relajaci\u00f3n, masa muscular no dejes de consumir el ZMA x60 de Genetic Sport Nutrition","breadcrumb":{"@id":"https:\/\/www.demusculos.com\/web\/producto\/zma-x60-de-genetic-sport-nutrition\/#breadcrumb"},"inLanguage":"es","potentialAction":[{"@type":"ReadAction","target":["https:\/\/www.demusculos.com\/web\/producto\/zma-x60-de-genetic-sport-nutrition\/"]}]},{"@type":"ImageObject","inLanguage":"es","@id":"https:\/\/www.demusculos.com\/web\/producto\/zma-x60-de-genetic-sport-nutrition\/#primaryimage","url":"https:\/\/www.demusculos.com\/web\/wp-content\/uploads\/2024\/02\/zma-genetic-x1.jpg","contentUrl":"https:\/\/www.demusculos.com\/web\/wp-content\/uploads\/2024\/02\/zma-genetic-x1.jpg","width":1200,"height":1200},{"@type":"BreadcrumbList","@id":"https:\/\/www.demusculos.com\/web\/producto\/zma-x60-de-genetic-sport-nutrition\/#breadcrumb","itemListElement":[{"@type":"ListItem","position":1,"name":"Inicio","item":"https:\/\/www.demusculos.com\/web\/"},{"@type":"ListItem","position":2,"name":"Suplementos","item":"https:\/\/www.demusculos.com\/web\/tienda\/"},{"@type":"ListItem","position":3,"name":"ZMA x60 de Genetic Sport Nutrition"}]},{"@type":"WebSite","@id":"https:\/\/www.demusculos.com\/web\/#website","url":"https:\/\/www.demusculos.com\/web\/","name":"DeMusculos.com","description":"Suplementos Naturales","publisher":{"@id":"https:\/\/www.demusculos.com\/web\/#organization"},"alternateName":"Suplementos Naturales","potentialAction":[{"@type":"SearchAction","target":{"@type":"EntryPoint","urlTemplate":"https:\/\/www.demusculos.com\/web\/?s={search_term_string}"},"query-input":{"@type":"PropertyValueSpecification","valueRequired":true,"valueName":"search_term_string"}}],"inLanguage":"es"},{"@type":"Organization","@id":"https:\/\/www.demusculos.com\/web\/#organization","name":"DeMusculos.com","alternateName":"DeMusculos","url":"https:\/\/www.demusculos.com\/web\/","logo":{"@type":"ImageObject","inLanguage":"es","@id":"https:\/\/www.demusculos.com\/web\/#\/schema\/logo\/image\/","url":"https:\/\/www.demusculos.com\/web\/wp-content\/uploads\/2024\/02\/logo-demusculos-prestashop-usuario.png","contentUrl":"https:\/\/www.demusculos.com\/web\/wp-content\/uploads\/2024\/02\/logo-demusculos-prestashop-usuario.png","width":150,"height":150,"caption":"DeMusculos.com"},"image":{"@id":"https:\/\/www.demusculos.com\/web\/#\/schema\/logo\/image\/"},"sameAs":["https:\/\/www.facebook.com\/demusculos","https:\/\/x.com\/demusculos","https:\/\/www.instagram.com\/demusculos","https:\/\/www.tiktok.com\/@demusculos.com"]}]}},"_links":{"self":[{"href":"https:\/\/www.demusculos.com\/web\/wp-json\/wp\/v2\/product\/776","targetHints":{"allow":["GET"]}}],"collection":[{"href":"https:\/\/www.demusculos.com\/web\/wp-json\/wp\/v2\/product"}],"about":[{"href":"https:\/\/www.demusculos.com\/web\/wp-json\/wp\/v2\/types\/product"}],"replies":[{"embeddable":true,"href":"https:\/\/www.demusculos.com\/web\/wp-json\/wp\/v2\/comments?post=776"}],"wp:featuredmedia":[{"embeddable":true,"href":"https:\/\/www.demusculos.com\/web\/wp-json\/wp\/v2\/media\/777"}],"wp:attachment":[{"href":"https:\/\/www.demusculos.com\/web\/wp-json\/wp\/v2\/media?parent=776"}],"wp:term":[{"taxonomy":"product_brand","embeddable":true,"href":"https:\/\/www.demusculos.com\/web\/wp-json\/wp\/v2\/product_brand?post=776"},{"taxonomy":"product_cat","embeddable":true,"href":"https:\/\/www.demusculos.com\/web\/wp-json\/wp\/v2\/product_cat?post=776"},{"taxonomy":"product_tag","embeddable":true,"href":"https:\/\/www.demusculos.com\/web\/wp-json\/wp\/v2\/product_tag?post=776"}],"curies":[{"name":"wp","href":"https:\/\/api.w.org\/{rel}","templated":true}]}}