{"id":7788,"date":"2024-11-11T11:40:05","date_gmt":"2024-11-11T14:40:05","guid":{"rendered":"https:\/\/www.demusculos.com\/web\/?post_type=product&#038;p=7788"},"modified":"2026-03-08T13:02:56","modified_gmt":"2026-03-08T16:02:56","slug":"proteina-de-huevo-ovofull-2-lbs-907-grs-claras-de-huevo-saborizadas","status":"publish","type":"product","link":"https:\/\/www.demusculos.com\/web\/producto\/proteina-de-huevo-ovofull-2-lbs-907-grs-claras-de-huevo-saborizadas\/","title":{"rendered":"Prote\u00edna de Huevo Ovofull 2 lbs (907 grs) Claras de Huevo Saborizadas"},"content":{"rendered":"<h2>Egg Protein Ovofull <span style=\"color: #993366;\"><em><strong>Saborizadas<\/strong><\/em><\/span><\/h2>\n<p>Egg Protein Ovofull de 2 lbs (907 grs) es ideal para todas las personas que buscan mejorar en rendimiento, masa muscular y recuperaci\u00f3n. <strong>No contienen lactosa<\/strong>.<\/p>\n<figure id=\"attachment_247\" aria-describedby=\"caption-attachment-247\" style=\"width: 446px\" class=\"wp-caption alignnone\"><img decoding=\"async\" class=\"size-full wp-image-247\" src=\"https:\/\/www.demusculos.com\/web\/wp-content\/uploads\/2024\/02\/logo-ovo-full.png\" alt=\"Prote\u00edna de huevo Ovofull\" width=\"446\" height=\"103\" srcset=\"https:\/\/www.demusculos.com\/web\/wp-content\/uploads\/2024\/02\/logo-ovo-full.png 446w, https:\/\/www.demusculos.com\/web\/wp-content\/uploads\/2024\/02\/logo-ovo-full-300x69.png 300w, https:\/\/www.demusculos.com\/web\/wp-content\/uploads\/2024\/02\/logo-ovo-full-150x35.png 150w, https:\/\/www.demusculos.com\/web\/wp-content\/uploads\/2024\/02\/logo-ovo-full-416x96.png 416w\" sizes=\"(max-width: 446px) 100vw, 446px\" \/><figcaption id=\"caption-attachment-247\" class=\"wp-caption-text\">Gran variedad de productos derivados del huevo.<\/figcaption><\/figure>\n<figure id=\"attachment_7802\" aria-describedby=\"caption-attachment-7802\" style=\"width: 1080px\" class=\"wp-caption alignnone\"><img fetchpriority=\"high\" decoding=\"async\" class=\"size-full wp-image-7802\" src=\"https:\/\/www.demusculos.com\/web\/wp-content\/uploads\/2024\/11\/ovofull-2lbs-claras-de-huevo-saborizada-1.jpg\" alt=\"Prote\u00edna de clara de huevos saborizada Ovofull 907 grs\" width=\"1080\" height=\"1080\" srcset=\"https:\/\/www.demusculos.com\/web\/wp-content\/uploads\/2024\/11\/ovofull-2lbs-claras-de-huevo-saborizada-1.jpg 1080w, https:\/\/www.demusculos.com\/web\/wp-content\/uploads\/2024\/11\/ovofull-2lbs-claras-de-huevo-saborizada-1-300x300.jpg 300w, https:\/\/www.demusculos.com\/web\/wp-content\/uploads\/2024\/11\/ovofull-2lbs-claras-de-huevo-saborizada-1-150x150.jpg 150w, https:\/\/www.demusculos.com\/web\/wp-content\/uploads\/2024\/11\/ovofull-2lbs-claras-de-huevo-saborizada-1-800x800.jpg 800w, https:\/\/www.demusculos.com\/web\/wp-content\/uploads\/2024\/11\/ovofull-2lbs-claras-de-huevo-saborizada-1-1024x1024.jpg 1024w, https:\/\/www.demusculos.com\/web\/wp-content\/uploads\/2024\/11\/ovofull-2lbs-claras-de-huevo-saborizada-1-768x768.jpg 768w\" sizes=\"(max-width: 1080px) 100vw, 1080px\" \/><figcaption id=\"caption-attachment-7802\" class=\"wp-caption-text\">Prote\u00edna de clara de huevos<\/figcaption><\/figure>\n<p>El huevo, especialmente las claras de huevo, son muy valoradas en la industria del deporte por su completo contenido nutricional y su digestibilidad. Aqu\u00ed detallar\u00e9 algunos de los beneficios clave:<\/p>\n<p><strong>Fuente de prote\u00edna de calidad<\/strong>: la clara de huevo (ovoalb\u00famina) es rica en amino\u00e1cidos esenciales que el cuerpo no puede producir por s\u00ed solo. Es importante para el desarrollo y la recuperaci\u00f3n muscular, especialmente despu\u00e9s de un entrenamiento intenso.<\/p>\n<p><strong>Absorci\u00f3n eficiente<\/strong>: la clara de huevo es f\u00e1cil de digerir y absorber, lo que permite que los m\u00fasculos se recuperen m\u00e1s r\u00e1pido. Tiene una tasa de absorci\u00f3n media, lo que significa que no es tan r\u00e1pido como el suero, pero s\u00ed m\u00e1s r\u00e1pido que la case\u00edna. Esto lo hace perfecto para comer durante todo el d\u00eda.<\/p>\n<figure id=\"attachment_7803\" aria-describedby=\"caption-attachment-7803\" style=\"width: 1080px\" class=\"wp-caption alignnone\"><img decoding=\"async\" class=\"size-full wp-image-7803\" src=\"https:\/\/www.demusculos.com\/web\/wp-content\/uploads\/2024\/11\/ovofull-2lbs-claras-de-huevo-saborizada-2.jpg\" alt=\"Beneficios principales de Ovofull 907 grs\" width=\"1080\" height=\"1080\" srcset=\"https:\/\/www.demusculos.com\/web\/wp-content\/uploads\/2024\/11\/ovofull-2lbs-claras-de-huevo-saborizada-2.jpg 1080w, https:\/\/www.demusculos.com\/web\/wp-content\/uploads\/2024\/11\/ovofull-2lbs-claras-de-huevo-saborizada-2-300x300.jpg 300w, https:\/\/www.demusculos.com\/web\/wp-content\/uploads\/2024\/11\/ovofull-2lbs-claras-de-huevo-saborizada-2-150x150.jpg 150w, https:\/\/www.demusculos.com\/web\/wp-content\/uploads\/2024\/11\/ovofull-2lbs-claras-de-huevo-saborizada-2-800x800.jpg 800w, https:\/\/www.demusculos.com\/web\/wp-content\/uploads\/2024\/11\/ovofull-2lbs-claras-de-huevo-saborizada-2-1024x1024.jpg 1024w, https:\/\/www.demusculos.com\/web\/wp-content\/uploads\/2024\/11\/ovofull-2lbs-claras-de-huevo-saborizada-2-768x768.jpg 768w\" sizes=\"(max-width: 1080px) 100vw, 1080px\" \/><figcaption id=\"caption-attachment-7803\" class=\"wp-caption-text\">Los beneficios de la prote\u00edna Ovofull 907 grs<\/figcaption><\/figure>\n<p><strong>Bajo en grasas y carbohidratos<\/strong>: las claras de huevo pr\u00e1cticamente no contienen grasas ni carbohidratos, lo que las hace ideales para quienes desean aumentar su ingesta de prote\u00ednas sin agregar calor\u00edas adicionales provenientes de grasas o az\u00facares. .Esto es especialmente \u00fatil durante los deportes de resistencia o las fases de desarrollo muscular.<\/p>\n<p><strong>Suprime el hambre<\/strong>: La clara de huevo tiene una buena sensaci\u00f3n de saciedad y ayuda a controlar el apetito. Esto es ideal para atletas que siguen dietas controladas en calor\u00edas o personas que desean evitar comer en exceso.<\/p>\n<p><strong>Favorece la s\u00edntesis de col\u00e1geno y hueso<\/strong>: las claras de huevo no solo ayudan a desarrollar masa muscular, sino que tambi\u00e9n contienen nutrientes esenciales como el magnesio, que puede ser beneficioso para la salud \u00f3sea, especialmente para aquellos con afecciones que afectan la densidad \u00f3sea, como la osteog\u00e9nesis imperfecta. gente.<\/p>\n<p><strong>F\u00e1cil de agregar a su dieta<\/strong>: las claras de huevo son vers\u00e1tiles y se pueden incorporar a una variedad de recetas, desde c\u00f3cteles hasta comidas. Salado y por tanto f\u00e1cil de consumir habitualmente en una dieta equilibrada.<\/p>\n<p>En resumen, los huevos y las prote\u00ednas de la clara de huevo son ideales para los atletas que buscan una fuente de prote\u00edna completa, de alta calidad, baja en calor\u00edas y f\u00e1cilmente digerible para ayudar con el desarrollo muscular, la recuperaci\u00f3n y el control del peso.<\/p>\n<p><img loading=\"lazy\" decoding=\"async\" class=\"alignnone size-full wp-image-7804\" src=\"https:\/\/www.demusculos.com\/web\/wp-content\/uploads\/2024\/11\/ovofull-2lbs-claras-de-huevo-saborizada-3.jpg\" alt=\"Sabores disponibles\" width=\"1080\" height=\"1080\" srcset=\"https:\/\/www.demusculos.com\/web\/wp-content\/uploads\/2024\/11\/ovofull-2lbs-claras-de-huevo-saborizada-3.jpg 1080w, https:\/\/www.demusculos.com\/web\/wp-content\/uploads\/2024\/11\/ovofull-2lbs-claras-de-huevo-saborizada-3-300x300.jpg 300w, https:\/\/www.demusculos.com\/web\/wp-content\/uploads\/2024\/11\/ovofull-2lbs-claras-de-huevo-saborizada-3-150x150.jpg 150w, https:\/\/www.demusculos.com\/web\/wp-content\/uploads\/2024\/11\/ovofull-2lbs-claras-de-huevo-saborizada-3-800x800.jpg 800w, https:\/\/www.demusculos.com\/web\/wp-content\/uploads\/2024\/11\/ovofull-2lbs-claras-de-huevo-saborizada-3-1024x1024.jpg 1024w, https:\/\/www.demusculos.com\/web\/wp-content\/uploads\/2024\/11\/ovofull-2lbs-claras-de-huevo-saborizada-3-768x768.jpg 768w\" sizes=\"(max-width: 1080px) 100vw, 1080px\" \/><\/p>\n<p><img loading=\"lazy\" decoding=\"async\" class=\"alignnone size-full wp-image-7805\" src=\"https:\/\/www.demusculos.com\/web\/wp-content\/uploads\/2024\/11\/ovofull-2lbs-claras-de-huevo-saborizada-4.jpg\" alt=\"Resumen. Los datos m\u00e1s destacados de Ovofull 907 grs\" width=\"1080\" height=\"1080\" srcset=\"https:\/\/www.demusculos.com\/web\/wp-content\/uploads\/2024\/11\/ovofull-2lbs-claras-de-huevo-saborizada-4.jpg 1080w, https:\/\/www.demusculos.com\/web\/wp-content\/uploads\/2024\/11\/ovofull-2lbs-claras-de-huevo-saborizada-4-300x300.jpg 300w, https:\/\/www.demusculos.com\/web\/wp-content\/uploads\/2024\/11\/ovofull-2lbs-claras-de-huevo-saborizada-4-150x150.jpg 150w, https:\/\/www.demusculos.com\/web\/wp-content\/uploads\/2024\/11\/ovofull-2lbs-claras-de-huevo-saborizada-4-800x800.jpg 800w, https:\/\/www.demusculos.com\/web\/wp-content\/uploads\/2024\/11\/ovofull-2lbs-claras-de-huevo-saborizada-4-1024x1024.jpg 1024w, https:\/\/www.demusculos.com\/web\/wp-content\/uploads\/2024\/11\/ovofull-2lbs-claras-de-huevo-saborizada-4-768x768.jpg 768w\" sizes=\"(max-width: 1080px) 100vw, 1080px\" \/><\/p>\n","protected":false},"excerpt":{"rendered":"<p>Prote\u00edna de claras de huevo saborizada. Sin lactosa. Alto valor biol\u00f3gico. Ideal para recuperaci\u00f3n, rendimiento y aumento de masa muscular.<\/p>\n","protected":false},"featured_media":7796,"comment_status":"closed","ping_status":"closed","template":"","meta":[],"product_brand":[235],"product_cat":[16],"product_tag":[126,18],"class_list":{"0":"post-7788","1":"product","2":"type-product","3":"status-publish","4":"has-post-thumbnail","6":"product_brand-ovofull","7":"product_cat-proteinas","8":"product_tag-claras-de-huevo","9":"product_tag-ovofull","11":"first","12":"instock","13":"sale","14":"shipping-taxable","15":"purchasable","16":"product-type-variable"},"yoast_head":"<!-- This site is optimized with the Yoast SEO plugin v27.5 - https:\/\/yoast.com\/product\/yoast-seo-wordpress\/ -->\n<title>Egg Protein Ovofull | 2 lbs | 907 grs | Prote\u00edna de claras de huevo<\/title>\n<meta name=\"description\" content=\"Egg Protein Ovofull de 2 lbs (907 grs) es ideal para todas las personas, hombres, mujeres, que desean incrementar rendimiento y masa muscular. Env\u00edo.\" \/>\n<meta name=\"robots\" content=\"index, follow, max-snippet:-1, max-image-preview:large, max-video-preview:-1\" \/>\n<link rel=\"canonical\" href=\"https:\/\/www.demusculos.com\/web\/producto\/proteina-de-huevo-ovofull-2-lbs-907-grs-claras-de-huevo-saborizadas\/\" \/>\n<meta property=\"og:locale\" content=\"es_ES\" \/>\n<meta property=\"og:type\" content=\"article\" \/>\n<meta property=\"og:title\" content=\"Egg Protein Ovofull | 2 lbs | 907 grs | Prote\u00edna de claras de huevo\" \/>\n<meta property=\"og:description\" content=\"Egg Protein Ovofull de 2 lbs (907 grs) es ideal para todas las personas, hombres, mujeres, que desean incrementar rendimiento y masa muscular. Env\u00edo.\" \/>\n<meta property=\"og:url\" content=\"https:\/\/www.demusculos.com\/web\/producto\/proteina-de-huevo-ovofull-2-lbs-907-grs-claras-de-huevo-saborizadas\/\" \/>\n<meta property=\"og:site_name\" content=\"DeMusculos\" \/>\n<meta property=\"article:publisher\" content=\"https:\/\/www.facebook.com\/demusculos\" \/>\n<meta property=\"article:modified_time\" content=\"2026-03-08T16:02:56+00:00\" \/>\n<meta property=\"og:image\" content=\"https:\/\/www.demusculos.com\/web\/wp-content\/uploads\/2024\/11\/ovofull-2-lbs-saborizada-proteina-de-huevo.jpg\" \/>\n\t<meta property=\"og:image:width\" content=\"1080\" \/>\n\t<meta property=\"og:image:height\" content=\"1080\" \/>\n\t<meta property=\"og:image:type\" content=\"image\/jpeg\" \/>\n<meta name=\"twitter:card\" content=\"summary_large_image\" \/>\n<meta name=\"twitter:site\" content=\"@demusculos\" \/>\n<meta name=\"twitter:label1\" content=\"Tiempo de lectura\" \/>\n\t<meta name=\"twitter:data1\" content=\"4 minutos\" \/>\n<script type=\"application\/ld+json\" class=\"yoast-schema-graph\">{\"@context\":\"https:\\\/\\\/schema.org\",\"@graph\":[{\"@type\":\"WebPage\",\"@id\":\"https:\\\/\\\/www.demusculos.com\\\/web\\\/producto\\\/proteina-de-huevo-ovofull-2-lbs-907-grs-claras-de-huevo-saborizadas\\\/\",\"url\":\"https:\\\/\\\/www.demusculos.com\\\/web\\\/producto\\\/proteina-de-huevo-ovofull-2-lbs-907-grs-claras-de-huevo-saborizadas\\\/\",\"name\":\"Egg Protein Ovofull | 2 lbs | 907 grs | Prote\u00edna de claras de huevo\",\"isPartOf\":{\"@id\":\"https:\\\/\\\/www.demusculos.com\\\/web\\\/#website\"},\"primaryImageOfPage\":{\"@id\":\"https:\\\/\\\/www.demusculos.com\\\/web\\\/producto\\\/proteina-de-huevo-ovofull-2-lbs-907-grs-claras-de-huevo-saborizadas\\\/#primaryimage\"},\"image\":{\"@id\":\"https:\\\/\\\/www.demusculos.com\\\/web\\\/producto\\\/proteina-de-huevo-ovofull-2-lbs-907-grs-claras-de-huevo-saborizadas\\\/#primaryimage\"},\"thumbnailUrl\":\"https:\\\/\\\/www.demusculos.com\\\/web\\\/wp-content\\\/uploads\\\/2024\\\/11\\\/ovofull-2-lbs-saborizada-proteina-de-huevo.jpg\",\"datePublished\":\"2024-11-11T14:40:05+00:00\",\"dateModified\":\"2026-03-08T16:02:56+00:00\",\"description\":\"Egg Protein Ovofull de 2 lbs (907 grs) es ideal para todas las personas, hombres, mujeres, que desean incrementar rendimiento y masa muscular. Env\u00edo.\",\"breadcrumb\":{\"@id\":\"https:\\\/\\\/www.demusculos.com\\\/web\\\/producto\\\/proteina-de-huevo-ovofull-2-lbs-907-grs-claras-de-huevo-saborizadas\\\/#breadcrumb\"},\"inLanguage\":\"es\",\"potentialAction\":[{\"@type\":\"ReadAction\",\"target\":[\"https:\\\/\\\/www.demusculos.com\\\/web\\\/producto\\\/proteina-de-huevo-ovofull-2-lbs-907-grs-claras-de-huevo-saborizadas\\\/\"]}]},{\"@type\":\"ImageObject\",\"inLanguage\":\"es\",\"@id\":\"https:\\\/\\\/www.demusculos.com\\\/web\\\/producto\\\/proteina-de-huevo-ovofull-2-lbs-907-grs-claras-de-huevo-saborizadas\\\/#primaryimage\",\"url\":\"https:\\\/\\\/www.demusculos.com\\\/web\\\/wp-content\\\/uploads\\\/2024\\\/11\\\/ovofull-2-lbs-saborizada-proteina-de-huevo.jpg\",\"contentUrl\":\"https:\\\/\\\/www.demusculos.com\\\/web\\\/wp-content\\\/uploads\\\/2024\\\/11\\\/ovofull-2-lbs-saborizada-proteina-de-huevo.jpg\",\"width\":1080,\"height\":1080,\"caption\":\"Prote\u00edna de claras de huevo saborizada\"},{\"@type\":\"BreadcrumbList\",\"@id\":\"https:\\\/\\\/www.demusculos.com\\\/web\\\/producto\\\/proteina-de-huevo-ovofull-2-lbs-907-grs-claras-de-huevo-saborizadas\\\/#breadcrumb\",\"itemListElement\":[{\"@type\":\"ListItem\",\"position\":1,\"name\":\"Inicio\",\"item\":\"https:\\\/\\\/www.demusculos.com\\\/web\\\/\"},{\"@type\":\"ListItem\",\"position\":2,\"name\":\"Suplementos\",\"item\":\"https:\\\/\\\/www.demusculos.com\\\/web\\\/tienda\\\/\"},{\"@type\":\"ListItem\",\"position\":3,\"name\":\"Prote\u00edna de Huevo Ovofull 2 lbs (907 grs) Claras de Huevo Saborizadas\"}]},{\"@type\":\"WebSite\",\"@id\":\"https:\\\/\\\/www.demusculos.com\\\/web\\\/#website\",\"url\":\"https:\\\/\\\/www.demusculos.com\\\/web\\\/\",\"name\":\"DeMusculos.com\",\"description\":\"Suplementos Naturales\",\"publisher\":{\"@id\":\"https:\\\/\\\/www.demusculos.com\\\/web\\\/#organization\"},\"alternateName\":\"Suplementos Naturales\",\"potentialAction\":[{\"@type\":\"SearchAction\",\"target\":{\"@type\":\"EntryPoint\",\"urlTemplate\":\"https:\\\/\\\/www.demusculos.com\\\/web\\\/?s={search_term_string}\"},\"query-input\":{\"@type\":\"PropertyValueSpecification\",\"valueRequired\":true,\"valueName\":\"search_term_string\"}}],\"inLanguage\":\"es\"},{\"@type\":\"Organization\",\"@id\":\"https:\\\/\\\/www.demusculos.com\\\/web\\\/#organization\",\"name\":\"DeMusculos.com\",\"alternateName\":\"DeMusculos\",\"url\":\"https:\\\/\\\/www.demusculos.com\\\/web\\\/\",\"logo\":{\"@type\":\"ImageObject\",\"inLanguage\":\"es\",\"@id\":\"https:\\\/\\\/www.demusculos.com\\\/web\\\/#\\\/schema\\\/logo\\\/image\\\/\",\"url\":\"https:\\\/\\\/www.demusculos.com\\\/web\\\/wp-content\\\/uploads\\\/2024\\\/02\\\/logo-demusculos-prestashop-usuario.png\",\"contentUrl\":\"https:\\\/\\\/www.demusculos.com\\\/web\\\/wp-content\\\/uploads\\\/2024\\\/02\\\/logo-demusculos-prestashop-usuario.png\",\"width\":150,\"height\":150,\"caption\":\"DeMusculos.com\"},\"image\":{\"@id\":\"https:\\\/\\\/www.demusculos.com\\\/web\\\/#\\\/schema\\\/logo\\\/image\\\/\"},\"sameAs\":[\"https:\\\/\\\/www.facebook.com\\\/demusculos\",\"https:\\\/\\\/x.com\\\/demusculos\",\"https:\\\/\\\/www.instagram.com\\\/demusculos\",\"https:\\\/\\\/www.tiktok.com\\\/@demusculos.com\"]}]}<\/script>\n<!-- \/ Yoast SEO plugin. -->","yoast_head_json":{"title":"Egg Protein Ovofull | 2 lbs | 907 grs | Prote\u00edna de claras de huevo","description":"Egg Protein Ovofull de 2 lbs (907 grs) es ideal para todas las personas, hombres, mujeres, que desean incrementar rendimiento y masa muscular. Env\u00edo.","robots":{"index":"index","follow":"follow","max-snippet":"max-snippet:-1","max-image-preview":"max-image-preview:large","max-video-preview":"max-video-preview:-1"},"canonical":"https:\/\/www.demusculos.com\/web\/producto\/proteina-de-huevo-ovofull-2-lbs-907-grs-claras-de-huevo-saborizadas\/","og_locale":"es_ES","og_type":"article","og_title":"Egg Protein Ovofull | 2 lbs | 907 grs | Prote\u00edna de claras de huevo","og_description":"Egg Protein Ovofull de 2 lbs (907 grs) es ideal para todas las personas, hombres, mujeres, que desean incrementar rendimiento y masa muscular. Env\u00edo.","og_url":"https:\/\/www.demusculos.com\/web\/producto\/proteina-de-huevo-ovofull-2-lbs-907-grs-claras-de-huevo-saborizadas\/","og_site_name":"DeMusculos","article_publisher":"https:\/\/www.facebook.com\/demusculos","article_modified_time":"2026-03-08T16:02:56+00:00","og_image":[{"width":1080,"height":1080,"url":"https:\/\/www.demusculos.com\/web\/wp-content\/uploads\/2024\/11\/ovofull-2-lbs-saborizada-proteina-de-huevo.jpg","type":"image\/jpeg"}],"twitter_card":"summary_large_image","twitter_site":"@demusculos","twitter_misc":{"Tiempo de lectura":"4 minutos"},"schema":{"@context":"https:\/\/schema.org","@graph":[{"@type":"WebPage","@id":"https:\/\/www.demusculos.com\/web\/producto\/proteina-de-huevo-ovofull-2-lbs-907-grs-claras-de-huevo-saborizadas\/","url":"https:\/\/www.demusculos.com\/web\/producto\/proteina-de-huevo-ovofull-2-lbs-907-grs-claras-de-huevo-saborizadas\/","name":"Egg Protein Ovofull | 2 lbs | 907 grs | Prote\u00edna de claras de huevo","isPartOf":{"@id":"https:\/\/www.demusculos.com\/web\/#website"},"primaryImageOfPage":{"@id":"https:\/\/www.demusculos.com\/web\/producto\/proteina-de-huevo-ovofull-2-lbs-907-grs-claras-de-huevo-saborizadas\/#primaryimage"},"image":{"@id":"https:\/\/www.demusculos.com\/web\/producto\/proteina-de-huevo-ovofull-2-lbs-907-grs-claras-de-huevo-saborizadas\/#primaryimage"},"thumbnailUrl":"https:\/\/www.demusculos.com\/web\/wp-content\/uploads\/2024\/11\/ovofull-2-lbs-saborizada-proteina-de-huevo.jpg","datePublished":"2024-11-11T14:40:05+00:00","dateModified":"2026-03-08T16:02:56+00:00","description":"Egg Protein Ovofull de 2 lbs (907 grs) es ideal para todas las personas, hombres, mujeres, que desean incrementar rendimiento y masa muscular. Env\u00edo.","breadcrumb":{"@id":"https:\/\/www.demusculos.com\/web\/producto\/proteina-de-huevo-ovofull-2-lbs-907-grs-claras-de-huevo-saborizadas\/#breadcrumb"},"inLanguage":"es","potentialAction":[{"@type":"ReadAction","target":["https:\/\/www.demusculos.com\/web\/producto\/proteina-de-huevo-ovofull-2-lbs-907-grs-claras-de-huevo-saborizadas\/"]}]},{"@type":"ImageObject","inLanguage":"es","@id":"https:\/\/www.demusculos.com\/web\/producto\/proteina-de-huevo-ovofull-2-lbs-907-grs-claras-de-huevo-saborizadas\/#primaryimage","url":"https:\/\/www.demusculos.com\/web\/wp-content\/uploads\/2024\/11\/ovofull-2-lbs-saborizada-proteina-de-huevo.jpg","contentUrl":"https:\/\/www.demusculos.com\/web\/wp-content\/uploads\/2024\/11\/ovofull-2-lbs-saborizada-proteina-de-huevo.jpg","width":1080,"height":1080,"caption":"Prote\u00edna de claras de huevo saborizada"},{"@type":"BreadcrumbList","@id":"https:\/\/www.demusculos.com\/web\/producto\/proteina-de-huevo-ovofull-2-lbs-907-grs-claras-de-huevo-saborizadas\/#breadcrumb","itemListElement":[{"@type":"ListItem","position":1,"name":"Inicio","item":"https:\/\/www.demusculos.com\/web\/"},{"@type":"ListItem","position":2,"name":"Suplementos","item":"https:\/\/www.demusculos.com\/web\/tienda\/"},{"@type":"ListItem","position":3,"name":"Prote\u00edna de Huevo Ovofull 2 lbs (907 grs) Claras de Huevo Saborizadas"}]},{"@type":"WebSite","@id":"https:\/\/www.demusculos.com\/web\/#website","url":"https:\/\/www.demusculos.com\/web\/","name":"DeMusculos.com","description":"Suplementos Naturales","publisher":{"@id":"https:\/\/www.demusculos.com\/web\/#organization"},"alternateName":"Suplementos Naturales","potentialAction":[{"@type":"SearchAction","target":{"@type":"EntryPoint","urlTemplate":"https:\/\/www.demusculos.com\/web\/?s={search_term_string}"},"query-input":{"@type":"PropertyValueSpecification","valueRequired":true,"valueName":"search_term_string"}}],"inLanguage":"es"},{"@type":"Organization","@id":"https:\/\/www.demusculos.com\/web\/#organization","name":"DeMusculos.com","alternateName":"DeMusculos","url":"https:\/\/www.demusculos.com\/web\/","logo":{"@type":"ImageObject","inLanguage":"es","@id":"https:\/\/www.demusculos.com\/web\/#\/schema\/logo\/image\/","url":"https:\/\/www.demusculos.com\/web\/wp-content\/uploads\/2024\/02\/logo-demusculos-prestashop-usuario.png","contentUrl":"https:\/\/www.demusculos.com\/web\/wp-content\/uploads\/2024\/02\/logo-demusculos-prestashop-usuario.png","width":150,"height":150,"caption":"DeMusculos.com"},"image":{"@id":"https:\/\/www.demusculos.com\/web\/#\/schema\/logo\/image\/"},"sameAs":["https:\/\/www.facebook.com\/demusculos","https:\/\/x.com\/demusculos","https:\/\/www.instagram.com\/demusculos","https:\/\/www.tiktok.com\/@demusculos.com"]}]}},"_links":{"self":[{"href":"https:\/\/www.demusculos.com\/web\/wp-json\/wp\/v2\/product\/7788","targetHints":{"allow":["GET"]}}],"collection":[{"href":"https:\/\/www.demusculos.com\/web\/wp-json\/wp\/v2\/product"}],"about":[{"href":"https:\/\/www.demusculos.com\/web\/wp-json\/wp\/v2\/types\/product"}],"replies":[{"embeddable":true,"href":"https:\/\/www.demusculos.com\/web\/wp-json\/wp\/v2\/comments?post=7788"}],"wp:featuredmedia":[{"embeddable":true,"href":"https:\/\/www.demusculos.com\/web\/wp-json\/wp\/v2\/media\/7796"}],"wp:attachment":[{"href":"https:\/\/www.demusculos.com\/web\/wp-json\/wp\/v2\/media?parent=7788"}],"wp:term":[{"taxonomy":"product_brand","embeddable":true,"href":"https:\/\/www.demusculos.com\/web\/wp-json\/wp\/v2\/product_brand?post=7788"},{"taxonomy":"product_cat","embeddable":true,"href":"https:\/\/www.demusculos.com\/web\/wp-json\/wp\/v2\/product_cat?post=7788"},{"taxonomy":"product_tag","embeddable":true,"href":"https:\/\/www.demusculos.com\/web\/wp-json\/wp\/v2\/product_tag?post=7788"}],"curies":[{"name":"wp","href":"https:\/\/api.w.org\/{rel}","templated":true}]}}