{"id":7873,"date":"2024-11-15T13:22:19","date_gmt":"2024-11-15T16:22:19","guid":{"rendered":"https:\/\/www.demusculos.com\/web\/?post_type=product&#038;p=7873"},"modified":"2026-03-04T13:17:13","modified_gmt":"2026-03-04T16:17:13","slug":"collagen-whey-protein-2-lbs-star-nutrition","status":"publish","type":"product","link":"https:\/\/www.demusculos.com\/web\/producto\/collagen-whey-protein-2-lbs-star-nutrition\/","title":{"rendered":"Collagen Whey Protein 2 lbs Star Nutrition"},"content":{"rendered":"<h2>Collagen Whey Protein<\/h2>\n<p>Collagen Whey. A los beneficios de la prote\u00edna de suero l\u00e1cteo le sumamos todos los beneficios de los p\u00e9ptidos del colageno: en una sola toma incorporas 15 gramos de whey y 15 gramos de col\u00e1geno, ayudando a tener m\u00fasculos, huesos y articulaciones m\u00e1s sanos y fuertes<\/p>\n<p><img fetchpriority=\"high\" decoding=\"async\" class=\"alignnone size-full wp-image-7884\" src=\"https:\/\/www.demusculos.com\/web\/wp-content\/uploads\/2024\/11\/collagen-whey-2-lbs-star-nutrition-1.jpg\" alt=\"Presentaci\u00f3n: Collagen Whey 2 Lbs de Star Nutrition\" width=\"1080\" height=\"1080\" srcset=\"https:\/\/www.demusculos.com\/web\/wp-content\/uploads\/2024\/11\/collagen-whey-2-lbs-star-nutrition-1.jpg 1080w, https:\/\/www.demusculos.com\/web\/wp-content\/uploads\/2024\/11\/collagen-whey-2-lbs-star-nutrition-1-300x300.jpg 300w, https:\/\/www.demusculos.com\/web\/wp-content\/uploads\/2024\/11\/collagen-whey-2-lbs-star-nutrition-1-150x150.jpg 150w, https:\/\/www.demusculos.com\/web\/wp-content\/uploads\/2024\/11\/collagen-whey-2-lbs-star-nutrition-1-800x800.jpg 800w, https:\/\/www.demusculos.com\/web\/wp-content\/uploads\/2024\/11\/collagen-whey-2-lbs-star-nutrition-1-1024x1024.jpg 1024w, https:\/\/www.demusculos.com\/web\/wp-content\/uploads\/2024\/11\/collagen-whey-2-lbs-star-nutrition-1-768x768.jpg 768w\" sizes=\"(max-width: 1080px) 100vw, 1080px\" \/><\/p>\n<figure id=\"attachment_246\" aria-describedby=\"caption-attachment-246\" style=\"width: 446px\" class=\"wp-caption alignnone\"><img decoding=\"async\" class=\"size-full wp-image-246\" src=\"https:\/\/www.demusculos.com\/web\/wp-content\/uploads\/2024\/02\/logo-star-nutrition.png\" alt=\"Productos natuales Star Nutrition | Prote\u00ednas | Amino\u00e1cidos | Quemadores | \u00d3xidos N\u00edtricos | Ganadores de peso\" width=\"446\" height=\"103\" srcset=\"https:\/\/www.demusculos.com\/web\/wp-content\/uploads\/2024\/02\/logo-star-nutrition.png 446w, https:\/\/www.demusculos.com\/web\/wp-content\/uploads\/2024\/02\/logo-star-nutrition-300x69.png 300w, https:\/\/www.demusculos.com\/web\/wp-content\/uploads\/2024\/02\/logo-star-nutrition-150x35.png 150w, https:\/\/www.demusculos.com\/web\/wp-content\/uploads\/2024\/02\/logo-star-nutrition-416x96.png 416w\" sizes=\"(max-width: 446px) 100vw, 446px\" \/><figcaption id=\"caption-attachment-246\" class=\"wp-caption-text\">Todos los productos de Star Nutrition. Laboratorio Nutriciencia.<\/figcaption><\/figure>\n<p>Suplemento Dietario en polvo diet\u00e9tico a base de Concentrado de Prote\u00edna de Suero L\u00e1cteo, Col\u00e1geno Hidrolizado. Sabor Vainilla. Libre de Gluten.<\/p>\n<p>RNE: 02-040.050<br \/>\nRNPA: EX-2024-25739645- -GDEBA-DIYPAMDAGP<\/p>\n<p>Certificaci\u00f3n GMP-BPM &#8211; RES 80\/96 \u2013 Senasa 233\/98<\/p>\n<p>Industria Argentina.<\/p>\n<p>Ingredientes: Concentrado de Prote\u00edna de Suero L\u00e1cteo, Col\u00e1geno Hidrolizado, ARO: Sabor Vainilla, EDU: Sucralosa (40mg\/100cm3), EDU: Potasio Acesulfamo (30mg\/100cm3).CONTIENE DERIVADOS DE LECHE.<\/p>\n<p>Modo de uso: Diluir 1 medida (30g) en 200cm3 de agua o leche descremada.<\/p>\n<p>Peso Neto: 2Lb (908g)<br \/>\nLote:<br \/>\nVencimiento:<br \/>\nTama\u00f1o de la porci\u00f3n: 30g<br \/>\nPorciones por envase: 30<\/p>\n<p><img decoding=\"async\" class=\"alignnone size-full wp-image-7885\" src=\"https:\/\/www.demusculos.com\/web\/wp-content\/uploads\/2024\/11\/collagen-whey-2-lbs-star-nutrition-2.jpg\" alt=\"Collagen Whey 2 Lbs de Star Nutrition\" width=\"1080\" height=\"1080\" srcset=\"https:\/\/www.demusculos.com\/web\/wp-content\/uploads\/2024\/11\/collagen-whey-2-lbs-star-nutrition-2.jpg 1080w, https:\/\/www.demusculos.com\/web\/wp-content\/uploads\/2024\/11\/collagen-whey-2-lbs-star-nutrition-2-300x300.jpg 300w, https:\/\/www.demusculos.com\/web\/wp-content\/uploads\/2024\/11\/collagen-whey-2-lbs-star-nutrition-2-150x150.jpg 150w, https:\/\/www.demusculos.com\/web\/wp-content\/uploads\/2024\/11\/collagen-whey-2-lbs-star-nutrition-2-800x800.jpg 800w, https:\/\/www.demusculos.com\/web\/wp-content\/uploads\/2024\/11\/collagen-whey-2-lbs-star-nutrition-2-1024x1024.jpg 1024w, https:\/\/www.demusculos.com\/web\/wp-content\/uploads\/2024\/11\/collagen-whey-2-lbs-star-nutrition-2-768x768.jpg 768w\" sizes=\"(max-width: 1080px) 100vw, 1080px\" \/><\/p>\n<h2>Beneficios del col\u00e1geno<\/h2>\n<p data-sourcepos=\"3:1-3:17\"><strong>Para la piel:<\/strong><\/p>\n<ul data-sourcepos=\"5:1-9:0\">\n<li data-sourcepos=\"5:1-5:137\"><strong>Mejora la elasticidad y firmeza:<\/strong> El col\u00e1geno ayuda a mantener la piel tersa y reduce la aparici\u00f3n de arrugas y l\u00edneas de expresi\u00f3n.<\/li>\n<li data-sourcepos=\"6:1-6:100\"><strong>Aumenta la hidrataci\u00f3n:<\/strong> Ayuda a retener la humedad en la piel, dej\u00e1ndola m\u00e1s suave y radiante.<\/li>\n<li data-sourcepos=\"7:1-7:118\"><strong>Promueve la cicatrizaci\u00f3n:<\/strong> Acelera el proceso de reparaci\u00f3n de la piel, reduciendo la visibilidad de cicatrices.<\/li>\n<li data-sourcepos=\"8:1-9:0\"><strong>Protege contra los da\u00f1os ambientales:<\/strong> Act\u00faa como una barrera protectora contra los rayos UV y otros factores externos que pueden da\u00f1ar la piel.<\/li>\n<\/ul>\n<p data-sourcepos=\"10:1-10:28\"><strong>Para las articulaciones:<\/strong><\/p>\n<ul data-sourcepos=\"12:1-15:0\">\n<li data-sourcepos=\"12:1-12:114\"><strong>Alivia el dolor articular:<\/strong> Reduce la inflamaci\u00f3n y la rigidez en las articulaciones, mejorando la movilidad.<\/li>\n<li data-sourcepos=\"13:1-13:114\"><strong>Fortalece los cart\u00edlagos:<\/strong> Ayuda a mantener los cart\u00edlagos saludables, previniendo el desgaste y la artritis.<\/li>\n<li data-sourcepos=\"14:1-15:0\"><strong>Mejora la funci\u00f3n articular:<\/strong> Aumenta la flexibilidad y la fuerza de las articulaciones, permitiendo realizar actividades diarias con mayor facilidad.<\/li>\n<\/ul>\n<p data-sourcepos=\"16:1-16:21\"><strong>Otros beneficios:<\/strong><\/p>\n<ul data-sourcepos=\"18:1-22:0\">\n<li data-sourcepos=\"18:1-18:133\"><strong>Fortalece huesos y m\u00fasculos:<\/strong> Contribuye a mantener la salud \u00f3sea y muscular, previniendo la osteoporosis y mejorando la fuerza.<\/li>\n<li data-sourcepos=\"19:1-19:121\"><strong>Mejora la salud del cabello y las u\u00f1as:<\/strong> Hace que el cabello sea m\u00e1s fuerte y brillante, y las u\u00f1as m\u00e1s resistentes.<\/li>\n<li data-sourcepos=\"20:1-20:172\"><strong>Favorece la salud intestinal:<\/strong> Algunos estudios sugieren que el col\u00e1geno puede mejorar la salud intestinal y reducir los s\u00edntomas del s\u00edndrome del intestino irritable.<\/li>\n<li data-sourcepos=\"21:1-22:0\"><strong>Puede ayudar a perder peso:<\/strong> Al aumentar la masa muscular, puede ayudar a acelerar el metabolismo y quemar m\u00e1s calor\u00edas.<\/li>\n<\/ul>\n<p><img loading=\"lazy\" decoding=\"async\" class=\"alignnone size-full wp-image-7886\" src=\"https:\/\/www.demusculos.com\/web\/wp-content\/uploads\/2024\/11\/collagen-whey-2-lbs-star-nutrition-3.jpg\" alt=\"Beneficios del col\u00e1geno: Collagen Whey 2 Lbs de Star Nutrition\" width=\"1080\" height=\"1080\" srcset=\"https:\/\/www.demusculos.com\/web\/wp-content\/uploads\/2024\/11\/collagen-whey-2-lbs-star-nutrition-3.jpg 1080w, https:\/\/www.demusculos.com\/web\/wp-content\/uploads\/2024\/11\/collagen-whey-2-lbs-star-nutrition-3-300x300.jpg 300w, https:\/\/www.demusculos.com\/web\/wp-content\/uploads\/2024\/11\/collagen-whey-2-lbs-star-nutrition-3-150x150.jpg 150w, https:\/\/www.demusculos.com\/web\/wp-content\/uploads\/2024\/11\/collagen-whey-2-lbs-star-nutrition-3-800x800.jpg 800w, https:\/\/www.demusculos.com\/web\/wp-content\/uploads\/2024\/11\/collagen-whey-2-lbs-star-nutrition-3-1024x1024.jpg 1024w, https:\/\/www.demusculos.com\/web\/wp-content\/uploads\/2024\/11\/collagen-whey-2-lbs-star-nutrition-3-768x768.jpg 768w\" sizes=\"(max-width: 1080px) 100vw, 1080px\" \/><\/p>\n<p><img loading=\"lazy\" decoding=\"async\" class=\"alignnone size-full wp-image-7889\" src=\"https:\/\/www.demusculos.com\/web\/wp-content\/uploads\/2024\/11\/collagen-whey-2-lbs-star-nutrition-6.jpg\" alt=\"Sabores disponibles: Collagen Whey 2 Lbs de Star Nutrition\" width=\"1080\" height=\"1080\" srcset=\"https:\/\/www.demusculos.com\/web\/wp-content\/uploads\/2024\/11\/collagen-whey-2-lbs-star-nutrition-6.jpg 1080w, https:\/\/www.demusculos.com\/web\/wp-content\/uploads\/2024\/11\/collagen-whey-2-lbs-star-nutrition-6-300x300.jpg 300w, https:\/\/www.demusculos.com\/web\/wp-content\/uploads\/2024\/11\/collagen-whey-2-lbs-star-nutrition-6-150x150.jpg 150w, https:\/\/www.demusculos.com\/web\/wp-content\/uploads\/2024\/11\/collagen-whey-2-lbs-star-nutrition-6-800x800.jpg 800w, https:\/\/www.demusculos.com\/web\/wp-content\/uploads\/2024\/11\/collagen-whey-2-lbs-star-nutrition-6-1024x1024.jpg 1024w, https:\/\/www.demusculos.com\/web\/wp-content\/uploads\/2024\/11\/collagen-whey-2-lbs-star-nutrition-6-768x768.jpg 768w\" sizes=\"(max-width: 1080px) 100vw, 1080px\" \/><\/p>\n<p><img loading=\"lazy\" decoding=\"async\" class=\"alignnone size-full wp-image-7888\" src=\"https:\/\/www.demusculos.com\/web\/wp-content\/uploads\/2024\/11\/collagen-whey-2-lbs-star-nutrition-5.jpg\" alt=\"Informaci\u00f3n nutricional: Collagen Whey 2 Lbs de Star Nutrition\" width=\"1080\" height=\"1080\" srcset=\"https:\/\/www.demusculos.com\/web\/wp-content\/uploads\/2024\/11\/collagen-whey-2-lbs-star-nutrition-5.jpg 1080w, https:\/\/www.demusculos.com\/web\/wp-content\/uploads\/2024\/11\/collagen-whey-2-lbs-star-nutrition-5-300x300.jpg 300w, https:\/\/www.demusculos.com\/web\/wp-content\/uploads\/2024\/11\/collagen-whey-2-lbs-star-nutrition-5-150x150.jpg 150w, https:\/\/www.demusculos.com\/web\/wp-content\/uploads\/2024\/11\/collagen-whey-2-lbs-star-nutrition-5-800x800.jpg 800w, https:\/\/www.demusculos.com\/web\/wp-content\/uploads\/2024\/11\/collagen-whey-2-lbs-star-nutrition-5-1024x1024.jpg 1024w, https:\/\/www.demusculos.com\/web\/wp-content\/uploads\/2024\/11\/collagen-whey-2-lbs-star-nutrition-5-768x768.jpg 768w\" sizes=\"(max-width: 1080px) 100vw, 1080px\" \/><\/p>\n<p><img loading=\"lazy\" decoding=\"async\" class=\"alignnone size-full wp-image-7887\" src=\"https:\/\/www.demusculos.com\/web\/wp-content\/uploads\/2024\/11\/collagen-whey-2-lbs-star-nutrition-4.jpg\" alt=\"Beneficios de la prote\u00edna: Collagen Whey 2 Lbs de Star Nutrition\" width=\"1080\" height=\"1080\" srcset=\"https:\/\/www.demusculos.com\/web\/wp-content\/uploads\/2024\/11\/collagen-whey-2-lbs-star-nutrition-4.jpg 1080w, https:\/\/www.demusculos.com\/web\/wp-content\/uploads\/2024\/11\/collagen-whey-2-lbs-star-nutrition-4-300x300.jpg 300w, https:\/\/www.demusculos.com\/web\/wp-content\/uploads\/2024\/11\/collagen-whey-2-lbs-star-nutrition-4-150x150.jpg 150w, https:\/\/www.demusculos.com\/web\/wp-content\/uploads\/2024\/11\/collagen-whey-2-lbs-star-nutrition-4-800x800.jpg 800w, https:\/\/www.demusculos.com\/web\/wp-content\/uploads\/2024\/11\/collagen-whey-2-lbs-star-nutrition-4-1024x1024.jpg 1024w, https:\/\/www.demusculos.com\/web\/wp-content\/uploads\/2024\/11\/collagen-whey-2-lbs-star-nutrition-4-768x768.jpg 768w\" sizes=\"(max-width: 1080px) 100vw, 1080px\" \/><\/p>\n","protected":false},"excerpt":{"rendered":"<p>Prote\u00edna + Colageno. Recuperaci\u00f3n y rendimiento, masa muscular. Beneficios para cabello, u\u00f1as, piel, articulaciones. Grandes beneficios para la salud.<\/p>\n","protected":false},"featured_media":7874,"comment_status":"closed","ping_status":"closed","template":"","meta":[],"product_brand":[220],"product_cat":[41,16],"product_tag":[26],"class_list":{"0":"post-7873","1":"product","2":"type-product","3":"status-publish","4":"has-post-thumbnail","6":"product_brand-star-nutrition","7":"product_cat-colageno","8":"product_cat-proteinas","9":"product_tag-star-nutrition","11":"first","12":"instock","13":"sale","14":"shipping-taxable","15":"purchasable","16":"product-type-variable"},"yoast_head":"<!-- This site is optimized with the Yoast SEO plugin v27.4 - https:\/\/yoast.com\/product\/yoast-seo-wordpress\/ -->\n<title>Collagen Whey | 2 Lbs | Star Nutrition | DeMusculos.com<\/title>\n<meta name=\"description\" content=\"Collagen Whey 2 lbs. Prote\u00edna de suero de leche combinada con col\u00e1geno. Ideal para recuperaci\u00f3n, rendimiento, masa muscular, cuidado de u\u00f1as, piel, pelo.\" \/>\n<meta name=\"robots\" content=\"index, follow, max-snippet:-1, max-image-preview:large, max-video-preview:-1\" \/>\n<link rel=\"canonical\" href=\"https:\/\/www.demusculos.com\/web\/producto\/collagen-whey-protein-2-lbs-star-nutrition\/\" \/>\n<meta property=\"og:locale\" content=\"es_ES\" \/>\n<meta property=\"og:type\" content=\"article\" \/>\n<meta property=\"og:title\" content=\"Collagen Whey | 2 Lbs | Star Nutrition | DeMusculos.com\" \/>\n<meta property=\"og:description\" content=\"Collagen Whey 2 lbs. Prote\u00edna de suero de leche combinada con col\u00e1geno. Ideal para recuperaci\u00f3n, rendimiento, masa muscular, cuidado de u\u00f1as, piel, pelo.\" \/>\n<meta property=\"og:url\" content=\"https:\/\/www.demusculos.com\/web\/producto\/collagen-whey-protein-2-lbs-star-nutrition\/\" \/>\n<meta property=\"og:site_name\" content=\"DeMusculos\" \/>\n<meta property=\"article:publisher\" content=\"https:\/\/www.facebook.com\/demusculos\" \/>\n<meta property=\"article:modified_time\" content=\"2026-03-04T16:17:13+00:00\" \/>\n<meta property=\"og:image\" content=\"https:\/\/www.demusculos.com\/web\/wp-content\/uploads\/2024\/11\/collagen-whey-proptein-2-lbs-star-nutrition-1.jpg\" \/>\n\t<meta property=\"og:image:width\" content=\"1200\" \/>\n\t<meta property=\"og:image:height\" content=\"1200\" \/>\n\t<meta property=\"og:image:type\" content=\"image\/jpeg\" \/>\n<meta name=\"twitter:card\" content=\"summary_large_image\" \/>\n<meta name=\"twitter:site\" content=\"@demusculos\" \/>\n<meta name=\"twitter:label1\" content=\"Tiempo de lectura\" \/>\n\t<meta name=\"twitter:data1\" content=\"4 minutos\" \/>\n<script type=\"application\/ld+json\" class=\"yoast-schema-graph\">{\"@context\":\"https:\\\/\\\/schema.org\",\"@graph\":[{\"@type\":\"WebPage\",\"@id\":\"https:\\\/\\\/www.demusculos.com\\\/web\\\/producto\\\/collagen-whey-protein-2-lbs-star-nutrition\\\/\",\"url\":\"https:\\\/\\\/www.demusculos.com\\\/web\\\/producto\\\/collagen-whey-protein-2-lbs-star-nutrition\\\/\",\"name\":\"Collagen Whey | 2 Lbs | Star Nutrition | DeMusculos.com\",\"isPartOf\":{\"@id\":\"https:\\\/\\\/www.demusculos.com\\\/web\\\/#website\"},\"primaryImageOfPage\":{\"@id\":\"https:\\\/\\\/www.demusculos.com\\\/web\\\/producto\\\/collagen-whey-protein-2-lbs-star-nutrition\\\/#primaryimage\"},\"image\":{\"@id\":\"https:\\\/\\\/www.demusculos.com\\\/web\\\/producto\\\/collagen-whey-protein-2-lbs-star-nutrition\\\/#primaryimage\"},\"thumbnailUrl\":\"https:\\\/\\\/www.demusculos.com\\\/web\\\/wp-content\\\/uploads\\\/2024\\\/11\\\/collagen-whey-proptein-2-lbs-star-nutrition-1.jpg\",\"datePublished\":\"2024-11-15T16:22:19+00:00\",\"dateModified\":\"2026-03-04T16:17:13+00:00\",\"description\":\"Collagen Whey 2 lbs. Prote\u00edna de suero de leche combinada con col\u00e1geno. Ideal para recuperaci\u00f3n, rendimiento, masa muscular, cuidado de u\u00f1as, piel, pelo.\",\"breadcrumb\":{\"@id\":\"https:\\\/\\\/www.demusculos.com\\\/web\\\/producto\\\/collagen-whey-protein-2-lbs-star-nutrition\\\/#breadcrumb\"},\"inLanguage\":\"es\",\"potentialAction\":[{\"@type\":\"ReadAction\",\"target\":[\"https:\\\/\\\/www.demusculos.com\\\/web\\\/producto\\\/collagen-whey-protein-2-lbs-star-nutrition\\\/\"]}]},{\"@type\":\"ImageObject\",\"inLanguage\":\"es\",\"@id\":\"https:\\\/\\\/www.demusculos.com\\\/web\\\/producto\\\/collagen-whey-protein-2-lbs-star-nutrition\\\/#primaryimage\",\"url\":\"https:\\\/\\\/www.demusculos.com\\\/web\\\/wp-content\\\/uploads\\\/2024\\\/11\\\/collagen-whey-proptein-2-lbs-star-nutrition-1.jpg\",\"contentUrl\":\"https:\\\/\\\/www.demusculos.com\\\/web\\\/wp-content\\\/uploads\\\/2024\\\/11\\\/collagen-whey-proptein-2-lbs-star-nutrition-1.jpg\",\"width\":1200,\"height\":1200,\"caption\":\"Collagen Whey Protein 2 lbs Star Nutrition\"},{\"@type\":\"BreadcrumbList\",\"@id\":\"https:\\\/\\\/www.demusculos.com\\\/web\\\/producto\\\/collagen-whey-protein-2-lbs-star-nutrition\\\/#breadcrumb\",\"itemListElement\":[{\"@type\":\"ListItem\",\"position\":1,\"name\":\"Inicio\",\"item\":\"https:\\\/\\\/www.demusculos.com\\\/web\\\/\"},{\"@type\":\"ListItem\",\"position\":2,\"name\":\"Suplementos\",\"item\":\"https:\\\/\\\/www.demusculos.com\\\/web\\\/tienda\\\/\"},{\"@type\":\"ListItem\",\"position\":3,\"name\":\"Collagen Whey Protein 2 lbs Star Nutrition\"}]},{\"@type\":\"WebSite\",\"@id\":\"https:\\\/\\\/www.demusculos.com\\\/web\\\/#website\",\"url\":\"https:\\\/\\\/www.demusculos.com\\\/web\\\/\",\"name\":\"DeMusculos.com\",\"description\":\"Suplementos Naturales\",\"publisher\":{\"@id\":\"https:\\\/\\\/www.demusculos.com\\\/web\\\/#organization\"},\"alternateName\":\"Suplementos Naturales\",\"potentialAction\":[{\"@type\":\"SearchAction\",\"target\":{\"@type\":\"EntryPoint\",\"urlTemplate\":\"https:\\\/\\\/www.demusculos.com\\\/web\\\/?s={search_term_string}\"},\"query-input\":{\"@type\":\"PropertyValueSpecification\",\"valueRequired\":true,\"valueName\":\"search_term_string\"}}],\"inLanguage\":\"es\"},{\"@type\":\"Organization\",\"@id\":\"https:\\\/\\\/www.demusculos.com\\\/web\\\/#organization\",\"name\":\"DeMusculos.com\",\"alternateName\":\"DeMusculos\",\"url\":\"https:\\\/\\\/www.demusculos.com\\\/web\\\/\",\"logo\":{\"@type\":\"ImageObject\",\"inLanguage\":\"es\",\"@id\":\"https:\\\/\\\/www.demusculos.com\\\/web\\\/#\\\/schema\\\/logo\\\/image\\\/\",\"url\":\"https:\\\/\\\/www.demusculos.com\\\/web\\\/wp-content\\\/uploads\\\/2024\\\/02\\\/logo-demusculos-prestashop-usuario.png\",\"contentUrl\":\"https:\\\/\\\/www.demusculos.com\\\/web\\\/wp-content\\\/uploads\\\/2024\\\/02\\\/logo-demusculos-prestashop-usuario.png\",\"width\":150,\"height\":150,\"caption\":\"DeMusculos.com\"},\"image\":{\"@id\":\"https:\\\/\\\/www.demusculos.com\\\/web\\\/#\\\/schema\\\/logo\\\/image\\\/\"},\"sameAs\":[\"https:\\\/\\\/www.facebook.com\\\/demusculos\",\"https:\\\/\\\/x.com\\\/demusculos\",\"https:\\\/\\\/www.instagram.com\\\/demusculos\",\"https:\\\/\\\/www.tiktok.com\\\/@demusculos.com\"]}]}<\/script>\n<!-- \/ Yoast SEO plugin. -->","yoast_head_json":{"title":"Collagen Whey | 2 Lbs | Star Nutrition | DeMusculos.com","description":"Collagen Whey 2 lbs. Prote\u00edna de suero de leche combinada con col\u00e1geno. Ideal para recuperaci\u00f3n, rendimiento, masa muscular, cuidado de u\u00f1as, piel, pelo.","robots":{"index":"index","follow":"follow","max-snippet":"max-snippet:-1","max-image-preview":"max-image-preview:large","max-video-preview":"max-video-preview:-1"},"canonical":"https:\/\/www.demusculos.com\/web\/producto\/collagen-whey-protein-2-lbs-star-nutrition\/","og_locale":"es_ES","og_type":"article","og_title":"Collagen Whey | 2 Lbs | Star Nutrition | DeMusculos.com","og_description":"Collagen Whey 2 lbs. Prote\u00edna de suero de leche combinada con col\u00e1geno. Ideal para recuperaci\u00f3n, rendimiento, masa muscular, cuidado de u\u00f1as, piel, pelo.","og_url":"https:\/\/www.demusculos.com\/web\/producto\/collagen-whey-protein-2-lbs-star-nutrition\/","og_site_name":"DeMusculos","article_publisher":"https:\/\/www.facebook.com\/demusculos","article_modified_time":"2026-03-04T16:17:13+00:00","og_image":[{"width":1200,"height":1200,"url":"https:\/\/www.demusculos.com\/web\/wp-content\/uploads\/2024\/11\/collagen-whey-proptein-2-lbs-star-nutrition-1.jpg","type":"image\/jpeg"}],"twitter_card":"summary_large_image","twitter_site":"@demusculos","twitter_misc":{"Tiempo de lectura":"4 minutos"},"schema":{"@context":"https:\/\/schema.org","@graph":[{"@type":"WebPage","@id":"https:\/\/www.demusculos.com\/web\/producto\/collagen-whey-protein-2-lbs-star-nutrition\/","url":"https:\/\/www.demusculos.com\/web\/producto\/collagen-whey-protein-2-lbs-star-nutrition\/","name":"Collagen Whey | 2 Lbs | Star Nutrition | DeMusculos.com","isPartOf":{"@id":"https:\/\/www.demusculos.com\/web\/#website"},"primaryImageOfPage":{"@id":"https:\/\/www.demusculos.com\/web\/producto\/collagen-whey-protein-2-lbs-star-nutrition\/#primaryimage"},"image":{"@id":"https:\/\/www.demusculos.com\/web\/producto\/collagen-whey-protein-2-lbs-star-nutrition\/#primaryimage"},"thumbnailUrl":"https:\/\/www.demusculos.com\/web\/wp-content\/uploads\/2024\/11\/collagen-whey-proptein-2-lbs-star-nutrition-1.jpg","datePublished":"2024-11-15T16:22:19+00:00","dateModified":"2026-03-04T16:17:13+00:00","description":"Collagen Whey 2 lbs. Prote\u00edna de suero de leche combinada con col\u00e1geno. Ideal para recuperaci\u00f3n, rendimiento, masa muscular, cuidado de u\u00f1as, piel, pelo.","breadcrumb":{"@id":"https:\/\/www.demusculos.com\/web\/producto\/collagen-whey-protein-2-lbs-star-nutrition\/#breadcrumb"},"inLanguage":"es","potentialAction":[{"@type":"ReadAction","target":["https:\/\/www.demusculos.com\/web\/producto\/collagen-whey-protein-2-lbs-star-nutrition\/"]}]},{"@type":"ImageObject","inLanguage":"es","@id":"https:\/\/www.demusculos.com\/web\/producto\/collagen-whey-protein-2-lbs-star-nutrition\/#primaryimage","url":"https:\/\/www.demusculos.com\/web\/wp-content\/uploads\/2024\/11\/collagen-whey-proptein-2-lbs-star-nutrition-1.jpg","contentUrl":"https:\/\/www.demusculos.com\/web\/wp-content\/uploads\/2024\/11\/collagen-whey-proptein-2-lbs-star-nutrition-1.jpg","width":1200,"height":1200,"caption":"Collagen Whey Protein 2 lbs Star Nutrition"},{"@type":"BreadcrumbList","@id":"https:\/\/www.demusculos.com\/web\/producto\/collagen-whey-protein-2-lbs-star-nutrition\/#breadcrumb","itemListElement":[{"@type":"ListItem","position":1,"name":"Inicio","item":"https:\/\/www.demusculos.com\/web\/"},{"@type":"ListItem","position":2,"name":"Suplementos","item":"https:\/\/www.demusculos.com\/web\/tienda\/"},{"@type":"ListItem","position":3,"name":"Collagen Whey Protein 2 lbs Star Nutrition"}]},{"@type":"WebSite","@id":"https:\/\/www.demusculos.com\/web\/#website","url":"https:\/\/www.demusculos.com\/web\/","name":"DeMusculos.com","description":"Suplementos Naturales","publisher":{"@id":"https:\/\/www.demusculos.com\/web\/#organization"},"alternateName":"Suplementos Naturales","potentialAction":[{"@type":"SearchAction","target":{"@type":"EntryPoint","urlTemplate":"https:\/\/www.demusculos.com\/web\/?s={search_term_string}"},"query-input":{"@type":"PropertyValueSpecification","valueRequired":true,"valueName":"search_term_string"}}],"inLanguage":"es"},{"@type":"Organization","@id":"https:\/\/www.demusculos.com\/web\/#organization","name":"DeMusculos.com","alternateName":"DeMusculos","url":"https:\/\/www.demusculos.com\/web\/","logo":{"@type":"ImageObject","inLanguage":"es","@id":"https:\/\/www.demusculos.com\/web\/#\/schema\/logo\/image\/","url":"https:\/\/www.demusculos.com\/web\/wp-content\/uploads\/2024\/02\/logo-demusculos-prestashop-usuario.png","contentUrl":"https:\/\/www.demusculos.com\/web\/wp-content\/uploads\/2024\/02\/logo-demusculos-prestashop-usuario.png","width":150,"height":150,"caption":"DeMusculos.com"},"image":{"@id":"https:\/\/www.demusculos.com\/web\/#\/schema\/logo\/image\/"},"sameAs":["https:\/\/www.facebook.com\/demusculos","https:\/\/x.com\/demusculos","https:\/\/www.instagram.com\/demusculos","https:\/\/www.tiktok.com\/@demusculos.com"]}]}},"_links":{"self":[{"href":"https:\/\/www.demusculos.com\/web\/wp-json\/wp\/v2\/product\/7873","targetHints":{"allow":["GET"]}}],"collection":[{"href":"https:\/\/www.demusculos.com\/web\/wp-json\/wp\/v2\/product"}],"about":[{"href":"https:\/\/www.demusculos.com\/web\/wp-json\/wp\/v2\/types\/product"}],"replies":[{"embeddable":true,"href":"https:\/\/www.demusculos.com\/web\/wp-json\/wp\/v2\/comments?post=7873"}],"wp:featuredmedia":[{"embeddable":true,"href":"https:\/\/www.demusculos.com\/web\/wp-json\/wp\/v2\/media\/7874"}],"wp:attachment":[{"href":"https:\/\/www.demusculos.com\/web\/wp-json\/wp\/v2\/media?parent=7873"}],"wp:term":[{"taxonomy":"product_brand","embeddable":true,"href":"https:\/\/www.demusculos.com\/web\/wp-json\/wp\/v2\/product_brand?post=7873"},{"taxonomy":"product_cat","embeddable":true,"href":"https:\/\/www.demusculos.com\/web\/wp-json\/wp\/v2\/product_cat?post=7873"},{"taxonomy":"product_tag","embeddable":true,"href":"https:\/\/www.demusculos.com\/web\/wp-json\/wp\/v2\/product_tag?post=7873"}],"curies":[{"name":"wp","href":"https:\/\/api.w.org\/{rel}","templated":true}]}}