{"id":8412,"date":"2024-12-18T20:31:50","date_gmt":"2024-12-18T23:31:50","guid":{"rendered":"https:\/\/www.demusculos.com\/web\/?post_type=product&#038;p=8412"},"modified":"2026-03-29T20:56:01","modified_gmt":"2026-03-29T23:56:01","slug":"2-testo-bolic-1-nitro-pump-muscle-growth","status":"publish","type":"product","link":"https:\/\/www.demusculos.com\/web\/producto\/2-testo-bolic-1-nitro-pump-muscle-growth\/","title":{"rendered":"2 Testo Bolic + 1 Nitro Pump + 1 Muscle Growth"},"content":{"rendered":"<h2>2 Testo Bolic + 1 Nitro Pump + 1 Muscle Growth<\/h2>\n<p>Testo Bolic eleva los niveles de testo en el hombre. Nitro Pump es un poderoso vaso dilatador. Muscle Growth es un amino\u00e1cido que mejora la masa muscular.<\/p>\n<figure id=\"attachment_255\" aria-describedby=\"caption-attachment-255\" style=\"width: 446px\" class=\"wp-caption alignnone\"><img decoding=\"async\" class=\"size-full wp-image-255\" src=\"https:\/\/www.demusculos.com\/web\/wp-content\/uploads\/2024\/02\/logo-genetic-sport-nutrition.png\" alt=\"Genetic Sport Nutrition: Suplementos Naturales\" width=\"446\" height=\"103\" srcset=\"https:\/\/www.demusculos.com\/web\/wp-content\/uploads\/2024\/02\/logo-genetic-sport-nutrition.png 446w, https:\/\/www.demusculos.com\/web\/wp-content\/uploads\/2024\/02\/logo-genetic-sport-nutrition-300x69.png 300w, https:\/\/www.demusculos.com\/web\/wp-content\/uploads\/2024\/02\/logo-genetic-sport-nutrition-150x35.png 150w, https:\/\/www.demusculos.com\/web\/wp-content\/uploads\/2024\/02\/logo-genetic-sport-nutrition-416x96.png 416w\" sizes=\"(max-width: 446px) 100vw, 446px\" \/><figcaption id=\"caption-attachment-255\" class=\"wp-caption-text\">Suplementaci\u00f3n natural deportiva: Genetic Sport Nutrition<\/figcaption><\/figure>\n<p>Testo Bolic es un producto que mejora el desempe\u00f1o del hombre. Eleva los niveles de testosterona.<br \/>\nNitro Pump es un poderoso \u00f3xido n\u00edtrico (Funci\u00f3n de vaso dilatador).<br \/>\nEl Muscle Growth es un amino\u00e1cido que mejora la masa muscular.<\/p>\n<figure id=\"attachment_6249\" aria-describedby=\"caption-attachment-6249\" style=\"width: 1200px\" class=\"wp-caption alignnone\"><img fetchpriority=\"high\" decoding=\"async\" class=\"size-full wp-image-6249\" src=\"https:\/\/www.demusculos.com\/web\/wp-content\/uploads\/2024\/08\/testo-bolic-informacion-banner2.jpg\" alt=\"Testo Bolic de Genetic Sport x 120 comprimidos. Ideal para aumentar los niveles de Testosterona.\" width=\"1200\" height=\"1200\" srcset=\"https:\/\/www.demusculos.com\/web\/wp-content\/uploads\/2024\/08\/testo-bolic-informacion-banner2.jpg 1200w, https:\/\/www.demusculos.com\/web\/wp-content\/uploads\/2024\/08\/testo-bolic-informacion-banner2-300x300.jpg 300w, https:\/\/www.demusculos.com\/web\/wp-content\/uploads\/2024\/08\/testo-bolic-informacion-banner2-150x150.jpg 150w, https:\/\/www.demusculos.com\/web\/wp-content\/uploads\/2024\/08\/testo-bolic-informacion-banner2-800x800.jpg 800w, https:\/\/www.demusculos.com\/web\/wp-content\/uploads\/2024\/08\/testo-bolic-informacion-banner2-1024x1024.jpg 1024w, https:\/\/www.demusculos.com\/web\/wp-content\/uploads\/2024\/08\/testo-bolic-informacion-banner2-768x768.jpg 768w\" sizes=\"(max-width: 1200px) 100vw, 1200px\" \/><figcaption id=\"caption-attachment-6249\" class=\"wp-caption-text\">Testo Bolic aumenta tus niveles de testosterona en forma natural<\/figcaption><\/figure>\n<p>Tener niveles adecuados de testosterona es importante para la salud masculina, pero niveles excesivamente altos pueden traer tanto beneficios como riesgos. Aqu\u00ed hay una lista de beneficios potenciales asociados con niveles de testosterona elevados dentro de un rango saludable:<\/p>\n<h3><strong>Beneficios f\u00edsicos:<\/strong><\/h3>\n<ol>\n<li><strong>Incremento de la masa muscular y fuerza:<\/strong><br \/>\nLa testosterona estimula la s\u00edntesis de prote\u00ednas, lo que contribuye al crecimiento muscular y a un mejor rendimiento f\u00edsico.<\/li>\n<li><strong>Reducci\u00f3n de grasa corporal:<\/strong><br \/>\nMejora la capacidad del cuerpo para quemar grasa, especialmente cuando se combina con ejercicio regular.<\/li>\n<li><strong>Huesos m\u00e1s fuertes:<\/strong><br \/>\nLa testosterona aumenta la densidad \u00f3sea, reduciendo el riesgo de fracturas.<\/li>\n<li><strong>Mayor energ\u00eda y vitalidad:<\/strong><br \/>\nNiveles saludables de testosterona est\u00e1n asociados con una mejor resistencia f\u00edsica y una sensaci\u00f3n general de bienestar.<\/li>\n<\/ol>\n<figure id=\"attachment_6251\" aria-describedby=\"caption-attachment-6251\" style=\"width: 1200px\" class=\"wp-caption alignnone\"><img decoding=\"async\" class=\"size-full wp-image-6251\" src=\"https:\/\/www.demusculos.com\/web\/wp-content\/uploads\/2024\/08\/testo-bolic-informacion-banner4.jpg\" alt=\"Testo Bolic aumenta tus niveles de testo. Rendimiento. Fabricado por Genetic Sport.\" width=\"1200\" height=\"1200\" srcset=\"https:\/\/www.demusculos.com\/web\/wp-content\/uploads\/2024\/08\/testo-bolic-informacion-banner4.jpg 1200w, https:\/\/www.demusculos.com\/web\/wp-content\/uploads\/2024\/08\/testo-bolic-informacion-banner4-300x300.jpg 300w, https:\/\/www.demusculos.com\/web\/wp-content\/uploads\/2024\/08\/testo-bolic-informacion-banner4-150x150.jpg 150w, https:\/\/www.demusculos.com\/web\/wp-content\/uploads\/2024\/08\/testo-bolic-informacion-banner4-800x800.jpg 800w, https:\/\/www.demusculos.com\/web\/wp-content\/uploads\/2024\/08\/testo-bolic-informacion-banner4-1024x1024.jpg 1024w, https:\/\/www.demusculos.com\/web\/wp-content\/uploads\/2024\/08\/testo-bolic-informacion-banner4-768x768.jpg 768w\" sizes=\"(max-width: 1200px) 100vw, 1200px\" \/><figcaption id=\"caption-attachment-6251\" class=\"wp-caption-text\">Los ingredientes de Testo Bolic de Genetic Sport<\/figcaption><\/figure>\n<h3><strong>Beneficios sexuales con Testo Bolic:<\/strong><\/h3>\n<ol start=\"5\">\n<li><strong>Aumento de la libido:<\/strong><br \/>\nMejora el deseo sexual y la frecuencia de las relaciones \u00edntimas.<\/li>\n<li><strong>Mejora de la funci\u00f3n er\u00e9ctil:<\/strong><br \/>\nContribuye a mantener erecciones saludables.<\/li>\n<li><strong>Mayor fertilidad:<\/strong><br \/>\nPromueve la producci\u00f3n de esperma de mejor calidad y cantidad.<\/li>\n<\/ol>\n<figure id=\"attachment_6252\" aria-describedby=\"caption-attachment-6252\" style=\"width: 1200px\" class=\"wp-caption alignnone\"><img loading=\"lazy\" decoding=\"async\" class=\"size-full wp-image-6252\" src=\"https:\/\/www.demusculos.com\/web\/wp-content\/uploads\/2024\/08\/testo-bolic-informacion-banner5.jpg\" alt=\"Beneficios de tomar Testo Bolic de Genetic Sport x 120 comprimidos. Plan para un mes.\" width=\"1200\" height=\"1200\" srcset=\"https:\/\/www.demusculos.com\/web\/wp-content\/uploads\/2024\/08\/testo-bolic-informacion-banner5.jpg 1200w, https:\/\/www.demusculos.com\/web\/wp-content\/uploads\/2024\/08\/testo-bolic-informacion-banner5-300x300.jpg 300w, https:\/\/www.demusculos.com\/web\/wp-content\/uploads\/2024\/08\/testo-bolic-informacion-banner5-150x150.jpg 150w, https:\/\/www.demusculos.com\/web\/wp-content\/uploads\/2024\/08\/testo-bolic-informacion-banner5-800x800.jpg 800w, https:\/\/www.demusculos.com\/web\/wp-content\/uploads\/2024\/08\/testo-bolic-informacion-banner5-1024x1024.jpg 1024w, https:\/\/www.demusculos.com\/web\/wp-content\/uploads\/2024\/08\/testo-bolic-informacion-banner5-768x768.jpg 768w\" sizes=\"(max-width: 1200px) 100vw, 1200px\" \/><figcaption id=\"caption-attachment-6252\" class=\"wp-caption-text\">120 comprimidos. Plan para un mes. Aumenta tus niveles te testo.<\/figcaption><\/figure>\n<h3><strong>Beneficios psicol\u00f3gicos de tener la testosterona elevada:<\/strong><\/h3>\n<ol start=\"8\">\n<li><strong>Confianza y motivaci\u00f3n:<\/strong><br \/>\nSe asocia con una mayor sensaci\u00f3n de autoestima y un estado de \u00e1nimo positivo.<\/li>\n<li><strong>Mejor capacidad cognitiva:<\/strong><br \/>\nEstudios sugieren que niveles adecuados de testosterona pueden mejorar la memoria, la concentraci\u00f3n y la toma de decisiones.<\/li>\n<li><strong>Reducci\u00f3n del estr\u00e9s:<\/strong><br \/>\nPuede ayudar a regular los niveles de cortisol, una hormona relacionada con el estr\u00e9s.<\/li>\n<\/ol>\n<p><img loading=\"lazy\" decoding=\"async\" class=\"alignnone size-full wp-image-7536\" src=\"https:\/\/www.demusculos.com\/web\/wp-content\/uploads\/2024\/02\/muscle-growth-genetic-sport-ornitina-lisina-arginina-1.jpg\" alt=\"Muscle Growth de Genetic Sport\" width=\"1080\" height=\"1080\" srcset=\"https:\/\/www.demusculos.com\/web\/wp-content\/uploads\/2024\/02\/muscle-growth-genetic-sport-ornitina-lisina-arginina-1.jpg 1080w, https:\/\/www.demusculos.com\/web\/wp-content\/uploads\/2024\/02\/muscle-growth-genetic-sport-ornitina-lisina-arginina-1-300x300.jpg 300w, https:\/\/www.demusculos.com\/web\/wp-content\/uploads\/2024\/02\/muscle-growth-genetic-sport-ornitina-lisina-arginina-1-150x150.jpg 150w, https:\/\/www.demusculos.com\/web\/wp-content\/uploads\/2024\/02\/muscle-growth-genetic-sport-ornitina-lisina-arginina-1-800x800.jpg 800w, https:\/\/www.demusculos.com\/web\/wp-content\/uploads\/2024\/02\/muscle-growth-genetic-sport-ornitina-lisina-arginina-1-1024x1024.jpg 1024w, https:\/\/www.demusculos.com\/web\/wp-content\/uploads\/2024\/02\/muscle-growth-genetic-sport-ornitina-lisina-arginina-1-768x768.jpg 768w\" sizes=\"(max-width: 1080px) 100vw, 1080px\" \/><\/p>\n<p><img loading=\"lazy\" decoding=\"async\" class=\"alignnone size-full wp-image-7537\" src=\"https:\/\/www.demusculos.com\/web\/wp-content\/uploads\/2024\/02\/muscle-growth-genetic-sport-ornitina-lisina-arginina-2.jpg\" alt=\"Datos a destacar del producto\" width=\"1080\" height=\"1080\" srcset=\"https:\/\/www.demusculos.com\/web\/wp-content\/uploads\/2024\/02\/muscle-growth-genetic-sport-ornitina-lisina-arginina-2.jpg 1080w, https:\/\/www.demusculos.com\/web\/wp-content\/uploads\/2024\/02\/muscle-growth-genetic-sport-ornitina-lisina-arginina-2-300x300.jpg 300w, https:\/\/www.demusculos.com\/web\/wp-content\/uploads\/2024\/02\/muscle-growth-genetic-sport-ornitina-lisina-arginina-2-150x150.jpg 150w, https:\/\/www.demusculos.com\/web\/wp-content\/uploads\/2024\/02\/muscle-growth-genetic-sport-ornitina-lisina-arginina-2-800x800.jpg 800w, https:\/\/www.demusculos.com\/web\/wp-content\/uploads\/2024\/02\/muscle-growth-genetic-sport-ornitina-lisina-arginina-2-1024x1024.jpg 1024w, https:\/\/www.demusculos.com\/web\/wp-content\/uploads\/2024\/02\/muscle-growth-genetic-sport-ornitina-lisina-arginina-2-768x768.jpg 768w\" sizes=\"(max-width: 1080px) 100vw, 1080px\" \/><\/p>\n<p><img loading=\"lazy\" decoding=\"async\" class=\"alignnone size-full wp-image-7538\" src=\"https:\/\/www.demusculos.com\/web\/wp-content\/uploads\/2024\/02\/muscle-growth-genetic-sport-ornitina-lisina-arginina-5.jpg\" alt=\"Informaci\u00f3n nutricional\" width=\"1080\" height=\"1080\" srcset=\"https:\/\/www.demusculos.com\/web\/wp-content\/uploads\/2024\/02\/muscle-growth-genetic-sport-ornitina-lisina-arginina-5.jpg 1080w, https:\/\/www.demusculos.com\/web\/wp-content\/uploads\/2024\/02\/muscle-growth-genetic-sport-ornitina-lisina-arginina-5-300x300.jpg 300w, https:\/\/www.demusculos.com\/web\/wp-content\/uploads\/2024\/02\/muscle-growth-genetic-sport-ornitina-lisina-arginina-5-150x150.jpg 150w, https:\/\/www.demusculos.com\/web\/wp-content\/uploads\/2024\/02\/muscle-growth-genetic-sport-ornitina-lisina-arginina-5-800x800.jpg 800w, https:\/\/www.demusculos.com\/web\/wp-content\/uploads\/2024\/02\/muscle-growth-genetic-sport-ornitina-lisina-arginina-5-1024x1024.jpg 1024w, https:\/\/www.demusculos.com\/web\/wp-content\/uploads\/2024\/02\/muscle-growth-genetic-sport-ornitina-lisina-arginina-5-768x768.jpg 768w\" sizes=\"(max-width: 1080px) 100vw, 1080px\" \/><\/p>\n","protected":false},"excerpt":{"rendered":"<p>Ideal para elevar los niveles de testosterona, potencia masculina, aumentar los niveles de \u00f3xido n\u00edtrico en la sangre (m\u00e1s vasodilataci\u00f3n) y mejorar el tama\u00f1o muscular.<\/p>\n","protected":false},"featured_media":8413,"comment_status":"closed","ping_status":"closed","template":"","meta":[],"product_brand":[236],"product_cat":[42,71],"product_tag":[43],"class_list":{"0":"post-8412","1":"product","2":"type-product","3":"status-publish","4":"has-post-thumbnail","6":"product_brand-genetic-sport","7":"product_cat-hormonales-y-testo","8":"product_cat-combos-masa-muscular","9":"product_tag-genetic-sport","11":"first","12":"instock","13":"sale","14":"shipping-taxable","15":"purchasable","16":"product-type-simple"},"yoast_head":"<!-- This site is optimized with the Yoast SEO plugin v27.6 - https:\/\/yoast.com\/product\/yoast-seo-wordpress\/ -->\n<title>Testo Bolic | Nitro Pump | Muscle Growth | Combo Masa Muscular<\/title>\n<meta name=\"description\" content=\"Testo Bolic eleva los niveles de testo en el hombre. Nitro Pump es un poderoso vaso dilatador. Muscle Growth es un amino\u00e1cido que mejora la masa muscular.\" \/>\n<meta name=\"robots\" content=\"index, follow, max-snippet:-1, max-image-preview:large, max-video-preview:-1\" \/>\n<link rel=\"canonical\" href=\"https:\/\/www.demusculos.com\/web\/producto\/2-testo-bolic-1-nitro-pump-muscle-growth\/\" \/>\n<meta property=\"og:locale\" content=\"es_ES\" \/>\n<meta property=\"og:type\" content=\"article\" \/>\n<meta property=\"og:title\" content=\"Testo Bolic | Nitro Pump | Muscle Growth | Combo Masa Muscular\" \/>\n<meta property=\"og:description\" content=\"Testo Bolic eleva los niveles de testo en el hombre. Nitro Pump es un poderoso vaso dilatador. Muscle Growth es un amino\u00e1cido que mejora la masa muscular.\" \/>\n<meta property=\"og:url\" content=\"https:\/\/www.demusculos.com\/web\/producto\/2-testo-bolic-1-nitro-pump-muscle-growth\/\" \/>\n<meta property=\"og:site_name\" content=\"DeMusculos\" \/>\n<meta property=\"article:publisher\" content=\"https:\/\/www.facebook.com\/demusculos\" \/>\n<meta property=\"article:modified_time\" content=\"2026-03-29T23:56:01+00:00\" \/>\n<meta property=\"og:image\" content=\"https:\/\/www.demusculos.com\/web\/wp-content\/uploads\/2024\/12\/2-testo-bolic-1-nitro-pump-1-muscle-growth-genetic.jpg\" \/>\n\t<meta property=\"og:image:width\" content=\"1200\" \/>\n\t<meta property=\"og:image:height\" content=\"1200\" \/>\n\t<meta property=\"og:image:type\" content=\"image\/jpeg\" \/>\n<meta name=\"twitter:card\" content=\"summary_large_image\" \/>\n<meta name=\"twitter:site\" content=\"@demusculos\" \/>\n<meta name=\"twitter:label1\" content=\"Tiempo de lectura\" \/>\n\t<meta name=\"twitter:data1\" content=\"4 minutos\" \/>\n<script type=\"application\/ld+json\" class=\"yoast-schema-graph\">{\"@context\":\"https:\\\/\\\/schema.org\",\"@graph\":[{\"@type\":\"WebPage\",\"@id\":\"https:\\\/\\\/www.demusculos.com\\\/web\\\/producto\\\/2-testo-bolic-1-nitro-pump-muscle-growth\\\/\",\"url\":\"https:\\\/\\\/www.demusculos.com\\\/web\\\/producto\\\/2-testo-bolic-1-nitro-pump-muscle-growth\\\/\",\"name\":\"Testo Bolic | Nitro Pump | Muscle Growth | Combo Masa Muscular\",\"isPartOf\":{\"@id\":\"https:\\\/\\\/www.demusculos.com\\\/web\\\/#website\"},\"primaryImageOfPage\":{\"@id\":\"https:\\\/\\\/www.demusculos.com\\\/web\\\/producto\\\/2-testo-bolic-1-nitro-pump-muscle-growth\\\/#primaryimage\"},\"image\":{\"@id\":\"https:\\\/\\\/www.demusculos.com\\\/web\\\/producto\\\/2-testo-bolic-1-nitro-pump-muscle-growth\\\/#primaryimage\"},\"thumbnailUrl\":\"https:\\\/\\\/www.demusculos.com\\\/web\\\/wp-content\\\/uploads\\\/2024\\\/12\\\/2-testo-bolic-1-nitro-pump-1-muscle-growth-genetic.jpg\",\"datePublished\":\"2024-12-18T23:31:50+00:00\",\"dateModified\":\"2026-03-29T23:56:01+00:00\",\"description\":\"Testo Bolic eleva los niveles de testo en el hombre. Nitro Pump es un poderoso vaso dilatador. Muscle Growth es un amino\u00e1cido que mejora la masa muscular.\",\"breadcrumb\":{\"@id\":\"https:\\\/\\\/www.demusculos.com\\\/web\\\/producto\\\/2-testo-bolic-1-nitro-pump-muscle-growth\\\/#breadcrumb\"},\"inLanguage\":\"es\",\"potentialAction\":[{\"@type\":\"ReadAction\",\"target\":[\"https:\\\/\\\/www.demusculos.com\\\/web\\\/producto\\\/2-testo-bolic-1-nitro-pump-muscle-growth\\\/\"]}]},{\"@type\":\"ImageObject\",\"inLanguage\":\"es\",\"@id\":\"https:\\\/\\\/www.demusculos.com\\\/web\\\/producto\\\/2-testo-bolic-1-nitro-pump-muscle-growth\\\/#primaryimage\",\"url\":\"https:\\\/\\\/www.demusculos.com\\\/web\\\/wp-content\\\/uploads\\\/2024\\\/12\\\/2-testo-bolic-1-nitro-pump-1-muscle-growth-genetic.jpg\",\"contentUrl\":\"https:\\\/\\\/www.demusculos.com\\\/web\\\/wp-content\\\/uploads\\\/2024\\\/12\\\/2-testo-bolic-1-nitro-pump-1-muscle-growth-genetic.jpg\",\"width\":1200,\"height\":1200,\"caption\":\"Combo: 2 Testo Bolic + Nitro Pump + Muscle Growth\"},{\"@type\":\"BreadcrumbList\",\"@id\":\"https:\\\/\\\/www.demusculos.com\\\/web\\\/producto\\\/2-testo-bolic-1-nitro-pump-muscle-growth\\\/#breadcrumb\",\"itemListElement\":[{\"@type\":\"ListItem\",\"position\":1,\"name\":\"Inicio\",\"item\":\"https:\\\/\\\/www.demusculos.com\\\/web\\\/\"},{\"@type\":\"ListItem\",\"position\":2,\"name\":\"Suplementos\",\"item\":\"https:\\\/\\\/www.demusculos.com\\\/web\\\/tienda\\\/\"},{\"@type\":\"ListItem\",\"position\":3,\"name\":\"2 Testo Bolic + 1 Nitro Pump + 1 Muscle Growth\"}]},{\"@type\":\"WebSite\",\"@id\":\"https:\\\/\\\/www.demusculos.com\\\/web\\\/#website\",\"url\":\"https:\\\/\\\/www.demusculos.com\\\/web\\\/\",\"name\":\"DeMusculos.com\",\"description\":\"Suplementos Naturales\",\"publisher\":{\"@id\":\"https:\\\/\\\/www.demusculos.com\\\/web\\\/#organization\"},\"alternateName\":\"Suplementos Naturales\",\"potentialAction\":[{\"@type\":\"SearchAction\",\"target\":{\"@type\":\"EntryPoint\",\"urlTemplate\":\"https:\\\/\\\/www.demusculos.com\\\/web\\\/?s={search_term_string}\"},\"query-input\":{\"@type\":\"PropertyValueSpecification\",\"valueRequired\":true,\"valueName\":\"search_term_string\"}}],\"inLanguage\":\"es\"},{\"@type\":\"Organization\",\"@id\":\"https:\\\/\\\/www.demusculos.com\\\/web\\\/#organization\",\"name\":\"DeMusculos.com\",\"alternateName\":\"DeMusculos\",\"url\":\"https:\\\/\\\/www.demusculos.com\\\/web\\\/\",\"logo\":{\"@type\":\"ImageObject\",\"inLanguage\":\"es\",\"@id\":\"https:\\\/\\\/www.demusculos.com\\\/web\\\/#\\\/schema\\\/logo\\\/image\\\/\",\"url\":\"https:\\\/\\\/www.demusculos.com\\\/web\\\/wp-content\\\/uploads\\\/2024\\\/02\\\/logo-demusculos-prestashop-usuario.png\",\"contentUrl\":\"https:\\\/\\\/www.demusculos.com\\\/web\\\/wp-content\\\/uploads\\\/2024\\\/02\\\/logo-demusculos-prestashop-usuario.png\",\"width\":150,\"height\":150,\"caption\":\"DeMusculos.com\"},\"image\":{\"@id\":\"https:\\\/\\\/www.demusculos.com\\\/web\\\/#\\\/schema\\\/logo\\\/image\\\/\"},\"sameAs\":[\"https:\\\/\\\/www.facebook.com\\\/demusculos\",\"https:\\\/\\\/x.com\\\/demusculos\",\"https:\\\/\\\/www.instagram.com\\\/demusculos\",\"https:\\\/\\\/www.tiktok.com\\\/@demusculos.com\"]}]}<\/script>\n<!-- \/ Yoast SEO plugin. -->","yoast_head_json":{"title":"Testo Bolic | Nitro Pump | Muscle Growth | Combo Masa Muscular","description":"Testo Bolic eleva los niveles de testo en el hombre. Nitro Pump es un poderoso vaso dilatador. Muscle Growth es un amino\u00e1cido que mejora la masa muscular.","robots":{"index":"index","follow":"follow","max-snippet":"max-snippet:-1","max-image-preview":"max-image-preview:large","max-video-preview":"max-video-preview:-1"},"canonical":"https:\/\/www.demusculos.com\/web\/producto\/2-testo-bolic-1-nitro-pump-muscle-growth\/","og_locale":"es_ES","og_type":"article","og_title":"Testo Bolic | Nitro Pump | Muscle Growth | Combo Masa Muscular","og_description":"Testo Bolic eleva los niveles de testo en el hombre. Nitro Pump es un poderoso vaso dilatador. Muscle Growth es un amino\u00e1cido que mejora la masa muscular.","og_url":"https:\/\/www.demusculos.com\/web\/producto\/2-testo-bolic-1-nitro-pump-muscle-growth\/","og_site_name":"DeMusculos","article_publisher":"https:\/\/www.facebook.com\/demusculos","article_modified_time":"2026-03-29T23:56:01+00:00","og_image":[{"width":1200,"height":1200,"url":"https:\/\/www.demusculos.com\/web\/wp-content\/uploads\/2024\/12\/2-testo-bolic-1-nitro-pump-1-muscle-growth-genetic.jpg","type":"image\/jpeg"}],"twitter_card":"summary_large_image","twitter_site":"@demusculos","twitter_misc":{"Tiempo de lectura":"4 minutos"},"schema":{"@context":"https:\/\/schema.org","@graph":[{"@type":"WebPage","@id":"https:\/\/www.demusculos.com\/web\/producto\/2-testo-bolic-1-nitro-pump-muscle-growth\/","url":"https:\/\/www.demusculos.com\/web\/producto\/2-testo-bolic-1-nitro-pump-muscle-growth\/","name":"Testo Bolic | Nitro Pump | Muscle Growth | Combo Masa Muscular","isPartOf":{"@id":"https:\/\/www.demusculos.com\/web\/#website"},"primaryImageOfPage":{"@id":"https:\/\/www.demusculos.com\/web\/producto\/2-testo-bolic-1-nitro-pump-muscle-growth\/#primaryimage"},"image":{"@id":"https:\/\/www.demusculos.com\/web\/producto\/2-testo-bolic-1-nitro-pump-muscle-growth\/#primaryimage"},"thumbnailUrl":"https:\/\/www.demusculos.com\/web\/wp-content\/uploads\/2024\/12\/2-testo-bolic-1-nitro-pump-1-muscle-growth-genetic.jpg","datePublished":"2024-12-18T23:31:50+00:00","dateModified":"2026-03-29T23:56:01+00:00","description":"Testo Bolic eleva los niveles de testo en el hombre. Nitro Pump es un poderoso vaso dilatador. Muscle Growth es un amino\u00e1cido que mejora la masa muscular.","breadcrumb":{"@id":"https:\/\/www.demusculos.com\/web\/producto\/2-testo-bolic-1-nitro-pump-muscle-growth\/#breadcrumb"},"inLanguage":"es","potentialAction":[{"@type":"ReadAction","target":["https:\/\/www.demusculos.com\/web\/producto\/2-testo-bolic-1-nitro-pump-muscle-growth\/"]}]},{"@type":"ImageObject","inLanguage":"es","@id":"https:\/\/www.demusculos.com\/web\/producto\/2-testo-bolic-1-nitro-pump-muscle-growth\/#primaryimage","url":"https:\/\/www.demusculos.com\/web\/wp-content\/uploads\/2024\/12\/2-testo-bolic-1-nitro-pump-1-muscle-growth-genetic.jpg","contentUrl":"https:\/\/www.demusculos.com\/web\/wp-content\/uploads\/2024\/12\/2-testo-bolic-1-nitro-pump-1-muscle-growth-genetic.jpg","width":1200,"height":1200,"caption":"Combo: 2 Testo Bolic + Nitro Pump + Muscle Growth"},{"@type":"BreadcrumbList","@id":"https:\/\/www.demusculos.com\/web\/producto\/2-testo-bolic-1-nitro-pump-muscle-growth\/#breadcrumb","itemListElement":[{"@type":"ListItem","position":1,"name":"Inicio","item":"https:\/\/www.demusculos.com\/web\/"},{"@type":"ListItem","position":2,"name":"Suplementos","item":"https:\/\/www.demusculos.com\/web\/tienda\/"},{"@type":"ListItem","position":3,"name":"2 Testo Bolic + 1 Nitro Pump + 1 Muscle Growth"}]},{"@type":"WebSite","@id":"https:\/\/www.demusculos.com\/web\/#website","url":"https:\/\/www.demusculos.com\/web\/","name":"DeMusculos.com","description":"Suplementos Naturales","publisher":{"@id":"https:\/\/www.demusculos.com\/web\/#organization"},"alternateName":"Suplementos Naturales","potentialAction":[{"@type":"SearchAction","target":{"@type":"EntryPoint","urlTemplate":"https:\/\/www.demusculos.com\/web\/?s={search_term_string}"},"query-input":{"@type":"PropertyValueSpecification","valueRequired":true,"valueName":"search_term_string"}}],"inLanguage":"es"},{"@type":"Organization","@id":"https:\/\/www.demusculos.com\/web\/#organization","name":"DeMusculos.com","alternateName":"DeMusculos","url":"https:\/\/www.demusculos.com\/web\/","logo":{"@type":"ImageObject","inLanguage":"es","@id":"https:\/\/www.demusculos.com\/web\/#\/schema\/logo\/image\/","url":"https:\/\/www.demusculos.com\/web\/wp-content\/uploads\/2024\/02\/logo-demusculos-prestashop-usuario.png","contentUrl":"https:\/\/www.demusculos.com\/web\/wp-content\/uploads\/2024\/02\/logo-demusculos-prestashop-usuario.png","width":150,"height":150,"caption":"DeMusculos.com"},"image":{"@id":"https:\/\/www.demusculos.com\/web\/#\/schema\/logo\/image\/"},"sameAs":["https:\/\/www.facebook.com\/demusculos","https:\/\/x.com\/demusculos","https:\/\/www.instagram.com\/demusculos","https:\/\/www.tiktok.com\/@demusculos.com"]}]}},"_links":{"self":[{"href":"https:\/\/www.demusculos.com\/web\/wp-json\/wp\/v2\/product\/8412","targetHints":{"allow":["GET"]}}],"collection":[{"href":"https:\/\/www.demusculos.com\/web\/wp-json\/wp\/v2\/product"}],"about":[{"href":"https:\/\/www.demusculos.com\/web\/wp-json\/wp\/v2\/types\/product"}],"replies":[{"embeddable":true,"href":"https:\/\/www.demusculos.com\/web\/wp-json\/wp\/v2\/comments?post=8412"}],"wp:featuredmedia":[{"embeddable":true,"href":"https:\/\/www.demusculos.com\/web\/wp-json\/wp\/v2\/media\/8413"}],"wp:attachment":[{"href":"https:\/\/www.demusculos.com\/web\/wp-json\/wp\/v2\/media?parent=8412"}],"wp:term":[{"taxonomy":"product_brand","embeddable":true,"href":"https:\/\/www.demusculos.com\/web\/wp-json\/wp\/v2\/product_brand?post=8412"},{"taxonomy":"product_cat","embeddable":true,"href":"https:\/\/www.demusculos.com\/web\/wp-json\/wp\/v2\/product_cat?post=8412"},{"taxonomy":"product_tag","embeddable":true,"href":"https:\/\/www.demusculos.com\/web\/wp-json\/wp\/v2\/product_tag?post=8412"}],"curies":[{"name":"wp","href":"https:\/\/api.w.org\/{rel}","templated":true}]}}