{"id":9324,"date":"2025-02-13T18:33:27","date_gmt":"2025-02-13T21:33:27","guid":{"rendered":"https:\/\/www.demusculos.com\/web\/?post_type=product&#038;p=9324"},"modified":"2026-03-15T20:40:55","modified_gmt":"2026-03-15T23:40:55","slug":"animal-power-300-grs-genetic-sport-pak-de-entrenamiento-con-aminos-vitaminas-y-minerales","status":"publish","type":"product","link":"https:\/\/www.demusculos.com\/web\/producto\/animal-power-300-grs-genetic-sport-pak-de-entrenamiento-con-aminos-vitaminas-y-minerales\/","title":{"rendered":"Animal Power 300 grs Genetic Sport Pak de entrenamiento con aminos, vitaminas y minerales"},"content":{"rendered":"<h2>Animal Power<\/h2>\n<p>Animal Power es un pack de entrenamiento ideal para los que quieren energ\u00eda, recuperaci\u00f3n, rendimiento y aumento de masa muscular, tono muscular y nutrici\u00f3n total.<\/p>\n<figure id=\"attachment_255\" aria-describedby=\"caption-attachment-255\" style=\"width: 446px\" class=\"wp-caption alignnone\"><img decoding=\"async\" class=\"size-full wp-image-255\" src=\"https:\/\/www.demusculos.com\/web\/wp-content\/uploads\/2024\/02\/logo-genetic-sport-nutrition.png\" alt=\"Genetic Sport Nutrition: Suplementos Naturales\" width=\"446\" height=\"103\" srcset=\"https:\/\/www.demusculos.com\/web\/wp-content\/uploads\/2024\/02\/logo-genetic-sport-nutrition.png 446w, https:\/\/www.demusculos.com\/web\/wp-content\/uploads\/2024\/02\/logo-genetic-sport-nutrition-300x69.png 300w, https:\/\/www.demusculos.com\/web\/wp-content\/uploads\/2024\/02\/logo-genetic-sport-nutrition-150x35.png 150w, https:\/\/www.demusculos.com\/web\/wp-content\/uploads\/2024\/02\/logo-genetic-sport-nutrition-416x96.png 416w\" sizes=\"(max-width: 446px) 100vw, 446px\" \/><figcaption id=\"caption-attachment-255\" class=\"wp-caption-text\">Suplementaci\u00f3n natural deportiva: Genetic Sport Nutrition<\/figcaption><\/figure>\n<p><img fetchpriority=\"high\" decoding=\"async\" class=\"alignnone size-full wp-image-9330\" src=\"https:\/\/www.demusculos.com\/web\/wp-content\/uploads\/2025\/02\/animal-power-300-grs-genetic-1.jpg\" alt=\"Animal Power de Genetic\" width=\"1080\" height=\"1080\" srcset=\"https:\/\/www.demusculos.com\/web\/wp-content\/uploads\/2025\/02\/animal-power-300-grs-genetic-1.jpg 1080w, https:\/\/www.demusculos.com\/web\/wp-content\/uploads\/2025\/02\/animal-power-300-grs-genetic-1-300x300.jpg 300w, https:\/\/www.demusculos.com\/web\/wp-content\/uploads\/2025\/02\/animal-power-300-grs-genetic-1-150x150.jpg 150w, https:\/\/www.demusculos.com\/web\/wp-content\/uploads\/2025\/02\/animal-power-300-grs-genetic-1-800x800.jpg 800w, https:\/\/www.demusculos.com\/web\/wp-content\/uploads\/2025\/02\/animal-power-300-grs-genetic-1-1024x1024.jpg 1024w, https:\/\/www.demusculos.com\/web\/wp-content\/uploads\/2025\/02\/animal-power-300-grs-genetic-1-768x768.jpg 768w\" sizes=\"(max-width: 1080px) 100vw, 1080px\" \/><\/p>\n<h2>\u00bfQue es Animal Power?<\/h2>\n<p>Pote de 300 gramos &#8211; 25 servicios<\/p>\n<p>Es un suplemento polivitam\u00ednico mineral enzim\u00e1tico a base de minerales: calcio y magnesio; vitaminas: B1, B2, B6, D y C; amino\u00e1cidos esenciales y no esenciales: leucina, isoleucina, valina, beta alanina y citrulina; extractos naturales: guaran\u00e1 y ginseng; enzimas: papa\u00edna y pepsina. Formulado para estimular el crecimiento muscular, mejorar la definici\u00f3n y acelerar la recuperaci\u00f3n, es un complemento indispensable para quienes llevan adelante un plan de entrenamiento intensivo que requiere de una mayor dosis de fuerza y energ\u00eda.<\/p>\n<p>MODO DE USO<br \/>\nMezclar 12 gramos (2 cucharadas de t\u00e9) con 200 cc de agua fresca.<\/p>\n<p><img decoding=\"async\" class=\"alignnone size-full wp-image-9331\" src=\"https:\/\/www.demusculos.com\/web\/wp-content\/uploads\/2025\/02\/animal-power-300-grs-genetic-2.jpg\" alt=\"Animal Power de Genetic\" width=\"1080\" height=\"1080\" srcset=\"https:\/\/www.demusculos.com\/web\/wp-content\/uploads\/2025\/02\/animal-power-300-grs-genetic-2.jpg 1080w, https:\/\/www.demusculos.com\/web\/wp-content\/uploads\/2025\/02\/animal-power-300-grs-genetic-2-300x300.jpg 300w, https:\/\/www.demusculos.com\/web\/wp-content\/uploads\/2025\/02\/animal-power-300-grs-genetic-2-150x150.jpg 150w, https:\/\/www.demusculos.com\/web\/wp-content\/uploads\/2025\/02\/animal-power-300-grs-genetic-2-800x800.jpg 800w, https:\/\/www.demusculos.com\/web\/wp-content\/uploads\/2025\/02\/animal-power-300-grs-genetic-2-1024x1024.jpg 1024w, https:\/\/www.demusculos.com\/web\/wp-content\/uploads\/2025\/02\/animal-power-300-grs-genetic-2-768x768.jpg 768w\" sizes=\"(max-width: 1080px) 100vw, 1080px\" \/><\/p>\n<p data-start=\"0\" data-end=\"303\">Los multivitam\u00ednicos que contienen <strong data-start=\"35\" data-end=\"129\">guaran\u00e1, ginseng, L-citrulina, beta-alanina, BCAA y enzimas digestivas (papa\u00edna y pepsina)<\/strong> ofrecen una combinaci\u00f3n poderosa de beneficios para la salud, el rendimiento deportivo y la recuperaci\u00f3n muscular. Aqu\u00ed te dejo algunos de sus principales efectos positivos:<\/p>\n<h2 data-start=\"0\" data-end=\"303\">Beneficios de Animal Power<\/h2>\n<h3 data-start=\"305\" data-end=\"353\"><strong data-start=\"309\" data-end=\"351\">1. Aumento de la energ\u00eda y resistencia<\/strong><\/h3>\n<ul data-start=\"354\" data-end=\"672\">\n<li data-start=\"354\" data-end=\"507\"><strong data-start=\"356\" data-end=\"377\">Guaran\u00e1 y Ginseng<\/strong>: Son estimulantes naturales que mejoran la concentraci\u00f3n, reducen la fatiga y aumentan la resistencia en entrenamientos largos.<\/li>\n<li data-start=\"508\" data-end=\"672\"><strong data-start=\"510\" data-end=\"526\">Beta-Alanina<\/strong>: Ayuda a reducir la acumulaci\u00f3n de \u00e1cido l\u00e1ctico en los m\u00fasculos, retrasando la fatiga y permitiendo entrenamientos m\u00e1s intensos y prolongados.<\/li>\n<\/ul>\n<h3 data-start=\"674\" data-end=\"718\"><strong data-start=\"678\" data-end=\"716\">2. Mejora del rendimiento muscular<\/strong><\/h3>\n<ul data-start=\"719\" data-end=\"1086\">\n<li data-start=\"719\" data-end=\"892\"><strong data-start=\"721\" data-end=\"736\">L-Citrulina<\/strong>: Es un vasodilatador que mejora la circulaci\u00f3n sangu\u00ednea y el transporte de ox\u00edgeno y nutrientes a los m\u00fasculos, optimizando su desempe\u00f1o y recuperaci\u00f3n.<\/li>\n<li data-start=\"893\" data-end=\"1086\"><strong data-start=\"895\" data-end=\"934\">BCAA (Leucina, Isoleucina y Valina)<\/strong>: Son amino\u00e1cidos esenciales que favorecen la s\u00edntesis de prote\u00ednas, reducen el catabolismo muscular y aceleran la recuperaci\u00f3n despu\u00e9s del ejercicio.<\/li>\n<\/ul>\n<p><img loading=\"lazy\" decoding=\"async\" class=\"alignnone wp-image-9334 size-full\" title=\"Animal Power - Informaci\u00f3n Nutricional\" src=\"https:\/\/www.demusculos.com\/web\/wp-content\/uploads\/2025\/02\/animal-power-300-grs-genetic-5.jpg\" alt=\"Informaci\u00f3n nutricional del producto\" width=\"1080\" height=\"1080\" srcset=\"https:\/\/www.demusculos.com\/web\/wp-content\/uploads\/2025\/02\/animal-power-300-grs-genetic-5.jpg 1080w, https:\/\/www.demusculos.com\/web\/wp-content\/uploads\/2025\/02\/animal-power-300-grs-genetic-5-300x300.jpg 300w, https:\/\/www.demusculos.com\/web\/wp-content\/uploads\/2025\/02\/animal-power-300-grs-genetic-5-150x150.jpg 150w, https:\/\/www.demusculos.com\/web\/wp-content\/uploads\/2025\/02\/animal-power-300-grs-genetic-5-800x800.jpg 800w, https:\/\/www.demusculos.com\/web\/wp-content\/uploads\/2025\/02\/animal-power-300-grs-genetic-5-1024x1024.jpg 1024w, https:\/\/www.demusculos.com\/web\/wp-content\/uploads\/2025\/02\/animal-power-300-grs-genetic-5-768x768.jpg 768w\" sizes=\"(max-width: 1080px) 100vw, 1080px\" \/><\/p>\n<p>Ver nota sobre el producto: <a href=\"https:\/\/www.demusculos.com\/contenidos\/animal-power-genetic-suplemento-vitaminico\/\">Animal Power de Genetic: Potencia tu rendimiento al m\u00e1ximo<\/a><\/p>\n<h3 data-start=\"1088\" data-end=\"1141\"><strong data-start=\"1092\" data-end=\"1139\">3. Optimizaci\u00f3n de la recuperaci\u00f3n muscular<\/strong><\/h3>\n<ul data-start=\"1142\" data-end=\"1438\">\n<li data-start=\"1142\" data-end=\"1288\"><strong data-start=\"1144\" data-end=\"1152\">BCAA<\/strong>: Favorecen la reparaci\u00f3n de las fibras musculares despu\u00e9s de un entrenamiento intenso, reduciendo el dolor post-entrenamiento (DOMS).<\/li>\n<li data-start=\"1289\" data-end=\"1438\"><strong data-start=\"1291\" data-end=\"1306\">L-Citrulina<\/strong>: Contribuye a eliminar el amon\u00edaco y otros productos de desecho del metabolismo muscular, ayudando a una recuperaci\u00f3n m\u00e1s r\u00e1pida.<\/li>\n<\/ul>\n<h3 data-start=\"1440\" data-end=\"1509\"><strong data-start=\"1444\" data-end=\"1507\">4. Refuerzo del sistema inmunol\u00f3gico y reducci\u00f3n del estr\u00e9s<\/strong><\/h3>\n<ul data-start=\"1510\" data-end=\"1764\">\n<li data-start=\"1510\" data-end=\"1630\"><strong data-start=\"1512\" data-end=\"1523\">Ginseng<\/strong>: Act\u00faa como un adapt\u00f3geno, reduciendo el estr\u00e9s f\u00edsico y mental, adem\u00e1s de fortalecer el sistema inmune.<\/li>\n<li data-start=\"1631\" data-end=\"1764\"><strong data-start=\"1633\" data-end=\"1644\">Guaran\u00e1<\/strong>: Contiene antioxidantes que combaten los radicales libres y reducen el da\u00f1o celular causado por el ejercicio intenso.<\/li>\n<\/ul>\n<h3 data-start=\"1766\" data-end=\"1827\"><strong data-start=\"1770\" data-end=\"1825\">5. Mejora de la digesti\u00f3n y absorci\u00f3n de nutrientes<\/strong><\/h3>\n<ul data-start=\"1828\" data-end=\"2064\">\n<li data-start=\"1828\" data-end=\"2064\"><strong data-start=\"1830\" data-end=\"1851\">Papa\u00edna y Pepsina<\/strong>: Son enzimas digestivas que facilitan la descomposici\u00f3n de prote\u00ednas y otros macronutrientes, optimizando su absorci\u00f3n y utilizaci\u00f3n por el cuerpo. Esto mejora la digesti\u00f3n y evita molestias gastrointestinales.<\/li>\n<\/ul>\n<p><img loading=\"lazy\" decoding=\"async\" class=\"alignnone wp-image-9333 size-full\" src=\"https:\/\/www.demusculos.com\/web\/wp-content\/uploads\/2025\/02\/animal-power-300-grs-genetic-4.jpg\" alt=\"El Produto tiene Guaran\u00e1, Vitamina C y Calcio.\" width=\"1080\" height=\"1080\" srcset=\"https:\/\/www.demusculos.com\/web\/wp-content\/uploads\/2025\/02\/animal-power-300-grs-genetic-4.jpg 1080w, https:\/\/www.demusculos.com\/web\/wp-content\/uploads\/2025\/02\/animal-power-300-grs-genetic-4-300x300.jpg 300w, https:\/\/www.demusculos.com\/web\/wp-content\/uploads\/2025\/02\/animal-power-300-grs-genetic-4-150x150.jpg 150w, https:\/\/www.demusculos.com\/web\/wp-content\/uploads\/2025\/02\/animal-power-300-grs-genetic-4-800x800.jpg 800w, https:\/\/www.demusculos.com\/web\/wp-content\/uploads\/2025\/02\/animal-power-300-grs-genetic-4-1024x1024.jpg 1024w, https:\/\/www.demusculos.com\/web\/wp-content\/uploads\/2025\/02\/animal-power-300-grs-genetic-4-768x768.jpg 768w\" sizes=\"(max-width: 1080px) 100vw, 1080px\" \/><\/p>\n<h3 data-start=\"2066\" data-end=\"2139\"><strong data-start=\"2070\" data-end=\"2137\">6. Soporte para la s\u00edntesis de prote\u00ednas y crecimiento muscular<\/strong><\/h3>\n<ul data-start=\"2140\" data-end=\"2290\">\n<li data-start=\"2140\" data-end=\"2290\"><strong data-start=\"2142\" data-end=\"2165\">BCAA y Beta-Alanina<\/strong>: Impulsan la producci\u00f3n de prote\u00ednas musculares, permitiendo una mejor ganancia de masa muscular y recuperaci\u00f3n eficiente.<\/li>\n<\/ul>\n<h3 data-start=\"2292\" data-end=\"2342\"><strong data-start=\"2296\" data-end=\"2340\">7. Equilibrio metab\u00f3lico y salud general<\/strong><\/h3>\n<ul data-start=\"2343\" data-end=\"2490\">\n<li data-start=\"2343\" data-end=\"2490\"><strong data-start=\"2345\" data-end=\"2370\">Vitaminas y Minerales<\/strong>: Apoyan funciones clave como el metabolismo energ\u00e9tico, la s\u00edntesis hormonal y el mantenimiento del sistema nervioso.<\/li>\n<\/ul>\n<p data-start=\"2492\" data-end=\"2795\" data-is-last-node=\"\">En resumen, los multivitam\u00ednicos que combinan estos ingredientes ofrecen <strong data-start=\"2565\" data-end=\"2661\">energ\u00eda sostenida, resistencia, recuperaci\u00f3n r\u00e1pida, apoyo digestivo y equilibrio metab\u00f3lico<\/strong>, lo que los convierte en una excelente opci\u00f3n para deportistas y personas activas que buscan <strong data-start=\"2755\" data-end=\"2789\">m\u00e1ximo rendimiento y bienestar<\/strong>.<\/p>\n<p><img loading=\"lazy\" decoding=\"async\" class=\"alignnone wp-image-9332 size-full\" title=\"Animal Power tiene...\" src=\"https:\/\/www.demusculos.com\/web\/wp-content\/uploads\/2025\/02\/animal-power-300-grs-genetic-3.jpg\" alt=\"Estos son algunos de los ingredientes que tiene el producto.\" width=\"1080\" height=\"1080\" srcset=\"https:\/\/www.demusculos.com\/web\/wp-content\/uploads\/2025\/02\/animal-power-300-grs-genetic-3.jpg 1080w, https:\/\/www.demusculos.com\/web\/wp-content\/uploads\/2025\/02\/animal-power-300-grs-genetic-3-300x300.jpg 300w, https:\/\/www.demusculos.com\/web\/wp-content\/uploads\/2025\/02\/animal-power-300-grs-genetic-3-150x150.jpg 150w, https:\/\/www.demusculos.com\/web\/wp-content\/uploads\/2025\/02\/animal-power-300-grs-genetic-3-800x800.jpg 800w, https:\/\/www.demusculos.com\/web\/wp-content\/uploads\/2025\/02\/animal-power-300-grs-genetic-3-1024x1024.jpg 1024w, https:\/\/www.demusculos.com\/web\/wp-content\/uploads\/2025\/02\/animal-power-300-grs-genetic-3-768x768.jpg 768w\" sizes=\"(max-width: 1080px) 100vw, 1080px\" \/><\/p>\n","protected":false},"excerpt":{"rendered":"<p>Un pack ideal para poder potenciar tu entrenamiento, mejorar tu nutrici\u00f3n general y aumentar tu masa muscular.<\/p>\n","protected":false},"featured_media":9325,"comment_status":"closed","ping_status":"closed","template":"","meta":[],"product_brand":[236],"product_cat":[37],"product_tag":[43],"class_list":{"0":"post-9324","1":"product","2":"type-product","3":"status-publish","4":"has-post-thumbnail","6":"product_brand-genetic-sport","7":"product_cat-vitaminas-y-minierales","8":"product_tag-genetic-sport","10":"first","11":"outofstock","12":"sale","13":"shipping-taxable","14":"purchasable","15":"product-type-simple"},"yoast_head":"<!-- This site is optimized with the Yoast SEO plugin v27.4 - https:\/\/yoast.com\/product\/yoast-seo-wordpress\/ -->\n<title>Animal Power | 300 grs | Genetic Sport | DeMusculos.com<\/title>\n<meta name=\"description\" content=\"Animal Power es un producto que lo tiene todo para poder aumentar rendimiento, generar m\u00e1s energ\u00eda y aumentar la recuperaci\u00f3n muscular.\" \/>\n<meta name=\"robots\" content=\"index, follow, max-snippet:-1, max-image-preview:large, max-video-preview:-1\" \/>\n<link rel=\"canonical\" href=\"https:\/\/www.demusculos.com\/web\/producto\/animal-power-300-grs-genetic-sport-pak-de-entrenamiento-con-aminos-vitaminas-y-minerales\/\" \/>\n<meta property=\"og:locale\" content=\"es_ES\" \/>\n<meta property=\"og:type\" content=\"article\" \/>\n<meta property=\"og:title\" content=\"Animal Power | 300 grs | Genetic Sport | DeMusculos.com\" \/>\n<meta property=\"og:description\" content=\"Animal Power es un producto que lo tiene todo para poder aumentar rendimiento, generar m\u00e1s energ\u00eda y aumentar la recuperaci\u00f3n muscular.\" \/>\n<meta property=\"og:url\" content=\"https:\/\/www.demusculos.com\/web\/producto\/animal-power-300-grs-genetic-sport-pak-de-entrenamiento-con-aminos-vitaminas-y-minerales\/\" \/>\n<meta property=\"og:site_name\" content=\"DeMusculos\" \/>\n<meta property=\"article:publisher\" content=\"https:\/\/www.facebook.com\/demusculos\" \/>\n<meta property=\"article:modified_time\" content=\"2026-03-15T23:40:55+00:00\" \/>\n<meta property=\"og:image\" content=\"https:\/\/www.demusculos.com\/web\/wp-content\/uploads\/2025\/02\/animal-power-genetic-300-grs-x1.jpg\" \/>\n\t<meta property=\"og:image:width\" content=\"1200\" \/>\n\t<meta property=\"og:image:height\" content=\"1200\" \/>\n\t<meta property=\"og:image:type\" content=\"image\/jpeg\" \/>\n<meta name=\"twitter:card\" content=\"summary_large_image\" \/>\n<meta name=\"twitter:site\" content=\"@demusculos\" \/>\n<meta name=\"twitter:label1\" content=\"Tiempo de lectura\" \/>\n\t<meta name=\"twitter:data1\" content=\"4 minutos\" \/>\n<script type=\"application\/ld+json\" class=\"yoast-schema-graph\">{\"@context\":\"https:\\\/\\\/schema.org\",\"@graph\":[{\"@type\":\"WebPage\",\"@id\":\"https:\\\/\\\/www.demusculos.com\\\/web\\\/producto\\\/animal-power-300-grs-genetic-sport-pak-de-entrenamiento-con-aminos-vitaminas-y-minerales\\\/\",\"url\":\"https:\\\/\\\/www.demusculos.com\\\/web\\\/producto\\\/animal-power-300-grs-genetic-sport-pak-de-entrenamiento-con-aminos-vitaminas-y-minerales\\\/\",\"name\":\"Animal Power | 300 grs | Genetic Sport | DeMusculos.com\",\"isPartOf\":{\"@id\":\"https:\\\/\\\/www.demusculos.com\\\/web\\\/#website\"},\"primaryImageOfPage\":{\"@id\":\"https:\\\/\\\/www.demusculos.com\\\/web\\\/producto\\\/animal-power-300-grs-genetic-sport-pak-de-entrenamiento-con-aminos-vitaminas-y-minerales\\\/#primaryimage\"},\"image\":{\"@id\":\"https:\\\/\\\/www.demusculos.com\\\/web\\\/producto\\\/animal-power-300-grs-genetic-sport-pak-de-entrenamiento-con-aminos-vitaminas-y-minerales\\\/#primaryimage\"},\"thumbnailUrl\":\"https:\\\/\\\/www.demusculos.com\\\/web\\\/wp-content\\\/uploads\\\/2025\\\/02\\\/animal-power-genetic-300-grs-x1.jpg\",\"datePublished\":\"2025-02-13T21:33:27+00:00\",\"dateModified\":\"2026-03-15T23:40:55+00:00\",\"description\":\"Animal Power es un producto que lo tiene todo para poder aumentar rendimiento, generar m\u00e1s energ\u00eda y aumentar la recuperaci\u00f3n muscular.\",\"breadcrumb\":{\"@id\":\"https:\\\/\\\/www.demusculos.com\\\/web\\\/producto\\\/animal-power-300-grs-genetic-sport-pak-de-entrenamiento-con-aminos-vitaminas-y-minerales\\\/#breadcrumb\"},\"inLanguage\":\"es\",\"potentialAction\":[{\"@type\":\"ReadAction\",\"target\":[\"https:\\\/\\\/www.demusculos.com\\\/web\\\/producto\\\/animal-power-300-grs-genetic-sport-pak-de-entrenamiento-con-aminos-vitaminas-y-minerales\\\/\"]}]},{\"@type\":\"ImageObject\",\"inLanguage\":\"es\",\"@id\":\"https:\\\/\\\/www.demusculos.com\\\/web\\\/producto\\\/animal-power-300-grs-genetic-sport-pak-de-entrenamiento-con-aminos-vitaminas-y-minerales\\\/#primaryimage\",\"url\":\"https:\\\/\\\/www.demusculos.com\\\/web\\\/wp-content\\\/uploads\\\/2025\\\/02\\\/animal-power-genetic-300-grs-x1.jpg\",\"contentUrl\":\"https:\\\/\\\/www.demusculos.com\\\/web\\\/wp-content\\\/uploads\\\/2025\\\/02\\\/animal-power-genetic-300-grs-x1.jpg\",\"width\":1200,\"height\":1200,\"caption\":\"Animal Power de Genetic Sport\"},{\"@type\":\"BreadcrumbList\",\"@id\":\"https:\\\/\\\/www.demusculos.com\\\/web\\\/producto\\\/animal-power-300-grs-genetic-sport-pak-de-entrenamiento-con-aminos-vitaminas-y-minerales\\\/#breadcrumb\",\"itemListElement\":[{\"@type\":\"ListItem\",\"position\":1,\"name\":\"Inicio\",\"item\":\"https:\\\/\\\/www.demusculos.com\\\/web\\\/\"},{\"@type\":\"ListItem\",\"position\":2,\"name\":\"Suplementos\",\"item\":\"https:\\\/\\\/www.demusculos.com\\\/web\\\/tienda\\\/\"},{\"@type\":\"ListItem\",\"position\":3,\"name\":\"Animal Power 300 grs Genetic Sport Pak de entrenamiento con aminos, vitaminas y minerales\"}]},{\"@type\":\"WebSite\",\"@id\":\"https:\\\/\\\/www.demusculos.com\\\/web\\\/#website\",\"url\":\"https:\\\/\\\/www.demusculos.com\\\/web\\\/\",\"name\":\"DeMusculos.com\",\"description\":\"Suplementos Naturales\",\"publisher\":{\"@id\":\"https:\\\/\\\/www.demusculos.com\\\/web\\\/#organization\"},\"alternateName\":\"Suplementos Naturales\",\"potentialAction\":[{\"@type\":\"SearchAction\",\"target\":{\"@type\":\"EntryPoint\",\"urlTemplate\":\"https:\\\/\\\/www.demusculos.com\\\/web\\\/?s={search_term_string}\"},\"query-input\":{\"@type\":\"PropertyValueSpecification\",\"valueRequired\":true,\"valueName\":\"search_term_string\"}}],\"inLanguage\":\"es\"},{\"@type\":\"Organization\",\"@id\":\"https:\\\/\\\/www.demusculos.com\\\/web\\\/#organization\",\"name\":\"DeMusculos.com\",\"alternateName\":\"DeMusculos\",\"url\":\"https:\\\/\\\/www.demusculos.com\\\/web\\\/\",\"logo\":{\"@type\":\"ImageObject\",\"inLanguage\":\"es\",\"@id\":\"https:\\\/\\\/www.demusculos.com\\\/web\\\/#\\\/schema\\\/logo\\\/image\\\/\",\"url\":\"https:\\\/\\\/www.demusculos.com\\\/web\\\/wp-content\\\/uploads\\\/2024\\\/02\\\/logo-demusculos-prestashop-usuario.png\",\"contentUrl\":\"https:\\\/\\\/www.demusculos.com\\\/web\\\/wp-content\\\/uploads\\\/2024\\\/02\\\/logo-demusculos-prestashop-usuario.png\",\"width\":150,\"height\":150,\"caption\":\"DeMusculos.com\"},\"image\":{\"@id\":\"https:\\\/\\\/www.demusculos.com\\\/web\\\/#\\\/schema\\\/logo\\\/image\\\/\"},\"sameAs\":[\"https:\\\/\\\/www.facebook.com\\\/demusculos\",\"https:\\\/\\\/x.com\\\/demusculos\",\"https:\\\/\\\/www.instagram.com\\\/demusculos\",\"https:\\\/\\\/www.tiktok.com\\\/@demusculos.com\"]}]}<\/script>\n<!-- \/ Yoast SEO plugin. -->","yoast_head_json":{"title":"Animal Power | 300 grs | Genetic Sport | DeMusculos.com","description":"Animal Power es un producto que lo tiene todo para poder aumentar rendimiento, generar m\u00e1s energ\u00eda y aumentar la recuperaci\u00f3n muscular.","robots":{"index":"index","follow":"follow","max-snippet":"max-snippet:-1","max-image-preview":"max-image-preview:large","max-video-preview":"max-video-preview:-1"},"canonical":"https:\/\/www.demusculos.com\/web\/producto\/animal-power-300-grs-genetic-sport-pak-de-entrenamiento-con-aminos-vitaminas-y-minerales\/","og_locale":"es_ES","og_type":"article","og_title":"Animal Power | 300 grs | Genetic Sport | DeMusculos.com","og_description":"Animal Power es un producto que lo tiene todo para poder aumentar rendimiento, generar m\u00e1s energ\u00eda y aumentar la recuperaci\u00f3n muscular.","og_url":"https:\/\/www.demusculos.com\/web\/producto\/animal-power-300-grs-genetic-sport-pak-de-entrenamiento-con-aminos-vitaminas-y-minerales\/","og_site_name":"DeMusculos","article_publisher":"https:\/\/www.facebook.com\/demusculos","article_modified_time":"2026-03-15T23:40:55+00:00","og_image":[{"width":1200,"height":1200,"url":"https:\/\/www.demusculos.com\/web\/wp-content\/uploads\/2025\/02\/animal-power-genetic-300-grs-x1.jpg","type":"image\/jpeg"}],"twitter_card":"summary_large_image","twitter_site":"@demusculos","twitter_misc":{"Tiempo de lectura":"4 minutos"},"schema":{"@context":"https:\/\/schema.org","@graph":[{"@type":"WebPage","@id":"https:\/\/www.demusculos.com\/web\/producto\/animal-power-300-grs-genetic-sport-pak-de-entrenamiento-con-aminos-vitaminas-y-minerales\/","url":"https:\/\/www.demusculos.com\/web\/producto\/animal-power-300-grs-genetic-sport-pak-de-entrenamiento-con-aminos-vitaminas-y-minerales\/","name":"Animal Power | 300 grs | Genetic Sport | DeMusculos.com","isPartOf":{"@id":"https:\/\/www.demusculos.com\/web\/#website"},"primaryImageOfPage":{"@id":"https:\/\/www.demusculos.com\/web\/producto\/animal-power-300-grs-genetic-sport-pak-de-entrenamiento-con-aminos-vitaminas-y-minerales\/#primaryimage"},"image":{"@id":"https:\/\/www.demusculos.com\/web\/producto\/animal-power-300-grs-genetic-sport-pak-de-entrenamiento-con-aminos-vitaminas-y-minerales\/#primaryimage"},"thumbnailUrl":"https:\/\/www.demusculos.com\/web\/wp-content\/uploads\/2025\/02\/animal-power-genetic-300-grs-x1.jpg","datePublished":"2025-02-13T21:33:27+00:00","dateModified":"2026-03-15T23:40:55+00:00","description":"Animal Power es un producto que lo tiene todo para poder aumentar rendimiento, generar m\u00e1s energ\u00eda y aumentar la recuperaci\u00f3n muscular.","breadcrumb":{"@id":"https:\/\/www.demusculos.com\/web\/producto\/animal-power-300-grs-genetic-sport-pak-de-entrenamiento-con-aminos-vitaminas-y-minerales\/#breadcrumb"},"inLanguage":"es","potentialAction":[{"@type":"ReadAction","target":["https:\/\/www.demusculos.com\/web\/producto\/animal-power-300-grs-genetic-sport-pak-de-entrenamiento-con-aminos-vitaminas-y-minerales\/"]}]},{"@type":"ImageObject","inLanguage":"es","@id":"https:\/\/www.demusculos.com\/web\/producto\/animal-power-300-grs-genetic-sport-pak-de-entrenamiento-con-aminos-vitaminas-y-minerales\/#primaryimage","url":"https:\/\/www.demusculos.com\/web\/wp-content\/uploads\/2025\/02\/animal-power-genetic-300-grs-x1.jpg","contentUrl":"https:\/\/www.demusculos.com\/web\/wp-content\/uploads\/2025\/02\/animal-power-genetic-300-grs-x1.jpg","width":1200,"height":1200,"caption":"Animal Power de Genetic Sport"},{"@type":"BreadcrumbList","@id":"https:\/\/www.demusculos.com\/web\/producto\/animal-power-300-grs-genetic-sport-pak-de-entrenamiento-con-aminos-vitaminas-y-minerales\/#breadcrumb","itemListElement":[{"@type":"ListItem","position":1,"name":"Inicio","item":"https:\/\/www.demusculos.com\/web\/"},{"@type":"ListItem","position":2,"name":"Suplementos","item":"https:\/\/www.demusculos.com\/web\/tienda\/"},{"@type":"ListItem","position":3,"name":"Animal Power 300 grs Genetic Sport Pak de entrenamiento con aminos, vitaminas y minerales"}]},{"@type":"WebSite","@id":"https:\/\/www.demusculos.com\/web\/#website","url":"https:\/\/www.demusculos.com\/web\/","name":"DeMusculos.com","description":"Suplementos Naturales","publisher":{"@id":"https:\/\/www.demusculos.com\/web\/#organization"},"alternateName":"Suplementos Naturales","potentialAction":[{"@type":"SearchAction","target":{"@type":"EntryPoint","urlTemplate":"https:\/\/www.demusculos.com\/web\/?s={search_term_string}"},"query-input":{"@type":"PropertyValueSpecification","valueRequired":true,"valueName":"search_term_string"}}],"inLanguage":"es"},{"@type":"Organization","@id":"https:\/\/www.demusculos.com\/web\/#organization","name":"DeMusculos.com","alternateName":"DeMusculos","url":"https:\/\/www.demusculos.com\/web\/","logo":{"@type":"ImageObject","inLanguage":"es","@id":"https:\/\/www.demusculos.com\/web\/#\/schema\/logo\/image\/","url":"https:\/\/www.demusculos.com\/web\/wp-content\/uploads\/2024\/02\/logo-demusculos-prestashop-usuario.png","contentUrl":"https:\/\/www.demusculos.com\/web\/wp-content\/uploads\/2024\/02\/logo-demusculos-prestashop-usuario.png","width":150,"height":150,"caption":"DeMusculos.com"},"image":{"@id":"https:\/\/www.demusculos.com\/web\/#\/schema\/logo\/image\/"},"sameAs":["https:\/\/www.facebook.com\/demusculos","https:\/\/x.com\/demusculos","https:\/\/www.instagram.com\/demusculos","https:\/\/www.tiktok.com\/@demusculos.com"]}]}},"_links":{"self":[{"href":"https:\/\/www.demusculos.com\/web\/wp-json\/wp\/v2\/product\/9324","targetHints":{"allow":["GET"]}}],"collection":[{"href":"https:\/\/www.demusculos.com\/web\/wp-json\/wp\/v2\/product"}],"about":[{"href":"https:\/\/www.demusculos.com\/web\/wp-json\/wp\/v2\/types\/product"}],"replies":[{"embeddable":true,"href":"https:\/\/www.demusculos.com\/web\/wp-json\/wp\/v2\/comments?post=9324"}],"wp:featuredmedia":[{"embeddable":true,"href":"https:\/\/www.demusculos.com\/web\/wp-json\/wp\/v2\/media\/9325"}],"wp:attachment":[{"href":"https:\/\/www.demusculos.com\/web\/wp-json\/wp\/v2\/media?parent=9324"}],"wp:term":[{"taxonomy":"product_brand","embeddable":true,"href":"https:\/\/www.demusculos.com\/web\/wp-json\/wp\/v2\/product_brand?post=9324"},{"taxonomy":"product_cat","embeddable":true,"href":"https:\/\/www.demusculos.com\/web\/wp-json\/wp\/v2\/product_cat?post=9324"},{"taxonomy":"product_tag","embeddable":true,"href":"https:\/\/www.demusculos.com\/web\/wp-json\/wp\/v2\/product_tag?post=9324"}],"curies":[{"name":"wp","href":"https:\/\/api.w.org\/{rel}","templated":true}]}}