{"id":9581,"date":"2025-02-28T22:59:24","date_gmt":"2025-03-01T01:59:24","guid":{"rendered":"https:\/\/www.demusculos.com\/web\/?post_type=product&#038;p=9581"},"modified":"2026-02-01T20:03:00","modified_gmt":"2026-02-01T23:03:00","slug":"remera-clasica-blanca-black-mour-gym-mode","status":"publish","type":"product","link":"https:\/\/www.demusculos.com\/web\/producto\/remera-clasica-blanca-black-mour-gym-mode\/","title":{"rendered":"Remera Cl\u00e1sica Black-Mour Blanca Gym Mode"},"content":{"rendered":"<h1 data-start=\"138\" data-end=\"202\"><strong data-start=\"140\" data-end=\"200\">Remera Cl\u00e1sica Blanca de Cuello Redondo Black-Mour &#8211; \u00abGym Mode\u00bb<\/strong><\/h1>\n<p data-start=\"204\" data-end=\"508\"><strong data-start=\"207\" data-end=\"240\">Entren\u00e1 con actitud y estilo.<\/strong> La <strong data-start=\"244\" data-end=\"304\">Remera Cl\u00e1sica Blanca de Cuello Redondo Black-Mour &#8211; \u00abGym Mode\u00bb<\/strong> es la combinaci\u00f3n perfecta entre motivaci\u00f3n, comodidad y dise\u00f1o \u00fanico. Fabricada en <strong data-start=\"389\" data-end=\"413\">100% algod\u00f3n premium<\/strong>, garantiza suavidad, durabilidad y una excelente ca\u00edda para que entrenes con total libertad.<\/p>\n<p data-start=\"204\" data-end=\"508\"><img fetchpriority=\"high\" decoding=\"async\" class=\"alignnone size-full wp-image-9587\" src=\"https:\/\/www.demusculos.com\/web\/wp-content\/uploads\/2025\/02\/remera-clasica-black-mour-blanca-gym-mode-03.jpg\" alt=\"Remera Cl\u00e1sica Black-Mour Color Blanca - Gym Mode\" width=\"1200\" height=\"1200\" srcset=\"https:\/\/www.demusculos.com\/web\/wp-content\/uploads\/2025\/02\/remera-clasica-black-mour-blanca-gym-mode-03.jpg 1200w, https:\/\/www.demusculos.com\/web\/wp-content\/uploads\/2025\/02\/remera-clasica-black-mour-blanca-gym-mode-03-300x300.jpg 300w, https:\/\/www.demusculos.com\/web\/wp-content\/uploads\/2025\/02\/remera-clasica-black-mour-blanca-gym-mode-03-150x150.jpg 150w, https:\/\/www.demusculos.com\/web\/wp-content\/uploads\/2025\/02\/remera-clasica-black-mour-blanca-gym-mode-03-800x800.jpg 800w, https:\/\/www.demusculos.com\/web\/wp-content\/uploads\/2025\/02\/remera-clasica-black-mour-blanca-gym-mode-03-1024x1024.jpg 1024w, https:\/\/www.demusculos.com\/web\/wp-content\/uploads\/2025\/02\/remera-clasica-black-mour-blanca-gym-mode-03-768x768.jpg 768w\" sizes=\"(max-width: 1200px) 100vw, 1200px\" \/><\/p>\n<h3 data-start=\"510\" data-end=\"535\"><strong data-start=\"514\" data-end=\"533\">Dise\u00f1o y Estilo<\/strong><\/h3>\n<p data-start=\"536\" data-end=\"902\">\u2714 <strong data-start=\"538\" data-end=\"555\">Corte Regular<\/strong>: Ajuste perfecto que brinda comodidad sin perder estilo.<br \/>\n\u2714 <strong data-start=\"617\" data-end=\"633\">Color Blanco<\/strong>: Vers\u00e1til y f\u00e1cil de combinar con cualquier outfit de gimnasio o casual.<\/p>\n<p data-start=\"536\" data-end=\"902\">Ademas:<br \/>\n\u2714 <strong data-start=\"711\" data-end=\"741\">Estampado Exclusivo en DTF<\/strong>: Frase <strong data-start=\"749\" data-end=\"763\">\u00abGym Mode\u00bb<\/strong> en letras negras y un <strong data-start=\"786\" data-end=\"824\">capibara entrenando en el gimnasio<\/strong>, con colores vibrantes que resaltan y hacen de esta remera un dise\u00f1o \u00fanico.<\/p>\n<h3 data-start=\"904\" data-end=\"931\"><strong data-start=\"908\" data-end=\"929\">Calidad y Confort<\/strong><\/h3>\n<p data-start=\"932\" data-end=\"1145\">\u2714 <strong data-start=\"934\" data-end=\"962\">Tela Jersey Peinado 24\/1<\/strong>: Extra suave y resistente.<br \/>\n\u2714 <strong data-start=\"994\" data-end=\"1014\">Tira de Limpieza<\/strong>: Refuerzo en el cuello para mayor comodidad y durabilidad.<\/p>\n<p data-start=\"932\" data-end=\"1145\">A destacar:<br \/>\n\u2714 <strong data-start=\"1078\" data-end=\"1113\">Pespunte en el cuello delantero<\/strong>: Acabado prolijo y reforzado.<\/p>\n<h3 data-start=\"1147\" data-end=\"1175\"><strong data-start=\"1151\" data-end=\"1173\">Talles Disponibles de la Remera Cl\u00e1sica Blanca<\/strong><\/h3>\n<p data-start=\"1176\" data-end=\"1243\">Disponible en <strong data-start=\"1190\" data-end=\"1203\">M, L y XL<\/strong>, ideal para cualquier tipo de cuerpo.<\/p>\n<p data-start=\"1245\" data-end=\"1319\"><strong data-start=\"1248\" data-end=\"1317\">Sumate al \u00abGym Mode\u00bb con el mejor estilo y confort de Black-Mour.<\/strong><\/p>\n<p data-start=\"1321\" data-end=\"1407\"><strong data-start=\"1324\" data-end=\"1349\">Env\u00edos a todo el pa\u00eds<\/strong> | <strong data-start=\"1355\" data-end=\"1381\">Compra segura y r\u00e1pida<\/strong> | <strong data-start=\"1387\" data-end=\"1405\">Stock limitado<\/strong><\/p>\n<p data-start=\"1409\" data-end=\"1512\">\u00a1No te quedes sin la tuya! <strong data-start=\"1439\" data-end=\"1510\">Agregala al carrito ahora y llevate la remera m\u00e1s original del gym.<\/strong><\/p>\n<p>&nbsp;<\/p>\n<p><img decoding=\"async\" class=\"alignnone size-full wp-image-9588\" src=\"https:\/\/www.demusculos.com\/web\/wp-content\/uploads\/2025\/02\/talle-remera-clasica-black-mour.jpg\" alt=\"Talles de las remeras cl\u00e1sicas Black-Mour\" width=\"1200\" height=\"1200\" srcset=\"https:\/\/www.demusculos.com\/web\/wp-content\/uploads\/2025\/02\/talle-remera-clasica-black-mour.jpg 1200w, https:\/\/www.demusculos.com\/web\/wp-content\/uploads\/2025\/02\/talle-remera-clasica-black-mour-300x300.jpg 300w, https:\/\/www.demusculos.com\/web\/wp-content\/uploads\/2025\/02\/talle-remera-clasica-black-mour-150x150.jpg 150w, https:\/\/www.demusculos.com\/web\/wp-content\/uploads\/2025\/02\/talle-remera-clasica-black-mour-800x800.jpg 800w, https:\/\/www.demusculos.com\/web\/wp-content\/uploads\/2025\/02\/talle-remera-clasica-black-mour-1024x1024.jpg 1024w, https:\/\/www.demusculos.com\/web\/wp-content\/uploads\/2025\/02\/talle-remera-clasica-black-mour-768x768.jpg 768w\" sizes=\"(max-width: 1200px) 100vw, 1200px\" \/><\/p>\n","protected":false},"excerpt":{"rendered":"<p><strong>\u00bfCansado de la remeras cl\u00e1sicas de baja calidad?<\/strong> Black-Mour nos trae las nuevas remeras cl\u00e1sicas de color negro. Calidad Premium. Costuras reforzadas. Tira de limpieza. Pespunte en el cuello delantero &#8211; Cuello anti deformaci\u00f3n. Impresi\u00f3n DTF a full.<\/p>\n","protected":false},"featured_media":9585,"comment_status":"closed","ping_status":"closed","template":"","meta":[],"product_brand":[248],"product_cat":[225],"product_tag":[230],"class_list":{"0":"post-9581","1":"product","2":"type-product","3":"status-publish","4":"has-post-thumbnail","6":"product_brand-black-mour","7":"product_cat-indumentaria","8":"product_tag-black-mour","10":"first","11":"instock","12":"sale","13":"shipping-taxable","14":"purchasable","15":"product-type-variable"},"yoast_head":"<!-- This site is optimized with the Yoast SEO plugin v27.4 - https:\/\/yoast.com\/product\/yoast-seo-wordpress\/ -->\n<title>Remera Cl\u00e1sica Blanca | Black-Mour | Indumentaria Deportiva<\/title>\n<meta name=\"description\" content=\"Remera Cl\u00e1sica Blanca. Blanca. Talles M, L y XL. Ideales para el que entrena. Motivos divertidos. Calidad PREMIUM. Env\u00edos a toda la Argentina.\" \/>\n<meta name=\"robots\" content=\"index, follow, max-snippet:-1, max-image-preview:large, max-video-preview:-1\" \/>\n<link rel=\"canonical\" href=\"https:\/\/www.demusculos.com\/web\/producto\/remera-clasica-blanca-black-mour-gym-mode\/\" \/>\n<meta property=\"og:locale\" content=\"es_ES\" \/>\n<meta property=\"og:type\" content=\"article\" \/>\n<meta property=\"og:title\" content=\"Remera Cl\u00e1sica Blanca | Black-Mour | Indumentaria Deportiva\" \/>\n<meta property=\"og:description\" content=\"Remera Cl\u00e1sica Blanca. Blanca. Talles M, L y XL. Ideales para el que entrena. Motivos divertidos. Calidad PREMIUM. Env\u00edos a toda la Argentina.\" \/>\n<meta property=\"og:url\" content=\"https:\/\/www.demusculos.com\/web\/producto\/remera-clasica-blanca-black-mour-gym-mode\/\" \/>\n<meta property=\"og:site_name\" content=\"DeMusculos\" \/>\n<meta property=\"article:publisher\" content=\"https:\/\/www.facebook.com\/demusculos\" \/>\n<meta property=\"article:modified_time\" content=\"2026-02-01T23:03:00+00:00\" \/>\n<meta property=\"og:image\" content=\"https:\/\/www.demusculos.com\/web\/wp-content\/uploads\/2025\/02\/remera-clasica-black-mour-blanca-gym-mode-01.jpg\" \/>\n\t<meta property=\"og:image:width\" content=\"1200\" \/>\n\t<meta property=\"og:image:height\" content=\"1200\" \/>\n\t<meta property=\"og:image:type\" content=\"image\/jpeg\" \/>\n<meta name=\"twitter:card\" content=\"summary_large_image\" \/>\n<meta name=\"twitter:site\" content=\"@demusculos\" \/>\n<meta name=\"twitter:label1\" content=\"Tiempo de lectura\" \/>\n\t<meta name=\"twitter:data1\" content=\"2 minutos\" \/>\n<script type=\"application\/ld+json\" class=\"yoast-schema-graph\">{\"@context\":\"https:\\\/\\\/schema.org\",\"@graph\":[{\"@type\":\"WebPage\",\"@id\":\"https:\\\/\\\/www.demusculos.com\\\/web\\\/producto\\\/remera-clasica-blanca-black-mour-gym-mode\\\/\",\"url\":\"https:\\\/\\\/www.demusculos.com\\\/web\\\/producto\\\/remera-clasica-blanca-black-mour-gym-mode\\\/\",\"name\":\"Remera Cl\u00e1sica Blanca | Black-Mour | Indumentaria Deportiva\",\"isPartOf\":{\"@id\":\"https:\\\/\\\/www.demusculos.com\\\/web\\\/#website\"},\"primaryImageOfPage\":{\"@id\":\"https:\\\/\\\/www.demusculos.com\\\/web\\\/producto\\\/remera-clasica-blanca-black-mour-gym-mode\\\/#primaryimage\"},\"image\":{\"@id\":\"https:\\\/\\\/www.demusculos.com\\\/web\\\/producto\\\/remera-clasica-blanca-black-mour-gym-mode\\\/#primaryimage\"},\"thumbnailUrl\":\"https:\\\/\\\/www.demusculos.com\\\/web\\\/wp-content\\\/uploads\\\/2025\\\/02\\\/remera-clasica-black-mour-blanca-gym-mode-01.jpg\",\"datePublished\":\"2025-03-01T01:59:24+00:00\",\"dateModified\":\"2026-02-01T23:03:00+00:00\",\"description\":\"Remera Cl\u00e1sica Blanca. Blanca. Talles M, L y XL. Ideales para el que entrena. Motivos divertidos. Calidad PREMIUM. Env\u00edos a toda la Argentina.\",\"breadcrumb\":{\"@id\":\"https:\\\/\\\/www.demusculos.com\\\/web\\\/producto\\\/remera-clasica-blanca-black-mour-gym-mode\\\/#breadcrumb\"},\"inLanguage\":\"es\",\"potentialAction\":[{\"@type\":\"ReadAction\",\"target\":[\"https:\\\/\\\/www.demusculos.com\\\/web\\\/producto\\\/remera-clasica-blanca-black-mour-gym-mode\\\/\"]}]},{\"@type\":\"ImageObject\",\"inLanguage\":\"es\",\"@id\":\"https:\\\/\\\/www.demusculos.com\\\/web\\\/producto\\\/remera-clasica-blanca-black-mour-gym-mode\\\/#primaryimage\",\"url\":\"https:\\\/\\\/www.demusculos.com\\\/web\\\/wp-content\\\/uploads\\\/2025\\\/02\\\/remera-clasica-black-mour-blanca-gym-mode-01.jpg\",\"contentUrl\":\"https:\\\/\\\/www.demusculos.com\\\/web\\\/wp-content\\\/uploads\\\/2025\\\/02\\\/remera-clasica-black-mour-blanca-gym-mode-01.jpg\",\"width\":1200,\"height\":1200,\"caption\":\"Remera Cl\u00e1sica Black-Mour Color Blanca - Gym Mode\"},{\"@type\":\"BreadcrumbList\",\"@id\":\"https:\\\/\\\/www.demusculos.com\\\/web\\\/producto\\\/remera-clasica-blanca-black-mour-gym-mode\\\/#breadcrumb\",\"itemListElement\":[{\"@type\":\"ListItem\",\"position\":1,\"name\":\"Inicio\",\"item\":\"https:\\\/\\\/www.demusculos.com\\\/web\\\/\"},{\"@type\":\"ListItem\",\"position\":2,\"name\":\"Suplementos\",\"item\":\"https:\\\/\\\/www.demusculos.com\\\/web\\\/tienda\\\/\"},{\"@type\":\"ListItem\",\"position\":3,\"name\":\"Remera Cl\u00e1sica Black-Mour Blanca Gym Mode\"}]},{\"@type\":\"WebSite\",\"@id\":\"https:\\\/\\\/www.demusculos.com\\\/web\\\/#website\",\"url\":\"https:\\\/\\\/www.demusculos.com\\\/web\\\/\",\"name\":\"DeMusculos.com\",\"description\":\"Suplementos Naturales\",\"publisher\":{\"@id\":\"https:\\\/\\\/www.demusculos.com\\\/web\\\/#organization\"},\"alternateName\":\"Suplementos Naturales\",\"potentialAction\":[{\"@type\":\"SearchAction\",\"target\":{\"@type\":\"EntryPoint\",\"urlTemplate\":\"https:\\\/\\\/www.demusculos.com\\\/web\\\/?s={search_term_string}\"},\"query-input\":{\"@type\":\"PropertyValueSpecification\",\"valueRequired\":true,\"valueName\":\"search_term_string\"}}],\"inLanguage\":\"es\"},{\"@type\":\"Organization\",\"@id\":\"https:\\\/\\\/www.demusculos.com\\\/web\\\/#organization\",\"name\":\"DeMusculos.com\",\"alternateName\":\"DeMusculos\",\"url\":\"https:\\\/\\\/www.demusculos.com\\\/web\\\/\",\"logo\":{\"@type\":\"ImageObject\",\"inLanguage\":\"es\",\"@id\":\"https:\\\/\\\/www.demusculos.com\\\/web\\\/#\\\/schema\\\/logo\\\/image\\\/\",\"url\":\"https:\\\/\\\/www.demusculos.com\\\/web\\\/wp-content\\\/uploads\\\/2024\\\/02\\\/logo-demusculos-prestashop-usuario.png\",\"contentUrl\":\"https:\\\/\\\/www.demusculos.com\\\/web\\\/wp-content\\\/uploads\\\/2024\\\/02\\\/logo-demusculos-prestashop-usuario.png\",\"width\":150,\"height\":150,\"caption\":\"DeMusculos.com\"},\"image\":{\"@id\":\"https:\\\/\\\/www.demusculos.com\\\/web\\\/#\\\/schema\\\/logo\\\/image\\\/\"},\"sameAs\":[\"https:\\\/\\\/www.facebook.com\\\/demusculos\",\"https:\\\/\\\/x.com\\\/demusculos\",\"https:\\\/\\\/www.instagram.com\\\/demusculos\",\"https:\\\/\\\/www.tiktok.com\\\/@demusculos.com\"]}]}<\/script>\n<!-- \/ Yoast SEO plugin. -->","yoast_head_json":{"title":"Remera Cl\u00e1sica Blanca | Black-Mour | Indumentaria Deportiva","description":"Remera Cl\u00e1sica Blanca. Blanca. Talles M, L y XL. Ideales para el que entrena. Motivos divertidos. Calidad PREMIUM. Env\u00edos a toda la Argentina.","robots":{"index":"index","follow":"follow","max-snippet":"max-snippet:-1","max-image-preview":"max-image-preview:large","max-video-preview":"max-video-preview:-1"},"canonical":"https:\/\/www.demusculos.com\/web\/producto\/remera-clasica-blanca-black-mour-gym-mode\/","og_locale":"es_ES","og_type":"article","og_title":"Remera Cl\u00e1sica Blanca | Black-Mour | Indumentaria Deportiva","og_description":"Remera Cl\u00e1sica Blanca. Blanca. Talles M, L y XL. Ideales para el que entrena. Motivos divertidos. Calidad PREMIUM. Env\u00edos a toda la Argentina.","og_url":"https:\/\/www.demusculos.com\/web\/producto\/remera-clasica-blanca-black-mour-gym-mode\/","og_site_name":"DeMusculos","article_publisher":"https:\/\/www.facebook.com\/demusculos","article_modified_time":"2026-02-01T23:03:00+00:00","og_image":[{"width":1200,"height":1200,"url":"https:\/\/www.demusculos.com\/web\/wp-content\/uploads\/2025\/02\/remera-clasica-black-mour-blanca-gym-mode-01.jpg","type":"image\/jpeg"}],"twitter_card":"summary_large_image","twitter_site":"@demusculos","twitter_misc":{"Tiempo de lectura":"2 minutos"},"schema":{"@context":"https:\/\/schema.org","@graph":[{"@type":"WebPage","@id":"https:\/\/www.demusculos.com\/web\/producto\/remera-clasica-blanca-black-mour-gym-mode\/","url":"https:\/\/www.demusculos.com\/web\/producto\/remera-clasica-blanca-black-mour-gym-mode\/","name":"Remera Cl\u00e1sica Blanca | Black-Mour | Indumentaria Deportiva","isPartOf":{"@id":"https:\/\/www.demusculos.com\/web\/#website"},"primaryImageOfPage":{"@id":"https:\/\/www.demusculos.com\/web\/producto\/remera-clasica-blanca-black-mour-gym-mode\/#primaryimage"},"image":{"@id":"https:\/\/www.demusculos.com\/web\/producto\/remera-clasica-blanca-black-mour-gym-mode\/#primaryimage"},"thumbnailUrl":"https:\/\/www.demusculos.com\/web\/wp-content\/uploads\/2025\/02\/remera-clasica-black-mour-blanca-gym-mode-01.jpg","datePublished":"2025-03-01T01:59:24+00:00","dateModified":"2026-02-01T23:03:00+00:00","description":"Remera Cl\u00e1sica Blanca. Blanca. Talles M, L y XL. Ideales para el que entrena. Motivos divertidos. Calidad PREMIUM. Env\u00edos a toda la Argentina.","breadcrumb":{"@id":"https:\/\/www.demusculos.com\/web\/producto\/remera-clasica-blanca-black-mour-gym-mode\/#breadcrumb"},"inLanguage":"es","potentialAction":[{"@type":"ReadAction","target":["https:\/\/www.demusculos.com\/web\/producto\/remera-clasica-blanca-black-mour-gym-mode\/"]}]},{"@type":"ImageObject","inLanguage":"es","@id":"https:\/\/www.demusculos.com\/web\/producto\/remera-clasica-blanca-black-mour-gym-mode\/#primaryimage","url":"https:\/\/www.demusculos.com\/web\/wp-content\/uploads\/2025\/02\/remera-clasica-black-mour-blanca-gym-mode-01.jpg","contentUrl":"https:\/\/www.demusculos.com\/web\/wp-content\/uploads\/2025\/02\/remera-clasica-black-mour-blanca-gym-mode-01.jpg","width":1200,"height":1200,"caption":"Remera Cl\u00e1sica Black-Mour Color Blanca - Gym Mode"},{"@type":"BreadcrumbList","@id":"https:\/\/www.demusculos.com\/web\/producto\/remera-clasica-blanca-black-mour-gym-mode\/#breadcrumb","itemListElement":[{"@type":"ListItem","position":1,"name":"Inicio","item":"https:\/\/www.demusculos.com\/web\/"},{"@type":"ListItem","position":2,"name":"Suplementos","item":"https:\/\/www.demusculos.com\/web\/tienda\/"},{"@type":"ListItem","position":3,"name":"Remera Cl\u00e1sica Black-Mour Blanca Gym Mode"}]},{"@type":"WebSite","@id":"https:\/\/www.demusculos.com\/web\/#website","url":"https:\/\/www.demusculos.com\/web\/","name":"DeMusculos.com","description":"Suplementos Naturales","publisher":{"@id":"https:\/\/www.demusculos.com\/web\/#organization"},"alternateName":"Suplementos Naturales","potentialAction":[{"@type":"SearchAction","target":{"@type":"EntryPoint","urlTemplate":"https:\/\/www.demusculos.com\/web\/?s={search_term_string}"},"query-input":{"@type":"PropertyValueSpecification","valueRequired":true,"valueName":"search_term_string"}}],"inLanguage":"es"},{"@type":"Organization","@id":"https:\/\/www.demusculos.com\/web\/#organization","name":"DeMusculos.com","alternateName":"DeMusculos","url":"https:\/\/www.demusculos.com\/web\/","logo":{"@type":"ImageObject","inLanguage":"es","@id":"https:\/\/www.demusculos.com\/web\/#\/schema\/logo\/image\/","url":"https:\/\/www.demusculos.com\/web\/wp-content\/uploads\/2024\/02\/logo-demusculos-prestashop-usuario.png","contentUrl":"https:\/\/www.demusculos.com\/web\/wp-content\/uploads\/2024\/02\/logo-demusculos-prestashop-usuario.png","width":150,"height":150,"caption":"DeMusculos.com"},"image":{"@id":"https:\/\/www.demusculos.com\/web\/#\/schema\/logo\/image\/"},"sameAs":["https:\/\/www.facebook.com\/demusculos","https:\/\/x.com\/demusculos","https:\/\/www.instagram.com\/demusculos","https:\/\/www.tiktok.com\/@demusculos.com"]}]}},"_links":{"self":[{"href":"https:\/\/www.demusculos.com\/web\/wp-json\/wp\/v2\/product\/9581","targetHints":{"allow":["GET"]}}],"collection":[{"href":"https:\/\/www.demusculos.com\/web\/wp-json\/wp\/v2\/product"}],"about":[{"href":"https:\/\/www.demusculos.com\/web\/wp-json\/wp\/v2\/types\/product"}],"replies":[{"embeddable":true,"href":"https:\/\/www.demusculos.com\/web\/wp-json\/wp\/v2\/comments?post=9581"}],"wp:featuredmedia":[{"embeddable":true,"href":"https:\/\/www.demusculos.com\/web\/wp-json\/wp\/v2\/media\/9585"}],"wp:attachment":[{"href":"https:\/\/www.demusculos.com\/web\/wp-json\/wp\/v2\/media?parent=9581"}],"wp:term":[{"taxonomy":"product_brand","embeddable":true,"href":"https:\/\/www.demusculos.com\/web\/wp-json\/wp\/v2\/product_brand?post=9581"},{"taxonomy":"product_cat","embeddable":true,"href":"https:\/\/www.demusculos.com\/web\/wp-json\/wp\/v2\/product_cat?post=9581"},{"taxonomy":"product_tag","embeddable":true,"href":"https:\/\/www.demusculos.com\/web\/wp-json\/wp\/v2\/product_tag?post=9581"}],"curies":[{"name":"wp","href":"https:\/\/api.w.org\/{rel}","templated":true}]}}