{"id":9637,"date":"2025-03-03T13:12:34","date_gmt":"2025-03-03T16:12:34","guid":{"rendered":"https:\/\/www.demusculos.com\/web\/?post_type=product&#038;p=9637"},"modified":"2026-02-01T20:03:00","modified_gmt":"2026-02-01T23:03:00","slug":"remera-oversize-black-mour-verde-militar-gladiator","status":"publish","type":"product","link":"https:\/\/www.demusculos.com\/web\/producto\/remera-oversize-black-mour-verde-militar-gladiator\/","title":{"rendered":"Remera Oversize Black-Mour Verde Militar Gladiator"},"content":{"rendered":"<h3 data-start=\"0\" data-end=\"78\"><strong data-start=\"4\" data-end=\"76\">Remera Oversize Verde &#8211; \u00abGladiator\u00bb by Black-Mour<\/strong><\/h3>\n<p data-start=\"80\" data-end=\"142\"><strong data-start=\"83\" data-end=\"137\">\u00a1El esp\u00edritu del levantamiento en cada repetici\u00f3n!<\/strong> Remera Remera Oversize Verde de alta calidad. \u00danicas en el pa\u00eds.<\/p>\n<p data-start=\"144\" data-end=\"496\">Si cre\u00e9s en la fuerza, la disciplina y la superaci\u00f3n, esta remera <strong data-start=\"210\" data-end=\"227\">oversize <\/strong>de Black-Mour es para vos. Inspirada en el powerlifting y el mensaje de resiliencia, presenta un <strong data-start=\"325\" data-end=\"361\">estampado DTF de calidad premium<\/strong> con la imagen de un gladiador y la palabra <strong data-start=\"417\" data-end=\"452\">\u00abGLADIATOR\u00bb<\/strong>.<\/p>\n<p data-start=\"498\" data-end=\"832\"><strong data-start=\"501\" data-end=\"537\">Caracter\u00edsticas de alta calidad:<\/strong><\/p>\n<p data-start=\"498\" data-end=\"832\">\u2714 <strong data-start=\"542\" data-end=\"561\">Corte oversize:<\/strong> C\u00f3modo, suelto y perfecto para entrenar o un look urbano.<br \/>\n\u2714 <strong data-start=\"624\" data-end=\"648\">Jersey peinado 24\/1:<\/strong> Suavidad y durabilidad superior.<\/p>\n<p data-start=\"498\" data-end=\"832\">Adem\u00e1s:<\/p>\n<p data-start=\"498\" data-end=\"832\">\u2714 <strong data-start=\"686\" data-end=\"711\">100% algod\u00f3n premium:<\/strong> Frescura y resistencia asegurada.<br \/>\n\u2714 <strong data-start=\"750\" data-end=\"795\">Tira de limpieza y pespunte en el cuello:<\/strong> Detalles que marcan la diferencia.<\/p>\n<p data-start=\"834\" data-end=\"903\"><strong data-start=\"837\" data-end=\"898\">Para los que entrenan con prop\u00f3sito y visten con actitud.<\/strong><\/p>\n<p data-start=\"905\" data-end=\"1004\"><strong data-start=\"908\" data-end=\"1002\">\u00a1Stock limitado! Ped\u00ed la tuya ahora y llev\u00e1 tu entrenamiento al siguiente nivel&#8230;<\/strong><\/p>\n<p><img fetchpriority=\"high\" decoding=\"async\" class=\"alignnone size-full wp-image-9642\" src=\"https:\/\/www.demusculos.com\/web\/wp-content\/uploads\/2025\/03\/remera-oversize-black-mour-gladiator-02.jpg\" alt=\"Remera Oversize Black-Mour Gladiator\" width=\"1200\" height=\"1200\" srcset=\"https:\/\/www.demusculos.com\/web\/wp-content\/uploads\/2025\/03\/remera-oversize-black-mour-gladiator-02.jpg 1200w, https:\/\/www.demusculos.com\/web\/wp-content\/uploads\/2025\/03\/remera-oversize-black-mour-gladiator-02-300x300.jpg 300w, https:\/\/www.demusculos.com\/web\/wp-content\/uploads\/2025\/03\/remera-oversize-black-mour-gladiator-02-150x150.jpg 150w, https:\/\/www.demusculos.com\/web\/wp-content\/uploads\/2025\/03\/remera-oversize-black-mour-gladiator-02-800x800.jpg 800w, https:\/\/www.demusculos.com\/web\/wp-content\/uploads\/2025\/03\/remera-oversize-black-mour-gladiator-02-1024x1024.jpg 1024w, https:\/\/www.demusculos.com\/web\/wp-content\/uploads\/2025\/03\/remera-oversize-black-mour-gladiator-02-768x768.jpg 768w\" sizes=\"(max-width: 1200px) 100vw, 1200px\" \/><\/p>\n<h3 data-start=\"0\" data-end=\"102\"><strong data-start=\"4\" data-end=\"100\">Beneficios de las Remeras Oversize para Entrenamiento: Comodidad y Estilo en Cada Movimiento<\/strong><\/h3>\n<p data-start=\"104\" data-end=\"373\">Las <strong data-start=\"108\" data-end=\"128\">remeras oversize<\/strong> se han convertido en una de las prendas m\u00e1s elegidas para entrenar, y no es casualidad. Su dise\u00f1o amplio, combinado con materiales de alta calidad, las hace ideales tanto para <strong data-start=\"305\" data-end=\"332\">entrenamientos intensos<\/strong> como para un <strong data-start=\"346\" data-end=\"370\">look urbano relajado<\/strong>.<\/p>\n<p data-start=\"375\" data-end=\"664\"><strong data-start=\"378\" data-end=\"423\">M\u00e1xima comodidad y libertad de movimiento<\/strong><br data-start=\"423\" data-end=\"426\" \/>El corte suelto de las remeras oversize permite una mayor amplitud de movimiento, lo que es clave para ejercicios como <strong data-start=\"545\" data-end=\"589\">peso muerto, sentadillas, press de banca<\/strong> y cualquier otro entrenamiento que requiera movilidad sin restricciones.<\/p>\n<p data-start=\"666\" data-end=\"894\"><strong data-start=\"669\" data-end=\"706\">Mayor transpirabilidad y frescura<\/strong><br data-start=\"706\" data-end=\"709\" \/>Las remeras de <strong data-start=\"724\" data-end=\"748\">100% algod\u00f3n premium<\/strong> absorben el sudor y permiten que la piel respire mejor durante el entrenamiento, evitando la sensaci\u00f3n de calor extremo y mejorando el confort.<\/p>\n<p><img decoding=\"async\" class=\"alignnone size-full wp-image-9622\" src=\"https:\/\/www.demusculos.com\/web\/wp-content\/uploads\/2025\/03\/remera-oversize-talles.jpg\" alt=\"Talles de Remeras Oversize\" width=\"1200\" height=\"1200\" srcset=\"https:\/\/www.demusculos.com\/web\/wp-content\/uploads\/2025\/03\/remera-oversize-talles.jpg 1200w, https:\/\/www.demusculos.com\/web\/wp-content\/uploads\/2025\/03\/remera-oversize-talles-300x300.jpg 300w, https:\/\/www.demusculos.com\/web\/wp-content\/uploads\/2025\/03\/remera-oversize-talles-150x150.jpg 150w, https:\/\/www.demusculos.com\/web\/wp-content\/uploads\/2025\/03\/remera-oversize-talles-800x800.jpg 800w, https:\/\/www.demusculos.com\/web\/wp-content\/uploads\/2025\/03\/remera-oversize-talles-1024x1024.jpg 1024w, https:\/\/www.demusculos.com\/web\/wp-content\/uploads\/2025\/03\/remera-oversize-talles-768x768.jpg 768w\" sizes=\"(max-width: 1200px) 100vw, 1200px\" \/><\/p>\n<p data-start=\"896\" data-end=\"1120\"><strong data-start=\"899\" data-end=\"943\">Versatilidad dentro y fuera del gimnasio<\/strong><br data-start=\"943\" data-end=\"946\" \/>No solo son ideales para entrenar, sino que su dise\u00f1o oversize y estampados llamativos las convierten en una prenda de <strong data-start=\"1065\" data-end=\"1082\">estilo urbano<\/strong> perfecta para usar en el d\u00eda a d\u00eda.<\/p>\n<p data-start=\"1122\" data-end=\"1379\"><strong data-start=\"1125\" data-end=\"1158\">Menos roce, m\u00e1s concentraci\u00f3n<\/strong><br data-start=\"1158\" data-end=\"1161\" \/>A diferencia de las prendas ajustadas, las remeras oversize evitan el roce inc\u00f3modo en la piel, reduciendo irritaciones y permitiendo que te enfoques en lo que realmente importa: <strong data-start=\"1340\" data-end=\"1376\">dar el m\u00e1ximo en cada repetici\u00f3n<\/strong>.<\/p>\n<p data-start=\"1381\" data-end=\"1638\"><strong data-start=\"1384\" data-end=\"1423\">Ideal para cualquier tipo de cuerpo<\/strong><br data-start=\"1423\" data-end=\"1426\" \/>Su dise\u00f1o holgado hace que sean una excelente opci\u00f3n para cualquier persona, sin importar su contextura. Se adaptan tanto a cuerpos delgados como a f\u00edsicos m\u00e1s robustos, brindando un look relajado y estilizado.<\/p>\n<p data-start=\"1640\" data-end=\"1968\"><strong data-start=\"1643\" data-end=\"1658\">En resumen:<\/strong> Si busc\u00e1s una remera que te brinde <strong data-start=\"1694\" data-end=\"1731\">comodidad, estilo y funcionalidad<\/strong> en cada entrenamiento, la <strong data-start=\"1758\" data-end=\"1777\">remera oversize<\/strong> es la elecci\u00f3n perfecta. Ya sea que entrenes con pesas, hagas crossfit o simplemente busques una prenda c\u00f3moda para el d\u00eda a d\u00eda, esta opci\u00f3n te garantiza <strong data-start=\"1933\" data-end=\"1965\">m\u00e1ximo rendimiento y actitud<\/strong>.<\/p>\n<p>&nbsp;<\/p>\n<p>&nbsp;<\/p>\n","protected":false},"excerpt":{"rendered":"<p><strong>\u00bfCansado de las remeras de baja calidad?<\/strong> Black-Mour nos trae las nuevas <strong>remeras oversize<\/strong> de color azul. Calidad Premium. <strong>Costuras reforzadas<\/strong>. Tira de limpieza. Pespunte en el cuello delantero &#8211; Cuello anti deformaci\u00f3n. Impresi\u00f3n DTF a full color. <strong>\u00a1Para tod<\/strong>o tipo de cuerpos!<\/p>\n","protected":false},"featured_media":9641,"comment_status":"closed","ping_status":"closed","template":"","meta":[],"product_brand":[248],"product_cat":[225],"product_tag":[230],"class_list":{"0":"post-9637","1":"product","2":"type-product","3":"status-publish","4":"has-post-thumbnail","6":"product_brand-black-mour","7":"product_cat-indumentaria","8":"product_tag-black-mour","10":"first","11":"instock","12":"sale","13":"shipping-taxable","14":"purchasable","15":"product-type-variable"},"yoast_head":"<!-- This site is optimized with the Yoast SEO plugin v27.5 - https:\/\/yoast.com\/product\/yoast-seo-wordpress\/ -->\n<title>Remera Oversize Verde | Black-Mour | Indumentaria Deportiva<\/title>\n<meta name=\"description\" content=\"Remera Oversize Verde. Talles M, L y XL. Ideales para el que entrena. Motivos divertidos. Calidad PREMIUM. Env\u00edos a toda la Argentina.\" \/>\n<meta name=\"robots\" content=\"index, follow, max-snippet:-1, max-image-preview:large, max-video-preview:-1\" \/>\n<link rel=\"canonical\" href=\"https:\/\/www.demusculos.com\/web\/producto\/remera-oversize-black-mour-verde-militar-gladiator\/\" \/>\n<meta property=\"og:locale\" content=\"es_ES\" \/>\n<meta property=\"og:type\" content=\"article\" \/>\n<meta property=\"og:title\" content=\"Remera Oversize Verde | Black-Mour | Indumentaria Deportiva\" \/>\n<meta property=\"og:description\" content=\"Remera Oversize Verde. Talles M, L y XL. Ideales para el que entrena. Motivos divertidos. Calidad PREMIUM. Env\u00edos a toda la Argentina.\" \/>\n<meta property=\"og:url\" content=\"https:\/\/www.demusculos.com\/web\/producto\/remera-oversize-black-mour-verde-militar-gladiator\/\" \/>\n<meta property=\"og:site_name\" content=\"DeMusculos\" \/>\n<meta property=\"article:publisher\" content=\"https:\/\/www.facebook.com\/demusculos\" \/>\n<meta property=\"article:modified_time\" content=\"2026-02-01T23:03:00+00:00\" \/>\n<meta property=\"og:image\" content=\"https:\/\/www.demusculos.com\/web\/wp-content\/uploads\/2025\/03\/remera-oversize-black-mour-gladiator-01.jpg\" \/>\n\t<meta property=\"og:image:width\" content=\"1200\" \/>\n\t<meta property=\"og:image:height\" content=\"1200\" \/>\n\t<meta property=\"og:image:type\" content=\"image\/jpeg\" \/>\n<meta name=\"twitter:card\" content=\"summary_large_image\" \/>\n<meta name=\"twitter:site\" content=\"@demusculos\" \/>\n<meta name=\"twitter:label1\" content=\"Tiempo de lectura\" \/>\n\t<meta name=\"twitter:data1\" content=\"3 minutos\" \/>\n<script type=\"application\/ld+json\" class=\"yoast-schema-graph\">{\"@context\":\"https:\\\/\\\/schema.org\",\"@graph\":[{\"@type\":\"WebPage\",\"@id\":\"https:\\\/\\\/www.demusculos.com\\\/web\\\/producto\\\/remera-oversize-black-mour-verde-militar-gladiator\\\/\",\"url\":\"https:\\\/\\\/www.demusculos.com\\\/web\\\/producto\\\/remera-oversize-black-mour-verde-militar-gladiator\\\/\",\"name\":\"Remera Oversize Verde | Black-Mour | Indumentaria Deportiva\",\"isPartOf\":{\"@id\":\"https:\\\/\\\/www.demusculos.com\\\/web\\\/#website\"},\"primaryImageOfPage\":{\"@id\":\"https:\\\/\\\/www.demusculos.com\\\/web\\\/producto\\\/remera-oversize-black-mour-verde-militar-gladiator\\\/#primaryimage\"},\"image\":{\"@id\":\"https:\\\/\\\/www.demusculos.com\\\/web\\\/producto\\\/remera-oversize-black-mour-verde-militar-gladiator\\\/#primaryimage\"},\"thumbnailUrl\":\"https:\\\/\\\/www.demusculos.com\\\/web\\\/wp-content\\\/uploads\\\/2025\\\/03\\\/remera-oversize-black-mour-gladiator-01.jpg\",\"datePublished\":\"2025-03-03T16:12:34+00:00\",\"dateModified\":\"2026-02-01T23:03:00+00:00\",\"description\":\"Remera Oversize Verde. Talles M, L y XL. Ideales para el que entrena. Motivos divertidos. Calidad PREMIUM. Env\u00edos a toda la Argentina.\",\"breadcrumb\":{\"@id\":\"https:\\\/\\\/www.demusculos.com\\\/web\\\/producto\\\/remera-oversize-black-mour-verde-militar-gladiator\\\/#breadcrumb\"},\"inLanguage\":\"es\",\"potentialAction\":[{\"@type\":\"ReadAction\",\"target\":[\"https:\\\/\\\/www.demusculos.com\\\/web\\\/producto\\\/remera-oversize-black-mour-verde-militar-gladiator\\\/\"]}]},{\"@type\":\"ImageObject\",\"inLanguage\":\"es\",\"@id\":\"https:\\\/\\\/www.demusculos.com\\\/web\\\/producto\\\/remera-oversize-black-mour-verde-militar-gladiator\\\/#primaryimage\",\"url\":\"https:\\\/\\\/www.demusculos.com\\\/web\\\/wp-content\\\/uploads\\\/2025\\\/03\\\/remera-oversize-black-mour-gladiator-01.jpg\",\"contentUrl\":\"https:\\\/\\\/www.demusculos.com\\\/web\\\/wp-content\\\/uploads\\\/2025\\\/03\\\/remera-oversize-black-mour-gladiator-01.jpg\",\"width\":1200,\"height\":1200,\"caption\":\"Remera Oversize Black-Mour Gladiator\"},{\"@type\":\"BreadcrumbList\",\"@id\":\"https:\\\/\\\/www.demusculos.com\\\/web\\\/producto\\\/remera-oversize-black-mour-verde-militar-gladiator\\\/#breadcrumb\",\"itemListElement\":[{\"@type\":\"ListItem\",\"position\":1,\"name\":\"Inicio\",\"item\":\"https:\\\/\\\/www.demusculos.com\\\/web\\\/\"},{\"@type\":\"ListItem\",\"position\":2,\"name\":\"Suplementos\",\"item\":\"https:\\\/\\\/www.demusculos.com\\\/web\\\/tienda\\\/\"},{\"@type\":\"ListItem\",\"position\":3,\"name\":\"Remera Oversize Black-Mour Verde Militar Gladiator\"}]},{\"@type\":\"WebSite\",\"@id\":\"https:\\\/\\\/www.demusculos.com\\\/web\\\/#website\",\"url\":\"https:\\\/\\\/www.demusculos.com\\\/web\\\/\",\"name\":\"DeMusculos.com\",\"description\":\"Suplementos Naturales\",\"publisher\":{\"@id\":\"https:\\\/\\\/www.demusculos.com\\\/web\\\/#organization\"},\"alternateName\":\"Suplementos Naturales\",\"potentialAction\":[{\"@type\":\"SearchAction\",\"target\":{\"@type\":\"EntryPoint\",\"urlTemplate\":\"https:\\\/\\\/www.demusculos.com\\\/web\\\/?s={search_term_string}\"},\"query-input\":{\"@type\":\"PropertyValueSpecification\",\"valueRequired\":true,\"valueName\":\"search_term_string\"}}],\"inLanguage\":\"es\"},{\"@type\":\"Organization\",\"@id\":\"https:\\\/\\\/www.demusculos.com\\\/web\\\/#organization\",\"name\":\"DeMusculos.com\",\"alternateName\":\"DeMusculos\",\"url\":\"https:\\\/\\\/www.demusculos.com\\\/web\\\/\",\"logo\":{\"@type\":\"ImageObject\",\"inLanguage\":\"es\",\"@id\":\"https:\\\/\\\/www.demusculos.com\\\/web\\\/#\\\/schema\\\/logo\\\/image\\\/\",\"url\":\"https:\\\/\\\/www.demusculos.com\\\/web\\\/wp-content\\\/uploads\\\/2024\\\/02\\\/logo-demusculos-prestashop-usuario.png\",\"contentUrl\":\"https:\\\/\\\/www.demusculos.com\\\/web\\\/wp-content\\\/uploads\\\/2024\\\/02\\\/logo-demusculos-prestashop-usuario.png\",\"width\":150,\"height\":150,\"caption\":\"DeMusculos.com\"},\"image\":{\"@id\":\"https:\\\/\\\/www.demusculos.com\\\/web\\\/#\\\/schema\\\/logo\\\/image\\\/\"},\"sameAs\":[\"https:\\\/\\\/www.facebook.com\\\/demusculos\",\"https:\\\/\\\/x.com\\\/demusculos\",\"https:\\\/\\\/www.instagram.com\\\/demusculos\",\"https:\\\/\\\/www.tiktok.com\\\/@demusculos.com\"]}]}<\/script>\n<!-- \/ Yoast SEO plugin. -->","yoast_head_json":{"title":"Remera Oversize Verde | Black-Mour | Indumentaria Deportiva","description":"Remera Oversize Verde. Talles M, L y XL. Ideales para el que entrena. Motivos divertidos. Calidad PREMIUM. Env\u00edos a toda la Argentina.","robots":{"index":"index","follow":"follow","max-snippet":"max-snippet:-1","max-image-preview":"max-image-preview:large","max-video-preview":"max-video-preview:-1"},"canonical":"https:\/\/www.demusculos.com\/web\/producto\/remera-oversize-black-mour-verde-militar-gladiator\/","og_locale":"es_ES","og_type":"article","og_title":"Remera Oversize Verde | Black-Mour | Indumentaria Deportiva","og_description":"Remera Oversize Verde. Talles M, L y XL. Ideales para el que entrena. Motivos divertidos. Calidad PREMIUM. Env\u00edos a toda la Argentina.","og_url":"https:\/\/www.demusculos.com\/web\/producto\/remera-oversize-black-mour-verde-militar-gladiator\/","og_site_name":"DeMusculos","article_publisher":"https:\/\/www.facebook.com\/demusculos","article_modified_time":"2026-02-01T23:03:00+00:00","og_image":[{"width":1200,"height":1200,"url":"https:\/\/www.demusculos.com\/web\/wp-content\/uploads\/2025\/03\/remera-oversize-black-mour-gladiator-01.jpg","type":"image\/jpeg"}],"twitter_card":"summary_large_image","twitter_site":"@demusculos","twitter_misc":{"Tiempo de lectura":"3 minutos"},"schema":{"@context":"https:\/\/schema.org","@graph":[{"@type":"WebPage","@id":"https:\/\/www.demusculos.com\/web\/producto\/remera-oversize-black-mour-verde-militar-gladiator\/","url":"https:\/\/www.demusculos.com\/web\/producto\/remera-oversize-black-mour-verde-militar-gladiator\/","name":"Remera Oversize Verde | Black-Mour | Indumentaria Deportiva","isPartOf":{"@id":"https:\/\/www.demusculos.com\/web\/#website"},"primaryImageOfPage":{"@id":"https:\/\/www.demusculos.com\/web\/producto\/remera-oversize-black-mour-verde-militar-gladiator\/#primaryimage"},"image":{"@id":"https:\/\/www.demusculos.com\/web\/producto\/remera-oversize-black-mour-verde-militar-gladiator\/#primaryimage"},"thumbnailUrl":"https:\/\/www.demusculos.com\/web\/wp-content\/uploads\/2025\/03\/remera-oversize-black-mour-gladiator-01.jpg","datePublished":"2025-03-03T16:12:34+00:00","dateModified":"2026-02-01T23:03:00+00:00","description":"Remera Oversize Verde. Talles M, L y XL. Ideales para el que entrena. Motivos divertidos. Calidad PREMIUM. Env\u00edos a toda la Argentina.","breadcrumb":{"@id":"https:\/\/www.demusculos.com\/web\/producto\/remera-oversize-black-mour-verde-militar-gladiator\/#breadcrumb"},"inLanguage":"es","potentialAction":[{"@type":"ReadAction","target":["https:\/\/www.demusculos.com\/web\/producto\/remera-oversize-black-mour-verde-militar-gladiator\/"]}]},{"@type":"ImageObject","inLanguage":"es","@id":"https:\/\/www.demusculos.com\/web\/producto\/remera-oversize-black-mour-verde-militar-gladiator\/#primaryimage","url":"https:\/\/www.demusculos.com\/web\/wp-content\/uploads\/2025\/03\/remera-oversize-black-mour-gladiator-01.jpg","contentUrl":"https:\/\/www.demusculos.com\/web\/wp-content\/uploads\/2025\/03\/remera-oversize-black-mour-gladiator-01.jpg","width":1200,"height":1200,"caption":"Remera Oversize Black-Mour Gladiator"},{"@type":"BreadcrumbList","@id":"https:\/\/www.demusculos.com\/web\/producto\/remera-oversize-black-mour-verde-militar-gladiator\/#breadcrumb","itemListElement":[{"@type":"ListItem","position":1,"name":"Inicio","item":"https:\/\/www.demusculos.com\/web\/"},{"@type":"ListItem","position":2,"name":"Suplementos","item":"https:\/\/www.demusculos.com\/web\/tienda\/"},{"@type":"ListItem","position":3,"name":"Remera Oversize Black-Mour Verde Militar Gladiator"}]},{"@type":"WebSite","@id":"https:\/\/www.demusculos.com\/web\/#website","url":"https:\/\/www.demusculos.com\/web\/","name":"DeMusculos.com","description":"Suplementos Naturales","publisher":{"@id":"https:\/\/www.demusculos.com\/web\/#organization"},"alternateName":"Suplementos Naturales","potentialAction":[{"@type":"SearchAction","target":{"@type":"EntryPoint","urlTemplate":"https:\/\/www.demusculos.com\/web\/?s={search_term_string}"},"query-input":{"@type":"PropertyValueSpecification","valueRequired":true,"valueName":"search_term_string"}}],"inLanguage":"es"},{"@type":"Organization","@id":"https:\/\/www.demusculos.com\/web\/#organization","name":"DeMusculos.com","alternateName":"DeMusculos","url":"https:\/\/www.demusculos.com\/web\/","logo":{"@type":"ImageObject","inLanguage":"es","@id":"https:\/\/www.demusculos.com\/web\/#\/schema\/logo\/image\/","url":"https:\/\/www.demusculos.com\/web\/wp-content\/uploads\/2024\/02\/logo-demusculos-prestashop-usuario.png","contentUrl":"https:\/\/www.demusculos.com\/web\/wp-content\/uploads\/2024\/02\/logo-demusculos-prestashop-usuario.png","width":150,"height":150,"caption":"DeMusculos.com"},"image":{"@id":"https:\/\/www.demusculos.com\/web\/#\/schema\/logo\/image\/"},"sameAs":["https:\/\/www.facebook.com\/demusculos","https:\/\/x.com\/demusculos","https:\/\/www.instagram.com\/demusculos","https:\/\/www.tiktok.com\/@demusculos.com"]}]}},"_links":{"self":[{"href":"https:\/\/www.demusculos.com\/web\/wp-json\/wp\/v2\/product\/9637","targetHints":{"allow":["GET"]}}],"collection":[{"href":"https:\/\/www.demusculos.com\/web\/wp-json\/wp\/v2\/product"}],"about":[{"href":"https:\/\/www.demusculos.com\/web\/wp-json\/wp\/v2\/types\/product"}],"replies":[{"embeddable":true,"href":"https:\/\/www.demusculos.com\/web\/wp-json\/wp\/v2\/comments?post=9637"}],"wp:featuredmedia":[{"embeddable":true,"href":"https:\/\/www.demusculos.com\/web\/wp-json\/wp\/v2\/media\/9641"}],"wp:attachment":[{"href":"https:\/\/www.demusculos.com\/web\/wp-json\/wp\/v2\/media?parent=9637"}],"wp:term":[{"taxonomy":"product_brand","embeddable":true,"href":"https:\/\/www.demusculos.com\/web\/wp-json\/wp\/v2\/product_brand?post=9637"},{"taxonomy":"product_cat","embeddable":true,"href":"https:\/\/www.demusculos.com\/web\/wp-json\/wp\/v2\/product_cat?post=9637"},{"taxonomy":"product_tag","embeddable":true,"href":"https:\/\/www.demusculos.com\/web\/wp-json\/wp\/v2\/product_tag?post=9637"}],"curies":[{"name":"wp","href":"https:\/\/api.w.org\/{rel}","templated":true}]}}